{"id":14835,"date":"2024-05-30T07:11:33","date_gmt":"2024-05-30T07:11:33","guid":{"rendered":"https:\/\/321.optimum.lv\/product\/eteriska-ella-peppermint-premium-piperita-mentha-10ml\/"},"modified":"2025-04-15T08:57:21","modified_gmt":"2025-04-15T08:57:21","slug":"eteriska-ella-peppermint-premium-piperita-mentha-10ml","status":"publish","type":"product","link":"https:\/\/naturalsoap.lv\/ru\/shop\/essential-oils\/eteriska-ella-peppermint-premium-piperita-mentha-10ml\/","title":{"rendered":"\u042d\u0444\u0438\u0440\u043d\u043e\u0435 \u043c\u0430\u0441\u043b\u043e PEPPERMINT PREMIUM (PIPERITA MENTHA), 10ml"},"content":{"rendered":"<p>\u042d\u0444\u0438\u0440\u043d\u043e\u0435 \u043c\u0430\u0441\u043b\u043e \u043c\u044f\u0442\u044b \u043f\u0435\u0440\u0435\u0447\u043d\u043e\u0439 \u2014 <em>Mentha piperita<\/em><\/p>\n<p>\u0421\u0442\u0440\u0430\u043d\u0430 \u043f\u0440\u043e\u0438\u0441\u0445\u043e\u0436\u0434\u0435\u043d\u0438\u044f: \u0412\u0435\u043b\u0438\u043a\u043e\u0431\u0440\u0438\u0442\u0430\u043d\u0438\u044f<\/p>\n<p>\u041c\u0435\u0442\u043e\u0434 \u044d\u043a\u0441\u0442\u0440\u0430\u043a\u0446\u0438\u0438: \u043f\u0435\u0440\u0435\u0433\u043e\u043d\u043a\u0430 \u0441 \u0432\u043e\u0434\u044f\u043d\u044b\u043c \u043f\u0430\u0440\u043e\u043c<\/p>\n<p>\u041f\u043e 10 \u043c\u043b \u0432\u043e \u0444\u043b\u0430\u043a\u043e\u043d\u0435 \u0438\u0437 \u0442\u0435\u043c\u043d\u043e\u0433\u043e \u0441\u0442\u0435\u043a\u043b\u0430 \u0441 \u0434\u043e\u0437\u0430\u0442\u043e\u0440\u043e\u043c<\/p>\n<p>\u042d\u0444\u0438\u0440\u043d\u043e\u0435 \u043c\u0430\u0441\u043b\u043e \u043c\u044f\u0442\u044b \u043f\u0435\u0440\u0435\u0447\u043d\u043e\u0439 \u0438\u043c\u0435\u0435\u0442 \u0441\u0432\u0435\u0436\u0438\u0439, \u043f\u0440\u043e\u0445\u043b\u0430\u0434\u043d\u044b\u0439 \u0430\u0440\u043e\u043c\u0430\u0442 \u0438 \u0443\u0441\u043f\u043e\u043a\u0430\u0438\u0432\u0430\u044e\u0449\u0438\u0439 \u044d\u0444\u0444\u0435\u043a\u0442<\/p>\n<p>&#8212;&#8212;&#8212;&#8212;&#8212;&#8212;&#8212;&#8212;&#8212;&#8212;&#8212;<\/p>\n<p>PEPPERMINT OIL (MENTHA PIPERITA)<\/p>\n<p>EUH208 Contains\/ L-Menthol, trans-menthone,1, 8 cineole, 1-Menthylacetate(1alpha,2beta,5alpha)<\/p>\n<p>MAY CAUSE AN ALLERGIC REACTION!<\/p>\n<p>EUH210 Safety data sheet available upon request.<\/p>\n<p>DANGER! <img decoding=\"async\" class=\"alignnone wp-image-16273\" src=\"https:\/\/naturalsoap.lv\/wp-content\/uploads\/2025\/04\/image9-300x300.png\" alt=\"\" width=\"55\" height=\"55\" srcset=\"https:\/\/naturalsoap.lv\/wp-content\/uploads\/2025\/04\/image9-300x300.png 300w, https:\/\/naturalsoap.lv\/wp-content\/uploads\/2025\/04\/image9-100x100.png 100w, https:\/\/naturalsoap.lv\/wp-content\/uploads\/2025\/04\/image9-600x600.png 600w, https:\/\/naturalsoap.lv\/wp-content\/uploads\/2025\/04\/image9-400x400.png 400w, https:\/\/naturalsoap.lv\/wp-content\/uploads\/2025\/04\/image9-768x768.png 768w, https:\/\/naturalsoap.lv\/wp-content\/uploads\/2025\/04\/image9.png 1017w\" sizes=\"(max-width: 55px) 100vw, 55px\" \/>\u00a0Net: 10 ml<\/p>\n<p>H317: May cause an allergic skin reaction.<br \/>\nP302+P352: IF ON SKIN, wash with plenty of soap and water. P333+313: If skin irritation or rash occurs: Get medical advice\/attention. P321: Specific treatment (see medical advice on this label). P362+P364: Take off contaminated clothing and wash it before reuse.<\/p>\n<p>People with known fragrance allergies should use caution when handling this product.<\/p>\n<p>SIA GARTDA, Alejas iela 73, Daugavpils, LV-5401, Latvija t. +371 65420849, www.naturalsoap.lv, info@gartda.lv<\/p>","protected":false},"excerpt":{"rendered":"<p>INCI: <em>Mentha piperita<\/em><\/p>\n","protected":false},"featured_media":14836,"template":"","meta":[],"product_brand":[],"product_cat":[502],"product_tag":[],"class_list":{"0":"post-14835","1":"product","2":"type-product","3":"status-publish","4":"has-post-thumbnail","6":"product_cat-essential-oils","7":"pa_box-bez-davanu-kastites","8":"pa_box-davanu-kastite","10":"first","11":"instock","12":"taxable","13":"shipping-taxable","14":"purchasable","15":"product-type-variable"},"yoast_head":"<!-- This site is optimized with the Yoast SEO Premium plugin v22.6 (Yoast SEO v27.3) - https:\/\/yoast.com\/product\/yoast-seo-premium-wordpress\/ -->\n<title>\u042d\u0444\u0438\u0440\u043d\u043e\u0435 \u043c\u0430\u0441\u043b\u043e PEPPERMINT PREMIUM (PIPERITA MENTHA), 10ml - NATURAL SOAP<\/title>\n<meta name=\"description\" content=\"Essential oil PEPPERMINT PREMIUM. Peppermint essential oil has a fresh, cool aroma and a calming effect. Pure essential oil.\" \/>\n<meta name=\"robots\" content=\"index, follow, max-snippet:-1, max-image-preview:large, max-video-preview:-1\" \/>\n<link rel=\"canonical\" href=\"https:\/\/naturalsoap.lv\/ru\/shop\/essential-oils\/eteriska-ella-peppermint-premium-piperita-mentha-10ml\/\" \/>\n<meta property=\"og:locale\" content=\"ru_RU\" \/>\n<meta property=\"og:type\" content=\"article\" \/>\n<meta property=\"og:title\" content=\"[:lv]\u0112terisk\u0101 e\u013c\u013ca PEPPERMINT PREMIUM (PIPERITA MENTHA), 10ml[:en]Essential oil PEPPERMINT PREMIUM (PIPERITA MENTHA), 10ml[:de]\u00c4therisches \u00d6l PEPPERMINT PREMIUM (PIPERITA MENTHA), 10ml[:ru]\u042d\u0444\u0438\u0440\u043d\u043e\u0435 \u043c\u0430\u0441\u043b\u043e PEPPERMINT PREMIUM (PIPERITA MENTHA), 10ml[:]\" \/>\n<meta property=\"og:description\" content=\"Essential oil PEPPERMINT PREMIUM. Peppermint essential oil has a fresh, cool aroma and a calming effect. Pure essential oil.\" \/>\n<meta property=\"og:url\" content=\"https:\/\/naturalsoap.lv\/ru\/shop\/essential-oils\/eteriska-ella-peppermint-premium-piperita-mentha-10ml\/\" \/>\n<meta property=\"og:site_name\" content=\"NATURAL SOAP\" \/>\n<meta property=\"article:modified_time\" content=\"2025-04-15T08:57:21+00:00\" \/>\n<meta property=\"og:image\" content=\"https:\/\/naturalsoap.lv\/wp-content\/uploads\/2024\/05\/Peppermint_1-e1730200524268.jpg\" \/>\n\t<meta property=\"og:image:width\" content=\"900\" \/>\n\t<meta property=\"og:image:height\" content=\"966\" \/>\n\t<meta property=\"og:image:type\" content=\"image\/jpeg\" \/>\n<meta name=\"twitter:card\" content=\"summary_large_image\" \/>\n<meta name=\"twitter:label1\" content=\"\u041f\u0440\u0438\u043c\u0435\u0440\u043d\u043e\u0435 \u0432\u0440\u0435\u043c\u044f \u0434\u043b\u044f \u0447\u0442\u0435\u043d\u0438\u044f\" \/>\n\t<meta name=\"twitter:data1\" content=\"2 \u043c\u0438\u043d\u0443\u0442\u044b\" \/>\n<script type=\"application\/ld+json\" class=\"yoast-schema-graph\">{\"@context\":\"https:\\\/\\\/schema.org\",\"@graph\":[{\"@type\":\"WebPage\",\"@id\":\"https:\\\/\\\/naturalsoap.lv\\\/ru\\\/shop\\\/essential-oils\\\/eteriska-ella-peppermint-premium-piperita-mentha-10ml\\\/\",\"url\":\"https:\\\/\\\/naturalsoap.lv\\\/ru\\\/shop\\\/essential-oils\\\/eteriska-ella-peppermint-premium-piperita-mentha-10ml\\\/\",\"name\":\"[:lv]\u0112terisk\u0101 e\u013c\u013ca PEPPERMINT PREMIUM (PIPERITA MENTHA), 10ml[:en]Essential oil PEPPERMINT PREMIUM (PIPERITA MENTHA), 10ml[:de]\u00c4therisches \u00d6l PEPPERMINT PREMIUM (PIPERITA MENTHA), 10ml[:ru]\u042d\u0444\u0438\u0440\u043d\u043e\u0435 \u043c\u0430\u0441\u043b\u043e PEPPERMINT PREMIUM (PIPERITA MENTHA), 10ml[:] - NATURAL SOAP\",\"isPartOf\":{\"@id\":\"https:\\\/\\\/naturalsoap.lv\\\/en\\\/#website\"},\"primaryImageOfPage\":{\"@id\":\"https:\\\/\\\/naturalsoap.lv\\\/ru\\\/shop\\\/essential-oils\\\/eteriska-ella-peppermint-premium-piperita-mentha-10ml\\\/#primaryimage\"},\"image\":{\"@id\":\"https:\\\/\\\/naturalsoap.lv\\\/ru\\\/shop\\\/essential-oils\\\/eteriska-ella-peppermint-premium-piperita-mentha-10ml\\\/#primaryimage\"},\"thumbnailUrl\":\"https:\\\/\\\/naturalsoap.lv\\\/wp-content\\\/uploads\\\/2024\\\/05\\\/Peppermint_1-e1730200524268.jpg\",\"datePublished\":\"2024-05-30T07:11:33+00:00\",\"dateModified\":\"2025-04-15T08:57:21+00:00\",\"description\":\"Essential oil PEPPERMINT PREMIUM. Peppermint essential oil has a fresh, cool aroma and a calming effect. Pure essential oil.\",\"breadcrumb\":{\"@id\":\"https:\\\/\\\/naturalsoap.lv\\\/ru\\\/shop\\\/essential-oils\\\/eteriska-ella-peppermint-premium-piperita-mentha-10ml\\\/#breadcrumb\"},\"inLanguage\":\"ru-RU\",\"potentialAction\":[{\"@type\":\"ReadAction\",\"target\":[\"https:\\\/\\\/naturalsoap.lv\\\/ru\\\/shop\\\/essential-oils\\\/eteriska-ella-peppermint-premium-piperita-mentha-10ml\\\/\"]}]},{\"@type\":\"ImageObject\",\"inLanguage\":\"ru-RU\",\"@id\":\"https:\\\/\\\/naturalsoap.lv\\\/ru\\\/shop\\\/essential-oils\\\/eteriska-ella-peppermint-premium-piperita-mentha-10ml\\\/#primaryimage\",\"url\":\"https:\\\/\\\/naturalsoap.lv\\\/wp-content\\\/uploads\\\/2024\\\/05\\\/Peppermint_1-e1730200524268.jpg\",\"contentUrl\":\"https:\\\/\\\/naturalsoap.lv\\\/wp-content\\\/uploads\\\/2024\\\/05\\\/Peppermint_1-e1730200524268.jpg\",\"width\":900,\"height\":966,\"caption\":\"Essential oil PEPPERMINT PREMIUM (PIPERITA MENTHA), 10ml\"},{\"@type\":\"BreadcrumbList\",\"@id\":\"https:\\\/\\\/naturalsoap.lv\\\/ru\\\/shop\\\/essential-oils\\\/eteriska-ella-peppermint-premium-piperita-mentha-10ml\\\/#breadcrumb\",\"itemListElement\":[{\"@type\":\"ListItem\",\"position\":1,\"name\":\"Home\",\"item\":\"https:\\\/\\\/naturalsoap.lv\\\/en\\\/\"},{\"@type\":\"ListItem\",\"position\":2,\"name\":\"Shop\",\"item\":\"https:\\\/\\\/naturalsoap.lv\\\/en\\\/shop\\\/\"},{\"@type\":\"ListItem\",\"position\":3,\"name\":\"\u042d\u0444\u0438\u0440\u043d\u043e\u0435 \u043c\u0430\u0441\u043b\u043e PEPPERMINT PREMIUM (PIPERITA MENTHA), 10ml\"}]},{\"@type\":\"WebSite\",\"@id\":\"https:\\\/\\\/naturalsoap.lv\\\/en\\\/#website\",\"url\":\"https:\\\/\\\/naturalsoap.lv\\\/en\\\/\",\"name\":\"NATURAL SOAP\",\"description\":\"\u041a\u043e\u0441\u043c\u0435\u0442\u0438\u043a\u0430 \u0434\u043b\u044f \u0432\u0430\u043d\u043d\u044b \u0438 \u0434\u0443\u0448\u0430 \u0440\u0443\u0447\u043d\u043e\u0439 \u0440\u0430\u0431\u043e\u0442\u044b.\",\"publisher\":{\"@id\":\"https:\\\/\\\/naturalsoap.lv\\\/en\\\/#organization\"},\"potentialAction\":[{\"@type\":\"SearchAction\",\"target\":{\"@type\":\"EntryPoint\",\"urlTemplate\":\"https:\\\/\\\/naturalsoap.lv\\\/en\\\/?s={search_term_string}\"},\"query-input\":{\"@type\":\"PropertyValueSpecification\",\"valueRequired\":true,\"valueName\":\"search_term_string\"}}],\"inLanguage\":\"ru-RU\"},{\"@type\":\"Organization\",\"@id\":\"https:\\\/\\\/naturalsoap.lv\\\/en\\\/#organization\",\"name\":\"NATURAL SOAP\",\"url\":\"https:\\\/\\\/naturalsoap.lv\\\/en\\\/\",\"logo\":{\"@type\":\"ImageObject\",\"inLanguage\":\"ru-RU\",\"@id\":\"https:\\\/\\\/naturalsoap.lv\\\/en\\\/#\\\/schema\\\/logo\\\/image\\\/\",\"url\":\"https:\\\/\\\/naturalsoap.lv\\\/wp-content\\\/uploads\\\/2024\\\/05\\\/Logo.svg\",\"contentUrl\":\"https:\\\/\\\/naturalsoap.lv\\\/wp-content\\\/uploads\\\/2024\\\/05\\\/Logo.svg\",\"width\":125,\"height\":34,\"caption\":\"NATURAL SOAP\"},\"image\":{\"@id\":\"https:\\\/\\\/naturalsoap.lv\\\/en\\\/#\\\/schema\\\/logo\\\/image\\\/\"}}]}<\/script>\n<!-- \/ Yoast SEO Premium plugin. -->","yoast_head_json":{"title":"[:lv]\u0112terisk\u0101 e\u013c\u013ca PEPPERMINT PREMIUM (PIPERITA MENTHA), 10ml[:en]Essential oil PEPPERMINT PREMIUM (PIPERITA MENTHA), 10ml[:de]\u00c4therisches \u00d6l PEPPERMINT PREMIUM (PIPERITA MENTHA), 10ml[:ru]\u042d\u0444\u0438\u0440\u043d\u043e\u0435 \u043c\u0430\u0441\u043b\u043e PEPPERMINT PREMIUM (PIPERITA MENTHA), 10ml[:] - NATURAL SOAP","description":"Essential oil PEPPERMINT PREMIUM. Peppermint essential oil has a fresh, cool aroma and a calming effect. Pure essential oil.","robots":{"index":"index","follow":"follow","max-snippet":"max-snippet:-1","max-image-preview":"max-image-preview:large","max-video-preview":"max-video-preview:-1"},"canonical":"https:\/\/naturalsoap.lv\/ru\/shop\/essential-oils\/eteriska-ella-peppermint-premium-piperita-mentha-10ml\/","og_locale":"ru_RU","og_type":"article","og_title":"[:lv]\u0112terisk\u0101 e\u013c\u013ca PEPPERMINT PREMIUM (PIPERITA MENTHA), 10ml[:en]Essential oil PEPPERMINT PREMIUM (PIPERITA MENTHA), 10ml[:de]\u00c4therisches \u00d6l PEPPERMINT PREMIUM (PIPERITA MENTHA), 10ml[:ru]\u042d\u0444\u0438\u0440\u043d\u043e\u0435 \u043c\u0430\u0441\u043b\u043e PEPPERMINT PREMIUM (PIPERITA MENTHA), 10ml[:]","og_description":"Essential oil PEPPERMINT PREMIUM. Peppermint essential oil has a fresh, cool aroma and a calming effect. Pure essential oil.","og_url":"https:\/\/naturalsoap.lv\/ru\/shop\/essential-oils\/eteriska-ella-peppermint-premium-piperita-mentha-10ml\/","og_site_name":"NATURAL SOAP","article_modified_time":"2025-04-15T08:57:21+00:00","og_image":[{"width":900,"height":966,"url":"https:\/\/naturalsoap.lv\/wp-content\/uploads\/2024\/05\/Peppermint_1-e1730200524268.jpg","type":"image\/jpeg"}],"twitter_card":"summary_large_image","twitter_misc":{"\u041f\u0440\u0438\u043c\u0435\u0440\u043d\u043e\u0435 \u0432\u0440\u0435\u043c\u044f \u0434\u043b\u044f \u0447\u0442\u0435\u043d\u0438\u044f":"2 \u043c\u0438\u043d\u0443\u0442\u044b"},"schema":{"@context":"https:\/\/schema.org","@graph":[{"@type":"WebPage","@id":"https:\/\/naturalsoap.lv\/ru\/shop\/essential-oils\/eteriska-ella-peppermint-premium-piperita-mentha-10ml\/","url":"https:\/\/naturalsoap.lv\/ru\/shop\/essential-oils\/eteriska-ella-peppermint-premium-piperita-mentha-10ml\/","name":"[:lv]\u0112terisk\u0101 e\u013c\u013ca PEPPERMINT PREMIUM (PIPERITA MENTHA), 10ml[:en]Essential oil PEPPERMINT PREMIUM (PIPERITA MENTHA), 10ml[:de]\u00c4therisches \u00d6l PEPPERMINT PREMIUM (PIPERITA MENTHA), 10ml[:ru]\u042d\u0444\u0438\u0440\u043d\u043e\u0435 \u043c\u0430\u0441\u043b\u043e PEPPERMINT PREMIUM (PIPERITA MENTHA), 10ml[:] - NATURAL SOAP","isPartOf":{"@id":"https:\/\/naturalsoap.lv\/en\/#website"},"primaryImageOfPage":{"@id":"https:\/\/naturalsoap.lv\/ru\/shop\/essential-oils\/eteriska-ella-peppermint-premium-piperita-mentha-10ml\/#primaryimage"},"image":{"@id":"https:\/\/naturalsoap.lv\/ru\/shop\/essential-oils\/eteriska-ella-peppermint-premium-piperita-mentha-10ml\/#primaryimage"},"thumbnailUrl":"https:\/\/naturalsoap.lv\/wp-content\/uploads\/2024\/05\/Peppermint_1-e1730200524268.jpg","datePublished":"2024-05-30T07:11:33+00:00","dateModified":"2025-04-15T08:57:21+00:00","description":"Essential oil PEPPERMINT PREMIUM. Peppermint essential oil has a fresh, cool aroma and a calming effect. Pure essential oil.","breadcrumb":{"@id":"https:\/\/naturalsoap.lv\/ru\/shop\/essential-oils\/eteriska-ella-peppermint-premium-piperita-mentha-10ml\/#breadcrumb"},"inLanguage":"ru-RU","potentialAction":[{"@type":"ReadAction","target":["https:\/\/naturalsoap.lv\/ru\/shop\/essential-oils\/eteriska-ella-peppermint-premium-piperita-mentha-10ml\/"]}]},{"@type":"ImageObject","inLanguage":"ru-RU","@id":"https:\/\/naturalsoap.lv\/ru\/shop\/essential-oils\/eteriska-ella-peppermint-premium-piperita-mentha-10ml\/#primaryimage","url":"https:\/\/naturalsoap.lv\/wp-content\/uploads\/2024\/05\/Peppermint_1-e1730200524268.jpg","contentUrl":"https:\/\/naturalsoap.lv\/wp-content\/uploads\/2024\/05\/Peppermint_1-e1730200524268.jpg","width":900,"height":966,"caption":"Essential oil PEPPERMINT PREMIUM (PIPERITA MENTHA), 10ml"},{"@type":"BreadcrumbList","@id":"https:\/\/naturalsoap.lv\/ru\/shop\/essential-oils\/eteriska-ella-peppermint-premium-piperita-mentha-10ml\/#breadcrumb","itemListElement":[{"@type":"ListItem","position":1,"name":"Home","item":"https:\/\/naturalsoap.lv\/en\/"},{"@type":"ListItem","position":2,"name":"Shop","item":"https:\/\/naturalsoap.lv\/en\/shop\/"},{"@type":"ListItem","position":3,"name":"\u042d\u0444\u0438\u0440\u043d\u043e\u0435 \u043c\u0430\u0441\u043b\u043e PEPPERMINT PREMIUM (PIPERITA MENTHA), 10ml"}]},{"@type":"WebSite","@id":"https:\/\/naturalsoap.lv\/en\/#website","url":"https:\/\/naturalsoap.lv\/en\/","name":"NATURAL SOAP","description":"\u041a\u043e\u0441\u043c\u0435\u0442\u0438\u043a\u0430 \u0434\u043b\u044f \u0432\u0430\u043d\u043d\u044b \u0438 \u0434\u0443\u0448\u0430 \u0440\u0443\u0447\u043d\u043e\u0439 \u0440\u0430\u0431\u043e\u0442\u044b.","publisher":{"@id":"https:\/\/naturalsoap.lv\/en\/#organization"},"potentialAction":[{"@type":"SearchAction","target":{"@type":"EntryPoint","urlTemplate":"https:\/\/naturalsoap.lv\/en\/?s={search_term_string}"},"query-input":{"@type":"PropertyValueSpecification","valueRequired":true,"valueName":"search_term_string"}}],"inLanguage":"ru-RU"},{"@type":"Organization","@id":"https:\/\/naturalsoap.lv\/en\/#organization","name":"NATURAL SOAP","url":"https:\/\/naturalsoap.lv\/en\/","logo":{"@type":"ImageObject","inLanguage":"ru-RU","@id":"https:\/\/naturalsoap.lv\/en\/#\/schema\/logo\/image\/","url":"https:\/\/naturalsoap.lv\/wp-content\/uploads\/2024\/05\/Logo.svg","contentUrl":"https:\/\/naturalsoap.lv\/wp-content\/uploads\/2024\/05\/Logo.svg","width":125,"height":34,"caption":"NATURAL SOAP"},"image":{"@id":"https:\/\/naturalsoap.lv\/en\/#\/schema\/logo\/image\/"}}]}},"_links":{"self":[{"href":"https:\/\/naturalsoap.lv\/ru\/wp-json\/wp\/v2\/product\/14835","targetHints":{"allow":["GET"]}}],"collection":[{"href":"https:\/\/naturalsoap.lv\/ru\/wp-json\/wp\/v2\/product"}],"about":[{"href":"https:\/\/naturalsoap.lv\/ru\/wp-json\/wp\/v2\/types\/product"}],"wp:featuredmedia":[{"embeddable":true,"href":"https:\/\/naturalsoap.lv\/ru\/wp-json\/wp\/v2\/media\/14836"}],"wp:attachment":[{"href":"https:\/\/naturalsoap.lv\/ru\/wp-json\/wp\/v2\/media?parent=14835"}],"wp:term":[{"taxonomy":"product_brand","embeddable":true,"href":"https:\/\/naturalsoap.lv\/ru\/wp-json\/wp\/v2\/product_brand?post=14835"},{"taxonomy":"product_cat","embeddable":true,"href":"https:\/\/naturalsoap.lv\/ru\/wp-json\/wp\/v2\/product_cat?post=14835"},{"taxonomy":"product_tag","embeddable":true,"href":"https:\/\/naturalsoap.lv\/ru\/wp-json\/wp\/v2\/product_tag?post=14835"}],"curies":[{"name":"wp","href":"https:\/\/api.w.org\/{rel}","templated":true}]}}