{"id":14600,"date":"2024-05-30T06:59:15","date_gmt":"2024-05-30T06:59:15","guid":{"rendered":"https:\/\/321.optimum.lv\/product\/creamy-body-scrub-with-sweet-almond-oil-honey-amp-sugar-200ml-2\/"},"modified":"2025-04-15T10:40:32","modified_gmt":"2025-04-15T10:40:32","slug":"creamy-body-scrub-with-sweet-almond-oil-honey-amp-sugar-200ml-2","status":"publish","type":"product","link":"https:\/\/naturalsoap.lv\/ru\/shop\/scrubs\/creamy-body-scrub-with-sweet-almond-oil-honey-amp-sugar-200ml-2\/","title":{"rendered":"\u041a\u0420\u0415\u041c\u041e\u041e\u0411\u0420\u0410\u0417\u041d\u042b\u0419 \u0421\u0410\u0425\u0410\u0420\u041d\u042b\u0419 \u0421\u041a\u0420\u0410\u0411 \u0414\u041b\u042f \u0422\u0415\u041b\u0410 \u0441 \u043c\u0430\u0441\u043b\u043e\u043c \u043c\u0438\u043d\u0434\u0430\u043b\u044f \u0438 \u043c\u0435\u0434\u043e\u043c, 200\u043c\u043b"},"content":{"rendered":"<p>\u041f\u0440\u0438\u044f\u0442\u043d\u044b\u0439 \u043f\u043e \u043a\u043e\u043d\u0441\u0438\u0441\u0442\u0435\u043d\u0446\u0438\u0438 \u043a\u0440\u0435\u043c\u043e\u043e\u0431\u0440\u0430\u0437\u043d\u044b\u0439 \u0441\u0430\u0445\u0430\u0440\u043d\u044b\u0439 \u0441\u043a\u0440\u0430\u0431 \u0441\u043e\u0434\u0435\u0440\u0436\u0438\u0442 \u043a\u043e\u0441\u043c\u0435\u0442\u0438\u0447\u0435\u0441\u043a\u043e\u0435 \u043c\u0430\u0441\u043b\u043e \u0441\u043b\u0430\u0434\u043a\u043e\u0433\u043e \u043c\u0438\u043d\u0434\u0430\u043b\u044f \u0438 \u043d\u0430\u0442\u0443\u0440\u0430\u043b\u044c\u043d\u044b\u0439 \u043f\u0447\u0435\u043b\u0438\u043d\u044b\u0439 \u043c\u0435\u0434. \u0423\u0434\u0430\u043b\u044f\u0435\u0442 \u043d\u0435 \u0442\u043e\u043b\u044c\u043a\u043e \u043e\u0442\u043c\u0435\u0440\u0448\u0438\u0435 \u043a\u043b\u0435\u0442\u043a\u0438 \u043a\u043e\u0436\u0438, \u043d\u043e \u0438 \u043f\u043e\u043c\u043e\u0433\u0430\u0435\u0442 \u0432\u044b\u0440\u043e\u0432\u043d\u044f\u0442\u044c \u0435\u0435 \u0440\u0435\u043b\u044c\u0435\u0444, \u043f\u0440\u0438\u0434\u0430\u0435\u0442 \u0433\u043b\u044f\u043d\u0446\u0435\u0432\u0443\u044e \u0433\u043b\u0430\u0434\u043a\u043e\u0441\u0442\u044c, \u0441\u0438\u044f\u043d\u0438\u0435 \u0438 \u0437\u0434\u043e\u0440\u043e\u0432\u044b\u0439 \u0432\u0438\u0434. \u0423\u0432\u043b\u0430\u0436\u043d\u044f\u0435\u0442, \u043f\u0438\u0442\u0430\u0435\u0442, \u0432\u043e\u0441\u0441\u0442\u0430\u043d\u0430\u0432\u043b\u0438\u0432\u0430\u0435\u0442 \u043a\u043e\u0436\u0443, \u043d\u0435 \u043e\u0441\u0442\u0430\u0432\u043b\u044f\u044f \u043d\u0430 \u043d\u0435\u0439 \u043c\u0430\u0441\u043b\u044f\u043d\u0443\u044e \u043f\u043b\u0435\u043d\u043a\u0443.<\/p>\n<p>\u041d\u0435 \u0441\u043e\u0434\u0435\u0440\u0436\u0438\u0442 \u0441\u0443\u043b\u044c\u0444\u0430\u0442\u043e\u0432, \u043f\u0430\u0440\u0430\u0431\u0435\u043d\u043e\u0432 \u0438 \u0441\u0438\u043d\u0442\u0435\u0442\u0438\u0447\u0435\u0441\u043a\u0438\u0445 \u0434\u043e\u0431\u0430\u0432\u043e\u043a.<\/p>","protected":false},"excerpt":{"rendered":"<p>INCI: Sucrose, Glycerin, Prunus Amygdalys Dulcis Oil, Mel, Aqua, Sodium Cocoyl Isethionate, Sorbitol, Parfum, Disodium Lauryl Sulfosuccinate, Sodium Chloride, Phenoxyethanol, Tetrasodium EDTA<\/p>\n<p>Manufacturer: SIA GARTDA, Alejas street 73, Daugavpils, LV-5401, Latvia, T. +371 65420849, <a href=\"mailto:info@gartda.lv\">info@gartda.lv<\/a><\/p>\n","protected":false},"featured_media":14601,"template":"","meta":[],"product_brand":[],"product_cat":[494],"product_tag":[],"class_list":{"0":"post-14600","1":"product","2":"type-product","3":"status-publish","4":"has-post-thumbnail","6":"product_cat-scrubs","7":"pa_gift-box-no-gift-box","8":"pa_gift-box-gift-box","10":"first","11":"instock","12":"taxable","13":"shipping-taxable","14":"purchasable","15":"product-type-simple"},"yoast_head":"<!-- This site is optimized with the Yoast SEO Premium plugin v22.6 (Yoast SEO v27.3) - https:\/\/yoast.com\/product\/yoast-seo-premium-wordpress\/ -->\n<title>\u041a\u0420\u0415\u041c\u041e\u041e\u0411\u0420\u0410\u0417\u041d\u042b\u0419 \u0421\u0410\u0425\u0410\u0420\u041d\u042b\u0419 \u0421\u041a\u0420\u0410\u0411 \u0414\u041b\u042f \u0422\u0415\u041b\u0410 \u0441 \u043c\u0430\u0441\u043b\u043e\u043c \u043c\u0438\u043d\u0434\u0430\u043b\u044f \u0438 \u043c\u0435\u0434\u043e\u043c, 200\u043c\u043b - NATURAL SOAP<\/title>\n<meta name=\"description\" content=\"Creamy sugar scrub. Nourishing, moisturizing and softening the skin. mproves blood circulation and invigorates metabolism in the skin.\" \/>\n<meta name=\"robots\" content=\"index, follow, max-snippet:-1, max-image-preview:large, max-video-preview:-1\" \/>\n<link rel=\"canonical\" href=\"https:\/\/naturalsoap.lv\/ru\/shop\/scrubs\/creamy-body-scrub-with-sweet-almond-oil-honey-amp-sugar-200ml-2\/\" \/>\n<meta property=\"og:locale\" content=\"ru_RU\" \/>\n<meta property=\"og:type\" content=\"article\" \/>\n<meta property=\"og:title\" content=\"[:lv]KR\u0112MVEIDA \u0136ERME\u0145A CUKURA SKRUBIS ar saldo mande\u013cu e\u013c\u013cu un medu, 200ml[:en]CREAMY BODY SCRUB with sweet almond oil, honey &amp; sugar, 200ml[:de]CREAMISCHES K\u00d6RPERPEELING mit s\u00fc\u00dfem Mandel\u00f6l, Honig und Zucker, 200ml[:ru]\u041a\u0420\u0415\u041c\u041e\u041e\u0411\u0420\u0410\u0417\u041d\u042b\u0419 \u0421\u0410\u0425\u0410\u0420\u041d\u042b\u0419 \u0421\u041a\u0420\u0410\u0411 \u0414\u041b\u042f \u0422\u0415\u041b\u0410 \u0441 \u043c\u0430\u0441\u043b\u043e\u043c \u043c\u0438\u043d\u0434\u0430\u043b\u044f \u0438 \u043c\u0435\u0434\u043e\u043c, 200\u043c\u043b[:]\" \/>\n<meta property=\"og:description\" content=\"Creamy sugar scrub. Nourishing, moisturizing and softening the skin. mproves blood circulation and invigorates metabolism in the skin.\" \/>\n<meta property=\"og:url\" content=\"https:\/\/naturalsoap.lv\/ru\/shop\/scrubs\/creamy-body-scrub-with-sweet-almond-oil-honey-amp-sugar-200ml-2\/\" \/>\n<meta property=\"og:site_name\" content=\"NATURAL SOAP\" \/>\n<meta property=\"article:modified_time\" content=\"2025-04-15T10:40:32+00:00\" \/>\n<meta property=\"og:image\" content=\"https:\/\/naturalsoap.lv\/wp-content\/uploads\/2024\/05\/b2bd94ca492c64b621a5fada3f87edc0_1692088960-e1730204579573.jpeg\" \/>\n\t<meta property=\"og:image:width\" content=\"900\" \/>\n\t<meta property=\"og:image:height\" content=\"577\" \/>\n\t<meta property=\"og:image:type\" content=\"image\/jpeg\" \/>\n<meta name=\"twitter:card\" content=\"summary_large_image\" \/>\n<meta name=\"twitter:label1\" content=\"\u041f\u0440\u0438\u043c\u0435\u0440\u043d\u043e\u0435 \u0432\u0440\u0435\u043c\u044f \u0434\u043b\u044f \u0447\u0442\u0435\u043d\u0438\u044f\" \/>\n\t<meta name=\"twitter:data1\" content=\"1 \u043c\u0438\u043d\u0443\u0442\u0430\" \/>\n<script type=\"application\/ld+json\" class=\"yoast-schema-graph\">{\"@context\":\"https:\\\/\\\/schema.org\",\"@graph\":[{\"@type\":\"WebPage\",\"@id\":\"https:\\\/\\\/naturalsoap.lv\\\/ru\\\/shop\\\/scrubs\\\/creamy-body-scrub-with-sweet-almond-oil-honey-amp-sugar-200ml-2\\\/\",\"url\":\"https:\\\/\\\/naturalsoap.lv\\\/ru\\\/shop\\\/scrubs\\\/creamy-body-scrub-with-sweet-almond-oil-honey-amp-sugar-200ml-2\\\/\",\"name\":\"[:lv]KR\u0112MVEIDA \u0136ERME\u0145A CUKURA SKRUBIS ar saldo mande\u013cu e\u013c\u013cu un medu, 200ml[:en]CREAMY BODY SCRUB with sweet almond oil, honey & sugar, 200ml[:de]CREAMISCHES K\u00d6RPERPEELING mit s\u00fc\u00dfem Mandel\u00f6l, Honig und Zucker, 200ml[:ru]\u041a\u0420\u0415\u041c\u041e\u041e\u0411\u0420\u0410\u0417\u041d\u042b\u0419 \u0421\u0410\u0425\u0410\u0420\u041d\u042b\u0419 \u0421\u041a\u0420\u0410\u0411 \u0414\u041b\u042f \u0422\u0415\u041b\u0410 \u0441 \u043c\u0430\u0441\u043b\u043e\u043c \u043c\u0438\u043d\u0434\u0430\u043b\u044f \u0438 \u043c\u0435\u0434\u043e\u043c, 200\u043c\u043b[:] - NATURAL SOAP\",\"isPartOf\":{\"@id\":\"https:\\\/\\\/naturalsoap.lv\\\/en\\\/#website\"},\"primaryImageOfPage\":{\"@id\":\"https:\\\/\\\/naturalsoap.lv\\\/ru\\\/shop\\\/scrubs\\\/creamy-body-scrub-with-sweet-almond-oil-honey-amp-sugar-200ml-2\\\/#primaryimage\"},\"image\":{\"@id\":\"https:\\\/\\\/naturalsoap.lv\\\/ru\\\/shop\\\/scrubs\\\/creamy-body-scrub-with-sweet-almond-oil-honey-amp-sugar-200ml-2\\\/#primaryimage\"},\"thumbnailUrl\":\"https:\\\/\\\/naturalsoap.lv\\\/wp-content\\\/uploads\\\/2024\\\/05\\\/b2bd94ca492c64b621a5fada3f87edc0_1692088960-e1730204579573.jpeg\",\"datePublished\":\"2024-05-30T06:59:15+00:00\",\"dateModified\":\"2025-04-15T10:40:32+00:00\",\"description\":\"Creamy sugar scrub. Nourishing, moisturizing and softening the skin. mproves blood circulation and invigorates metabolism in the skin.\",\"breadcrumb\":{\"@id\":\"https:\\\/\\\/naturalsoap.lv\\\/ru\\\/shop\\\/scrubs\\\/creamy-body-scrub-with-sweet-almond-oil-honey-amp-sugar-200ml-2\\\/#breadcrumb\"},\"inLanguage\":\"ru-RU\",\"potentialAction\":[{\"@type\":\"ReadAction\",\"target\":[\"https:\\\/\\\/naturalsoap.lv\\\/ru\\\/shop\\\/scrubs\\\/creamy-body-scrub-with-sweet-almond-oil-honey-amp-sugar-200ml-2\\\/\"]}]},{\"@type\":\"ImageObject\",\"inLanguage\":\"ru-RU\",\"@id\":\"https:\\\/\\\/naturalsoap.lv\\\/ru\\\/shop\\\/scrubs\\\/creamy-body-scrub-with-sweet-almond-oil-honey-amp-sugar-200ml-2\\\/#primaryimage\",\"url\":\"https:\\\/\\\/naturalsoap.lv\\\/wp-content\\\/uploads\\\/2024\\\/05\\\/b2bd94ca492c64b621a5fada3f87edc0_1692088960-e1730204579573.jpeg\",\"contentUrl\":\"https:\\\/\\\/naturalsoap.lv\\\/wp-content\\\/uploads\\\/2024\\\/05\\\/b2bd94ca492c64b621a5fada3f87edc0_1692088960-e1730204579573.jpeg\",\"width\":900,\"height\":577,\"caption\":\"CREAMY BODY SCRUB with sweet almond oil, honey & sugar, 200ml\"},{\"@type\":\"BreadcrumbList\",\"@id\":\"https:\\\/\\\/naturalsoap.lv\\\/ru\\\/shop\\\/scrubs\\\/creamy-body-scrub-with-sweet-almond-oil-honey-amp-sugar-200ml-2\\\/#breadcrumb\",\"itemListElement\":[{\"@type\":\"ListItem\",\"position\":1,\"name\":\"Home\",\"item\":\"https:\\\/\\\/naturalsoap.lv\\\/en\\\/\"},{\"@type\":\"ListItem\",\"position\":2,\"name\":\"Shop\",\"item\":\"https:\\\/\\\/naturalsoap.lv\\\/en\\\/shop\\\/\"},{\"@type\":\"ListItem\",\"position\":3,\"name\":\"\u041a\u0420\u0415\u041c\u041e\u041e\u0411\u0420\u0410\u0417\u041d\u042b\u0419 \u0421\u0410\u0425\u0410\u0420\u041d\u042b\u0419 \u0421\u041a\u0420\u0410\u0411 \u0414\u041b\u042f \u0422\u0415\u041b\u0410 \u0441 \u043c\u0430\u0441\u043b\u043e\u043c \u043c\u0438\u043d\u0434\u0430\u043b\u044f \u0438 \u043c\u0435\u0434\u043e\u043c, 200\u043c\u043b\"}]},{\"@type\":\"WebSite\",\"@id\":\"https:\\\/\\\/naturalsoap.lv\\\/en\\\/#website\",\"url\":\"https:\\\/\\\/naturalsoap.lv\\\/en\\\/\",\"name\":\"NATURAL SOAP\",\"description\":\"\u041a\u043e\u0441\u043c\u0435\u0442\u0438\u043a\u0430 \u0434\u043b\u044f \u0432\u0430\u043d\u043d\u044b \u0438 \u0434\u0443\u0448\u0430 \u0440\u0443\u0447\u043d\u043e\u0439 \u0440\u0430\u0431\u043e\u0442\u044b.\",\"publisher\":{\"@id\":\"https:\\\/\\\/naturalsoap.lv\\\/en\\\/#organization\"},\"potentialAction\":[{\"@type\":\"SearchAction\",\"target\":{\"@type\":\"EntryPoint\",\"urlTemplate\":\"https:\\\/\\\/naturalsoap.lv\\\/en\\\/?s={search_term_string}\"},\"query-input\":{\"@type\":\"PropertyValueSpecification\",\"valueRequired\":true,\"valueName\":\"search_term_string\"}}],\"inLanguage\":\"ru-RU\"},{\"@type\":\"Organization\",\"@id\":\"https:\\\/\\\/naturalsoap.lv\\\/en\\\/#organization\",\"name\":\"NATURAL SOAP\",\"url\":\"https:\\\/\\\/naturalsoap.lv\\\/en\\\/\",\"logo\":{\"@type\":\"ImageObject\",\"inLanguage\":\"ru-RU\",\"@id\":\"https:\\\/\\\/naturalsoap.lv\\\/en\\\/#\\\/schema\\\/logo\\\/image\\\/\",\"url\":\"https:\\\/\\\/naturalsoap.lv\\\/wp-content\\\/uploads\\\/2024\\\/05\\\/Logo.svg\",\"contentUrl\":\"https:\\\/\\\/naturalsoap.lv\\\/wp-content\\\/uploads\\\/2024\\\/05\\\/Logo.svg\",\"width\":125,\"height\":34,\"caption\":\"NATURAL SOAP\"},\"image\":{\"@id\":\"https:\\\/\\\/naturalsoap.lv\\\/en\\\/#\\\/schema\\\/logo\\\/image\\\/\"}}]}<\/script>\n<!-- \/ Yoast SEO Premium plugin. -->","yoast_head_json":{"title":"[:lv]KR\u0112MVEIDA \u0136ERME\u0145A CUKURA SKRUBIS ar saldo mande\u013cu e\u013c\u013cu un medu, 200ml[:en]CREAMY BODY SCRUB with sweet almond oil, honey & sugar, 200ml[:de]CREAMISCHES K\u00d6RPERPEELING mit s\u00fc\u00dfem Mandel\u00f6l, Honig und Zucker, 200ml[:ru]\u041a\u0420\u0415\u041c\u041e\u041e\u0411\u0420\u0410\u0417\u041d\u042b\u0419 \u0421\u0410\u0425\u0410\u0420\u041d\u042b\u0419 \u0421\u041a\u0420\u0410\u0411 \u0414\u041b\u042f \u0422\u0415\u041b\u0410 \u0441 \u043c\u0430\u0441\u043b\u043e\u043c \u043c\u0438\u043d\u0434\u0430\u043b\u044f \u0438 \u043c\u0435\u0434\u043e\u043c, 200\u043c\u043b[:] - NATURAL SOAP","description":"Creamy sugar scrub. Nourishing, moisturizing and softening the skin. mproves blood circulation and invigorates metabolism in the skin.","robots":{"index":"index","follow":"follow","max-snippet":"max-snippet:-1","max-image-preview":"max-image-preview:large","max-video-preview":"max-video-preview:-1"},"canonical":"https:\/\/naturalsoap.lv\/ru\/shop\/scrubs\/creamy-body-scrub-with-sweet-almond-oil-honey-amp-sugar-200ml-2\/","og_locale":"ru_RU","og_type":"article","og_title":"[:lv]KR\u0112MVEIDA \u0136ERME\u0145A CUKURA SKRUBIS ar saldo mande\u013cu e\u013c\u013cu un medu, 200ml[:en]CREAMY BODY SCRUB with sweet almond oil, honey & sugar, 200ml[:de]CREAMISCHES K\u00d6RPERPEELING mit s\u00fc\u00dfem Mandel\u00f6l, Honig und Zucker, 200ml[:ru]\u041a\u0420\u0415\u041c\u041e\u041e\u0411\u0420\u0410\u0417\u041d\u042b\u0419 \u0421\u0410\u0425\u0410\u0420\u041d\u042b\u0419 \u0421\u041a\u0420\u0410\u0411 \u0414\u041b\u042f \u0422\u0415\u041b\u0410 \u0441 \u043c\u0430\u0441\u043b\u043e\u043c \u043c\u0438\u043d\u0434\u0430\u043b\u044f \u0438 \u043c\u0435\u0434\u043e\u043c, 200\u043c\u043b[:]","og_description":"Creamy sugar scrub. Nourishing, moisturizing and softening the skin. mproves blood circulation and invigorates metabolism in the skin.","og_url":"https:\/\/naturalsoap.lv\/ru\/shop\/scrubs\/creamy-body-scrub-with-sweet-almond-oil-honey-amp-sugar-200ml-2\/","og_site_name":"NATURAL SOAP","article_modified_time":"2025-04-15T10:40:32+00:00","og_image":[{"width":900,"height":577,"url":"https:\/\/naturalsoap.lv\/wp-content\/uploads\/2024\/05\/b2bd94ca492c64b621a5fada3f87edc0_1692088960-e1730204579573.jpeg","type":"image\/jpeg"}],"twitter_card":"summary_large_image","twitter_misc":{"\u041f\u0440\u0438\u043c\u0435\u0440\u043d\u043e\u0435 \u0432\u0440\u0435\u043c\u044f \u0434\u043b\u044f \u0447\u0442\u0435\u043d\u0438\u044f":"1 \u043c\u0438\u043d\u0443\u0442\u0430"},"schema":{"@context":"https:\/\/schema.org","@graph":[{"@type":"WebPage","@id":"https:\/\/naturalsoap.lv\/ru\/shop\/scrubs\/creamy-body-scrub-with-sweet-almond-oil-honey-amp-sugar-200ml-2\/","url":"https:\/\/naturalsoap.lv\/ru\/shop\/scrubs\/creamy-body-scrub-with-sweet-almond-oil-honey-amp-sugar-200ml-2\/","name":"[:lv]KR\u0112MVEIDA \u0136ERME\u0145A CUKURA SKRUBIS ar saldo mande\u013cu e\u013c\u013cu un medu, 200ml[:en]CREAMY BODY SCRUB with sweet almond oil, honey & sugar, 200ml[:de]CREAMISCHES K\u00d6RPERPEELING mit s\u00fc\u00dfem Mandel\u00f6l, Honig und Zucker, 200ml[:ru]\u041a\u0420\u0415\u041c\u041e\u041e\u0411\u0420\u0410\u0417\u041d\u042b\u0419 \u0421\u0410\u0425\u0410\u0420\u041d\u042b\u0419 \u0421\u041a\u0420\u0410\u0411 \u0414\u041b\u042f \u0422\u0415\u041b\u0410 \u0441 \u043c\u0430\u0441\u043b\u043e\u043c \u043c\u0438\u043d\u0434\u0430\u043b\u044f \u0438 \u043c\u0435\u0434\u043e\u043c, 200\u043c\u043b[:] - NATURAL SOAP","isPartOf":{"@id":"https:\/\/naturalsoap.lv\/en\/#website"},"primaryImageOfPage":{"@id":"https:\/\/naturalsoap.lv\/ru\/shop\/scrubs\/creamy-body-scrub-with-sweet-almond-oil-honey-amp-sugar-200ml-2\/#primaryimage"},"image":{"@id":"https:\/\/naturalsoap.lv\/ru\/shop\/scrubs\/creamy-body-scrub-with-sweet-almond-oil-honey-amp-sugar-200ml-2\/#primaryimage"},"thumbnailUrl":"https:\/\/naturalsoap.lv\/wp-content\/uploads\/2024\/05\/b2bd94ca492c64b621a5fada3f87edc0_1692088960-e1730204579573.jpeg","datePublished":"2024-05-30T06:59:15+00:00","dateModified":"2025-04-15T10:40:32+00:00","description":"Creamy sugar scrub. Nourishing, moisturizing and softening the skin. mproves blood circulation and invigorates metabolism in the skin.","breadcrumb":{"@id":"https:\/\/naturalsoap.lv\/ru\/shop\/scrubs\/creamy-body-scrub-with-sweet-almond-oil-honey-amp-sugar-200ml-2\/#breadcrumb"},"inLanguage":"ru-RU","potentialAction":[{"@type":"ReadAction","target":["https:\/\/naturalsoap.lv\/ru\/shop\/scrubs\/creamy-body-scrub-with-sweet-almond-oil-honey-amp-sugar-200ml-2\/"]}]},{"@type":"ImageObject","inLanguage":"ru-RU","@id":"https:\/\/naturalsoap.lv\/ru\/shop\/scrubs\/creamy-body-scrub-with-sweet-almond-oil-honey-amp-sugar-200ml-2\/#primaryimage","url":"https:\/\/naturalsoap.lv\/wp-content\/uploads\/2024\/05\/b2bd94ca492c64b621a5fada3f87edc0_1692088960-e1730204579573.jpeg","contentUrl":"https:\/\/naturalsoap.lv\/wp-content\/uploads\/2024\/05\/b2bd94ca492c64b621a5fada3f87edc0_1692088960-e1730204579573.jpeg","width":900,"height":577,"caption":"CREAMY BODY SCRUB with sweet almond oil, honey & sugar, 200ml"},{"@type":"BreadcrumbList","@id":"https:\/\/naturalsoap.lv\/ru\/shop\/scrubs\/creamy-body-scrub-with-sweet-almond-oil-honey-amp-sugar-200ml-2\/#breadcrumb","itemListElement":[{"@type":"ListItem","position":1,"name":"Home","item":"https:\/\/naturalsoap.lv\/en\/"},{"@type":"ListItem","position":2,"name":"Shop","item":"https:\/\/naturalsoap.lv\/en\/shop\/"},{"@type":"ListItem","position":3,"name":"\u041a\u0420\u0415\u041c\u041e\u041e\u0411\u0420\u0410\u0417\u041d\u042b\u0419 \u0421\u0410\u0425\u0410\u0420\u041d\u042b\u0419 \u0421\u041a\u0420\u0410\u0411 \u0414\u041b\u042f \u0422\u0415\u041b\u0410 \u0441 \u043c\u0430\u0441\u043b\u043e\u043c \u043c\u0438\u043d\u0434\u0430\u043b\u044f \u0438 \u043c\u0435\u0434\u043e\u043c, 200\u043c\u043b"}]},{"@type":"WebSite","@id":"https:\/\/naturalsoap.lv\/en\/#website","url":"https:\/\/naturalsoap.lv\/en\/","name":"NATURAL SOAP","description":"\u041a\u043e\u0441\u043c\u0435\u0442\u0438\u043a\u0430 \u0434\u043b\u044f \u0432\u0430\u043d\u043d\u044b \u0438 \u0434\u0443\u0448\u0430 \u0440\u0443\u0447\u043d\u043e\u0439 \u0440\u0430\u0431\u043e\u0442\u044b.","publisher":{"@id":"https:\/\/naturalsoap.lv\/en\/#organization"},"potentialAction":[{"@type":"SearchAction","target":{"@type":"EntryPoint","urlTemplate":"https:\/\/naturalsoap.lv\/en\/?s={search_term_string}"},"query-input":{"@type":"PropertyValueSpecification","valueRequired":true,"valueName":"search_term_string"}}],"inLanguage":"ru-RU"},{"@type":"Organization","@id":"https:\/\/naturalsoap.lv\/en\/#organization","name":"NATURAL SOAP","url":"https:\/\/naturalsoap.lv\/en\/","logo":{"@type":"ImageObject","inLanguage":"ru-RU","@id":"https:\/\/naturalsoap.lv\/en\/#\/schema\/logo\/image\/","url":"https:\/\/naturalsoap.lv\/wp-content\/uploads\/2024\/05\/Logo.svg","contentUrl":"https:\/\/naturalsoap.lv\/wp-content\/uploads\/2024\/05\/Logo.svg","width":125,"height":34,"caption":"NATURAL SOAP"},"image":{"@id":"https:\/\/naturalsoap.lv\/en\/#\/schema\/logo\/image\/"}}]}},"_links":{"self":[{"href":"https:\/\/naturalsoap.lv\/ru\/wp-json\/wp\/v2\/product\/14600","targetHints":{"allow":["GET"]}}],"collection":[{"href":"https:\/\/naturalsoap.lv\/ru\/wp-json\/wp\/v2\/product"}],"about":[{"href":"https:\/\/naturalsoap.lv\/ru\/wp-json\/wp\/v2\/types\/product"}],"wp:featuredmedia":[{"embeddable":true,"href":"https:\/\/naturalsoap.lv\/ru\/wp-json\/wp\/v2\/media\/14601"}],"wp:attachment":[{"href":"https:\/\/naturalsoap.lv\/ru\/wp-json\/wp\/v2\/media?parent=14600"}],"wp:term":[{"taxonomy":"product_brand","embeddable":true,"href":"https:\/\/naturalsoap.lv\/ru\/wp-json\/wp\/v2\/product_brand?post=14600"},{"taxonomy":"product_cat","embeddable":true,"href":"https:\/\/naturalsoap.lv\/ru\/wp-json\/wp\/v2\/product_cat?post=14600"},{"taxonomy":"product_tag","embeddable":true,"href":"https:\/\/naturalsoap.lv\/ru\/wp-json\/wp\/v2\/product_tag?post=14600"}],"curies":[{"name":"wp","href":"https:\/\/api.w.org\/{rel}","templated":true}]}}