{"id":14811,"date":"2024-05-30T07:10:43","date_gmt":"2024-05-30T07:10:43","guid":{"rendered":"https:\/\/321.optimum.lv\/product\/eteriska-ella-grapefruit-pink-10ml\/"},"modified":"2025-04-15T09:03:28","modified_gmt":"2025-04-15T09:03:28","slug":"eteriska-ella-grapefruit-pink-10ml","status":"publish","type":"product","link":"https:\/\/naturalsoap.lv\/lv\/shop\/essential-oils\/eteriska-ella-grapefruit-pink-10ml\/","title":{"rendered":"\u0112terisk\u0101 e\u013c\u013ca GRAPEFRUIT PINK, 10ml"},"content":{"rendered":"<p>Roz\u0101 greipfr\u016bta \u0113terisk\u0101 e\u013c\u013ca &#8211; <em>Citrus Paradisi<\/em><\/p>\n<p><strong>Izcelsmes valsts:\u00a0<\/strong>It\u0101lija<\/p>\n<p><strong>Ieguves veids:<\/strong>\u00a0Auksti spiesta no aug\u013ca mizas<\/p>\n<p>10 ml Tum\u0161\u0101 stikla pudel\u012bt\u0113 ar dozatoru<\/p>\n<p>Greipfr\u016btu \u0113teriskajai e\u013c\u013cai ir atsvaidzino\u0161a smar\u017ea<\/p>\n<p>\u0112terisk\u0101 e\u013c\u013ca pal\u012bdz stiprin\u0101t im\u016bnsist\u0113mu un nervu sist\u0113mu<\/p>\n<p>&#8212;&#8212;&#8212;&#8212;&#8212;&#8212;&#8212;&#8212;&#8212;&#8212;&#8212;<\/p>\n<p>GRAPEFRUIT OIL<\/p>\n<p>EUH208 Satur\/ d-Limonene, Myrcene<br \/>\nVAR IZRAIS\u012aT ALER\u0122ISKU REAKCIJU!<\/p>\n<p>EUH210 Dro\u0161\u012bbas datu lapa ir pieejama p\u0113c piepras\u012bjuma.<\/p>\n<p>B\u012aSTAMI! <img decoding=\"async\" class=\"alignnone wp-image-16273\" src=\"https:\/\/naturalsoap.lv\/wp-content\/uploads\/2025\/04\/image9-300x300.png\" alt=\"\" width=\"55\" height=\"55\" srcset=\"https:\/\/naturalsoap.lv\/wp-content\/uploads\/2025\/04\/image9-300x300.png 300w, https:\/\/naturalsoap.lv\/wp-content\/uploads\/2025\/04\/image9-768x768.png 768w, https:\/\/naturalsoap.lv\/wp-content\/uploads\/2025\/04\/image9-400x400.png 400w, https:\/\/naturalsoap.lv\/wp-content\/uploads\/2025\/04\/image9-600x600.png 600w, https:\/\/naturalsoap.lv\/wp-content\/uploads\/2025\/04\/image9-100x100.png 100w, https:\/\/naturalsoap.lv\/wp-content\/uploads\/2025\/04\/image9.png 1017w\" sizes=\"(max-width: 55px) 100vw, 55px\" \/><img decoding=\"async\" class=\"alignnone wp-image-16272\" src=\"https:\/\/naturalsoap.lv\/wp-content\/uploads\/2025\/04\/image7-300x300.png\" alt=\"\" width=\"55\" height=\"55\" srcset=\"https:\/\/naturalsoap.lv\/wp-content\/uploads\/2025\/04\/image7-300x300.png 300w, https:\/\/naturalsoap.lv\/wp-content\/uploads\/2025\/04\/image7-768x768.png 768w, https:\/\/naturalsoap.lv\/wp-content\/uploads\/2025\/04\/image7-400x400.png 400w, https:\/\/naturalsoap.lv\/wp-content\/uploads\/2025\/04\/image7-600x600.png 600w, https:\/\/naturalsoap.lv\/wp-content\/uploads\/2025\/04\/image7-100x100.png 100w, https:\/\/naturalsoap.lv\/wp-content\/uploads\/2025\/04\/image7.png 1017w\" sizes=\"(max-width: 55px) 100vw, 55px\" \/><img decoding=\"async\" class=\"alignnone wp-image-16270\" src=\"https:\/\/naturalsoap.lv\/wp-content\/uploads\/2025\/04\/GHS-pictogram-pollu.svg_-300x300.png\" alt=\"\" width=\"55\" height=\"55\" srcset=\"https:\/\/naturalsoap.lv\/wp-content\/uploads\/2025\/04\/GHS-pictogram-pollu.svg_-300x300.png 300w, https:\/\/naturalsoap.lv\/wp-content\/uploads\/2025\/04\/GHS-pictogram-pollu.svg_-1024x1024.png 1024w, https:\/\/naturalsoap.lv\/wp-content\/uploads\/2025\/04\/GHS-pictogram-pollu.svg_-768x768.png 768w, https:\/\/naturalsoap.lv\/wp-content\/uploads\/2025\/04\/GHS-pictogram-pollu.svg_-400x400.png 400w, https:\/\/naturalsoap.lv\/wp-content\/uploads\/2025\/04\/GHS-pictogram-pollu.svg_-600x600.png 600w, https:\/\/naturalsoap.lv\/wp-content\/uploads\/2025\/04\/GHS-pictogram-pollu.svg_-100x100.png 100w, https:\/\/naturalsoap.lv\/wp-content\/uploads\/2025\/04\/GHS-pictogram-pollu.svg_.png 1200w\" sizes=\"(max-width: 55px) 100vw, 55px\" \/><img loading=\"lazy\" decoding=\"async\" class=\"alignnone wp-image-16271\" src=\"https:\/\/naturalsoap.lv\/wp-content\/uploads\/2025\/04\/image1-300x300.png\" alt=\"\" width=\"55\" height=\"55\" srcset=\"https:\/\/naturalsoap.lv\/wp-content\/uploads\/2025\/04\/image1-300x300.png 300w, https:\/\/naturalsoap.lv\/wp-content\/uploads\/2025\/04\/image1-768x768.png 768w, https:\/\/naturalsoap.lv\/wp-content\/uploads\/2025\/04\/image1-400x400.png 400w, https:\/\/naturalsoap.lv\/wp-content\/uploads\/2025\/04\/image1-600x600.png 600w, https:\/\/naturalsoap.lv\/wp-content\/uploads\/2025\/04\/image1-100x100.png 100w, https:\/\/naturalsoap.lv\/wp-content\/uploads\/2025\/04\/image1.png 1017w\" sizes=\"(max-width: 55px) 100vw, 55px\" \/>\u00a0Net: 10 ml<\/p>\n<p>H317: Var izrais\u012bt aler\u0123isku \u0101das reakciju. H304: Var izrais\u012bt n\u0101vi, ja nor\u012bts vai iek\u013c\u016bst elpce\u013cos<br \/>\nP302+P352: SASKAR\u0112 AR \u0100DU nomazg\u0101t ar lielu daudzumu ziepju un \u016bdens. P333+313: Ja rodas \u0101das kairin\u0101jums vai izsitumi:l\u016bdziet medi\u0137u pal\u012bdz\u012bbu. P321: \u012apa\u0161a \u0101rst\u0113\u0161ana (skat\u012bt medic\u012bniskos ieteikumus uz \u0161\u012bs eti\u0137etes). P301+P310: NOR\u012a\u0160ANAS GAD\u012aJUM\u0100: Nekav\u0113joties sazinieties ar SAIND\u0112\u0160AN\u0100S CENTRU vai \u0101rstu. P362+P364: Novilkt pies\u0101r\u0146oto ap\u0123\u0113rbu un izmazg\u0101t to pirms atk\u0101rtotas lieto\u0161anas. P331: NEIZRAIS\u012aT vem\u0161anu.<\/p>\n<p>Cilv\u0113kiem, kuriem ir aler\u0123ija pret smar\u017eviel\u0101m, lietojot \u0161o produktu j\u0101iev\u0113ro piesardz\u012bba.<\/p>\n<p>SIA GARTDA, Alejas iela 73, Daugavpils, LV-5401, Latvija t. +371 65420849, www.naturalsoap.lv, info@gartda.lv<\/p>","protected":false},"excerpt":{"rendered":"<p>INCI: <em>Citrus Paradisi<\/em><\/p>\n","protected":false},"featured_media":14812,"template":"","meta":[],"product_brand":[],"product_cat":[502],"product_tag":[],"class_list":{"0":"post-14811","1":"product","2":"type-product","3":"status-publish","4":"has-post-thumbnail","6":"product_cat-essential-oils","7":"pa_box-bez-davanu-kastites","8":"pa_box-davanu-kastite","10":"first","11":"instock","12":"taxable","13":"shipping-taxable","14":"purchasable","15":"product-type-variable"},"yoast_head":"<!-- This site is optimized with the Yoast SEO Premium plugin v22.6 (Yoast SEO v27.1.1) - https:\/\/yoast.com\/product\/yoast-seo-premium-wordpress\/ -->\n<title>\u0112terisk\u0101 e\u013c\u013ca GRAPEFRUIT PINK, 10ml - NATURAL SOAP<\/title>\n<meta name=\"description\" content=\"Essential oil GRAPEFRUIT PINK. Grapefruit essential oil has a refreshing scent. Helps to strengthen the nervous system. Pure essential oil.\" \/>\n<meta name=\"robots\" content=\"index, follow, max-snippet:-1, max-image-preview:large, max-video-preview:-1\" \/>\n<link rel=\"canonical\" href=\"https:\/\/naturalsoap.lv\/shop\/essential-oils\/eteriska-ella-grapefruit-pink-10ml\/\" \/>\n<meta property=\"og:locale\" content=\"lv_LV\" \/>\n<meta property=\"og:type\" content=\"article\" \/>\n<meta property=\"og:title\" content=\"[:lv]\u0112terisk\u0101 e\u013c\u013ca GRAPEFRUIT PINK, 10ml[:en]Essential oil GRAPEFRUIT PINK, 10ml[:de]\u00c4therisches \u00d6l GRAPEFRUIT PINK, 10ml[:ru]\u042d\u0444\u0438\u0440\u043d\u043e\u0435 \u043c\u0430\u0441\u043b\u043e GRAPEFRUIT PINK, 10ml[:]\" \/>\n<meta property=\"og:description\" content=\"Essential oil GRAPEFRUIT PINK. Grapefruit essential oil has a refreshing scent. Helps to strengthen the nervous system. Pure essential oil.\" \/>\n<meta property=\"og:url\" content=\"https:\/\/naturalsoap.lv\/shop\/essential-oils\/eteriska-ella-grapefruit-pink-10ml\/\" \/>\n<meta property=\"og:site_name\" content=\"NATURAL SOAP\" \/>\n<meta property=\"article:modified_time\" content=\"2025-04-15T09:03:28+00:00\" \/>\n<meta property=\"og:image\" content=\"https:\/\/naturalsoap.lv\/wp-content\/uploads\/2024\/05\/Grapefruit-pink-e1730200733310.jpg\" \/>\n\t<meta property=\"og:image:width\" content=\"900\" \/>\n\t<meta property=\"og:image:height\" content=\"966\" \/>\n\t<meta property=\"og:image:type\" content=\"image\/jpeg\" \/>\n<meta name=\"twitter:card\" content=\"summary_large_image\" \/>\n<meta name=\"twitter:label1\" content=\"Est. reading time\" \/>\n\t<meta name=\"twitter:data1\" content=\"2 minutes\" \/>\n<script type=\"application\/ld+json\" class=\"yoast-schema-graph\">{\"@context\":\"https:\/\/schema.org\",\"@graph\":[{\"@type\":\"WebPage\",\"@id\":\"https:\/\/naturalsoap.lv\/shop\/essential-oils\/eteriska-ella-grapefruit-pink-10ml\/\",\"url\":\"https:\/\/naturalsoap.lv\/shop\/essential-oils\/eteriska-ella-grapefruit-pink-10ml\/\",\"name\":\"[:lv]\u0112terisk\u0101 e\u013c\u013ca GRAPEFRUIT PINK, 10ml[:en]Essential oil GRAPEFRUIT PINK, 10ml[:de]\u00c4therisches \u00d6l GRAPEFRUIT PINK, 10ml[:ru]\u042d\u0444\u0438\u0440\u043d\u043e\u0435 \u043c\u0430\u0441\u043b\u043e GRAPEFRUIT PINK, 10ml[:] - NATURAL SOAP\",\"isPartOf\":{\"@id\":\"https:\/\/naturalsoap.lv\/#website\"},\"primaryImageOfPage\":{\"@id\":\"https:\/\/naturalsoap.lv\/shop\/essential-oils\/eteriska-ella-grapefruit-pink-10ml\/#primaryimage\"},\"image\":{\"@id\":\"https:\/\/naturalsoap.lv\/shop\/essential-oils\/eteriska-ella-grapefruit-pink-10ml\/#primaryimage\"},\"thumbnailUrl\":\"https:\/\/naturalsoap.lv\/wp-content\/uploads\/2024\/05\/Grapefruit-pink-e1730200733310.jpg\",\"datePublished\":\"2024-05-30T07:10:43+00:00\",\"dateModified\":\"2025-04-15T09:03:28+00:00\",\"description\":\"Essential oil GRAPEFRUIT PINK. Grapefruit essential oil has a refreshing scent. Helps to strengthen the nervous system. Pure essential oil.\",\"breadcrumb\":{\"@id\":\"https:\/\/naturalsoap.lv\/shop\/essential-oils\/eteriska-ella-grapefruit-pink-10ml\/#breadcrumb\"},\"inLanguage\":\"lv-LV\",\"potentialAction\":[{\"@type\":\"ReadAction\",\"target\":[\"https:\/\/naturalsoap.lv\/shop\/essential-oils\/eteriska-ella-grapefruit-pink-10ml\/\"]}]},{\"@type\":\"ImageObject\",\"inLanguage\":\"lv-LV\",\"@id\":\"https:\/\/naturalsoap.lv\/shop\/essential-oils\/eteriska-ella-grapefruit-pink-10ml\/#primaryimage\",\"url\":\"https:\/\/naturalsoap.lv\/wp-content\/uploads\/2024\/05\/Grapefruit-pink-e1730200733310.jpg\",\"contentUrl\":\"https:\/\/naturalsoap.lv\/wp-content\/uploads\/2024\/05\/Grapefruit-pink-e1730200733310.jpg\",\"width\":900,\"height\":966,\"caption\":\"Essential oil GRAPEFRUIT PINK, 10ml\"},{\"@type\":\"BreadcrumbList\",\"@id\":\"https:\/\/naturalsoap.lv\/shop\/essential-oils\/eteriska-ella-grapefruit-pink-10ml\/#breadcrumb\",\"itemListElement\":[{\"@type\":\"ListItem\",\"position\":1,\"name\":\"Home\",\"item\":\"https:\/\/naturalsoap.lv\/\"},{\"@type\":\"ListItem\",\"position\":2,\"name\":\"Einkaufen\",\"item\":\"https:\/\/naturalsoap.lv\/de\/shop\/\"},{\"@type\":\"ListItem\",\"position\":3,\"name\":\"\u0112terisk\u0101 e\u013c\u013ca GRAPEFRUIT PINK, 10ml\"}]},{\"@type\":\"WebSite\",\"@id\":\"https:\/\/naturalsoap.lv\/#website\",\"url\":\"https:\/\/naturalsoap.lv\/\",\"name\":\"NATURAL SOAP\",\"description\":\"Kosm\u0113tika vannai un du\u0161ai. Roku darbs.\",\"publisher\":{\"@id\":\"https:\/\/naturalsoap.lv\/#organization\"},\"potentialAction\":[{\"@type\":\"SearchAction\",\"target\":{\"@type\":\"EntryPoint\",\"urlTemplate\":\"https:\/\/naturalsoap.lv\/?s={search_term_string}\"},\"query-input\":{\"@type\":\"PropertyValueSpecification\",\"valueRequired\":true,\"valueName\":\"search_term_string\"}}],\"inLanguage\":\"lv-LV\"},{\"@type\":\"Organization\",\"@id\":\"https:\/\/naturalsoap.lv\/#organization\",\"name\":\"NATURAL SOAP\",\"url\":\"https:\/\/naturalsoap.lv\/\",\"logo\":{\"@type\":\"ImageObject\",\"inLanguage\":\"lv-LV\",\"@id\":\"https:\/\/naturalsoap.lv\/#\/schema\/logo\/image\/\",\"url\":\"https:\/\/naturalsoap.lv\/wp-content\/uploads\/2024\/05\/Logo.svg\",\"contentUrl\":\"https:\/\/naturalsoap.lv\/wp-content\/uploads\/2024\/05\/Logo.svg\",\"width\":125,\"height\":34,\"caption\":\"NATURAL SOAP\"},\"image\":{\"@id\":\"https:\/\/naturalsoap.lv\/#\/schema\/logo\/image\/\"}}]}<\/script>\n<!-- \/ Yoast SEO Premium plugin. -->","yoast_head_json":{"title":"[:lv]\u0112terisk\u0101 e\u013c\u013ca GRAPEFRUIT PINK, 10ml[:en]Essential oil GRAPEFRUIT PINK, 10ml[:de]\u00c4therisches \u00d6l GRAPEFRUIT PINK, 10ml[:ru]\u042d\u0444\u0438\u0440\u043d\u043e\u0435 \u043c\u0430\u0441\u043b\u043e GRAPEFRUIT PINK, 10ml[:] - NATURAL SOAP","description":"Essential oil GRAPEFRUIT PINK. Grapefruit essential oil has a refreshing scent. Helps to strengthen the nervous system. Pure essential oil.","robots":{"index":"index","follow":"follow","max-snippet":"max-snippet:-1","max-image-preview":"max-image-preview:large","max-video-preview":"max-video-preview:-1"},"canonical":"https:\/\/naturalsoap.lv\/shop\/essential-oils\/eteriska-ella-grapefruit-pink-10ml\/","og_locale":"lv_LV","og_type":"article","og_title":"[:lv]\u0112terisk\u0101 e\u013c\u013ca GRAPEFRUIT PINK, 10ml[:en]Essential oil GRAPEFRUIT PINK, 10ml[:de]\u00c4therisches \u00d6l GRAPEFRUIT PINK, 10ml[:ru]\u042d\u0444\u0438\u0440\u043d\u043e\u0435 \u043c\u0430\u0441\u043b\u043e GRAPEFRUIT PINK, 10ml[:]","og_description":"Essential oil GRAPEFRUIT PINK. Grapefruit essential oil has a refreshing scent. Helps to strengthen the nervous system. Pure essential oil.","og_url":"https:\/\/naturalsoap.lv\/shop\/essential-oils\/eteriska-ella-grapefruit-pink-10ml\/","og_site_name":"NATURAL SOAP","article_modified_time":"2025-04-15T09:03:28+00:00","og_image":[{"width":900,"height":966,"url":"https:\/\/naturalsoap.lv\/wp-content\/uploads\/2024\/05\/Grapefruit-pink-e1730200733310.jpg","type":"image\/jpeg"}],"twitter_card":"summary_large_image","twitter_misc":{"Est. reading time":"2 minutes"},"schema":{"@context":"https:\/\/schema.org","@graph":[{"@type":"WebPage","@id":"https:\/\/naturalsoap.lv\/shop\/essential-oils\/eteriska-ella-grapefruit-pink-10ml\/","url":"https:\/\/naturalsoap.lv\/shop\/essential-oils\/eteriska-ella-grapefruit-pink-10ml\/","name":"[:lv]\u0112terisk\u0101 e\u013c\u013ca GRAPEFRUIT PINK, 10ml[:en]Essential oil GRAPEFRUIT PINK, 10ml[:de]\u00c4therisches \u00d6l GRAPEFRUIT PINK, 10ml[:ru]\u042d\u0444\u0438\u0440\u043d\u043e\u0435 \u043c\u0430\u0441\u043b\u043e GRAPEFRUIT PINK, 10ml[:] - NATURAL SOAP","isPartOf":{"@id":"https:\/\/naturalsoap.lv\/#website"},"primaryImageOfPage":{"@id":"https:\/\/naturalsoap.lv\/shop\/essential-oils\/eteriska-ella-grapefruit-pink-10ml\/#primaryimage"},"image":{"@id":"https:\/\/naturalsoap.lv\/shop\/essential-oils\/eteriska-ella-grapefruit-pink-10ml\/#primaryimage"},"thumbnailUrl":"https:\/\/naturalsoap.lv\/wp-content\/uploads\/2024\/05\/Grapefruit-pink-e1730200733310.jpg","datePublished":"2024-05-30T07:10:43+00:00","dateModified":"2025-04-15T09:03:28+00:00","description":"Essential oil GRAPEFRUIT PINK. Grapefruit essential oil has a refreshing scent. Helps to strengthen the nervous system. Pure essential oil.","breadcrumb":{"@id":"https:\/\/naturalsoap.lv\/shop\/essential-oils\/eteriska-ella-grapefruit-pink-10ml\/#breadcrumb"},"inLanguage":"lv-LV","potentialAction":[{"@type":"ReadAction","target":["https:\/\/naturalsoap.lv\/shop\/essential-oils\/eteriska-ella-grapefruit-pink-10ml\/"]}]},{"@type":"ImageObject","inLanguage":"lv-LV","@id":"https:\/\/naturalsoap.lv\/shop\/essential-oils\/eteriska-ella-grapefruit-pink-10ml\/#primaryimage","url":"https:\/\/naturalsoap.lv\/wp-content\/uploads\/2024\/05\/Grapefruit-pink-e1730200733310.jpg","contentUrl":"https:\/\/naturalsoap.lv\/wp-content\/uploads\/2024\/05\/Grapefruit-pink-e1730200733310.jpg","width":900,"height":966,"caption":"Essential oil GRAPEFRUIT PINK, 10ml"},{"@type":"BreadcrumbList","@id":"https:\/\/naturalsoap.lv\/shop\/essential-oils\/eteriska-ella-grapefruit-pink-10ml\/#breadcrumb","itemListElement":[{"@type":"ListItem","position":1,"name":"Home","item":"https:\/\/naturalsoap.lv\/"},{"@type":"ListItem","position":2,"name":"Einkaufen","item":"https:\/\/naturalsoap.lv\/de\/shop\/"},{"@type":"ListItem","position":3,"name":"\u0112terisk\u0101 e\u013c\u013ca GRAPEFRUIT PINK, 10ml"}]},{"@type":"WebSite","@id":"https:\/\/naturalsoap.lv\/#website","url":"https:\/\/naturalsoap.lv\/","name":"NATURAL SOAP","description":"Kosm\u0113tika vannai un du\u0161ai. Roku darbs.","publisher":{"@id":"https:\/\/naturalsoap.lv\/#organization"},"potentialAction":[{"@type":"SearchAction","target":{"@type":"EntryPoint","urlTemplate":"https:\/\/naturalsoap.lv\/?s={search_term_string}"},"query-input":{"@type":"PropertyValueSpecification","valueRequired":true,"valueName":"search_term_string"}}],"inLanguage":"lv-LV"},{"@type":"Organization","@id":"https:\/\/naturalsoap.lv\/#organization","name":"NATURAL SOAP","url":"https:\/\/naturalsoap.lv\/","logo":{"@type":"ImageObject","inLanguage":"lv-LV","@id":"https:\/\/naturalsoap.lv\/#\/schema\/logo\/image\/","url":"https:\/\/naturalsoap.lv\/wp-content\/uploads\/2024\/05\/Logo.svg","contentUrl":"https:\/\/naturalsoap.lv\/wp-content\/uploads\/2024\/05\/Logo.svg","width":125,"height":34,"caption":"NATURAL SOAP"},"image":{"@id":"https:\/\/naturalsoap.lv\/#\/schema\/logo\/image\/"}}]}},"_links":{"self":[{"href":"https:\/\/naturalsoap.lv\/lv\/wp-json\/wp\/v2\/product\/14811","targetHints":{"allow":["GET"]}}],"collection":[{"href":"https:\/\/naturalsoap.lv\/lv\/wp-json\/wp\/v2\/product"}],"about":[{"href":"https:\/\/naturalsoap.lv\/lv\/wp-json\/wp\/v2\/types\/product"}],"wp:featuredmedia":[{"embeddable":true,"href":"https:\/\/naturalsoap.lv\/lv\/wp-json\/wp\/v2\/media\/14812"}],"wp:attachment":[{"href":"https:\/\/naturalsoap.lv\/lv\/wp-json\/wp\/v2\/media?parent=14811"}],"wp:term":[{"taxonomy":"product_brand","embeddable":true,"href":"https:\/\/naturalsoap.lv\/lv\/wp-json\/wp\/v2\/product_brand?post=14811"},{"taxonomy":"product_cat","embeddable":true,"href":"https:\/\/naturalsoap.lv\/lv\/wp-json\/wp\/v2\/product_cat?post=14811"},{"taxonomy":"product_tag","embeddable":true,"href":"https:\/\/naturalsoap.lv\/lv\/wp-json\/wp\/v2\/product_tag?post=14811"}],"curies":[{"name":"wp","href":"https:\/\/api.w.org\/{rel}","templated":true}]}}