{"id":14786,"date":"2024-05-30T07:09:14","date_gmt":"2024-05-30T07:09:14","guid":{"rendered":"https:\/\/321.optimum.lv\/product\/lina-vannas-suklis\/"},"modified":"2025-02-24T08:50:15","modified_gmt":"2025-02-24T08:50:15","slug":"lina-vannas-suklis","status":"publish","type":"product","link":"https:\/\/naturalsoap.lv\/lv\/shop\/accessories\/lina-vannas-suklis\/","title":{"rendered":"LINA VANNAS S\u016aKLIS, 15 x 70cm"},"content":{"rendered":"<p>Lina s\u016bklis ir ide\u0101ls tiem, kam pat\u012bk neliela mas\u0101\u017ea p\u0113c du\u0161\u0101 vai pirt\u012b, lai uzlabotu asinsriti.<\/p>\n<p>Lins ir dabisks p\u012blings, kas atjauno \u0101du. Tas \u0101tri iz\u017e\u016bst, padarot ve\u013cu par videi draudz\u012bg\u0101ku alternat\u012bvu citiem materi\u0101liem.<\/p>\n<p>T\u0101 k\u0101 lina \u0161\u0137iedras ir dobas, t\u0101s nodro\u0161ina liel\u0101ku gaisa pl\u016bsmu p\u0101r \u0137ermeni nek\u0101 citi materi\u0101li. Tie ir ar\u012b \u013coti labi uzs\u016bco\u0161i, ieg\u016bstot l\u012bdz 20% no to saus\u0101 svara mitrum\u0101, nej\u016btot mitrumu pieskaroties.<\/p>\n<p>Loops: 100% linen<\/p>\n<p>Base: 100% Cotton<\/p>","protected":false},"excerpt":{"rendered":"<p>Loops: 100% linen<\/p>\n<p>Base: 100% Cotton<\/p>\n","protected":false},"featured_media":14787,"template":"","meta":[],"product_brand":[],"product_cat":[501],"product_tag":[],"class_list":{"0":"post-14786","1":"product","2":"type-product","3":"status-publish","4":"has-post-thumbnail","6":"product_cat-accessories","7":"pa_gift-box-no-gift-box","8":"pa_gift-box-gift-box","10":"first","11":"instock","12":"taxable","13":"shipping-taxable","14":"purchasable","15":"product-type-simple"},"yoast_head":"<!-- This site is optimized with the Yoast SEO Premium plugin v22.6 (Yoast SEO v27.3) - https:\/\/yoast.com\/product\/yoast-seo-premium-wordpress\/ -->\n<title>LINA VANNAS S\u016aKLIS, 15 x 70cm - NATURAL SOAP<\/title>\n<meta name=\"description\" content=\"Linen back washer is an ideal for those who like a small massage in a shower or sauna to improve blood circulation. Loops: 100% linenBase: 100% Cotton.\" \/>\n<meta name=\"robots\" content=\"index, follow, max-snippet:-1, max-image-preview:large, max-video-preview:-1\" \/>\n<link rel=\"canonical\" href=\"https:\/\/naturalsoap.lv\/lv\/shop\/accessories\/lina-vannas-suklis\/\" \/>\n<meta property=\"og:locale\" content=\"lv_LV\" \/>\n<meta property=\"og:type\" content=\"article\" \/>\n<meta property=\"og:title\" content=\"[:lv]LINA VANNAS S\u016aKLIS, 15 x 70cm[:en]LINEN BACK WASHER, 15 x 70cm[:de]LEINENBADESCHWAMM, 15 x 70cm[:ru]\u041b\u042c\u041d\u042f\u041d\u0410\u042f \u041c\u041e\u0427\u0410\u041b\u041a\u0410, 15 x 70cm[:]\" \/>\n<meta property=\"og:description\" content=\"Linen back washer is an ideal for those who like a small massage in a shower or sauna to improve blood circulation. Loops: 100% linenBase: 100% Cotton.\" \/>\n<meta property=\"og:url\" content=\"https:\/\/naturalsoap.lv\/lv\/shop\/accessories\/lina-vannas-suklis\/\" \/>\n<meta property=\"og:site_name\" content=\"NATURAL SOAP\" \/>\n<meta property=\"article:modified_time\" content=\"2025-02-24T08:50:15+00:00\" \/>\n<meta property=\"og:image\" content=\"https:\/\/naturalsoap.lv\/wp-content\/uploads\/2024\/05\/BACK-WASHER-e1730123481920.jpg\" \/>\n\t<meta property=\"og:image:width\" content=\"900\" \/>\n\t<meta property=\"og:image:height\" content=\"685\" \/>\n\t<meta property=\"og:image:type\" content=\"image\/jpeg\" \/>\n<meta name=\"twitter:card\" content=\"summary_large_image\" \/>\n<meta name=\"twitter:label1\" content=\"Est. reading time\" \/>\n\t<meta name=\"twitter:data1\" content=\"1 minute\" \/>\n<script type=\"application\/ld+json\" class=\"yoast-schema-graph\">{\"@context\":\"https:\\\/\\\/schema.org\",\"@graph\":[{\"@type\":\"WebPage\",\"@id\":\"https:\\\/\\\/naturalsoap.lv\\\/lv\\\/shop\\\/accessories\\\/lina-vannas-suklis\\\/\",\"url\":\"https:\\\/\\\/naturalsoap.lv\\\/lv\\\/shop\\\/accessories\\\/lina-vannas-suklis\\\/\",\"name\":\"[:lv]LINA VANNAS S\u016aKLIS, 15 x 70cm[:en]LINEN BACK WASHER, 15 x 70cm[:de]LEINENBADESCHWAMM, 15 x 70cm[:ru]\u041b\u042c\u041d\u042f\u041d\u0410\u042f \u041c\u041e\u0427\u0410\u041b\u041a\u0410, 15 x 70cm[:] - NATURAL SOAP\",\"isPartOf\":{\"@id\":\"https:\\\/\\\/naturalsoap.lv\\\/en\\\/#website\"},\"primaryImageOfPage\":{\"@id\":\"https:\\\/\\\/naturalsoap.lv\\\/lv\\\/shop\\\/accessories\\\/lina-vannas-suklis\\\/#primaryimage\"},\"image\":{\"@id\":\"https:\\\/\\\/naturalsoap.lv\\\/lv\\\/shop\\\/accessories\\\/lina-vannas-suklis\\\/#primaryimage\"},\"thumbnailUrl\":\"https:\\\/\\\/naturalsoap.lv\\\/wp-content\\\/uploads\\\/2024\\\/05\\\/BACK-WASHER-e1730123481920.jpg\",\"datePublished\":\"2024-05-30T07:09:14+00:00\",\"dateModified\":\"2025-02-24T08:50:15+00:00\",\"description\":\"Linen back washer is an ideal for those who like a small massage in a shower or sauna to improve blood circulation. Loops: 100% linenBase: 100% Cotton.\",\"breadcrumb\":{\"@id\":\"https:\\\/\\\/naturalsoap.lv\\\/lv\\\/shop\\\/accessories\\\/lina-vannas-suklis\\\/#breadcrumb\"},\"inLanguage\":\"lv-LV\",\"potentialAction\":[{\"@type\":\"ReadAction\",\"target\":[\"https:\\\/\\\/naturalsoap.lv\\\/lv\\\/shop\\\/accessories\\\/lina-vannas-suklis\\\/\"]}]},{\"@type\":\"ImageObject\",\"inLanguage\":\"lv-LV\",\"@id\":\"https:\\\/\\\/naturalsoap.lv\\\/lv\\\/shop\\\/accessories\\\/lina-vannas-suklis\\\/#primaryimage\",\"url\":\"https:\\\/\\\/naturalsoap.lv\\\/wp-content\\\/uploads\\\/2024\\\/05\\\/BACK-WASHER-e1730123481920.jpg\",\"contentUrl\":\"https:\\\/\\\/naturalsoap.lv\\\/wp-content\\\/uploads\\\/2024\\\/05\\\/BACK-WASHER-e1730123481920.jpg\",\"width\":900,\"height\":685,\"caption\":\"LINEN BACK WASHER, 15 x 70cm\"},{\"@type\":\"BreadcrumbList\",\"@id\":\"https:\\\/\\\/naturalsoap.lv\\\/lv\\\/shop\\\/accessories\\\/lina-vannas-suklis\\\/#breadcrumb\",\"itemListElement\":[{\"@type\":\"ListItem\",\"position\":1,\"name\":\"Home\",\"item\":\"https:\\\/\\\/naturalsoap.lv\\\/en\\\/\"},{\"@type\":\"ListItem\",\"position\":2,\"name\":\"Shop\",\"item\":\"https:\\\/\\\/naturalsoap.lv\\\/en\\\/shop\\\/\"},{\"@type\":\"ListItem\",\"position\":3,\"name\":\"LINA VANNAS S\u016aKLIS, 15 x 70cm\"}]},{\"@type\":\"WebSite\",\"@id\":\"https:\\\/\\\/naturalsoap.lv\\\/en\\\/#website\",\"url\":\"https:\\\/\\\/naturalsoap.lv\\\/en\\\/\",\"name\":\"NATURAL SOAP\",\"description\":\"Kosm\u0113tika vannai un du\u0161ai. Roku darbs.\",\"publisher\":{\"@id\":\"https:\\\/\\\/naturalsoap.lv\\\/en\\\/#organization\"},\"potentialAction\":[{\"@type\":\"SearchAction\",\"target\":{\"@type\":\"EntryPoint\",\"urlTemplate\":\"https:\\\/\\\/naturalsoap.lv\\\/en\\\/?s={search_term_string}\"},\"query-input\":{\"@type\":\"PropertyValueSpecification\",\"valueRequired\":true,\"valueName\":\"search_term_string\"}}],\"inLanguage\":\"lv-LV\"},{\"@type\":\"Organization\",\"@id\":\"https:\\\/\\\/naturalsoap.lv\\\/en\\\/#organization\",\"name\":\"NATURAL SOAP\",\"url\":\"https:\\\/\\\/naturalsoap.lv\\\/en\\\/\",\"logo\":{\"@type\":\"ImageObject\",\"inLanguage\":\"lv-LV\",\"@id\":\"https:\\\/\\\/naturalsoap.lv\\\/en\\\/#\\\/schema\\\/logo\\\/image\\\/\",\"url\":\"https:\\\/\\\/naturalsoap.lv\\\/wp-content\\\/uploads\\\/2024\\\/05\\\/Logo.svg\",\"contentUrl\":\"https:\\\/\\\/naturalsoap.lv\\\/wp-content\\\/uploads\\\/2024\\\/05\\\/Logo.svg\",\"width\":125,\"height\":34,\"caption\":\"NATURAL SOAP\"},\"image\":{\"@id\":\"https:\\\/\\\/naturalsoap.lv\\\/en\\\/#\\\/schema\\\/logo\\\/image\\\/\"}}]}<\/script>\n<!-- \/ Yoast SEO Premium plugin. -->","yoast_head_json":{"title":"[:lv]LINA VANNAS S\u016aKLIS, 15 x 70cm[:en]LINEN BACK WASHER, 15 x 70cm[:de]LEINENBADESCHWAMM, 15 x 70cm[:ru]\u041b\u042c\u041d\u042f\u041d\u0410\u042f \u041c\u041e\u0427\u0410\u041b\u041a\u0410, 15 x 70cm[:] - NATURAL SOAP","description":"Linen back washer is an ideal for those who like a small massage in a shower or sauna to improve blood circulation. Loops: 100% linenBase: 100% Cotton.","robots":{"index":"index","follow":"follow","max-snippet":"max-snippet:-1","max-image-preview":"max-image-preview:large","max-video-preview":"max-video-preview:-1"},"canonical":"https:\/\/naturalsoap.lv\/lv\/shop\/accessories\/lina-vannas-suklis\/","og_locale":"lv_LV","og_type":"article","og_title":"[:lv]LINA VANNAS S\u016aKLIS, 15 x 70cm[:en]LINEN BACK WASHER, 15 x 70cm[:de]LEINENBADESCHWAMM, 15 x 70cm[:ru]\u041b\u042c\u041d\u042f\u041d\u0410\u042f \u041c\u041e\u0427\u0410\u041b\u041a\u0410, 15 x 70cm[:]","og_description":"Linen back washer is an ideal for those who like a small massage in a shower or sauna to improve blood circulation. Loops: 100% linenBase: 100% Cotton.","og_url":"https:\/\/naturalsoap.lv\/lv\/shop\/accessories\/lina-vannas-suklis\/","og_site_name":"NATURAL SOAP","article_modified_time":"2025-02-24T08:50:15+00:00","og_image":[{"width":900,"height":685,"url":"https:\/\/naturalsoap.lv\/wp-content\/uploads\/2024\/05\/BACK-WASHER-e1730123481920.jpg","type":"image\/jpeg"}],"twitter_card":"summary_large_image","twitter_misc":{"Est. reading time":"1 minute"},"schema":{"@context":"https:\/\/schema.org","@graph":[{"@type":"WebPage","@id":"https:\/\/naturalsoap.lv\/lv\/shop\/accessories\/lina-vannas-suklis\/","url":"https:\/\/naturalsoap.lv\/lv\/shop\/accessories\/lina-vannas-suklis\/","name":"[:lv]LINA VANNAS S\u016aKLIS, 15 x 70cm[:en]LINEN BACK WASHER, 15 x 70cm[:de]LEINENBADESCHWAMM, 15 x 70cm[:ru]\u041b\u042c\u041d\u042f\u041d\u0410\u042f \u041c\u041e\u0427\u0410\u041b\u041a\u0410, 15 x 70cm[:] - NATURAL SOAP","isPartOf":{"@id":"https:\/\/naturalsoap.lv\/en\/#website"},"primaryImageOfPage":{"@id":"https:\/\/naturalsoap.lv\/lv\/shop\/accessories\/lina-vannas-suklis\/#primaryimage"},"image":{"@id":"https:\/\/naturalsoap.lv\/lv\/shop\/accessories\/lina-vannas-suklis\/#primaryimage"},"thumbnailUrl":"https:\/\/naturalsoap.lv\/wp-content\/uploads\/2024\/05\/BACK-WASHER-e1730123481920.jpg","datePublished":"2024-05-30T07:09:14+00:00","dateModified":"2025-02-24T08:50:15+00:00","description":"Linen back washer is an ideal for those who like a small massage in a shower or sauna to improve blood circulation. Loops: 100% linenBase: 100% Cotton.","breadcrumb":{"@id":"https:\/\/naturalsoap.lv\/lv\/shop\/accessories\/lina-vannas-suklis\/#breadcrumb"},"inLanguage":"lv-LV","potentialAction":[{"@type":"ReadAction","target":["https:\/\/naturalsoap.lv\/lv\/shop\/accessories\/lina-vannas-suklis\/"]}]},{"@type":"ImageObject","inLanguage":"lv-LV","@id":"https:\/\/naturalsoap.lv\/lv\/shop\/accessories\/lina-vannas-suklis\/#primaryimage","url":"https:\/\/naturalsoap.lv\/wp-content\/uploads\/2024\/05\/BACK-WASHER-e1730123481920.jpg","contentUrl":"https:\/\/naturalsoap.lv\/wp-content\/uploads\/2024\/05\/BACK-WASHER-e1730123481920.jpg","width":900,"height":685,"caption":"LINEN BACK WASHER, 15 x 70cm"},{"@type":"BreadcrumbList","@id":"https:\/\/naturalsoap.lv\/lv\/shop\/accessories\/lina-vannas-suklis\/#breadcrumb","itemListElement":[{"@type":"ListItem","position":1,"name":"Home","item":"https:\/\/naturalsoap.lv\/en\/"},{"@type":"ListItem","position":2,"name":"Shop","item":"https:\/\/naturalsoap.lv\/en\/shop\/"},{"@type":"ListItem","position":3,"name":"LINA VANNAS S\u016aKLIS, 15 x 70cm"}]},{"@type":"WebSite","@id":"https:\/\/naturalsoap.lv\/en\/#website","url":"https:\/\/naturalsoap.lv\/en\/","name":"NATURAL SOAP","description":"Kosm\u0113tika vannai un du\u0161ai. Roku darbs.","publisher":{"@id":"https:\/\/naturalsoap.lv\/en\/#organization"},"potentialAction":[{"@type":"SearchAction","target":{"@type":"EntryPoint","urlTemplate":"https:\/\/naturalsoap.lv\/en\/?s={search_term_string}"},"query-input":{"@type":"PropertyValueSpecification","valueRequired":true,"valueName":"search_term_string"}}],"inLanguage":"lv-LV"},{"@type":"Organization","@id":"https:\/\/naturalsoap.lv\/en\/#organization","name":"NATURAL SOAP","url":"https:\/\/naturalsoap.lv\/en\/","logo":{"@type":"ImageObject","inLanguage":"lv-LV","@id":"https:\/\/naturalsoap.lv\/en\/#\/schema\/logo\/image\/","url":"https:\/\/naturalsoap.lv\/wp-content\/uploads\/2024\/05\/Logo.svg","contentUrl":"https:\/\/naturalsoap.lv\/wp-content\/uploads\/2024\/05\/Logo.svg","width":125,"height":34,"caption":"NATURAL SOAP"},"image":{"@id":"https:\/\/naturalsoap.lv\/en\/#\/schema\/logo\/image\/"}}]}},"_links":{"self":[{"href":"https:\/\/naturalsoap.lv\/lv\/wp-json\/wp\/v2\/product\/14786","targetHints":{"allow":["GET"]}}],"collection":[{"href":"https:\/\/naturalsoap.lv\/lv\/wp-json\/wp\/v2\/product"}],"about":[{"href":"https:\/\/naturalsoap.lv\/lv\/wp-json\/wp\/v2\/types\/product"}],"wp:featuredmedia":[{"embeddable":true,"href":"https:\/\/naturalsoap.lv\/lv\/wp-json\/wp\/v2\/media\/14787"}],"wp:attachment":[{"href":"https:\/\/naturalsoap.lv\/lv\/wp-json\/wp\/v2\/media?parent=14786"}],"wp:term":[{"taxonomy":"product_brand","embeddable":true,"href":"https:\/\/naturalsoap.lv\/lv\/wp-json\/wp\/v2\/product_brand?post=14786"},{"taxonomy":"product_cat","embeddable":true,"href":"https:\/\/naturalsoap.lv\/lv\/wp-json\/wp\/v2\/product_cat?post=14786"},{"taxonomy":"product_tag","embeddable":true,"href":"https:\/\/naturalsoap.lv\/lv\/wp-json\/wp\/v2\/product_tag?post=14786"}],"curies":[{"name":"wp","href":"https:\/\/api.w.org\/{rel}","templated":true}]}}