{"id":14725,"date":"2024-05-30T07:06:00","date_gmt":"2024-05-30T07:06:00","guid":{"rendered":"https:\/\/321.optimum.lv\/product\/kermena-sviests-cranberry-70gr\/"},"modified":"2025-04-15T09:21:10","modified_gmt":"2025-04-15T09:21:10","slug":"kermena-sviests-cranberry-70gr","status":"publish","type":"product","link":"https:\/\/naturalsoap.lv\/lv\/shop\/body-butter\/kermena-sviests-cranberry-70gr\/","title":{"rendered":"\u0136ERME\u0145A SVIESTS &#8216;CRANBERRY&#8217;, 70gr"},"content":{"rendered":"<p>Dabisks, bag\u0101t\u012bgs un maiguma pies\u0101tin\u0101ts \u0137erme\u0146a sviests, kas diendien\u0101 g\u0101d\u0101s par tavas \u0101das iedarb\u012bgu baro\u0161anu un m\u012bkstin\u0101\u0161anu.<\/p>\n<p>T\u0101 ir \u012bstena dabas d\u0101rgumu l\u0101d\u012bte, piepild\u012bta ar \u0161\u012b, kokosriekstu un kakao sviestu, saulespu\u0137es e\u013c\u013cu, karnauba vasku, r\u016bp\u0113m par tavas \u0101das skaistumu un labsaj\u016btu. Viegli ies\u016bcas, neatst\u0101j taukainu saj\u016btu. Ide\u0101li piem\u0113rots jebkuram \u0101das tipam.<\/p>\n<p><strong>\u0160\u012b sviests\u00a0<\/strong>piem\u0113rots \u0101das baro\u0161anai un aizsardz\u012bbai no \u0101r\u0113j\u0101s vides kait\u012bg\u0101s ietekmes. \u0160\u012b sviests ir dab\u012bgs kr\u0113ms ar A vitam\u012bnu. Tas ir fantastisks \u0101du mitrino\u0161s l\u012bdzeklis ar lielisk\u0101m dziedino\u0161\u0101m \u012bpa\u0161\u012bb\u0101m. \u0160\u012b sviests pal\u012bdz aizsarg\u0101t \u0101du no ultravioletajiem stariem un pal\u012bdz c\u012bn\u012bties ar \u0101das aler\u0123ij\u0101m. \u0160\u012b sviests pal\u012bdz dziedin\u0101t br\u016bces un ir lielisks ar\u012b j\u016bt\u012bgai \u0101dai, jo nenosprosto poras.<\/p>\n<p><strong>Kokosriekstu sviests\u00a0<\/strong>mitrina \u0101du, nov\u0113r\u0161 sausumu un lob\u012b\u0161anos.<\/p>\n<p><strong>Kakao sviests\u00a0<\/strong>ir lielisks m\u012bkstino\u0161s l\u012bdzekl\u012bs, kas m\u012bkstina un aizsarg\u0101 sausu, saspr\u0113g\u0101ju\u0161u \u0101du.<\/p>\n<p><strong>Saulespu\u0137u e\u013c\u013ca\u00a0<\/strong>ir bag\u0101ta ar\u012b ar antioksidantiem, kas pal\u012bdz nov\u0113rst \u0101das priek\u0161laic\u012bgu noveco\u0161anos. Pal\u012bdz \u0101dai saglab\u0101t dabisko mitrumu.<\/p>\n<p><strong>Karnauba vasks\u00a0<\/strong>aizsarg\u0101 \u0101du un saglab\u0101 to elast\u012bbu.<\/p>","protected":false},"excerpt":{"rendered":"<p>INCI: Aqua, Helianthus Annuus Sunflower Seed Oil, Butyrospermum Parkii (Shea) Butter, Glyceryl Mono Stearate, Theobroma Cacao (Cocoa) Seed Butter , Cetearyl Alcohol, Copernicia (Carnauba) Cerifera wax, Coco Glucoside, Parfum, Phenoxyethanol, Benzoic Acid, Xanthan Gum, Dehydroacetic Acid, Citral, Citronellol, D-Limonene, Geraniol Fine, Hexyl Cinnamic Aldehyde Alpha, Linalool<\/p>\n<p>Ra\u017eot\u0101js: SIA GARTDA, Alejas iela 73, Daugavpils, LV-5401, Latvija, T. +371 65420849, <a href=\"mailto:info@gartda.lv\">info@gartda.lv<\/a><\/p>\n","protected":false},"featured_media":14726,"template":"","meta":[],"product_brand":[],"product_cat":[492],"product_tag":[],"class_list":{"0":"post-14725","1":"product","2":"type-product","3":"status-publish","4":"has-post-thumbnail","6":"product_cat-body-butter","7":"pa_gift-box-no-gift-box","8":"pa_gift-box-gift-box","10":"first","11":"instock","12":"taxable","13":"shipping-taxable","14":"purchasable","15":"product-type-simple"},"yoast_head":"<!-- This site is optimized with the Yoast SEO Premium plugin v22.6 (Yoast SEO v27.3) - https:\/\/yoast.com\/product\/yoast-seo-premium-wordpress\/ -->\n<title>\u0136ERME\u0145A SVIESTS &#039;CRANBERRY&#039;, 70gr - NATURAL SOAP<\/title>\n<meta name=\"description\" content=\"BODY BUTTER &#039;CRANBERRY&#039;. Paraben Free. Our Body Butter is absorbed quickly and leaves behind skin that feels velvety smooth.\" \/>\n<meta name=\"robots\" content=\"index, follow, max-snippet:-1, max-image-preview:large, max-video-preview:-1\" \/>\n<link rel=\"canonical\" href=\"https:\/\/naturalsoap.lv\/lv\/shop\/body-butter\/kermena-sviests-cranberry-70gr\/\" \/>\n<meta property=\"og:locale\" content=\"lv_LV\" \/>\n<meta property=\"og:type\" content=\"article\" \/>\n<meta property=\"og:title\" content=\"[:lv]\u0136ERME\u0145A SVIESTS &#039;CRANBERRY&#039;, 70gr[:en]BODY BUTTER &#039;CRANBERRY&#039;, 70gr[:de]K\u00d6RPERBUTTER &#039;CRANBERRY&#039;, 70gr[:ru]\u041c\u0410\u0421\u041b\u041e \u0414\u041b\u042f \u0422\u0415\u041b\u0410 &#039;CRANBERRY&#039;, 70\u0433\u0440[:]\" \/>\n<meta property=\"og:description\" content=\"BODY BUTTER &#039;CRANBERRY&#039;. Paraben Free. Our Body Butter is absorbed quickly and leaves behind skin that feels velvety smooth.\" \/>\n<meta property=\"og:url\" content=\"https:\/\/naturalsoap.lv\/lv\/shop\/body-butter\/kermena-sviests-cranberry-70gr\/\" \/>\n<meta property=\"og:site_name\" content=\"NATURAL SOAP\" \/>\n<meta property=\"article:modified_time\" content=\"2025-04-15T09:21:10+00:00\" \/>\n<meta property=\"og:image\" content=\"https:\/\/naturalsoap.lv\/wp-content\/uploads\/2024\/05\/595d3defacabca78bcfd1556ef131967_1692088906-e1730201311897.jpeg\" \/>\n\t<meta property=\"og:image:width\" content=\"900\" \/>\n\t<meta property=\"og:image:height\" content=\"586\" \/>\n\t<meta property=\"og:image:type\" content=\"image\/jpeg\" \/>\n<meta name=\"twitter:card\" content=\"summary_large_image\" \/>\n<meta name=\"twitter:label1\" content=\"Est. reading time\" \/>\n\t<meta name=\"twitter:data1\" content=\"2 minutes\" \/>\n<script type=\"application\/ld+json\" class=\"yoast-schema-graph\">{\"@context\":\"https:\\\/\\\/schema.org\",\"@graph\":[{\"@type\":\"WebPage\",\"@id\":\"https:\\\/\\\/naturalsoap.lv\\\/lv\\\/shop\\\/body-butter\\\/kermena-sviests-cranberry-70gr\\\/\",\"url\":\"https:\\\/\\\/naturalsoap.lv\\\/lv\\\/shop\\\/body-butter\\\/kermena-sviests-cranberry-70gr\\\/\",\"name\":\"[:lv]\u0136ERME\u0145A SVIESTS 'CRANBERRY', 70gr[:en]BODY BUTTER 'CRANBERRY', 70gr[:de]K\u00d6RPERBUTTER 'CRANBERRY', 70gr[:ru]\u041c\u0410\u0421\u041b\u041e \u0414\u041b\u042f \u0422\u0415\u041b\u0410 'CRANBERRY', 70\u0433\u0440[:] - NATURAL SOAP\",\"isPartOf\":{\"@id\":\"https:\\\/\\\/naturalsoap.lv\\\/en\\\/#website\"},\"primaryImageOfPage\":{\"@id\":\"https:\\\/\\\/naturalsoap.lv\\\/lv\\\/shop\\\/body-butter\\\/kermena-sviests-cranberry-70gr\\\/#primaryimage\"},\"image\":{\"@id\":\"https:\\\/\\\/naturalsoap.lv\\\/lv\\\/shop\\\/body-butter\\\/kermena-sviests-cranberry-70gr\\\/#primaryimage\"},\"thumbnailUrl\":\"https:\\\/\\\/naturalsoap.lv\\\/wp-content\\\/uploads\\\/2024\\\/05\\\/595d3defacabca78bcfd1556ef131967_1692088906-e1730201311897.jpeg\",\"datePublished\":\"2024-05-30T07:06:00+00:00\",\"dateModified\":\"2025-04-15T09:21:10+00:00\",\"description\":\"BODY BUTTER 'CRANBERRY'. Paraben Free. Our Body Butter is absorbed quickly and leaves behind skin that feels velvety smooth.\",\"breadcrumb\":{\"@id\":\"https:\\\/\\\/naturalsoap.lv\\\/lv\\\/shop\\\/body-butter\\\/kermena-sviests-cranberry-70gr\\\/#breadcrumb\"},\"inLanguage\":\"lv-LV\",\"potentialAction\":[{\"@type\":\"ReadAction\",\"target\":[\"https:\\\/\\\/naturalsoap.lv\\\/lv\\\/shop\\\/body-butter\\\/kermena-sviests-cranberry-70gr\\\/\"]}]},{\"@type\":\"ImageObject\",\"inLanguage\":\"lv-LV\",\"@id\":\"https:\\\/\\\/naturalsoap.lv\\\/lv\\\/shop\\\/body-butter\\\/kermena-sviests-cranberry-70gr\\\/#primaryimage\",\"url\":\"https:\\\/\\\/naturalsoap.lv\\\/wp-content\\\/uploads\\\/2024\\\/05\\\/595d3defacabca78bcfd1556ef131967_1692088906-e1730201311897.jpeg\",\"contentUrl\":\"https:\\\/\\\/naturalsoap.lv\\\/wp-content\\\/uploads\\\/2024\\\/05\\\/595d3defacabca78bcfd1556ef131967_1692088906-e1730201311897.jpeg\",\"width\":900,\"height\":586,\"caption\":\"BODY BUTTER 'CRANBERRY', 70gr\"},{\"@type\":\"BreadcrumbList\",\"@id\":\"https:\\\/\\\/naturalsoap.lv\\\/lv\\\/shop\\\/body-butter\\\/kermena-sviests-cranberry-70gr\\\/#breadcrumb\",\"itemListElement\":[{\"@type\":\"ListItem\",\"position\":1,\"name\":\"Home\",\"item\":\"https:\\\/\\\/naturalsoap.lv\\\/en\\\/\"},{\"@type\":\"ListItem\",\"position\":2,\"name\":\"Shop\",\"item\":\"https:\\\/\\\/naturalsoap.lv\\\/en\\\/shop\\\/\"},{\"@type\":\"ListItem\",\"position\":3,\"name\":\"\u0136ERME\u0145A SVIESTS &#8216;CRANBERRY&#8217;, 70gr\"}]},{\"@type\":\"WebSite\",\"@id\":\"https:\\\/\\\/naturalsoap.lv\\\/en\\\/#website\",\"url\":\"https:\\\/\\\/naturalsoap.lv\\\/en\\\/\",\"name\":\"NATURAL SOAP\",\"description\":\"Kosm\u0113tika vannai un du\u0161ai. Roku darbs.\",\"publisher\":{\"@id\":\"https:\\\/\\\/naturalsoap.lv\\\/en\\\/#organization\"},\"potentialAction\":[{\"@type\":\"SearchAction\",\"target\":{\"@type\":\"EntryPoint\",\"urlTemplate\":\"https:\\\/\\\/naturalsoap.lv\\\/en\\\/?s={search_term_string}\"},\"query-input\":{\"@type\":\"PropertyValueSpecification\",\"valueRequired\":true,\"valueName\":\"search_term_string\"}}],\"inLanguage\":\"lv-LV\"},{\"@type\":\"Organization\",\"@id\":\"https:\\\/\\\/naturalsoap.lv\\\/en\\\/#organization\",\"name\":\"NATURAL SOAP\",\"url\":\"https:\\\/\\\/naturalsoap.lv\\\/en\\\/\",\"logo\":{\"@type\":\"ImageObject\",\"inLanguage\":\"lv-LV\",\"@id\":\"https:\\\/\\\/naturalsoap.lv\\\/en\\\/#\\\/schema\\\/logo\\\/image\\\/\",\"url\":\"https:\\\/\\\/naturalsoap.lv\\\/wp-content\\\/uploads\\\/2024\\\/05\\\/Logo.svg\",\"contentUrl\":\"https:\\\/\\\/naturalsoap.lv\\\/wp-content\\\/uploads\\\/2024\\\/05\\\/Logo.svg\",\"width\":125,\"height\":34,\"caption\":\"NATURAL SOAP\"},\"image\":{\"@id\":\"https:\\\/\\\/naturalsoap.lv\\\/en\\\/#\\\/schema\\\/logo\\\/image\\\/\"}}]}<\/script>\n<!-- \/ Yoast SEO Premium plugin. -->","yoast_head_json":{"title":"[:lv]\u0136ERME\u0145A SVIESTS 'CRANBERRY', 70gr[:en]BODY BUTTER 'CRANBERRY', 70gr[:de]K\u00d6RPERBUTTER 'CRANBERRY', 70gr[:ru]\u041c\u0410\u0421\u041b\u041e \u0414\u041b\u042f \u0422\u0415\u041b\u0410 'CRANBERRY', 70\u0433\u0440[:] - NATURAL SOAP","description":"BODY BUTTER 'CRANBERRY'. Paraben Free. Our Body Butter is absorbed quickly and leaves behind skin that feels velvety smooth.","robots":{"index":"index","follow":"follow","max-snippet":"max-snippet:-1","max-image-preview":"max-image-preview:large","max-video-preview":"max-video-preview:-1"},"canonical":"https:\/\/naturalsoap.lv\/lv\/shop\/body-butter\/kermena-sviests-cranberry-70gr\/","og_locale":"lv_LV","og_type":"article","og_title":"[:lv]\u0136ERME\u0145A SVIESTS 'CRANBERRY', 70gr[:en]BODY BUTTER 'CRANBERRY', 70gr[:de]K\u00d6RPERBUTTER 'CRANBERRY', 70gr[:ru]\u041c\u0410\u0421\u041b\u041e \u0414\u041b\u042f \u0422\u0415\u041b\u0410 'CRANBERRY', 70\u0433\u0440[:]","og_description":"BODY BUTTER 'CRANBERRY'. Paraben Free. Our Body Butter is absorbed quickly and leaves behind skin that feels velvety smooth.","og_url":"https:\/\/naturalsoap.lv\/lv\/shop\/body-butter\/kermena-sviests-cranberry-70gr\/","og_site_name":"NATURAL SOAP","article_modified_time":"2025-04-15T09:21:10+00:00","og_image":[{"width":900,"height":586,"url":"https:\/\/naturalsoap.lv\/wp-content\/uploads\/2024\/05\/595d3defacabca78bcfd1556ef131967_1692088906-e1730201311897.jpeg","type":"image\/jpeg"}],"twitter_card":"summary_large_image","twitter_misc":{"Est. reading time":"2 minutes"},"schema":{"@context":"https:\/\/schema.org","@graph":[{"@type":"WebPage","@id":"https:\/\/naturalsoap.lv\/lv\/shop\/body-butter\/kermena-sviests-cranberry-70gr\/","url":"https:\/\/naturalsoap.lv\/lv\/shop\/body-butter\/kermena-sviests-cranberry-70gr\/","name":"[:lv]\u0136ERME\u0145A SVIESTS 'CRANBERRY', 70gr[:en]BODY BUTTER 'CRANBERRY', 70gr[:de]K\u00d6RPERBUTTER 'CRANBERRY', 70gr[:ru]\u041c\u0410\u0421\u041b\u041e \u0414\u041b\u042f \u0422\u0415\u041b\u0410 'CRANBERRY', 70\u0433\u0440[:] - NATURAL SOAP","isPartOf":{"@id":"https:\/\/naturalsoap.lv\/en\/#website"},"primaryImageOfPage":{"@id":"https:\/\/naturalsoap.lv\/lv\/shop\/body-butter\/kermena-sviests-cranberry-70gr\/#primaryimage"},"image":{"@id":"https:\/\/naturalsoap.lv\/lv\/shop\/body-butter\/kermena-sviests-cranberry-70gr\/#primaryimage"},"thumbnailUrl":"https:\/\/naturalsoap.lv\/wp-content\/uploads\/2024\/05\/595d3defacabca78bcfd1556ef131967_1692088906-e1730201311897.jpeg","datePublished":"2024-05-30T07:06:00+00:00","dateModified":"2025-04-15T09:21:10+00:00","description":"BODY BUTTER 'CRANBERRY'. Paraben Free. Our Body Butter is absorbed quickly and leaves behind skin that feels velvety smooth.","breadcrumb":{"@id":"https:\/\/naturalsoap.lv\/lv\/shop\/body-butter\/kermena-sviests-cranberry-70gr\/#breadcrumb"},"inLanguage":"lv-LV","potentialAction":[{"@type":"ReadAction","target":["https:\/\/naturalsoap.lv\/lv\/shop\/body-butter\/kermena-sviests-cranberry-70gr\/"]}]},{"@type":"ImageObject","inLanguage":"lv-LV","@id":"https:\/\/naturalsoap.lv\/lv\/shop\/body-butter\/kermena-sviests-cranberry-70gr\/#primaryimage","url":"https:\/\/naturalsoap.lv\/wp-content\/uploads\/2024\/05\/595d3defacabca78bcfd1556ef131967_1692088906-e1730201311897.jpeg","contentUrl":"https:\/\/naturalsoap.lv\/wp-content\/uploads\/2024\/05\/595d3defacabca78bcfd1556ef131967_1692088906-e1730201311897.jpeg","width":900,"height":586,"caption":"BODY BUTTER 'CRANBERRY', 70gr"},{"@type":"BreadcrumbList","@id":"https:\/\/naturalsoap.lv\/lv\/shop\/body-butter\/kermena-sviests-cranberry-70gr\/#breadcrumb","itemListElement":[{"@type":"ListItem","position":1,"name":"Home","item":"https:\/\/naturalsoap.lv\/en\/"},{"@type":"ListItem","position":2,"name":"Shop","item":"https:\/\/naturalsoap.lv\/en\/shop\/"},{"@type":"ListItem","position":3,"name":"\u0136ERME\u0145A SVIESTS &#8216;CRANBERRY&#8217;, 70gr"}]},{"@type":"WebSite","@id":"https:\/\/naturalsoap.lv\/en\/#website","url":"https:\/\/naturalsoap.lv\/en\/","name":"NATURAL SOAP","description":"Kosm\u0113tika vannai un du\u0161ai. Roku darbs.","publisher":{"@id":"https:\/\/naturalsoap.lv\/en\/#organization"},"potentialAction":[{"@type":"SearchAction","target":{"@type":"EntryPoint","urlTemplate":"https:\/\/naturalsoap.lv\/en\/?s={search_term_string}"},"query-input":{"@type":"PropertyValueSpecification","valueRequired":true,"valueName":"search_term_string"}}],"inLanguage":"lv-LV"},{"@type":"Organization","@id":"https:\/\/naturalsoap.lv\/en\/#organization","name":"NATURAL SOAP","url":"https:\/\/naturalsoap.lv\/en\/","logo":{"@type":"ImageObject","inLanguage":"lv-LV","@id":"https:\/\/naturalsoap.lv\/en\/#\/schema\/logo\/image\/","url":"https:\/\/naturalsoap.lv\/wp-content\/uploads\/2024\/05\/Logo.svg","contentUrl":"https:\/\/naturalsoap.lv\/wp-content\/uploads\/2024\/05\/Logo.svg","width":125,"height":34,"caption":"NATURAL SOAP"},"image":{"@id":"https:\/\/naturalsoap.lv\/en\/#\/schema\/logo\/image\/"}}]}},"_links":{"self":[{"href":"https:\/\/naturalsoap.lv\/lv\/wp-json\/wp\/v2\/product\/14725","targetHints":{"allow":["GET"]}}],"collection":[{"href":"https:\/\/naturalsoap.lv\/lv\/wp-json\/wp\/v2\/product"}],"about":[{"href":"https:\/\/naturalsoap.lv\/lv\/wp-json\/wp\/v2\/types\/product"}],"wp:featuredmedia":[{"embeddable":true,"href":"https:\/\/naturalsoap.lv\/lv\/wp-json\/wp\/v2\/media\/14726"}],"wp:attachment":[{"href":"https:\/\/naturalsoap.lv\/lv\/wp-json\/wp\/v2\/media?parent=14725"}],"wp:term":[{"taxonomy":"product_brand","embeddable":true,"href":"https:\/\/naturalsoap.lv\/lv\/wp-json\/wp\/v2\/product_brand?post=14725"},{"taxonomy":"product_cat","embeddable":true,"href":"https:\/\/naturalsoap.lv\/lv\/wp-json\/wp\/v2\/product_cat?post=14725"},{"taxonomy":"product_tag","embeddable":true,"href":"https:\/\/naturalsoap.lv\/lv\/wp-json\/wp\/v2\/product_tag?post=14725"}],"curies":[{"name":"wp","href":"https:\/\/api.w.org\/{rel}","templated":true}]}}