{"id":14717,"date":"2024-05-30T07:06:00","date_gmt":"2024-05-30T07:06:00","guid":{"rendered":"https:\/\/321.optimum.lv\/product\/sampuns-space-200ml\/"},"modified":"2025-04-15T10:25:05","modified_gmt":"2025-04-15T10:25:05","slug":"sampuns-space-200ml","status":"publish","type":"product","link":"https:\/\/naturalsoap.lv\/lv\/shop\/shampoo\/sampuns-space-200ml\/","title":{"rendered":"\u0160AMP\u016aNS &#8216;SPACE&#8217;, 200ml"},"content":{"rendered":"<p>\u0160amp\u016bns maigi att\u012bra matus, saglab\u0101jot to dabisko apjomu. \u0160is \u0161amp\u016bns pie\u0161\u0137ir matiem vieglumu un pal\u012bdz nodro\u0161in\u0101t bezsvara saj\u016btu.<\/p>\n<p>Ar notur\u012bgu v\u012brie\u0161u arom\u0101tu. Ar \u0161o arom\u0101tu iedom\u0101jieties v\u012brieti, kur\u0161 ir pa\u0161p\u0101rliecin\u0101ts, uzticams, veiksm\u012bgs, romantisks, seks\u012bgs, jutekl\u012bgs, drosm\u012bgs un ar lielisku humora izj\u016btu. Perfektais v\u012brietis, kur\u0161 izmanto tikai vislab\u0101k\u0101s, d\u0101rg\u0101s smar\u017eu notis.<\/p>\n<p>\u0160amp\u016bna formula bag\u0101tin\u0101ta ar Atlantijas j\u016bras s\u0101li. J\u016bras s\u0101ls palielina apjomu pie matu sakn\u0113m, stimul\u0113jot galvas \u0101du un pie\u0161\u0137ir matiem sp\u012bdumu un m\u012bkstumu.<\/p>","protected":false},"excerpt":{"rendered":"<p>INCI: Aqua, Sodium laureth sulfate, Propylene glycol, Sodium chloride, Cocamine oxide, Cocamidopropyl betaine, Parfum, Maris sal, Citric Acid, Tetrasodium EDTA, Polyquaternium- 7, Magnesium nitrate, Magnesium chloride, Methylchloroisothiazolinone, Methylisothiazolinone, CI 14720, CI 42090, Benzyl Benzoate, Coumarin, Butylphenyl Methylpropional, Linalool<\/p>\n<p>Ra\u017eot\u0101js: SIA GARTDA, Alejas iela 73, Daugavpils, LV-5401, Latvija, T. +371 65420849, <a href=\"mailto:info@gartda.lv\">info@gartda.lv<\/a><\/p>\n","protected":false},"featured_media":14718,"template":"","meta":[],"product_brand":[],"product_cat":[495],"product_tag":[],"class_list":{"0":"post-14717","1":"product","2":"type-product","3":"status-publish","4":"has-post-thumbnail","6":"product_cat-shampoo","7":"pa_box-bez-davanu-kastites","8":"pa_box-davanu-kastite","10":"first","11":"instock","12":"taxable","13":"shipping-taxable","14":"purchasable","15":"product-type-variable","16":"has-default-attributes"},"yoast_head":"<!-- This site is optimized with the Yoast SEO Premium plugin v22.6 (Yoast SEO v27.3) - https:\/\/yoast.com\/product\/yoast-seo-premium-wordpress\/ -->\n<title>\u0160AMP\u016aNS &#039;SPACE&#039;, 200ml - NATURAL SOAP<\/title>\n<meta name=\"description\" content=\"Shampoo gently cleanses the hair maintaining its natural volume. This shampoo gives lightness and helps to provide a weightless feeling on the hair.\" \/>\n<meta name=\"robots\" content=\"index, follow, max-snippet:-1, max-image-preview:large, max-video-preview:-1\" \/>\n<link rel=\"canonical\" href=\"https:\/\/naturalsoap.lv\/en\/shop\/shampoo\/sampuns-space-200ml\/\" \/>\n<meta property=\"og:locale\" content=\"lv_LV\" \/>\n<meta property=\"og:type\" content=\"article\" \/>\n<meta property=\"og:title\" content=\"[:lv]\u0160AMP\u016aNS &#039;SPACE&#039;, 200ml[:en]SHAMPOO &#039;SPACE&#039;, 200ml[:de]SHAMPOO &#039;SPACE&#039;, 200ml[:ru]\u0428\u0410\u041c\u041f\u0423\u041d\u042c &#039;SPACE&#039;, 200\u043c\u043b[:]\" \/>\n<meta property=\"og:description\" content=\"Shampoo gently cleanses the hair maintaining its natural volume. This shampoo gives lightness and helps to provide a weightless feeling on the hair.\" \/>\n<meta property=\"og:url\" content=\"https:\/\/naturalsoap.lv\/en\/shop\/shampoo\/sampuns-space-200ml\/\" \/>\n<meta property=\"og:site_name\" content=\"NATURAL SOAP\" \/>\n<meta property=\"article:modified_time\" content=\"2025-04-15T10:25:05+00:00\" \/>\n<meta property=\"og:image\" content=\"https:\/\/naturalsoap.lv\/wp-content\/uploads\/2024\/05\/3ec3358057857c46a42c81a63e674ae1_1692088988-e1730203237843.jpeg\" \/>\n\t<meta property=\"og:image:width\" content=\"715\" \/>\n\t<meta property=\"og:image:height\" content=\"900\" \/>\n\t<meta property=\"og:image:type\" content=\"image\/jpeg\" \/>\n<meta name=\"twitter:card\" content=\"summary_large_image\" \/>\n<meta name=\"twitter:label1\" content=\"Est. reading time\" \/>\n\t<meta name=\"twitter:data1\" content=\"1 minute\" \/>\n<script type=\"application\/ld+json\" class=\"yoast-schema-graph\">{\"@context\":\"https:\\\/\\\/schema.org\",\"@graph\":[{\"@type\":\"WebPage\",\"@id\":\"https:\\\/\\\/naturalsoap.lv\\\/en\\\/shop\\\/shampoo\\\/sampuns-space-200ml\\\/\",\"url\":\"https:\\\/\\\/naturalsoap.lv\\\/en\\\/shop\\\/shampoo\\\/sampuns-space-200ml\\\/\",\"name\":\"[:lv]\u0160AMP\u016aNS 'SPACE', 200ml[:en]SHAMPOO 'SPACE', 200ml[:de]SHAMPOO 'SPACE', 200ml[:ru]\u0428\u0410\u041c\u041f\u0423\u041d\u042c 'SPACE', 200\u043c\u043b[:] - NATURAL SOAP\",\"isPartOf\":{\"@id\":\"https:\\\/\\\/naturalsoap.lv\\\/en\\\/#website\"},\"primaryImageOfPage\":{\"@id\":\"https:\\\/\\\/naturalsoap.lv\\\/en\\\/shop\\\/shampoo\\\/sampuns-space-200ml\\\/#primaryimage\"},\"image\":{\"@id\":\"https:\\\/\\\/naturalsoap.lv\\\/en\\\/shop\\\/shampoo\\\/sampuns-space-200ml\\\/#primaryimage\"},\"thumbnailUrl\":\"https:\\\/\\\/naturalsoap.lv\\\/wp-content\\\/uploads\\\/2024\\\/05\\\/3ec3358057857c46a42c81a63e674ae1_1692088988-e1730203237843.jpeg\",\"datePublished\":\"2024-05-30T07:06:00+00:00\",\"dateModified\":\"2025-04-15T10:25:05+00:00\",\"description\":\"Shampoo gently cleanses the hair maintaining its natural volume. This shampoo gives lightness and helps to provide a weightless feeling on the hair.\",\"breadcrumb\":{\"@id\":\"https:\\\/\\\/naturalsoap.lv\\\/en\\\/shop\\\/shampoo\\\/sampuns-space-200ml\\\/#breadcrumb\"},\"inLanguage\":\"lv-LV\",\"potentialAction\":[{\"@type\":\"ReadAction\",\"target\":[\"https:\\\/\\\/naturalsoap.lv\\\/en\\\/shop\\\/shampoo\\\/sampuns-space-200ml\\\/\"]}]},{\"@type\":\"ImageObject\",\"inLanguage\":\"lv-LV\",\"@id\":\"https:\\\/\\\/naturalsoap.lv\\\/en\\\/shop\\\/shampoo\\\/sampuns-space-200ml\\\/#primaryimage\",\"url\":\"https:\\\/\\\/naturalsoap.lv\\\/wp-content\\\/uploads\\\/2024\\\/05\\\/3ec3358057857c46a42c81a63e674ae1_1692088988-e1730203237843.jpeg\",\"contentUrl\":\"https:\\\/\\\/naturalsoap.lv\\\/wp-content\\\/uploads\\\/2024\\\/05\\\/3ec3358057857c46a42c81a63e674ae1_1692088988-e1730203237843.jpeg\",\"width\":715,\"height\":900,\"caption\":\"SHAMPOO 'SPACE', 200ml\"},{\"@type\":\"BreadcrumbList\",\"@id\":\"https:\\\/\\\/naturalsoap.lv\\\/en\\\/shop\\\/shampoo\\\/sampuns-space-200ml\\\/#breadcrumb\",\"itemListElement\":[{\"@type\":\"ListItem\",\"position\":1,\"name\":\"Home\",\"item\":\"https:\\\/\\\/naturalsoap.lv\\\/en\\\/\"},{\"@type\":\"ListItem\",\"position\":2,\"name\":\"Shop\",\"item\":\"https:\\\/\\\/naturalsoap.lv\\\/en\\\/shop\\\/\"},{\"@type\":\"ListItem\",\"position\":3,\"name\":\"SHAMPOO &#8216;SPACE&#8217;, 200ml\"}]},{\"@type\":\"WebSite\",\"@id\":\"https:\\\/\\\/naturalsoap.lv\\\/en\\\/#website\",\"url\":\"https:\\\/\\\/naturalsoap.lv\\\/en\\\/\",\"name\":\"NATURAL SOAP\",\"description\":\"Kosm\u0113tika vannai un du\u0161ai. Roku darbs.\",\"publisher\":{\"@id\":\"https:\\\/\\\/naturalsoap.lv\\\/en\\\/#organization\"},\"potentialAction\":[{\"@type\":\"SearchAction\",\"target\":{\"@type\":\"EntryPoint\",\"urlTemplate\":\"https:\\\/\\\/naturalsoap.lv\\\/en\\\/?s={search_term_string}\"},\"query-input\":{\"@type\":\"PropertyValueSpecification\",\"valueRequired\":true,\"valueName\":\"search_term_string\"}}],\"inLanguage\":\"lv-LV\"},{\"@type\":\"Organization\",\"@id\":\"https:\\\/\\\/naturalsoap.lv\\\/en\\\/#organization\",\"name\":\"NATURAL SOAP\",\"url\":\"https:\\\/\\\/naturalsoap.lv\\\/en\\\/\",\"logo\":{\"@type\":\"ImageObject\",\"inLanguage\":\"lv-LV\",\"@id\":\"https:\\\/\\\/naturalsoap.lv\\\/en\\\/#\\\/schema\\\/logo\\\/image\\\/\",\"url\":\"https:\\\/\\\/naturalsoap.lv\\\/wp-content\\\/uploads\\\/2024\\\/05\\\/Logo.svg\",\"contentUrl\":\"https:\\\/\\\/naturalsoap.lv\\\/wp-content\\\/uploads\\\/2024\\\/05\\\/Logo.svg\",\"width\":125,\"height\":34,\"caption\":\"NATURAL SOAP\"},\"image\":{\"@id\":\"https:\\\/\\\/naturalsoap.lv\\\/en\\\/#\\\/schema\\\/logo\\\/image\\\/\"}}]}<\/script>\n<!-- \/ Yoast SEO Premium plugin. -->","yoast_head_json":{"title":"[:lv]\u0160AMP\u016aNS 'SPACE', 200ml[:en]SHAMPOO 'SPACE', 200ml[:de]SHAMPOO 'SPACE', 200ml[:ru]\u0428\u0410\u041c\u041f\u0423\u041d\u042c 'SPACE', 200\u043c\u043b[:] - NATURAL SOAP","description":"Shampoo gently cleanses the hair maintaining its natural volume. This shampoo gives lightness and helps to provide a weightless feeling on the hair.","robots":{"index":"index","follow":"follow","max-snippet":"max-snippet:-1","max-image-preview":"max-image-preview:large","max-video-preview":"max-video-preview:-1"},"canonical":"https:\/\/naturalsoap.lv\/en\/shop\/shampoo\/sampuns-space-200ml\/","og_locale":"lv_LV","og_type":"article","og_title":"[:lv]\u0160AMP\u016aNS 'SPACE', 200ml[:en]SHAMPOO 'SPACE', 200ml[:de]SHAMPOO 'SPACE', 200ml[:ru]\u0428\u0410\u041c\u041f\u0423\u041d\u042c 'SPACE', 200\u043c\u043b[:]","og_description":"Shampoo gently cleanses the hair maintaining its natural volume. This shampoo gives lightness and helps to provide a weightless feeling on the hair.","og_url":"https:\/\/naturalsoap.lv\/en\/shop\/shampoo\/sampuns-space-200ml\/","og_site_name":"NATURAL SOAP","article_modified_time":"2025-04-15T10:25:05+00:00","og_image":[{"width":715,"height":900,"url":"https:\/\/naturalsoap.lv\/wp-content\/uploads\/2024\/05\/3ec3358057857c46a42c81a63e674ae1_1692088988-e1730203237843.jpeg","type":"image\/jpeg"}],"twitter_card":"summary_large_image","twitter_misc":{"Est. reading time":"1 minute"},"schema":{"@context":"https:\/\/schema.org","@graph":[{"@type":"WebPage","@id":"https:\/\/naturalsoap.lv\/en\/shop\/shampoo\/sampuns-space-200ml\/","url":"https:\/\/naturalsoap.lv\/en\/shop\/shampoo\/sampuns-space-200ml\/","name":"[:lv]\u0160AMP\u016aNS 'SPACE', 200ml[:en]SHAMPOO 'SPACE', 200ml[:de]SHAMPOO 'SPACE', 200ml[:ru]\u0428\u0410\u041c\u041f\u0423\u041d\u042c 'SPACE', 200\u043c\u043b[:] - NATURAL SOAP","isPartOf":{"@id":"https:\/\/naturalsoap.lv\/en\/#website"},"primaryImageOfPage":{"@id":"https:\/\/naturalsoap.lv\/en\/shop\/shampoo\/sampuns-space-200ml\/#primaryimage"},"image":{"@id":"https:\/\/naturalsoap.lv\/en\/shop\/shampoo\/sampuns-space-200ml\/#primaryimage"},"thumbnailUrl":"https:\/\/naturalsoap.lv\/wp-content\/uploads\/2024\/05\/3ec3358057857c46a42c81a63e674ae1_1692088988-e1730203237843.jpeg","datePublished":"2024-05-30T07:06:00+00:00","dateModified":"2025-04-15T10:25:05+00:00","description":"Shampoo gently cleanses the hair maintaining its natural volume. This shampoo gives lightness and helps to provide a weightless feeling on the hair.","breadcrumb":{"@id":"https:\/\/naturalsoap.lv\/en\/shop\/shampoo\/sampuns-space-200ml\/#breadcrumb"},"inLanguage":"lv-LV","potentialAction":[{"@type":"ReadAction","target":["https:\/\/naturalsoap.lv\/en\/shop\/shampoo\/sampuns-space-200ml\/"]}]},{"@type":"ImageObject","inLanguage":"lv-LV","@id":"https:\/\/naturalsoap.lv\/en\/shop\/shampoo\/sampuns-space-200ml\/#primaryimage","url":"https:\/\/naturalsoap.lv\/wp-content\/uploads\/2024\/05\/3ec3358057857c46a42c81a63e674ae1_1692088988-e1730203237843.jpeg","contentUrl":"https:\/\/naturalsoap.lv\/wp-content\/uploads\/2024\/05\/3ec3358057857c46a42c81a63e674ae1_1692088988-e1730203237843.jpeg","width":715,"height":900,"caption":"SHAMPOO 'SPACE', 200ml"},{"@type":"BreadcrumbList","@id":"https:\/\/naturalsoap.lv\/en\/shop\/shampoo\/sampuns-space-200ml\/#breadcrumb","itemListElement":[{"@type":"ListItem","position":1,"name":"Home","item":"https:\/\/naturalsoap.lv\/en\/"},{"@type":"ListItem","position":2,"name":"Shop","item":"https:\/\/naturalsoap.lv\/en\/shop\/"},{"@type":"ListItem","position":3,"name":"SHAMPOO &#8216;SPACE&#8217;, 200ml"}]},{"@type":"WebSite","@id":"https:\/\/naturalsoap.lv\/en\/#website","url":"https:\/\/naturalsoap.lv\/en\/","name":"NATURAL SOAP","description":"Kosm\u0113tika vannai un du\u0161ai. Roku darbs.","publisher":{"@id":"https:\/\/naturalsoap.lv\/en\/#organization"},"potentialAction":[{"@type":"SearchAction","target":{"@type":"EntryPoint","urlTemplate":"https:\/\/naturalsoap.lv\/en\/?s={search_term_string}"},"query-input":{"@type":"PropertyValueSpecification","valueRequired":true,"valueName":"search_term_string"}}],"inLanguage":"lv-LV"},{"@type":"Organization","@id":"https:\/\/naturalsoap.lv\/en\/#organization","name":"NATURAL SOAP","url":"https:\/\/naturalsoap.lv\/en\/","logo":{"@type":"ImageObject","inLanguage":"lv-LV","@id":"https:\/\/naturalsoap.lv\/en\/#\/schema\/logo\/image\/","url":"https:\/\/naturalsoap.lv\/wp-content\/uploads\/2024\/05\/Logo.svg","contentUrl":"https:\/\/naturalsoap.lv\/wp-content\/uploads\/2024\/05\/Logo.svg","width":125,"height":34,"caption":"NATURAL SOAP"},"image":{"@id":"https:\/\/naturalsoap.lv\/en\/#\/schema\/logo\/image\/"}}]}},"_links":{"self":[{"href":"https:\/\/naturalsoap.lv\/lv\/wp-json\/wp\/v2\/product\/14717","targetHints":{"allow":["GET"]}}],"collection":[{"href":"https:\/\/naturalsoap.lv\/lv\/wp-json\/wp\/v2\/product"}],"about":[{"href":"https:\/\/naturalsoap.lv\/lv\/wp-json\/wp\/v2\/types\/product"}],"wp:featuredmedia":[{"embeddable":true,"href":"https:\/\/naturalsoap.lv\/lv\/wp-json\/wp\/v2\/media\/14718"}],"wp:attachment":[{"href":"https:\/\/naturalsoap.lv\/lv\/wp-json\/wp\/v2\/media?parent=14717"}],"wp:term":[{"taxonomy":"product_brand","embeddable":true,"href":"https:\/\/naturalsoap.lv\/lv\/wp-json\/wp\/v2\/product_brand?post=14717"},{"taxonomy":"product_cat","embeddable":true,"href":"https:\/\/naturalsoap.lv\/lv\/wp-json\/wp\/v2\/product_cat?post=14717"},{"taxonomy":"product_tag","embeddable":true,"href":"https:\/\/naturalsoap.lv\/lv\/wp-json\/wp\/v2\/product_tag?post=14717"}],"curies":[{"name":"wp","href":"https:\/\/api.w.org\/{rel}","templated":true}]}}