{"id":14705,"date":"2024-05-30T07:05:22","date_gmt":"2024-05-30T07:05:22","guid":{"rendered":"https:\/\/321.optimum.lv\/product\/sampuns-bergamot-krasotiem-un-bojatiem-matiem-200ml\/"},"modified":"2025-04-15T10:29:05","modified_gmt":"2025-04-15T10:29:05","slug":"sampuns-bergamot-krasotiem-un-bojatiem-matiem-200ml","status":"publish","type":"product","link":"https:\/\/naturalsoap.lv\/lv\/shop\/shampoo\/sampuns-bergamot-krasotiem-un-bojatiem-matiem-200ml\/","title":{"rendered":"ORGANIC \u0160AMP\u016aNS &#8216;BERGAMOT&#8217;, kr\u0101sotiem un boj\u0101tiem matiem, 200ml"},"content":{"rendered":"<p>Matus stiprino\u0161s un aizsarg\u0101jo\u0161s \u0161amp\u016bns ar organisko alveju un vitam\u012bnu B. \u012apa\u0161i maigais un saudz\u012bgais \u0161amp\u016bns ir piem\u0113rots sausu matu un galvas \u0101das mazg\u0101\u0161anai. \u0160amp\u016bns nomierina un baro matu saknes un galvas \u0101du, padarot tos z\u012bdaini m\u012bkstus, gludus un viegli ieveidojamus. \u0160amp\u016bns satur organiskas izejvielas ( sertific\u0113ts 74.47% organiskas sast\u0101vda\u013cas ar Soil Association). Bag\u0101tin\u0101ts ar \u0113terisko e\u013c\u013cu bu\u0137eti \u2013 bergamota, ilang \u2013 ilang, ro\u017eu koka, Fran\u010du lavandas.<\/p>\n<p>Nesatur parab\u0113nus, sulf\u0101tus, SLS, SLES, silikonu un kr\u0101svielas, nav test\u0113ts uz dz\u012bvniekiem. Veg\u0101ns.<\/p>","protected":false},"excerpt":{"rendered":"<p>INCI: Aqua, Decyl Glucoside, Lauryl Betaine, Xanthan Gum, Phenoxyethanol, Parfum,Lavandula angustifolia oil, Cananga odorata flower oil, Bergamot oil, Aloe Barbadensis (Aloe Vera) Leaf Juice Powder, Citric Acid, Benzoic Acid, Dehydroacetic Acid, Benzyl Benzoate, Benzyl Salicilate, Geraniol, Limonene, Linalool(from essential oils)<\/p>\n<p>Ra\u017eot\u0101js: SIA GARTDA, Alejas iela 73, Daugavpils, LV-5401, Latvija, T. +371 65420849, <a href=\"mailto:info@gartda.lv\">info@gartda.lv<\/a><\/p>\n","protected":false},"featured_media":14706,"template":"","meta":[],"product_brand":[],"product_cat":[495],"product_tag":[],"class_list":{"0":"post-14705","1":"product","2":"type-product","3":"status-publish","4":"has-post-thumbnail","6":"product_cat-shampoo","7":"pa_box-bez-davanu-kastites","8":"pa_box-davanu-kastite","10":"first","11":"instock","12":"taxable","13":"shipping-taxable","14":"purchasable","15":"product-type-variable","16":"has-default-attributes"},"yoast_head":"<!-- This site is optimized with the Yoast SEO Premium plugin v22.6 (Yoast SEO v27.3) - https:\/\/yoast.com\/product\/yoast-seo-premium-wordpress\/ -->\n<title>ORGANIC \u0160AMP\u016aNS &#039;BERGAMOT&#039;, kr\u0101sotiem un boj\u0101tiem matiem, 200ml - NATURAL SOAP<\/title>\n<meta name=\"description\" content=\"ORGANIC SHAMPOO &#039;BERGAMOT&#039;, for coloured and damaged hair. Nourishing shampoo for coloured and damaged hair with aloe vera.\" \/>\n<meta name=\"robots\" content=\"index, follow, max-snippet:-1, max-image-preview:large, max-video-preview:-1\" \/>\n<link rel=\"canonical\" href=\"https:\/\/naturalsoap.lv\/ru\/shop\/shampoo\/sampuns-bergamot-krasotiem-un-bojatiem-matiem-200ml\/\" \/>\n<meta property=\"og:locale\" content=\"lv_LV\" \/>\n<meta property=\"og:type\" content=\"article\" \/>\n<meta property=\"og:title\" content=\"[:lv]ORGANIC \u0160AMP\u016aNS &#039;BERGAMOT&#039;, kr\u0101sotiem un boj\u0101tiem matiem, 200ml[:en]ORGANIC SHAMPOO &#039;BERGAMOT&#039;, for coloured and damaged hair, 200ml[:de]BIO SHAMPOO &#039;BERGAMOT&#039;, f\u00fcr gef\u00e4rbtes und strapaziertes Haar, 200ml[:ru]\u041e\u0420\u0413\u0410\u041d\u0418\u0427\u0415\u0421\u041a\u0418\u0419 \u0428\u0410\u041c\u041f\u0423\u041d\u042c &#039;BERGAMOT&#039;, \u0434\u043b\u044f \u043f\u043e\u0432\u0440\u0435\u0436\u0434\u0435\u043d\u043d\u044b\u0445 \u0438 \u043e\u043a\u0440\u0430\u0448\u0435\u043d\u043d\u044b\u0445 \u0432\u043e\u043b\u043e\u0441, 200\u043c\u043b[:]\" \/>\n<meta property=\"og:description\" content=\"ORGANIC SHAMPOO &#039;BERGAMOT&#039;, for coloured and damaged hair. Nourishing shampoo for coloured and damaged hair with aloe vera.\" \/>\n<meta property=\"og:url\" content=\"https:\/\/naturalsoap.lv\/ru\/shop\/shampoo\/sampuns-bergamot-krasotiem-un-bojatiem-matiem-200ml\/\" \/>\n<meta property=\"og:site_name\" content=\"NATURAL SOAP\" \/>\n<meta property=\"article:modified_time\" content=\"2025-04-15T10:29:05+00:00\" \/>\n<meta property=\"og:image\" content=\"https:\/\/naturalsoap.lv\/wp-content\/uploads\/2024\/05\/ebce02266e927f3eea37678db0295505_1692088965-e1730203420284.jpeg\" \/>\n\t<meta property=\"og:image:width\" content=\"715\" \/>\n\t<meta property=\"og:image:height\" content=\"900\" \/>\n\t<meta property=\"og:image:type\" content=\"image\/jpeg\" \/>\n<meta name=\"twitter:card\" content=\"summary_large_image\" \/>\n<meta name=\"twitter:label1\" content=\"Est. reading time\" \/>\n\t<meta name=\"twitter:data1\" content=\"1 minute\" \/>\n<script type=\"application\/ld+json\" class=\"yoast-schema-graph\">{\"@context\":\"https:\\\/\\\/schema.org\",\"@graph\":[{\"@type\":\"WebPage\",\"@id\":\"https:\\\/\\\/naturalsoap.lv\\\/ru\\\/shop\\\/shampoo\\\/sampuns-bergamot-krasotiem-un-bojatiem-matiem-200ml\\\/\",\"url\":\"https:\\\/\\\/naturalsoap.lv\\\/ru\\\/shop\\\/shampoo\\\/sampuns-bergamot-krasotiem-un-bojatiem-matiem-200ml\\\/\",\"name\":\"[:lv]ORGANIC \u0160AMP\u016aNS 'BERGAMOT', kr\u0101sotiem un boj\u0101tiem matiem, 200ml[:en]ORGANIC SHAMPOO 'BERGAMOT', for coloured and damaged hair, 200ml[:de]BIO SHAMPOO 'BERGAMOT', f\u00fcr gef\u00e4rbtes und strapaziertes Haar, 200ml[:ru]\u041e\u0420\u0413\u0410\u041d\u0418\u0427\u0415\u0421\u041a\u0418\u0419 \u0428\u0410\u041c\u041f\u0423\u041d\u042c 'BERGAMOT', \u0434\u043b\u044f \u043f\u043e\u0432\u0440\u0435\u0436\u0434\u0435\u043d\u043d\u044b\u0445 \u0438 \u043e\u043a\u0440\u0430\u0448\u0435\u043d\u043d\u044b\u0445 \u0432\u043e\u043b\u043e\u0441, 200\u043c\u043b[:] - NATURAL SOAP\",\"isPartOf\":{\"@id\":\"https:\\\/\\\/naturalsoap.lv\\\/en\\\/#website\"},\"primaryImageOfPage\":{\"@id\":\"https:\\\/\\\/naturalsoap.lv\\\/ru\\\/shop\\\/shampoo\\\/sampuns-bergamot-krasotiem-un-bojatiem-matiem-200ml\\\/#primaryimage\"},\"image\":{\"@id\":\"https:\\\/\\\/naturalsoap.lv\\\/ru\\\/shop\\\/shampoo\\\/sampuns-bergamot-krasotiem-un-bojatiem-matiem-200ml\\\/#primaryimage\"},\"thumbnailUrl\":\"https:\\\/\\\/naturalsoap.lv\\\/wp-content\\\/uploads\\\/2024\\\/05\\\/ebce02266e927f3eea37678db0295505_1692088965-e1730203420284.jpeg\",\"datePublished\":\"2024-05-30T07:05:22+00:00\",\"dateModified\":\"2025-04-15T10:29:05+00:00\",\"description\":\"ORGANIC SHAMPOO 'BERGAMOT', for coloured and damaged hair. Nourishing shampoo for coloured and damaged hair with aloe vera.\",\"breadcrumb\":{\"@id\":\"https:\\\/\\\/naturalsoap.lv\\\/ru\\\/shop\\\/shampoo\\\/sampuns-bergamot-krasotiem-un-bojatiem-matiem-200ml\\\/#breadcrumb\"},\"inLanguage\":\"lv-LV\",\"potentialAction\":[{\"@type\":\"ReadAction\",\"target\":[\"https:\\\/\\\/naturalsoap.lv\\\/ru\\\/shop\\\/shampoo\\\/sampuns-bergamot-krasotiem-un-bojatiem-matiem-200ml\\\/\"]}]},{\"@type\":\"ImageObject\",\"inLanguage\":\"lv-LV\",\"@id\":\"https:\\\/\\\/naturalsoap.lv\\\/ru\\\/shop\\\/shampoo\\\/sampuns-bergamot-krasotiem-un-bojatiem-matiem-200ml\\\/#primaryimage\",\"url\":\"https:\\\/\\\/naturalsoap.lv\\\/wp-content\\\/uploads\\\/2024\\\/05\\\/ebce02266e927f3eea37678db0295505_1692088965-e1730203420284.jpeg\",\"contentUrl\":\"https:\\\/\\\/naturalsoap.lv\\\/wp-content\\\/uploads\\\/2024\\\/05\\\/ebce02266e927f3eea37678db0295505_1692088965-e1730203420284.jpeg\",\"width\":715,\"height\":900,\"caption\":\"ORGANIC SHAMPOO 'BERGAMOT', for coloured and damaged hair, 200ml\"},{\"@type\":\"BreadcrumbList\",\"@id\":\"https:\\\/\\\/naturalsoap.lv\\\/ru\\\/shop\\\/shampoo\\\/sampuns-bergamot-krasotiem-un-bojatiem-matiem-200ml\\\/#breadcrumb\",\"itemListElement\":[{\"@type\":\"ListItem\",\"position\":1,\"name\":\"Home\",\"item\":\"https:\\\/\\\/naturalsoap.lv\\\/en\\\/\"},{\"@type\":\"ListItem\",\"position\":2,\"name\":\"Shop\",\"item\":\"https:\\\/\\\/naturalsoap.lv\\\/en\\\/shop\\\/\"},{\"@type\":\"ListItem\",\"position\":3,\"name\":\"\u041e\u0420\u0413\u0410\u041d\u0418\u0427\u0415\u0421\u041a\u0418\u0419 \u0428\u0410\u041c\u041f\u0423\u041d\u042c &#8216;BERGAMOT&#8217;, \u0434\u043b\u044f \u043f\u043e\u0432\u0440\u0435\u0436\u0434\u0435\u043d\u043d\u044b\u0445 \u0438 \u043e\u043a\u0440\u0430\u0448\u0435\u043d\u043d\u044b\u0445 \u0432\u043e\u043b\u043e\u0441, 200\u043c\u043b\"}]},{\"@type\":\"WebSite\",\"@id\":\"https:\\\/\\\/naturalsoap.lv\\\/en\\\/#website\",\"url\":\"https:\\\/\\\/naturalsoap.lv\\\/en\\\/\",\"name\":\"NATURAL SOAP\",\"description\":\"Kosm\u0113tika vannai un du\u0161ai. Roku darbs.\",\"publisher\":{\"@id\":\"https:\\\/\\\/naturalsoap.lv\\\/en\\\/#organization\"},\"potentialAction\":[{\"@type\":\"SearchAction\",\"target\":{\"@type\":\"EntryPoint\",\"urlTemplate\":\"https:\\\/\\\/naturalsoap.lv\\\/en\\\/?s={search_term_string}\"},\"query-input\":{\"@type\":\"PropertyValueSpecification\",\"valueRequired\":true,\"valueName\":\"search_term_string\"}}],\"inLanguage\":\"lv-LV\"},{\"@type\":\"Organization\",\"@id\":\"https:\\\/\\\/naturalsoap.lv\\\/en\\\/#organization\",\"name\":\"NATURAL SOAP\",\"url\":\"https:\\\/\\\/naturalsoap.lv\\\/en\\\/\",\"logo\":{\"@type\":\"ImageObject\",\"inLanguage\":\"lv-LV\",\"@id\":\"https:\\\/\\\/naturalsoap.lv\\\/en\\\/#\\\/schema\\\/logo\\\/image\\\/\",\"url\":\"https:\\\/\\\/naturalsoap.lv\\\/wp-content\\\/uploads\\\/2024\\\/05\\\/Logo.svg\",\"contentUrl\":\"https:\\\/\\\/naturalsoap.lv\\\/wp-content\\\/uploads\\\/2024\\\/05\\\/Logo.svg\",\"width\":125,\"height\":34,\"caption\":\"NATURAL SOAP\"},\"image\":{\"@id\":\"https:\\\/\\\/naturalsoap.lv\\\/en\\\/#\\\/schema\\\/logo\\\/image\\\/\"}}]}<\/script>\n<!-- \/ Yoast SEO Premium plugin. -->","yoast_head_json":{"title":"[:lv]ORGANIC \u0160AMP\u016aNS 'BERGAMOT', kr\u0101sotiem un boj\u0101tiem matiem, 200ml[:en]ORGANIC SHAMPOO 'BERGAMOT', for coloured and damaged hair, 200ml[:de]BIO SHAMPOO 'BERGAMOT', f\u00fcr gef\u00e4rbtes und strapaziertes Haar, 200ml[:ru]\u041e\u0420\u0413\u0410\u041d\u0418\u0427\u0415\u0421\u041a\u0418\u0419 \u0428\u0410\u041c\u041f\u0423\u041d\u042c 'BERGAMOT', \u0434\u043b\u044f \u043f\u043e\u0432\u0440\u0435\u0436\u0434\u0435\u043d\u043d\u044b\u0445 \u0438 \u043e\u043a\u0440\u0430\u0448\u0435\u043d\u043d\u044b\u0445 \u0432\u043e\u043b\u043e\u0441, 200\u043c\u043b[:] - NATURAL SOAP","description":"ORGANIC SHAMPOO 'BERGAMOT', for coloured and damaged hair. Nourishing shampoo for coloured and damaged hair with aloe vera.","robots":{"index":"index","follow":"follow","max-snippet":"max-snippet:-1","max-image-preview":"max-image-preview:large","max-video-preview":"max-video-preview:-1"},"canonical":"https:\/\/naturalsoap.lv\/ru\/shop\/shampoo\/sampuns-bergamot-krasotiem-un-bojatiem-matiem-200ml\/","og_locale":"lv_LV","og_type":"article","og_title":"[:lv]ORGANIC \u0160AMP\u016aNS 'BERGAMOT', kr\u0101sotiem un boj\u0101tiem matiem, 200ml[:en]ORGANIC SHAMPOO 'BERGAMOT', for coloured and damaged hair, 200ml[:de]BIO SHAMPOO 'BERGAMOT', f\u00fcr gef\u00e4rbtes und strapaziertes Haar, 200ml[:ru]\u041e\u0420\u0413\u0410\u041d\u0418\u0427\u0415\u0421\u041a\u0418\u0419 \u0428\u0410\u041c\u041f\u0423\u041d\u042c 'BERGAMOT', \u0434\u043b\u044f \u043f\u043e\u0432\u0440\u0435\u0436\u0434\u0435\u043d\u043d\u044b\u0445 \u0438 \u043e\u043a\u0440\u0430\u0448\u0435\u043d\u043d\u044b\u0445 \u0432\u043e\u043b\u043e\u0441, 200\u043c\u043b[:]","og_description":"ORGANIC SHAMPOO 'BERGAMOT', for coloured and damaged hair. Nourishing shampoo for coloured and damaged hair with aloe vera.","og_url":"https:\/\/naturalsoap.lv\/ru\/shop\/shampoo\/sampuns-bergamot-krasotiem-un-bojatiem-matiem-200ml\/","og_site_name":"NATURAL SOAP","article_modified_time":"2025-04-15T10:29:05+00:00","og_image":[{"width":715,"height":900,"url":"https:\/\/naturalsoap.lv\/wp-content\/uploads\/2024\/05\/ebce02266e927f3eea37678db0295505_1692088965-e1730203420284.jpeg","type":"image\/jpeg"}],"twitter_card":"summary_large_image","twitter_misc":{"Est. reading time":"1 minute"},"schema":{"@context":"https:\/\/schema.org","@graph":[{"@type":"WebPage","@id":"https:\/\/naturalsoap.lv\/ru\/shop\/shampoo\/sampuns-bergamot-krasotiem-un-bojatiem-matiem-200ml\/","url":"https:\/\/naturalsoap.lv\/ru\/shop\/shampoo\/sampuns-bergamot-krasotiem-un-bojatiem-matiem-200ml\/","name":"[:lv]ORGANIC \u0160AMP\u016aNS 'BERGAMOT', kr\u0101sotiem un boj\u0101tiem matiem, 200ml[:en]ORGANIC SHAMPOO 'BERGAMOT', for coloured and damaged hair, 200ml[:de]BIO SHAMPOO 'BERGAMOT', f\u00fcr gef\u00e4rbtes und strapaziertes Haar, 200ml[:ru]\u041e\u0420\u0413\u0410\u041d\u0418\u0427\u0415\u0421\u041a\u0418\u0419 \u0428\u0410\u041c\u041f\u0423\u041d\u042c 'BERGAMOT', \u0434\u043b\u044f \u043f\u043e\u0432\u0440\u0435\u0436\u0434\u0435\u043d\u043d\u044b\u0445 \u0438 \u043e\u043a\u0440\u0430\u0448\u0435\u043d\u043d\u044b\u0445 \u0432\u043e\u043b\u043e\u0441, 200\u043c\u043b[:] - NATURAL SOAP","isPartOf":{"@id":"https:\/\/naturalsoap.lv\/en\/#website"},"primaryImageOfPage":{"@id":"https:\/\/naturalsoap.lv\/ru\/shop\/shampoo\/sampuns-bergamot-krasotiem-un-bojatiem-matiem-200ml\/#primaryimage"},"image":{"@id":"https:\/\/naturalsoap.lv\/ru\/shop\/shampoo\/sampuns-bergamot-krasotiem-un-bojatiem-matiem-200ml\/#primaryimage"},"thumbnailUrl":"https:\/\/naturalsoap.lv\/wp-content\/uploads\/2024\/05\/ebce02266e927f3eea37678db0295505_1692088965-e1730203420284.jpeg","datePublished":"2024-05-30T07:05:22+00:00","dateModified":"2025-04-15T10:29:05+00:00","description":"ORGANIC SHAMPOO 'BERGAMOT', for coloured and damaged hair. Nourishing shampoo for coloured and damaged hair with aloe vera.","breadcrumb":{"@id":"https:\/\/naturalsoap.lv\/ru\/shop\/shampoo\/sampuns-bergamot-krasotiem-un-bojatiem-matiem-200ml\/#breadcrumb"},"inLanguage":"lv-LV","potentialAction":[{"@type":"ReadAction","target":["https:\/\/naturalsoap.lv\/ru\/shop\/shampoo\/sampuns-bergamot-krasotiem-un-bojatiem-matiem-200ml\/"]}]},{"@type":"ImageObject","inLanguage":"lv-LV","@id":"https:\/\/naturalsoap.lv\/ru\/shop\/shampoo\/sampuns-bergamot-krasotiem-un-bojatiem-matiem-200ml\/#primaryimage","url":"https:\/\/naturalsoap.lv\/wp-content\/uploads\/2024\/05\/ebce02266e927f3eea37678db0295505_1692088965-e1730203420284.jpeg","contentUrl":"https:\/\/naturalsoap.lv\/wp-content\/uploads\/2024\/05\/ebce02266e927f3eea37678db0295505_1692088965-e1730203420284.jpeg","width":715,"height":900,"caption":"ORGANIC SHAMPOO 'BERGAMOT', for coloured and damaged hair, 200ml"},{"@type":"BreadcrumbList","@id":"https:\/\/naturalsoap.lv\/ru\/shop\/shampoo\/sampuns-bergamot-krasotiem-un-bojatiem-matiem-200ml\/#breadcrumb","itemListElement":[{"@type":"ListItem","position":1,"name":"Home","item":"https:\/\/naturalsoap.lv\/en\/"},{"@type":"ListItem","position":2,"name":"Shop","item":"https:\/\/naturalsoap.lv\/en\/shop\/"},{"@type":"ListItem","position":3,"name":"\u041e\u0420\u0413\u0410\u041d\u0418\u0427\u0415\u0421\u041a\u0418\u0419 \u0428\u0410\u041c\u041f\u0423\u041d\u042c &#8216;BERGAMOT&#8217;, \u0434\u043b\u044f \u043f\u043e\u0432\u0440\u0435\u0436\u0434\u0435\u043d\u043d\u044b\u0445 \u0438 \u043e\u043a\u0440\u0430\u0448\u0435\u043d\u043d\u044b\u0445 \u0432\u043e\u043b\u043e\u0441, 200\u043c\u043b"}]},{"@type":"WebSite","@id":"https:\/\/naturalsoap.lv\/en\/#website","url":"https:\/\/naturalsoap.lv\/en\/","name":"NATURAL SOAP","description":"Kosm\u0113tika vannai un du\u0161ai. Roku darbs.","publisher":{"@id":"https:\/\/naturalsoap.lv\/en\/#organization"},"potentialAction":[{"@type":"SearchAction","target":{"@type":"EntryPoint","urlTemplate":"https:\/\/naturalsoap.lv\/en\/?s={search_term_string}"},"query-input":{"@type":"PropertyValueSpecification","valueRequired":true,"valueName":"search_term_string"}}],"inLanguage":"lv-LV"},{"@type":"Organization","@id":"https:\/\/naturalsoap.lv\/en\/#organization","name":"NATURAL SOAP","url":"https:\/\/naturalsoap.lv\/en\/","logo":{"@type":"ImageObject","inLanguage":"lv-LV","@id":"https:\/\/naturalsoap.lv\/en\/#\/schema\/logo\/image\/","url":"https:\/\/naturalsoap.lv\/wp-content\/uploads\/2024\/05\/Logo.svg","contentUrl":"https:\/\/naturalsoap.lv\/wp-content\/uploads\/2024\/05\/Logo.svg","width":125,"height":34,"caption":"NATURAL SOAP"},"image":{"@id":"https:\/\/naturalsoap.lv\/en\/#\/schema\/logo\/image\/"}}]}},"_links":{"self":[{"href":"https:\/\/naturalsoap.lv\/lv\/wp-json\/wp\/v2\/product\/14705","targetHints":{"allow":["GET"]}}],"collection":[{"href":"https:\/\/naturalsoap.lv\/lv\/wp-json\/wp\/v2\/product"}],"about":[{"href":"https:\/\/naturalsoap.lv\/lv\/wp-json\/wp\/v2\/types\/product"}],"wp:featuredmedia":[{"embeddable":true,"href":"https:\/\/naturalsoap.lv\/lv\/wp-json\/wp\/v2\/media\/14706"}],"wp:attachment":[{"href":"https:\/\/naturalsoap.lv\/lv\/wp-json\/wp\/v2\/media?parent=14705"}],"wp:term":[{"taxonomy":"product_brand","embeddable":true,"href":"https:\/\/naturalsoap.lv\/lv\/wp-json\/wp\/v2\/product_brand?post=14705"},{"taxonomy":"product_cat","embeddable":true,"href":"https:\/\/naturalsoap.lv\/lv\/wp-json\/wp\/v2\/product_cat?post=14705"},{"taxonomy":"product_tag","embeddable":true,"href":"https:\/\/naturalsoap.lv\/lv\/wp-json\/wp\/v2\/product_tag?post=14705"}],"curies":[{"name":"wp","href":"https:\/\/api.w.org\/{rel}","templated":true}]}}