{"id":14673,"date":"2024-05-30T07:03:58","date_gmt":"2024-05-30T07:03:58","guid":{"rendered":"https:\/\/321.optimum.lv\/product\/kremveida-kermena-atlantijas-juras-sals-skrubis-ar-vinogu-kaulinu-ellu-200ml\/"},"modified":"2025-04-15T10:39:38","modified_gmt":"2025-04-15T10:39:38","slug":"kremveida-kermena-atlantijas-juras-sals-skrubis-ar-vinogu-kaulinu-ellu-200ml","status":"publish","type":"product","link":"https:\/\/naturalsoap.lv\/lv\/shop\/scrubs\/kremveida-kermena-atlantijas-juras-sals-skrubis-ar-vinogu-kaulinu-ellu-200ml\/","title":{"rendered":"KR\u0112MVEIDA \u0136ERME\u0145A ATLANTIJAS J\u016aRAS S\u0100LS SKRUBIS ar v\u012bnogu kauli\u0146u e\u013c\u013cu, 200ml"},"content":{"rendered":"<p>Kr\u0113mveida Atlantijas j\u016bras s\u0101ls skrubis dzi\u013ci att\u012br\u012bs \u0101du. \u0100das virsk\u0101rtas jeb raga \u0161\u016bnu k\u0101rti\u0146as no\u0146em\u0161ana ar \u0137erme\u0146a skrubja pal\u012bdz\u012bbu uzlabo \u0101das toni un pa\u0101trina \u0161\u016bnu atjauno\u0161an\u0101s procesu. Miner\u0101lviel\u0101m bag\u0101t\u0101 j\u016bras s\u0101ls, v\u012bnogu kauli\u0146u e\u013c\u013ca r\u016bp\u0113sies, lai j\u016bsu \u0101da k\u013c\u016btu glud\u0101ka, t\u012br\u0101ka un smar\u017e\u012bg\u0101ka. J\u016bras s\u0101ls \u2013 pal\u012bdz att\u012br\u012bt \u0101du, padara to samtainu un elast\u012bgu, stimul\u0113 asinscirkul\u0101ciju.<\/p>\n<p>Nesatur sulf\u0101tus, sint\u0113tiskas sast\u0101vda\u013cas un parab\u0113nus. Nav test\u0113ts uz dz\u012bvniekiem.<\/p>","protected":false},"excerpt":{"rendered":"<p>INCI: Maris Sal, Glycerin, Vitis Vinifera Seed Oil, Aqua, Sodium Cocoyl Isethionate, Sorbitol, Disodium Lauryl Sulfosuccinate, Parfum, Sodium Chloride, Phenoxyethanol, Tetrasodium EDTA, Eugenol, Geraniol, Linalool, Citronellol, Hexyl cinnamal, alpha-Isomethylionone<\/p>\n<p>Ra\u017eot\u0101js: SIA GARTDA, Alejas iela 73, Daugavpils, LV-5401, Latvija, T. +371 65420849, <a href=\"mailto:info@gartda.lv\">info@gartda.lv<\/a><\/p>\n","protected":false},"featured_media":14674,"template":"","meta":[],"product_brand":[],"product_cat":[494],"product_tag":[],"class_list":{"0":"post-14673","1":"product","2":"type-product","3":"status-publish","4":"has-post-thumbnail","6":"product_cat-scrubs","7":"pa_gift-box-no-gift-box","8":"pa_gift-box-gift-box","10":"first","11":"instock","12":"taxable","13":"shipping-taxable","14":"purchasable","15":"product-type-simple"},"yoast_head":"<!-- This site is optimized with the Yoast SEO Premium plugin v22.6 (Yoast SEO v27.3) - https:\/\/yoast.com\/product\/yoast-seo-premium-wordpress\/ -->\n<title>KR\u0112MVEIDA \u0136ERME\u0145A ATLANTIJAS J\u016aRAS S\u0100LS SKRUBIS ar v\u012bnogu kauli\u0146u e\u013c\u013cu, 200ml - NATURAL SOAP<\/title>\n<meta name=\"description\" content=\"Creamy Atlantic Sea salt scrub with sea minerals. Sea salt helps open the pores, improve circulation, stimulate cell growth and draw out toxins from skin.\" \/>\n<meta name=\"robots\" content=\"index, follow, max-snippet:-1, max-image-preview:large, max-video-preview:-1\" \/>\n<link rel=\"canonical\" href=\"https:\/\/naturalsoap.lv\/lv\/shop\/scrubs\/kremveida-kermena-atlantijas-juras-sals-skrubis-ar-vinogu-kaulinu-ellu-200ml\/\" \/>\n<meta property=\"og:locale\" content=\"lv_LV\" \/>\n<meta property=\"og:type\" content=\"article\" \/>\n<meta property=\"og:title\" content=\"[:lv]KR\u0112MVEIDA \u0136ERME\u0145A ATLANTIJAS J\u016aRAS S\u0100LS SKRUBIS ar v\u012bnogu kauli\u0146u e\u013c\u013cu, 200ml[:en]CREAMY BODY SCRUB with grapeseed oil &amp; Atlantic sea salt, 200ml[:de]CREAMISCHES K\u00d6RPERPEELING mit Traubenkern\u00f6l und Atlantischem Meersalz, 200 ml[:ru]\u041a\u0420\u0415\u041c\u041e\u041e\u0411\u0420\u0410\u0417\u041d\u042b\u0419 \u0421\u041e\u041b\u0415\u0412\u041e\u0419 \u0421\u041a\u0420\u0410\u0411 \u0414\u041b\u042f \u0422\u0415\u041b\u0410 \u0441 \u043c\u0430\u0441\u043b\u043e\u043c \u0432\u0438\u043d\u043e\u0433\u0440\u0430\u0434\u043d\u043e\u0439 \u043a\u043e\u0441\u0442\u043e\u0447\u043a\u0438, 200\u043c\u043b[:]\" \/>\n<meta property=\"og:description\" content=\"Creamy Atlantic Sea salt scrub with sea minerals. Sea salt helps open the pores, improve circulation, stimulate cell growth and draw out toxins from skin.\" \/>\n<meta property=\"og:url\" content=\"https:\/\/naturalsoap.lv\/lv\/shop\/scrubs\/kremveida-kermena-atlantijas-juras-sals-skrubis-ar-vinogu-kaulinu-ellu-200ml\/\" \/>\n<meta property=\"og:site_name\" content=\"NATURAL SOAP\" \/>\n<meta property=\"article:modified_time\" content=\"2025-04-15T10:39:38+00:00\" \/>\n<meta property=\"og:image\" content=\"https:\/\/naturalsoap.lv\/wp-content\/uploads\/2024\/05\/7b4003fd9b077c3bdd1238f73f57e74d_1692088919-e1730204542508.jpeg\" \/>\n\t<meta property=\"og:image:width\" content=\"900\" \/>\n\t<meta property=\"og:image:height\" content=\"577\" \/>\n\t<meta property=\"og:image:type\" content=\"image\/jpeg\" \/>\n<meta name=\"twitter:card\" content=\"summary_large_image\" \/>\n<meta name=\"twitter:label1\" content=\"Est. reading time\" \/>\n\t<meta name=\"twitter:data1\" content=\"1 minute\" \/>\n<script type=\"application\/ld+json\" class=\"yoast-schema-graph\">{\"@context\":\"https:\\\/\\\/schema.org\",\"@graph\":[{\"@type\":\"WebPage\",\"@id\":\"https:\\\/\\\/naturalsoap.lv\\\/lv\\\/shop\\\/scrubs\\\/kremveida-kermena-atlantijas-juras-sals-skrubis-ar-vinogu-kaulinu-ellu-200ml\\\/\",\"url\":\"https:\\\/\\\/naturalsoap.lv\\\/lv\\\/shop\\\/scrubs\\\/kremveida-kermena-atlantijas-juras-sals-skrubis-ar-vinogu-kaulinu-ellu-200ml\\\/\",\"name\":\"[:lv]KR\u0112MVEIDA \u0136ERME\u0145A ATLANTIJAS J\u016aRAS S\u0100LS SKRUBIS ar v\u012bnogu kauli\u0146u e\u013c\u013cu, 200ml[:en]CREAMY BODY SCRUB with grapeseed oil & Atlantic sea salt, 200ml[:de]CREAMISCHES K\u00d6RPERPEELING mit Traubenkern\u00f6l und Atlantischem Meersalz, 200 ml[:ru]\u041a\u0420\u0415\u041c\u041e\u041e\u0411\u0420\u0410\u0417\u041d\u042b\u0419 \u0421\u041e\u041b\u0415\u0412\u041e\u0419 \u0421\u041a\u0420\u0410\u0411 \u0414\u041b\u042f \u0422\u0415\u041b\u0410 \u0441 \u043c\u0430\u0441\u043b\u043e\u043c \u0432\u0438\u043d\u043e\u0433\u0440\u0430\u0434\u043d\u043e\u0439 \u043a\u043e\u0441\u0442\u043e\u0447\u043a\u0438, 200\u043c\u043b[:] - NATURAL SOAP\",\"isPartOf\":{\"@id\":\"https:\\\/\\\/naturalsoap.lv\\\/en\\\/#website\"},\"primaryImageOfPage\":{\"@id\":\"https:\\\/\\\/naturalsoap.lv\\\/lv\\\/shop\\\/scrubs\\\/kremveida-kermena-atlantijas-juras-sals-skrubis-ar-vinogu-kaulinu-ellu-200ml\\\/#primaryimage\"},\"image\":{\"@id\":\"https:\\\/\\\/naturalsoap.lv\\\/lv\\\/shop\\\/scrubs\\\/kremveida-kermena-atlantijas-juras-sals-skrubis-ar-vinogu-kaulinu-ellu-200ml\\\/#primaryimage\"},\"thumbnailUrl\":\"https:\\\/\\\/naturalsoap.lv\\\/wp-content\\\/uploads\\\/2024\\\/05\\\/7b4003fd9b077c3bdd1238f73f57e74d_1692088919-e1730204542508.jpeg\",\"datePublished\":\"2024-05-30T07:03:58+00:00\",\"dateModified\":\"2025-04-15T10:39:38+00:00\",\"description\":\"Creamy Atlantic Sea salt scrub with sea minerals. Sea salt helps open the pores, improve circulation, stimulate cell growth and draw out toxins from skin.\",\"breadcrumb\":{\"@id\":\"https:\\\/\\\/naturalsoap.lv\\\/lv\\\/shop\\\/scrubs\\\/kremveida-kermena-atlantijas-juras-sals-skrubis-ar-vinogu-kaulinu-ellu-200ml\\\/#breadcrumb\"},\"inLanguage\":\"lv-LV\",\"potentialAction\":[{\"@type\":\"ReadAction\",\"target\":[\"https:\\\/\\\/naturalsoap.lv\\\/lv\\\/shop\\\/scrubs\\\/kremveida-kermena-atlantijas-juras-sals-skrubis-ar-vinogu-kaulinu-ellu-200ml\\\/\"]}]},{\"@type\":\"ImageObject\",\"inLanguage\":\"lv-LV\",\"@id\":\"https:\\\/\\\/naturalsoap.lv\\\/lv\\\/shop\\\/scrubs\\\/kremveida-kermena-atlantijas-juras-sals-skrubis-ar-vinogu-kaulinu-ellu-200ml\\\/#primaryimage\",\"url\":\"https:\\\/\\\/naturalsoap.lv\\\/wp-content\\\/uploads\\\/2024\\\/05\\\/7b4003fd9b077c3bdd1238f73f57e74d_1692088919-e1730204542508.jpeg\",\"contentUrl\":\"https:\\\/\\\/naturalsoap.lv\\\/wp-content\\\/uploads\\\/2024\\\/05\\\/7b4003fd9b077c3bdd1238f73f57e74d_1692088919-e1730204542508.jpeg\",\"width\":900,\"height\":577,\"caption\":\"CREAMY BODY SCRUB with grapeseed oil & Atlantic sea salt, 200ml\"},{\"@type\":\"BreadcrumbList\",\"@id\":\"https:\\\/\\\/naturalsoap.lv\\\/lv\\\/shop\\\/scrubs\\\/kremveida-kermena-atlantijas-juras-sals-skrubis-ar-vinogu-kaulinu-ellu-200ml\\\/#breadcrumb\",\"itemListElement\":[{\"@type\":\"ListItem\",\"position\":1,\"name\":\"Home\",\"item\":\"https:\\\/\\\/naturalsoap.lv\\\/en\\\/\"},{\"@type\":\"ListItem\",\"position\":2,\"name\":\"Shop\",\"item\":\"https:\\\/\\\/naturalsoap.lv\\\/en\\\/shop\\\/\"},{\"@type\":\"ListItem\",\"position\":3,\"name\":\"KR\u0112MVEIDA \u0136ERME\u0145A ATLANTIJAS J\u016aRAS S\u0100LS SKRUBIS ar v\u012bnogu kauli\u0146u e\u013c\u013cu, 200ml\"}]},{\"@type\":\"WebSite\",\"@id\":\"https:\\\/\\\/naturalsoap.lv\\\/en\\\/#website\",\"url\":\"https:\\\/\\\/naturalsoap.lv\\\/en\\\/\",\"name\":\"NATURAL SOAP\",\"description\":\"Kosm\u0113tika vannai un du\u0161ai. Roku darbs.\",\"publisher\":{\"@id\":\"https:\\\/\\\/naturalsoap.lv\\\/en\\\/#organization\"},\"potentialAction\":[{\"@type\":\"SearchAction\",\"target\":{\"@type\":\"EntryPoint\",\"urlTemplate\":\"https:\\\/\\\/naturalsoap.lv\\\/en\\\/?s={search_term_string}\"},\"query-input\":{\"@type\":\"PropertyValueSpecification\",\"valueRequired\":true,\"valueName\":\"search_term_string\"}}],\"inLanguage\":\"lv-LV\"},{\"@type\":\"Organization\",\"@id\":\"https:\\\/\\\/naturalsoap.lv\\\/en\\\/#organization\",\"name\":\"NATURAL SOAP\",\"url\":\"https:\\\/\\\/naturalsoap.lv\\\/en\\\/\",\"logo\":{\"@type\":\"ImageObject\",\"inLanguage\":\"lv-LV\",\"@id\":\"https:\\\/\\\/naturalsoap.lv\\\/en\\\/#\\\/schema\\\/logo\\\/image\\\/\",\"url\":\"https:\\\/\\\/naturalsoap.lv\\\/wp-content\\\/uploads\\\/2024\\\/05\\\/Logo.svg\",\"contentUrl\":\"https:\\\/\\\/naturalsoap.lv\\\/wp-content\\\/uploads\\\/2024\\\/05\\\/Logo.svg\",\"width\":125,\"height\":34,\"caption\":\"NATURAL SOAP\"},\"image\":{\"@id\":\"https:\\\/\\\/naturalsoap.lv\\\/en\\\/#\\\/schema\\\/logo\\\/image\\\/\"}}]}<\/script>\n<!-- \/ Yoast SEO Premium plugin. -->","yoast_head_json":{"title":"[:lv]KR\u0112MVEIDA \u0136ERME\u0145A ATLANTIJAS J\u016aRAS S\u0100LS SKRUBIS ar v\u012bnogu kauli\u0146u e\u013c\u013cu, 200ml[:en]CREAMY BODY SCRUB with grapeseed oil & Atlantic sea salt, 200ml[:de]CREAMISCHES K\u00d6RPERPEELING mit Traubenkern\u00f6l und Atlantischem Meersalz, 200 ml[:ru]\u041a\u0420\u0415\u041c\u041e\u041e\u0411\u0420\u0410\u0417\u041d\u042b\u0419 \u0421\u041e\u041b\u0415\u0412\u041e\u0419 \u0421\u041a\u0420\u0410\u0411 \u0414\u041b\u042f \u0422\u0415\u041b\u0410 \u0441 \u043c\u0430\u0441\u043b\u043e\u043c \u0432\u0438\u043d\u043e\u0433\u0440\u0430\u0434\u043d\u043e\u0439 \u043a\u043e\u0441\u0442\u043e\u0447\u043a\u0438, 200\u043c\u043b[:] - NATURAL SOAP","description":"Creamy Atlantic Sea salt scrub with sea minerals. Sea salt helps open the pores, improve circulation, stimulate cell growth and draw out toxins from skin.","robots":{"index":"index","follow":"follow","max-snippet":"max-snippet:-1","max-image-preview":"max-image-preview:large","max-video-preview":"max-video-preview:-1"},"canonical":"https:\/\/naturalsoap.lv\/lv\/shop\/scrubs\/kremveida-kermena-atlantijas-juras-sals-skrubis-ar-vinogu-kaulinu-ellu-200ml\/","og_locale":"lv_LV","og_type":"article","og_title":"[:lv]KR\u0112MVEIDA \u0136ERME\u0145A ATLANTIJAS J\u016aRAS S\u0100LS SKRUBIS ar v\u012bnogu kauli\u0146u e\u013c\u013cu, 200ml[:en]CREAMY BODY SCRUB with grapeseed oil & Atlantic sea salt, 200ml[:de]CREAMISCHES K\u00d6RPERPEELING mit Traubenkern\u00f6l und Atlantischem Meersalz, 200 ml[:ru]\u041a\u0420\u0415\u041c\u041e\u041e\u0411\u0420\u0410\u0417\u041d\u042b\u0419 \u0421\u041e\u041b\u0415\u0412\u041e\u0419 \u0421\u041a\u0420\u0410\u0411 \u0414\u041b\u042f \u0422\u0415\u041b\u0410 \u0441 \u043c\u0430\u0441\u043b\u043e\u043c \u0432\u0438\u043d\u043e\u0433\u0440\u0430\u0434\u043d\u043e\u0439 \u043a\u043e\u0441\u0442\u043e\u0447\u043a\u0438, 200\u043c\u043b[:]","og_description":"Creamy Atlantic Sea salt scrub with sea minerals. Sea salt helps open the pores, improve circulation, stimulate cell growth and draw out toxins from skin.","og_url":"https:\/\/naturalsoap.lv\/lv\/shop\/scrubs\/kremveida-kermena-atlantijas-juras-sals-skrubis-ar-vinogu-kaulinu-ellu-200ml\/","og_site_name":"NATURAL SOAP","article_modified_time":"2025-04-15T10:39:38+00:00","og_image":[{"width":900,"height":577,"url":"https:\/\/naturalsoap.lv\/wp-content\/uploads\/2024\/05\/7b4003fd9b077c3bdd1238f73f57e74d_1692088919-e1730204542508.jpeg","type":"image\/jpeg"}],"twitter_card":"summary_large_image","twitter_misc":{"Est. reading time":"1 minute"},"schema":{"@context":"https:\/\/schema.org","@graph":[{"@type":"WebPage","@id":"https:\/\/naturalsoap.lv\/lv\/shop\/scrubs\/kremveida-kermena-atlantijas-juras-sals-skrubis-ar-vinogu-kaulinu-ellu-200ml\/","url":"https:\/\/naturalsoap.lv\/lv\/shop\/scrubs\/kremveida-kermena-atlantijas-juras-sals-skrubis-ar-vinogu-kaulinu-ellu-200ml\/","name":"[:lv]KR\u0112MVEIDA \u0136ERME\u0145A ATLANTIJAS J\u016aRAS S\u0100LS SKRUBIS ar v\u012bnogu kauli\u0146u e\u013c\u013cu, 200ml[:en]CREAMY BODY SCRUB with grapeseed oil & Atlantic sea salt, 200ml[:de]CREAMISCHES K\u00d6RPERPEELING mit Traubenkern\u00f6l und Atlantischem Meersalz, 200 ml[:ru]\u041a\u0420\u0415\u041c\u041e\u041e\u0411\u0420\u0410\u0417\u041d\u042b\u0419 \u0421\u041e\u041b\u0415\u0412\u041e\u0419 \u0421\u041a\u0420\u0410\u0411 \u0414\u041b\u042f \u0422\u0415\u041b\u0410 \u0441 \u043c\u0430\u0441\u043b\u043e\u043c \u0432\u0438\u043d\u043e\u0433\u0440\u0430\u0434\u043d\u043e\u0439 \u043a\u043e\u0441\u0442\u043e\u0447\u043a\u0438, 200\u043c\u043b[:] - NATURAL SOAP","isPartOf":{"@id":"https:\/\/naturalsoap.lv\/en\/#website"},"primaryImageOfPage":{"@id":"https:\/\/naturalsoap.lv\/lv\/shop\/scrubs\/kremveida-kermena-atlantijas-juras-sals-skrubis-ar-vinogu-kaulinu-ellu-200ml\/#primaryimage"},"image":{"@id":"https:\/\/naturalsoap.lv\/lv\/shop\/scrubs\/kremveida-kermena-atlantijas-juras-sals-skrubis-ar-vinogu-kaulinu-ellu-200ml\/#primaryimage"},"thumbnailUrl":"https:\/\/naturalsoap.lv\/wp-content\/uploads\/2024\/05\/7b4003fd9b077c3bdd1238f73f57e74d_1692088919-e1730204542508.jpeg","datePublished":"2024-05-30T07:03:58+00:00","dateModified":"2025-04-15T10:39:38+00:00","description":"Creamy Atlantic Sea salt scrub with sea minerals. Sea salt helps open the pores, improve circulation, stimulate cell growth and draw out toxins from skin.","breadcrumb":{"@id":"https:\/\/naturalsoap.lv\/lv\/shop\/scrubs\/kremveida-kermena-atlantijas-juras-sals-skrubis-ar-vinogu-kaulinu-ellu-200ml\/#breadcrumb"},"inLanguage":"lv-LV","potentialAction":[{"@type":"ReadAction","target":["https:\/\/naturalsoap.lv\/lv\/shop\/scrubs\/kremveida-kermena-atlantijas-juras-sals-skrubis-ar-vinogu-kaulinu-ellu-200ml\/"]}]},{"@type":"ImageObject","inLanguage":"lv-LV","@id":"https:\/\/naturalsoap.lv\/lv\/shop\/scrubs\/kremveida-kermena-atlantijas-juras-sals-skrubis-ar-vinogu-kaulinu-ellu-200ml\/#primaryimage","url":"https:\/\/naturalsoap.lv\/wp-content\/uploads\/2024\/05\/7b4003fd9b077c3bdd1238f73f57e74d_1692088919-e1730204542508.jpeg","contentUrl":"https:\/\/naturalsoap.lv\/wp-content\/uploads\/2024\/05\/7b4003fd9b077c3bdd1238f73f57e74d_1692088919-e1730204542508.jpeg","width":900,"height":577,"caption":"CREAMY BODY SCRUB with grapeseed oil & Atlantic sea salt, 200ml"},{"@type":"BreadcrumbList","@id":"https:\/\/naturalsoap.lv\/lv\/shop\/scrubs\/kremveida-kermena-atlantijas-juras-sals-skrubis-ar-vinogu-kaulinu-ellu-200ml\/#breadcrumb","itemListElement":[{"@type":"ListItem","position":1,"name":"Home","item":"https:\/\/naturalsoap.lv\/en\/"},{"@type":"ListItem","position":2,"name":"Shop","item":"https:\/\/naturalsoap.lv\/en\/shop\/"},{"@type":"ListItem","position":3,"name":"KR\u0112MVEIDA \u0136ERME\u0145A ATLANTIJAS J\u016aRAS S\u0100LS SKRUBIS ar v\u012bnogu kauli\u0146u e\u013c\u013cu, 200ml"}]},{"@type":"WebSite","@id":"https:\/\/naturalsoap.lv\/en\/#website","url":"https:\/\/naturalsoap.lv\/en\/","name":"NATURAL SOAP","description":"Kosm\u0113tika vannai un du\u0161ai. Roku darbs.","publisher":{"@id":"https:\/\/naturalsoap.lv\/en\/#organization"},"potentialAction":[{"@type":"SearchAction","target":{"@type":"EntryPoint","urlTemplate":"https:\/\/naturalsoap.lv\/en\/?s={search_term_string}"},"query-input":{"@type":"PropertyValueSpecification","valueRequired":true,"valueName":"search_term_string"}}],"inLanguage":"lv-LV"},{"@type":"Organization","@id":"https:\/\/naturalsoap.lv\/en\/#organization","name":"NATURAL SOAP","url":"https:\/\/naturalsoap.lv\/en\/","logo":{"@type":"ImageObject","inLanguage":"lv-LV","@id":"https:\/\/naturalsoap.lv\/en\/#\/schema\/logo\/image\/","url":"https:\/\/naturalsoap.lv\/wp-content\/uploads\/2024\/05\/Logo.svg","contentUrl":"https:\/\/naturalsoap.lv\/wp-content\/uploads\/2024\/05\/Logo.svg","width":125,"height":34,"caption":"NATURAL SOAP"},"image":{"@id":"https:\/\/naturalsoap.lv\/en\/#\/schema\/logo\/image\/"}}]}},"_links":{"self":[{"href":"https:\/\/naturalsoap.lv\/lv\/wp-json\/wp\/v2\/product\/14673","targetHints":{"allow":["GET"]}}],"collection":[{"href":"https:\/\/naturalsoap.lv\/lv\/wp-json\/wp\/v2\/product"}],"about":[{"href":"https:\/\/naturalsoap.lv\/lv\/wp-json\/wp\/v2\/types\/product"}],"wp:featuredmedia":[{"embeddable":true,"href":"https:\/\/naturalsoap.lv\/lv\/wp-json\/wp\/v2\/media\/14674"}],"wp:attachment":[{"href":"https:\/\/naturalsoap.lv\/lv\/wp-json\/wp\/v2\/media?parent=14673"}],"wp:term":[{"taxonomy":"product_brand","embeddable":true,"href":"https:\/\/naturalsoap.lv\/lv\/wp-json\/wp\/v2\/product_brand?post=14673"},{"taxonomy":"product_cat","embeddable":true,"href":"https:\/\/naturalsoap.lv\/lv\/wp-json\/wp\/v2\/product_cat?post=14673"},{"taxonomy":"product_tag","embeddable":true,"href":"https:\/\/naturalsoap.lv\/lv\/wp-json\/wp\/v2\/product_tag?post=14673"}],"curies":[{"name":"wp","href":"https:\/\/api.w.org\/{rel}","templated":true}]}}