{"id":14666,"date":"2024-05-30T07:03:22","date_gmt":"2024-05-30T07:03:22","guid":{"rendered":"https:\/\/321.optimum.lv\/product\/sufle-ziepes-camomile-100ml\/"},"modified":"2025-04-15T10:41:39","modified_gmt":"2025-04-15T10:41:39","slug":"sufle-ziepes-camomile-100ml","status":"publish","type":"product","link":"https:\/\/naturalsoap.lv\/lv\/shop\/souffle-soap\/sufle-ziepes-camomile-100ml\/","title":{"rendered":"SUFL\u0112 ZIEPES &#8216;CAMOMILE&#8217;, 100ml"},"content":{"rendered":"<p>Sufl\u0113 ziepes \u2013 t\u0101s ir gais\u012bgas kr\u0113mveida putas. Ar v\u012bnogu kauli\u0146u e\u013c\u013cu. Ir \u013coti saudz\u012bgi \u0101dai \u2013 to pH l\u012bmenis ir 7,5 un tie nesatur sulf\u0101tus, sint\u0113tiskas sast\u0101vda\u013cas un parab\u0113nus. Nav test\u0113ts uz dz\u012bvniekiem.<br \/>\nSmalks sievie\u0161u parfim\u0113rijas arom\u0101ts.<\/p>","protected":false},"excerpt":{"rendered":"<p>INCI: Aqua, Glycerin, Sodium Cocoyl Isethionate, Sorbitol, Disodium Lauryl Sulfosuccinate, Parfum, Prunus Amygdalus Dulcis Oil, Sodium Chloride, Phenoxyethanol, Tetrasodium EDTA, Cinnamic Alcohol, D-Limonene, Hydroxycitronellal, Linalool<\/p>\n<p>Ra\u017eot\u0101js: SIA GARTDA, Alejas iela 73, Daugavpils, LV-5401, Latvija, T. +371 65420849, <a href=\"mailto:info@gartda.lv\">info@gartda.lv<\/a><\/p>\n","protected":false},"featured_media":14667,"template":"","meta":[],"product_brand":[],"product_cat":[489],"product_tag":[],"class_list":{"0":"post-14666","1":"product","2":"type-product","3":"status-publish","4":"has-post-thumbnail","6":"product_cat-souffle-soap","7":"pa_gift-box-no-gift-box","8":"pa_gift-box-gift-box","10":"first","11":"instock","12":"taxable","13":"shipping-taxable","14":"purchasable","15":"product-type-simple"},"yoast_head":"<!-- This site is optimized with the Yoast SEO Premium plugin v22.6 (Yoast SEO v27.3) - https:\/\/yoast.com\/product\/yoast-seo-premium-wordpress\/ -->\n<title>SUFL\u0112 ZIEPES &#039;CAMOMILE&#039;, 100ml - NATURAL SOAP<\/title>\n<meta name=\"description\" content=\"Souffle soaps are very gentle to skin \u2013 their pH level is 7.5 and they are sulphate and paraben free. With sweet almond oil.With the scent of Chamomile.\" \/>\n<meta name=\"robots\" content=\"index, follow, max-snippet:-1, max-image-preview:large, max-video-preview:-1\" \/>\n<link rel=\"canonical\" href=\"https:\/\/naturalsoap.lv\/de\/shop\/souffle-soap\/sufle-ziepes-camomile-100ml\/\" \/>\n<meta property=\"og:locale\" content=\"lv_LV\" \/>\n<meta property=\"og:type\" content=\"article\" \/>\n<meta property=\"og:title\" content=\"[:lv]SUFL\u0112 ZIEPES &#039;CAMOMILE&#039;, 100ml[:en]SOUFFLE SOAP &#039;CAMOMILE&#039;, 100ml[:de]SOUFFLE-SEIFE &#039;CAMOMILE&#039;, 100ml[:ru]\u041c\u042b\u041b\u041e \u0421\u0423\u0424\u041b\u0415 &#039;CAMOMILE&#039;, 100\u043c\u043b[:]\" \/>\n<meta property=\"og:description\" content=\"Souffle soaps are very gentle to skin \u2013 their pH level is 7.5 and they are sulphate and paraben free. With sweet almond oil.With the scent of Chamomile.\" \/>\n<meta property=\"og:url\" content=\"https:\/\/naturalsoap.lv\/de\/shop\/souffle-soap\/sufle-ziepes-camomile-100ml\/\" \/>\n<meta property=\"og:site_name\" content=\"NATURAL SOAP\" \/>\n<meta property=\"article:modified_time\" content=\"2025-04-15T10:41:39+00:00\" \/>\n<meta property=\"og:image\" content=\"https:\/\/naturalsoap.lv\/wp-content\/uploads\/2024\/05\/92f05dccaac9702e4edb1e59c2298c9c_1692088727-e1730204650403.jpeg\" \/>\n\t<meta property=\"og:image:width\" content=\"900\" \/>\n\t<meta property=\"og:image:height\" content=\"895\" \/>\n\t<meta property=\"og:image:type\" content=\"image\/jpeg\" \/>\n<meta name=\"twitter:card\" content=\"summary_large_image\" \/>\n<meta name=\"twitter:label1\" content=\"Est. reading time\" \/>\n\t<meta name=\"twitter:data1\" content=\"1 minute\" \/>\n<script type=\"application\/ld+json\" class=\"yoast-schema-graph\">{\"@context\":\"https:\\\/\\\/schema.org\",\"@graph\":[{\"@type\":\"WebPage\",\"@id\":\"https:\\\/\\\/naturalsoap.lv\\\/de\\\/shop\\\/souffle-soap\\\/sufle-ziepes-camomile-100ml\\\/\",\"url\":\"https:\\\/\\\/naturalsoap.lv\\\/de\\\/shop\\\/souffle-soap\\\/sufle-ziepes-camomile-100ml\\\/\",\"name\":\"[:lv]SUFL\u0112 ZIEPES 'CAMOMILE', 100ml[:en]SOUFFLE SOAP 'CAMOMILE', 100ml[:de]SOUFFLE-SEIFE 'CAMOMILE', 100ml[:ru]\u041c\u042b\u041b\u041e \u0421\u0423\u0424\u041b\u0415 'CAMOMILE', 100\u043c\u043b[:] - NATURAL SOAP\",\"isPartOf\":{\"@id\":\"https:\\\/\\\/naturalsoap.lv\\\/en\\\/#website\"},\"primaryImageOfPage\":{\"@id\":\"https:\\\/\\\/naturalsoap.lv\\\/de\\\/shop\\\/souffle-soap\\\/sufle-ziepes-camomile-100ml\\\/#primaryimage\"},\"image\":{\"@id\":\"https:\\\/\\\/naturalsoap.lv\\\/de\\\/shop\\\/souffle-soap\\\/sufle-ziepes-camomile-100ml\\\/#primaryimage\"},\"thumbnailUrl\":\"https:\\\/\\\/naturalsoap.lv\\\/wp-content\\\/uploads\\\/2024\\\/05\\\/92f05dccaac9702e4edb1e59c2298c9c_1692088727-e1730204650403.jpeg\",\"datePublished\":\"2024-05-30T07:03:22+00:00\",\"dateModified\":\"2025-04-15T10:41:39+00:00\",\"description\":\"Souffle soaps are very gentle to skin \u2013 their pH level is 7.5 and they are sulphate and paraben free. With sweet almond oil.With the scent of Chamomile.\",\"breadcrumb\":{\"@id\":\"https:\\\/\\\/naturalsoap.lv\\\/de\\\/shop\\\/souffle-soap\\\/sufle-ziepes-camomile-100ml\\\/#breadcrumb\"},\"inLanguage\":\"lv-LV\",\"potentialAction\":[{\"@type\":\"ReadAction\",\"target\":[\"https:\\\/\\\/naturalsoap.lv\\\/de\\\/shop\\\/souffle-soap\\\/sufle-ziepes-camomile-100ml\\\/\"]}]},{\"@type\":\"ImageObject\",\"inLanguage\":\"lv-LV\",\"@id\":\"https:\\\/\\\/naturalsoap.lv\\\/de\\\/shop\\\/souffle-soap\\\/sufle-ziepes-camomile-100ml\\\/#primaryimage\",\"url\":\"https:\\\/\\\/naturalsoap.lv\\\/wp-content\\\/uploads\\\/2024\\\/05\\\/92f05dccaac9702e4edb1e59c2298c9c_1692088727-e1730204650403.jpeg\",\"contentUrl\":\"https:\\\/\\\/naturalsoap.lv\\\/wp-content\\\/uploads\\\/2024\\\/05\\\/92f05dccaac9702e4edb1e59c2298c9c_1692088727-e1730204650403.jpeg\",\"width\":900,\"height\":895,\"caption\":\"SOUFFLE SOAP 'CAMOMILE', 100ml\"},{\"@type\":\"BreadcrumbList\",\"@id\":\"https:\\\/\\\/naturalsoap.lv\\\/de\\\/shop\\\/souffle-soap\\\/sufle-ziepes-camomile-100ml\\\/#breadcrumb\",\"itemListElement\":[{\"@type\":\"ListItem\",\"position\":1,\"name\":\"Home\",\"item\":\"https:\\\/\\\/naturalsoap.lv\\\/en\\\/\"},{\"@type\":\"ListItem\",\"position\":2,\"name\":\"Shop\",\"item\":\"https:\\\/\\\/naturalsoap.lv\\\/en\\\/shop\\\/\"},{\"@type\":\"ListItem\",\"position\":3,\"name\":\"SOUFFLE-SEIFE &#8218;CAMOMILE&#8216;, 100ml\"}]},{\"@type\":\"WebSite\",\"@id\":\"https:\\\/\\\/naturalsoap.lv\\\/en\\\/#website\",\"url\":\"https:\\\/\\\/naturalsoap.lv\\\/en\\\/\",\"name\":\"NATURAL SOAP\",\"description\":\"Kosm\u0113tika vannai un du\u0161ai. Roku darbs.\",\"publisher\":{\"@id\":\"https:\\\/\\\/naturalsoap.lv\\\/en\\\/#organization\"},\"potentialAction\":[{\"@type\":\"SearchAction\",\"target\":{\"@type\":\"EntryPoint\",\"urlTemplate\":\"https:\\\/\\\/naturalsoap.lv\\\/en\\\/?s={search_term_string}\"},\"query-input\":{\"@type\":\"PropertyValueSpecification\",\"valueRequired\":true,\"valueName\":\"search_term_string\"}}],\"inLanguage\":\"lv-LV\"},{\"@type\":\"Organization\",\"@id\":\"https:\\\/\\\/naturalsoap.lv\\\/en\\\/#organization\",\"name\":\"NATURAL SOAP\",\"url\":\"https:\\\/\\\/naturalsoap.lv\\\/en\\\/\",\"logo\":{\"@type\":\"ImageObject\",\"inLanguage\":\"lv-LV\",\"@id\":\"https:\\\/\\\/naturalsoap.lv\\\/en\\\/#\\\/schema\\\/logo\\\/image\\\/\",\"url\":\"https:\\\/\\\/naturalsoap.lv\\\/wp-content\\\/uploads\\\/2024\\\/05\\\/Logo.svg\",\"contentUrl\":\"https:\\\/\\\/naturalsoap.lv\\\/wp-content\\\/uploads\\\/2024\\\/05\\\/Logo.svg\",\"width\":125,\"height\":34,\"caption\":\"NATURAL SOAP\"},\"image\":{\"@id\":\"https:\\\/\\\/naturalsoap.lv\\\/en\\\/#\\\/schema\\\/logo\\\/image\\\/\"}}]}<\/script>\n<!-- \/ Yoast SEO Premium plugin. -->","yoast_head_json":{"title":"[:lv]SUFL\u0112 ZIEPES 'CAMOMILE', 100ml[:en]SOUFFLE SOAP 'CAMOMILE', 100ml[:de]SOUFFLE-SEIFE 'CAMOMILE', 100ml[:ru]\u041c\u042b\u041b\u041e \u0421\u0423\u0424\u041b\u0415 'CAMOMILE', 100\u043c\u043b[:] - NATURAL SOAP","description":"Souffle soaps are very gentle to skin \u2013 their pH level is 7.5 and they are sulphate and paraben free. With sweet almond oil.With the scent of Chamomile.","robots":{"index":"index","follow":"follow","max-snippet":"max-snippet:-1","max-image-preview":"max-image-preview:large","max-video-preview":"max-video-preview:-1"},"canonical":"https:\/\/naturalsoap.lv\/de\/shop\/souffle-soap\/sufle-ziepes-camomile-100ml\/","og_locale":"lv_LV","og_type":"article","og_title":"[:lv]SUFL\u0112 ZIEPES 'CAMOMILE', 100ml[:en]SOUFFLE SOAP 'CAMOMILE', 100ml[:de]SOUFFLE-SEIFE 'CAMOMILE', 100ml[:ru]\u041c\u042b\u041b\u041e \u0421\u0423\u0424\u041b\u0415 'CAMOMILE', 100\u043c\u043b[:]","og_description":"Souffle soaps are very gentle to skin \u2013 their pH level is 7.5 and they are sulphate and paraben free. With sweet almond oil.With the scent of Chamomile.","og_url":"https:\/\/naturalsoap.lv\/de\/shop\/souffle-soap\/sufle-ziepes-camomile-100ml\/","og_site_name":"NATURAL SOAP","article_modified_time":"2025-04-15T10:41:39+00:00","og_image":[{"width":900,"height":895,"url":"https:\/\/naturalsoap.lv\/wp-content\/uploads\/2024\/05\/92f05dccaac9702e4edb1e59c2298c9c_1692088727-e1730204650403.jpeg","type":"image\/jpeg"}],"twitter_card":"summary_large_image","twitter_misc":{"Est. reading time":"1 minute"},"schema":{"@context":"https:\/\/schema.org","@graph":[{"@type":"WebPage","@id":"https:\/\/naturalsoap.lv\/de\/shop\/souffle-soap\/sufle-ziepes-camomile-100ml\/","url":"https:\/\/naturalsoap.lv\/de\/shop\/souffle-soap\/sufle-ziepes-camomile-100ml\/","name":"[:lv]SUFL\u0112 ZIEPES 'CAMOMILE', 100ml[:en]SOUFFLE SOAP 'CAMOMILE', 100ml[:de]SOUFFLE-SEIFE 'CAMOMILE', 100ml[:ru]\u041c\u042b\u041b\u041e \u0421\u0423\u0424\u041b\u0415 'CAMOMILE', 100\u043c\u043b[:] - NATURAL SOAP","isPartOf":{"@id":"https:\/\/naturalsoap.lv\/en\/#website"},"primaryImageOfPage":{"@id":"https:\/\/naturalsoap.lv\/de\/shop\/souffle-soap\/sufle-ziepes-camomile-100ml\/#primaryimage"},"image":{"@id":"https:\/\/naturalsoap.lv\/de\/shop\/souffle-soap\/sufle-ziepes-camomile-100ml\/#primaryimage"},"thumbnailUrl":"https:\/\/naturalsoap.lv\/wp-content\/uploads\/2024\/05\/92f05dccaac9702e4edb1e59c2298c9c_1692088727-e1730204650403.jpeg","datePublished":"2024-05-30T07:03:22+00:00","dateModified":"2025-04-15T10:41:39+00:00","description":"Souffle soaps are very gentle to skin \u2013 their pH level is 7.5 and they are sulphate and paraben free. With sweet almond oil.With the scent of Chamomile.","breadcrumb":{"@id":"https:\/\/naturalsoap.lv\/de\/shop\/souffle-soap\/sufle-ziepes-camomile-100ml\/#breadcrumb"},"inLanguage":"lv-LV","potentialAction":[{"@type":"ReadAction","target":["https:\/\/naturalsoap.lv\/de\/shop\/souffle-soap\/sufle-ziepes-camomile-100ml\/"]}]},{"@type":"ImageObject","inLanguage":"lv-LV","@id":"https:\/\/naturalsoap.lv\/de\/shop\/souffle-soap\/sufle-ziepes-camomile-100ml\/#primaryimage","url":"https:\/\/naturalsoap.lv\/wp-content\/uploads\/2024\/05\/92f05dccaac9702e4edb1e59c2298c9c_1692088727-e1730204650403.jpeg","contentUrl":"https:\/\/naturalsoap.lv\/wp-content\/uploads\/2024\/05\/92f05dccaac9702e4edb1e59c2298c9c_1692088727-e1730204650403.jpeg","width":900,"height":895,"caption":"SOUFFLE SOAP 'CAMOMILE', 100ml"},{"@type":"BreadcrumbList","@id":"https:\/\/naturalsoap.lv\/de\/shop\/souffle-soap\/sufle-ziepes-camomile-100ml\/#breadcrumb","itemListElement":[{"@type":"ListItem","position":1,"name":"Home","item":"https:\/\/naturalsoap.lv\/en\/"},{"@type":"ListItem","position":2,"name":"Shop","item":"https:\/\/naturalsoap.lv\/en\/shop\/"},{"@type":"ListItem","position":3,"name":"SOUFFLE-SEIFE &#8218;CAMOMILE&#8216;, 100ml"}]},{"@type":"WebSite","@id":"https:\/\/naturalsoap.lv\/en\/#website","url":"https:\/\/naturalsoap.lv\/en\/","name":"NATURAL SOAP","description":"Kosm\u0113tika vannai un du\u0161ai. Roku darbs.","publisher":{"@id":"https:\/\/naturalsoap.lv\/en\/#organization"},"potentialAction":[{"@type":"SearchAction","target":{"@type":"EntryPoint","urlTemplate":"https:\/\/naturalsoap.lv\/en\/?s={search_term_string}"},"query-input":{"@type":"PropertyValueSpecification","valueRequired":true,"valueName":"search_term_string"}}],"inLanguage":"lv-LV"},{"@type":"Organization","@id":"https:\/\/naturalsoap.lv\/en\/#organization","name":"NATURAL SOAP","url":"https:\/\/naturalsoap.lv\/en\/","logo":{"@type":"ImageObject","inLanguage":"lv-LV","@id":"https:\/\/naturalsoap.lv\/en\/#\/schema\/logo\/image\/","url":"https:\/\/naturalsoap.lv\/wp-content\/uploads\/2024\/05\/Logo.svg","contentUrl":"https:\/\/naturalsoap.lv\/wp-content\/uploads\/2024\/05\/Logo.svg","width":125,"height":34,"caption":"NATURAL SOAP"},"image":{"@id":"https:\/\/naturalsoap.lv\/en\/#\/schema\/logo\/image\/"}}]}},"_links":{"self":[{"href":"https:\/\/naturalsoap.lv\/lv\/wp-json\/wp\/v2\/product\/14666","targetHints":{"allow":["GET"]}}],"collection":[{"href":"https:\/\/naturalsoap.lv\/lv\/wp-json\/wp\/v2\/product"}],"about":[{"href":"https:\/\/naturalsoap.lv\/lv\/wp-json\/wp\/v2\/types\/product"}],"wp:featuredmedia":[{"embeddable":true,"href":"https:\/\/naturalsoap.lv\/lv\/wp-json\/wp\/v2\/media\/14667"}],"wp:attachment":[{"href":"https:\/\/naturalsoap.lv\/lv\/wp-json\/wp\/v2\/media?parent=14666"}],"wp:term":[{"taxonomy":"product_brand","embeddable":true,"href":"https:\/\/naturalsoap.lv\/lv\/wp-json\/wp\/v2\/product_brand?post=14666"},{"taxonomy":"product_cat","embeddable":true,"href":"https:\/\/naturalsoap.lv\/lv\/wp-json\/wp\/v2\/product_cat?post=14666"},{"taxonomy":"product_tag","embeddable":true,"href":"https:\/\/naturalsoap.lv\/lv\/wp-json\/wp\/v2\/product_tag?post=14666"}],"curies":[{"name":"wp","href":"https:\/\/api.w.org\/{rel}","templated":true}]}}