{"id":14650,"date":"2024-05-30T07:02:43","date_gmt":"2024-05-30T07:02:43","guid":{"rendered":"https:\/\/321.optimum.lv\/product\/vannas-burbulbumba-lemongrass-6cm\/"},"modified":"2025-04-15T11:07:19","modified_gmt":"2025-04-15T11:07:19","slug":"vannas-burbulbumba-lemongrass-6cm","status":"publish","type":"product","link":"https:\/\/naturalsoap.lv\/lv\/shop\/bath-bubble-ball\/vannas-burbulbumba-lemongrass-6cm\/","title":{"rendered":"VANNAS BURBU\u013bBUMBA &#8216;LEMONGRASS&#8217;, \u1d13 6cm"},"content":{"rendered":"<p>\u0160\u012b kr\u0101sain\u0101, ar rok\u0101m veidot\u0101 vannas burbu\u013cbumba ir piepild\u012bta ar Atlantijas j\u016bras s\u0101ls krist\u0101liem un ol\u012bve\u013c\u013cu.<\/p>\n<p>Ar citrusaug\u013cu arom\u0101tu.<\/p>\n<p>Ol\u012bve\u013c\u013ca ir \u013coti bag\u0101ta ar vitam\u012bniem, miner\u0101lviel\u0101m un dab\u012bg\u0101m tauksk\u0101b\u0113m. Tas nov\u0113r\u0161 \u0101das noveco\u0161anos, k\u0101 ar\u012b baro, atjauno un aizsarg\u0101 \u0101du. Ol\u012bve\u013c\u013ca, kas bag\u0101ta ar E un A vitam\u012bnu, pal\u012bdz pagarin\u0101t jaun\u012bbu, mitrina \u0101du, saglab\u0101 t\u0101s elast\u012bbu un maigumu.<\/p>","protected":false},"excerpt":{"rendered":"<p>INCI: Sodium Bicarbonate, Citric Acid, Maris Sal, Olea Europaea Fruit Oil, Parfum, CI 19140, Benzyl benzoate, Benzyl salicylate, Citronellol, Geraniol, Hexyl Cinnamal<\/p>\n<p>Ra\u017eot\u0101js: SIA GARTDA, Alejas iela 73, Daugavpils, LV-5401, Latvija, T. +371 65420849, <a href=\"mailto:info@gartda.lv\">info@gartda.lv<\/a><\/p>\n","protected":false},"featured_media":14651,"template":"","meta":[],"product_brand":[],"product_cat":[490],"product_tag":[],"class_list":{"0":"post-14650","1":"product","2":"type-product","3":"status-publish","4":"has-post-thumbnail","6":"product_cat-bath-bubble-ball","7":"pa_gift-box-no-gift-box","8":"pa_gift-box-gift-box","10":"first","11":"instock","12":"taxable","13":"shipping-taxable","14":"purchasable","15":"product-type-simple"},"yoast_head":"<!-- This site is optimized with the Yoast SEO Premium plugin v22.6 (Yoast SEO v27.3) - https:\/\/yoast.com\/product\/yoast-seo-premium-wordpress\/ -->\n<title>VANNAS BURBU\u013bBUMBA &#039;LEMONGRASS&#039;, \u1d13 6cm - NATURAL SOAP<\/title>\n<meta name=\"description\" content=\"This hand crafted bath bubble ball is filled with Atlantic sea salt crystals and olive oil. Olive oil is very rich in vitamins and minerals.\" \/>\n<meta name=\"robots\" content=\"index, follow, max-snippet:-1, max-image-preview:large, max-video-preview:-1\" \/>\n<link rel=\"canonical\" href=\"https:\/\/naturalsoap.lv\/lv\/shop\/bath-bubble-ball\/vannas-burbulbumba-lemongrass-6cm\/\" \/>\n<meta property=\"og:locale\" content=\"lv_LV\" \/>\n<meta property=\"og:type\" content=\"article\" \/>\n<meta property=\"og:title\" content=\"[:lv]VANNAS BURBU\u013bBUMBA &#039;LEMONGRASS&#039;, \u1d13 6cm[:en]BATH BUBBLE BALL &#039;LEMONGRASS&#039;, \u1d13 6cm[:de]BADEBLASENKUGEL &#039;LEMONGRASS&#039;, \u1d13 6cm[:ru]\u0411\u0423\u0420\u041b\u042f\u0429\u0418\u0419 \u0428\u0410\u0420\u0418\u041a \u0414\u041b\u042f \u0412\u0410\u041d\u041d\u042b &#039;LEMONGRASS&#039;, \u1d13 6cm[:]\" \/>\n<meta property=\"og:description\" content=\"This hand crafted bath bubble ball is filled with Atlantic sea salt crystals and olive oil. Olive oil is very rich in vitamins and minerals.\" \/>\n<meta property=\"og:url\" content=\"https:\/\/naturalsoap.lv\/lv\/shop\/bath-bubble-ball\/vannas-burbulbumba-lemongrass-6cm\/\" \/>\n<meta property=\"og:site_name\" content=\"NATURAL SOAP\" \/>\n<meta property=\"article:modified_time\" content=\"2025-04-15T11:07:19+00:00\" \/>\n<meta property=\"og:image\" content=\"https:\/\/naturalsoap.lv\/wp-content\/uploads\/2024\/05\/5ebe082fe48d74236a77b3ce7991bcb9_1692088803.jpeg\" \/>\n\t<meta property=\"og:image:width\" content=\"616\" \/>\n\t<meta property=\"og:image:height\" content=\"450\" \/>\n\t<meta property=\"og:image:type\" content=\"image\/jpeg\" \/>\n<meta name=\"twitter:card\" content=\"summary_large_image\" \/>\n<meta name=\"twitter:label1\" content=\"Est. reading time\" \/>\n\t<meta name=\"twitter:data1\" content=\"1 minute\" \/>\n<script type=\"application\/ld+json\" class=\"yoast-schema-graph\">{\"@context\":\"https:\\\/\\\/schema.org\",\"@graph\":[{\"@type\":\"WebPage\",\"@id\":\"https:\\\/\\\/naturalsoap.lv\\\/lv\\\/shop\\\/bath-bubble-ball\\\/vannas-burbulbumba-lemongrass-6cm\\\/\",\"url\":\"https:\\\/\\\/naturalsoap.lv\\\/lv\\\/shop\\\/bath-bubble-ball\\\/vannas-burbulbumba-lemongrass-6cm\\\/\",\"name\":\"[:lv]VANNAS BURBU\u013bBUMBA 'LEMONGRASS', \u1d13 6cm[:en]BATH BUBBLE BALL 'LEMONGRASS', \u1d13 6cm[:de]BADEBLASENKUGEL 'LEMONGRASS', \u1d13 6cm[:ru]\u0411\u0423\u0420\u041b\u042f\u0429\u0418\u0419 \u0428\u0410\u0420\u0418\u041a \u0414\u041b\u042f \u0412\u0410\u041d\u041d\u042b 'LEMONGRASS', \u1d13 6cm[:] - NATURAL SOAP\",\"isPartOf\":{\"@id\":\"https:\\\/\\\/naturalsoap.lv\\\/en\\\/#website\"},\"primaryImageOfPage\":{\"@id\":\"https:\\\/\\\/naturalsoap.lv\\\/lv\\\/shop\\\/bath-bubble-ball\\\/vannas-burbulbumba-lemongrass-6cm\\\/#primaryimage\"},\"image\":{\"@id\":\"https:\\\/\\\/naturalsoap.lv\\\/lv\\\/shop\\\/bath-bubble-ball\\\/vannas-burbulbumba-lemongrass-6cm\\\/#primaryimage\"},\"thumbnailUrl\":\"https:\\\/\\\/naturalsoap.lv\\\/wp-content\\\/uploads\\\/2024\\\/05\\\/5ebe082fe48d74236a77b3ce7991bcb9_1692088803.jpeg\",\"datePublished\":\"2024-05-30T07:02:43+00:00\",\"dateModified\":\"2025-04-15T11:07:19+00:00\",\"description\":\"This hand crafted bath bubble ball is filled with Atlantic sea salt crystals and olive oil. Olive oil is very rich in vitamins and minerals.\",\"breadcrumb\":{\"@id\":\"https:\\\/\\\/naturalsoap.lv\\\/lv\\\/shop\\\/bath-bubble-ball\\\/vannas-burbulbumba-lemongrass-6cm\\\/#breadcrumb\"},\"inLanguage\":\"lv-LV\",\"potentialAction\":[{\"@type\":\"ReadAction\",\"target\":[\"https:\\\/\\\/naturalsoap.lv\\\/lv\\\/shop\\\/bath-bubble-ball\\\/vannas-burbulbumba-lemongrass-6cm\\\/\"]}]},{\"@type\":\"ImageObject\",\"inLanguage\":\"lv-LV\",\"@id\":\"https:\\\/\\\/naturalsoap.lv\\\/lv\\\/shop\\\/bath-bubble-ball\\\/vannas-burbulbumba-lemongrass-6cm\\\/#primaryimage\",\"url\":\"https:\\\/\\\/naturalsoap.lv\\\/wp-content\\\/uploads\\\/2024\\\/05\\\/5ebe082fe48d74236a77b3ce7991bcb9_1692088803.jpeg\",\"contentUrl\":\"https:\\\/\\\/naturalsoap.lv\\\/wp-content\\\/uploads\\\/2024\\\/05\\\/5ebe082fe48d74236a77b3ce7991bcb9_1692088803.jpeg\",\"width\":616,\"height\":450,\"caption\":\"BATH BUBBLE BALL 'LEMONGRASS', \u1d13 6cm\"},{\"@type\":\"BreadcrumbList\",\"@id\":\"https:\\\/\\\/naturalsoap.lv\\\/lv\\\/shop\\\/bath-bubble-ball\\\/vannas-burbulbumba-lemongrass-6cm\\\/#breadcrumb\",\"itemListElement\":[{\"@type\":\"ListItem\",\"position\":1,\"name\":\"Home\",\"item\":\"https:\\\/\\\/naturalsoap.lv\\\/en\\\/\"},{\"@type\":\"ListItem\",\"position\":2,\"name\":\"Shop\",\"item\":\"https:\\\/\\\/naturalsoap.lv\\\/en\\\/shop\\\/\"},{\"@type\":\"ListItem\",\"position\":3,\"name\":\"VANNAS BURBU\u013bBUMBA &#8216;LEMONGRASS&#8217;, \u1d13 6cm\"}]},{\"@type\":\"WebSite\",\"@id\":\"https:\\\/\\\/naturalsoap.lv\\\/en\\\/#website\",\"url\":\"https:\\\/\\\/naturalsoap.lv\\\/en\\\/\",\"name\":\"NATURAL SOAP\",\"description\":\"Kosm\u0113tika vannai un du\u0161ai. Roku darbs.\",\"publisher\":{\"@id\":\"https:\\\/\\\/naturalsoap.lv\\\/en\\\/#organization\"},\"potentialAction\":[{\"@type\":\"SearchAction\",\"target\":{\"@type\":\"EntryPoint\",\"urlTemplate\":\"https:\\\/\\\/naturalsoap.lv\\\/en\\\/?s={search_term_string}\"},\"query-input\":{\"@type\":\"PropertyValueSpecification\",\"valueRequired\":true,\"valueName\":\"search_term_string\"}}],\"inLanguage\":\"lv-LV\"},{\"@type\":\"Organization\",\"@id\":\"https:\\\/\\\/naturalsoap.lv\\\/en\\\/#organization\",\"name\":\"NATURAL SOAP\",\"url\":\"https:\\\/\\\/naturalsoap.lv\\\/en\\\/\",\"logo\":{\"@type\":\"ImageObject\",\"inLanguage\":\"lv-LV\",\"@id\":\"https:\\\/\\\/naturalsoap.lv\\\/en\\\/#\\\/schema\\\/logo\\\/image\\\/\",\"url\":\"https:\\\/\\\/naturalsoap.lv\\\/wp-content\\\/uploads\\\/2024\\\/05\\\/Logo.svg\",\"contentUrl\":\"https:\\\/\\\/naturalsoap.lv\\\/wp-content\\\/uploads\\\/2024\\\/05\\\/Logo.svg\",\"width\":125,\"height\":34,\"caption\":\"NATURAL SOAP\"},\"image\":{\"@id\":\"https:\\\/\\\/naturalsoap.lv\\\/en\\\/#\\\/schema\\\/logo\\\/image\\\/\"}}]}<\/script>\n<!-- \/ Yoast SEO Premium plugin. -->","yoast_head_json":{"title":"[:lv]VANNAS BURBU\u013bBUMBA 'LEMONGRASS', \u1d13 6cm[:en]BATH BUBBLE BALL 'LEMONGRASS', \u1d13 6cm[:de]BADEBLASENKUGEL 'LEMONGRASS', \u1d13 6cm[:ru]\u0411\u0423\u0420\u041b\u042f\u0429\u0418\u0419 \u0428\u0410\u0420\u0418\u041a \u0414\u041b\u042f \u0412\u0410\u041d\u041d\u042b 'LEMONGRASS', \u1d13 6cm[:] - NATURAL SOAP","description":"This hand crafted bath bubble ball is filled with Atlantic sea salt crystals and olive oil. Olive oil is very rich in vitamins and minerals.","robots":{"index":"index","follow":"follow","max-snippet":"max-snippet:-1","max-image-preview":"max-image-preview:large","max-video-preview":"max-video-preview:-1"},"canonical":"https:\/\/naturalsoap.lv\/lv\/shop\/bath-bubble-ball\/vannas-burbulbumba-lemongrass-6cm\/","og_locale":"lv_LV","og_type":"article","og_title":"[:lv]VANNAS BURBU\u013bBUMBA 'LEMONGRASS', \u1d13 6cm[:en]BATH BUBBLE BALL 'LEMONGRASS', \u1d13 6cm[:de]BADEBLASENKUGEL 'LEMONGRASS', \u1d13 6cm[:ru]\u0411\u0423\u0420\u041b\u042f\u0429\u0418\u0419 \u0428\u0410\u0420\u0418\u041a \u0414\u041b\u042f \u0412\u0410\u041d\u041d\u042b 'LEMONGRASS', \u1d13 6cm[:]","og_description":"This hand crafted bath bubble ball is filled with Atlantic sea salt crystals and olive oil. Olive oil is very rich in vitamins and minerals.","og_url":"https:\/\/naturalsoap.lv\/lv\/shop\/bath-bubble-ball\/vannas-burbulbumba-lemongrass-6cm\/","og_site_name":"NATURAL SOAP","article_modified_time":"2025-04-15T11:07:19+00:00","og_image":[{"width":616,"height":450,"url":"https:\/\/naturalsoap.lv\/wp-content\/uploads\/2024\/05\/5ebe082fe48d74236a77b3ce7991bcb9_1692088803.jpeg","type":"image\/jpeg"}],"twitter_card":"summary_large_image","twitter_misc":{"Est. reading time":"1 minute"},"schema":{"@context":"https:\/\/schema.org","@graph":[{"@type":"WebPage","@id":"https:\/\/naturalsoap.lv\/lv\/shop\/bath-bubble-ball\/vannas-burbulbumba-lemongrass-6cm\/","url":"https:\/\/naturalsoap.lv\/lv\/shop\/bath-bubble-ball\/vannas-burbulbumba-lemongrass-6cm\/","name":"[:lv]VANNAS BURBU\u013bBUMBA 'LEMONGRASS', \u1d13 6cm[:en]BATH BUBBLE BALL 'LEMONGRASS', \u1d13 6cm[:de]BADEBLASENKUGEL 'LEMONGRASS', \u1d13 6cm[:ru]\u0411\u0423\u0420\u041b\u042f\u0429\u0418\u0419 \u0428\u0410\u0420\u0418\u041a \u0414\u041b\u042f \u0412\u0410\u041d\u041d\u042b 'LEMONGRASS', \u1d13 6cm[:] - NATURAL SOAP","isPartOf":{"@id":"https:\/\/naturalsoap.lv\/en\/#website"},"primaryImageOfPage":{"@id":"https:\/\/naturalsoap.lv\/lv\/shop\/bath-bubble-ball\/vannas-burbulbumba-lemongrass-6cm\/#primaryimage"},"image":{"@id":"https:\/\/naturalsoap.lv\/lv\/shop\/bath-bubble-ball\/vannas-burbulbumba-lemongrass-6cm\/#primaryimage"},"thumbnailUrl":"https:\/\/naturalsoap.lv\/wp-content\/uploads\/2024\/05\/5ebe082fe48d74236a77b3ce7991bcb9_1692088803.jpeg","datePublished":"2024-05-30T07:02:43+00:00","dateModified":"2025-04-15T11:07:19+00:00","description":"This hand crafted bath bubble ball is filled with Atlantic sea salt crystals and olive oil. Olive oil is very rich in vitamins and minerals.","breadcrumb":{"@id":"https:\/\/naturalsoap.lv\/lv\/shop\/bath-bubble-ball\/vannas-burbulbumba-lemongrass-6cm\/#breadcrumb"},"inLanguage":"lv-LV","potentialAction":[{"@type":"ReadAction","target":["https:\/\/naturalsoap.lv\/lv\/shop\/bath-bubble-ball\/vannas-burbulbumba-lemongrass-6cm\/"]}]},{"@type":"ImageObject","inLanguage":"lv-LV","@id":"https:\/\/naturalsoap.lv\/lv\/shop\/bath-bubble-ball\/vannas-burbulbumba-lemongrass-6cm\/#primaryimage","url":"https:\/\/naturalsoap.lv\/wp-content\/uploads\/2024\/05\/5ebe082fe48d74236a77b3ce7991bcb9_1692088803.jpeg","contentUrl":"https:\/\/naturalsoap.lv\/wp-content\/uploads\/2024\/05\/5ebe082fe48d74236a77b3ce7991bcb9_1692088803.jpeg","width":616,"height":450,"caption":"BATH BUBBLE BALL 'LEMONGRASS', \u1d13 6cm"},{"@type":"BreadcrumbList","@id":"https:\/\/naturalsoap.lv\/lv\/shop\/bath-bubble-ball\/vannas-burbulbumba-lemongrass-6cm\/#breadcrumb","itemListElement":[{"@type":"ListItem","position":1,"name":"Home","item":"https:\/\/naturalsoap.lv\/en\/"},{"@type":"ListItem","position":2,"name":"Shop","item":"https:\/\/naturalsoap.lv\/en\/shop\/"},{"@type":"ListItem","position":3,"name":"VANNAS BURBU\u013bBUMBA &#8216;LEMONGRASS&#8217;, \u1d13 6cm"}]},{"@type":"WebSite","@id":"https:\/\/naturalsoap.lv\/en\/#website","url":"https:\/\/naturalsoap.lv\/en\/","name":"NATURAL SOAP","description":"Kosm\u0113tika vannai un du\u0161ai. Roku darbs.","publisher":{"@id":"https:\/\/naturalsoap.lv\/en\/#organization"},"potentialAction":[{"@type":"SearchAction","target":{"@type":"EntryPoint","urlTemplate":"https:\/\/naturalsoap.lv\/en\/?s={search_term_string}"},"query-input":{"@type":"PropertyValueSpecification","valueRequired":true,"valueName":"search_term_string"}}],"inLanguage":"lv-LV"},{"@type":"Organization","@id":"https:\/\/naturalsoap.lv\/en\/#organization","name":"NATURAL SOAP","url":"https:\/\/naturalsoap.lv\/en\/","logo":{"@type":"ImageObject","inLanguage":"lv-LV","@id":"https:\/\/naturalsoap.lv\/en\/#\/schema\/logo\/image\/","url":"https:\/\/naturalsoap.lv\/wp-content\/uploads\/2024\/05\/Logo.svg","contentUrl":"https:\/\/naturalsoap.lv\/wp-content\/uploads\/2024\/05\/Logo.svg","width":125,"height":34,"caption":"NATURAL SOAP"},"image":{"@id":"https:\/\/naturalsoap.lv\/en\/#\/schema\/logo\/image\/"}}]}},"_links":{"self":[{"href":"https:\/\/naturalsoap.lv\/lv\/wp-json\/wp\/v2\/product\/14650","targetHints":{"allow":["GET"]}}],"collection":[{"href":"https:\/\/naturalsoap.lv\/lv\/wp-json\/wp\/v2\/product"}],"about":[{"href":"https:\/\/naturalsoap.lv\/lv\/wp-json\/wp\/v2\/types\/product"}],"wp:featuredmedia":[{"embeddable":true,"href":"https:\/\/naturalsoap.lv\/lv\/wp-json\/wp\/v2\/media\/14651"}],"wp:attachment":[{"href":"https:\/\/naturalsoap.lv\/lv\/wp-json\/wp\/v2\/media?parent=14650"}],"wp:term":[{"taxonomy":"product_brand","embeddable":true,"href":"https:\/\/naturalsoap.lv\/lv\/wp-json\/wp\/v2\/product_brand?post=14650"},{"taxonomy":"product_cat","embeddable":true,"href":"https:\/\/naturalsoap.lv\/lv\/wp-json\/wp\/v2\/product_cat?post=14650"},{"taxonomy":"product_tag","embeddable":true,"href":"https:\/\/naturalsoap.lv\/lv\/wp-json\/wp\/v2\/product_tag?post=14650"}],"curies":[{"name":"wp","href":"https:\/\/api.w.org\/{rel}","templated":true}]}}