{"id":14616,"date":"2024-05-30T07:00:48","date_gmt":"2024-05-30T07:00:48","guid":{"rendered":"https:\/\/321.optimum.lv\/product\/banana-soap-100gr\/"},"modified":"2025-04-15T11:39:04","modified_gmt":"2025-04-15T11:39:04","slug":"banana-soap-100gr","status":"publish","type":"product","link":"https:\/\/naturalsoap.lv\/lv\/shop\/soap\/banana-soap-100gr\/","title":{"rendered":"ZIEPES &#8216;BANANA&#8217;, 100gr"},"content":{"rendered":"<p>Veg\u0101ns. Lieliskas puto\u0161anas \u012bpa\u0161\u012bbas. Ar r\u012bcine\u013c\u013cu.<\/p>\n<p>Ban\u0101nu svaigais arom\u0101ts. Cietais skrubis no mago\u0146u s\u0113kl\u0101m.<\/p>","protected":false},"excerpt":{"rendered":"<p>INCI: Aqua, Propylene Glycol, Sodium Stearate, Glycerin, Sucrose, Sodium Laureth Sulfate, Sorbitol, Sodium Myristate, Parfum, Sodium Laurate, Sodium Lauryl Sulfate, Silica Silylate, Sodium Chloride, Ricinus Communis Seed Oil, Papaver Somniferum Seed, Stearic Acid, Myristic Acid, Lauric Acid, Tetrasodium Iminodisuccinate, Tetrasodium Etidronate, CI 19140, CI 11680, CI 12490, CI 77891, Citral, Eugenol, Hexyl Cinnamic Aldehyde Alpha<\/p>\n<p>Ra\u017eot\u0101js: SIA GARTDA, Alejas iela 73, Daugavpils, LV-5401, Latvija, T. +371 65420849, <a href=\"mailto:info@gartda.lv\">info@gartda.lv<\/a><\/p>\n","protected":false},"featured_media":14617,"template":"","meta":[],"product_brand":[],"product_cat":[488],"product_tag":[],"class_list":{"0":"post-14616","1":"product","2":"type-product","3":"status-publish","4":"has-post-thumbnail","6":"product_cat-soap","7":"pa_box-bez-davanu-kastites","8":"pa_box-davanu-kastite","10":"first","11":"instock","12":"taxable","13":"shipping-taxable","14":"purchasable","15":"product-type-variable"},"yoast_head":"<!-- This site is optimized with the Yoast SEO Premium plugin v22.6 (Yoast SEO v27.3) - https:\/\/yoast.com\/product\/yoast-seo-premium-wordpress\/ -->\n<title>ZIEPES &#039;BANANA&#039;, 100gr - NATURAL SOAP<\/title>\n<meta name=\"description\" content=\"BANANA SOAP. With grapeseed oil. The fun, tropical enjoyment of banana.Poppy seeds are an excellent natural exfoliant that is mild enough for skin and face.\" \/>\n<meta name=\"robots\" content=\"index, follow, max-snippet:-1, max-image-preview:large, max-video-preview:-1\" \/>\n<link rel=\"canonical\" href=\"https:\/\/naturalsoap.lv\/lv\/shop\/soap\/banana-soap-100gr\/\" \/>\n<meta property=\"og:locale\" content=\"lv_LV\" \/>\n<meta property=\"og:type\" content=\"article\" \/>\n<meta property=\"og:title\" content=\"[:lv]ZIEPES &#039;BANANA&#039;, 100gr[:en]BANANA SOAP, 100gr[:de]SEIFE &#039;BANANA&#039;, 100gr[:ru]\u041c\u042b\u041b\u041e &#039;BANANA&#039;, 100gr[:]\" \/>\n<meta property=\"og:description\" content=\"BANANA SOAP. With grapeseed oil. The fun, tropical enjoyment of banana.Poppy seeds are an excellent natural exfoliant that is mild enough for skin and face.\" \/>\n<meta property=\"og:url\" content=\"https:\/\/naturalsoap.lv\/lv\/shop\/soap\/banana-soap-100gr\/\" \/>\n<meta property=\"og:site_name\" content=\"NATURAL SOAP\" \/>\n<meta property=\"article:modified_time\" content=\"2025-04-15T11:39:04+00:00\" \/>\n<meta property=\"og:image\" content=\"https:\/\/naturalsoap.lv\/wp-content\/uploads\/2024\/05\/679ad2025e702cba28934b1a3ca9022b_1692088473.jpeg\" \/>\n\t<meta property=\"og:image:width\" content=\"750\" \/>\n\t<meta property=\"og:image:height\" content=\"500\" \/>\n\t<meta property=\"og:image:type\" content=\"image\/jpeg\" \/>\n<meta name=\"twitter:card\" content=\"summary_large_image\" \/>\n<meta name=\"twitter:label1\" content=\"Est. reading time\" \/>\n\t<meta name=\"twitter:data1\" content=\"1 minute\" \/>\n<script type=\"application\/ld+json\" class=\"yoast-schema-graph\">{\"@context\":\"https:\\\/\\\/schema.org\",\"@graph\":[{\"@type\":\"WebPage\",\"@id\":\"https:\\\/\\\/naturalsoap.lv\\\/lv\\\/shop\\\/soap\\\/banana-soap-100gr\\\/\",\"url\":\"https:\\\/\\\/naturalsoap.lv\\\/lv\\\/shop\\\/soap\\\/banana-soap-100gr\\\/\",\"name\":\"[:lv]ZIEPES 'BANANA', 100gr[:en]BANANA SOAP, 100gr[:de]SEIFE 'BANANA', 100gr[:ru]\u041c\u042b\u041b\u041e 'BANANA', 100gr[:] - NATURAL SOAP\",\"isPartOf\":{\"@id\":\"https:\\\/\\\/naturalsoap.lv\\\/en\\\/#website\"},\"primaryImageOfPage\":{\"@id\":\"https:\\\/\\\/naturalsoap.lv\\\/lv\\\/shop\\\/soap\\\/banana-soap-100gr\\\/#primaryimage\"},\"image\":{\"@id\":\"https:\\\/\\\/naturalsoap.lv\\\/lv\\\/shop\\\/soap\\\/banana-soap-100gr\\\/#primaryimage\"},\"thumbnailUrl\":\"https:\\\/\\\/naturalsoap.lv\\\/wp-content\\\/uploads\\\/2024\\\/05\\\/679ad2025e702cba28934b1a3ca9022b_1692088473.jpeg\",\"datePublished\":\"2024-05-30T07:00:48+00:00\",\"dateModified\":\"2025-04-15T11:39:04+00:00\",\"description\":\"BANANA SOAP. With grapeseed oil. The fun, tropical enjoyment of banana.Poppy seeds are an excellent natural exfoliant that is mild enough for skin and face.\",\"breadcrumb\":{\"@id\":\"https:\\\/\\\/naturalsoap.lv\\\/lv\\\/shop\\\/soap\\\/banana-soap-100gr\\\/#breadcrumb\"},\"inLanguage\":\"lv-LV\",\"potentialAction\":[{\"@type\":\"ReadAction\",\"target\":[\"https:\\\/\\\/naturalsoap.lv\\\/lv\\\/shop\\\/soap\\\/banana-soap-100gr\\\/\"]}]},{\"@type\":\"ImageObject\",\"inLanguage\":\"lv-LV\",\"@id\":\"https:\\\/\\\/naturalsoap.lv\\\/lv\\\/shop\\\/soap\\\/banana-soap-100gr\\\/#primaryimage\",\"url\":\"https:\\\/\\\/naturalsoap.lv\\\/wp-content\\\/uploads\\\/2024\\\/05\\\/679ad2025e702cba28934b1a3ca9022b_1692088473.jpeg\",\"contentUrl\":\"https:\\\/\\\/naturalsoap.lv\\\/wp-content\\\/uploads\\\/2024\\\/05\\\/679ad2025e702cba28934b1a3ca9022b_1692088473.jpeg\",\"width\":750,\"height\":500,\"caption\":\"BANANA SOAP, 100gr\"},{\"@type\":\"BreadcrumbList\",\"@id\":\"https:\\\/\\\/naturalsoap.lv\\\/lv\\\/shop\\\/soap\\\/banana-soap-100gr\\\/#breadcrumb\",\"itemListElement\":[{\"@type\":\"ListItem\",\"position\":1,\"name\":\"Home\",\"item\":\"https:\\\/\\\/naturalsoap.lv\\\/en\\\/\"},{\"@type\":\"ListItem\",\"position\":2,\"name\":\"Shop\",\"item\":\"https:\\\/\\\/naturalsoap.lv\\\/en\\\/shop\\\/\"},{\"@type\":\"ListItem\",\"position\":3,\"name\":\"ZIEPES &#8216;BANANA&#8217;, 100gr\"}]},{\"@type\":\"WebSite\",\"@id\":\"https:\\\/\\\/naturalsoap.lv\\\/en\\\/#website\",\"url\":\"https:\\\/\\\/naturalsoap.lv\\\/en\\\/\",\"name\":\"NATURAL SOAP\",\"description\":\"Kosm\u0113tika vannai un du\u0161ai. Roku darbs.\",\"publisher\":{\"@id\":\"https:\\\/\\\/naturalsoap.lv\\\/en\\\/#organization\"},\"potentialAction\":[{\"@type\":\"SearchAction\",\"target\":{\"@type\":\"EntryPoint\",\"urlTemplate\":\"https:\\\/\\\/naturalsoap.lv\\\/en\\\/?s={search_term_string}\"},\"query-input\":{\"@type\":\"PropertyValueSpecification\",\"valueRequired\":true,\"valueName\":\"search_term_string\"}}],\"inLanguage\":\"lv-LV\"},{\"@type\":\"Organization\",\"@id\":\"https:\\\/\\\/naturalsoap.lv\\\/en\\\/#organization\",\"name\":\"NATURAL SOAP\",\"url\":\"https:\\\/\\\/naturalsoap.lv\\\/en\\\/\",\"logo\":{\"@type\":\"ImageObject\",\"inLanguage\":\"lv-LV\",\"@id\":\"https:\\\/\\\/naturalsoap.lv\\\/en\\\/#\\\/schema\\\/logo\\\/image\\\/\",\"url\":\"https:\\\/\\\/naturalsoap.lv\\\/wp-content\\\/uploads\\\/2024\\\/05\\\/Logo.svg\",\"contentUrl\":\"https:\\\/\\\/naturalsoap.lv\\\/wp-content\\\/uploads\\\/2024\\\/05\\\/Logo.svg\",\"width\":125,\"height\":34,\"caption\":\"NATURAL SOAP\"},\"image\":{\"@id\":\"https:\\\/\\\/naturalsoap.lv\\\/en\\\/#\\\/schema\\\/logo\\\/image\\\/\"}}]}<\/script>\n<!-- \/ Yoast SEO Premium plugin. -->","yoast_head_json":{"title":"[:lv]ZIEPES 'BANANA', 100gr[:en]BANANA SOAP, 100gr[:de]SEIFE 'BANANA', 100gr[:ru]\u041c\u042b\u041b\u041e 'BANANA', 100gr[:] - NATURAL SOAP","description":"BANANA SOAP. With grapeseed oil. The fun, tropical enjoyment of banana.Poppy seeds are an excellent natural exfoliant that is mild enough for skin and face.","robots":{"index":"index","follow":"follow","max-snippet":"max-snippet:-1","max-image-preview":"max-image-preview:large","max-video-preview":"max-video-preview:-1"},"canonical":"https:\/\/naturalsoap.lv\/lv\/shop\/soap\/banana-soap-100gr\/","og_locale":"lv_LV","og_type":"article","og_title":"[:lv]ZIEPES 'BANANA', 100gr[:en]BANANA SOAP, 100gr[:de]SEIFE 'BANANA', 100gr[:ru]\u041c\u042b\u041b\u041e 'BANANA', 100gr[:]","og_description":"BANANA SOAP. With grapeseed oil. The fun, tropical enjoyment of banana.Poppy seeds are an excellent natural exfoliant that is mild enough for skin and face.","og_url":"https:\/\/naturalsoap.lv\/lv\/shop\/soap\/banana-soap-100gr\/","og_site_name":"NATURAL SOAP","article_modified_time":"2025-04-15T11:39:04+00:00","og_image":[{"width":750,"height":500,"url":"https:\/\/naturalsoap.lv\/wp-content\/uploads\/2024\/05\/679ad2025e702cba28934b1a3ca9022b_1692088473.jpeg","type":"image\/jpeg"}],"twitter_card":"summary_large_image","twitter_misc":{"Est. reading time":"1 minute"},"schema":{"@context":"https:\/\/schema.org","@graph":[{"@type":"WebPage","@id":"https:\/\/naturalsoap.lv\/lv\/shop\/soap\/banana-soap-100gr\/","url":"https:\/\/naturalsoap.lv\/lv\/shop\/soap\/banana-soap-100gr\/","name":"[:lv]ZIEPES 'BANANA', 100gr[:en]BANANA SOAP, 100gr[:de]SEIFE 'BANANA', 100gr[:ru]\u041c\u042b\u041b\u041e 'BANANA', 100gr[:] - NATURAL SOAP","isPartOf":{"@id":"https:\/\/naturalsoap.lv\/en\/#website"},"primaryImageOfPage":{"@id":"https:\/\/naturalsoap.lv\/lv\/shop\/soap\/banana-soap-100gr\/#primaryimage"},"image":{"@id":"https:\/\/naturalsoap.lv\/lv\/shop\/soap\/banana-soap-100gr\/#primaryimage"},"thumbnailUrl":"https:\/\/naturalsoap.lv\/wp-content\/uploads\/2024\/05\/679ad2025e702cba28934b1a3ca9022b_1692088473.jpeg","datePublished":"2024-05-30T07:00:48+00:00","dateModified":"2025-04-15T11:39:04+00:00","description":"BANANA SOAP. With grapeseed oil. The fun, tropical enjoyment of banana.Poppy seeds are an excellent natural exfoliant that is mild enough for skin and face.","breadcrumb":{"@id":"https:\/\/naturalsoap.lv\/lv\/shop\/soap\/banana-soap-100gr\/#breadcrumb"},"inLanguage":"lv-LV","potentialAction":[{"@type":"ReadAction","target":["https:\/\/naturalsoap.lv\/lv\/shop\/soap\/banana-soap-100gr\/"]}]},{"@type":"ImageObject","inLanguage":"lv-LV","@id":"https:\/\/naturalsoap.lv\/lv\/shop\/soap\/banana-soap-100gr\/#primaryimage","url":"https:\/\/naturalsoap.lv\/wp-content\/uploads\/2024\/05\/679ad2025e702cba28934b1a3ca9022b_1692088473.jpeg","contentUrl":"https:\/\/naturalsoap.lv\/wp-content\/uploads\/2024\/05\/679ad2025e702cba28934b1a3ca9022b_1692088473.jpeg","width":750,"height":500,"caption":"BANANA SOAP, 100gr"},{"@type":"BreadcrumbList","@id":"https:\/\/naturalsoap.lv\/lv\/shop\/soap\/banana-soap-100gr\/#breadcrumb","itemListElement":[{"@type":"ListItem","position":1,"name":"Home","item":"https:\/\/naturalsoap.lv\/en\/"},{"@type":"ListItem","position":2,"name":"Shop","item":"https:\/\/naturalsoap.lv\/en\/shop\/"},{"@type":"ListItem","position":3,"name":"ZIEPES &#8216;BANANA&#8217;, 100gr"}]},{"@type":"WebSite","@id":"https:\/\/naturalsoap.lv\/en\/#website","url":"https:\/\/naturalsoap.lv\/en\/","name":"NATURAL SOAP","description":"Kosm\u0113tika vannai un du\u0161ai. Roku darbs.","publisher":{"@id":"https:\/\/naturalsoap.lv\/en\/#organization"},"potentialAction":[{"@type":"SearchAction","target":{"@type":"EntryPoint","urlTemplate":"https:\/\/naturalsoap.lv\/en\/?s={search_term_string}"},"query-input":{"@type":"PropertyValueSpecification","valueRequired":true,"valueName":"search_term_string"}}],"inLanguage":"lv-LV"},{"@type":"Organization","@id":"https:\/\/naturalsoap.lv\/en\/#organization","name":"NATURAL SOAP","url":"https:\/\/naturalsoap.lv\/en\/","logo":{"@type":"ImageObject","inLanguage":"lv-LV","@id":"https:\/\/naturalsoap.lv\/en\/#\/schema\/logo\/image\/","url":"https:\/\/naturalsoap.lv\/wp-content\/uploads\/2024\/05\/Logo.svg","contentUrl":"https:\/\/naturalsoap.lv\/wp-content\/uploads\/2024\/05\/Logo.svg","width":125,"height":34,"caption":"NATURAL SOAP"},"image":{"@id":"https:\/\/naturalsoap.lv\/en\/#\/schema\/logo\/image\/"}}]}},"_links":{"self":[{"href":"https:\/\/naturalsoap.lv\/lv\/wp-json\/wp\/v2\/product\/14616","targetHints":{"allow":["GET"]}}],"collection":[{"href":"https:\/\/naturalsoap.lv\/lv\/wp-json\/wp\/v2\/product"}],"about":[{"href":"https:\/\/naturalsoap.lv\/lv\/wp-json\/wp\/v2\/types\/product"}],"wp:featuredmedia":[{"embeddable":true,"href":"https:\/\/naturalsoap.lv\/lv\/wp-json\/wp\/v2\/media\/14617"}],"wp:attachment":[{"href":"https:\/\/naturalsoap.lv\/lv\/wp-json\/wp\/v2\/media?parent=14616"}],"wp:term":[{"taxonomy":"product_brand","embeddable":true,"href":"https:\/\/naturalsoap.lv\/lv\/wp-json\/wp\/v2\/product_brand?post=14616"},{"taxonomy":"product_cat","embeddable":true,"href":"https:\/\/naturalsoap.lv\/lv\/wp-json\/wp\/v2\/product_cat?post=14616"},{"taxonomy":"product_tag","embeddable":true,"href":"https:\/\/naturalsoap.lv\/lv\/wp-json\/wp\/v2\/product_tag?post=14616"}],"curies":[{"name":"wp","href":"https:\/\/api.w.org\/{rel}","templated":true}]}}