{"id":14608,"date":"2024-05-30T06:59:56","date_gmt":"2024-05-30T06:59:56","guid":{"rendered":"https:\/\/321.optimum.lv\/product\/hair-mask-150ml-2\/"},"modified":"2025-04-15T09:47:39","modified_gmt":"2025-04-15T09:47:39","slug":"hair-mask-150ml-2","status":"publish","type":"product","link":"https:\/\/naturalsoap.lv\/lv\/shop\/hair-conditioner-hair-mask\/hair-mask-150ml-2\/","title":{"rendered":"MATU MASKA, 150ml"},"content":{"rendered":"<p>Matu maska intens\u012bvai kop\u0161anai ar \u0160\u012b sviestu un vitam\u012bnu E, D, provitam\u012bnu A kompleksu atjauno boj\u0101tu matu strukt\u016bru un sp\u0113cina tos, iek\u013c\u016bstot mata iek\u0161ien\u0113. Uzlabo matu elast\u012bbu un nogludina to boj\u0101t\u0101s vietas, aizsarg\u0101 matus no apk\u0101rt\u0113j\u0101s vides nelabv\u0113l\u012bg\u0101s iedarb\u012bbas.<\/p>\n<p>Intens\u012bvi mitrino\u0161\u0101 matu maska piem\u0113rota visiem matu tipiem, k\u0101 ar\u012b kr\u0101sotu un\/vai \u0137\u012bmiski apstr\u0101d\u0101tu matu kop\u0161anai.<\/p>\n<p>Nesatur sulf\u0101tus, parab\u0113nus, MPGs, PEGs. Nav test\u0113ts uz dz\u012bvniekiem. Vegan.<\/p>\n<p>Barojo\u0161o matu masku lieto izmazg\u0101tos, mitros, viegli izsusin\u0101tos matos, iekl\u0101jot to virzien\u0101 no matu sakn\u0113m uz gali\u0146iem. P\u0113c 5-7 min\u016bt\u0113m masku izskalo ar siltu \u016bdeni.<\/p>","protected":false},"excerpt":{"rendered":"<p>INCI: Aqua, Cetearyl Alcohol, Glycerin, Ceteareth-20, Polyquaternium-16, Parfum, Phenoxyethanol, Butyrospernum Parkii (shea)Butter, Panthenol, Benzoic Acid, Dehydroacetic Acid, Sodium Hydroxide<\/p>\n<p>Ra\u017eot\u0101js: SIA GARTDA, Alejas iela 73, Daugavpils, LV-5401, Latvija, T. +371 65420849, <a href=\"mailto:info@gartda.lv\">info@gartda.lv<\/a><\/p>\n","protected":false},"featured_media":14609,"template":"","meta":[],"product_brand":[],"product_cat":[496],"product_tag":[],"class_list":{"0":"post-14608","1":"product","2":"type-product","3":"status-publish","4":"has-post-thumbnail","6":"product_cat-hair-conditioner-hair-mask","7":"pa_gift-box-no-gift-box","8":"pa_gift-box-gift-box","10":"first","11":"instock","12":"taxable","13":"shipping-taxable","14":"purchasable","15":"product-type-simple"},"yoast_head":"<!-- This site is optimized with the Yoast SEO Premium plugin v22.6 (Yoast SEO v27.3) - https:\/\/yoast.com\/product\/yoast-seo-premium-wordpress\/ -->\n<title>MATU MASKA, 150ml - NATURAL SOAP<\/title>\n<meta name=\"description\" content=\"HAIR MASK. A deeply regenerating, creamy formula that restructures, strengthens, and protects all hair types, including damaged.\" \/>\n<meta name=\"robots\" content=\"index, follow, max-snippet:-1, max-image-preview:large, max-video-preview:-1\" \/>\n<link rel=\"canonical\" href=\"https:\/\/naturalsoap.lv\/lv\/shop\/hair-conditioner-hair-mask\/hair-mask-150ml-2\/\" \/>\n<meta property=\"og:locale\" content=\"lv_LV\" \/>\n<meta property=\"og:type\" content=\"article\" \/>\n<meta property=\"og:title\" content=\"[:lv]MATU MASKA, 150ml[:en]HAIR MASK, 150ml[:de]HAARMASKE, 150 ml[:ru]\u041c\u0410\u0421\u041a\u0410 \u0414\u041b\u042f \u0412\u041e\u041b\u041e\u0421, 150\u043c\u043b[:]\" \/>\n<meta property=\"og:description\" content=\"HAIR MASK. A deeply regenerating, creamy formula that restructures, strengthens, and protects all hair types, including damaged.\" \/>\n<meta property=\"og:url\" content=\"https:\/\/naturalsoap.lv\/lv\/shop\/hair-conditioner-hair-mask\/hair-mask-150ml-2\/\" \/>\n<meta property=\"og:site_name\" content=\"NATURAL SOAP\" \/>\n<meta property=\"article:modified_time\" content=\"2025-04-15T09:47:39+00:00\" \/>\n<meta property=\"og:image\" content=\"https:\/\/naturalsoap.lv\/wp-content\/uploads\/2024\/05\/79aefd906afa25fdd3d611fbb4a65b81_1692089009-scaled-1-e1730202091198.jpeg\" \/>\n\t<meta property=\"og:image:width\" content=\"900\" \/>\n\t<meta property=\"og:image:height\" content=\"601\" \/>\n\t<meta property=\"og:image:type\" content=\"image\/jpeg\" \/>\n<meta name=\"twitter:card\" content=\"summary_large_image\" \/>\n<meta name=\"twitter:label1\" content=\"Est. reading time\" \/>\n\t<meta name=\"twitter:data1\" content=\"1 minute\" \/>\n<script type=\"application\/ld+json\" class=\"yoast-schema-graph\">{\"@context\":\"https:\\\/\\\/schema.org\",\"@graph\":[{\"@type\":\"WebPage\",\"@id\":\"https:\\\/\\\/naturalsoap.lv\\\/lv\\\/shop\\\/hair-conditioner-hair-mask\\\/hair-mask-150ml-2\\\/\",\"url\":\"https:\\\/\\\/naturalsoap.lv\\\/lv\\\/shop\\\/hair-conditioner-hair-mask\\\/hair-mask-150ml-2\\\/\",\"name\":\"[:lv]MATU MASKA, 150ml[:en]HAIR MASK, 150ml[:de]HAARMASKE, 150 ml[:ru]\u041c\u0410\u0421\u041a\u0410 \u0414\u041b\u042f \u0412\u041e\u041b\u041e\u0421, 150\u043c\u043b[:] - NATURAL SOAP\",\"isPartOf\":{\"@id\":\"https:\\\/\\\/naturalsoap.lv\\\/en\\\/#website\"},\"primaryImageOfPage\":{\"@id\":\"https:\\\/\\\/naturalsoap.lv\\\/lv\\\/shop\\\/hair-conditioner-hair-mask\\\/hair-mask-150ml-2\\\/#primaryimage\"},\"image\":{\"@id\":\"https:\\\/\\\/naturalsoap.lv\\\/lv\\\/shop\\\/hair-conditioner-hair-mask\\\/hair-mask-150ml-2\\\/#primaryimage\"},\"thumbnailUrl\":\"https:\\\/\\\/naturalsoap.lv\\\/wp-content\\\/uploads\\\/2024\\\/05\\\/79aefd906afa25fdd3d611fbb4a65b81_1692089009-scaled-1-e1730202091198.jpeg\",\"datePublished\":\"2024-05-30T06:59:56+00:00\",\"dateModified\":\"2025-04-15T09:47:39+00:00\",\"description\":\"HAIR MASK. A deeply regenerating, creamy formula that restructures, strengthens, and protects all hair types, including damaged.\",\"breadcrumb\":{\"@id\":\"https:\\\/\\\/naturalsoap.lv\\\/lv\\\/shop\\\/hair-conditioner-hair-mask\\\/hair-mask-150ml-2\\\/#breadcrumb\"},\"inLanguage\":\"lv-LV\",\"potentialAction\":[{\"@type\":\"ReadAction\",\"target\":[\"https:\\\/\\\/naturalsoap.lv\\\/lv\\\/shop\\\/hair-conditioner-hair-mask\\\/hair-mask-150ml-2\\\/\"]}]},{\"@type\":\"ImageObject\",\"inLanguage\":\"lv-LV\",\"@id\":\"https:\\\/\\\/naturalsoap.lv\\\/lv\\\/shop\\\/hair-conditioner-hair-mask\\\/hair-mask-150ml-2\\\/#primaryimage\",\"url\":\"https:\\\/\\\/naturalsoap.lv\\\/wp-content\\\/uploads\\\/2024\\\/05\\\/79aefd906afa25fdd3d611fbb4a65b81_1692089009-scaled-1-e1730202091198.jpeg\",\"contentUrl\":\"https:\\\/\\\/naturalsoap.lv\\\/wp-content\\\/uploads\\\/2024\\\/05\\\/79aefd906afa25fdd3d611fbb4a65b81_1692089009-scaled-1-e1730202091198.jpeg\",\"width\":900,\"height\":601,\"caption\":\"HAIR MASK, 150ml\"},{\"@type\":\"BreadcrumbList\",\"@id\":\"https:\\\/\\\/naturalsoap.lv\\\/lv\\\/shop\\\/hair-conditioner-hair-mask\\\/hair-mask-150ml-2\\\/#breadcrumb\",\"itemListElement\":[{\"@type\":\"ListItem\",\"position\":1,\"name\":\"Home\",\"item\":\"https:\\\/\\\/naturalsoap.lv\\\/en\\\/\"},{\"@type\":\"ListItem\",\"position\":2,\"name\":\"Shop\",\"item\":\"https:\\\/\\\/naturalsoap.lv\\\/en\\\/shop\\\/\"},{\"@type\":\"ListItem\",\"position\":3,\"name\":\"MATU MASKA, 150ml\"}]},{\"@type\":\"WebSite\",\"@id\":\"https:\\\/\\\/naturalsoap.lv\\\/en\\\/#website\",\"url\":\"https:\\\/\\\/naturalsoap.lv\\\/en\\\/\",\"name\":\"NATURAL SOAP\",\"description\":\"Kosm\u0113tika vannai un du\u0161ai. Roku darbs.\",\"publisher\":{\"@id\":\"https:\\\/\\\/naturalsoap.lv\\\/en\\\/#organization\"},\"potentialAction\":[{\"@type\":\"SearchAction\",\"target\":{\"@type\":\"EntryPoint\",\"urlTemplate\":\"https:\\\/\\\/naturalsoap.lv\\\/en\\\/?s={search_term_string}\"},\"query-input\":{\"@type\":\"PropertyValueSpecification\",\"valueRequired\":true,\"valueName\":\"search_term_string\"}}],\"inLanguage\":\"lv-LV\"},{\"@type\":\"Organization\",\"@id\":\"https:\\\/\\\/naturalsoap.lv\\\/en\\\/#organization\",\"name\":\"NATURAL SOAP\",\"url\":\"https:\\\/\\\/naturalsoap.lv\\\/en\\\/\",\"logo\":{\"@type\":\"ImageObject\",\"inLanguage\":\"lv-LV\",\"@id\":\"https:\\\/\\\/naturalsoap.lv\\\/en\\\/#\\\/schema\\\/logo\\\/image\\\/\",\"url\":\"https:\\\/\\\/naturalsoap.lv\\\/wp-content\\\/uploads\\\/2024\\\/05\\\/Logo.svg\",\"contentUrl\":\"https:\\\/\\\/naturalsoap.lv\\\/wp-content\\\/uploads\\\/2024\\\/05\\\/Logo.svg\",\"width\":125,\"height\":34,\"caption\":\"NATURAL SOAP\"},\"image\":{\"@id\":\"https:\\\/\\\/naturalsoap.lv\\\/en\\\/#\\\/schema\\\/logo\\\/image\\\/\"}}]}<\/script>\n<!-- \/ Yoast SEO Premium plugin. -->","yoast_head_json":{"title":"[:lv]MATU MASKA, 150ml[:en]HAIR MASK, 150ml[:de]HAARMASKE, 150 ml[:ru]\u041c\u0410\u0421\u041a\u0410 \u0414\u041b\u042f \u0412\u041e\u041b\u041e\u0421, 150\u043c\u043b[:] - NATURAL SOAP","description":"HAIR MASK. A deeply regenerating, creamy formula that restructures, strengthens, and protects all hair types, including damaged.","robots":{"index":"index","follow":"follow","max-snippet":"max-snippet:-1","max-image-preview":"max-image-preview:large","max-video-preview":"max-video-preview:-1"},"canonical":"https:\/\/naturalsoap.lv\/lv\/shop\/hair-conditioner-hair-mask\/hair-mask-150ml-2\/","og_locale":"lv_LV","og_type":"article","og_title":"[:lv]MATU MASKA, 150ml[:en]HAIR MASK, 150ml[:de]HAARMASKE, 150 ml[:ru]\u041c\u0410\u0421\u041a\u0410 \u0414\u041b\u042f \u0412\u041e\u041b\u041e\u0421, 150\u043c\u043b[:]","og_description":"HAIR MASK. A deeply regenerating, creamy formula that restructures, strengthens, and protects all hair types, including damaged.","og_url":"https:\/\/naturalsoap.lv\/lv\/shop\/hair-conditioner-hair-mask\/hair-mask-150ml-2\/","og_site_name":"NATURAL SOAP","article_modified_time":"2025-04-15T09:47:39+00:00","og_image":[{"width":900,"height":601,"url":"https:\/\/naturalsoap.lv\/wp-content\/uploads\/2024\/05\/79aefd906afa25fdd3d611fbb4a65b81_1692089009-scaled-1-e1730202091198.jpeg","type":"image\/jpeg"}],"twitter_card":"summary_large_image","twitter_misc":{"Est. reading time":"1 minute"},"schema":{"@context":"https:\/\/schema.org","@graph":[{"@type":"WebPage","@id":"https:\/\/naturalsoap.lv\/lv\/shop\/hair-conditioner-hair-mask\/hair-mask-150ml-2\/","url":"https:\/\/naturalsoap.lv\/lv\/shop\/hair-conditioner-hair-mask\/hair-mask-150ml-2\/","name":"[:lv]MATU MASKA, 150ml[:en]HAIR MASK, 150ml[:de]HAARMASKE, 150 ml[:ru]\u041c\u0410\u0421\u041a\u0410 \u0414\u041b\u042f \u0412\u041e\u041b\u041e\u0421, 150\u043c\u043b[:] - NATURAL SOAP","isPartOf":{"@id":"https:\/\/naturalsoap.lv\/en\/#website"},"primaryImageOfPage":{"@id":"https:\/\/naturalsoap.lv\/lv\/shop\/hair-conditioner-hair-mask\/hair-mask-150ml-2\/#primaryimage"},"image":{"@id":"https:\/\/naturalsoap.lv\/lv\/shop\/hair-conditioner-hair-mask\/hair-mask-150ml-2\/#primaryimage"},"thumbnailUrl":"https:\/\/naturalsoap.lv\/wp-content\/uploads\/2024\/05\/79aefd906afa25fdd3d611fbb4a65b81_1692089009-scaled-1-e1730202091198.jpeg","datePublished":"2024-05-30T06:59:56+00:00","dateModified":"2025-04-15T09:47:39+00:00","description":"HAIR MASK. A deeply regenerating, creamy formula that restructures, strengthens, and protects all hair types, including damaged.","breadcrumb":{"@id":"https:\/\/naturalsoap.lv\/lv\/shop\/hair-conditioner-hair-mask\/hair-mask-150ml-2\/#breadcrumb"},"inLanguage":"lv-LV","potentialAction":[{"@type":"ReadAction","target":["https:\/\/naturalsoap.lv\/lv\/shop\/hair-conditioner-hair-mask\/hair-mask-150ml-2\/"]}]},{"@type":"ImageObject","inLanguage":"lv-LV","@id":"https:\/\/naturalsoap.lv\/lv\/shop\/hair-conditioner-hair-mask\/hair-mask-150ml-2\/#primaryimage","url":"https:\/\/naturalsoap.lv\/wp-content\/uploads\/2024\/05\/79aefd906afa25fdd3d611fbb4a65b81_1692089009-scaled-1-e1730202091198.jpeg","contentUrl":"https:\/\/naturalsoap.lv\/wp-content\/uploads\/2024\/05\/79aefd906afa25fdd3d611fbb4a65b81_1692089009-scaled-1-e1730202091198.jpeg","width":900,"height":601,"caption":"HAIR MASK, 150ml"},{"@type":"BreadcrumbList","@id":"https:\/\/naturalsoap.lv\/lv\/shop\/hair-conditioner-hair-mask\/hair-mask-150ml-2\/#breadcrumb","itemListElement":[{"@type":"ListItem","position":1,"name":"Home","item":"https:\/\/naturalsoap.lv\/en\/"},{"@type":"ListItem","position":2,"name":"Shop","item":"https:\/\/naturalsoap.lv\/en\/shop\/"},{"@type":"ListItem","position":3,"name":"MATU MASKA, 150ml"}]},{"@type":"WebSite","@id":"https:\/\/naturalsoap.lv\/en\/#website","url":"https:\/\/naturalsoap.lv\/en\/","name":"NATURAL SOAP","description":"Kosm\u0113tika vannai un du\u0161ai. Roku darbs.","publisher":{"@id":"https:\/\/naturalsoap.lv\/en\/#organization"},"potentialAction":[{"@type":"SearchAction","target":{"@type":"EntryPoint","urlTemplate":"https:\/\/naturalsoap.lv\/en\/?s={search_term_string}"},"query-input":{"@type":"PropertyValueSpecification","valueRequired":true,"valueName":"search_term_string"}}],"inLanguage":"lv-LV"},{"@type":"Organization","@id":"https:\/\/naturalsoap.lv\/en\/#organization","name":"NATURAL SOAP","url":"https:\/\/naturalsoap.lv\/en\/","logo":{"@type":"ImageObject","inLanguage":"lv-LV","@id":"https:\/\/naturalsoap.lv\/en\/#\/schema\/logo\/image\/","url":"https:\/\/naturalsoap.lv\/wp-content\/uploads\/2024\/05\/Logo.svg","contentUrl":"https:\/\/naturalsoap.lv\/wp-content\/uploads\/2024\/05\/Logo.svg","width":125,"height":34,"caption":"NATURAL SOAP"},"image":{"@id":"https:\/\/naturalsoap.lv\/en\/#\/schema\/logo\/image\/"}}]}},"_links":{"self":[{"href":"https:\/\/naturalsoap.lv\/lv\/wp-json\/wp\/v2\/product\/14608","targetHints":{"allow":["GET"]}}],"collection":[{"href":"https:\/\/naturalsoap.lv\/lv\/wp-json\/wp\/v2\/product"}],"about":[{"href":"https:\/\/naturalsoap.lv\/lv\/wp-json\/wp\/v2\/types\/product"}],"wp:featuredmedia":[{"embeddable":true,"href":"https:\/\/naturalsoap.lv\/lv\/wp-json\/wp\/v2\/media\/14609"}],"wp:attachment":[{"href":"https:\/\/naturalsoap.lv\/lv\/wp-json\/wp\/v2\/media?parent=14608"}],"wp:term":[{"taxonomy":"product_brand","embeddable":true,"href":"https:\/\/naturalsoap.lv\/lv\/wp-json\/wp\/v2\/product_brand?post=14608"},{"taxonomy":"product_cat","embeddable":true,"href":"https:\/\/naturalsoap.lv\/lv\/wp-json\/wp\/v2\/product_cat?post=14608"},{"taxonomy":"product_tag","embeddable":true,"href":"https:\/\/naturalsoap.lv\/lv\/wp-json\/wp\/v2\/product_tag?post=14608"}],"curies":[{"name":"wp","href":"https:\/\/api.w.org\/{rel}","templated":true}]}}