{"id":14589,"date":"2024-05-30T06:58:36","date_gmt":"2024-05-30T06:58:36","guid":{"rendered":"https:\/\/321.optimum.lv\/product\/souffle-soap-grapefruit-100ml-2\/"},"modified":"2025-04-15T10:43:33","modified_gmt":"2025-04-15T10:43:33","slug":"souffle-soap-grapefruit-100ml-2","status":"publish","type":"product","link":"https:\/\/naturalsoap.lv\/lv\/shop\/souffle-soap\/souffle-soap-grapefruit-100ml-2\/","title":{"rendered":"SUFL\u0112 ZIEPES &#8216;GRAPEFRUIT&#8217;, 100ml"},"content":{"rendered":"<p>Sufl\u0113 ziepes &#8211; t\u0101s ir gais\u012bgas kr\u0113mveida putas. Ar v\u012bnogu kauli\u0146u e\u013c\u013cu. Ir \u013coti saudz\u012bgi \u0101dai \u2013 to pH l\u012bmenis ir 7,5 un tie nesatur sulf\u0101tus, sint\u0113tiskas sast\u0101vda\u013cas un parab\u0113nus. Nav test\u0113ts uz dz\u012bvniekiem.<\/p>","protected":false},"excerpt":{"rendered":"<p>INCI: Aqua, Glycerin, Sodium Cocoyl Isethionate, Sorbitol, Disodium Lauryl Sulfosuccinate, Sodium Chloride, Parfum, Vitis Vinifera Seed Oil, Phenoxyethanol, Tetrasodium EDTA, CI 15985, Citral, Geraniol Fine, Linalool<\/p>\n<p>Ra\u017eot\u0101js: SIA GARTDA, Alejas iela 73, Daugavpils, LV-5401, Latvija, T. +371 65420849, <a href=\"mailto:info@gartda.lv\">info@gartda.lv<\/a><\/p>\n","protected":false},"featured_media":14590,"template":"","meta":[],"product_brand":[],"product_cat":[489],"product_tag":[],"class_list":{"0":"post-14589","1":"product","2":"type-product","3":"status-publish","4":"has-post-thumbnail","6":"product_cat-souffle-soap","7":"pa_gift-box-no-gift-box","8":"pa_gift-box-gift-box","10":"first","11":"instock","12":"taxable","13":"shipping-taxable","14":"purchasable","15":"product-type-simple"},"yoast_head":"<!-- This site is optimized with the Yoast SEO Premium plugin v22.6 (Yoast SEO v27.3) - https:\/\/yoast.com\/product\/yoast-seo-premium-wordpress\/ -->\n<title>SUFL\u0112 ZIEPES &#039;GRAPEFRUIT&#039;, 100ml - NATURAL SOAP<\/title>\n<meta name=\"description\" content=\"Souffle soaps are very gentle to skin \u2013 their pH level is 7.5 and they are sulphate and paraben free. With grapeseed oil.\" \/>\n<meta name=\"robots\" content=\"index, follow, max-snippet:-1, max-image-preview:large, max-video-preview:-1\" \/>\n<link rel=\"canonical\" href=\"https:\/\/naturalsoap.lv\/de\/shop\/souffle-soap\/souffle-soap-grapefruit-100ml-2\/\" \/>\n<meta property=\"og:locale\" content=\"lv_LV\" \/>\n<meta property=\"og:type\" content=\"article\" \/>\n<meta property=\"og:title\" content=\"[:lv]SUFL\u0112 ZIEPES &#039;GRAPEFRUIT&#039;, 100ml[:en]SOUFFLE SOAP &#039;GRAPEFRUIT&#039;, 100ml[:de]SOUFFLE-SEIFE &#039;GRAPEFRUIT&#039;, 100ml[:ru]\u041c\u042b\u041b\u041e \u0421\u0423\u0424\u041b\u0415 &#039;GRAPEFRUIT&#039;, 100\u043c\u043b[:]\" \/>\n<meta property=\"og:description\" content=\"Souffle soaps are very gentle to skin \u2013 their pH level is 7.5 and they are sulphate and paraben free. With grapeseed oil.\" \/>\n<meta property=\"og:url\" content=\"https:\/\/naturalsoap.lv\/de\/shop\/souffle-soap\/souffle-soap-grapefruit-100ml-2\/\" \/>\n<meta property=\"og:site_name\" content=\"NATURAL SOAP\" \/>\n<meta property=\"article:modified_time\" content=\"2025-04-15T10:43:33+00:00\" \/>\n<meta property=\"og:image\" content=\"https:\/\/naturalsoap.lv\/wp-content\/uploads\/2024\/05\/dd60f21e1cf0511fb94b69eb87b57520_1692088732-e1730204742198.jpeg\" \/>\n\t<meta property=\"og:image:width\" content=\"900\" \/>\n\t<meta property=\"og:image:height\" content=\"896\" \/>\n\t<meta property=\"og:image:type\" content=\"image\/jpeg\" \/>\n<meta name=\"twitter:card\" content=\"summary_large_image\" \/>\n<meta name=\"twitter:label1\" content=\"Est. reading time\" \/>\n\t<meta name=\"twitter:data1\" content=\"1 minute\" \/>\n<script type=\"application\/ld+json\" class=\"yoast-schema-graph\">{\"@context\":\"https:\\\/\\\/schema.org\",\"@graph\":[{\"@type\":\"WebPage\",\"@id\":\"https:\\\/\\\/naturalsoap.lv\\\/de\\\/shop\\\/souffle-soap\\\/souffle-soap-grapefruit-100ml-2\\\/\",\"url\":\"https:\\\/\\\/naturalsoap.lv\\\/de\\\/shop\\\/souffle-soap\\\/souffle-soap-grapefruit-100ml-2\\\/\",\"name\":\"[:lv]SUFL\u0112 ZIEPES 'GRAPEFRUIT', 100ml[:en]SOUFFLE SOAP 'GRAPEFRUIT', 100ml[:de]SOUFFLE-SEIFE 'GRAPEFRUIT', 100ml[:ru]\u041c\u042b\u041b\u041e \u0421\u0423\u0424\u041b\u0415 'GRAPEFRUIT', 100\u043c\u043b[:] - NATURAL SOAP\",\"isPartOf\":{\"@id\":\"https:\\\/\\\/naturalsoap.lv\\\/en\\\/#website\"},\"primaryImageOfPage\":{\"@id\":\"https:\\\/\\\/naturalsoap.lv\\\/de\\\/shop\\\/souffle-soap\\\/souffle-soap-grapefruit-100ml-2\\\/#primaryimage\"},\"image\":{\"@id\":\"https:\\\/\\\/naturalsoap.lv\\\/de\\\/shop\\\/souffle-soap\\\/souffle-soap-grapefruit-100ml-2\\\/#primaryimage\"},\"thumbnailUrl\":\"https:\\\/\\\/naturalsoap.lv\\\/wp-content\\\/uploads\\\/2024\\\/05\\\/dd60f21e1cf0511fb94b69eb87b57520_1692088732-e1730204742198.jpeg\",\"datePublished\":\"2024-05-30T06:58:36+00:00\",\"dateModified\":\"2025-04-15T10:43:33+00:00\",\"description\":\"Souffle soaps are very gentle to skin \u2013 their pH level is 7.5 and they are sulphate and paraben free. With grapeseed oil.\",\"breadcrumb\":{\"@id\":\"https:\\\/\\\/naturalsoap.lv\\\/de\\\/shop\\\/souffle-soap\\\/souffle-soap-grapefruit-100ml-2\\\/#breadcrumb\"},\"inLanguage\":\"lv-LV\",\"potentialAction\":[{\"@type\":\"ReadAction\",\"target\":[\"https:\\\/\\\/naturalsoap.lv\\\/de\\\/shop\\\/souffle-soap\\\/souffle-soap-grapefruit-100ml-2\\\/\"]}]},{\"@type\":\"ImageObject\",\"inLanguage\":\"lv-LV\",\"@id\":\"https:\\\/\\\/naturalsoap.lv\\\/de\\\/shop\\\/souffle-soap\\\/souffle-soap-grapefruit-100ml-2\\\/#primaryimage\",\"url\":\"https:\\\/\\\/naturalsoap.lv\\\/wp-content\\\/uploads\\\/2024\\\/05\\\/dd60f21e1cf0511fb94b69eb87b57520_1692088732-e1730204742198.jpeg\",\"contentUrl\":\"https:\\\/\\\/naturalsoap.lv\\\/wp-content\\\/uploads\\\/2024\\\/05\\\/dd60f21e1cf0511fb94b69eb87b57520_1692088732-e1730204742198.jpeg\",\"width\":900,\"height\":896,\"caption\":\"SOUFFLE SOAP 'GRAPEFRUIT', 100ml\"},{\"@type\":\"BreadcrumbList\",\"@id\":\"https:\\\/\\\/naturalsoap.lv\\\/de\\\/shop\\\/souffle-soap\\\/souffle-soap-grapefruit-100ml-2\\\/#breadcrumb\",\"itemListElement\":[{\"@type\":\"ListItem\",\"position\":1,\"name\":\"Home\",\"item\":\"https:\\\/\\\/naturalsoap.lv\\\/en\\\/\"},{\"@type\":\"ListItem\",\"position\":2,\"name\":\"Shop\",\"item\":\"https:\\\/\\\/naturalsoap.lv\\\/en\\\/shop\\\/\"},{\"@type\":\"ListItem\",\"position\":3,\"name\":\"SOUFFLE-SEIFE &#8218;GRAPEFRUIT&#8216;, 100ml\"}]},{\"@type\":\"WebSite\",\"@id\":\"https:\\\/\\\/naturalsoap.lv\\\/en\\\/#website\",\"url\":\"https:\\\/\\\/naturalsoap.lv\\\/en\\\/\",\"name\":\"NATURAL SOAP\",\"description\":\"Kosm\u0113tika vannai un du\u0161ai. Roku darbs.\",\"publisher\":{\"@id\":\"https:\\\/\\\/naturalsoap.lv\\\/en\\\/#organization\"},\"potentialAction\":[{\"@type\":\"SearchAction\",\"target\":{\"@type\":\"EntryPoint\",\"urlTemplate\":\"https:\\\/\\\/naturalsoap.lv\\\/en\\\/?s={search_term_string}\"},\"query-input\":{\"@type\":\"PropertyValueSpecification\",\"valueRequired\":true,\"valueName\":\"search_term_string\"}}],\"inLanguage\":\"lv-LV\"},{\"@type\":\"Organization\",\"@id\":\"https:\\\/\\\/naturalsoap.lv\\\/en\\\/#organization\",\"name\":\"NATURAL SOAP\",\"url\":\"https:\\\/\\\/naturalsoap.lv\\\/en\\\/\",\"logo\":{\"@type\":\"ImageObject\",\"inLanguage\":\"lv-LV\",\"@id\":\"https:\\\/\\\/naturalsoap.lv\\\/en\\\/#\\\/schema\\\/logo\\\/image\\\/\",\"url\":\"https:\\\/\\\/naturalsoap.lv\\\/wp-content\\\/uploads\\\/2024\\\/05\\\/Logo.svg\",\"contentUrl\":\"https:\\\/\\\/naturalsoap.lv\\\/wp-content\\\/uploads\\\/2024\\\/05\\\/Logo.svg\",\"width\":125,\"height\":34,\"caption\":\"NATURAL SOAP\"},\"image\":{\"@id\":\"https:\\\/\\\/naturalsoap.lv\\\/en\\\/#\\\/schema\\\/logo\\\/image\\\/\"}}]}<\/script>\n<!-- \/ Yoast SEO Premium plugin. -->","yoast_head_json":{"title":"[:lv]SUFL\u0112 ZIEPES 'GRAPEFRUIT', 100ml[:en]SOUFFLE SOAP 'GRAPEFRUIT', 100ml[:de]SOUFFLE-SEIFE 'GRAPEFRUIT', 100ml[:ru]\u041c\u042b\u041b\u041e \u0421\u0423\u0424\u041b\u0415 'GRAPEFRUIT', 100\u043c\u043b[:] - NATURAL SOAP","description":"Souffle soaps are very gentle to skin \u2013 their pH level is 7.5 and they are sulphate and paraben free. With grapeseed oil.","robots":{"index":"index","follow":"follow","max-snippet":"max-snippet:-1","max-image-preview":"max-image-preview:large","max-video-preview":"max-video-preview:-1"},"canonical":"https:\/\/naturalsoap.lv\/de\/shop\/souffle-soap\/souffle-soap-grapefruit-100ml-2\/","og_locale":"lv_LV","og_type":"article","og_title":"[:lv]SUFL\u0112 ZIEPES 'GRAPEFRUIT', 100ml[:en]SOUFFLE SOAP 'GRAPEFRUIT', 100ml[:de]SOUFFLE-SEIFE 'GRAPEFRUIT', 100ml[:ru]\u041c\u042b\u041b\u041e \u0421\u0423\u0424\u041b\u0415 'GRAPEFRUIT', 100\u043c\u043b[:]","og_description":"Souffle soaps are very gentle to skin \u2013 their pH level is 7.5 and they are sulphate and paraben free. With grapeseed oil.","og_url":"https:\/\/naturalsoap.lv\/de\/shop\/souffle-soap\/souffle-soap-grapefruit-100ml-2\/","og_site_name":"NATURAL SOAP","article_modified_time":"2025-04-15T10:43:33+00:00","og_image":[{"width":900,"height":896,"url":"https:\/\/naturalsoap.lv\/wp-content\/uploads\/2024\/05\/dd60f21e1cf0511fb94b69eb87b57520_1692088732-e1730204742198.jpeg","type":"image\/jpeg"}],"twitter_card":"summary_large_image","twitter_misc":{"Est. reading time":"1 minute"},"schema":{"@context":"https:\/\/schema.org","@graph":[{"@type":"WebPage","@id":"https:\/\/naturalsoap.lv\/de\/shop\/souffle-soap\/souffle-soap-grapefruit-100ml-2\/","url":"https:\/\/naturalsoap.lv\/de\/shop\/souffle-soap\/souffle-soap-grapefruit-100ml-2\/","name":"[:lv]SUFL\u0112 ZIEPES 'GRAPEFRUIT', 100ml[:en]SOUFFLE SOAP 'GRAPEFRUIT', 100ml[:de]SOUFFLE-SEIFE 'GRAPEFRUIT', 100ml[:ru]\u041c\u042b\u041b\u041e \u0421\u0423\u0424\u041b\u0415 'GRAPEFRUIT', 100\u043c\u043b[:] - NATURAL SOAP","isPartOf":{"@id":"https:\/\/naturalsoap.lv\/en\/#website"},"primaryImageOfPage":{"@id":"https:\/\/naturalsoap.lv\/de\/shop\/souffle-soap\/souffle-soap-grapefruit-100ml-2\/#primaryimage"},"image":{"@id":"https:\/\/naturalsoap.lv\/de\/shop\/souffle-soap\/souffle-soap-grapefruit-100ml-2\/#primaryimage"},"thumbnailUrl":"https:\/\/naturalsoap.lv\/wp-content\/uploads\/2024\/05\/dd60f21e1cf0511fb94b69eb87b57520_1692088732-e1730204742198.jpeg","datePublished":"2024-05-30T06:58:36+00:00","dateModified":"2025-04-15T10:43:33+00:00","description":"Souffle soaps are very gentle to skin \u2013 their pH level is 7.5 and they are sulphate and paraben free. With grapeseed oil.","breadcrumb":{"@id":"https:\/\/naturalsoap.lv\/de\/shop\/souffle-soap\/souffle-soap-grapefruit-100ml-2\/#breadcrumb"},"inLanguage":"lv-LV","potentialAction":[{"@type":"ReadAction","target":["https:\/\/naturalsoap.lv\/de\/shop\/souffle-soap\/souffle-soap-grapefruit-100ml-2\/"]}]},{"@type":"ImageObject","inLanguage":"lv-LV","@id":"https:\/\/naturalsoap.lv\/de\/shop\/souffle-soap\/souffle-soap-grapefruit-100ml-2\/#primaryimage","url":"https:\/\/naturalsoap.lv\/wp-content\/uploads\/2024\/05\/dd60f21e1cf0511fb94b69eb87b57520_1692088732-e1730204742198.jpeg","contentUrl":"https:\/\/naturalsoap.lv\/wp-content\/uploads\/2024\/05\/dd60f21e1cf0511fb94b69eb87b57520_1692088732-e1730204742198.jpeg","width":900,"height":896,"caption":"SOUFFLE SOAP 'GRAPEFRUIT', 100ml"},{"@type":"BreadcrumbList","@id":"https:\/\/naturalsoap.lv\/de\/shop\/souffle-soap\/souffle-soap-grapefruit-100ml-2\/#breadcrumb","itemListElement":[{"@type":"ListItem","position":1,"name":"Home","item":"https:\/\/naturalsoap.lv\/en\/"},{"@type":"ListItem","position":2,"name":"Shop","item":"https:\/\/naturalsoap.lv\/en\/shop\/"},{"@type":"ListItem","position":3,"name":"SOUFFLE-SEIFE &#8218;GRAPEFRUIT&#8216;, 100ml"}]},{"@type":"WebSite","@id":"https:\/\/naturalsoap.lv\/en\/#website","url":"https:\/\/naturalsoap.lv\/en\/","name":"NATURAL SOAP","description":"Kosm\u0113tika vannai un du\u0161ai. Roku darbs.","publisher":{"@id":"https:\/\/naturalsoap.lv\/en\/#organization"},"potentialAction":[{"@type":"SearchAction","target":{"@type":"EntryPoint","urlTemplate":"https:\/\/naturalsoap.lv\/en\/?s={search_term_string}"},"query-input":{"@type":"PropertyValueSpecification","valueRequired":true,"valueName":"search_term_string"}}],"inLanguage":"lv-LV"},{"@type":"Organization","@id":"https:\/\/naturalsoap.lv\/en\/#organization","name":"NATURAL SOAP","url":"https:\/\/naturalsoap.lv\/en\/","logo":{"@type":"ImageObject","inLanguage":"lv-LV","@id":"https:\/\/naturalsoap.lv\/en\/#\/schema\/logo\/image\/","url":"https:\/\/naturalsoap.lv\/wp-content\/uploads\/2024\/05\/Logo.svg","contentUrl":"https:\/\/naturalsoap.lv\/wp-content\/uploads\/2024\/05\/Logo.svg","width":125,"height":34,"caption":"NATURAL SOAP"},"image":{"@id":"https:\/\/naturalsoap.lv\/en\/#\/schema\/logo\/image\/"}}]}},"_links":{"self":[{"href":"https:\/\/naturalsoap.lv\/lv\/wp-json\/wp\/v2\/product\/14589","targetHints":{"allow":["GET"]}}],"collection":[{"href":"https:\/\/naturalsoap.lv\/lv\/wp-json\/wp\/v2\/product"}],"about":[{"href":"https:\/\/naturalsoap.lv\/lv\/wp-json\/wp\/v2\/types\/product"}],"wp:featuredmedia":[{"embeddable":true,"href":"https:\/\/naturalsoap.lv\/lv\/wp-json\/wp\/v2\/media\/14590"}],"wp:attachment":[{"href":"https:\/\/naturalsoap.lv\/lv\/wp-json\/wp\/v2\/media?parent=14589"}],"wp:term":[{"taxonomy":"product_brand","embeddable":true,"href":"https:\/\/naturalsoap.lv\/lv\/wp-json\/wp\/v2\/product_brand?post=14589"},{"taxonomy":"product_cat","embeddable":true,"href":"https:\/\/naturalsoap.lv\/lv\/wp-json\/wp\/v2\/product_cat?post=14589"},{"taxonomy":"product_tag","embeddable":true,"href":"https:\/\/naturalsoap.lv\/lv\/wp-json\/wp\/v2\/product_tag?post=14589"}],"curies":[{"name":"wp","href":"https:\/\/api.w.org\/{rel}","templated":true}]}}