{"id":14562,"date":"2024-05-30T06:57:56","date_gmt":"2024-05-30T06:57:56","guid":{"rendered":"https:\/\/321.optimum.lv\/product\/soap-sea-breeze-2\/"},"modified":"2025-04-15T11:46:04","modified_gmt":"2025-04-15T11:46:04","slug":"soap-sea-breeze-2","status":"publish","type":"product","link":"https:\/\/naturalsoap.lv\/lv\/shop\/soap\/soap-sea-breeze-2\/","title":{"rendered":"ZIEPES \u2018SEA BREEZE\u2019, 100gr"},"content":{"rendered":"<p>Veg\u0101ns. Izgatavots no dab\u012bg\u0101m sast\u0101vda\u013c\u0101m.<br \/>\n\u0160im arom\u0101tam piem\u012bt izteikts j\u016bras svaigums.<\/p>","protected":false},"excerpt":{"rendered":"<p>INCI: Aqua, Sodium Palmate, Glycerin, Propylene Glycol, Sorbitol, Sodium palm kernelate, Sodium coco-sulfate, Cocamidopropyl betaine, Parfum, Stearic Acid, Sodium silicate, CI 77891, CI 74160, CI 74260, D-Limonene, Hexyl Cinnamic Aldehyde Alpha, Linalool<\/p>\n<p>Ra\u017eot\u0101js: SIA GARTDA, Alejas iela 73, Daugavpils, LV-5401, Latvija, T. +371 65420849, <a href=\"mailto:info@gartda.lv\">info@gartda.lv<\/a><\/p>\n","protected":false},"featured_media":14563,"template":"","meta":[],"product_brand":[],"product_cat":[488],"product_tag":[],"class_list":{"0":"post-14562","1":"product","2":"type-product","3":"status-publish","4":"has-post-thumbnail","6":"product_cat-soap","7":"pa_box-bez-davanu-kastites","8":"pa_box-davanu-kastite","10":"first","11":"instock","12":"taxable","13":"shipping-taxable","14":"purchasable","15":"product-type-variable"},"yoast_head":"<!-- This site is optimized with the Yoast SEO Premium plugin v22.6 (Yoast SEO v27.3) - https:\/\/yoast.com\/product\/yoast-seo-premium-wordpress\/ -->\n<title>SOAP \u2018SEA BREEZE\u2019ZIEPES \u2018SEA BREEZE\u2019, 100gr - NATURAL SOAP<\/title>\n<meta name=\"description\" content=\"SOAP \u2018SEA BREEZE\u2019. With sweet almond oil. With sea breeze aroma. Freshness aroma. handmade soap. Soap for body and face. Natural soap.\" \/>\n<meta name=\"robots\" content=\"index, follow, max-snippet:-1, max-image-preview:large, max-video-preview:-1\" \/>\n<link rel=\"canonical\" href=\"https:\/\/naturalsoap.lv\/lv\/shop\/soap\/soap-sea-breeze-2\/\" \/>\n<meta property=\"og:locale\" content=\"lv_LV\" \/>\n<meta property=\"og:type\" content=\"article\" \/>\n<meta property=\"og:title\" content=\"[:lv]ZIEPES \u2018SEA BREEZE\u2019, 100gr[:en]SOAP \u2018SEA BREEZE\u2019, 100gr[:de]SEIFE \u2018SEA BREEZE\u2019, 100gr[:ru]\u041c\u042b\u041b\u041e \u2018SEA BREEZE\u2019, 100gr[:]\" \/>\n<meta property=\"og:description\" content=\"SOAP \u2018SEA BREEZE\u2019. With sweet almond oil. With sea breeze aroma. Freshness aroma. handmade soap. Soap for body and face. Natural soap.\" \/>\n<meta property=\"og:url\" content=\"https:\/\/naturalsoap.lv\/lv\/shop\/soap\/soap-sea-breeze-2\/\" \/>\n<meta property=\"og:site_name\" content=\"NATURAL SOAP\" \/>\n<meta property=\"article:modified_time\" content=\"2025-04-15T11:46:04+00:00\" \/>\n<meta property=\"og:image\" content=\"https:\/\/naturalsoap.lv\/wp-content\/uploads\/2024\/05\/Sea-Breze_2023_1-scaled-1.jpg\" \/>\n\t<meta property=\"og:image:width\" content=\"2560\" \/>\n\t<meta property=\"og:image:height\" content=\"1685\" \/>\n\t<meta property=\"og:image:type\" content=\"image\/jpeg\" \/>\n<meta name=\"twitter:card\" content=\"summary_large_image\" \/>\n<meta name=\"twitter:label1\" content=\"Est. reading time\" \/>\n\t<meta name=\"twitter:data1\" content=\"1 minute\" \/>\n<script type=\"application\/ld+json\" class=\"yoast-schema-graph\">{\"@context\":\"https:\\\/\\\/schema.org\",\"@graph\":[{\"@type\":\"WebPage\",\"@id\":\"https:\\\/\\\/naturalsoap.lv\\\/lv\\\/shop\\\/soap\\\/soap-sea-breeze-2\\\/\",\"url\":\"https:\\\/\\\/naturalsoap.lv\\\/lv\\\/shop\\\/soap\\\/soap-sea-breeze-2\\\/\",\"name\":\"SOAP \u2018SEA BREEZE\u2019[:lv]ZIEPES \u2018SEA BREEZE\u2019, 100gr[:en]SOAP \u2018SEA BREEZE\u2019, 100gr[:de]SEIFE \u2018SEA BREEZE\u2019, 100gr[:ru]\u041c\u042b\u041b\u041e \u2018SEA BREEZE\u2019, 100gr[:] - NATURAL SOAP\",\"isPartOf\":{\"@id\":\"https:\\\/\\\/naturalsoap.lv\\\/#website\"},\"primaryImageOfPage\":{\"@id\":\"https:\\\/\\\/naturalsoap.lv\\\/lv\\\/shop\\\/soap\\\/soap-sea-breeze-2\\\/#primaryimage\"},\"image\":{\"@id\":\"https:\\\/\\\/naturalsoap.lv\\\/lv\\\/shop\\\/soap\\\/soap-sea-breeze-2\\\/#primaryimage\"},\"thumbnailUrl\":\"https:\\\/\\\/naturalsoap.lv\\\/wp-content\\\/uploads\\\/2024\\\/05\\\/Sea-Breze_2023_1-scaled-1.jpg\",\"datePublished\":\"2024-05-30T06:57:56+00:00\",\"dateModified\":\"2025-04-15T11:46:04+00:00\",\"description\":\"SOAP \u2018SEA BREEZE\u2019. With sweet almond oil. With sea breeze aroma. Freshness aroma. handmade soap. Soap for body and face. Natural soap.\",\"breadcrumb\":{\"@id\":\"https:\\\/\\\/naturalsoap.lv\\\/lv\\\/shop\\\/soap\\\/soap-sea-breeze-2\\\/#breadcrumb\"},\"inLanguage\":\"lv-LV\",\"potentialAction\":[{\"@type\":\"ReadAction\",\"target\":[\"https:\\\/\\\/naturalsoap.lv\\\/lv\\\/shop\\\/soap\\\/soap-sea-breeze-2\\\/\"]}]},{\"@type\":\"ImageObject\",\"inLanguage\":\"lv-LV\",\"@id\":\"https:\\\/\\\/naturalsoap.lv\\\/lv\\\/shop\\\/soap\\\/soap-sea-breeze-2\\\/#primaryimage\",\"url\":\"https:\\\/\\\/naturalsoap.lv\\\/wp-content\\\/uploads\\\/2024\\\/05\\\/Sea-Breze_2023_1-scaled-1.jpg\",\"contentUrl\":\"https:\\\/\\\/naturalsoap.lv\\\/wp-content\\\/uploads\\\/2024\\\/05\\\/Sea-Breze_2023_1-scaled-1.jpg\",\"width\":2560,\"height\":1685,\"caption\":\"SOAP \u2018SEA BREEZE\u2019, 100gr\"},{\"@type\":\"BreadcrumbList\",\"@id\":\"https:\\\/\\\/naturalsoap.lv\\\/lv\\\/shop\\\/soap\\\/soap-sea-breeze-2\\\/#breadcrumb\",\"itemListElement\":[{\"@type\":\"ListItem\",\"position\":1,\"name\":\"Home\",\"item\":\"https:\\\/\\\/naturalsoap.lv\\\/\"},{\"@type\":\"ListItem\",\"position\":2,\"name\":\"E-veikals\",\"item\":\"https:\\\/\\\/naturalsoap.lv\\\/lv\\\/shop\\\/\"},{\"@type\":\"ListItem\",\"position\":3,\"name\":\"ZIEPES \u2018SEA BREEZE\u2019, 100gr\"}]},{\"@type\":\"WebSite\",\"@id\":\"https:\\\/\\\/naturalsoap.lv\\\/#website\",\"url\":\"https:\\\/\\\/naturalsoap.lv\\\/\",\"name\":\"NATURAL SOAP\",\"description\":\"Kosm\u0113tika vannai un du\u0161ai. Roku darbs.\",\"publisher\":{\"@id\":\"https:\\\/\\\/naturalsoap.lv\\\/#organization\"},\"potentialAction\":[{\"@type\":\"SearchAction\",\"target\":{\"@type\":\"EntryPoint\",\"urlTemplate\":\"https:\\\/\\\/naturalsoap.lv\\\/?s={search_term_string}\"},\"query-input\":{\"@type\":\"PropertyValueSpecification\",\"valueRequired\":true,\"valueName\":\"search_term_string\"}}],\"inLanguage\":\"lv-LV\"},{\"@type\":\"Organization\",\"@id\":\"https:\\\/\\\/naturalsoap.lv\\\/#organization\",\"name\":\"NATURAL SOAP\",\"url\":\"https:\\\/\\\/naturalsoap.lv\\\/\",\"logo\":{\"@type\":\"ImageObject\",\"inLanguage\":\"lv-LV\",\"@id\":\"https:\\\/\\\/naturalsoap.lv\\\/#\\\/schema\\\/logo\\\/image\\\/\",\"url\":\"https:\\\/\\\/naturalsoap.lv\\\/wp-content\\\/uploads\\\/2024\\\/05\\\/Logo.svg\",\"contentUrl\":\"https:\\\/\\\/naturalsoap.lv\\\/wp-content\\\/uploads\\\/2024\\\/05\\\/Logo.svg\",\"width\":125,\"height\":34,\"caption\":\"NATURAL SOAP\"},\"image\":{\"@id\":\"https:\\\/\\\/naturalsoap.lv\\\/#\\\/schema\\\/logo\\\/image\\\/\"}}]}<\/script>\n<!-- \/ Yoast SEO Premium plugin. -->","yoast_head_json":{"title":"SOAP \u2018SEA BREEZE\u2019[:lv]ZIEPES \u2018SEA BREEZE\u2019, 100gr[:en]SOAP \u2018SEA BREEZE\u2019, 100gr[:de]SEIFE \u2018SEA BREEZE\u2019, 100gr[:ru]\u041c\u042b\u041b\u041e \u2018SEA BREEZE\u2019, 100gr[:] - NATURAL SOAP","description":"SOAP \u2018SEA BREEZE\u2019. With sweet almond oil. With sea breeze aroma. Freshness aroma. handmade soap. Soap for body and face. Natural soap.","robots":{"index":"index","follow":"follow","max-snippet":"max-snippet:-1","max-image-preview":"max-image-preview:large","max-video-preview":"max-video-preview:-1"},"canonical":"https:\/\/naturalsoap.lv\/lv\/shop\/soap\/soap-sea-breeze-2\/","og_locale":"lv_LV","og_type":"article","og_title":"[:lv]ZIEPES \u2018SEA BREEZE\u2019, 100gr[:en]SOAP \u2018SEA BREEZE\u2019, 100gr[:de]SEIFE \u2018SEA BREEZE\u2019, 100gr[:ru]\u041c\u042b\u041b\u041e \u2018SEA BREEZE\u2019, 100gr[:]","og_description":"SOAP \u2018SEA BREEZE\u2019. With sweet almond oil. With sea breeze aroma. Freshness aroma. handmade soap. Soap for body and face. Natural soap.","og_url":"https:\/\/naturalsoap.lv\/lv\/shop\/soap\/soap-sea-breeze-2\/","og_site_name":"NATURAL SOAP","article_modified_time":"2025-04-15T11:46:04+00:00","og_image":[{"width":2560,"height":1685,"url":"https:\/\/naturalsoap.lv\/wp-content\/uploads\/2024\/05\/Sea-Breze_2023_1-scaled-1.jpg","type":"image\/jpeg"}],"twitter_card":"summary_large_image","twitter_misc":{"Est. reading time":"1 minute"},"schema":{"@context":"https:\/\/schema.org","@graph":[{"@type":"WebPage","@id":"https:\/\/naturalsoap.lv\/lv\/shop\/soap\/soap-sea-breeze-2\/","url":"https:\/\/naturalsoap.lv\/lv\/shop\/soap\/soap-sea-breeze-2\/","name":"SOAP \u2018SEA BREEZE\u2019[:lv]ZIEPES \u2018SEA BREEZE\u2019, 100gr[:en]SOAP \u2018SEA BREEZE\u2019, 100gr[:de]SEIFE \u2018SEA BREEZE\u2019, 100gr[:ru]\u041c\u042b\u041b\u041e \u2018SEA BREEZE\u2019, 100gr[:] - NATURAL SOAP","isPartOf":{"@id":"https:\/\/naturalsoap.lv\/#website"},"primaryImageOfPage":{"@id":"https:\/\/naturalsoap.lv\/lv\/shop\/soap\/soap-sea-breeze-2\/#primaryimage"},"image":{"@id":"https:\/\/naturalsoap.lv\/lv\/shop\/soap\/soap-sea-breeze-2\/#primaryimage"},"thumbnailUrl":"https:\/\/naturalsoap.lv\/wp-content\/uploads\/2024\/05\/Sea-Breze_2023_1-scaled-1.jpg","datePublished":"2024-05-30T06:57:56+00:00","dateModified":"2025-04-15T11:46:04+00:00","description":"SOAP \u2018SEA BREEZE\u2019. With sweet almond oil. With sea breeze aroma. Freshness aroma. handmade soap. Soap for body and face. Natural soap.","breadcrumb":{"@id":"https:\/\/naturalsoap.lv\/lv\/shop\/soap\/soap-sea-breeze-2\/#breadcrumb"},"inLanguage":"lv-LV","potentialAction":[{"@type":"ReadAction","target":["https:\/\/naturalsoap.lv\/lv\/shop\/soap\/soap-sea-breeze-2\/"]}]},{"@type":"ImageObject","inLanguage":"lv-LV","@id":"https:\/\/naturalsoap.lv\/lv\/shop\/soap\/soap-sea-breeze-2\/#primaryimage","url":"https:\/\/naturalsoap.lv\/wp-content\/uploads\/2024\/05\/Sea-Breze_2023_1-scaled-1.jpg","contentUrl":"https:\/\/naturalsoap.lv\/wp-content\/uploads\/2024\/05\/Sea-Breze_2023_1-scaled-1.jpg","width":2560,"height":1685,"caption":"SOAP \u2018SEA BREEZE\u2019, 100gr"},{"@type":"BreadcrumbList","@id":"https:\/\/naturalsoap.lv\/lv\/shop\/soap\/soap-sea-breeze-2\/#breadcrumb","itemListElement":[{"@type":"ListItem","position":1,"name":"Home","item":"https:\/\/naturalsoap.lv\/"},{"@type":"ListItem","position":2,"name":"E-veikals","item":"https:\/\/naturalsoap.lv\/lv\/shop\/"},{"@type":"ListItem","position":3,"name":"ZIEPES \u2018SEA BREEZE\u2019, 100gr"}]},{"@type":"WebSite","@id":"https:\/\/naturalsoap.lv\/#website","url":"https:\/\/naturalsoap.lv\/","name":"NATURAL SOAP","description":"Kosm\u0113tika vannai un du\u0161ai. Roku darbs.","publisher":{"@id":"https:\/\/naturalsoap.lv\/#organization"},"potentialAction":[{"@type":"SearchAction","target":{"@type":"EntryPoint","urlTemplate":"https:\/\/naturalsoap.lv\/?s={search_term_string}"},"query-input":{"@type":"PropertyValueSpecification","valueRequired":true,"valueName":"search_term_string"}}],"inLanguage":"lv-LV"},{"@type":"Organization","@id":"https:\/\/naturalsoap.lv\/#organization","name":"NATURAL SOAP","url":"https:\/\/naturalsoap.lv\/","logo":{"@type":"ImageObject","inLanguage":"lv-LV","@id":"https:\/\/naturalsoap.lv\/#\/schema\/logo\/image\/","url":"https:\/\/naturalsoap.lv\/wp-content\/uploads\/2024\/05\/Logo.svg","contentUrl":"https:\/\/naturalsoap.lv\/wp-content\/uploads\/2024\/05\/Logo.svg","width":125,"height":34,"caption":"NATURAL SOAP"},"image":{"@id":"https:\/\/naturalsoap.lv\/#\/schema\/logo\/image\/"}}]}},"_links":{"self":[{"href":"https:\/\/naturalsoap.lv\/lv\/wp-json\/wp\/v2\/product\/14562","targetHints":{"allow":["GET"]}}],"collection":[{"href":"https:\/\/naturalsoap.lv\/lv\/wp-json\/wp\/v2\/product"}],"about":[{"href":"https:\/\/naturalsoap.lv\/lv\/wp-json\/wp\/v2\/types\/product"}],"wp:featuredmedia":[{"embeddable":true,"href":"https:\/\/naturalsoap.lv\/lv\/wp-json\/wp\/v2\/media\/14563"}],"wp:attachment":[{"href":"https:\/\/naturalsoap.lv\/lv\/wp-json\/wp\/v2\/media?parent=14562"}],"wp:term":[{"taxonomy":"product_brand","embeddable":true,"href":"https:\/\/naturalsoap.lv\/lv\/wp-json\/wp\/v2\/product_brand?post=14562"},{"taxonomy":"product_cat","embeddable":true,"href":"https:\/\/naturalsoap.lv\/lv\/wp-json\/wp\/v2\/product_cat?post=14562"},{"taxonomy":"product_tag","embeddable":true,"href":"https:\/\/naturalsoap.lv\/lv\/wp-json\/wp\/v2\/product_tag?post=14562"}],"curies":[{"name":"wp","href":"https:\/\/api.w.org\/{rel}","templated":true}]}}