{"id":14496,"date":"2024-05-30T06:54:46","date_gmt":"2024-05-30T06:54:46","guid":{"rendered":"https:\/\/321.optimum.lv\/product\/green-tea-amp-lemon-soap-2\/"},"modified":"2025-04-15T12:03:57","modified_gmt":"2025-04-15T12:03:57","slug":"green-tea-amp-lemon-soap-2","status":"publish","type":"product","link":"https:\/\/naturalsoap.lv\/lv\/shop\/soap\/green-tea-amp-lemon-soap-2\/","title":{"rendered":"ZIEPES &#8216;GREEN TEA &#038; LEMON&#8217;, 100gr"},"content":{"rendered":"<p>Ar ol\u012bve\u013c\u013cu.<\/p>\n<p>Arom\u0101ts s\u0101kas ar balt\u0101s t\u0113jas, yuzu, citrona, bergamotes un ingvera galvenaj\u0101m not\u012bm; kam seko Earl Grey t\u0113jas, ro\u017eu, muskatrieksta un \u0123er\u0101nijas vid\u0113j\u0101s notis; s\u0113\u017eot uz me\u017ea, muskusa un ogu b\u0101zes not\u012bm.<\/p>\n<p>Pies\u0101tin\u0101ta ar \u012bst\u0101m za\u013c\u0101s t\u0113jas lap\u0101m, j\u016bsu \u0101da b\u016bs att\u012br\u012bta un atsvaidzino\u0161i smar\u017eota.<\/p>","protected":false},"excerpt":{"rendered":"<p>INCI: Aqua, Propylene Glycol, Stearic Acid, Sorbitol, Sodium Laureth Sulfate, Sucrose, Lauric Acid, Glycerin, Sodium Hydroxide, Parfum, Olea Europaea Fruit Oil, Sodium Chloride, Camellia Sinensis Leaf, Sodium Thiosulphate, Etidronic Acid, CI 19140, CI 77891, Hexyl Cinnamic Aldehyde Alpha, Linalool<\/p>\n<p>Ra\u017eot\u0101js: SIA GARTDA, Alejas iela 73, Daugavpils, LV-5401, Latvija, T. +371 65420849, <a href=\"mailto:info@gartda.lv\">info@gartda.lv<\/a><\/p>\n","protected":false},"featured_media":14497,"template":"","meta":[],"product_brand":[],"product_cat":[488],"product_tag":[],"class_list":{"0":"post-14496","1":"product","2":"type-product","3":"status-publish","4":"has-post-thumbnail","6":"product_cat-soap","7":"pa_box-bez-davanu-kastites","8":"pa_box-davanu-kastite","10":"first","11":"instock","12":"taxable","13":"shipping-taxable","14":"purchasable","15":"product-type-variable"},"yoast_head":"<!-- This site is optimized with the Yoast SEO Premium plugin v22.6 (Yoast SEO v27.3) - https:\/\/yoast.com\/product\/yoast-seo-premium-wordpress\/ -->\n<title>ZIEPES &#039;GREEN TEA &amp; LEMON&#039;, 100gr - NATURAL SOAP<\/title>\n<meta name=\"description\" content=\"GREEN TEA &amp; LEMON SOAP. SLS FREE. With grapeseed oil. Infused with real green tea leaves, your skin will be left feeling cleansed and refreshingly scented.\" \/>\n<meta name=\"robots\" content=\"index, follow, max-snippet:-1, max-image-preview:large, max-video-preview:-1\" \/>\n<link rel=\"canonical\" href=\"https:\/\/naturalsoap.lv\/lv\/shop\/soap\/green-tea-amp-lemon-soap-2\/\" \/>\n<meta property=\"og:locale\" content=\"lv_LV\" \/>\n<meta property=\"og:type\" content=\"article\" \/>\n<meta property=\"og:title\" content=\"[:lv]ZIEPES &#039;GREEN TEA &amp; LEMON&#039;, 100gr[:en]GREEN TEA &amp; LEMON SOAP, 100gr[:de]SEIFE &#039;GREEN TEA &amp; LEMON&#039;, 100gr[:ru]\u041c\u042b\u041b\u041e &#039;GREEN TEA &amp; LEMON&#039;, 100gr[:]\" \/>\n<meta property=\"og:description\" content=\"GREEN TEA &amp; LEMON SOAP. SLS FREE. With grapeseed oil. Infused with real green tea leaves, your skin will be left feeling cleansed and refreshingly scented.\" \/>\n<meta property=\"og:url\" content=\"https:\/\/naturalsoap.lv\/lv\/shop\/soap\/green-tea-amp-lemon-soap-2\/\" \/>\n<meta property=\"og:site_name\" content=\"NATURAL SOAP\" \/>\n<meta property=\"article:modified_time\" content=\"2025-04-15T12:03:57+00:00\" \/>\n<meta property=\"og:image\" content=\"https:\/\/naturalsoap.lv\/wp-content\/uploads\/2024\/05\/15f68db30f5ea6c8b80876076bea0728_1692088576.jpeg\" \/>\n\t<meta property=\"og:image:width\" content=\"750\" \/>\n\t<meta property=\"og:image:height\" content=\"500\" \/>\n\t<meta property=\"og:image:type\" content=\"image\/jpeg\" \/>\n<meta name=\"twitter:card\" content=\"summary_large_image\" \/>\n<meta name=\"twitter:label1\" content=\"Est. reading time\" \/>\n\t<meta name=\"twitter:data1\" content=\"1 minute\" \/>\n<script type=\"application\/ld+json\" class=\"yoast-schema-graph\">{\"@context\":\"https:\\\/\\\/schema.org\",\"@graph\":[{\"@type\":\"WebPage\",\"@id\":\"https:\\\/\\\/naturalsoap.lv\\\/lv\\\/shop\\\/soap\\\/green-tea-amp-lemon-soap-2\\\/\",\"url\":\"https:\\\/\\\/naturalsoap.lv\\\/lv\\\/shop\\\/soap\\\/green-tea-amp-lemon-soap-2\\\/\",\"name\":\"[:lv]ZIEPES 'GREEN TEA & LEMON', 100gr[:en]GREEN TEA & LEMON SOAP, 100gr[:de]SEIFE 'GREEN TEA & LEMON', 100gr[:ru]\u041c\u042b\u041b\u041e 'GREEN TEA & LEMON', 100gr[:] - NATURAL SOAP\",\"isPartOf\":{\"@id\":\"https:\\\/\\\/naturalsoap.lv\\\/en\\\/#website\"},\"primaryImageOfPage\":{\"@id\":\"https:\\\/\\\/naturalsoap.lv\\\/lv\\\/shop\\\/soap\\\/green-tea-amp-lemon-soap-2\\\/#primaryimage\"},\"image\":{\"@id\":\"https:\\\/\\\/naturalsoap.lv\\\/lv\\\/shop\\\/soap\\\/green-tea-amp-lemon-soap-2\\\/#primaryimage\"},\"thumbnailUrl\":\"https:\\\/\\\/naturalsoap.lv\\\/wp-content\\\/uploads\\\/2024\\\/05\\\/15f68db30f5ea6c8b80876076bea0728_1692088576.jpeg\",\"datePublished\":\"2024-05-30T06:54:46+00:00\",\"dateModified\":\"2025-04-15T12:03:57+00:00\",\"description\":\"GREEN TEA & LEMON SOAP. SLS FREE. With grapeseed oil. Infused with real green tea leaves, your skin will be left feeling cleansed and refreshingly scented.\",\"breadcrumb\":{\"@id\":\"https:\\\/\\\/naturalsoap.lv\\\/lv\\\/shop\\\/soap\\\/green-tea-amp-lemon-soap-2\\\/#breadcrumb\"},\"inLanguage\":\"lv-LV\",\"potentialAction\":[{\"@type\":\"ReadAction\",\"target\":[\"https:\\\/\\\/naturalsoap.lv\\\/lv\\\/shop\\\/soap\\\/green-tea-amp-lemon-soap-2\\\/\"]}]},{\"@type\":\"ImageObject\",\"inLanguage\":\"lv-LV\",\"@id\":\"https:\\\/\\\/naturalsoap.lv\\\/lv\\\/shop\\\/soap\\\/green-tea-amp-lemon-soap-2\\\/#primaryimage\",\"url\":\"https:\\\/\\\/naturalsoap.lv\\\/wp-content\\\/uploads\\\/2024\\\/05\\\/15f68db30f5ea6c8b80876076bea0728_1692088576.jpeg\",\"contentUrl\":\"https:\\\/\\\/naturalsoap.lv\\\/wp-content\\\/uploads\\\/2024\\\/05\\\/15f68db30f5ea6c8b80876076bea0728_1692088576.jpeg\",\"width\":750,\"height\":500,\"caption\":\"GREEN TEA & LEMON SOAP, 100gr\"},{\"@type\":\"BreadcrumbList\",\"@id\":\"https:\\\/\\\/naturalsoap.lv\\\/lv\\\/shop\\\/soap\\\/green-tea-amp-lemon-soap-2\\\/#breadcrumb\",\"itemListElement\":[{\"@type\":\"ListItem\",\"position\":1,\"name\":\"Home\",\"item\":\"https:\\\/\\\/naturalsoap.lv\\\/en\\\/\"},{\"@type\":\"ListItem\",\"position\":2,\"name\":\"Shop\",\"item\":\"https:\\\/\\\/naturalsoap.lv\\\/en\\\/shop\\\/\"},{\"@type\":\"ListItem\",\"position\":3,\"name\":\"ZIEPES &#8216;GREEN TEA &#038; LEMON&#8217;, 100gr\"}]},{\"@type\":\"WebSite\",\"@id\":\"https:\\\/\\\/naturalsoap.lv\\\/en\\\/#website\",\"url\":\"https:\\\/\\\/naturalsoap.lv\\\/en\\\/\",\"name\":\"NATURAL SOAP\",\"description\":\"Kosm\u0113tika vannai un du\u0161ai. Roku darbs.\",\"publisher\":{\"@id\":\"https:\\\/\\\/naturalsoap.lv\\\/en\\\/#organization\"},\"potentialAction\":[{\"@type\":\"SearchAction\",\"target\":{\"@type\":\"EntryPoint\",\"urlTemplate\":\"https:\\\/\\\/naturalsoap.lv\\\/en\\\/?s={search_term_string}\"},\"query-input\":{\"@type\":\"PropertyValueSpecification\",\"valueRequired\":true,\"valueName\":\"search_term_string\"}}],\"inLanguage\":\"lv-LV\"},{\"@type\":\"Organization\",\"@id\":\"https:\\\/\\\/naturalsoap.lv\\\/en\\\/#organization\",\"name\":\"NATURAL SOAP\",\"url\":\"https:\\\/\\\/naturalsoap.lv\\\/en\\\/\",\"logo\":{\"@type\":\"ImageObject\",\"inLanguage\":\"lv-LV\",\"@id\":\"https:\\\/\\\/naturalsoap.lv\\\/en\\\/#\\\/schema\\\/logo\\\/image\\\/\",\"url\":\"https:\\\/\\\/naturalsoap.lv\\\/wp-content\\\/uploads\\\/2024\\\/05\\\/Logo.svg\",\"contentUrl\":\"https:\\\/\\\/naturalsoap.lv\\\/wp-content\\\/uploads\\\/2024\\\/05\\\/Logo.svg\",\"width\":125,\"height\":34,\"caption\":\"NATURAL SOAP\"},\"image\":{\"@id\":\"https:\\\/\\\/naturalsoap.lv\\\/en\\\/#\\\/schema\\\/logo\\\/image\\\/\"}}]}<\/script>\n<!-- \/ Yoast SEO Premium plugin. -->","yoast_head_json":{"title":"[:lv]ZIEPES 'GREEN TEA & LEMON', 100gr[:en]GREEN TEA & LEMON SOAP, 100gr[:de]SEIFE 'GREEN TEA & LEMON', 100gr[:ru]\u041c\u042b\u041b\u041e 'GREEN TEA & LEMON', 100gr[:] - NATURAL SOAP","description":"GREEN TEA & LEMON SOAP. SLS FREE. With grapeseed oil. Infused with real green tea leaves, your skin will be left feeling cleansed and refreshingly scented.","robots":{"index":"index","follow":"follow","max-snippet":"max-snippet:-1","max-image-preview":"max-image-preview:large","max-video-preview":"max-video-preview:-1"},"canonical":"https:\/\/naturalsoap.lv\/lv\/shop\/soap\/green-tea-amp-lemon-soap-2\/","og_locale":"lv_LV","og_type":"article","og_title":"[:lv]ZIEPES 'GREEN TEA & LEMON', 100gr[:en]GREEN TEA & LEMON SOAP, 100gr[:de]SEIFE 'GREEN TEA & LEMON', 100gr[:ru]\u041c\u042b\u041b\u041e 'GREEN TEA & LEMON', 100gr[:]","og_description":"GREEN TEA & LEMON SOAP. SLS FREE. With grapeseed oil. Infused with real green tea leaves, your skin will be left feeling cleansed and refreshingly scented.","og_url":"https:\/\/naturalsoap.lv\/lv\/shop\/soap\/green-tea-amp-lemon-soap-2\/","og_site_name":"NATURAL SOAP","article_modified_time":"2025-04-15T12:03:57+00:00","og_image":[{"width":750,"height":500,"url":"https:\/\/naturalsoap.lv\/wp-content\/uploads\/2024\/05\/15f68db30f5ea6c8b80876076bea0728_1692088576.jpeg","type":"image\/jpeg"}],"twitter_card":"summary_large_image","twitter_misc":{"Est. reading time":"1 minute"},"schema":{"@context":"https:\/\/schema.org","@graph":[{"@type":"WebPage","@id":"https:\/\/naturalsoap.lv\/lv\/shop\/soap\/green-tea-amp-lemon-soap-2\/","url":"https:\/\/naturalsoap.lv\/lv\/shop\/soap\/green-tea-amp-lemon-soap-2\/","name":"[:lv]ZIEPES 'GREEN TEA & LEMON', 100gr[:en]GREEN TEA & LEMON SOAP, 100gr[:de]SEIFE 'GREEN TEA & LEMON', 100gr[:ru]\u041c\u042b\u041b\u041e 'GREEN TEA & LEMON', 100gr[:] - NATURAL SOAP","isPartOf":{"@id":"https:\/\/naturalsoap.lv\/en\/#website"},"primaryImageOfPage":{"@id":"https:\/\/naturalsoap.lv\/lv\/shop\/soap\/green-tea-amp-lemon-soap-2\/#primaryimage"},"image":{"@id":"https:\/\/naturalsoap.lv\/lv\/shop\/soap\/green-tea-amp-lemon-soap-2\/#primaryimage"},"thumbnailUrl":"https:\/\/naturalsoap.lv\/wp-content\/uploads\/2024\/05\/15f68db30f5ea6c8b80876076bea0728_1692088576.jpeg","datePublished":"2024-05-30T06:54:46+00:00","dateModified":"2025-04-15T12:03:57+00:00","description":"GREEN TEA & LEMON SOAP. SLS FREE. With grapeseed oil. Infused with real green tea leaves, your skin will be left feeling cleansed and refreshingly scented.","breadcrumb":{"@id":"https:\/\/naturalsoap.lv\/lv\/shop\/soap\/green-tea-amp-lemon-soap-2\/#breadcrumb"},"inLanguage":"lv-LV","potentialAction":[{"@type":"ReadAction","target":["https:\/\/naturalsoap.lv\/lv\/shop\/soap\/green-tea-amp-lemon-soap-2\/"]}]},{"@type":"ImageObject","inLanguage":"lv-LV","@id":"https:\/\/naturalsoap.lv\/lv\/shop\/soap\/green-tea-amp-lemon-soap-2\/#primaryimage","url":"https:\/\/naturalsoap.lv\/wp-content\/uploads\/2024\/05\/15f68db30f5ea6c8b80876076bea0728_1692088576.jpeg","contentUrl":"https:\/\/naturalsoap.lv\/wp-content\/uploads\/2024\/05\/15f68db30f5ea6c8b80876076bea0728_1692088576.jpeg","width":750,"height":500,"caption":"GREEN TEA & LEMON SOAP, 100gr"},{"@type":"BreadcrumbList","@id":"https:\/\/naturalsoap.lv\/lv\/shop\/soap\/green-tea-amp-lemon-soap-2\/#breadcrumb","itemListElement":[{"@type":"ListItem","position":1,"name":"Home","item":"https:\/\/naturalsoap.lv\/en\/"},{"@type":"ListItem","position":2,"name":"Shop","item":"https:\/\/naturalsoap.lv\/en\/shop\/"},{"@type":"ListItem","position":3,"name":"ZIEPES &#8216;GREEN TEA &#038; LEMON&#8217;, 100gr"}]},{"@type":"WebSite","@id":"https:\/\/naturalsoap.lv\/en\/#website","url":"https:\/\/naturalsoap.lv\/en\/","name":"NATURAL SOAP","description":"Kosm\u0113tika vannai un du\u0161ai. Roku darbs.","publisher":{"@id":"https:\/\/naturalsoap.lv\/en\/#organization"},"potentialAction":[{"@type":"SearchAction","target":{"@type":"EntryPoint","urlTemplate":"https:\/\/naturalsoap.lv\/en\/?s={search_term_string}"},"query-input":{"@type":"PropertyValueSpecification","valueRequired":true,"valueName":"search_term_string"}}],"inLanguage":"lv-LV"},{"@type":"Organization","@id":"https:\/\/naturalsoap.lv\/en\/#organization","name":"NATURAL SOAP","url":"https:\/\/naturalsoap.lv\/en\/","logo":{"@type":"ImageObject","inLanguage":"lv-LV","@id":"https:\/\/naturalsoap.lv\/en\/#\/schema\/logo\/image\/","url":"https:\/\/naturalsoap.lv\/wp-content\/uploads\/2024\/05\/Logo.svg","contentUrl":"https:\/\/naturalsoap.lv\/wp-content\/uploads\/2024\/05\/Logo.svg","width":125,"height":34,"caption":"NATURAL SOAP"},"image":{"@id":"https:\/\/naturalsoap.lv\/en\/#\/schema\/logo\/image\/"}}]}},"_links":{"self":[{"href":"https:\/\/naturalsoap.lv\/lv\/wp-json\/wp\/v2\/product\/14496","targetHints":{"allow":["GET"]}}],"collection":[{"href":"https:\/\/naturalsoap.lv\/lv\/wp-json\/wp\/v2\/product"}],"about":[{"href":"https:\/\/naturalsoap.lv\/lv\/wp-json\/wp\/v2\/types\/product"}],"wp:featuredmedia":[{"embeddable":true,"href":"https:\/\/naturalsoap.lv\/lv\/wp-json\/wp\/v2\/media\/14497"}],"wp:attachment":[{"href":"https:\/\/naturalsoap.lv\/lv\/wp-json\/wp\/v2\/media?parent=14496"}],"wp:term":[{"taxonomy":"product_brand","embeddable":true,"href":"https:\/\/naturalsoap.lv\/lv\/wp-json\/wp\/v2\/product_brand?post=14496"},{"taxonomy":"product_cat","embeddable":true,"href":"https:\/\/naturalsoap.lv\/lv\/wp-json\/wp\/v2\/product_cat?post=14496"},{"taxonomy":"product_tag","embeddable":true,"href":"https:\/\/naturalsoap.lv\/lv\/wp-json\/wp\/v2\/product_tag?post=14496"}],"curies":[{"name":"wp","href":"https:\/\/api.w.org\/{rel}","templated":true}]}}