{"id":14486,"date":"2024-05-30T06:54:46","date_gmt":"2024-05-30T06:54:46","guid":{"rendered":"https:\/\/321.optimum.lv\/product\/grape-soap-2\/"},"modified":"2025-04-15T12:00:51","modified_gmt":"2025-04-15T12:00:51","slug":"grape-soap-2","status":"publish","type":"product","link":"https:\/\/naturalsoap.lv\/lv\/shop\/soap\/grape-soap-2\/","title":{"rendered":"ZIEPES &#8216;GRAPE&#8217;, 100gr"},"content":{"rendered":"<p>Veg\u0101ns. Izgatavots no dab\u012bg\u0101m sast\u0101vda\u013c\u0101m.<\/p>\n<p>Ar saldsk\u0101bo v\u012bnogu arom\u0101tu.<\/p>","protected":false},"excerpt":{"rendered":"<p>INCI: Aqua, Sodium Palmate, Glycerin, Propylene Glycol, Sorbitol, Sodium palm kernelate, Sodium coco-sulfate, Cocamidopropyl betaine, Parfum, Stearic Acid, Sodium silicate, CI 77891, CI 19140, CI 11680, CI 12490, Hexyl Cinnamic Aldehyde Alpha, Linalool<\/p>\n<p>Ra\u017eot\u0101js: SIA GARTDA, Alejas iela 73, Daugavpils, LV-5401, Latvija, T. +371 65420849, <a href=\"mailto:info@gartda.lv\">info@gartda.lv<\/a><\/p>\n","protected":false},"featured_media":14487,"template":"","meta":[],"product_brand":[],"product_cat":[488],"product_tag":[],"class_list":{"0":"post-14486","1":"product","2":"type-product","3":"status-publish","4":"has-post-thumbnail","6":"product_cat-soap","7":"pa_box-bez-davanu-kastites","8":"pa_box-davanu-kastite","10":"first","11":"instock","12":"taxable","13":"shipping-taxable","14":"purchasable","15":"product-type-variable"},"yoast_head":"<!-- This site is optimized with the Yoast SEO Premium plugin v22.6 (Yoast SEO v27.1.1) - https:\/\/yoast.com\/product\/yoast-seo-premium-wordpress\/ -->\n<title>GRAPE SOAPZIEPES &#039;GRAPE&#039;, 100gr - NATURAL SOAP<\/title>\n<meta name=\"description\" content=\"GRAPE SOAP. With grapeseed oil and sweet and sour grape aroma. Handcrafted soap. Natural soap. Handmade soap.\" \/>\n<meta name=\"robots\" content=\"index, follow, max-snippet:-1, max-image-preview:large, max-video-preview:-1\" \/>\n<link rel=\"canonical\" href=\"https:\/\/naturalsoap.lv\/shop\/soap\/grape-soap-2\/\" \/>\n<meta property=\"og:locale\" content=\"lv_LV\" \/>\n<meta property=\"og:type\" content=\"article\" \/>\n<meta property=\"og:title\" content=\"[:lv]ZIEPES &#039;GRAPE&#039;, 100gr[:en]GRAPE SOAP, 100gr[:de]SEIFE &#039;GRAPE&#039;, 100gr[:ru]\u041c\u042b\u041b\u041e &#039;GRAPE&#039;, 100gr[:]\" \/>\n<meta property=\"og:description\" content=\"GRAPE SOAP. With grapeseed oil and sweet and sour grape aroma. Handcrafted soap. Natural soap. Handmade soap.\" \/>\n<meta property=\"og:url\" content=\"https:\/\/naturalsoap.lv\/shop\/soap\/grape-soap-2\/\" \/>\n<meta property=\"og:site_name\" content=\"NATURAL SOAP\" \/>\n<meta property=\"article:modified_time\" content=\"2025-04-15T12:00:51+00:00\" \/>\n<meta property=\"og:image\" content=\"https:\/\/naturalsoap.lv\/wp-content\/uploads\/2024\/05\/7266b6967bfa1bc672c6493af251ac12_1692088560.jpeg\" \/>\n\t<meta property=\"og:image:width\" content=\"750\" \/>\n\t<meta property=\"og:image:height\" content=\"500\" \/>\n\t<meta property=\"og:image:type\" content=\"image\/jpeg\" \/>\n<meta name=\"twitter:card\" content=\"summary_large_image\" \/>\n<meta name=\"twitter:label1\" content=\"Est. reading time\" \/>\n\t<meta name=\"twitter:data1\" content=\"1 minute\" \/>\n<script type=\"application\/ld+json\" class=\"yoast-schema-graph\">{\"@context\":\"https:\/\/schema.org\",\"@graph\":[{\"@type\":\"WebPage\",\"@id\":\"https:\/\/naturalsoap.lv\/shop\/soap\/grape-soap-2\/\",\"url\":\"https:\/\/naturalsoap.lv\/shop\/soap\/grape-soap-2\/\",\"name\":\"GRAPE SOAP[:lv]ZIEPES 'GRAPE', 100gr[:en]GRAPE SOAP, 100gr[:de]SEIFE 'GRAPE', 100gr[:ru]\u041c\u042b\u041b\u041e 'GRAPE', 100gr[:] - NATURAL SOAP\",\"isPartOf\":{\"@id\":\"https:\/\/naturalsoap.lv\/#website\"},\"primaryImageOfPage\":{\"@id\":\"https:\/\/naturalsoap.lv\/shop\/soap\/grape-soap-2\/#primaryimage\"},\"image\":{\"@id\":\"https:\/\/naturalsoap.lv\/shop\/soap\/grape-soap-2\/#primaryimage\"},\"thumbnailUrl\":\"https:\/\/naturalsoap.lv\/wp-content\/uploads\/2024\/05\/7266b6967bfa1bc672c6493af251ac12_1692088560.jpeg\",\"datePublished\":\"2024-05-30T06:54:46+00:00\",\"dateModified\":\"2025-04-15T12:00:51+00:00\",\"description\":\"GRAPE SOAP. With grapeseed oil and sweet and sour grape aroma. Handcrafted soap. Natural soap. Handmade soap.\",\"breadcrumb\":{\"@id\":\"https:\/\/naturalsoap.lv\/shop\/soap\/grape-soap-2\/#breadcrumb\"},\"inLanguage\":\"lv-LV\",\"potentialAction\":[{\"@type\":\"ReadAction\",\"target\":[\"https:\/\/naturalsoap.lv\/shop\/soap\/grape-soap-2\/\"]}]},{\"@type\":\"ImageObject\",\"inLanguage\":\"lv-LV\",\"@id\":\"https:\/\/naturalsoap.lv\/shop\/soap\/grape-soap-2\/#primaryimage\",\"url\":\"https:\/\/naturalsoap.lv\/wp-content\/uploads\/2024\/05\/7266b6967bfa1bc672c6493af251ac12_1692088560.jpeg\",\"contentUrl\":\"https:\/\/naturalsoap.lv\/wp-content\/uploads\/2024\/05\/7266b6967bfa1bc672c6493af251ac12_1692088560.jpeg\",\"width\":750,\"height\":500,\"caption\":\"GRAPE SOAP, 100gr\"},{\"@type\":\"BreadcrumbList\",\"@id\":\"https:\/\/naturalsoap.lv\/shop\/soap\/grape-soap-2\/#breadcrumb\",\"itemListElement\":[{\"@type\":\"ListItem\",\"position\":1,\"name\":\"Home\",\"item\":\"https:\/\/naturalsoap.lv\/\"},{\"@type\":\"ListItem\",\"position\":2,\"name\":\"Einkaufen\",\"item\":\"https:\/\/naturalsoap.lv\/de\/shop\/\"},{\"@type\":\"ListItem\",\"position\":3,\"name\":\"ZIEPES &#8216;GRAPE&#8217;, 100gr\"}]},{\"@type\":\"WebSite\",\"@id\":\"https:\/\/naturalsoap.lv\/#website\",\"url\":\"https:\/\/naturalsoap.lv\/\",\"name\":\"NATURAL SOAP\",\"description\":\"Kosm\u0113tika vannai un du\u0161ai. Roku darbs.\",\"publisher\":{\"@id\":\"https:\/\/naturalsoap.lv\/#organization\"},\"potentialAction\":[{\"@type\":\"SearchAction\",\"target\":{\"@type\":\"EntryPoint\",\"urlTemplate\":\"https:\/\/naturalsoap.lv\/?s={search_term_string}\"},\"query-input\":{\"@type\":\"PropertyValueSpecification\",\"valueRequired\":true,\"valueName\":\"search_term_string\"}}],\"inLanguage\":\"lv-LV\"},{\"@type\":\"Organization\",\"@id\":\"https:\/\/naturalsoap.lv\/#organization\",\"name\":\"NATURAL SOAP\",\"url\":\"https:\/\/naturalsoap.lv\/\",\"logo\":{\"@type\":\"ImageObject\",\"inLanguage\":\"lv-LV\",\"@id\":\"https:\/\/naturalsoap.lv\/#\/schema\/logo\/image\/\",\"url\":\"https:\/\/naturalsoap.lv\/wp-content\/uploads\/2024\/05\/Logo.svg\",\"contentUrl\":\"https:\/\/naturalsoap.lv\/wp-content\/uploads\/2024\/05\/Logo.svg\",\"width\":125,\"height\":34,\"caption\":\"NATURAL SOAP\"},\"image\":{\"@id\":\"https:\/\/naturalsoap.lv\/#\/schema\/logo\/image\/\"}}]}<\/script>\n<!-- \/ Yoast SEO Premium plugin. -->","yoast_head_json":{"title":"GRAPE SOAP[:lv]ZIEPES 'GRAPE', 100gr[:en]GRAPE SOAP, 100gr[:de]SEIFE 'GRAPE', 100gr[:ru]\u041c\u042b\u041b\u041e 'GRAPE', 100gr[:] - NATURAL SOAP","description":"GRAPE SOAP. With grapeseed oil and sweet and sour grape aroma. Handcrafted soap. Natural soap. Handmade soap.","robots":{"index":"index","follow":"follow","max-snippet":"max-snippet:-1","max-image-preview":"max-image-preview:large","max-video-preview":"max-video-preview:-1"},"canonical":"https:\/\/naturalsoap.lv\/shop\/soap\/grape-soap-2\/","og_locale":"lv_LV","og_type":"article","og_title":"[:lv]ZIEPES 'GRAPE', 100gr[:en]GRAPE SOAP, 100gr[:de]SEIFE 'GRAPE', 100gr[:ru]\u041c\u042b\u041b\u041e 'GRAPE', 100gr[:]","og_description":"GRAPE SOAP. With grapeseed oil and sweet and sour grape aroma. Handcrafted soap. Natural soap. Handmade soap.","og_url":"https:\/\/naturalsoap.lv\/shop\/soap\/grape-soap-2\/","og_site_name":"NATURAL SOAP","article_modified_time":"2025-04-15T12:00:51+00:00","og_image":[{"width":750,"height":500,"url":"https:\/\/naturalsoap.lv\/wp-content\/uploads\/2024\/05\/7266b6967bfa1bc672c6493af251ac12_1692088560.jpeg","type":"image\/jpeg"}],"twitter_card":"summary_large_image","twitter_misc":{"Est. reading time":"1 minute"},"schema":{"@context":"https:\/\/schema.org","@graph":[{"@type":"WebPage","@id":"https:\/\/naturalsoap.lv\/shop\/soap\/grape-soap-2\/","url":"https:\/\/naturalsoap.lv\/shop\/soap\/grape-soap-2\/","name":"GRAPE SOAP[:lv]ZIEPES 'GRAPE', 100gr[:en]GRAPE SOAP, 100gr[:de]SEIFE 'GRAPE', 100gr[:ru]\u041c\u042b\u041b\u041e 'GRAPE', 100gr[:] - NATURAL SOAP","isPartOf":{"@id":"https:\/\/naturalsoap.lv\/#website"},"primaryImageOfPage":{"@id":"https:\/\/naturalsoap.lv\/shop\/soap\/grape-soap-2\/#primaryimage"},"image":{"@id":"https:\/\/naturalsoap.lv\/shop\/soap\/grape-soap-2\/#primaryimage"},"thumbnailUrl":"https:\/\/naturalsoap.lv\/wp-content\/uploads\/2024\/05\/7266b6967bfa1bc672c6493af251ac12_1692088560.jpeg","datePublished":"2024-05-30T06:54:46+00:00","dateModified":"2025-04-15T12:00:51+00:00","description":"GRAPE SOAP. With grapeseed oil and sweet and sour grape aroma. Handcrafted soap. Natural soap. Handmade soap.","breadcrumb":{"@id":"https:\/\/naturalsoap.lv\/shop\/soap\/grape-soap-2\/#breadcrumb"},"inLanguage":"lv-LV","potentialAction":[{"@type":"ReadAction","target":["https:\/\/naturalsoap.lv\/shop\/soap\/grape-soap-2\/"]}]},{"@type":"ImageObject","inLanguage":"lv-LV","@id":"https:\/\/naturalsoap.lv\/shop\/soap\/grape-soap-2\/#primaryimage","url":"https:\/\/naturalsoap.lv\/wp-content\/uploads\/2024\/05\/7266b6967bfa1bc672c6493af251ac12_1692088560.jpeg","contentUrl":"https:\/\/naturalsoap.lv\/wp-content\/uploads\/2024\/05\/7266b6967bfa1bc672c6493af251ac12_1692088560.jpeg","width":750,"height":500,"caption":"GRAPE SOAP, 100gr"},{"@type":"BreadcrumbList","@id":"https:\/\/naturalsoap.lv\/shop\/soap\/grape-soap-2\/#breadcrumb","itemListElement":[{"@type":"ListItem","position":1,"name":"Home","item":"https:\/\/naturalsoap.lv\/"},{"@type":"ListItem","position":2,"name":"Einkaufen","item":"https:\/\/naturalsoap.lv\/de\/shop\/"},{"@type":"ListItem","position":3,"name":"ZIEPES &#8216;GRAPE&#8217;, 100gr"}]},{"@type":"WebSite","@id":"https:\/\/naturalsoap.lv\/#website","url":"https:\/\/naturalsoap.lv\/","name":"NATURAL SOAP","description":"Kosm\u0113tika vannai un du\u0161ai. Roku darbs.","publisher":{"@id":"https:\/\/naturalsoap.lv\/#organization"},"potentialAction":[{"@type":"SearchAction","target":{"@type":"EntryPoint","urlTemplate":"https:\/\/naturalsoap.lv\/?s={search_term_string}"},"query-input":{"@type":"PropertyValueSpecification","valueRequired":true,"valueName":"search_term_string"}}],"inLanguage":"lv-LV"},{"@type":"Organization","@id":"https:\/\/naturalsoap.lv\/#organization","name":"NATURAL SOAP","url":"https:\/\/naturalsoap.lv\/","logo":{"@type":"ImageObject","inLanguage":"lv-LV","@id":"https:\/\/naturalsoap.lv\/#\/schema\/logo\/image\/","url":"https:\/\/naturalsoap.lv\/wp-content\/uploads\/2024\/05\/Logo.svg","contentUrl":"https:\/\/naturalsoap.lv\/wp-content\/uploads\/2024\/05\/Logo.svg","width":125,"height":34,"caption":"NATURAL SOAP"},"image":{"@id":"https:\/\/naturalsoap.lv\/#\/schema\/logo\/image\/"}}]}},"_links":{"self":[{"href":"https:\/\/naturalsoap.lv\/lv\/wp-json\/wp\/v2\/product\/14486","targetHints":{"allow":["GET"]}}],"collection":[{"href":"https:\/\/naturalsoap.lv\/lv\/wp-json\/wp\/v2\/product"}],"about":[{"href":"https:\/\/naturalsoap.lv\/lv\/wp-json\/wp\/v2\/types\/product"}],"wp:featuredmedia":[{"embeddable":true,"href":"https:\/\/naturalsoap.lv\/lv\/wp-json\/wp\/v2\/media\/14487"}],"wp:attachment":[{"href":"https:\/\/naturalsoap.lv\/lv\/wp-json\/wp\/v2\/media?parent=14486"}],"wp:term":[{"taxonomy":"product_brand","embeddable":true,"href":"https:\/\/naturalsoap.lv\/lv\/wp-json\/wp\/v2\/product_brand?post=14486"},{"taxonomy":"product_cat","embeddable":true,"href":"https:\/\/naturalsoap.lv\/lv\/wp-json\/wp\/v2\/product_cat?post=14486"},{"taxonomy":"product_tag","embeddable":true,"href":"https:\/\/naturalsoap.lv\/lv\/wp-json\/wp\/v2\/product_tag?post=14486"}],"curies":[{"name":"wp","href":"https:\/\/api.w.org\/{rel}","templated":true}]}}