{"id":14483,"date":"2024-05-30T06:54:08","date_gmt":"2024-05-30T06:54:08","guid":{"rendered":"https:\/\/321.optimum.lv\/product\/goats-milk-soap-2\/"},"modified":"2025-04-15T12:18:59","modified_gmt":"2025-04-15T12:18:59","slug":"goats-milk-soap-2","status":"publish","type":"product","link":"https:\/\/naturalsoap.lv\/lv\/shop\/soap\/goats-milk-soap-2\/","title":{"rendered":"ZIEPES &#8216;GOATS MILK&#8217;, 100gr"},"content":{"rendered":"<p>LS free. Ar kazas pienu, kokosriekstu e\u013c\u013cu, ar vieglu piena arom\u0101tu.<\/p>\n<p>Kazas piena ziepes atkal aizkav\u0113 \u0101das paz\u012bmes, jo taj\u0101s ir augsts alfa-hidroksi sk\u0101bju, piem\u0113ram, piensk\u0101bes, saturs. Alfa-hidroksi sk\u0101bes no\u0101rda atmiru\u0161\u0101s \u0101das \u0161\u016bnu saites, no\u0146emot atmiru\u0161\u0101s \u0101das \u0161\u016bnas no \u0101das virsmas un atst\u0101jot uz virsmas jaunas \u0161\u016bnas, kas izskat\u0101s glud\u0101kas un jaunekl\u012bg\u0101kas.<\/p>","protected":false},"excerpt":{"rendered":"<p>INCI: Aqua, Glycerin, Propylene Glycol, Stearic Acid, Sodium Laureth Sulfate, Lauric Acid, Sodium Hydroxide, Sorbitol, Caprae Lac, Sodium Chloride, Cocos Nucifera Oil, Sodium Thiosulfate, Etidronic Acid, CI 77891, Benzyl Benzoate, Citrus Aurantium Bergamia Peel Oil, Citrus Aurantium Peel Oil, Hexamethylindanopyran, Hydroxycitronellal, Tetramethyl acetyloctahydronaphthalenes<\/p>\n<p>Ra\u017eot\u0101js: SIA GARTDA, Alejas iela 73, Daugavpils, LV-5401, Latvija, T. +371 65420849, <a href=\"mailto:info@gartda.lv\">info@gartda.lv<\/a><\/p>\n","protected":false},"featured_media":14484,"template":"","meta":[],"product_brand":[],"product_cat":[488],"product_tag":[],"class_list":{"0":"post-14483","1":"product","2":"type-product","3":"status-publish","4":"has-post-thumbnail","6":"product_cat-soap","7":"pa_box-bez-davanu-kastites","8":"pa_box-davanu-kastite","10":"first","11":"instock","12":"taxable","13":"shipping-taxable","14":"purchasable","15":"product-type-variable"},"yoast_head":"<!-- This site is optimized with the Yoast SEO Premium plugin v22.6 (Yoast SEO v27.1.1) - https:\/\/yoast.com\/product\/yoast-seo-premium-wordpress\/ -->\n<title>ZIEPES &#039;GOATS MILK&#039;, 100gr - NATURAL SOAP<\/title>\n<meta name=\"description\" content=\"GOATS MILK SOAP. With goat milk, cocoa butter, without aroma. Goat&#039;s milk soap delays signs of skin. Break down dead skin cell bonds.\" \/>\n<meta name=\"robots\" content=\"index, follow, max-snippet:-1, max-image-preview:large, max-video-preview:-1\" \/>\n<link rel=\"canonical\" href=\"https:\/\/naturalsoap.lv\/shop\/soap\/goats-milk-soap-2\/\" \/>\n<meta property=\"og:locale\" content=\"lv_LV\" \/>\n<meta property=\"og:type\" content=\"article\" \/>\n<meta property=\"og:title\" content=\"[:lv]ZIEPES &#039;GOATS MILK&#039;, 100gr[:en]GOATS MILK SOAP, 100gr[:de]SEIFE &#039;GOATS MILK&#039;, 100gr[:ru]\u041c\u042b\u041b\u041e &#039;GOATS MILK&#039;, 100gr[:]\" \/>\n<meta property=\"og:description\" content=\"GOATS MILK SOAP. With goat milk, cocoa butter, without aroma. Goat&#039;s milk soap delays signs of skin. Break down dead skin cell bonds.\" \/>\n<meta property=\"og:url\" content=\"https:\/\/naturalsoap.lv\/shop\/soap\/goats-milk-soap-2\/\" \/>\n<meta property=\"og:site_name\" content=\"NATURAL SOAP\" \/>\n<meta property=\"article:modified_time\" content=\"2025-04-15T12:18:59+00:00\" \/>\n<meta property=\"og:image\" content=\"https:\/\/naturalsoap.lv\/wp-content\/uploads\/2024\/05\/a2fc0b353b9e2c259d0838e31693ec1b_1692088555.jpeg\" \/>\n\t<meta property=\"og:image:width\" content=\"750\" \/>\n\t<meta property=\"og:image:height\" content=\"500\" \/>\n\t<meta property=\"og:image:type\" content=\"image\/jpeg\" \/>\n<meta name=\"twitter:card\" content=\"summary_large_image\" \/>\n<meta name=\"twitter:label1\" content=\"Est. reading time\" \/>\n\t<meta name=\"twitter:data1\" content=\"1 minute\" \/>\n<script type=\"application\/ld+json\" class=\"yoast-schema-graph\">{\"@context\":\"https:\/\/schema.org\",\"@graph\":[{\"@type\":\"WebPage\",\"@id\":\"https:\/\/naturalsoap.lv\/shop\/soap\/goats-milk-soap-2\/\",\"url\":\"https:\/\/naturalsoap.lv\/shop\/soap\/goats-milk-soap-2\/\",\"name\":\"[:lv]ZIEPES 'GOATS MILK', 100gr[:en]GOATS MILK SOAP, 100gr[:de]SEIFE 'GOATS MILK', 100gr[:ru]\u041c\u042b\u041b\u041e 'GOATS MILK', 100gr[:] - NATURAL SOAP\",\"isPartOf\":{\"@id\":\"https:\/\/naturalsoap.lv\/#website\"},\"primaryImageOfPage\":{\"@id\":\"https:\/\/naturalsoap.lv\/shop\/soap\/goats-milk-soap-2\/#primaryimage\"},\"image\":{\"@id\":\"https:\/\/naturalsoap.lv\/shop\/soap\/goats-milk-soap-2\/#primaryimage\"},\"thumbnailUrl\":\"https:\/\/naturalsoap.lv\/wp-content\/uploads\/2024\/05\/a2fc0b353b9e2c259d0838e31693ec1b_1692088555.jpeg\",\"datePublished\":\"2024-05-30T06:54:08+00:00\",\"dateModified\":\"2025-04-15T12:18:59+00:00\",\"description\":\"GOATS MILK SOAP. With goat milk, cocoa butter, without aroma. Goat's milk soap delays signs of skin. Break down dead skin cell bonds.\",\"breadcrumb\":{\"@id\":\"https:\/\/naturalsoap.lv\/shop\/soap\/goats-milk-soap-2\/#breadcrumb\"},\"inLanguage\":\"lv-LV\",\"potentialAction\":[{\"@type\":\"ReadAction\",\"target\":[\"https:\/\/naturalsoap.lv\/shop\/soap\/goats-milk-soap-2\/\"]}]},{\"@type\":\"ImageObject\",\"inLanguage\":\"lv-LV\",\"@id\":\"https:\/\/naturalsoap.lv\/shop\/soap\/goats-milk-soap-2\/#primaryimage\",\"url\":\"https:\/\/naturalsoap.lv\/wp-content\/uploads\/2024\/05\/a2fc0b353b9e2c259d0838e31693ec1b_1692088555.jpeg\",\"contentUrl\":\"https:\/\/naturalsoap.lv\/wp-content\/uploads\/2024\/05\/a2fc0b353b9e2c259d0838e31693ec1b_1692088555.jpeg\",\"width\":750,\"height\":500,\"caption\":\"GOATS MILK SOAP, 100gr\"},{\"@type\":\"BreadcrumbList\",\"@id\":\"https:\/\/naturalsoap.lv\/shop\/soap\/goats-milk-soap-2\/#breadcrumb\",\"itemListElement\":[{\"@type\":\"ListItem\",\"position\":1,\"name\":\"Home\",\"item\":\"https:\/\/naturalsoap.lv\/\"},{\"@type\":\"ListItem\",\"position\":2,\"name\":\"Einkaufen\",\"item\":\"https:\/\/naturalsoap.lv\/de\/shop\/\"},{\"@type\":\"ListItem\",\"position\":3,\"name\":\"ZIEPES &#8216;GOATS MILK&#8217;, 100gr\"}]},{\"@type\":\"WebSite\",\"@id\":\"https:\/\/naturalsoap.lv\/#website\",\"url\":\"https:\/\/naturalsoap.lv\/\",\"name\":\"NATURAL SOAP\",\"description\":\"Kosm\u0113tika vannai un du\u0161ai. Roku darbs.\",\"publisher\":{\"@id\":\"https:\/\/naturalsoap.lv\/#organization\"},\"potentialAction\":[{\"@type\":\"SearchAction\",\"target\":{\"@type\":\"EntryPoint\",\"urlTemplate\":\"https:\/\/naturalsoap.lv\/?s={search_term_string}\"},\"query-input\":{\"@type\":\"PropertyValueSpecification\",\"valueRequired\":true,\"valueName\":\"search_term_string\"}}],\"inLanguage\":\"lv-LV\"},{\"@type\":\"Organization\",\"@id\":\"https:\/\/naturalsoap.lv\/#organization\",\"name\":\"NATURAL SOAP\",\"url\":\"https:\/\/naturalsoap.lv\/\",\"logo\":{\"@type\":\"ImageObject\",\"inLanguage\":\"lv-LV\",\"@id\":\"https:\/\/naturalsoap.lv\/#\/schema\/logo\/image\/\",\"url\":\"https:\/\/naturalsoap.lv\/wp-content\/uploads\/2024\/05\/Logo.svg\",\"contentUrl\":\"https:\/\/naturalsoap.lv\/wp-content\/uploads\/2024\/05\/Logo.svg\",\"width\":125,\"height\":34,\"caption\":\"NATURAL SOAP\"},\"image\":{\"@id\":\"https:\/\/naturalsoap.lv\/#\/schema\/logo\/image\/\"}}]}<\/script>\n<!-- \/ Yoast SEO Premium plugin. -->","yoast_head_json":{"title":"[:lv]ZIEPES 'GOATS MILK', 100gr[:en]GOATS MILK SOAP, 100gr[:de]SEIFE 'GOATS MILK', 100gr[:ru]\u041c\u042b\u041b\u041e 'GOATS MILK', 100gr[:] - NATURAL SOAP","description":"GOATS MILK SOAP. With goat milk, cocoa butter, without aroma. Goat's milk soap delays signs of skin. Break down dead skin cell bonds.","robots":{"index":"index","follow":"follow","max-snippet":"max-snippet:-1","max-image-preview":"max-image-preview:large","max-video-preview":"max-video-preview:-1"},"canonical":"https:\/\/naturalsoap.lv\/shop\/soap\/goats-milk-soap-2\/","og_locale":"lv_LV","og_type":"article","og_title":"[:lv]ZIEPES 'GOATS MILK', 100gr[:en]GOATS MILK SOAP, 100gr[:de]SEIFE 'GOATS MILK', 100gr[:ru]\u041c\u042b\u041b\u041e 'GOATS MILK', 100gr[:]","og_description":"GOATS MILK SOAP. With goat milk, cocoa butter, without aroma. Goat's milk soap delays signs of skin. Break down dead skin cell bonds.","og_url":"https:\/\/naturalsoap.lv\/shop\/soap\/goats-milk-soap-2\/","og_site_name":"NATURAL SOAP","article_modified_time":"2025-04-15T12:18:59+00:00","og_image":[{"width":750,"height":500,"url":"https:\/\/naturalsoap.lv\/wp-content\/uploads\/2024\/05\/a2fc0b353b9e2c259d0838e31693ec1b_1692088555.jpeg","type":"image\/jpeg"}],"twitter_card":"summary_large_image","twitter_misc":{"Est. reading time":"1 minute"},"schema":{"@context":"https:\/\/schema.org","@graph":[{"@type":"WebPage","@id":"https:\/\/naturalsoap.lv\/shop\/soap\/goats-milk-soap-2\/","url":"https:\/\/naturalsoap.lv\/shop\/soap\/goats-milk-soap-2\/","name":"[:lv]ZIEPES 'GOATS MILK', 100gr[:en]GOATS MILK SOAP, 100gr[:de]SEIFE 'GOATS MILK', 100gr[:ru]\u041c\u042b\u041b\u041e 'GOATS MILK', 100gr[:] - NATURAL SOAP","isPartOf":{"@id":"https:\/\/naturalsoap.lv\/#website"},"primaryImageOfPage":{"@id":"https:\/\/naturalsoap.lv\/shop\/soap\/goats-milk-soap-2\/#primaryimage"},"image":{"@id":"https:\/\/naturalsoap.lv\/shop\/soap\/goats-milk-soap-2\/#primaryimage"},"thumbnailUrl":"https:\/\/naturalsoap.lv\/wp-content\/uploads\/2024\/05\/a2fc0b353b9e2c259d0838e31693ec1b_1692088555.jpeg","datePublished":"2024-05-30T06:54:08+00:00","dateModified":"2025-04-15T12:18:59+00:00","description":"GOATS MILK SOAP. With goat milk, cocoa butter, without aroma. Goat's milk soap delays signs of skin. Break down dead skin cell bonds.","breadcrumb":{"@id":"https:\/\/naturalsoap.lv\/shop\/soap\/goats-milk-soap-2\/#breadcrumb"},"inLanguage":"lv-LV","potentialAction":[{"@type":"ReadAction","target":["https:\/\/naturalsoap.lv\/shop\/soap\/goats-milk-soap-2\/"]}]},{"@type":"ImageObject","inLanguage":"lv-LV","@id":"https:\/\/naturalsoap.lv\/shop\/soap\/goats-milk-soap-2\/#primaryimage","url":"https:\/\/naturalsoap.lv\/wp-content\/uploads\/2024\/05\/a2fc0b353b9e2c259d0838e31693ec1b_1692088555.jpeg","contentUrl":"https:\/\/naturalsoap.lv\/wp-content\/uploads\/2024\/05\/a2fc0b353b9e2c259d0838e31693ec1b_1692088555.jpeg","width":750,"height":500,"caption":"GOATS MILK SOAP, 100gr"},{"@type":"BreadcrumbList","@id":"https:\/\/naturalsoap.lv\/shop\/soap\/goats-milk-soap-2\/#breadcrumb","itemListElement":[{"@type":"ListItem","position":1,"name":"Home","item":"https:\/\/naturalsoap.lv\/"},{"@type":"ListItem","position":2,"name":"Einkaufen","item":"https:\/\/naturalsoap.lv\/de\/shop\/"},{"@type":"ListItem","position":3,"name":"ZIEPES &#8216;GOATS MILK&#8217;, 100gr"}]},{"@type":"WebSite","@id":"https:\/\/naturalsoap.lv\/#website","url":"https:\/\/naturalsoap.lv\/","name":"NATURAL SOAP","description":"Kosm\u0113tika vannai un du\u0161ai. Roku darbs.","publisher":{"@id":"https:\/\/naturalsoap.lv\/#organization"},"potentialAction":[{"@type":"SearchAction","target":{"@type":"EntryPoint","urlTemplate":"https:\/\/naturalsoap.lv\/?s={search_term_string}"},"query-input":{"@type":"PropertyValueSpecification","valueRequired":true,"valueName":"search_term_string"}}],"inLanguage":"lv-LV"},{"@type":"Organization","@id":"https:\/\/naturalsoap.lv\/#organization","name":"NATURAL SOAP","url":"https:\/\/naturalsoap.lv\/","logo":{"@type":"ImageObject","inLanguage":"lv-LV","@id":"https:\/\/naturalsoap.lv\/#\/schema\/logo\/image\/","url":"https:\/\/naturalsoap.lv\/wp-content\/uploads\/2024\/05\/Logo.svg","contentUrl":"https:\/\/naturalsoap.lv\/wp-content\/uploads\/2024\/05\/Logo.svg","width":125,"height":34,"caption":"NATURAL SOAP"},"image":{"@id":"https:\/\/naturalsoap.lv\/#\/schema\/logo\/image\/"}}]}},"_links":{"self":[{"href":"https:\/\/naturalsoap.lv\/lv\/wp-json\/wp\/v2\/product\/14483","targetHints":{"allow":["GET"]}}],"collection":[{"href":"https:\/\/naturalsoap.lv\/lv\/wp-json\/wp\/v2\/product"}],"about":[{"href":"https:\/\/naturalsoap.lv\/lv\/wp-json\/wp\/v2\/types\/product"}],"wp:featuredmedia":[{"embeddable":true,"href":"https:\/\/naturalsoap.lv\/lv\/wp-json\/wp\/v2\/media\/14484"}],"wp:attachment":[{"href":"https:\/\/naturalsoap.lv\/lv\/wp-json\/wp\/v2\/media?parent=14483"}],"wp:term":[{"taxonomy":"product_brand","embeddable":true,"href":"https:\/\/naturalsoap.lv\/lv\/wp-json\/wp\/v2\/product_brand?post=14483"},{"taxonomy":"product_cat","embeddable":true,"href":"https:\/\/naturalsoap.lv\/lv\/wp-json\/wp\/v2\/product_cat?post=14483"},{"taxonomy":"product_tag","embeddable":true,"href":"https:\/\/naturalsoap.lv\/lv\/wp-json\/wp\/v2\/product_tag?post=14483"}],"curies":[{"name":"wp","href":"https:\/\/api.w.org\/{rel}","templated":true}]}}