{"id":14431,"date":"2024-05-30T06:53:15","date_gmt":"2024-05-30T06:53:15","guid":{"rendered":"https:\/\/321.optimum.lv\/product\/citruss-loofah-soap-2\/"},"modified":"2025-02-26T10:08:25","modified_gmt":"2025-02-26T10:08:25","slug":"citruss-loofah-soap-2","status":"publish","type":"product","link":"https:\/\/naturalsoap.lv\/lv\/shop\/soap\/citruss-loofah-soap-2\/","title":{"rendered":"ZIEPES &#8216;CITRUSS LOOFAH&#8217;, 100gr"},"content":{"rendered":"<p>Veg\u0101ns. Lieliskas puto\u0161anas \u012bpa\u0161\u012bbas. Ar saldo mande\u013cu e\u013c\u013cu.<\/p>\n<p>Dabisk\u0101s lufas \u0161\u0137iedras papildina ziepju att\u012bro\u0161\u0101s \u012bpa\u0161\u012bbas, g\u0101d\u0101jot par tavas \u0101das gludumu.<\/p>","protected":false},"excerpt":{"rendered":"<p>INCI: Aqua, Propylene Glycol, Stearic Acid, Sorbitol, Sodium Laureth Sulfate, Sucrose, Lauric Acid, Glycerin, Sodium Hydroxide, Parfum, Luffa Cylindrica Fruit, Prunus Amygdalus Dulcis Oil, Sodium Chloride, Sodium Thiosulphate, Etidronic Acid, CI 19140, CI 77891, Benzyl Benzoate, Limonene<\/p>\n","protected":false},"featured_media":14469,"template":"","meta":[],"product_brand":[],"product_cat":[488],"product_tag":[],"class_list":{"0":"post-14431","1":"product","2":"type-product","3":"status-publish","4":"has-post-thumbnail","6":"product_cat-soap","7":"pa_box-bez-davanu-kastites","8":"pa_box-davanu-kastite","10":"first","11":"instock","12":"taxable","13":"shipping-taxable","14":"purchasable","15":"product-type-variable","16":"has-default-attributes"},"yoast_head":"<!-- This site is optimized with the Yoast SEO Premium plugin v22.6 (Yoast SEO v27.3) - https:\/\/yoast.com\/product\/yoast-seo-premium-wordpress\/ -->\n<title>ZIEPES &#039;CITRUSS LOOFAH&#039;, 100gr - NATURAL SOAP<\/title>\n<meta name=\"description\" content=\"CITRUSS LOOFAH SOAP. With olive oil. With the scent of citrus fruits. Using a loofah is one of the best things you can do for your skin.\" \/>\n<meta name=\"robots\" content=\"index, follow, max-snippet:-1, max-image-preview:large, max-video-preview:-1\" \/>\n<link rel=\"canonical\" href=\"https:\/\/naturalsoap.lv\/lv\/shop\/soap\/citruss-loofah-soap-2\/\" \/>\n<meta property=\"og:locale\" content=\"lv_LV\" \/>\n<meta property=\"og:type\" content=\"article\" \/>\n<meta property=\"og:title\" content=\"[:lv]ZIEPES &#039;CITRUSS LOOFAH&#039;, 100gr[:en]CITRUSS LOOFAH SOAP, 100gr[:de]SEIFE &#039;CITRUSS LOOFAH&#039;, 100gr[:ru]\u041c\u042b\u041b\u041e &#039;CITRUSS LOOFAH&#039;, 100gr[:]\" \/>\n<meta property=\"og:description\" content=\"CITRUSS LOOFAH SOAP. With olive oil. With the scent of citrus fruits. Using a loofah is one of the best things you can do for your skin.\" \/>\n<meta property=\"og:url\" content=\"https:\/\/naturalsoap.lv\/lv\/shop\/soap\/citruss-loofah-soap-2\/\" \/>\n<meta property=\"og:site_name\" content=\"NATURAL SOAP\" \/>\n<meta property=\"article:modified_time\" content=\"2025-02-26T10:08:25+00:00\" \/>\n<meta property=\"og:image\" content=\"https:\/\/naturalsoap.lv\/wp-content\/uploads\/2024\/05\/Citrus-loofah_2023_1-scaled-3.jpg\" \/>\n\t<meta property=\"og:image:width\" content=\"2560\" \/>\n\t<meta property=\"og:image:height\" content=\"1685\" \/>\n\t<meta property=\"og:image:type\" content=\"image\/jpeg\" \/>\n<meta name=\"twitter:card\" content=\"summary_large_image\" \/>\n<meta name=\"twitter:label1\" content=\"Est. reading time\" \/>\n\t<meta name=\"twitter:data1\" content=\"1 minute\" \/>\n<script type=\"application\/ld+json\" class=\"yoast-schema-graph\">{\"@context\":\"https:\\\/\\\/schema.org\",\"@graph\":[{\"@type\":\"WebPage\",\"@id\":\"https:\\\/\\\/naturalsoap.lv\\\/lv\\\/shop\\\/soap\\\/citruss-loofah-soap-2\\\/\",\"url\":\"https:\\\/\\\/naturalsoap.lv\\\/lv\\\/shop\\\/soap\\\/citruss-loofah-soap-2\\\/\",\"name\":\"[:lv]ZIEPES 'CITRUSS LOOFAH', 100gr[:en]CITRUSS LOOFAH SOAP, 100gr[:de]SEIFE 'CITRUSS LOOFAH', 100gr[:ru]\u041c\u042b\u041b\u041e 'CITRUSS LOOFAH', 100gr[:] - NATURAL SOAP\",\"isPartOf\":{\"@id\":\"https:\\\/\\\/naturalsoap.lv\\\/en\\\/#website\"},\"primaryImageOfPage\":{\"@id\":\"https:\\\/\\\/naturalsoap.lv\\\/lv\\\/shop\\\/soap\\\/citruss-loofah-soap-2\\\/#primaryimage\"},\"image\":{\"@id\":\"https:\\\/\\\/naturalsoap.lv\\\/lv\\\/shop\\\/soap\\\/citruss-loofah-soap-2\\\/#primaryimage\"},\"thumbnailUrl\":\"https:\\\/\\\/naturalsoap.lv\\\/wp-content\\\/uploads\\\/2024\\\/05\\\/Citrus-loofah_2023_1-scaled-3.jpg\",\"datePublished\":\"2024-05-30T06:53:15+00:00\",\"dateModified\":\"2025-02-26T10:08:25+00:00\",\"description\":\"CITRUSS LOOFAH SOAP. With olive oil. With the scent of citrus fruits. Using a loofah is one of the best things you can do for your skin.\",\"breadcrumb\":{\"@id\":\"https:\\\/\\\/naturalsoap.lv\\\/lv\\\/shop\\\/soap\\\/citruss-loofah-soap-2\\\/#breadcrumb\"},\"inLanguage\":\"lv-LV\",\"potentialAction\":[{\"@type\":\"ReadAction\",\"target\":[\"https:\\\/\\\/naturalsoap.lv\\\/lv\\\/shop\\\/soap\\\/citruss-loofah-soap-2\\\/\"]}]},{\"@type\":\"ImageObject\",\"inLanguage\":\"lv-LV\",\"@id\":\"https:\\\/\\\/naturalsoap.lv\\\/lv\\\/shop\\\/soap\\\/citruss-loofah-soap-2\\\/#primaryimage\",\"url\":\"https:\\\/\\\/naturalsoap.lv\\\/wp-content\\\/uploads\\\/2024\\\/05\\\/Citrus-loofah_2023_1-scaled-3.jpg\",\"contentUrl\":\"https:\\\/\\\/naturalsoap.lv\\\/wp-content\\\/uploads\\\/2024\\\/05\\\/Citrus-loofah_2023_1-scaled-3.jpg\",\"width\":2560,\"height\":1685,\"caption\":\"CITRUSS LOOFAH SOAP\"},{\"@type\":\"BreadcrumbList\",\"@id\":\"https:\\\/\\\/naturalsoap.lv\\\/lv\\\/shop\\\/soap\\\/citruss-loofah-soap-2\\\/#breadcrumb\",\"itemListElement\":[{\"@type\":\"ListItem\",\"position\":1,\"name\":\"Home\",\"item\":\"https:\\\/\\\/naturalsoap.lv\\\/en\\\/\"},{\"@type\":\"ListItem\",\"position\":2,\"name\":\"Shop\",\"item\":\"https:\\\/\\\/naturalsoap.lv\\\/en\\\/shop\\\/\"},{\"@type\":\"ListItem\",\"position\":3,\"name\":\"ZIEPES &#8216;CITRUSS LOOFAH&#8217;, 100gr\"}]},{\"@type\":\"WebSite\",\"@id\":\"https:\\\/\\\/naturalsoap.lv\\\/en\\\/#website\",\"url\":\"https:\\\/\\\/naturalsoap.lv\\\/en\\\/\",\"name\":\"NATURAL SOAP\",\"description\":\"Kosm\u0113tika vannai un du\u0161ai. Roku darbs.\",\"publisher\":{\"@id\":\"https:\\\/\\\/naturalsoap.lv\\\/en\\\/#organization\"},\"potentialAction\":[{\"@type\":\"SearchAction\",\"target\":{\"@type\":\"EntryPoint\",\"urlTemplate\":\"https:\\\/\\\/naturalsoap.lv\\\/en\\\/?s={search_term_string}\"},\"query-input\":{\"@type\":\"PropertyValueSpecification\",\"valueRequired\":true,\"valueName\":\"search_term_string\"}}],\"inLanguage\":\"lv-LV\"},{\"@type\":\"Organization\",\"@id\":\"https:\\\/\\\/naturalsoap.lv\\\/en\\\/#organization\",\"name\":\"NATURAL SOAP\",\"url\":\"https:\\\/\\\/naturalsoap.lv\\\/en\\\/\",\"logo\":{\"@type\":\"ImageObject\",\"inLanguage\":\"lv-LV\",\"@id\":\"https:\\\/\\\/naturalsoap.lv\\\/en\\\/#\\\/schema\\\/logo\\\/image\\\/\",\"url\":\"https:\\\/\\\/naturalsoap.lv\\\/wp-content\\\/uploads\\\/2024\\\/05\\\/Logo.svg\",\"contentUrl\":\"https:\\\/\\\/naturalsoap.lv\\\/wp-content\\\/uploads\\\/2024\\\/05\\\/Logo.svg\",\"width\":125,\"height\":34,\"caption\":\"NATURAL SOAP\"},\"image\":{\"@id\":\"https:\\\/\\\/naturalsoap.lv\\\/en\\\/#\\\/schema\\\/logo\\\/image\\\/\"}}]}<\/script>\n<!-- \/ Yoast SEO Premium plugin. -->","yoast_head_json":{"title":"[:lv]ZIEPES 'CITRUSS LOOFAH', 100gr[:en]CITRUSS LOOFAH SOAP, 100gr[:de]SEIFE 'CITRUSS LOOFAH', 100gr[:ru]\u041c\u042b\u041b\u041e 'CITRUSS LOOFAH', 100gr[:] - NATURAL SOAP","description":"CITRUSS LOOFAH SOAP. With olive oil. With the scent of citrus fruits. Using a loofah is one of the best things you can do for your skin.","robots":{"index":"index","follow":"follow","max-snippet":"max-snippet:-1","max-image-preview":"max-image-preview:large","max-video-preview":"max-video-preview:-1"},"canonical":"https:\/\/naturalsoap.lv\/lv\/shop\/soap\/citruss-loofah-soap-2\/","og_locale":"lv_LV","og_type":"article","og_title":"[:lv]ZIEPES 'CITRUSS LOOFAH', 100gr[:en]CITRUSS LOOFAH SOAP, 100gr[:de]SEIFE 'CITRUSS LOOFAH', 100gr[:ru]\u041c\u042b\u041b\u041e 'CITRUSS LOOFAH', 100gr[:]","og_description":"CITRUSS LOOFAH SOAP. With olive oil. With the scent of citrus fruits. Using a loofah is one of the best things you can do for your skin.","og_url":"https:\/\/naturalsoap.lv\/lv\/shop\/soap\/citruss-loofah-soap-2\/","og_site_name":"NATURAL SOAP","article_modified_time":"2025-02-26T10:08:25+00:00","og_image":[{"width":2560,"height":1685,"url":"https:\/\/naturalsoap.lv\/wp-content\/uploads\/2024\/05\/Citrus-loofah_2023_1-scaled-3.jpg","type":"image\/jpeg"}],"twitter_card":"summary_large_image","twitter_misc":{"Est. reading time":"1 minute"},"schema":{"@context":"https:\/\/schema.org","@graph":[{"@type":"WebPage","@id":"https:\/\/naturalsoap.lv\/lv\/shop\/soap\/citruss-loofah-soap-2\/","url":"https:\/\/naturalsoap.lv\/lv\/shop\/soap\/citruss-loofah-soap-2\/","name":"[:lv]ZIEPES 'CITRUSS LOOFAH', 100gr[:en]CITRUSS LOOFAH SOAP, 100gr[:de]SEIFE 'CITRUSS LOOFAH', 100gr[:ru]\u041c\u042b\u041b\u041e 'CITRUSS LOOFAH', 100gr[:] - NATURAL SOAP","isPartOf":{"@id":"https:\/\/naturalsoap.lv\/en\/#website"},"primaryImageOfPage":{"@id":"https:\/\/naturalsoap.lv\/lv\/shop\/soap\/citruss-loofah-soap-2\/#primaryimage"},"image":{"@id":"https:\/\/naturalsoap.lv\/lv\/shop\/soap\/citruss-loofah-soap-2\/#primaryimage"},"thumbnailUrl":"https:\/\/naturalsoap.lv\/wp-content\/uploads\/2024\/05\/Citrus-loofah_2023_1-scaled-3.jpg","datePublished":"2024-05-30T06:53:15+00:00","dateModified":"2025-02-26T10:08:25+00:00","description":"CITRUSS LOOFAH SOAP. With olive oil. With the scent of citrus fruits. Using a loofah is one of the best things you can do for your skin.","breadcrumb":{"@id":"https:\/\/naturalsoap.lv\/lv\/shop\/soap\/citruss-loofah-soap-2\/#breadcrumb"},"inLanguage":"lv-LV","potentialAction":[{"@type":"ReadAction","target":["https:\/\/naturalsoap.lv\/lv\/shop\/soap\/citruss-loofah-soap-2\/"]}]},{"@type":"ImageObject","inLanguage":"lv-LV","@id":"https:\/\/naturalsoap.lv\/lv\/shop\/soap\/citruss-loofah-soap-2\/#primaryimage","url":"https:\/\/naturalsoap.lv\/wp-content\/uploads\/2024\/05\/Citrus-loofah_2023_1-scaled-3.jpg","contentUrl":"https:\/\/naturalsoap.lv\/wp-content\/uploads\/2024\/05\/Citrus-loofah_2023_1-scaled-3.jpg","width":2560,"height":1685,"caption":"CITRUSS LOOFAH SOAP"},{"@type":"BreadcrumbList","@id":"https:\/\/naturalsoap.lv\/lv\/shop\/soap\/citruss-loofah-soap-2\/#breadcrumb","itemListElement":[{"@type":"ListItem","position":1,"name":"Home","item":"https:\/\/naturalsoap.lv\/en\/"},{"@type":"ListItem","position":2,"name":"Shop","item":"https:\/\/naturalsoap.lv\/en\/shop\/"},{"@type":"ListItem","position":3,"name":"ZIEPES &#8216;CITRUSS LOOFAH&#8217;, 100gr"}]},{"@type":"WebSite","@id":"https:\/\/naturalsoap.lv\/en\/#website","url":"https:\/\/naturalsoap.lv\/en\/","name":"NATURAL SOAP","description":"Kosm\u0113tika vannai un du\u0161ai. Roku darbs.","publisher":{"@id":"https:\/\/naturalsoap.lv\/en\/#organization"},"potentialAction":[{"@type":"SearchAction","target":{"@type":"EntryPoint","urlTemplate":"https:\/\/naturalsoap.lv\/en\/?s={search_term_string}"},"query-input":{"@type":"PropertyValueSpecification","valueRequired":true,"valueName":"search_term_string"}}],"inLanguage":"lv-LV"},{"@type":"Organization","@id":"https:\/\/naturalsoap.lv\/en\/#organization","name":"NATURAL SOAP","url":"https:\/\/naturalsoap.lv\/en\/","logo":{"@type":"ImageObject","inLanguage":"lv-LV","@id":"https:\/\/naturalsoap.lv\/en\/#\/schema\/logo\/image\/","url":"https:\/\/naturalsoap.lv\/wp-content\/uploads\/2024\/05\/Logo.svg","contentUrl":"https:\/\/naturalsoap.lv\/wp-content\/uploads\/2024\/05\/Logo.svg","width":125,"height":34,"caption":"NATURAL SOAP"},"image":{"@id":"https:\/\/naturalsoap.lv\/en\/#\/schema\/logo\/image\/"}}]}},"_links":{"self":[{"href":"https:\/\/naturalsoap.lv\/lv\/wp-json\/wp\/v2\/product\/14431","targetHints":{"allow":["GET"]}}],"collection":[{"href":"https:\/\/naturalsoap.lv\/lv\/wp-json\/wp\/v2\/product"}],"about":[{"href":"https:\/\/naturalsoap.lv\/lv\/wp-json\/wp\/v2\/types\/product"}],"wp:featuredmedia":[{"embeddable":true,"href":"https:\/\/naturalsoap.lv\/lv\/wp-json\/wp\/v2\/media\/14469"}],"wp:attachment":[{"href":"https:\/\/naturalsoap.lv\/lv\/wp-json\/wp\/v2\/media?parent=14431"}],"wp:term":[{"taxonomy":"product_brand","embeddable":true,"href":"https:\/\/naturalsoap.lv\/lv\/wp-json\/wp\/v2\/product_brand?post=14431"},{"taxonomy":"product_cat","embeddable":true,"href":"https:\/\/naturalsoap.lv\/lv\/wp-json\/wp\/v2\/product_cat?post=14431"},{"taxonomy":"product_tag","embeddable":true,"href":"https:\/\/naturalsoap.lv\/lv\/wp-json\/wp\/v2\/product_tag?post=14431"}],"curies":[{"name":"wp","href":"https:\/\/api.w.org\/{rel}","templated":true}]}}