{"id":628,"date":"2022-01-19T09:40:52","date_gmt":"2022-01-19T09:40:52","guid":{"rendered":"https:\/\/startersites.io\/stagingthree\/?page_id=628"},"modified":"2024-07-24T10:37:43","modified_gmt":"2024-07-24T10:37:43","slug":"about-us","status":"publish","type":"page","link":"https:\/\/naturalsoap.lv\/lv\/about-us\/","title":{"rendered":"Par mums"},"content":{"rendered":"<div class=\"wp-block-stackable-columns stk-block-columns stk-block stk-d15225d\" data-block-id=\"d15225d\"><div class=\"stk-row stk-inner-blocks stk-block-content stk-content-align stk-d15225d-column\">\n<div class=\"wp-block-stackable-column stk-block-column stk-column stk-block stk-f552af1\" data-v=\"4\" data-block-id=\"f552af1\"><div class=\"stk-column-wrapper stk-block-column__content stk-container stk-f552af1-container stk--no-background stk--no-padding\"><div class=\"stk-block-content stk-inner-blocks stk-f552af1-inner-blocks\">\n<figure class=\"wp-block-image alignfull size-full\"><img fetchpriority=\"high\" decoding=\"async\" width=\"1260\" height=\"560\" src=\"https:\/\/naturalsoap.lv\/wp-content\/uploads\/2024\/06\/Scrubs.jpg\" alt=\"\" class=\"wp-image-15701\" srcset=\"https:\/\/naturalsoap.lv\/wp-content\/uploads\/2024\/06\/Scrubs.jpg 1260w, https:\/\/naturalsoap.lv\/wp-content\/uploads\/2024\/06\/Scrubs-300x133.jpg 300w, https:\/\/naturalsoap.lv\/wp-content\/uploads\/2024\/06\/Scrubs-600x267.jpg 600w, https:\/\/naturalsoap.lv\/wp-content\/uploads\/2024\/06\/Scrubs-400x178.jpg 400w, https:\/\/naturalsoap.lv\/wp-content\/uploads\/2024\/06\/Scrubs-1024x455.jpg 1024w, https:\/\/naturalsoap.lv\/wp-content\/uploads\/2024\/06\/Scrubs-768x341.jpg 768w\" sizes=\"(max-width: 1260px) 100vw, 1260px\" \/><\/figure>\n<\/div><\/div><\/div>\n<\/div><\/div>\n\n\n\n<div class=\"wp-block-stackable-spacer stk-block-spacer stk--no-padding stk-block stk-c003d22\" data-block-id=\"c003d22\"><style>.stk-c003d22{height:50px !important}@media screen and (max-width:689px){.stk-c003d22{height:20px !important}}<\/style><\/div>\n\n\n\n<div class=\"wp-block-stackable-heading stk-block-heading stk-block-heading--v2 stk-block stk-cc405c3\" id=\"jus-atrodaties-razotaja-vietne\" data-block-id=\"cc405c3\"><style>@media screen and (max-width:689px){.stk-cc405c3 .stk-block-heading__text{font-size:25px !important}}<\/style><h2 class=\"stk-block-heading__text has-text-align-center has-text-align-center-mobile\">J\u016bs atrodaties ra\u017eot\u0101ja vietn\u0113<\/h2><\/div>\n\n\n\n<div class=\"wp-block-stackable-columns stk-block-columns stk-block stk-e9fb440\" data-block-id=\"e9fb440\"><style>.stk-e9fb440{margin-bottom:0px !important}.stk-e9fb440-column{--stk-column-gap:30px !important}@media screen and (max-width:689px){.stk-e9fb440-column{row-gap:50px !important}}<\/style><div class=\"stk-row stk-inner-blocks stk-block-content stk-content-align stk-e9fb440-column\">\n<div class=\"wp-block-stackable-column stk-block-column stk-column stk-block stk-3d0787d\" data-v=\"4\" data-block-id=\"3d0787d\"><style>.stk-3d0787d-container{margin-top:0px !important;margin-right:0px !important;margin-bottom:0px !important;margin-left:0px !important}<\/style><div class=\"stk-column-wrapper stk-block-column__content stk-container stk-3d0787d-container stk--no-background stk--no-padding\"><div class=\"stk-block-content stk-inner-blocks stk-3d0787d-inner-blocks\">\n<div class=\"wp-block-stackable-text stk-block-text stk-block stk-d22a686\" data-block-id=\"d22a686\"><p class=\"stk-block-text__text has-text-align-center-mobile\">LAIPNI L\u016aDZAM NATURALSOAP.LV<br>Kosm\u0113tika vannai un du\u0161ai. Roku darbs.<br>Daba arvien m\u016bs priec\u0113 ar savu vienreiz\u012bgumu \u2013 ar kr\u0101su, formu un arom\u0101tu daudzveid\u012bbu. M\u0113s tiecamies ieraudz\u012bt, pieskarties un sajust dabas burv\u012bbu.<\/p><\/div>\n<\/div><\/div><\/div>\n\n\n\n<div class=\"wp-block-stackable-column stk-block-column stk-column stk-block stk-ec967e2\" data-v=\"4\" data-block-id=\"ec967e2\"><style>.stk-ec967e2-container{margin-top:0px !important;margin-right:0px !important;margin-bottom:0px !important;margin-left:0px !important}<\/style><div class=\"stk-column-wrapper stk-block-column__content stk-container stk-ec967e2-container stk--no-background stk--no-padding\"><div class=\"stk-block-content stk-inner-blocks stk-ec967e2-inner-blocks\">\n<p>M\u0113s pied\u0101v\u0101jam pa\u0161u lab\u0101ko no dabas sp\u0113ka un skaistuma, izmantojot augstv\u0113rt\u012bg\u0101k\u0101s augu izejvielas \u2013 augu e\u013c\u013cas, sviestu, ziedu ekstraktus, kalt\u0113tus augus un ziedus.<br>Visiem produktiem ir br\u012bni\u0161\u0137\u012bga smar\u017ea \u2013 svaiga, t\u012bra un neuzkr\u012bto\u0161a, tie lieliski mitrina, baro un aizsarg\u0101 \u0101du.<\/p>\n\n\n\n<p><\/p>\n<\/div><\/div><\/div>\n<\/div><\/div>\n\n\n\n<div class=\"wp-block-stackable-spacer stk-block-spacer stk--no-padding stk-block stk-ed9f419\" data-block-id=\"ed9f419\"><style>.stk-ed9f419{height:100px !important}@media screen and (max-width:999px){.stk-ed9f419{height:80px !important}}<\/style><\/div>","protected":false},"excerpt":{"rendered":"<p>J\u016bs atrodaties ra\u017eot\u0101ja vietn\u0113 LAIPNI L\u016aDZAM NATURALSOAP.LVKosm\u0113tika vannai un du\u0161ai. Roku darbs.Daba arvien m\u016bs priec\u0113 ar savu vienreiz\u012bgumu \u2013 ar kr\u0101su, formu un arom\u0101tu daudzveid\u012bbu. M\u0113s tiecamies ieraudz\u012bt, pieskarties un sajust dabas burv\u012bbu. M\u0113s pied\u0101v\u0101jam pa\u0161u lab\u0101ko no dabas sp\u0113ka un skaistuma, izmantojot augstv\u0113rt\u012bg\u0101k\u0101s augu izejvielas \u2013 augu e\u013c\u013cas, sviestu, ziedu ekstraktus, kalt\u0113tus augus un [&hellip;]<\/p>\n","protected":false},"author":1,"featured_media":0,"parent":0,"menu_order":0,"comment_status":"closed","ping_status":"closed","template":"","meta":{"footnotes":""},"class_list":["post-628","page","type-page","status-publish","hentry"],"blocksy_meta":{"styles_descriptor":{"styles":{"desktop":"","tablet":"","mobile":""},"google_fonts":[],"version":6},"has_hero_section":"disabled"},"yoast_head":"<!-- This site is optimized with the Yoast SEO Premium plugin v22.6 (Yoast SEO v27.3) - https:\/\/yoast.com\/product\/yoast-seo-premium-wordpress\/ -->\n<title>Par mums - NATURAL SOAP<\/title>\n<meta name=\"robots\" content=\"index, follow, max-snippet:-1, max-image-preview:large, max-video-preview:-1\" \/>\n<link rel=\"canonical\" href=\"https:\/\/naturalsoap.lv\/lv\/about-us\/\" \/>\n<meta property=\"og:locale\" content=\"lv_LV\" \/>\n<meta property=\"og:type\" content=\"article\" \/>\n<meta property=\"og:title\" content=\"[:lv]Par mums[:en]About Us[:de]\u00dcber uns[:ru]\u041e \u043d\u0430\u0441[:]\" \/>\n<meta property=\"og:description\" content=\"J\u016bs atrodaties ra\u017eot\u0101ja vietn\u0113 LAIPNI L\u016aDZAM NATURALSOAP.LVKosm\u0113tika vannai un du\u0161ai. Roku darbs.Daba arvien m\u016bs priec\u0113 ar savu vienreiz\u012bgumu \u2013 ar kr\u0101su, formu un arom\u0101tu daudzveid\u012bbu. M\u0113s tiecamies ieraudz\u012bt, pieskarties un sajust dabas burv\u012bbu. M\u0113s pied\u0101v\u0101jam pa\u0161u lab\u0101ko no dabas sp\u0113ka un skaistuma, izmantojot augstv\u0113rt\u012bg\u0101k\u0101s augu izejvielas \u2013 augu e\u013c\u013cas, sviestu, ziedu ekstraktus, kalt\u0113tus augus un [&hellip;]\" \/>\n<meta property=\"og:url\" content=\"https:\/\/naturalsoap.lv\/lv\/about-us\/\" \/>\n<meta property=\"og:site_name\" content=\"NATURAL SOAP\" \/>\n<meta property=\"article:modified_time\" content=\"2024-07-24T10:37:43+00:00\" \/>\n<meta property=\"og:image\" content=\"https:\/\/naturalsoap.lv\/wp-content\/uploads\/2024\/06\/Scrubs.jpg\" \/>\n<meta name=\"twitter:card\" content=\"summary_large_image\" \/>\n<meta name=\"twitter:label1\" content=\"Est. reading time\" \/>\n\t<meta name=\"twitter:data1\" content=\"1 minute\" \/>\n<script type=\"application\/ld+json\" class=\"yoast-schema-graph\">{\"@context\":\"https:\\\/\\\/schema.org\",\"@graph\":[{\"@type\":\"WebPage\",\"@id\":\"https:\\\/\\\/naturalsoap.lv\\\/lv\\\/about-us\\\/\",\"url\":\"https:\\\/\\\/naturalsoap.lv\\\/lv\\\/about-us\\\/\",\"name\":\"[:lv]Par mums[:en]About Us[:de]\u00dcber uns[:ru]\u041e \u043d\u0430\u0441[:] - NATURAL SOAP\",\"isPartOf\":{\"@id\":\"https:\\\/\\\/naturalsoap.lv\\\/en\\\/#website\"},\"primaryImageOfPage\":{\"@id\":\"https:\\\/\\\/naturalsoap.lv\\\/lv\\\/about-us\\\/#primaryimage\"},\"image\":{\"@id\":\"https:\\\/\\\/naturalsoap.lv\\\/lv\\\/about-us\\\/#primaryimage\"},\"thumbnailUrl\":\"https:\\\/\\\/naturalsoap.lv\\\/wp-content\\\/uploads\\\/2024\\\/06\\\/Scrubs.jpg\",\"datePublished\":\"2022-01-19T09:40:52+00:00\",\"dateModified\":\"2024-07-24T10:37:43+00:00\",\"breadcrumb\":{\"@id\":\"https:\\\/\\\/naturalsoap.lv\\\/lv\\\/about-us\\\/#breadcrumb\"},\"inLanguage\":\"lv-LV\",\"potentialAction\":[{\"@type\":\"ReadAction\",\"target\":[\"https:\\\/\\\/naturalsoap.lv\\\/lv\\\/about-us\\\/\"]}]},{\"@type\":\"ImageObject\",\"inLanguage\":\"lv-LV\",\"@id\":\"https:\\\/\\\/naturalsoap.lv\\\/lv\\\/about-us\\\/#primaryimage\",\"url\":\"https:\\\/\\\/naturalsoap.lv\\\/wp-content\\\/uploads\\\/2024\\\/06\\\/Scrubs.jpg\",\"contentUrl\":\"https:\\\/\\\/naturalsoap.lv\\\/wp-content\\\/uploads\\\/2024\\\/06\\\/Scrubs.jpg\"},{\"@type\":\"BreadcrumbList\",\"@id\":\"https:\\\/\\\/naturalsoap.lv\\\/lv\\\/about-us\\\/#breadcrumb\",\"itemListElement\":[{\"@type\":\"ListItem\",\"position\":1,\"name\":\"Home\",\"item\":\"https:\\\/\\\/naturalsoap.lv\\\/en\\\/\"},{\"@type\":\"ListItem\",\"position\":2,\"name\":\"Par mums\"}]},{\"@type\":\"WebSite\",\"@id\":\"https:\\\/\\\/naturalsoap.lv\\\/en\\\/#website\",\"url\":\"https:\\\/\\\/naturalsoap.lv\\\/en\\\/\",\"name\":\"NATURAL SOAP\",\"description\":\"Kosm\u0113tika vannai un du\u0161ai. Roku darbs.\",\"publisher\":{\"@id\":\"https:\\\/\\\/naturalsoap.lv\\\/en\\\/#organization\"},\"potentialAction\":[{\"@type\":\"SearchAction\",\"target\":{\"@type\":\"EntryPoint\",\"urlTemplate\":\"https:\\\/\\\/naturalsoap.lv\\\/en\\\/?s={search_term_string}\"},\"query-input\":{\"@type\":\"PropertyValueSpecification\",\"valueRequired\":true,\"valueName\":\"search_term_string\"}}],\"inLanguage\":\"lv-LV\"},{\"@type\":\"Organization\",\"@id\":\"https:\\\/\\\/naturalsoap.lv\\\/en\\\/#organization\",\"name\":\"NATURAL SOAP\",\"url\":\"https:\\\/\\\/naturalsoap.lv\\\/en\\\/\",\"logo\":{\"@type\":\"ImageObject\",\"inLanguage\":\"lv-LV\",\"@id\":\"https:\\\/\\\/naturalsoap.lv\\\/en\\\/#\\\/schema\\\/logo\\\/image\\\/\",\"url\":\"https:\\\/\\\/naturalsoap.lv\\\/wp-content\\\/uploads\\\/2024\\\/05\\\/Logo.svg\",\"contentUrl\":\"https:\\\/\\\/naturalsoap.lv\\\/wp-content\\\/uploads\\\/2024\\\/05\\\/Logo.svg\",\"width\":125,\"height\":34,\"caption\":\"NATURAL SOAP\"},\"image\":{\"@id\":\"https:\\\/\\\/naturalsoap.lv\\\/en\\\/#\\\/schema\\\/logo\\\/image\\\/\"}}]}<\/script>\n<!-- \/ Yoast SEO Premium plugin. -->","yoast_head_json":{"title":"[:lv]Par mums[:en]About Us[:de]\u00dcber uns[:ru]\u041e \u043d\u0430\u0441[:] - NATURAL SOAP","robots":{"index":"index","follow":"follow","max-snippet":"max-snippet:-1","max-image-preview":"max-image-preview:large","max-video-preview":"max-video-preview:-1"},"canonical":"https:\/\/naturalsoap.lv\/lv\/about-us\/","og_locale":"lv_LV","og_type":"article","og_title":"[:lv]Par mums[:en]About Us[:de]\u00dcber uns[:ru]\u041e \u043d\u0430\u0441[:]","og_description":"J\u016bs atrodaties ra\u017eot\u0101ja vietn\u0113 LAIPNI L\u016aDZAM NATURALSOAP.LVKosm\u0113tika vannai un du\u0161ai. Roku darbs.Daba arvien m\u016bs priec\u0113 ar savu vienreiz\u012bgumu \u2013 ar kr\u0101su, formu un arom\u0101tu daudzveid\u012bbu. M\u0113s tiecamies ieraudz\u012bt, pieskarties un sajust dabas burv\u012bbu. M\u0113s pied\u0101v\u0101jam pa\u0161u lab\u0101ko no dabas sp\u0113ka un skaistuma, izmantojot augstv\u0113rt\u012bg\u0101k\u0101s augu izejvielas \u2013 augu e\u013c\u013cas, sviestu, ziedu ekstraktus, kalt\u0113tus augus un [&hellip;]","og_url":"https:\/\/naturalsoap.lv\/lv\/about-us\/","og_site_name":"NATURAL SOAP","article_modified_time":"2024-07-24T10:37:43+00:00","og_image":[{"url":"https:\/\/naturalsoap.lv\/wp-content\/uploads\/2024\/06\/Scrubs.jpg","type":"","width":"","height":""}],"twitter_card":"summary_large_image","twitter_misc":{"Est. reading time":"1 minute"},"schema":{"@context":"https:\/\/schema.org","@graph":[{"@type":"WebPage","@id":"https:\/\/naturalsoap.lv\/lv\/about-us\/","url":"https:\/\/naturalsoap.lv\/lv\/about-us\/","name":"[:lv]Par mums[:en]About Us[:de]\u00dcber uns[:ru]\u041e \u043d\u0430\u0441[:] - NATURAL SOAP","isPartOf":{"@id":"https:\/\/naturalsoap.lv\/en\/#website"},"primaryImageOfPage":{"@id":"https:\/\/naturalsoap.lv\/lv\/about-us\/#primaryimage"},"image":{"@id":"https:\/\/naturalsoap.lv\/lv\/about-us\/#primaryimage"},"thumbnailUrl":"https:\/\/naturalsoap.lv\/wp-content\/uploads\/2024\/06\/Scrubs.jpg","datePublished":"2022-01-19T09:40:52+00:00","dateModified":"2024-07-24T10:37:43+00:00","breadcrumb":{"@id":"https:\/\/naturalsoap.lv\/lv\/about-us\/#breadcrumb"},"inLanguage":"lv-LV","potentialAction":[{"@type":"ReadAction","target":["https:\/\/naturalsoap.lv\/lv\/about-us\/"]}]},{"@type":"ImageObject","inLanguage":"lv-LV","@id":"https:\/\/naturalsoap.lv\/lv\/about-us\/#primaryimage","url":"https:\/\/naturalsoap.lv\/wp-content\/uploads\/2024\/06\/Scrubs.jpg","contentUrl":"https:\/\/naturalsoap.lv\/wp-content\/uploads\/2024\/06\/Scrubs.jpg"},{"@type":"BreadcrumbList","@id":"https:\/\/naturalsoap.lv\/lv\/about-us\/#breadcrumb","itemListElement":[{"@type":"ListItem","position":1,"name":"Home","item":"https:\/\/naturalsoap.lv\/en\/"},{"@type":"ListItem","position":2,"name":"Par mums"}]},{"@type":"WebSite","@id":"https:\/\/naturalsoap.lv\/en\/#website","url":"https:\/\/naturalsoap.lv\/en\/","name":"NATURAL SOAP","description":"Kosm\u0113tika vannai un du\u0161ai. Roku darbs.","publisher":{"@id":"https:\/\/naturalsoap.lv\/en\/#organization"},"potentialAction":[{"@type":"SearchAction","target":{"@type":"EntryPoint","urlTemplate":"https:\/\/naturalsoap.lv\/en\/?s={search_term_string}"},"query-input":{"@type":"PropertyValueSpecification","valueRequired":true,"valueName":"search_term_string"}}],"inLanguage":"lv-LV"},{"@type":"Organization","@id":"https:\/\/naturalsoap.lv\/en\/#organization","name":"NATURAL SOAP","url":"https:\/\/naturalsoap.lv\/en\/","logo":{"@type":"ImageObject","inLanguage":"lv-LV","@id":"https:\/\/naturalsoap.lv\/en\/#\/schema\/logo\/image\/","url":"https:\/\/naturalsoap.lv\/wp-content\/uploads\/2024\/05\/Logo.svg","contentUrl":"https:\/\/naturalsoap.lv\/wp-content\/uploads\/2024\/05\/Logo.svg","width":125,"height":34,"caption":"NATURAL SOAP"},"image":{"@id":"https:\/\/naturalsoap.lv\/en\/#\/schema\/logo\/image\/"}}]}},"_links":{"self":[{"href":"https:\/\/naturalsoap.lv\/lv\/wp-json\/wp\/v2\/pages\/628","targetHints":{"allow":["GET"]}}],"collection":[{"href":"https:\/\/naturalsoap.lv\/lv\/wp-json\/wp\/v2\/pages"}],"about":[{"href":"https:\/\/naturalsoap.lv\/lv\/wp-json\/wp\/v2\/types\/page"}],"author":[{"embeddable":true,"href":"https:\/\/naturalsoap.lv\/lv\/wp-json\/wp\/v2\/users\/1"}],"replies":[{"embeddable":true,"href":"https:\/\/naturalsoap.lv\/lv\/wp-json\/wp\/v2\/comments?post=628"}],"version-history":[{"count":18,"href":"https:\/\/naturalsoap.lv\/lv\/wp-json\/wp\/v2\/pages\/628\/revisions"}],"predecessor-version":[{"id":16104,"href":"https:\/\/naturalsoap.lv\/lv\/wp-json\/wp\/v2\/pages\/628\/revisions\/16104"}],"wp:attachment":[{"href":"https:\/\/naturalsoap.lv\/lv\/wp-json\/wp\/v2\/media?parent=628"}],"curies":[{"name":"wp","href":"https:\/\/api.w.org\/{rel}","templated":true}]}}