{"id":15682,"date":"2024-06-03T11:43:44","date_gmt":"2024-06-03T11:43:44","guid":{"rendered":"https:\/\/321.optimum.lv\/?page_id=15682"},"modified":"2024-06-03T11:43:44","modified_gmt":"2024-06-03T11:43:44","slug":"es-fondi","status":"publish","type":"page","link":"https:\/\/naturalsoap.lv\/lv\/es-fondi\/","title":{"rendered":"ES Fondi"},"content":{"rendered":"<p>SIA \u2018GARTDA\u2019 nosl\u0113dza l\u012bgumu Nr. SKV \u2013 L \u2013 2016\/83 ar Latvijas Invest\u012bciju un att\u012bst\u012bbas a\u0123ent\u016bru par projekta &#8220;SIA GARTDA dal\u012bba nacion\u0101laj\u0101 stend\u0101 izst\u0101d\u0113 &#8220;Beautyworld Middle East&#8221; Apvienotajos Ar\u0101bu Emir\u0101tos, kas norisin\u0101sies 2023. gada 30. oktobr\u012b\u20131.novemb\u012b Dubaij\u0101\u00a0\u012bsteno\u0161anu, ko l\u012bdzfinans\u0113 Eiropas Re\u0123ion\u0101l\u0101s att\u012bst\u012bbas fonds.<\/p>\n<p><img decoding=\"async\" class=\"alignnone size-medium wp-image-11231\" src=\"https:\/\/https:\/\/naturalsoap.lv\/\/wp-content\/uploads\/2023\/11\/LV_ID_EU_logo_ansamblis_ERAF_RGB-300x62.png\" alt=\"\" \/><\/p>\n<p>SIA \u2018GARTDA\u2019 nosl\u0113dza l\u012bgumu Nr. SKV \u2013 L \u2013 2016\/83 ar Latvijas Invest\u012bciju un att\u012bst\u012bbas a\u0123ent\u016bru par projekta &#8220;SIA GARTDA dal\u012bba nacion\u0101laj\u0101 stend\u0101 starptautiskaj\u0101 \u0136\u012bnas &#8211; Centr\u0101l\u0101s un Austrumeiropas (CAE) valstu tirdzniec\u012bbas produktu izst\u0101d\u0113 &#8220;China \u2013 Central and Eastern European Countries Investment and Trade EXPO&#8221; (China CEEC Expo) \u0136\u012bn\u0101, kas norisin\u0101sies 2019. gada 8. &#8211; 12. j\u016bnij\u0101 Ninbo \u012bsteno\u0161anu, ko l\u012bdzfinans\u0113 Eiropas Re\u0123ion\u0101l\u0101s att\u012bst\u012bbas fonds.<\/p>\n<p><img decoding=\"async\" class=\"alignnone size-medium wp-image-11231\" src=\"https:\/\/https:\/\/naturalsoap.lv\/\/wp-content\/uploads\/2023\/11\/LV_ID_EU_logo_ansamblis_ERAF_RGB-300x62.png\" alt=\"\" \/><\/p>\n<p>SIA \u2018GARTDA\u2019 nosl\u0113dza l\u012bgumu Nr. SKV \u2013 L \u2013 2016\/83 ar Latvijas Invest\u012bciju un att\u012bst\u012bbas a\u0123ent\u016bru par projekta &#8220;SIA GARTDA dal\u012bba Latvijas uz\u0146\u0113mumu nacion\u0101laj\u0101 stend\u0101 izst\u0101d\u0113 &#8220;Interior Lifestyle Tokyo-2018&#8221; Tokij\u0101, Jap\u0101n\u0101, 2018. gada 30.maij\u0101 -1. j\u016bnij\u0101 \u012bsteno\u0161anu, ko l\u012bdzfinans\u0113 Eiropas Re\u0123ion\u0101l\u0101s att\u012bst\u012bbas fonds.<\/p>\n<p><img decoding=\"async\" class=\"alignnone size-medium wp-image-11231\" src=\"https:\/\/https:\/\/naturalsoap.lv\/\/wp-content\/uploads\/2023\/11\/LV_ID_EU_logo_ansamblis_ERAF_RGB-300x62.png\" alt=\"\" \/><\/p>\n<p>SIA \u2018GARTDA\u2019 nosl\u0113dza l\u012bgumu Nr. SKV \u2013 L \u2013 2016\/83 ar Latvijas Invest\u012bciju un Att\u012bst\u012bbas A\u0123ent\u016bru par projekta \u2018SIA GARTDA jaun\u0101s kosm\u0113tisk\u0101s produkcijas dro\u0161uma nov\u0113rt\u0113\u0161ana \u0101r\u0113jo tirgu apg\u016b\u0161anai\u2019, ko l\u012bdzfinans\u0113 Eiropas Re\u0123ion\u0101l\u0101s att\u012bst\u012bbas fonds. Projekta \u012bsteno\u0161anas laiks 01.08.- 25.10.2017.g.<\/p>\n<p><img decoding=\"async\" class=\"alignnone size-medium wp-image-11231\" src=\"https:\/\/https:\/\/naturalsoap.lv\/\/wp-content\/uploads\/2023\/11\/LV_ID_EU_logo_ansamblis_ERAF_RGB-300x62.png\" alt=\"\" \/><\/p>\n<p>SIA \u2018GARTDA\u2019 nosl\u0113dza l\u012bgumu Nr. SKV \u2013 L \u2013 2016\/83 ar Latvijas Invest\u012bciju un Att\u012bst\u012bbas A\u0123ent\u016bru par projekta \u2018SIA GARTDA jaun\u0101s kosm\u0113tisk\u0101s produkcijas dro\u0161uma nov\u0113rt\u0113\u0161ana \u0101r\u0113jo tirgu apg\u016b\u0161anai\u2019, ko l\u012bdzfinans\u0113 Eiropas Re\u0123ion\u0101l\u0101s att\u012bst\u012bbas fonds. Projekta \u012bsteno\u0161anas laiks 01.06.- 20.08.2017.g.<\/p>\n<p><img decoding=\"async\" class=\"alignnone size-medium wp-image-11231\" src=\"https:\/\/https:\/\/naturalsoap.lv\/\/wp-content\/uploads\/2023\/11\/LV_ID_EU_logo_ansamblis_ERAF_RGB-300x62.png\" alt=\"\" \/><\/p>\n<p>SIA \u2018GARTDA\u2019 nosl\u0113dza l\u012bgumu Nr. SKV \u2013 L \u2013 2016\/83 ar Latvijas Invest\u012bciju un att\u012bst\u012bbas a\u0123ent\u016bru par projekta \u201c SIA GARTDA dal\u012bba Latvijas uz\u0146\u0113mumu nacion\u0101laj\u0101 stend\u0101 izst\u0101d\u0113 &#8220;China CEEC Expo&#8221; \u0136\u012bn\u0101, 2017. gada 9.-12. j\u016bnij\u0101 Ningbo \u012bsteno\u0161anu, ko l\u012bdzfinans\u0113 Eiropas Re\u0123ion\u0101l\u0101s att\u012bst\u012bbas fonds.<\/p>\n<p><img decoding=\"async\" class=\"alignnone size-medium wp-image-11231\" src=\"https:\/\/https:\/\/naturalsoap.lv\/\/wp-content\/uploads\/2023\/11\/LV_ID_EU_logo_ansamblis_ERAF_RGB-300x62.png\" alt=\"\" \/><\/p>\n<p>SIA \u2018GARTDA\u2019 nosl\u0113dza l\u012bgumu Nr. SKV \u2013 L \u2013 2016\/83 ar Latvijas Invest\u012bciju un Att\u012bst\u012bbas A\u0123ent\u016bru par projekta \u2018SIA GARTDA jaun\u0101s kosm\u0113tisk\u0101s produkcijas dro\u0161uma nov\u0113rt\u0113\u0161ana \u0101r\u0113jo tirgu apg\u016b\u0161anai\u2019, ko l\u012bdzfinans\u0113 Eiropas Re\u0123ion\u0101l\u0101s att\u012bst\u012bbas fonds. Projekta \u012bsteno\u0161anas laiks 01.01.- 30.04.2017.g.<\/p>\n<p><img decoding=\"async\" class=\"alignnone size-medium wp-image-11231\" src=\"https:\/\/https:\/\/naturalsoap.lv\/\/wp-content\/uploads\/2023\/11\/LV_ID_EU_logo_ansamblis_ERAF_RGB-300x62.png\" alt=\"\" \/><\/p>\n<p>SIA \u2018GARTDA\u2019 nosl\u0113dza l\u012bgumu Nr. SKV \u2013 L \u2013 2016\/83 ar Latvijas Invest\u012bciju un Att\u012bst\u012bbas A\u0123ent\u016bru par projekta \u2018SIA GARTDA jaun\u0101s kosm\u0113tisk\u0101s produkcijas dro\u0161uma nov\u0113rt\u0113\u0161ana \u0101r\u0113jo tirgu apg\u016b\u0161anai\u2019, ko l\u012bdzfinans\u0113 Eiropas Re\u0123ion\u0101l\u0101s att\u012bst\u012bbas fonds. Projekta \u012bsteno\u0161anas laiks 01.01.- 26.01.2017.g.<\/p>\n<p><img decoding=\"async\" class=\"alignnone size-medium wp-image-11231\" src=\"https:\/\/https:\/\/naturalsoap.lv\/\/wp-content\/uploads\/2023\/11\/LV_ID_EU_logo_ansamblis_ERAF_RGB-300x62.png\" alt=\"\" \/><\/p>\n<p>SIA \u2018GARTDA\u2019 2016.gada 21.apr\u012bl\u012b nosl\u0113dza l\u012bgumu Nr. SKV \u2013 L \u2013 2016\/83 ar Latvijas Invest\u012bciju un Att\u012bst\u012bbas A\u0123ent\u016bru par projekta \u2018SIA GARTDA jaun\u0101s kosm\u0113tisk\u0101s produkcijas dro\u0161uma nov\u0113rt\u0113\u0161ana \u0101r\u0113jo tirgu apg\u016b\u0161anai\u2019, ko l\u012bdzfinans\u0113 Eiropas Re\u0123ion\u0101l\u0101s att\u012bst\u012bbas fonds. Projekta \u012bsteno\u0161anas laiks 01.10.-30.11.2016.g.<\/p>\n<p><img decoding=\"async\" class=\"alignnone size-medium wp-image-11231\" src=\"https:\/\/https:\/\/naturalsoap.lv\/\/wp-content\/uploads\/2023\/11\/LV_ID_EU_logo_ansamblis_ERAF_RGB-300x62.png\" alt=\"\" \/><\/p>\n<p>SIA \u2018GARTDA\u2019 2016.gada 21.apr\u012bl\u012b nosl\u0113dza l\u012bgumu Nr. SKV \u2013 L \u2013 2016\/83 ar Latvijas Invest\u012bciju un Att\u012bst\u012bbas A\u0123ent\u016bru par projekta \u2018SIA GARTDA jaun\u0101s kosm\u0113tisk\u0101s produkcijas dro\u0161uma nov\u0113rt\u0113\u0161ana \u0101r\u0113jo tirgu apg\u016b\u0161anai\u2019, ko l\u012bdzfinans\u0113 Eiropas Re\u0123ion\u0101l\u0101s att\u012bst\u012bbas fonds. Projekta \u012bsteno\u0161anas laiks 01.05.-29.08.2016.g.<\/p>\n<p><img decoding=\"async\" class=\"alignnone size-medium wp-image-11231\" src=\"https:\/\/https:\/\/naturalsoap.lv\/\/wp-content\/uploads\/2023\/11\/LV_ID_EU_logo_ansamblis_ERAF_RGB-300x62.png\" alt=\"\" \/><\/p>\n<p>SIA \u2018GARTDA\u2019 2016.gada 21.apr\u012bl\u012b nosl\u0113dza l\u012bgumu Nr. SKV \u2013 L \u2013 2016\/83 ar Latvijas Invest\u012bciju un att\u012bst\u012bbas a\u0123ent\u016bru par projekta \u201cSIA GARTDA dal\u012bba starptautiskaj\u0101 izst\u0101d\u0113 \u201cChina CEEC Expo\u201d, Ningbo, \u0136\u012bn\u0101 \u012bsteno\u0161anu, ko l\u012bdzfinans\u0113 Eiropas Re\u0123ion\u0101l\u0101s att\u012bst\u012bbas fonds. Izst\u0101des norises laiks: 2016. gada 9.-12.j\u016bnij\u0101, Ningbo, \u0136\u012bn\u0101.<\/p>\n<p><img decoding=\"async\" class=\"alignnone size-medium wp-image-11231\" src=\"https:\/\/https:\/\/naturalsoap.lv\/\/wp-content\/uploads\/2023\/11\/LV_ID_EU_logo_ansamblis_ERAF_RGB-300x62.png\" alt=\"\" \/><\/p>\n<p>SIA &#8216;GARTDA&#8217; ir nosl\u0113gusi 21.04.2016.g. l\u012bgumu par atbalsta sa\u0146em\u0161anu komersantiem Nr.SKV &#8211; L &#8211; 2016\/83 ar Latvijas Invest\u012bciju un Att\u012bst\u012bbas A\u0123ent\u016bru, ko l\u012bdzfinans\u0113 Eiropas Re\u0123ion\u0101l\u0101s Att\u012bst\u012bbas fonds. L\u012bguma m\u0113r\u0137is ir sniegt atbalstu saska\u0146\u0101 ar ERAF fonda projektu &#8216;Starptautisk\u0101s konkur\u0113tsp\u0113jas veicin\u0101\u0161ana'(projekta identifik\u0101cijas numurs 3.2.1.2.\/16\/I\/001).<\/p>\n<p><img decoding=\"async\" class=\"alignnone size-medium wp-image-11231\" src=\"https:\/\/https:\/\/naturalsoap.lv\/\/wp-content\/uploads\/2023\/11\/LV_ID_EU_logo_ansamblis_ERAF_RGB-300x62.png\" alt=\"\" \/><\/p>\n<p>SIA &#8216;GARTDA&#8217; ir nosl\u0113gusi 20.08.2015.g. l\u012bgumu Nr.L-\u0100TA-15-3168 ( projekta Nr.\u0100TA\/2.3.1.1.1\/15\/76\/019) ar Latvijas Invest\u012bciju un Att\u012bst\u012bbas A\u0123ent\u016bru par projekta &#8220;SIA &#8216;Gartda&#8217; kosm\u0113tikas produkcijas dro\u0161uma nov\u0113rt\u0113\u0161ana \u0101r\u0113jo tirgu apg\u016b\u0161anai&#8221; \u012bsteno\u0161anu, ko l\u012bdzfinans\u0113 Eiropas Re\u0123ion\u0101l\u0101s Att\u012bst\u012bbas fonds. Projekta \u012bsteno\u0161ana tika uzs\u0101kta 2015.gada 01.mart\u0101 un to pl\u0101nots pabeigt 2015.gada 31.decembr\u012b.<\/p>\n<p><img decoding=\"async\" class=\"alignnone size-medium wp-image-11231\" src=\"https:\/\/https:\/\/naturalsoap.lv\/\/wp-content\/uploads\/2023\/11\/LV_ID_EU_logo_ansamblis_ERAF_RGB-300x62.png\" alt=\"\" \/><\/p>\n<p>SIA &#8216;GARTDA&#8217; ir nosl\u0113gusi 24.11.2015.g. l\u012bgumu Nr.L-\u0100TA-15-3574 ( projekta Nr.\u0100TA\/2.3.1.1.1\/15\/78\/086) ar Latvijas Invest\u012bciju un Att\u012bst\u012bbas A\u0123ent\u016bru par projekta &#8220;SIA &#8216;Gartda&#8217; dal\u012bba izst\u0101d\u0113s &#8216;I love me&#8217; Helsinkos Somija 2015.gad\u0101 16.-18. oktobr\u012b&#8221; \u012bsteno\u0161anu, ko l\u012bdzfinans\u0113 Eiropas Re\u0123ion\u0101l\u0101s Att\u012bst\u012bbas fonds.<\/p>\n<p><img decoding=\"async\" class=\"alignnone size-medium wp-image-11231\" src=\"https:\/\/https:\/\/naturalsoap.lv\/\/wp-content\/uploads\/2023\/11\/LV_ID_EU_logo_ansamblis_ERAF_RGB-300x62.png\" alt=\"\" \/><\/p>","protected":false},"excerpt":{"rendered":"<p>SIA \u2018GARTDA\u2019 nosl\u0113dza l\u012bgumu Nr. SKV \u2013 L \u2013 2016\/83 ar Latvijas Invest\u012bciju un att\u012bst\u012bbas a\u0123ent\u016bru par projekta &#8220;SIA GARTDA dal\u012bba nacion\u0101laj\u0101 stend\u0101 izst\u0101d\u0113 &#8220;Beautyworld Middle East&#8221; Apvienotajos Ar\u0101bu Emir\u0101tos, kas norisin\u0101sies 2023. gada 30. oktobr\u012b\u20131.novemb\u012b Dubaij\u0101\u00a0\u012bsteno\u0161anu, ko l\u012bdzfinans\u0113 Eiropas Re\u0123ion\u0101l\u0101s att\u012bst\u012bbas fonds. SIA \u2018GARTDA\u2019 nosl\u0113dza l\u012bgumu Nr. SKV \u2013 L \u2013 2016\/83 ar Latvijas [&hellip;]<\/p>\n","protected":false},"author":1,"featured_media":0,"parent":0,"menu_order":0,"comment_status":"closed","ping_status":"closed","template":"","meta":{"footnotes":""},"class_list":["post-15682","page","type-page","status-publish","hentry"],"blocksy_meta":[],"yoast_head":"<!-- This site is optimized with the Yoast SEO Premium plugin v22.6 (Yoast SEO v27.3) - https:\/\/yoast.com\/product\/yoast-seo-premium-wordpress\/ -->\n<title>ES Fondi - NATURAL SOAP<\/title>\n<meta name=\"robots\" content=\"index, follow, max-snippet:-1, max-image-preview:large, max-video-preview:-1\" \/>\n<link rel=\"canonical\" href=\"https:\/\/naturalsoap.lv\/en\/es-fondi\/\" \/>\n<meta property=\"og:locale\" content=\"lv_LV\" \/>\n<meta property=\"og:type\" content=\"article\" \/>\n<meta property=\"og:title\" content=\"[:lv]ES Fondi[:]\" \/>\n<meta property=\"og:description\" content=\"SIA \u2018GARTDA\u2019 nosl\u0113dza l\u012bgumu Nr. SKV \u2013 L \u2013 2016\/83 ar Latvijas Invest\u012bciju un att\u012bst\u012bbas a\u0123ent\u016bru par projekta &#8220;SIA GARTDA dal\u012bba nacion\u0101laj\u0101 stend\u0101 izst\u0101d\u0113 &#8220;Beautyworld Middle East&#8221; Apvienotajos Ar\u0101bu Emir\u0101tos, kas norisin\u0101sies 2023. gada 30. oktobr\u012b\u20131.novemb\u012b Dubaij\u0101\u00a0\u012bsteno\u0161anu, ko l\u012bdzfinans\u0113 Eiropas Re\u0123ion\u0101l\u0101s att\u012bst\u012bbas fonds. SIA \u2018GARTDA\u2019 nosl\u0113dza l\u012bgumu Nr. SKV \u2013 L \u2013 2016\/83 ar Latvijas [&hellip;]\" \/>\n<meta property=\"og:url\" content=\"https:\/\/naturalsoap.lv\/en\/es-fondi\/\" \/>\n<meta property=\"og:site_name\" content=\"NATURAL SOAP\" \/>\n<meta property=\"og:image\" content=\"https:\/\/https:\/\/naturalsoap.lv\/\/wp-content\/uploads\/2023\/11\/LV_ID_EU_logo_ansamblis_ERAF_RGB-300x62.png\" \/>\n<meta name=\"twitter:card\" content=\"summary_large_image\" \/>\n<meta name=\"twitter:label1\" content=\"Est. reading time\" \/>\n\t<meta name=\"twitter:data1\" content=\"4 minutes\" \/>\n<script type=\"application\/ld+json\" class=\"yoast-schema-graph\">{\"@context\":\"https:\\\/\\\/schema.org\",\"@graph\":[{\"@type\":\"WebPage\",\"@id\":\"https:\\\/\\\/naturalsoap.lv\\\/en\\\/es-fondi\\\/\",\"url\":\"https:\\\/\\\/naturalsoap.lv\\\/en\\\/es-fondi\\\/\",\"name\":\"[:lv]ES Fondi[:] - NATURAL SOAP\",\"isPartOf\":{\"@id\":\"https:\\\/\\\/naturalsoap.lv\\\/en\\\/#website\"},\"primaryImageOfPage\":{\"@id\":\"https:\\\/\\\/naturalsoap.lv\\\/en\\\/es-fondi\\\/#primaryimage\"},\"image\":{\"@id\":\"https:\\\/\\\/naturalsoap.lv\\\/en\\\/es-fondi\\\/#primaryimage\"},\"thumbnailUrl\":\"https:\\\/\\\/https:\\\/\\\/naturalsoap.lv\\\/\\\/wp-content\\\/uploads\\\/2023\\\/11\\\/LV_ID_EU_logo_ansamblis_ERAF_RGB-300x62.png\",\"datePublished\":\"2024-06-03T11:43:44+00:00\",\"breadcrumb\":{\"@id\":\"https:\\\/\\\/naturalsoap.lv\\\/en\\\/es-fondi\\\/#breadcrumb\"},\"inLanguage\":\"lv-LV\",\"potentialAction\":[{\"@type\":\"ReadAction\",\"target\":[\"https:\\\/\\\/naturalsoap.lv\\\/en\\\/es-fondi\\\/\"]}]},{\"@type\":\"ImageObject\",\"inLanguage\":\"lv-LV\",\"@id\":\"https:\\\/\\\/naturalsoap.lv\\\/en\\\/es-fondi\\\/#primaryimage\",\"url\":\"https:\\\/\\\/https:\\\/\\\/naturalsoap.lv\\\/\\\/wp-content\\\/uploads\\\/2023\\\/11\\\/LV_ID_EU_logo_ansamblis_ERAF_RGB-300x62.png\",\"contentUrl\":\"https:\\\/\\\/https:\\\/\\\/naturalsoap.lv\\\/\\\/wp-content\\\/uploads\\\/2023\\\/11\\\/LV_ID_EU_logo_ansamblis_ERAF_RGB-300x62.png\"},{\"@type\":\"BreadcrumbList\",\"@id\":\"https:\\\/\\\/naturalsoap.lv\\\/en\\\/es-fondi\\\/#breadcrumb\",\"itemListElement\":[{\"@type\":\"ListItem\",\"position\":1,\"name\":\"Home\",\"item\":\"https:\\\/\\\/naturalsoap.lv\\\/en\\\/\"},{\"@type\":\"ListItem\",\"position\":2,\"name\":\"(Latvie\u0161u) ES Fondi\"}]},{\"@type\":\"WebSite\",\"@id\":\"https:\\\/\\\/naturalsoap.lv\\\/en\\\/#website\",\"url\":\"https:\\\/\\\/naturalsoap.lv\\\/en\\\/\",\"name\":\"NATURAL SOAP\",\"description\":\"Kosm\u0113tika vannai un du\u0161ai. Roku darbs.\",\"publisher\":{\"@id\":\"https:\\\/\\\/naturalsoap.lv\\\/en\\\/#organization\"},\"potentialAction\":[{\"@type\":\"SearchAction\",\"target\":{\"@type\":\"EntryPoint\",\"urlTemplate\":\"https:\\\/\\\/naturalsoap.lv\\\/en\\\/?s={search_term_string}\"},\"query-input\":{\"@type\":\"PropertyValueSpecification\",\"valueRequired\":true,\"valueName\":\"search_term_string\"}}],\"inLanguage\":\"lv-LV\"},{\"@type\":\"Organization\",\"@id\":\"https:\\\/\\\/naturalsoap.lv\\\/en\\\/#organization\",\"name\":\"NATURAL SOAP\",\"url\":\"https:\\\/\\\/naturalsoap.lv\\\/en\\\/\",\"logo\":{\"@type\":\"ImageObject\",\"inLanguage\":\"lv-LV\",\"@id\":\"https:\\\/\\\/naturalsoap.lv\\\/en\\\/#\\\/schema\\\/logo\\\/image\\\/\",\"url\":\"https:\\\/\\\/naturalsoap.lv\\\/wp-content\\\/uploads\\\/2024\\\/05\\\/Logo.svg\",\"contentUrl\":\"https:\\\/\\\/naturalsoap.lv\\\/wp-content\\\/uploads\\\/2024\\\/05\\\/Logo.svg\",\"width\":125,\"height\":34,\"caption\":\"NATURAL SOAP\"},\"image\":{\"@id\":\"https:\\\/\\\/naturalsoap.lv\\\/en\\\/#\\\/schema\\\/logo\\\/image\\\/\"}}]}<\/script>\n<!-- \/ Yoast SEO Premium plugin. -->","yoast_head_json":{"title":"[:lv]ES Fondi[:] - NATURAL SOAP","robots":{"index":"index","follow":"follow","max-snippet":"max-snippet:-1","max-image-preview":"max-image-preview:large","max-video-preview":"max-video-preview:-1"},"canonical":"https:\/\/naturalsoap.lv\/en\/es-fondi\/","og_locale":"lv_LV","og_type":"article","og_title":"[:lv]ES Fondi[:]","og_description":"SIA \u2018GARTDA\u2019 nosl\u0113dza l\u012bgumu Nr. SKV \u2013 L \u2013 2016\/83 ar Latvijas Invest\u012bciju un att\u012bst\u012bbas a\u0123ent\u016bru par projekta &#8220;SIA GARTDA dal\u012bba nacion\u0101laj\u0101 stend\u0101 izst\u0101d\u0113 &#8220;Beautyworld Middle East&#8221; Apvienotajos Ar\u0101bu Emir\u0101tos, kas norisin\u0101sies 2023. gada 30. oktobr\u012b\u20131.novemb\u012b Dubaij\u0101\u00a0\u012bsteno\u0161anu, ko l\u012bdzfinans\u0113 Eiropas Re\u0123ion\u0101l\u0101s att\u012bst\u012bbas fonds. SIA \u2018GARTDA\u2019 nosl\u0113dza l\u012bgumu Nr. SKV \u2013 L \u2013 2016\/83 ar Latvijas [&hellip;]","og_url":"https:\/\/naturalsoap.lv\/en\/es-fondi\/","og_site_name":"NATURAL SOAP","og_image":[{"url":"https:\/\/https:\/\/naturalsoap.lv\/\/wp-content\/uploads\/2023\/11\/LV_ID_EU_logo_ansamblis_ERAF_RGB-300x62.png","type":"","width":"","height":""}],"twitter_card":"summary_large_image","twitter_misc":{"Est. reading time":"4 minutes"},"schema":{"@context":"https:\/\/schema.org","@graph":[{"@type":"WebPage","@id":"https:\/\/naturalsoap.lv\/en\/es-fondi\/","url":"https:\/\/naturalsoap.lv\/en\/es-fondi\/","name":"[:lv]ES Fondi[:] - NATURAL SOAP","isPartOf":{"@id":"https:\/\/naturalsoap.lv\/en\/#website"},"primaryImageOfPage":{"@id":"https:\/\/naturalsoap.lv\/en\/es-fondi\/#primaryimage"},"image":{"@id":"https:\/\/naturalsoap.lv\/en\/es-fondi\/#primaryimage"},"thumbnailUrl":"https:\/\/https:\/\/naturalsoap.lv\/\/wp-content\/uploads\/2023\/11\/LV_ID_EU_logo_ansamblis_ERAF_RGB-300x62.png","datePublished":"2024-06-03T11:43:44+00:00","breadcrumb":{"@id":"https:\/\/naturalsoap.lv\/en\/es-fondi\/#breadcrumb"},"inLanguage":"lv-LV","potentialAction":[{"@type":"ReadAction","target":["https:\/\/naturalsoap.lv\/en\/es-fondi\/"]}]},{"@type":"ImageObject","inLanguage":"lv-LV","@id":"https:\/\/naturalsoap.lv\/en\/es-fondi\/#primaryimage","url":"https:\/\/https:\/\/naturalsoap.lv\/\/wp-content\/uploads\/2023\/11\/LV_ID_EU_logo_ansamblis_ERAF_RGB-300x62.png","contentUrl":"https:\/\/https:\/\/naturalsoap.lv\/\/wp-content\/uploads\/2023\/11\/LV_ID_EU_logo_ansamblis_ERAF_RGB-300x62.png"},{"@type":"BreadcrumbList","@id":"https:\/\/naturalsoap.lv\/en\/es-fondi\/#breadcrumb","itemListElement":[{"@type":"ListItem","position":1,"name":"Home","item":"https:\/\/naturalsoap.lv\/en\/"},{"@type":"ListItem","position":2,"name":"(Latvie\u0161u) ES Fondi"}]},{"@type":"WebSite","@id":"https:\/\/naturalsoap.lv\/en\/#website","url":"https:\/\/naturalsoap.lv\/en\/","name":"NATURAL SOAP","description":"Kosm\u0113tika vannai un du\u0161ai. Roku darbs.","publisher":{"@id":"https:\/\/naturalsoap.lv\/en\/#organization"},"potentialAction":[{"@type":"SearchAction","target":{"@type":"EntryPoint","urlTemplate":"https:\/\/naturalsoap.lv\/en\/?s={search_term_string}"},"query-input":{"@type":"PropertyValueSpecification","valueRequired":true,"valueName":"search_term_string"}}],"inLanguage":"lv-LV"},{"@type":"Organization","@id":"https:\/\/naturalsoap.lv\/en\/#organization","name":"NATURAL SOAP","url":"https:\/\/naturalsoap.lv\/en\/","logo":{"@type":"ImageObject","inLanguage":"lv-LV","@id":"https:\/\/naturalsoap.lv\/en\/#\/schema\/logo\/image\/","url":"https:\/\/naturalsoap.lv\/wp-content\/uploads\/2024\/05\/Logo.svg","contentUrl":"https:\/\/naturalsoap.lv\/wp-content\/uploads\/2024\/05\/Logo.svg","width":125,"height":34,"caption":"NATURAL SOAP"},"image":{"@id":"https:\/\/naturalsoap.lv\/en\/#\/schema\/logo\/image\/"}}]}},"_links":{"self":[{"href":"https:\/\/naturalsoap.lv\/lv\/wp-json\/wp\/v2\/pages\/15682","targetHints":{"allow":["GET"]}}],"collection":[{"href":"https:\/\/naturalsoap.lv\/lv\/wp-json\/wp\/v2\/pages"}],"about":[{"href":"https:\/\/naturalsoap.lv\/lv\/wp-json\/wp\/v2\/types\/page"}],"author":[{"embeddable":true,"href":"https:\/\/naturalsoap.lv\/lv\/wp-json\/wp\/v2\/users\/1"}],"replies":[{"embeddable":true,"href":"https:\/\/naturalsoap.lv\/lv\/wp-json\/wp\/v2\/comments?post=15682"}],"version-history":[{"count":1,"href":"https:\/\/naturalsoap.lv\/lv\/wp-json\/wp\/v2\/pages\/15682\/revisions"}],"predecessor-version":[{"id":15684,"href":"https:\/\/naturalsoap.lv\/lv\/wp-json\/wp\/v2\/pages\/15682\/revisions\/15684"}],"wp:attachment":[{"href":"https:\/\/naturalsoap.lv\/lv\/wp-json\/wp\/v2\/media?parent=15682"}],"curies":[{"name":"wp","href":"https:\/\/api.w.org\/{rel}","templated":true}]}}