{"id":15648,"date":"2024-06-03T10:57:07","date_gmt":"2024-06-03T10:57:07","guid":{"rendered":"https:\/\/321.optimum.lv\/?page_id=15648"},"modified":"2024-06-03T10:57:21","modified_gmt":"2024-06-03T10:57:21","slug":"payment","status":"publish","type":"page","link":"https:\/\/naturalsoap.lv\/lv\/payment\/","title":{"rendered":"Apmaksa"},"content":{"rendered":"<p><\/p>\n<h2>1. Ar bankas p\u0101rskait\u012bjumu.<\/h2>\n<p>Iep\u0113rkoties internet\u0101, autom\u0101tiski tiks \u0123ener\u0113ta un uz j\u016bsu e-pastu nos\u016bt\u012bta r\u0113\u0137ina pavadz\u012bme, kuru varat samaks\u0101t ar bankas p\u0101rskait\u012bjumu. Maks\u0101juma viet\u0101 nor\u0101diet pas\u016bt\u012bjuma vai r\u0113\u0137ina numuru. Ja maks\u0101jumu gribat veikt no citas bankas un v\u0113laties, ka preces tiktu izs\u016bt\u012btas taj\u0101 pa\u0161\u0101 dien\u0101, uzreiz ats\u016btiet mums maks\u0101juma apstiprin\u0101juma kopiju uz epastu\u00a0<a href=\"mailto:info@gartda.lv\">info@gartda.lv<\/a>\u00a0un j\u016bsu maks\u0101jums tiks apstiprin\u0101ts.<\/p>\n<p><strong>M\u016bsu \u00a0rekviz\u012bti:<\/strong><\/p>\n<p><strong>SIA GARTDA<\/strong><\/p>\n<p>Re\u0123.Nr. 41503017527<\/p>\n<p>VAT Re\u0123.Nr. LV41503017527<\/p>\n<p>Adrese: Vi\u0161\u0137u iela 21P, Daugavpils, LV-5410, Latvija<\/p>\n<p>Bank: A\/S\u00a0 SWEDBANK<\/p>\n<p>IBAN: LV88HABA0551002795040<\/p>\n<p>S.W.I.F.T.: HABALV22<\/p>\n<p>L\u016bdzu nor\u0101d\u012bt\u00a0<strong>maks\u0101juma m\u0113r\u0137i<\/strong>, pavadz\u012bmes vai fakt\u016brr\u0113\u0137ina numuru!<\/p>\n<p>Ja apmaksa netiek veikta 7 darba dienu laik\u0101, pas\u016bt\u012bjums tiek anul\u0113ts.<\/p>\n<h2>2. Apmaksa pre\u010du sa\u0146em\u0161anas br\u012bd\u012b (skaidr\u0101 naud\u0101 vai ar karti):<\/h2>\n<p>Visiem klientiem, kuri sa\u0146em savus pas\u016bt\u012bjumus no noliktavas\u00a0<a href=\"https:\/\/goo.gl\/maps\/hNLjgMSdtSeeTmQU9\" target=\"_blank\" rel=\"nofollow noopener\">Alejas iela 73,\u00a0Daugavpils, Latvija,\u00a0LV-5401<\/a>, ir iesp\u0113ja par tiem samaks\u0101t pre\u010du sa\u0146em\u0161anas br\u012bd\u012b skaidr\u0101 naud\u0101 vai ar bankas karti. Apstiprinot pas\u016bt\u012bjumu, J\u016bs uz e-pastu sa\u0146emsiet standartisko pas\u016bt\u012bjumu apstiprino\u0161u v\u0113stuli kop\u0101 ar priek\u0161apmaksas r\u0113\u0137inu, un kad preces b\u016bs saliktas un sagatavotas sa\u0146em\u0161anai &#8211; sa\u0146emsiet v\u0113l vienu v\u0113stuli ar izmain\u012bto J\u016bsu pas\u016bt\u012bjuma st\u0101vokli. Kad sa\u0146emsiet min\u0113to v\u0113stuli, var\u0113siet atbraukt uz m\u016bsu noliktavu un sa\u0146emt savu pas\u016bt\u012bjumu, par to samaks\u0101jot skaidr\u0101 naud\u0101 vai ar karti. Noliktavas andrese un darba laiks ir nor\u0101d\u012bts\u00a0kontaktusada\u013c\u0101.<\/p>","protected":false},"excerpt":{"rendered":"<p>1. Ar bankas p\u0101rskait\u012bjumu. Iep\u0113rkoties internet\u0101, autom\u0101tiski tiks \u0123ener\u0113ta un uz j\u016bsu e-pastu nos\u016bt\u012bta r\u0113\u0137ina pavadz\u012bme, kuru varat samaks\u0101t ar bankas p\u0101rskait\u012bjumu. Maks\u0101juma viet\u0101 nor\u0101diet pas\u016bt\u012bjuma vai r\u0113\u0137ina numuru. Ja maks\u0101jumu gribat veikt no citas bankas un v\u0113laties, ka preces tiktu izs\u016bt\u012btas taj\u0101 pa\u0161\u0101 dien\u0101, uzreiz ats\u016btiet mums maks\u0101juma apstiprin\u0101juma kopiju uz epastu\u00a0info@gartda.lv\u00a0un j\u016bsu maks\u0101jums [&hellip;]<\/p>\n","protected":false},"author":1,"featured_media":0,"parent":0,"menu_order":0,"comment_status":"closed","ping_status":"closed","template":"","meta":{"footnotes":""},"class_list":["post-15648","page","type-page","status-publish","hentry"],"blocksy_meta":[],"yoast_head":"<!-- This site is optimized with the Yoast SEO Premium plugin v22.6 (Yoast SEO v27.3) - https:\/\/yoast.com\/product\/yoast-seo-premium-wordpress\/ -->\n<title>Apmaksa - NATURAL SOAP<\/title>\n<meta name=\"robots\" content=\"index, follow, max-snippet:-1, max-image-preview:large, max-video-preview:-1\" \/>\n<link rel=\"canonical\" href=\"https:\/\/naturalsoap.lv\/ru\/payment\/\" \/>\n<meta property=\"og:locale\" content=\"lv_LV\" \/>\n<meta property=\"og:type\" content=\"article\" \/>\n<meta property=\"og:title\" content=\"[:lv]Apmaksa[:en]Payment[:de]Zahlung[:ru]\u041e\u043f\u043b\u0430\u0442\u0430[:]\" \/>\n<meta property=\"og:description\" content=\"1. Ar bankas p\u0101rskait\u012bjumu. Iep\u0113rkoties internet\u0101, autom\u0101tiski tiks \u0123ener\u0113ta un uz j\u016bsu e-pastu nos\u016bt\u012bta r\u0113\u0137ina pavadz\u012bme, kuru varat samaks\u0101t ar bankas p\u0101rskait\u012bjumu. Maks\u0101juma viet\u0101 nor\u0101diet pas\u016bt\u012bjuma vai r\u0113\u0137ina numuru. Ja maks\u0101jumu gribat veikt no citas bankas un v\u0113laties, ka preces tiktu izs\u016bt\u012btas taj\u0101 pa\u0161\u0101 dien\u0101, uzreiz ats\u016btiet mums maks\u0101juma apstiprin\u0101juma kopiju uz epastu\u00a0info@gartda.lv\u00a0un j\u016bsu maks\u0101jums [&hellip;]\" \/>\n<meta property=\"og:url\" content=\"https:\/\/naturalsoap.lv\/ru\/payment\/\" \/>\n<meta property=\"og:site_name\" content=\"NATURAL SOAP\" \/>\n<meta property=\"article:modified_time\" content=\"2024-06-03T10:57:21+00:00\" \/>\n<meta name=\"twitter:card\" content=\"summary_large_image\" \/>\n<meta name=\"twitter:label1\" content=\"Est. reading time\" \/>\n\t<meta name=\"twitter:data1\" content=\"3 minutes\" \/>\n<script type=\"application\/ld+json\" class=\"yoast-schema-graph\">{\"@context\":\"https:\\\/\\\/schema.org\",\"@graph\":[{\"@type\":\"WebPage\",\"@id\":\"https:\\\/\\\/naturalsoap.lv\\\/ru\\\/payment\\\/\",\"url\":\"https:\\\/\\\/naturalsoap.lv\\\/ru\\\/payment\\\/\",\"name\":\"[:lv]Apmaksa[:en]Payment[:de]Zahlung[:ru]\u041e\u043f\u043b\u0430\u0442\u0430[:] - NATURAL SOAP\",\"isPartOf\":{\"@id\":\"https:\\\/\\\/naturalsoap.lv\\\/en\\\/#website\"},\"datePublished\":\"2024-06-03T10:57:07+00:00\",\"dateModified\":\"2024-06-03T10:57:21+00:00\",\"breadcrumb\":{\"@id\":\"https:\\\/\\\/naturalsoap.lv\\\/ru\\\/payment\\\/#breadcrumb\"},\"inLanguage\":\"lv-LV\",\"potentialAction\":[{\"@type\":\"ReadAction\",\"target\":[\"https:\\\/\\\/naturalsoap.lv\\\/ru\\\/payment\\\/\"]}]},{\"@type\":\"BreadcrumbList\",\"@id\":\"https:\\\/\\\/naturalsoap.lv\\\/ru\\\/payment\\\/#breadcrumb\",\"itemListElement\":[{\"@type\":\"ListItem\",\"position\":1,\"name\":\"Home\",\"item\":\"https:\\\/\\\/naturalsoap.lv\\\/en\\\/\"},{\"@type\":\"ListItem\",\"position\":2,\"name\":\"\u041e\u043f\u043b\u0430\u0442\u0430\"}]},{\"@type\":\"WebSite\",\"@id\":\"https:\\\/\\\/naturalsoap.lv\\\/en\\\/#website\",\"url\":\"https:\\\/\\\/naturalsoap.lv\\\/en\\\/\",\"name\":\"NATURAL SOAP\",\"description\":\"Kosm\u0113tika vannai un du\u0161ai. Roku darbs.\",\"publisher\":{\"@id\":\"https:\\\/\\\/naturalsoap.lv\\\/en\\\/#organization\"},\"potentialAction\":[{\"@type\":\"SearchAction\",\"target\":{\"@type\":\"EntryPoint\",\"urlTemplate\":\"https:\\\/\\\/naturalsoap.lv\\\/en\\\/?s={search_term_string}\"},\"query-input\":{\"@type\":\"PropertyValueSpecification\",\"valueRequired\":true,\"valueName\":\"search_term_string\"}}],\"inLanguage\":\"lv-LV\"},{\"@type\":\"Organization\",\"@id\":\"https:\\\/\\\/naturalsoap.lv\\\/en\\\/#organization\",\"name\":\"NATURAL SOAP\",\"url\":\"https:\\\/\\\/naturalsoap.lv\\\/en\\\/\",\"logo\":{\"@type\":\"ImageObject\",\"inLanguage\":\"lv-LV\",\"@id\":\"https:\\\/\\\/naturalsoap.lv\\\/en\\\/#\\\/schema\\\/logo\\\/image\\\/\",\"url\":\"https:\\\/\\\/naturalsoap.lv\\\/wp-content\\\/uploads\\\/2024\\\/05\\\/Logo.svg\",\"contentUrl\":\"https:\\\/\\\/naturalsoap.lv\\\/wp-content\\\/uploads\\\/2024\\\/05\\\/Logo.svg\",\"width\":125,\"height\":34,\"caption\":\"NATURAL SOAP\"},\"image\":{\"@id\":\"https:\\\/\\\/naturalsoap.lv\\\/en\\\/#\\\/schema\\\/logo\\\/image\\\/\"}}]}<\/script>\n<!-- \/ Yoast SEO Premium plugin. -->","yoast_head_json":{"title":"[:lv]Apmaksa[:en]Payment[:de]Zahlung[:ru]\u041e\u043f\u043b\u0430\u0442\u0430[:] - NATURAL SOAP","robots":{"index":"index","follow":"follow","max-snippet":"max-snippet:-1","max-image-preview":"max-image-preview:large","max-video-preview":"max-video-preview:-1"},"canonical":"https:\/\/naturalsoap.lv\/ru\/payment\/","og_locale":"lv_LV","og_type":"article","og_title":"[:lv]Apmaksa[:en]Payment[:de]Zahlung[:ru]\u041e\u043f\u043b\u0430\u0442\u0430[:]","og_description":"1. Ar bankas p\u0101rskait\u012bjumu. Iep\u0113rkoties internet\u0101, autom\u0101tiski tiks \u0123ener\u0113ta un uz j\u016bsu e-pastu nos\u016bt\u012bta r\u0113\u0137ina pavadz\u012bme, kuru varat samaks\u0101t ar bankas p\u0101rskait\u012bjumu. Maks\u0101juma viet\u0101 nor\u0101diet pas\u016bt\u012bjuma vai r\u0113\u0137ina numuru. Ja maks\u0101jumu gribat veikt no citas bankas un v\u0113laties, ka preces tiktu izs\u016bt\u012btas taj\u0101 pa\u0161\u0101 dien\u0101, uzreiz ats\u016btiet mums maks\u0101juma apstiprin\u0101juma kopiju uz epastu\u00a0info@gartda.lv\u00a0un j\u016bsu maks\u0101jums [&hellip;]","og_url":"https:\/\/naturalsoap.lv\/ru\/payment\/","og_site_name":"NATURAL SOAP","article_modified_time":"2024-06-03T10:57:21+00:00","twitter_card":"summary_large_image","twitter_misc":{"Est. reading time":"3 minutes"},"schema":{"@context":"https:\/\/schema.org","@graph":[{"@type":"WebPage","@id":"https:\/\/naturalsoap.lv\/ru\/payment\/","url":"https:\/\/naturalsoap.lv\/ru\/payment\/","name":"[:lv]Apmaksa[:en]Payment[:de]Zahlung[:ru]\u041e\u043f\u043b\u0430\u0442\u0430[:] - NATURAL SOAP","isPartOf":{"@id":"https:\/\/naturalsoap.lv\/en\/#website"},"datePublished":"2024-06-03T10:57:07+00:00","dateModified":"2024-06-03T10:57:21+00:00","breadcrumb":{"@id":"https:\/\/naturalsoap.lv\/ru\/payment\/#breadcrumb"},"inLanguage":"lv-LV","potentialAction":[{"@type":"ReadAction","target":["https:\/\/naturalsoap.lv\/ru\/payment\/"]}]},{"@type":"BreadcrumbList","@id":"https:\/\/naturalsoap.lv\/ru\/payment\/#breadcrumb","itemListElement":[{"@type":"ListItem","position":1,"name":"Home","item":"https:\/\/naturalsoap.lv\/en\/"},{"@type":"ListItem","position":2,"name":"\u041e\u043f\u043b\u0430\u0442\u0430"}]},{"@type":"WebSite","@id":"https:\/\/naturalsoap.lv\/en\/#website","url":"https:\/\/naturalsoap.lv\/en\/","name":"NATURAL SOAP","description":"Kosm\u0113tika vannai un du\u0161ai. Roku darbs.","publisher":{"@id":"https:\/\/naturalsoap.lv\/en\/#organization"},"potentialAction":[{"@type":"SearchAction","target":{"@type":"EntryPoint","urlTemplate":"https:\/\/naturalsoap.lv\/en\/?s={search_term_string}"},"query-input":{"@type":"PropertyValueSpecification","valueRequired":true,"valueName":"search_term_string"}}],"inLanguage":"lv-LV"},{"@type":"Organization","@id":"https:\/\/naturalsoap.lv\/en\/#organization","name":"NATURAL SOAP","url":"https:\/\/naturalsoap.lv\/en\/","logo":{"@type":"ImageObject","inLanguage":"lv-LV","@id":"https:\/\/naturalsoap.lv\/en\/#\/schema\/logo\/image\/","url":"https:\/\/naturalsoap.lv\/wp-content\/uploads\/2024\/05\/Logo.svg","contentUrl":"https:\/\/naturalsoap.lv\/wp-content\/uploads\/2024\/05\/Logo.svg","width":125,"height":34,"caption":"NATURAL SOAP"},"image":{"@id":"https:\/\/naturalsoap.lv\/en\/#\/schema\/logo\/image\/"}}]}},"_links":{"self":[{"href":"https:\/\/naturalsoap.lv\/lv\/wp-json\/wp\/v2\/pages\/15648","targetHints":{"allow":["GET"]}}],"collection":[{"href":"https:\/\/naturalsoap.lv\/lv\/wp-json\/wp\/v2\/pages"}],"about":[{"href":"https:\/\/naturalsoap.lv\/lv\/wp-json\/wp\/v2\/types\/page"}],"author":[{"embeddable":true,"href":"https:\/\/naturalsoap.lv\/lv\/wp-json\/wp\/v2\/users\/1"}],"replies":[{"embeddable":true,"href":"https:\/\/naturalsoap.lv\/lv\/wp-json\/wp\/v2\/comments?post=15648"}],"version-history":[{"count":1,"href":"https:\/\/naturalsoap.lv\/lv\/wp-json\/wp\/v2\/pages\/15648\/revisions"}],"predecessor-version":[{"id":15650,"href":"https:\/\/naturalsoap.lv\/lv\/wp-json\/wp\/v2\/pages\/15648\/revisions\/15650"}],"wp:attachment":[{"href":"https:\/\/naturalsoap.lv\/lv\/wp-json\/wp\/v2\/media?parent=15648"}],"curies":[{"name":"wp","href":"https:\/\/api.w.org\/{rel}","templated":true}]}}