{"id":15644,"date":"2024-06-03T10:54:53","date_gmt":"2024-06-03T10:54:53","guid":{"rendered":"https:\/\/321.optimum.lv\/?page_id=15644"},"modified":"2024-06-03T10:55:17","modified_gmt":"2024-06-03T10:55:17","slug":"delivery","status":"publish","type":"page","link":"https:\/\/naturalsoap.lv\/lv\/delivery\/","title":{"rendered":"Pieg\u0101des noteikumi"},"content":{"rendered":"<p><\/p>\n<h3>1. Pre\u010du pieg\u0101de ar kurjeru:<\/h3>\n<p><strong>Pieg\u0101des cena ir s\u0101kot no \u20ac10,00(bez PVN)<\/strong>\u00a0Latvij\u0101 un ir atkar\u012bga no kop\u0113j\u0101 svara. Prec\u012bza pieg\u0101des cena tiks apr\u0113\u0137in\u0101ta iepirkumu groz\u0101, \u0146emot v\u0113r\u0101 svaru un tilpumu.<\/p>\n<h3>2. Pre\u010du pieg\u0101de Omniva, Venipak pakom\u0101t\u0101:<\/h3>\n<p>Pieg\u0101des cena ir\u00a0<strong>s\u0101kot no \u20ac4,80(bez PVN)<\/strong>\u00a0neatkar\u012bgi no pakom\u0101ta kast\u012btes izm\u0113ra.<\/p>\n<h3>3.\u00a0 Bezmaksas pre\u010du pieg\u0101de:<\/h3>\n<p>Pre\u010du sa\u0146em\u0161ana\/ieg\u0101de no candle.lv veikala NATURE Daugavpil\u012b. Vair\u0101k inform\u0101cija par adresi <a href=\"https:\/\/goo.gl\/maps\/WtS1ykPRWPDkzEpk7\" target=\"_blank\" rel=\"noopener\">Alejas iela 73, Daugavpils, LV-5401, Latvija<\/a>. t.65420843<\/p>","protected":false},"excerpt":{"rendered":"<p>1. Pre\u010du pieg\u0101de ar kurjeru: Pieg\u0101des cena ir s\u0101kot no \u20ac10,00(bez PVN)\u00a0Latvij\u0101 un ir atkar\u012bga no kop\u0113j\u0101 svara. Prec\u012bza pieg\u0101des cena tiks apr\u0113\u0137in\u0101ta iepirkumu groz\u0101, \u0146emot v\u0113r\u0101 svaru un tilpumu. 2. Pre\u010du pieg\u0101de Omniva, Venipak pakom\u0101t\u0101: Pieg\u0101des cena ir\u00a0s\u0101kot no \u20ac4,80(bez PVN)\u00a0neatkar\u012bgi no pakom\u0101ta kast\u012btes izm\u0113ra. 3.\u00a0 Bezmaksas pre\u010du pieg\u0101de: Pre\u010du sa\u0146em\u0161ana\/ieg\u0101de no candle.lv veikala [&hellip;]<\/p>\n","protected":false},"author":1,"featured_media":0,"parent":0,"menu_order":0,"comment_status":"closed","ping_status":"closed","template":"","meta":{"footnotes":""},"class_list":["post-15644","page","type-page","status-publish","hentry"],"blocksy_meta":[],"yoast_head":"<!-- This site is optimized with the Yoast SEO Premium plugin v22.6 (Yoast SEO v27.3) - https:\/\/yoast.com\/product\/yoast-seo-premium-wordpress\/ -->\n<title>Pieg\u0101des noteikumi - NATURAL SOAP<\/title>\n<meta name=\"robots\" content=\"index, follow, max-snippet:-1, max-image-preview:large, max-video-preview:-1\" \/>\n<link rel=\"canonical\" href=\"https:\/\/naturalsoap.lv\/de\/delivery\/\" \/>\n<meta property=\"og:locale\" content=\"lv_LV\" \/>\n<meta property=\"og:type\" content=\"article\" \/>\n<meta property=\"og:title\" content=\"[:lv]Pieg\u0101des noteikumi[:en]Delivery[:de]Lieferung[:ru]\u0414\u043e\u0441\u0442\u0430\u0432\u043a\u0430[:]\" \/>\n<meta property=\"og:description\" content=\"1. Pre\u010du pieg\u0101de ar kurjeru: Pieg\u0101des cena ir s\u0101kot no \u20ac10,00(bez PVN)\u00a0Latvij\u0101 un ir atkar\u012bga no kop\u0113j\u0101 svara. Prec\u012bza pieg\u0101des cena tiks apr\u0113\u0137in\u0101ta iepirkumu groz\u0101, \u0146emot v\u0113r\u0101 svaru un tilpumu. 2. Pre\u010du pieg\u0101de Omniva, Venipak pakom\u0101t\u0101: Pieg\u0101des cena ir\u00a0s\u0101kot no \u20ac4,80(bez PVN)\u00a0neatkar\u012bgi no pakom\u0101ta kast\u012btes izm\u0113ra. 3.\u00a0 Bezmaksas pre\u010du pieg\u0101de: Pre\u010du sa\u0146em\u0161ana\/ieg\u0101de no candle.lv veikala [&hellip;]\" \/>\n<meta property=\"og:url\" content=\"https:\/\/naturalsoap.lv\/de\/delivery\/\" \/>\n<meta property=\"og:site_name\" content=\"NATURAL SOAP\" \/>\n<meta property=\"article:modified_time\" content=\"2024-06-03T10:55:17+00:00\" \/>\n<meta name=\"twitter:card\" content=\"summary_large_image\" \/>\n<meta name=\"twitter:label1\" content=\"Est. reading time\" \/>\n\t<meta name=\"twitter:data1\" content=\"1 minute\" \/>\n<script type=\"application\/ld+json\" class=\"yoast-schema-graph\">{\"@context\":\"https:\\\/\\\/schema.org\",\"@graph\":[{\"@type\":\"WebPage\",\"@id\":\"https:\\\/\\\/naturalsoap.lv\\\/de\\\/delivery\\\/\",\"url\":\"https:\\\/\\\/naturalsoap.lv\\\/de\\\/delivery\\\/\",\"name\":\"[:lv]Pieg\u0101des noteikumi[:en]Delivery[:de]Lieferung[:ru]\u0414\u043e\u0441\u0442\u0430\u0432\u043a\u0430[:] - NATURAL SOAP\",\"isPartOf\":{\"@id\":\"https:\\\/\\\/naturalsoap.lv\\\/en\\\/#website\"},\"datePublished\":\"2024-06-03T10:54:53+00:00\",\"dateModified\":\"2024-06-03T10:55:17+00:00\",\"breadcrumb\":{\"@id\":\"https:\\\/\\\/naturalsoap.lv\\\/de\\\/delivery\\\/#breadcrumb\"},\"inLanguage\":\"lv-LV\",\"potentialAction\":[{\"@type\":\"ReadAction\",\"target\":[\"https:\\\/\\\/naturalsoap.lv\\\/de\\\/delivery\\\/\"]}]},{\"@type\":\"BreadcrumbList\",\"@id\":\"https:\\\/\\\/naturalsoap.lv\\\/de\\\/delivery\\\/#breadcrumb\",\"itemListElement\":[{\"@type\":\"ListItem\",\"position\":1,\"name\":\"Home\",\"item\":\"https:\\\/\\\/naturalsoap.lv\\\/en\\\/\"},{\"@type\":\"ListItem\",\"position\":2,\"name\":\"Lieferung\"}]},{\"@type\":\"WebSite\",\"@id\":\"https:\\\/\\\/naturalsoap.lv\\\/en\\\/#website\",\"url\":\"https:\\\/\\\/naturalsoap.lv\\\/en\\\/\",\"name\":\"NATURAL SOAP\",\"description\":\"Kosm\u0113tika vannai un du\u0161ai. Roku darbs.\",\"publisher\":{\"@id\":\"https:\\\/\\\/naturalsoap.lv\\\/en\\\/#organization\"},\"potentialAction\":[{\"@type\":\"SearchAction\",\"target\":{\"@type\":\"EntryPoint\",\"urlTemplate\":\"https:\\\/\\\/naturalsoap.lv\\\/en\\\/?s={search_term_string}\"},\"query-input\":{\"@type\":\"PropertyValueSpecification\",\"valueRequired\":true,\"valueName\":\"search_term_string\"}}],\"inLanguage\":\"lv-LV\"},{\"@type\":\"Organization\",\"@id\":\"https:\\\/\\\/naturalsoap.lv\\\/en\\\/#organization\",\"name\":\"NATURAL SOAP\",\"url\":\"https:\\\/\\\/naturalsoap.lv\\\/en\\\/\",\"logo\":{\"@type\":\"ImageObject\",\"inLanguage\":\"lv-LV\",\"@id\":\"https:\\\/\\\/naturalsoap.lv\\\/en\\\/#\\\/schema\\\/logo\\\/image\\\/\",\"url\":\"https:\\\/\\\/naturalsoap.lv\\\/wp-content\\\/uploads\\\/2024\\\/05\\\/Logo.svg\",\"contentUrl\":\"https:\\\/\\\/naturalsoap.lv\\\/wp-content\\\/uploads\\\/2024\\\/05\\\/Logo.svg\",\"width\":125,\"height\":34,\"caption\":\"NATURAL SOAP\"},\"image\":{\"@id\":\"https:\\\/\\\/naturalsoap.lv\\\/en\\\/#\\\/schema\\\/logo\\\/image\\\/\"}}]}<\/script>\n<!-- \/ Yoast SEO Premium plugin. -->","yoast_head_json":{"title":"[:lv]Pieg\u0101des noteikumi[:en]Delivery[:de]Lieferung[:ru]\u0414\u043e\u0441\u0442\u0430\u0432\u043a\u0430[:] - NATURAL SOAP","robots":{"index":"index","follow":"follow","max-snippet":"max-snippet:-1","max-image-preview":"max-image-preview:large","max-video-preview":"max-video-preview:-1"},"canonical":"https:\/\/naturalsoap.lv\/de\/delivery\/","og_locale":"lv_LV","og_type":"article","og_title":"[:lv]Pieg\u0101des noteikumi[:en]Delivery[:de]Lieferung[:ru]\u0414\u043e\u0441\u0442\u0430\u0432\u043a\u0430[:]","og_description":"1. Pre\u010du pieg\u0101de ar kurjeru: Pieg\u0101des cena ir s\u0101kot no \u20ac10,00(bez PVN)\u00a0Latvij\u0101 un ir atkar\u012bga no kop\u0113j\u0101 svara. Prec\u012bza pieg\u0101des cena tiks apr\u0113\u0137in\u0101ta iepirkumu groz\u0101, \u0146emot v\u0113r\u0101 svaru un tilpumu. 2. Pre\u010du pieg\u0101de Omniva, Venipak pakom\u0101t\u0101: Pieg\u0101des cena ir\u00a0s\u0101kot no \u20ac4,80(bez PVN)\u00a0neatkar\u012bgi no pakom\u0101ta kast\u012btes izm\u0113ra. 3.\u00a0 Bezmaksas pre\u010du pieg\u0101de: Pre\u010du sa\u0146em\u0161ana\/ieg\u0101de no candle.lv veikala [&hellip;]","og_url":"https:\/\/naturalsoap.lv\/de\/delivery\/","og_site_name":"NATURAL SOAP","article_modified_time":"2024-06-03T10:55:17+00:00","twitter_card":"summary_large_image","twitter_misc":{"Est. reading time":"1 minute"},"schema":{"@context":"https:\/\/schema.org","@graph":[{"@type":"WebPage","@id":"https:\/\/naturalsoap.lv\/de\/delivery\/","url":"https:\/\/naturalsoap.lv\/de\/delivery\/","name":"[:lv]Pieg\u0101des noteikumi[:en]Delivery[:de]Lieferung[:ru]\u0414\u043e\u0441\u0442\u0430\u0432\u043a\u0430[:] - NATURAL SOAP","isPartOf":{"@id":"https:\/\/naturalsoap.lv\/en\/#website"},"datePublished":"2024-06-03T10:54:53+00:00","dateModified":"2024-06-03T10:55:17+00:00","breadcrumb":{"@id":"https:\/\/naturalsoap.lv\/de\/delivery\/#breadcrumb"},"inLanguage":"lv-LV","potentialAction":[{"@type":"ReadAction","target":["https:\/\/naturalsoap.lv\/de\/delivery\/"]}]},{"@type":"BreadcrumbList","@id":"https:\/\/naturalsoap.lv\/de\/delivery\/#breadcrumb","itemListElement":[{"@type":"ListItem","position":1,"name":"Home","item":"https:\/\/naturalsoap.lv\/en\/"},{"@type":"ListItem","position":2,"name":"Lieferung"}]},{"@type":"WebSite","@id":"https:\/\/naturalsoap.lv\/en\/#website","url":"https:\/\/naturalsoap.lv\/en\/","name":"NATURAL SOAP","description":"Kosm\u0113tika vannai un du\u0161ai. Roku darbs.","publisher":{"@id":"https:\/\/naturalsoap.lv\/en\/#organization"},"potentialAction":[{"@type":"SearchAction","target":{"@type":"EntryPoint","urlTemplate":"https:\/\/naturalsoap.lv\/en\/?s={search_term_string}"},"query-input":{"@type":"PropertyValueSpecification","valueRequired":true,"valueName":"search_term_string"}}],"inLanguage":"lv-LV"},{"@type":"Organization","@id":"https:\/\/naturalsoap.lv\/en\/#organization","name":"NATURAL SOAP","url":"https:\/\/naturalsoap.lv\/en\/","logo":{"@type":"ImageObject","inLanguage":"lv-LV","@id":"https:\/\/naturalsoap.lv\/en\/#\/schema\/logo\/image\/","url":"https:\/\/naturalsoap.lv\/wp-content\/uploads\/2024\/05\/Logo.svg","contentUrl":"https:\/\/naturalsoap.lv\/wp-content\/uploads\/2024\/05\/Logo.svg","width":125,"height":34,"caption":"NATURAL SOAP"},"image":{"@id":"https:\/\/naturalsoap.lv\/en\/#\/schema\/logo\/image\/"}}]}},"_links":{"self":[{"href":"https:\/\/naturalsoap.lv\/lv\/wp-json\/wp\/v2\/pages\/15644","targetHints":{"allow":["GET"]}}],"collection":[{"href":"https:\/\/naturalsoap.lv\/lv\/wp-json\/wp\/v2\/pages"}],"about":[{"href":"https:\/\/naturalsoap.lv\/lv\/wp-json\/wp\/v2\/types\/page"}],"author":[{"embeddable":true,"href":"https:\/\/naturalsoap.lv\/lv\/wp-json\/wp\/v2\/users\/1"}],"replies":[{"embeddable":true,"href":"https:\/\/naturalsoap.lv\/lv\/wp-json\/wp\/v2\/comments?post=15644"}],"version-history":[{"count":1,"href":"https:\/\/naturalsoap.lv\/lv\/wp-json\/wp\/v2\/pages\/15644\/revisions"}],"predecessor-version":[{"id":15646,"href":"https:\/\/naturalsoap.lv\/lv\/wp-json\/wp\/v2\/pages\/15644\/revisions\/15646"}],"wp:attachment":[{"href":"https:\/\/naturalsoap.lv\/lv\/wp-json\/wp\/v2\/media?parent=15644"}],"curies":[{"name":"wp","href":"https:\/\/api.w.org\/{rel}","templated":true}]}}