{"id":14843,"date":"2024-05-30T07:12:25","date_gmt":"2024-05-30T07:12:25","guid":{"rendered":"https:\/\/321.optimum.lv\/product\/eteriska-ella-rosemary-spanish-10ml\/"},"modified":"2025-04-15T08:39:33","modified_gmt":"2025-04-15T08:39:33","slug":"eteriska-ella-rosemary-spanish-10ml","status":"publish","type":"product","link":"https:\/\/naturalsoap.lv\/en\/shop\/essential-oils\/eteriska-ella-rosemary-spanish-10ml\/","title":{"rendered":"Essential oil ROSEMARY SPANISH, 10ml"},"content":{"rendered":"<p>Rosemary essential oil &#8211; <em>Rosemarinus Officinalis<\/em><\/p>\n<p>Country of Origin: Spain<\/p>\n<p>Method of extraction: steam distillation<\/p>\n<p>10 ml in a dark glass bottle with a dispenser<\/p>\n<p>Has a refreshing, strong herbal scent<\/p>\n<p>Helps stimulate brain activity, memory<\/p>\n<p>It is also recommended for clearing the respiratory tract<\/p>\n<p>Used in cosmetics to improve hair and scalp health<\/p>\n<p>&#8212;&#8212;&#8212;&#8212;&#8212;&#8212;&#8212;&#8212;&#8212;&#8212;&#8212;<\/p>\n<p>ROSEMARY (CAMPHOR), ESSENTIAL OIL<\/p>\n<p>EUH208 Contains\/ EUCALYPTOL, CARYOPHYLLENE, PARA-CYMENE, MYRCENE<br \/>\nMAY CAUSE AN ALLERGIC REACTION!<\/p>\n<p>EUH210 Safety data sheet available upon request.<\/p>\n<p>DANGER! <img decoding=\"async\" class=\"alignnone wp-image-16273\" src=\"https:\/\/naturalsoap.lv\/wp-content\/uploads\/2025\/04\/image9-300x300.png\" alt=\"\" width=\"55\" height=\"55\" srcset=\"https:\/\/naturalsoap.lv\/wp-content\/uploads\/2025\/04\/image9-300x300.png 300w, https:\/\/naturalsoap.lv\/wp-content\/uploads\/2025\/04\/image9-100x100.png 100w, https:\/\/naturalsoap.lv\/wp-content\/uploads\/2025\/04\/image9-600x600.png 600w, https:\/\/naturalsoap.lv\/wp-content\/uploads\/2025\/04\/image9-400x400.png 400w, https:\/\/naturalsoap.lv\/wp-content\/uploads\/2025\/04\/image9-768x768.png 768w, https:\/\/naturalsoap.lv\/wp-content\/uploads\/2025\/04\/image9.png 1017w\" sizes=\"(max-width: 55px) 100vw, 55px\" \/><img decoding=\"async\" class=\"alignnone wp-image-16272\" src=\"https:\/\/naturalsoap.lv\/wp-content\/uploads\/2025\/04\/image7-300x300.png\" alt=\"\" width=\"55\" height=\"55\" srcset=\"https:\/\/naturalsoap.lv\/wp-content\/uploads\/2025\/04\/image7-300x300.png 300w, https:\/\/naturalsoap.lv\/wp-content\/uploads\/2025\/04\/image7-100x100.png 100w, https:\/\/naturalsoap.lv\/wp-content\/uploads\/2025\/04\/image7-600x600.png 600w, https:\/\/naturalsoap.lv\/wp-content\/uploads\/2025\/04\/image7-400x400.png 400w, https:\/\/naturalsoap.lv\/wp-content\/uploads\/2025\/04\/image7-768x768.png 768w, https:\/\/naturalsoap.lv\/wp-content\/uploads\/2025\/04\/image7.png 1017w\" sizes=\"(max-width: 55px) 100vw, 55px\" \/><img decoding=\"async\" class=\"alignnone wp-image-16270\" src=\"https:\/\/naturalsoap.lv\/wp-content\/uploads\/2025\/04\/GHS-pictogram-pollu.svg_-300x300.png\" alt=\"\" width=\"55\" height=\"55\" srcset=\"https:\/\/naturalsoap.lv\/wp-content\/uploads\/2025\/04\/GHS-pictogram-pollu.svg_-300x300.png 300w, https:\/\/naturalsoap.lv\/wp-content\/uploads\/2025\/04\/GHS-pictogram-pollu.svg_-100x100.png 100w, https:\/\/naturalsoap.lv\/wp-content\/uploads\/2025\/04\/GHS-pictogram-pollu.svg_-600x600.png 600w, https:\/\/naturalsoap.lv\/wp-content\/uploads\/2025\/04\/GHS-pictogram-pollu.svg_-400x400.png 400w, https:\/\/naturalsoap.lv\/wp-content\/uploads\/2025\/04\/GHS-pictogram-pollu.svg_-1024x1024.png 1024w, https:\/\/naturalsoap.lv\/wp-content\/uploads\/2025\/04\/GHS-pictogram-pollu.svg_-768x768.png 768w, https:\/\/naturalsoap.lv\/wp-content\/uploads\/2025\/04\/GHS-pictogram-pollu.svg_.png 1200w\" sizes=\"(max-width: 55px) 100vw, 55px\" \/><img loading=\"lazy\" decoding=\"async\" class=\"alignnone wp-image-16271\" src=\"https:\/\/naturalsoap.lv\/wp-content\/uploads\/2025\/04\/image1-300x300.png\" alt=\"\" width=\"55\" height=\"55\" srcset=\"https:\/\/naturalsoap.lv\/wp-content\/uploads\/2025\/04\/image1-300x300.png 300w, https:\/\/naturalsoap.lv\/wp-content\/uploads\/2025\/04\/image1-100x100.png 100w, https:\/\/naturalsoap.lv\/wp-content\/uploads\/2025\/04\/image1-600x600.png 600w, https:\/\/naturalsoap.lv\/wp-content\/uploads\/2025\/04\/image1-400x400.png 400w, https:\/\/naturalsoap.lv\/wp-content\/uploads\/2025\/04\/image1-768x768.png 768w, https:\/\/naturalsoap.lv\/wp-content\/uploads\/2025\/04\/image1.png 1017w\" sizes=\"(max-width: 55px) 100vw, 55px\" \/> <img loading=\"lazy\" decoding=\"async\" class=\"alignnone wp-image-16275\" src=\"https:\/\/naturalsoap.lv\/wp-content\/uploads\/2025\/04\/GHS05_acid_red.width-1280-300x300.png\" alt=\"\" width=\"55\" height=\"55\" srcset=\"https:\/\/naturalsoap.lv\/wp-content\/uploads\/2025\/04\/GHS05_acid_red.width-1280-300x300.png 300w, https:\/\/naturalsoap.lv\/wp-content\/uploads\/2025\/04\/GHS05_acid_red.width-1280-100x100.png 100w, https:\/\/naturalsoap.lv\/wp-content\/uploads\/2025\/04\/GHS05_acid_red.width-1280-600x600.png 600w, https:\/\/naturalsoap.lv\/wp-content\/uploads\/2025\/04\/GHS05_acid_red.width-1280-400x400.png 400w, https:\/\/naturalsoap.lv\/wp-content\/uploads\/2025\/04\/GHS05_acid_red.width-1280-1024x1024.png 1024w, https:\/\/naturalsoap.lv\/wp-content\/uploads\/2025\/04\/GHS05_acid_red.width-1280-768x768.png 768w, https:\/\/naturalsoap.lv\/wp-content\/uploads\/2025\/04\/GHS05_acid_red.width-1280.png 1280w\" sizes=\"(max-width: 55px) 100vw, 55px\" \/>Net: 10 ml<\/p>\n<p>H317: May cause an allergic skin reaction. H304: May be fatal if swallowed or enters airways. H318: Causes serious eye damage.<br \/>\nP302+P352: IF ON SKIN, wash with plenty of soap and water.P333+313: If skin irritation or rash occurs: Get medical advice\/attention. P321: Specific treatment (see medical advice on this label). P362+P364: Take off contaminated clothing and wash it before reuse. P301+P310: IF SWALLOWED: Immediately call a POISON CENTER or doctor\/physician. P331: DO NOT induce vomiting. P305+P315+P338: IF IN EYES: Rinse cautiously with water for several minutes. P310: Immediately call a POISON CENTER or doctor\/physician.<\/p>\n<p>People with known fragrance allergies should use this product with caution.<\/p>\n<p>SIA GARTDA, Alejas iela 73, Daugavpils, LV-5401, Latvija t. +371 65420849, www.naturalsoap.lv, info@gartda.lv<\/p>","protected":false},"excerpt":{"rendered":"<p>INCI: <em>Rosmarinus officinalis<\/em><\/p>\n","protected":false},"featured_media":14844,"template":"","meta":[],"product_brand":[],"product_cat":[502],"product_tag":[],"class_list":{"0":"post-14843","1":"product","2":"type-product","3":"status-publish","4":"has-post-thumbnail","6":"product_cat-essential-oils","7":"pa_gift-box-no-gift-box","8":"pa_gift-box-gift-box","10":"first","11":"instock","12":"taxable","13":"shipping-taxable","14":"purchasable","15":"product-type-variable","16":"has-default-attributes"},"yoast_head":"<!-- This site is optimized with the Yoast SEO Premium plugin v22.6 (Yoast SEO v27.3) - https:\/\/yoast.com\/product\/yoast-seo-premium-wordpress\/ -->\n<title>Essential oil ROSEMARY SPANISH, 10ml - NATURAL SOAP<\/title>\n<meta name=\"description\" content=\"Essential oil ROSEMARY SPANISH. Has a refreshing, strong herbal scent. Helps stimulate brain activity, memory. Used in cosmetics.\" \/>\n<meta name=\"robots\" content=\"index, follow, max-snippet:-1, max-image-preview:large, max-video-preview:-1\" \/>\n<link rel=\"canonical\" href=\"https:\/\/naturalsoap.lv\/en\/shop\/essential-oils\/eteriska-ella-rosemary-spanish-10ml\/\" \/>\n<meta property=\"og:locale\" content=\"en_US\" \/>\n<meta property=\"og:type\" content=\"article\" \/>\n<meta property=\"og:title\" content=\"[:lv]\u0112terisk\u0101 e\u013c\u013ca ROSEMARY SPANISH, 10ml[:en]Essential oil ROSEMARY SPANISH, 10ml[:de]\u00c4therisches \u00d6l ROSEMARY SPANISH, 10ml[:ru]\u042d\u0444\u0438\u0440\u043d\u043e\u0435 \u043c\u0430\u0441\u043b\u043e ROSEMARY SPANISH, 10ml[:]\" \/>\n<meta property=\"og:description\" content=\"Essential oil ROSEMARY SPANISH. Has a refreshing, strong herbal scent. Helps stimulate brain activity, memory. Used in cosmetics.\" \/>\n<meta property=\"og:url\" content=\"https:\/\/naturalsoap.lv\/en\/shop\/essential-oils\/eteriska-ella-rosemary-spanish-10ml\/\" \/>\n<meta property=\"og:site_name\" content=\"NATURAL SOAP\" \/>\n<meta property=\"article:modified_time\" content=\"2025-04-15T08:39:33+00:00\" \/>\n<meta property=\"og:image\" content=\"https:\/\/naturalsoap.lv\/wp-content\/uploads\/2024\/05\/Rozmary_1-e1730199965380.jpg\" \/>\n\t<meta property=\"og:image:width\" content=\"900\" \/>\n\t<meta property=\"og:image:height\" content=\"967\" \/>\n\t<meta property=\"og:image:type\" content=\"image\/jpeg\" \/>\n<meta name=\"twitter:card\" content=\"summary_large_image\" \/>\n<meta name=\"twitter:label1\" content=\"Est. reading time\" \/>\n\t<meta name=\"twitter:data1\" content=\"3 minutes\" \/>\n<script type=\"application\/ld+json\" class=\"yoast-schema-graph\">{\"@context\":\"https:\\\/\\\/schema.org\",\"@graph\":[{\"@type\":\"WebPage\",\"@id\":\"https:\\\/\\\/naturalsoap.lv\\\/en\\\/shop\\\/essential-oils\\\/eteriska-ella-rosemary-spanish-10ml\\\/\",\"url\":\"https:\\\/\\\/naturalsoap.lv\\\/en\\\/shop\\\/essential-oils\\\/eteriska-ella-rosemary-spanish-10ml\\\/\",\"name\":\"[:lv]\u0112terisk\u0101 e\u013c\u013ca ROSEMARY SPANISH, 10ml[:en]Essential oil ROSEMARY SPANISH, 10ml[:de]\u00c4therisches \u00d6l ROSEMARY SPANISH, 10ml[:ru]\u042d\u0444\u0438\u0440\u043d\u043e\u0435 \u043c\u0430\u0441\u043b\u043e ROSEMARY SPANISH, 10ml[:] - NATURAL SOAP\",\"isPartOf\":{\"@id\":\"https:\\\/\\\/naturalsoap.lv\\\/en\\\/#website\"},\"primaryImageOfPage\":{\"@id\":\"https:\\\/\\\/naturalsoap.lv\\\/en\\\/shop\\\/essential-oils\\\/eteriska-ella-rosemary-spanish-10ml\\\/#primaryimage\"},\"image\":{\"@id\":\"https:\\\/\\\/naturalsoap.lv\\\/en\\\/shop\\\/essential-oils\\\/eteriska-ella-rosemary-spanish-10ml\\\/#primaryimage\"},\"thumbnailUrl\":\"https:\\\/\\\/naturalsoap.lv\\\/wp-content\\\/uploads\\\/2024\\\/05\\\/Rozmary_1-e1730199965380.jpg\",\"datePublished\":\"2024-05-30T07:12:25+00:00\",\"dateModified\":\"2025-04-15T08:39:33+00:00\",\"description\":\"Essential oil ROSEMARY SPANISH. Has a refreshing, strong herbal scent. Helps stimulate brain activity, memory. Used in cosmetics.\",\"breadcrumb\":{\"@id\":\"https:\\\/\\\/naturalsoap.lv\\\/en\\\/shop\\\/essential-oils\\\/eteriska-ella-rosemary-spanish-10ml\\\/#breadcrumb\"},\"inLanguage\":\"en-US\",\"potentialAction\":[{\"@type\":\"ReadAction\",\"target\":[\"https:\\\/\\\/naturalsoap.lv\\\/en\\\/shop\\\/essential-oils\\\/eteriska-ella-rosemary-spanish-10ml\\\/\"]}]},{\"@type\":\"ImageObject\",\"inLanguage\":\"en-US\",\"@id\":\"https:\\\/\\\/naturalsoap.lv\\\/en\\\/shop\\\/essential-oils\\\/eteriska-ella-rosemary-spanish-10ml\\\/#primaryimage\",\"url\":\"https:\\\/\\\/naturalsoap.lv\\\/wp-content\\\/uploads\\\/2024\\\/05\\\/Rozmary_1-e1730199965380.jpg\",\"contentUrl\":\"https:\\\/\\\/naturalsoap.lv\\\/wp-content\\\/uploads\\\/2024\\\/05\\\/Rozmary_1-e1730199965380.jpg\",\"width\":900,\"height\":967,\"caption\":\"Essential oil ROSEMARY SPANISH, 10ml\"},{\"@type\":\"BreadcrumbList\",\"@id\":\"https:\\\/\\\/naturalsoap.lv\\\/en\\\/shop\\\/essential-oils\\\/eteriska-ella-rosemary-spanish-10ml\\\/#breadcrumb\",\"itemListElement\":[{\"@type\":\"ListItem\",\"position\":1,\"name\":\"Home\",\"item\":\"https:\\\/\\\/naturalsoap.lv\\\/en\\\/\"},{\"@type\":\"ListItem\",\"position\":2,\"name\":\"Shop\",\"item\":\"https:\\\/\\\/naturalsoap.lv\\\/en\\\/shop\\\/\"},{\"@type\":\"ListItem\",\"position\":3,\"name\":\"Essential oil ROSEMARY SPANISH, 10ml\"}]},{\"@type\":\"WebSite\",\"@id\":\"https:\\\/\\\/naturalsoap.lv\\\/en\\\/#website\",\"url\":\"https:\\\/\\\/naturalsoap.lv\\\/en\\\/\",\"name\":\"NATURAL SOAP\",\"description\":\"Handmade bath and shower cosmetics.\",\"publisher\":{\"@id\":\"https:\\\/\\\/naturalsoap.lv\\\/en\\\/#organization\"},\"potentialAction\":[{\"@type\":\"SearchAction\",\"target\":{\"@type\":\"EntryPoint\",\"urlTemplate\":\"https:\\\/\\\/naturalsoap.lv\\\/en\\\/?s={search_term_string}\"},\"query-input\":{\"@type\":\"PropertyValueSpecification\",\"valueRequired\":true,\"valueName\":\"search_term_string\"}}],\"inLanguage\":\"en-US\"},{\"@type\":\"Organization\",\"@id\":\"https:\\\/\\\/naturalsoap.lv\\\/en\\\/#organization\",\"name\":\"NATURAL SOAP\",\"url\":\"https:\\\/\\\/naturalsoap.lv\\\/en\\\/\",\"logo\":{\"@type\":\"ImageObject\",\"inLanguage\":\"en-US\",\"@id\":\"https:\\\/\\\/naturalsoap.lv\\\/en\\\/#\\\/schema\\\/logo\\\/image\\\/\",\"url\":\"https:\\\/\\\/naturalsoap.lv\\\/wp-content\\\/uploads\\\/2024\\\/05\\\/Logo.svg\",\"contentUrl\":\"https:\\\/\\\/naturalsoap.lv\\\/wp-content\\\/uploads\\\/2024\\\/05\\\/Logo.svg\",\"width\":125,\"height\":34,\"caption\":\"NATURAL SOAP\"},\"image\":{\"@id\":\"https:\\\/\\\/naturalsoap.lv\\\/en\\\/#\\\/schema\\\/logo\\\/image\\\/\"}}]}<\/script>\n<!-- \/ Yoast SEO Premium plugin. -->","yoast_head_json":{"title":"[:lv]\u0112terisk\u0101 e\u013c\u013ca ROSEMARY SPANISH, 10ml[:en]Essential oil ROSEMARY SPANISH, 10ml[:de]\u00c4therisches \u00d6l ROSEMARY SPANISH, 10ml[:ru]\u042d\u0444\u0438\u0440\u043d\u043e\u0435 \u043c\u0430\u0441\u043b\u043e ROSEMARY SPANISH, 10ml[:] - NATURAL SOAP","description":"Essential oil ROSEMARY SPANISH. Has a refreshing, strong herbal scent. Helps stimulate brain activity, memory. Used in cosmetics.","robots":{"index":"index","follow":"follow","max-snippet":"max-snippet:-1","max-image-preview":"max-image-preview:large","max-video-preview":"max-video-preview:-1"},"canonical":"https:\/\/naturalsoap.lv\/en\/shop\/essential-oils\/eteriska-ella-rosemary-spanish-10ml\/","og_locale":"en_US","og_type":"article","og_title":"[:lv]\u0112terisk\u0101 e\u013c\u013ca ROSEMARY SPANISH, 10ml[:en]Essential oil ROSEMARY SPANISH, 10ml[:de]\u00c4therisches \u00d6l ROSEMARY SPANISH, 10ml[:ru]\u042d\u0444\u0438\u0440\u043d\u043e\u0435 \u043c\u0430\u0441\u043b\u043e ROSEMARY SPANISH, 10ml[:]","og_description":"Essential oil ROSEMARY SPANISH. Has a refreshing, strong herbal scent. Helps stimulate brain activity, memory. Used in cosmetics.","og_url":"https:\/\/naturalsoap.lv\/en\/shop\/essential-oils\/eteriska-ella-rosemary-spanish-10ml\/","og_site_name":"NATURAL SOAP","article_modified_time":"2025-04-15T08:39:33+00:00","og_image":[{"width":900,"height":967,"url":"https:\/\/naturalsoap.lv\/wp-content\/uploads\/2024\/05\/Rozmary_1-e1730199965380.jpg","type":"image\/jpeg"}],"twitter_card":"summary_large_image","twitter_misc":{"Est. reading time":"3 minutes"},"schema":{"@context":"https:\/\/schema.org","@graph":[{"@type":"WebPage","@id":"https:\/\/naturalsoap.lv\/en\/shop\/essential-oils\/eteriska-ella-rosemary-spanish-10ml\/","url":"https:\/\/naturalsoap.lv\/en\/shop\/essential-oils\/eteriska-ella-rosemary-spanish-10ml\/","name":"[:lv]\u0112terisk\u0101 e\u013c\u013ca ROSEMARY SPANISH, 10ml[:en]Essential oil ROSEMARY SPANISH, 10ml[:de]\u00c4therisches \u00d6l ROSEMARY SPANISH, 10ml[:ru]\u042d\u0444\u0438\u0440\u043d\u043e\u0435 \u043c\u0430\u0441\u043b\u043e ROSEMARY SPANISH, 10ml[:] - NATURAL SOAP","isPartOf":{"@id":"https:\/\/naturalsoap.lv\/en\/#website"},"primaryImageOfPage":{"@id":"https:\/\/naturalsoap.lv\/en\/shop\/essential-oils\/eteriska-ella-rosemary-spanish-10ml\/#primaryimage"},"image":{"@id":"https:\/\/naturalsoap.lv\/en\/shop\/essential-oils\/eteriska-ella-rosemary-spanish-10ml\/#primaryimage"},"thumbnailUrl":"https:\/\/naturalsoap.lv\/wp-content\/uploads\/2024\/05\/Rozmary_1-e1730199965380.jpg","datePublished":"2024-05-30T07:12:25+00:00","dateModified":"2025-04-15T08:39:33+00:00","description":"Essential oil ROSEMARY SPANISH. Has a refreshing, strong herbal scent. Helps stimulate brain activity, memory. Used in cosmetics.","breadcrumb":{"@id":"https:\/\/naturalsoap.lv\/en\/shop\/essential-oils\/eteriska-ella-rosemary-spanish-10ml\/#breadcrumb"},"inLanguage":"en-US","potentialAction":[{"@type":"ReadAction","target":["https:\/\/naturalsoap.lv\/en\/shop\/essential-oils\/eteriska-ella-rosemary-spanish-10ml\/"]}]},{"@type":"ImageObject","inLanguage":"en-US","@id":"https:\/\/naturalsoap.lv\/en\/shop\/essential-oils\/eteriska-ella-rosemary-spanish-10ml\/#primaryimage","url":"https:\/\/naturalsoap.lv\/wp-content\/uploads\/2024\/05\/Rozmary_1-e1730199965380.jpg","contentUrl":"https:\/\/naturalsoap.lv\/wp-content\/uploads\/2024\/05\/Rozmary_1-e1730199965380.jpg","width":900,"height":967,"caption":"Essential oil ROSEMARY SPANISH, 10ml"},{"@type":"BreadcrumbList","@id":"https:\/\/naturalsoap.lv\/en\/shop\/essential-oils\/eteriska-ella-rosemary-spanish-10ml\/#breadcrumb","itemListElement":[{"@type":"ListItem","position":1,"name":"Home","item":"https:\/\/naturalsoap.lv\/en\/"},{"@type":"ListItem","position":2,"name":"Shop","item":"https:\/\/naturalsoap.lv\/en\/shop\/"},{"@type":"ListItem","position":3,"name":"Essential oil ROSEMARY SPANISH, 10ml"}]},{"@type":"WebSite","@id":"https:\/\/naturalsoap.lv\/en\/#website","url":"https:\/\/naturalsoap.lv\/en\/","name":"NATURAL SOAP","description":"Handmade bath and shower cosmetics.","publisher":{"@id":"https:\/\/naturalsoap.lv\/en\/#organization"},"potentialAction":[{"@type":"SearchAction","target":{"@type":"EntryPoint","urlTemplate":"https:\/\/naturalsoap.lv\/en\/?s={search_term_string}"},"query-input":{"@type":"PropertyValueSpecification","valueRequired":true,"valueName":"search_term_string"}}],"inLanguage":"en-US"},{"@type":"Organization","@id":"https:\/\/naturalsoap.lv\/en\/#organization","name":"NATURAL SOAP","url":"https:\/\/naturalsoap.lv\/en\/","logo":{"@type":"ImageObject","inLanguage":"en-US","@id":"https:\/\/naturalsoap.lv\/en\/#\/schema\/logo\/image\/","url":"https:\/\/naturalsoap.lv\/wp-content\/uploads\/2024\/05\/Logo.svg","contentUrl":"https:\/\/naturalsoap.lv\/wp-content\/uploads\/2024\/05\/Logo.svg","width":125,"height":34,"caption":"NATURAL SOAP"},"image":{"@id":"https:\/\/naturalsoap.lv\/en\/#\/schema\/logo\/image\/"}}]}},"_links":{"self":[{"href":"https:\/\/naturalsoap.lv\/en\/wp-json\/wp\/v2\/product\/14843","targetHints":{"allow":["GET"]}}],"collection":[{"href":"https:\/\/naturalsoap.lv\/en\/wp-json\/wp\/v2\/product"}],"about":[{"href":"https:\/\/naturalsoap.lv\/en\/wp-json\/wp\/v2\/types\/product"}],"wp:featuredmedia":[{"embeddable":true,"href":"https:\/\/naturalsoap.lv\/en\/wp-json\/wp\/v2\/media\/14844"}],"wp:attachment":[{"href":"https:\/\/naturalsoap.lv\/en\/wp-json\/wp\/v2\/media?parent=14843"}],"wp:term":[{"taxonomy":"product_brand","embeddable":true,"href":"https:\/\/naturalsoap.lv\/en\/wp-json\/wp\/v2\/product_brand?post=14843"},{"taxonomy":"product_cat","embeddable":true,"href":"https:\/\/naturalsoap.lv\/en\/wp-json\/wp\/v2\/product_cat?post=14843"},{"taxonomy":"product_tag","embeddable":true,"href":"https:\/\/naturalsoap.lv\/en\/wp-json\/wp\/v2\/product_tag?post=14843"}],"curies":[{"name":"wp","href":"https:\/\/api.w.org\/{rel}","templated":true}]}}