{"id":14729,"date":"2024-05-30T07:06:42","date_gmt":"2024-05-30T07:06:42","guid":{"rendered":"https:\/\/321.optimum.lv\/product\/kermena-sviests-tropical-paradise-70gr\/"},"modified":"2025-04-15T09:18:07","modified_gmt":"2025-04-15T09:18:07","slug":"kermena-sviests-tropical-paradise-70gr","status":"publish","type":"product","link":"https:\/\/naturalsoap.lv\/en\/shop\/body-butter\/kermena-sviests-tropical-paradise-70gr\/","title":{"rendered":"BODY BUTTER &#8216;TROPICAL PARADISE&#8217;, 70gr"},"content":{"rendered":"<p>Experience long \u2013 lasting skin hydration and maximum moisture replenishment.<\/p>\n<p>Our Body Butter is a luxurious, concentrated body cream that absorbs quickly upon application without leaving behind a greasy residue. Antioxidant \u2013 rich shea and cocoa butters melt together to deliver nourishment, while coconut and sunflower oils instantly soften and nurture skin. Carnauba Wax \u2013 efficient emollient, which helps make skin soft and smooth, gives a glossy finish.<\/p>\n<p>Paraben Free. Our Body Butter is absorbed quickly and leaves behind skin that feels velvety smooth.<\/p>\n<p>With tropical delight fragrance that combines sweet coconut and juicy island fruits with exotic and delightfully fragrant native flora of tiare and plumeria flowers.<\/p>","protected":false},"excerpt":{"rendered":"<p>INCI: Aqua, Helianthus Annuus Sunflower Seed Oil, Butyrospermum Parkii (Shea) Butter, Glyceryl Mono Stearate, Theobroma Cacao (Cocoa) Seed Butter , Cetearyl Alcohol, Copernicia (Carnauba) Cerifera wax, Coco Glucoside, Parfum, Phenoxyethanol, Benzoic Acid, Xanthan Gum, Dehydroacetic Acid, Citronellol, Coumarine, Hexyl Cinnamic Aldehyde Alpha, Linalool<\/p>\n<p>Manufacturer: SIA GARTDA, Alejas street 73, Daugavpils, LV-5401, Latvia, T. +371 65420849, <a href=\"mailto:info@gartda.lv\">info@gartda.lv<\/a><\/p>\n","protected":false},"featured_media":14730,"template":"","meta":[],"product_brand":[],"product_cat":[492],"product_tag":[],"class_list":{"0":"post-14729","1":"product","2":"type-product","3":"status-publish","4":"has-post-thumbnail","6":"product_cat-body-butter","7":"pa_gift-box-no-gift-box","8":"pa_gift-box-gift-box","10":"first","11":"instock","12":"taxable","13":"shipping-taxable","14":"purchasable","15":"product-type-simple"},"yoast_head":"<!-- This site is optimized with the Yoast SEO Premium plugin v22.6 (Yoast SEO v27.3) - https:\/\/yoast.com\/product\/yoast-seo-premium-wordpress\/ -->\n<title>BODY BUTTER &#039;TROPICAL PARADISE&#039;, 70gr - NATURAL SOAP<\/title>\n<meta name=\"description\" content=\"BODY BUTTER &#039;TROPICAL PARADISE&#039;. Paraben Free. Our Body Butter is absorbed quickly and leaves behind skin that feels velvety smooth.\" \/>\n<meta name=\"robots\" content=\"index, follow, max-snippet:-1, max-image-preview:large, max-video-preview:-1\" \/>\n<link rel=\"canonical\" href=\"https:\/\/naturalsoap.lv\/lv\/shop\/body-butter\/kermena-sviests-tropical-paradise-70gr\/\" \/>\n<meta property=\"og:locale\" content=\"en_US\" \/>\n<meta property=\"og:type\" content=\"article\" \/>\n<meta property=\"og:title\" content=\"[:lv]\u0136ERME\u0145A SVIESTS &#039;TROPICAL PARADISE&#039;, 70gr[:en]BODY BUTTER &#039;TROPICAL PARADISE&#039;, 70gr[:de]K\u00d6RPERBUTTER &#039;TROPICAL PARADISE&#039;, 70gr[:ru]\u041c\u0410\u0421\u041b\u041e \u0414\u041b\u042f \u0422\u0415\u041b\u0410 &#039;TROPICAL PARADISE&#039;, 70\u0433\u0440[:]\" \/>\n<meta property=\"og:description\" content=\"BODY BUTTER &#039;TROPICAL PARADISE&#039;. Paraben Free. Our Body Butter is absorbed quickly and leaves behind skin that feels velvety smooth.\" \/>\n<meta property=\"og:url\" content=\"https:\/\/naturalsoap.lv\/lv\/shop\/body-butter\/kermena-sviests-tropical-paradise-70gr\/\" \/>\n<meta property=\"og:site_name\" content=\"NATURAL SOAP\" \/>\n<meta property=\"article:modified_time\" content=\"2025-04-15T09:18:07+00:00\" \/>\n<meta property=\"og:image\" content=\"https:\/\/naturalsoap.lv\/wp-content\/uploads\/2024\/05\/e76e5d596978c644e684f2ed14f7d347_1692088918-e1730201159721.jpeg\" \/>\n\t<meta property=\"og:image:width\" content=\"900\" \/>\n\t<meta property=\"og:image:height\" content=\"588\" \/>\n\t<meta property=\"og:image:type\" content=\"image\/jpeg\" \/>\n<meta name=\"twitter:card\" content=\"summary_large_image\" \/>\n<meta name=\"twitter:label1\" content=\"Est. reading time\" \/>\n\t<meta name=\"twitter:data1\" content=\"1 minute\" \/>\n<script type=\"application\/ld+json\" class=\"yoast-schema-graph\">{\"@context\":\"https:\\\/\\\/schema.org\",\"@graph\":[{\"@type\":\"WebPage\",\"@id\":\"https:\\\/\\\/naturalsoap.lv\\\/lv\\\/shop\\\/body-butter\\\/kermena-sviests-tropical-paradise-70gr\\\/\",\"url\":\"https:\\\/\\\/naturalsoap.lv\\\/lv\\\/shop\\\/body-butter\\\/kermena-sviests-tropical-paradise-70gr\\\/\",\"name\":\"[:lv]\u0136ERME\u0145A SVIESTS 'TROPICAL PARADISE', 70gr[:en]BODY BUTTER 'TROPICAL PARADISE', 70gr[:de]K\u00d6RPERBUTTER 'TROPICAL PARADISE', 70gr[:ru]\u041c\u0410\u0421\u041b\u041e \u0414\u041b\u042f \u0422\u0415\u041b\u0410 'TROPICAL PARADISE', 70\u0433\u0440[:] - NATURAL SOAP\",\"isPartOf\":{\"@id\":\"https:\\\/\\\/naturalsoap.lv\\\/en\\\/#website\"},\"primaryImageOfPage\":{\"@id\":\"https:\\\/\\\/naturalsoap.lv\\\/lv\\\/shop\\\/body-butter\\\/kermena-sviests-tropical-paradise-70gr\\\/#primaryimage\"},\"image\":{\"@id\":\"https:\\\/\\\/naturalsoap.lv\\\/lv\\\/shop\\\/body-butter\\\/kermena-sviests-tropical-paradise-70gr\\\/#primaryimage\"},\"thumbnailUrl\":\"https:\\\/\\\/naturalsoap.lv\\\/wp-content\\\/uploads\\\/2024\\\/05\\\/e76e5d596978c644e684f2ed14f7d347_1692088918-e1730201159721.jpeg\",\"datePublished\":\"2024-05-30T07:06:42+00:00\",\"dateModified\":\"2025-04-15T09:18:07+00:00\",\"description\":\"BODY BUTTER 'TROPICAL PARADISE'. Paraben Free. Our Body Butter is absorbed quickly and leaves behind skin that feels velvety smooth.\",\"breadcrumb\":{\"@id\":\"https:\\\/\\\/naturalsoap.lv\\\/lv\\\/shop\\\/body-butter\\\/kermena-sviests-tropical-paradise-70gr\\\/#breadcrumb\"},\"inLanguage\":\"en-US\",\"potentialAction\":[{\"@type\":\"ReadAction\",\"target\":[\"https:\\\/\\\/naturalsoap.lv\\\/lv\\\/shop\\\/body-butter\\\/kermena-sviests-tropical-paradise-70gr\\\/\"]}]},{\"@type\":\"ImageObject\",\"inLanguage\":\"en-US\",\"@id\":\"https:\\\/\\\/naturalsoap.lv\\\/lv\\\/shop\\\/body-butter\\\/kermena-sviests-tropical-paradise-70gr\\\/#primaryimage\",\"url\":\"https:\\\/\\\/naturalsoap.lv\\\/wp-content\\\/uploads\\\/2024\\\/05\\\/e76e5d596978c644e684f2ed14f7d347_1692088918-e1730201159721.jpeg\",\"contentUrl\":\"https:\\\/\\\/naturalsoap.lv\\\/wp-content\\\/uploads\\\/2024\\\/05\\\/e76e5d596978c644e684f2ed14f7d347_1692088918-e1730201159721.jpeg\",\"width\":900,\"height\":588,\"caption\":\"BODY BUTTER 'TROPICAL PARADISE', 70gr\"},{\"@type\":\"BreadcrumbList\",\"@id\":\"https:\\\/\\\/naturalsoap.lv\\\/lv\\\/shop\\\/body-butter\\\/kermena-sviests-tropical-paradise-70gr\\\/#breadcrumb\",\"itemListElement\":[{\"@type\":\"ListItem\",\"position\":1,\"name\":\"Home\",\"item\":\"https:\\\/\\\/naturalsoap.lv\\\/en\\\/\"},{\"@type\":\"ListItem\",\"position\":2,\"name\":\"Shop\",\"item\":\"https:\\\/\\\/naturalsoap.lv\\\/en\\\/shop\\\/\"},{\"@type\":\"ListItem\",\"position\":3,\"name\":\"\u0136ERME\u0145A SVIESTS &#8216;TROPICAL PARADISE&#8217;, 70gr\"}]},{\"@type\":\"WebSite\",\"@id\":\"https:\\\/\\\/naturalsoap.lv\\\/en\\\/#website\",\"url\":\"https:\\\/\\\/naturalsoap.lv\\\/en\\\/\",\"name\":\"NATURAL SOAP\",\"description\":\"Handmade bath and shower cosmetics.\",\"publisher\":{\"@id\":\"https:\\\/\\\/naturalsoap.lv\\\/en\\\/#organization\"},\"potentialAction\":[{\"@type\":\"SearchAction\",\"target\":{\"@type\":\"EntryPoint\",\"urlTemplate\":\"https:\\\/\\\/naturalsoap.lv\\\/en\\\/?s={search_term_string}\"},\"query-input\":{\"@type\":\"PropertyValueSpecification\",\"valueRequired\":true,\"valueName\":\"search_term_string\"}}],\"inLanguage\":\"en-US\"},{\"@type\":\"Organization\",\"@id\":\"https:\\\/\\\/naturalsoap.lv\\\/en\\\/#organization\",\"name\":\"NATURAL SOAP\",\"url\":\"https:\\\/\\\/naturalsoap.lv\\\/en\\\/\",\"logo\":{\"@type\":\"ImageObject\",\"inLanguage\":\"en-US\",\"@id\":\"https:\\\/\\\/naturalsoap.lv\\\/en\\\/#\\\/schema\\\/logo\\\/image\\\/\",\"url\":\"https:\\\/\\\/naturalsoap.lv\\\/wp-content\\\/uploads\\\/2024\\\/05\\\/Logo.svg\",\"contentUrl\":\"https:\\\/\\\/naturalsoap.lv\\\/wp-content\\\/uploads\\\/2024\\\/05\\\/Logo.svg\",\"width\":125,\"height\":34,\"caption\":\"NATURAL SOAP\"},\"image\":{\"@id\":\"https:\\\/\\\/naturalsoap.lv\\\/en\\\/#\\\/schema\\\/logo\\\/image\\\/\"}}]}<\/script>\n<!-- \/ Yoast SEO Premium plugin. -->","yoast_head_json":{"title":"[:lv]\u0136ERME\u0145A SVIESTS 'TROPICAL PARADISE', 70gr[:en]BODY BUTTER 'TROPICAL PARADISE', 70gr[:de]K\u00d6RPERBUTTER 'TROPICAL PARADISE', 70gr[:ru]\u041c\u0410\u0421\u041b\u041e \u0414\u041b\u042f \u0422\u0415\u041b\u0410 'TROPICAL PARADISE', 70\u0433\u0440[:] - NATURAL SOAP","description":"BODY BUTTER 'TROPICAL PARADISE'. Paraben Free. Our Body Butter is absorbed quickly and leaves behind skin that feels velvety smooth.","robots":{"index":"index","follow":"follow","max-snippet":"max-snippet:-1","max-image-preview":"max-image-preview:large","max-video-preview":"max-video-preview:-1"},"canonical":"https:\/\/naturalsoap.lv\/lv\/shop\/body-butter\/kermena-sviests-tropical-paradise-70gr\/","og_locale":"en_US","og_type":"article","og_title":"[:lv]\u0136ERME\u0145A SVIESTS 'TROPICAL PARADISE', 70gr[:en]BODY BUTTER 'TROPICAL PARADISE', 70gr[:de]K\u00d6RPERBUTTER 'TROPICAL PARADISE', 70gr[:ru]\u041c\u0410\u0421\u041b\u041e \u0414\u041b\u042f \u0422\u0415\u041b\u0410 'TROPICAL PARADISE', 70\u0433\u0440[:]","og_description":"BODY BUTTER 'TROPICAL PARADISE'. Paraben Free. Our Body Butter is absorbed quickly and leaves behind skin that feels velvety smooth.","og_url":"https:\/\/naturalsoap.lv\/lv\/shop\/body-butter\/kermena-sviests-tropical-paradise-70gr\/","og_site_name":"NATURAL SOAP","article_modified_time":"2025-04-15T09:18:07+00:00","og_image":[{"width":900,"height":588,"url":"https:\/\/naturalsoap.lv\/wp-content\/uploads\/2024\/05\/e76e5d596978c644e684f2ed14f7d347_1692088918-e1730201159721.jpeg","type":"image\/jpeg"}],"twitter_card":"summary_large_image","twitter_misc":{"Est. reading time":"1 minute"},"schema":{"@context":"https:\/\/schema.org","@graph":[{"@type":"WebPage","@id":"https:\/\/naturalsoap.lv\/lv\/shop\/body-butter\/kermena-sviests-tropical-paradise-70gr\/","url":"https:\/\/naturalsoap.lv\/lv\/shop\/body-butter\/kermena-sviests-tropical-paradise-70gr\/","name":"[:lv]\u0136ERME\u0145A SVIESTS 'TROPICAL PARADISE', 70gr[:en]BODY BUTTER 'TROPICAL PARADISE', 70gr[:de]K\u00d6RPERBUTTER 'TROPICAL PARADISE', 70gr[:ru]\u041c\u0410\u0421\u041b\u041e \u0414\u041b\u042f \u0422\u0415\u041b\u0410 'TROPICAL PARADISE', 70\u0433\u0440[:] - NATURAL SOAP","isPartOf":{"@id":"https:\/\/naturalsoap.lv\/en\/#website"},"primaryImageOfPage":{"@id":"https:\/\/naturalsoap.lv\/lv\/shop\/body-butter\/kermena-sviests-tropical-paradise-70gr\/#primaryimage"},"image":{"@id":"https:\/\/naturalsoap.lv\/lv\/shop\/body-butter\/kermena-sviests-tropical-paradise-70gr\/#primaryimage"},"thumbnailUrl":"https:\/\/naturalsoap.lv\/wp-content\/uploads\/2024\/05\/e76e5d596978c644e684f2ed14f7d347_1692088918-e1730201159721.jpeg","datePublished":"2024-05-30T07:06:42+00:00","dateModified":"2025-04-15T09:18:07+00:00","description":"BODY BUTTER 'TROPICAL PARADISE'. Paraben Free. Our Body Butter is absorbed quickly and leaves behind skin that feels velvety smooth.","breadcrumb":{"@id":"https:\/\/naturalsoap.lv\/lv\/shop\/body-butter\/kermena-sviests-tropical-paradise-70gr\/#breadcrumb"},"inLanguage":"en-US","potentialAction":[{"@type":"ReadAction","target":["https:\/\/naturalsoap.lv\/lv\/shop\/body-butter\/kermena-sviests-tropical-paradise-70gr\/"]}]},{"@type":"ImageObject","inLanguage":"en-US","@id":"https:\/\/naturalsoap.lv\/lv\/shop\/body-butter\/kermena-sviests-tropical-paradise-70gr\/#primaryimage","url":"https:\/\/naturalsoap.lv\/wp-content\/uploads\/2024\/05\/e76e5d596978c644e684f2ed14f7d347_1692088918-e1730201159721.jpeg","contentUrl":"https:\/\/naturalsoap.lv\/wp-content\/uploads\/2024\/05\/e76e5d596978c644e684f2ed14f7d347_1692088918-e1730201159721.jpeg","width":900,"height":588,"caption":"BODY BUTTER 'TROPICAL PARADISE', 70gr"},{"@type":"BreadcrumbList","@id":"https:\/\/naturalsoap.lv\/lv\/shop\/body-butter\/kermena-sviests-tropical-paradise-70gr\/#breadcrumb","itemListElement":[{"@type":"ListItem","position":1,"name":"Home","item":"https:\/\/naturalsoap.lv\/en\/"},{"@type":"ListItem","position":2,"name":"Shop","item":"https:\/\/naturalsoap.lv\/en\/shop\/"},{"@type":"ListItem","position":3,"name":"\u0136ERME\u0145A SVIESTS &#8216;TROPICAL PARADISE&#8217;, 70gr"}]},{"@type":"WebSite","@id":"https:\/\/naturalsoap.lv\/en\/#website","url":"https:\/\/naturalsoap.lv\/en\/","name":"NATURAL SOAP","description":"Handmade bath and shower cosmetics.","publisher":{"@id":"https:\/\/naturalsoap.lv\/en\/#organization"},"potentialAction":[{"@type":"SearchAction","target":{"@type":"EntryPoint","urlTemplate":"https:\/\/naturalsoap.lv\/en\/?s={search_term_string}"},"query-input":{"@type":"PropertyValueSpecification","valueRequired":true,"valueName":"search_term_string"}}],"inLanguage":"en-US"},{"@type":"Organization","@id":"https:\/\/naturalsoap.lv\/en\/#organization","name":"NATURAL SOAP","url":"https:\/\/naturalsoap.lv\/en\/","logo":{"@type":"ImageObject","inLanguage":"en-US","@id":"https:\/\/naturalsoap.lv\/en\/#\/schema\/logo\/image\/","url":"https:\/\/naturalsoap.lv\/wp-content\/uploads\/2024\/05\/Logo.svg","contentUrl":"https:\/\/naturalsoap.lv\/wp-content\/uploads\/2024\/05\/Logo.svg","width":125,"height":34,"caption":"NATURAL SOAP"},"image":{"@id":"https:\/\/naturalsoap.lv\/en\/#\/schema\/logo\/image\/"}}]}},"_links":{"self":[{"href":"https:\/\/naturalsoap.lv\/en\/wp-json\/wp\/v2\/product\/14729","targetHints":{"allow":["GET"]}}],"collection":[{"href":"https:\/\/naturalsoap.lv\/en\/wp-json\/wp\/v2\/product"}],"about":[{"href":"https:\/\/naturalsoap.lv\/en\/wp-json\/wp\/v2\/types\/product"}],"wp:featuredmedia":[{"embeddable":true,"href":"https:\/\/naturalsoap.lv\/en\/wp-json\/wp\/v2\/media\/14730"}],"wp:attachment":[{"href":"https:\/\/naturalsoap.lv\/en\/wp-json\/wp\/v2\/media?parent=14729"}],"wp:term":[{"taxonomy":"product_brand","embeddable":true,"href":"https:\/\/naturalsoap.lv\/en\/wp-json\/wp\/v2\/product_brand?post=14729"},{"taxonomy":"product_cat","embeddable":true,"href":"https:\/\/naturalsoap.lv\/en\/wp-json\/wp\/v2\/product_cat?post=14729"},{"taxonomy":"product_tag","embeddable":true,"href":"https:\/\/naturalsoap.lv\/en\/wp-json\/wp\/v2\/product_tag?post=14729"}],"curies":[{"name":"wp","href":"https:\/\/api.w.org\/{rel}","templated":true}]}}