{"id":16136,"date":"2024-09-24T10:23:54","date_gmt":"2024-09-24T10:23:54","guid":{"rendered":"https:\/\/naturalsoap.lv\/?post_type=product&#038;p=16136"},"modified":"2025-02-24T08:37:34","modified_gmt":"2025-02-24T08:37:34","slug":"vafelu-auduma-lina-vannas-dvielis-80x145cm-2","status":"publish","type":"product","link":"https:\/\/naturalsoap.lv\/de\/shop\/accessories\/vafelu-auduma-lina-vannas-dvielis-80x145cm-2\/","title":{"rendered":"BADEHANDT\u00dcCHER AUS LEINEN IN WAFFELSTRUKTUR, 80x145cm"},"content":{"rendered":"<p>Bringen Sie Ihrer Haut etwas Liebe entgegen \u2013 mit unserem Leinenhandtuch mit feiner Waffeltextur.<\/p>\n<p>Eine zarte Waffeltextur macht es weich und sanft, aber dennoch sehr saugf\u00e4hig und schnelltrocknend. Aufgrund der nat\u00fcrlichen hypoallergenen Eigenschaften von Leinen wird dieses Handtuch besonders von Menschen mit empfindlicher Haut sehr gesch\u00e4tzt.<br \/>\nVersch\u00f6nern Sie Ihre t\u00e4glichen Badrituale mit weichen Handt\u00fcchern aus Leinen.<\/p>\n<p>50% linen<\/p>\n<p>50% cotton<\/p>\n<p>&nbsp;<\/p>","protected":false},"excerpt":{"rendered":"<p>50% linen<\/p>\n<p>50% cotton<\/p>\n<p>&nbsp;<\/p>\n","protected":false},"featured_media":16137,"template":"","meta":[],"product_brand":[],"product_cat":[501],"product_tag":[],"class_list":{"0":"post-16136","1":"product","2":"type-product","3":"status-publish","4":"has-post-thumbnail","6":"product_cat-accessories","8":"first","9":"instock","10":"taxable","11":"shipping-taxable","12":"purchasable","13":"product-type-simple"},"yoast_head":"<!-- This site is optimized with the Yoast SEO Premium plugin v22.6 (Yoast SEO v27.3) - https:\/\/yoast.com\/product\/yoast-seo-premium-wordpress\/ -->\n<title>BADEHANDT\u00dcCHER AUS LEINEN IN WAFFELSTRUKTUR, 80x145cm - NATURAL SOAP<\/title>\n<meta name=\"description\" content=\"Linen waffle towel made with the highest quality linen, which provides excellent absorbency, durability and wonderful softness. 50% linen 50% cotton\" \/>\n<meta name=\"robots\" content=\"index, follow, max-snippet:-1, max-image-preview:large, max-video-preview:-1\" \/>\n<link rel=\"canonical\" href=\"https:\/\/naturalsoap.lv\/ru\/shop\/accessories\/vafelu-auduma-lina-vannas-dvielis-80x145cm-2\/\" \/>\n<meta property=\"og:locale\" content=\"de_DE\" \/>\n<meta property=\"og:type\" content=\"article\" \/>\n<meta property=\"og:title\" content=\"[:lv]VAFE\u013bU AUDUMA LINA VANNAS DVIELIS, 80x145cm[:en]LINEN WAFFLE BATH TOWEL, 80x145cm[:de]BADEHANDT\u00dcCHER AUS LEINEN IN WAFFELSTRUKTUR, 80x145cm[:ru]\u041b\u042c\u041d\u042f\u041d\u041e\u0415 \u0411\u0410\u041d\u041d\u041e\u0415 \u0412\u0410\u0424\u0415\u041b\u042c\u041d\u041e\u0415 \u041f\u041e\u041b\u041e\u0422\u0415\u041d\u0426\u0415, 80x145cm[:]\" \/>\n<meta property=\"og:description\" content=\"Linen waffle towel made with the highest quality linen, which provides excellent absorbency, durability and wonderful softness. 50% linen 50% cotton\" \/>\n<meta property=\"og:url\" content=\"https:\/\/naturalsoap.lv\/ru\/shop\/accessories\/vafelu-auduma-lina-vannas-dvielis-80x145cm-2\/\" \/>\n<meta property=\"og:site_name\" content=\"NATURAL SOAP\" \/>\n<meta property=\"article:modified_time\" content=\"2025-02-24T08:37:34+00:00\" \/>\n<meta property=\"og:image\" content=\"https:\/\/naturalsoap.lv\/wp-content\/uploads\/2024\/09\/Towel_2-e1730122968333.jpg\" \/>\n\t<meta property=\"og:image:width\" content=\"900\" \/>\n\t<meta property=\"og:image:height\" content=\"659\" \/>\n\t<meta property=\"og:image:type\" content=\"image\/jpeg\" \/>\n<meta name=\"twitter:card\" content=\"summary_large_image\" \/>\n<meta name=\"twitter:label1\" content=\"Gesch\u00e4tzte Lesezeit\" \/>\n\t<meta name=\"twitter:data1\" content=\"1\u00a0Minute\" \/>\n<script type=\"application\/ld+json\" class=\"yoast-schema-graph\">{\"@context\":\"https:\\\/\\\/schema.org\",\"@graph\":[{\"@type\":\"WebPage\",\"@id\":\"https:\\\/\\\/naturalsoap.lv\\\/ru\\\/shop\\\/accessories\\\/vafelu-auduma-lina-vannas-dvielis-80x145cm-2\\\/\",\"url\":\"https:\\\/\\\/naturalsoap.lv\\\/ru\\\/shop\\\/accessories\\\/vafelu-auduma-lina-vannas-dvielis-80x145cm-2\\\/\",\"name\":\"[:lv]VAFE\u013bU AUDUMA LINA VANNAS DVIELIS, 80x145cm[:en]LINEN WAFFLE BATH TOWEL, 80x145cm[:de]BADEHANDT\u00dcCHER AUS LEINEN IN WAFFELSTRUKTUR, 80x145cm[:ru]\u041b\u042c\u041d\u042f\u041d\u041e\u0415 \u0411\u0410\u041d\u041d\u041e\u0415 \u0412\u0410\u0424\u0415\u041b\u042c\u041d\u041e\u0415 \u041f\u041e\u041b\u041e\u0422\u0415\u041d\u0426\u0415, 80x145cm[:] - NATURAL SOAP\",\"isPartOf\":{\"@id\":\"https:\\\/\\\/naturalsoap.lv\\\/en\\\/#website\"},\"primaryImageOfPage\":{\"@id\":\"https:\\\/\\\/naturalsoap.lv\\\/ru\\\/shop\\\/accessories\\\/vafelu-auduma-lina-vannas-dvielis-80x145cm-2\\\/#primaryimage\"},\"image\":{\"@id\":\"https:\\\/\\\/naturalsoap.lv\\\/ru\\\/shop\\\/accessories\\\/vafelu-auduma-lina-vannas-dvielis-80x145cm-2\\\/#primaryimage\"},\"thumbnailUrl\":\"https:\\\/\\\/naturalsoap.lv\\\/wp-content\\\/uploads\\\/2024\\\/09\\\/Towel_2-e1730122968333.jpg\",\"datePublished\":\"2024-09-24T10:23:54+00:00\",\"dateModified\":\"2025-02-24T08:37:34+00:00\",\"description\":\"Linen waffle towel made with the highest quality linen, which provides excellent absorbency, durability and wonderful softness. 50% linen 50% cotton\",\"breadcrumb\":{\"@id\":\"https:\\\/\\\/naturalsoap.lv\\\/ru\\\/shop\\\/accessories\\\/vafelu-auduma-lina-vannas-dvielis-80x145cm-2\\\/#breadcrumb\"},\"inLanguage\":\"de\",\"potentialAction\":[{\"@type\":\"ReadAction\",\"target\":[\"https:\\\/\\\/naturalsoap.lv\\\/ru\\\/shop\\\/accessories\\\/vafelu-auduma-lina-vannas-dvielis-80x145cm-2\\\/\"]}]},{\"@type\":\"ImageObject\",\"inLanguage\":\"de\",\"@id\":\"https:\\\/\\\/naturalsoap.lv\\\/ru\\\/shop\\\/accessories\\\/vafelu-auduma-lina-vannas-dvielis-80x145cm-2\\\/#primaryimage\",\"url\":\"https:\\\/\\\/naturalsoap.lv\\\/wp-content\\\/uploads\\\/2024\\\/09\\\/Towel_2-e1730122968333.jpg\",\"contentUrl\":\"https:\\\/\\\/naturalsoap.lv\\\/wp-content\\\/uploads\\\/2024\\\/09\\\/Towel_2-e1730122968333.jpg\",\"width\":900,\"height\":659,\"caption\":\"LINEN WAFFLE BATH TOWEL\"},{\"@type\":\"BreadcrumbList\",\"@id\":\"https:\\\/\\\/naturalsoap.lv\\\/ru\\\/shop\\\/accessories\\\/vafelu-auduma-lina-vannas-dvielis-80x145cm-2\\\/#breadcrumb\",\"itemListElement\":[{\"@type\":\"ListItem\",\"position\":1,\"name\":\"Home\",\"item\":\"https:\\\/\\\/naturalsoap.lv\\\/en\\\/\"},{\"@type\":\"ListItem\",\"position\":2,\"name\":\"Shop\",\"item\":\"https:\\\/\\\/naturalsoap.lv\\\/en\\\/shop\\\/\"},{\"@type\":\"ListItem\",\"position\":3,\"name\":\"\u041b\u042c\u041d\u042f\u041d\u041e\u0415 \u0411\u0410\u041d\u041d\u041e\u0415 \u0412\u0410\u0424\u0415\u041b\u042c\u041d\u041e\u0415 \u041f\u041e\u041b\u041e\u0422\u0415\u041d\u0426\u0415, 80x145cm\"}]},{\"@type\":\"WebSite\",\"@id\":\"https:\\\/\\\/naturalsoap.lv\\\/en\\\/#website\",\"url\":\"https:\\\/\\\/naturalsoap.lv\\\/en\\\/\",\"name\":\"NATURAL SOAP\",\"description\":\"Handgefertigte Bade- und Duschkosmetik.\",\"publisher\":{\"@id\":\"https:\\\/\\\/naturalsoap.lv\\\/en\\\/#organization\"},\"potentialAction\":[{\"@type\":\"SearchAction\",\"target\":{\"@type\":\"EntryPoint\",\"urlTemplate\":\"https:\\\/\\\/naturalsoap.lv\\\/en\\\/?s={search_term_string}\"},\"query-input\":{\"@type\":\"PropertyValueSpecification\",\"valueRequired\":true,\"valueName\":\"search_term_string\"}}],\"inLanguage\":\"de\"},{\"@type\":\"Organization\",\"@id\":\"https:\\\/\\\/naturalsoap.lv\\\/en\\\/#organization\",\"name\":\"NATURAL SOAP\",\"url\":\"https:\\\/\\\/naturalsoap.lv\\\/en\\\/\",\"logo\":{\"@type\":\"ImageObject\",\"inLanguage\":\"de\",\"@id\":\"https:\\\/\\\/naturalsoap.lv\\\/en\\\/#\\\/schema\\\/logo\\\/image\\\/\",\"url\":\"https:\\\/\\\/naturalsoap.lv\\\/wp-content\\\/uploads\\\/2024\\\/05\\\/Logo.svg\",\"contentUrl\":\"https:\\\/\\\/naturalsoap.lv\\\/wp-content\\\/uploads\\\/2024\\\/05\\\/Logo.svg\",\"width\":125,\"height\":34,\"caption\":\"NATURAL SOAP\"},\"image\":{\"@id\":\"https:\\\/\\\/naturalsoap.lv\\\/en\\\/#\\\/schema\\\/logo\\\/image\\\/\"}}]}<\/script>\n<!-- \/ Yoast SEO Premium plugin. -->","yoast_head_json":{"title":"[:lv]VAFE\u013bU AUDUMA LINA VANNAS DVIELIS, 80x145cm[:en]LINEN WAFFLE BATH TOWEL, 80x145cm[:de]BADEHANDT\u00dcCHER AUS LEINEN IN WAFFELSTRUKTUR, 80x145cm[:ru]\u041b\u042c\u041d\u042f\u041d\u041e\u0415 \u0411\u0410\u041d\u041d\u041e\u0415 \u0412\u0410\u0424\u0415\u041b\u042c\u041d\u041e\u0415 \u041f\u041e\u041b\u041e\u0422\u0415\u041d\u0426\u0415, 80x145cm[:] - NATURAL SOAP","description":"Linen waffle towel made with the highest quality linen, which provides excellent absorbency, durability and wonderful softness. 50% linen 50% cotton","robots":{"index":"index","follow":"follow","max-snippet":"max-snippet:-1","max-image-preview":"max-image-preview:large","max-video-preview":"max-video-preview:-1"},"canonical":"https:\/\/naturalsoap.lv\/ru\/shop\/accessories\/vafelu-auduma-lina-vannas-dvielis-80x145cm-2\/","og_locale":"de_DE","og_type":"article","og_title":"[:lv]VAFE\u013bU AUDUMA LINA VANNAS DVIELIS, 80x145cm[:en]LINEN WAFFLE BATH TOWEL, 80x145cm[:de]BADEHANDT\u00dcCHER AUS LEINEN IN WAFFELSTRUKTUR, 80x145cm[:ru]\u041b\u042c\u041d\u042f\u041d\u041e\u0415 \u0411\u0410\u041d\u041d\u041e\u0415 \u0412\u0410\u0424\u0415\u041b\u042c\u041d\u041e\u0415 \u041f\u041e\u041b\u041e\u0422\u0415\u041d\u0426\u0415, 80x145cm[:]","og_description":"Linen waffle towel made with the highest quality linen, which provides excellent absorbency, durability and wonderful softness. 50% linen 50% cotton","og_url":"https:\/\/naturalsoap.lv\/ru\/shop\/accessories\/vafelu-auduma-lina-vannas-dvielis-80x145cm-2\/","og_site_name":"NATURAL SOAP","article_modified_time":"2025-02-24T08:37:34+00:00","og_image":[{"width":900,"height":659,"url":"https:\/\/naturalsoap.lv\/wp-content\/uploads\/2024\/09\/Towel_2-e1730122968333.jpg","type":"image\/jpeg"}],"twitter_card":"summary_large_image","twitter_misc":{"Gesch\u00e4tzte Lesezeit":"1\u00a0Minute"},"schema":{"@context":"https:\/\/schema.org","@graph":[{"@type":"WebPage","@id":"https:\/\/naturalsoap.lv\/ru\/shop\/accessories\/vafelu-auduma-lina-vannas-dvielis-80x145cm-2\/","url":"https:\/\/naturalsoap.lv\/ru\/shop\/accessories\/vafelu-auduma-lina-vannas-dvielis-80x145cm-2\/","name":"[:lv]VAFE\u013bU AUDUMA LINA VANNAS DVIELIS, 80x145cm[:en]LINEN WAFFLE BATH TOWEL, 80x145cm[:de]BADEHANDT\u00dcCHER AUS LEINEN IN WAFFELSTRUKTUR, 80x145cm[:ru]\u041b\u042c\u041d\u042f\u041d\u041e\u0415 \u0411\u0410\u041d\u041d\u041e\u0415 \u0412\u0410\u0424\u0415\u041b\u042c\u041d\u041e\u0415 \u041f\u041e\u041b\u041e\u0422\u0415\u041d\u0426\u0415, 80x145cm[:] - NATURAL SOAP","isPartOf":{"@id":"https:\/\/naturalsoap.lv\/en\/#website"},"primaryImageOfPage":{"@id":"https:\/\/naturalsoap.lv\/ru\/shop\/accessories\/vafelu-auduma-lina-vannas-dvielis-80x145cm-2\/#primaryimage"},"image":{"@id":"https:\/\/naturalsoap.lv\/ru\/shop\/accessories\/vafelu-auduma-lina-vannas-dvielis-80x145cm-2\/#primaryimage"},"thumbnailUrl":"https:\/\/naturalsoap.lv\/wp-content\/uploads\/2024\/09\/Towel_2-e1730122968333.jpg","datePublished":"2024-09-24T10:23:54+00:00","dateModified":"2025-02-24T08:37:34+00:00","description":"Linen waffle towel made with the highest quality linen, which provides excellent absorbency, durability and wonderful softness. 50% linen 50% cotton","breadcrumb":{"@id":"https:\/\/naturalsoap.lv\/ru\/shop\/accessories\/vafelu-auduma-lina-vannas-dvielis-80x145cm-2\/#breadcrumb"},"inLanguage":"de","potentialAction":[{"@type":"ReadAction","target":["https:\/\/naturalsoap.lv\/ru\/shop\/accessories\/vafelu-auduma-lina-vannas-dvielis-80x145cm-2\/"]}]},{"@type":"ImageObject","inLanguage":"de","@id":"https:\/\/naturalsoap.lv\/ru\/shop\/accessories\/vafelu-auduma-lina-vannas-dvielis-80x145cm-2\/#primaryimage","url":"https:\/\/naturalsoap.lv\/wp-content\/uploads\/2024\/09\/Towel_2-e1730122968333.jpg","contentUrl":"https:\/\/naturalsoap.lv\/wp-content\/uploads\/2024\/09\/Towel_2-e1730122968333.jpg","width":900,"height":659,"caption":"LINEN WAFFLE BATH TOWEL"},{"@type":"BreadcrumbList","@id":"https:\/\/naturalsoap.lv\/ru\/shop\/accessories\/vafelu-auduma-lina-vannas-dvielis-80x145cm-2\/#breadcrumb","itemListElement":[{"@type":"ListItem","position":1,"name":"Home","item":"https:\/\/naturalsoap.lv\/en\/"},{"@type":"ListItem","position":2,"name":"Shop","item":"https:\/\/naturalsoap.lv\/en\/shop\/"},{"@type":"ListItem","position":3,"name":"\u041b\u042c\u041d\u042f\u041d\u041e\u0415 \u0411\u0410\u041d\u041d\u041e\u0415 \u0412\u0410\u0424\u0415\u041b\u042c\u041d\u041e\u0415 \u041f\u041e\u041b\u041e\u0422\u0415\u041d\u0426\u0415, 80x145cm"}]},{"@type":"WebSite","@id":"https:\/\/naturalsoap.lv\/en\/#website","url":"https:\/\/naturalsoap.lv\/en\/","name":"NATURAL SOAP","description":"Handgefertigte Bade- und Duschkosmetik.","publisher":{"@id":"https:\/\/naturalsoap.lv\/en\/#organization"},"potentialAction":[{"@type":"SearchAction","target":{"@type":"EntryPoint","urlTemplate":"https:\/\/naturalsoap.lv\/en\/?s={search_term_string}"},"query-input":{"@type":"PropertyValueSpecification","valueRequired":true,"valueName":"search_term_string"}}],"inLanguage":"de"},{"@type":"Organization","@id":"https:\/\/naturalsoap.lv\/en\/#organization","name":"NATURAL SOAP","url":"https:\/\/naturalsoap.lv\/en\/","logo":{"@type":"ImageObject","inLanguage":"de","@id":"https:\/\/naturalsoap.lv\/en\/#\/schema\/logo\/image\/","url":"https:\/\/naturalsoap.lv\/wp-content\/uploads\/2024\/05\/Logo.svg","contentUrl":"https:\/\/naturalsoap.lv\/wp-content\/uploads\/2024\/05\/Logo.svg","width":125,"height":34,"caption":"NATURAL SOAP"},"image":{"@id":"https:\/\/naturalsoap.lv\/en\/#\/schema\/logo\/image\/"}}]}},"_links":{"self":[{"href":"https:\/\/naturalsoap.lv\/de\/wp-json\/wp\/v2\/product\/16136","targetHints":{"allow":["GET"]}}],"collection":[{"href":"https:\/\/naturalsoap.lv\/de\/wp-json\/wp\/v2\/product"}],"about":[{"href":"https:\/\/naturalsoap.lv\/de\/wp-json\/wp\/v2\/types\/product"}],"wp:featuredmedia":[{"embeddable":true,"href":"https:\/\/naturalsoap.lv\/de\/wp-json\/wp\/v2\/media\/16137"}],"wp:attachment":[{"href":"https:\/\/naturalsoap.lv\/de\/wp-json\/wp\/v2\/media?parent=16136"}],"wp:term":[{"taxonomy":"product_brand","embeddable":true,"href":"https:\/\/naturalsoap.lv\/de\/wp-json\/wp\/v2\/product_brand?post=16136"},{"taxonomy":"product_cat","embeddable":true,"href":"https:\/\/naturalsoap.lv\/de\/wp-json\/wp\/v2\/product_cat?post=16136"},{"taxonomy":"product_tag","embeddable":true,"href":"https:\/\/naturalsoap.lv\/de\/wp-json\/wp\/v2\/product_tag?post=16136"}],"curies":[{"name":"wp","href":"https:\/\/api.w.org\/{rel}","templated":true}]}}