{"id":14790,"date":"2024-05-30T07:10:04","date_gmt":"2024-05-30T07:10:04","guid":{"rendered":"https:\/\/321.optimum.lv\/product\/lina-pirts-cepure\/"},"modified":"2025-02-24T08:42:31","modified_gmt":"2025-02-24T08:42:31","slug":"lina-pirts-cepure","status":"publish","type":"product","link":"https:\/\/naturalsoap.lv\/de\/shop\/accessories\/lina-pirts-cepure\/","title":{"rendered":"LEINENHUT F\u00dcR DIE SAUNA"},"content":{"rendered":"<p>Leinenhut f\u00fcr das Dampfbad. M\u00fctze sch\u00fctzt den Kopf vor Hitzschlag.<\/p>\n<p>Leinen trocknet schnell \u2013 was Leinen zu einer umweltfreundlicheren Alternative zu anderen Materialien macht.<\/p>\n<p>Da Leinenfasern hohl sind, erm\u00f6glichen sie eine bessere Luftzirkulation \u00fcber Ihren K\u00f6rper als andere Materialien. Sie sind au\u00dferdem sehr saugf\u00e4hig und nehmen bis zu 20 % ihres Trockengewichts an Feuchtigkeit auf, ohne sich feucht anzuf\u00fchlen.<\/p>\n<p>Loops: 100% linen<\/p>\n<p>Base: 100% Cotton<\/p>","protected":false},"excerpt":{"rendered":"<p>Loops: 100% linen<\/p>\n<p>Base: 100% Cotton<\/p>\n","protected":false},"featured_media":16129,"template":"","meta":[],"product_brand":[],"product_cat":[501],"product_tag":[],"class_list":{"0":"post-14790","1":"product","2":"type-product","3":"status-publish","4":"has-post-thumbnail","6":"product_cat-accessories","7":"pa_gift-box-no-gift-box","8":"pa_gift-box-gift-box","10":"first","11":"instock","12":"taxable","13":"shipping-taxable","14":"purchasable","15":"product-type-simple"},"yoast_head":"<!-- This site is optimized with the Yoast SEO Premium plugin v22.6 (Yoast SEO v27.3) - https:\/\/yoast.com\/product\/yoast-seo-premium-wordpress\/ -->\n<title>LEINENHUT F\u00dcR DIE SAUNA - NATURAL SOAP<\/title>\n<meta name=\"description\" content=\"Linen hat for the steam room. Hat protect the head from heat stroke. Lina pirts cepure lieliski aizsarg\u0101s J\u016bsu galvu, matus un ausis no p\u0101rkar\u0161anas.\" \/>\n<meta name=\"robots\" content=\"index, follow, max-snippet:-1, max-image-preview:large, max-video-preview:-1\" \/>\n<link rel=\"canonical\" href=\"https:\/\/naturalsoap.lv\/ru\/shop\/accessories\/lina-pirts-cepure\/\" \/>\n<meta property=\"og:locale\" content=\"de_DE\" \/>\n<meta property=\"og:type\" content=\"article\" \/>\n<meta property=\"og:title\" content=\"[:lv]LINA PIRTS CEPURE[:en]LINEN SAUNA HAT[:de]LEINENHUT F\u00dcR DIE SAUNA[:ru]\u041b\u042c\u041d\u042f\u041d\u0410\u042f \u0428\u0410\u041f\u041e\u0427\u041a\u0410 \u0414\u041b\u042f \u0421\u0410\u0423\u041d\u042b[:]\" \/>\n<meta property=\"og:description\" content=\"Linen hat for the steam room. Hat protect the head from heat stroke. Lina pirts cepure lieliski aizsarg\u0101s J\u016bsu galvu, matus un ausis no p\u0101rkar\u0161anas.\" \/>\n<meta property=\"og:url\" content=\"https:\/\/naturalsoap.lv\/ru\/shop\/accessories\/lina-pirts-cepure\/\" \/>\n<meta property=\"og:site_name\" content=\"NATURAL SOAP\" \/>\n<meta property=\"article:modified_time\" content=\"2025-02-24T08:42:31+00:00\" \/>\n<meta property=\"og:image\" content=\"https:\/\/naturalsoap.lv\/wp-content\/uploads\/2024\/05\/Sauna-hat_1-e1730123049474.jpg\" \/>\n\t<meta property=\"og:image:width\" content=\"900\" \/>\n\t<meta property=\"og:image:height\" content=\"659\" \/>\n\t<meta property=\"og:image:type\" content=\"image\/jpeg\" \/>\n<meta name=\"twitter:card\" content=\"summary_large_image\" \/>\n<meta name=\"twitter:label1\" content=\"Gesch\u00e4tzte Lesezeit\" \/>\n\t<meta name=\"twitter:data1\" content=\"1\u00a0Minute\" \/>\n<script type=\"application\/ld+json\" class=\"yoast-schema-graph\">{\"@context\":\"https:\\\/\\\/schema.org\",\"@graph\":[{\"@type\":\"WebPage\",\"@id\":\"https:\\\/\\\/naturalsoap.lv\\\/ru\\\/shop\\\/accessories\\\/lina-pirts-cepure\\\/\",\"url\":\"https:\\\/\\\/naturalsoap.lv\\\/ru\\\/shop\\\/accessories\\\/lina-pirts-cepure\\\/\",\"name\":\"[:lv]LINA PIRTS CEPURE[:en]LINEN SAUNA HAT[:de]LEINENHUT F\u00dcR DIE SAUNA[:ru]\u041b\u042c\u041d\u042f\u041d\u0410\u042f \u0428\u0410\u041f\u041e\u0427\u041a\u0410 \u0414\u041b\u042f \u0421\u0410\u0423\u041d\u042b[:] - NATURAL SOAP\",\"isPartOf\":{\"@id\":\"https:\\\/\\\/naturalsoap.lv\\\/en\\\/#website\"},\"primaryImageOfPage\":{\"@id\":\"https:\\\/\\\/naturalsoap.lv\\\/ru\\\/shop\\\/accessories\\\/lina-pirts-cepure\\\/#primaryimage\"},\"image\":{\"@id\":\"https:\\\/\\\/naturalsoap.lv\\\/ru\\\/shop\\\/accessories\\\/lina-pirts-cepure\\\/#primaryimage\"},\"thumbnailUrl\":\"https:\\\/\\\/naturalsoap.lv\\\/wp-content\\\/uploads\\\/2024\\\/05\\\/Sauna-hat_1-e1730123049474.jpg\",\"datePublished\":\"2024-05-30T07:10:04+00:00\",\"dateModified\":\"2025-02-24T08:42:31+00:00\",\"description\":\"Linen hat for the steam room. Hat protect the head from heat stroke. Lina pirts cepure lieliski aizsarg\u0101s J\u016bsu galvu, matus un ausis no p\u0101rkar\u0161anas.\",\"breadcrumb\":{\"@id\":\"https:\\\/\\\/naturalsoap.lv\\\/ru\\\/shop\\\/accessories\\\/lina-pirts-cepure\\\/#breadcrumb\"},\"inLanguage\":\"de\",\"potentialAction\":[{\"@type\":\"ReadAction\",\"target\":[\"https:\\\/\\\/naturalsoap.lv\\\/ru\\\/shop\\\/accessories\\\/lina-pirts-cepure\\\/\"]}]},{\"@type\":\"ImageObject\",\"inLanguage\":\"de\",\"@id\":\"https:\\\/\\\/naturalsoap.lv\\\/ru\\\/shop\\\/accessories\\\/lina-pirts-cepure\\\/#primaryimage\",\"url\":\"https:\\\/\\\/naturalsoap.lv\\\/wp-content\\\/uploads\\\/2024\\\/05\\\/Sauna-hat_1-e1730123049474.jpg\",\"contentUrl\":\"https:\\\/\\\/naturalsoap.lv\\\/wp-content\\\/uploads\\\/2024\\\/05\\\/Sauna-hat_1-e1730123049474.jpg\",\"width\":900,\"height\":659,\"caption\":\"Sauna hat\"},{\"@type\":\"BreadcrumbList\",\"@id\":\"https:\\\/\\\/naturalsoap.lv\\\/ru\\\/shop\\\/accessories\\\/lina-pirts-cepure\\\/#breadcrumb\",\"itemListElement\":[{\"@type\":\"ListItem\",\"position\":1,\"name\":\"Home\",\"item\":\"https:\\\/\\\/naturalsoap.lv\\\/en\\\/\"},{\"@type\":\"ListItem\",\"position\":2,\"name\":\"Shop\",\"item\":\"https:\\\/\\\/naturalsoap.lv\\\/en\\\/shop\\\/\"},{\"@type\":\"ListItem\",\"position\":3,\"name\":\"\u041b\u042c\u041d\u042f\u041d\u0410\u042f \u0428\u0410\u041f\u041e\u0427\u041a\u0410 \u0414\u041b\u042f \u0421\u0410\u0423\u041d\u042b\"}]},{\"@type\":\"WebSite\",\"@id\":\"https:\\\/\\\/naturalsoap.lv\\\/en\\\/#website\",\"url\":\"https:\\\/\\\/naturalsoap.lv\\\/en\\\/\",\"name\":\"NATURAL SOAP\",\"description\":\"Handgefertigte Bade- und Duschkosmetik.\",\"publisher\":{\"@id\":\"https:\\\/\\\/naturalsoap.lv\\\/en\\\/#organization\"},\"potentialAction\":[{\"@type\":\"SearchAction\",\"target\":{\"@type\":\"EntryPoint\",\"urlTemplate\":\"https:\\\/\\\/naturalsoap.lv\\\/en\\\/?s={search_term_string}\"},\"query-input\":{\"@type\":\"PropertyValueSpecification\",\"valueRequired\":true,\"valueName\":\"search_term_string\"}}],\"inLanguage\":\"de\"},{\"@type\":\"Organization\",\"@id\":\"https:\\\/\\\/naturalsoap.lv\\\/en\\\/#organization\",\"name\":\"NATURAL SOAP\",\"url\":\"https:\\\/\\\/naturalsoap.lv\\\/en\\\/\",\"logo\":{\"@type\":\"ImageObject\",\"inLanguage\":\"de\",\"@id\":\"https:\\\/\\\/naturalsoap.lv\\\/en\\\/#\\\/schema\\\/logo\\\/image\\\/\",\"url\":\"https:\\\/\\\/naturalsoap.lv\\\/wp-content\\\/uploads\\\/2024\\\/05\\\/Logo.svg\",\"contentUrl\":\"https:\\\/\\\/naturalsoap.lv\\\/wp-content\\\/uploads\\\/2024\\\/05\\\/Logo.svg\",\"width\":125,\"height\":34,\"caption\":\"NATURAL SOAP\"},\"image\":{\"@id\":\"https:\\\/\\\/naturalsoap.lv\\\/en\\\/#\\\/schema\\\/logo\\\/image\\\/\"}}]}<\/script>\n<!-- \/ Yoast SEO Premium plugin. -->","yoast_head_json":{"title":"[:lv]LINA PIRTS CEPURE[:en]LINEN SAUNA HAT[:de]LEINENHUT F\u00dcR DIE SAUNA[:ru]\u041b\u042c\u041d\u042f\u041d\u0410\u042f \u0428\u0410\u041f\u041e\u0427\u041a\u0410 \u0414\u041b\u042f \u0421\u0410\u0423\u041d\u042b[:] - NATURAL SOAP","description":"Linen hat for the steam room. Hat protect the head from heat stroke. Lina pirts cepure lieliski aizsarg\u0101s J\u016bsu galvu, matus un ausis no p\u0101rkar\u0161anas.","robots":{"index":"index","follow":"follow","max-snippet":"max-snippet:-1","max-image-preview":"max-image-preview:large","max-video-preview":"max-video-preview:-1"},"canonical":"https:\/\/naturalsoap.lv\/ru\/shop\/accessories\/lina-pirts-cepure\/","og_locale":"de_DE","og_type":"article","og_title":"[:lv]LINA PIRTS CEPURE[:en]LINEN SAUNA HAT[:de]LEINENHUT F\u00dcR DIE SAUNA[:ru]\u041b\u042c\u041d\u042f\u041d\u0410\u042f \u0428\u0410\u041f\u041e\u0427\u041a\u0410 \u0414\u041b\u042f \u0421\u0410\u0423\u041d\u042b[:]","og_description":"Linen hat for the steam room. Hat protect the head from heat stroke. Lina pirts cepure lieliski aizsarg\u0101s J\u016bsu galvu, matus un ausis no p\u0101rkar\u0161anas.","og_url":"https:\/\/naturalsoap.lv\/ru\/shop\/accessories\/lina-pirts-cepure\/","og_site_name":"NATURAL SOAP","article_modified_time":"2025-02-24T08:42:31+00:00","og_image":[{"width":900,"height":659,"url":"https:\/\/naturalsoap.lv\/wp-content\/uploads\/2024\/05\/Sauna-hat_1-e1730123049474.jpg","type":"image\/jpeg"}],"twitter_card":"summary_large_image","twitter_misc":{"Gesch\u00e4tzte Lesezeit":"1\u00a0Minute"},"schema":{"@context":"https:\/\/schema.org","@graph":[{"@type":"WebPage","@id":"https:\/\/naturalsoap.lv\/ru\/shop\/accessories\/lina-pirts-cepure\/","url":"https:\/\/naturalsoap.lv\/ru\/shop\/accessories\/lina-pirts-cepure\/","name":"[:lv]LINA PIRTS CEPURE[:en]LINEN SAUNA HAT[:de]LEINENHUT F\u00dcR DIE SAUNA[:ru]\u041b\u042c\u041d\u042f\u041d\u0410\u042f \u0428\u0410\u041f\u041e\u0427\u041a\u0410 \u0414\u041b\u042f \u0421\u0410\u0423\u041d\u042b[:] - NATURAL SOAP","isPartOf":{"@id":"https:\/\/naturalsoap.lv\/en\/#website"},"primaryImageOfPage":{"@id":"https:\/\/naturalsoap.lv\/ru\/shop\/accessories\/lina-pirts-cepure\/#primaryimage"},"image":{"@id":"https:\/\/naturalsoap.lv\/ru\/shop\/accessories\/lina-pirts-cepure\/#primaryimage"},"thumbnailUrl":"https:\/\/naturalsoap.lv\/wp-content\/uploads\/2024\/05\/Sauna-hat_1-e1730123049474.jpg","datePublished":"2024-05-30T07:10:04+00:00","dateModified":"2025-02-24T08:42:31+00:00","description":"Linen hat for the steam room. Hat protect the head from heat stroke. Lina pirts cepure lieliski aizsarg\u0101s J\u016bsu galvu, matus un ausis no p\u0101rkar\u0161anas.","breadcrumb":{"@id":"https:\/\/naturalsoap.lv\/ru\/shop\/accessories\/lina-pirts-cepure\/#breadcrumb"},"inLanguage":"de","potentialAction":[{"@type":"ReadAction","target":["https:\/\/naturalsoap.lv\/ru\/shop\/accessories\/lina-pirts-cepure\/"]}]},{"@type":"ImageObject","inLanguage":"de","@id":"https:\/\/naturalsoap.lv\/ru\/shop\/accessories\/lina-pirts-cepure\/#primaryimage","url":"https:\/\/naturalsoap.lv\/wp-content\/uploads\/2024\/05\/Sauna-hat_1-e1730123049474.jpg","contentUrl":"https:\/\/naturalsoap.lv\/wp-content\/uploads\/2024\/05\/Sauna-hat_1-e1730123049474.jpg","width":900,"height":659,"caption":"Sauna hat"},{"@type":"BreadcrumbList","@id":"https:\/\/naturalsoap.lv\/ru\/shop\/accessories\/lina-pirts-cepure\/#breadcrumb","itemListElement":[{"@type":"ListItem","position":1,"name":"Home","item":"https:\/\/naturalsoap.lv\/en\/"},{"@type":"ListItem","position":2,"name":"Shop","item":"https:\/\/naturalsoap.lv\/en\/shop\/"},{"@type":"ListItem","position":3,"name":"\u041b\u042c\u041d\u042f\u041d\u0410\u042f \u0428\u0410\u041f\u041e\u0427\u041a\u0410 \u0414\u041b\u042f \u0421\u0410\u0423\u041d\u042b"}]},{"@type":"WebSite","@id":"https:\/\/naturalsoap.lv\/en\/#website","url":"https:\/\/naturalsoap.lv\/en\/","name":"NATURAL SOAP","description":"Handgefertigte Bade- und Duschkosmetik.","publisher":{"@id":"https:\/\/naturalsoap.lv\/en\/#organization"},"potentialAction":[{"@type":"SearchAction","target":{"@type":"EntryPoint","urlTemplate":"https:\/\/naturalsoap.lv\/en\/?s={search_term_string}"},"query-input":{"@type":"PropertyValueSpecification","valueRequired":true,"valueName":"search_term_string"}}],"inLanguage":"de"},{"@type":"Organization","@id":"https:\/\/naturalsoap.lv\/en\/#organization","name":"NATURAL SOAP","url":"https:\/\/naturalsoap.lv\/en\/","logo":{"@type":"ImageObject","inLanguage":"de","@id":"https:\/\/naturalsoap.lv\/en\/#\/schema\/logo\/image\/","url":"https:\/\/naturalsoap.lv\/wp-content\/uploads\/2024\/05\/Logo.svg","contentUrl":"https:\/\/naturalsoap.lv\/wp-content\/uploads\/2024\/05\/Logo.svg","width":125,"height":34,"caption":"NATURAL SOAP"},"image":{"@id":"https:\/\/naturalsoap.lv\/en\/#\/schema\/logo\/image\/"}}]}},"_links":{"self":[{"href":"https:\/\/naturalsoap.lv\/de\/wp-json\/wp\/v2\/product\/14790","targetHints":{"allow":["GET"]}}],"collection":[{"href":"https:\/\/naturalsoap.lv\/de\/wp-json\/wp\/v2\/product"}],"about":[{"href":"https:\/\/naturalsoap.lv\/de\/wp-json\/wp\/v2\/types\/product"}],"wp:featuredmedia":[{"embeddable":true,"href":"https:\/\/naturalsoap.lv\/de\/wp-json\/wp\/v2\/media\/16129"}],"wp:attachment":[{"href":"https:\/\/naturalsoap.lv\/de\/wp-json\/wp\/v2\/media?parent=14790"}],"wp:term":[{"taxonomy":"product_brand","embeddable":true,"href":"https:\/\/naturalsoap.lv\/de\/wp-json\/wp\/v2\/product_brand?post=14790"},{"taxonomy":"product_cat","embeddable":true,"href":"https:\/\/naturalsoap.lv\/de\/wp-json\/wp\/v2\/product_cat?post=14790"},{"taxonomy":"product_tag","embeddable":true,"href":"https:\/\/naturalsoap.lv\/de\/wp-json\/wp\/v2\/product_tag?post=14790"}],"curies":[{"name":"wp","href":"https:\/\/api.w.org\/{rel}","templated":true}]}}