{"id":14783,"date":"2024-05-30T07:09:14","date_gmt":"2024-05-30T07:09:14","guid":{"rendered":"https:\/\/321.optimum.lv\/product\/jolime-vannas-putas-200ml\/"},"modified":"2025-04-15T09:07:01","modified_gmt":"2025-04-15T09:07:01","slug":"jolime-vannas-putas-200ml","status":"publish","type":"product","link":"https:\/\/naturalsoap.lv\/de\/shop\/jolime-brand\/jolime-vannas-putas-200ml\/","title":{"rendered":"JoliME BADESCHAUM, 200ml"},"content":{"rendered":"<p>Entspannender Badeschaum \u2013 milder Badeschaum f\u00fcr alle Hauttypen. Badeschaumformel, angereichert mit Atlantischem Meersalz. Meersalz hilft, die Poren zu \u00f6ffnen, die Durchblutung zu verbessern, das Zellwachstum anzuregen und Giftstoffe aus der Haut zu entfernen.<\/p>\n<p>Mit einer herben Cranberry-Note, die sp\u00e4ter dank kr\u00e4ftiger holziger, blumiger und moschusartiger Noten in voller F\u00fclle aufbl\u00fcht.<\/p>","protected":false},"excerpt":{"rendered":"<p>INCI: Aqua, Sodium Laureth Sulfate, Maris sal, Propylene Glycol, Sodium Chloride, Cocamine Oxide, Cocamidopropyl Betaine,Parfum, Citric Acid, Tetrasodium Edta, Polyquaternium- 7, Magnesium Nitrate, Magnesium Chloride, Methylchloroisothiazolinone, Methylisothiazolinone, CI 14720, Hexyl Cinnamic Aldehyde Alpha, Linalool<\/p>\n<p>Manufacturer: SIA GARTDA, Alejas street 73, Daugavpils, LV-5401, Latvia, T. +371 65420849, <a href=\"mailto:info@gartda.lv\">info@gartda.lv<\/a><\/p>\n","protected":false},"featured_media":14784,"template":"","meta":[],"product_brand":[],"product_cat":[500],"product_tag":[],"class_list":{"0":"post-14783","1":"product","2":"type-product","3":"status-publish","4":"has-post-thumbnail","6":"product_cat-jolime-brand","7":"pa_box-bez-davanu-kastites","8":"pa_box-davanu-kastite","10":"first","11":"instock","12":"taxable","13":"shipping-taxable","14":"purchasable","15":"product-type-variable"},"yoast_head":"<!-- This site is optimized with the Yoast SEO Premium plugin v22.6 (Yoast SEO v27.3) - https:\/\/yoast.com\/product\/yoast-seo-premium-wordpress\/ -->\n<title>JoliME BADESCHAUM, 200ml - NATURAL SOAP<\/title>\n<meta name=\"description\" content=\"JoliME BATH FOAM. Relaxing bath foam - mild bath foam for all skin types. Bath foam formula enriched with Atlantic Sea Salt.\" \/>\n<meta name=\"robots\" content=\"index, follow, max-snippet:-1, max-image-preview:large, max-video-preview:-1\" \/>\n<link rel=\"canonical\" href=\"https:\/\/naturalsoap.lv\/lv\/shop\/jolime-brand\/jolime-vannas-putas-200ml\/\" \/>\n<meta property=\"og:locale\" content=\"de_DE\" \/>\n<meta property=\"og:type\" content=\"article\" \/>\n<meta property=\"og:title\" content=\"[:lv]JoliME VANNAS PUTAS, 200ml[:en]JoliME BATH FOAM, 200ml[:de]JoliME BADESCHAUM, 200ml[:ru]JoliME \u041f\u0415\u041d\u0410 \u0414\u041b\u042f \u0412\u0410\u041d\u041d\u042b, 200ml[:]\" \/>\n<meta property=\"og:description\" content=\"JoliME BATH FOAM. Relaxing bath foam - mild bath foam for all skin types. Bath foam formula enriched with Atlantic Sea Salt.\" \/>\n<meta property=\"og:url\" content=\"https:\/\/naturalsoap.lv\/lv\/shop\/jolime-brand\/jolime-vannas-putas-200ml\/\" \/>\n<meta property=\"og:site_name\" content=\"NATURAL SOAP\" \/>\n<meta property=\"article:modified_time\" content=\"2025-04-15T09:07:01+00:00\" \/>\n<meta property=\"og:image\" content=\"https:\/\/naturalsoap.lv\/wp-content\/uploads\/2024\/05\/JoliME-BATH-FOAM-e1730121457693.jpg\" \/>\n\t<meta property=\"og:image:width\" content=\"900\" \/>\n\t<meta property=\"og:image:height\" content=\"902\" \/>\n\t<meta property=\"og:image:type\" content=\"image\/jpeg\" \/>\n<meta name=\"twitter:card\" content=\"summary_large_image\" \/>\n<meta name=\"twitter:label1\" content=\"Gesch\u00e4tzte Lesezeit\" \/>\n\t<meta name=\"twitter:data1\" content=\"1\u00a0Minute\" \/>\n<script type=\"application\/ld+json\" class=\"yoast-schema-graph\">{\"@context\":\"https:\\\/\\\/schema.org\",\"@graph\":[{\"@type\":\"WebPage\",\"@id\":\"https:\\\/\\\/naturalsoap.lv\\\/lv\\\/shop\\\/jolime-brand\\\/jolime-vannas-putas-200ml\\\/\",\"url\":\"https:\\\/\\\/naturalsoap.lv\\\/lv\\\/shop\\\/jolime-brand\\\/jolime-vannas-putas-200ml\\\/\",\"name\":\"[:lv]JoliME VANNAS PUTAS, 200ml[:en]JoliME BATH FOAM, 200ml[:de]JoliME BADESCHAUM, 200ml[:ru]JoliME \u041f\u0415\u041d\u0410 \u0414\u041b\u042f \u0412\u0410\u041d\u041d\u042b, 200ml[:] - NATURAL SOAP\",\"isPartOf\":{\"@id\":\"https:\\\/\\\/naturalsoap.lv\\\/en\\\/#website\"},\"primaryImageOfPage\":{\"@id\":\"https:\\\/\\\/naturalsoap.lv\\\/lv\\\/shop\\\/jolime-brand\\\/jolime-vannas-putas-200ml\\\/#primaryimage\"},\"image\":{\"@id\":\"https:\\\/\\\/naturalsoap.lv\\\/lv\\\/shop\\\/jolime-brand\\\/jolime-vannas-putas-200ml\\\/#primaryimage\"},\"thumbnailUrl\":\"https:\\\/\\\/naturalsoap.lv\\\/wp-content\\\/uploads\\\/2024\\\/05\\\/JoliME-BATH-FOAM-e1730121457693.jpg\",\"datePublished\":\"2024-05-30T07:09:14+00:00\",\"dateModified\":\"2025-04-15T09:07:01+00:00\",\"description\":\"JoliME BATH FOAM. Relaxing bath foam - mild bath foam for all skin types. Bath foam formula enriched with Atlantic Sea Salt.\",\"breadcrumb\":{\"@id\":\"https:\\\/\\\/naturalsoap.lv\\\/lv\\\/shop\\\/jolime-brand\\\/jolime-vannas-putas-200ml\\\/#breadcrumb\"},\"inLanguage\":\"de\",\"potentialAction\":[{\"@type\":\"ReadAction\",\"target\":[\"https:\\\/\\\/naturalsoap.lv\\\/lv\\\/shop\\\/jolime-brand\\\/jolime-vannas-putas-200ml\\\/\"]}]},{\"@type\":\"ImageObject\",\"inLanguage\":\"de\",\"@id\":\"https:\\\/\\\/naturalsoap.lv\\\/lv\\\/shop\\\/jolime-brand\\\/jolime-vannas-putas-200ml\\\/#primaryimage\",\"url\":\"https:\\\/\\\/naturalsoap.lv\\\/wp-content\\\/uploads\\\/2024\\\/05\\\/JoliME-BATH-FOAM-e1730121457693.jpg\",\"contentUrl\":\"https:\\\/\\\/naturalsoap.lv\\\/wp-content\\\/uploads\\\/2024\\\/05\\\/JoliME-BATH-FOAM-e1730121457693.jpg\",\"width\":900,\"height\":902,\"caption\":\"JoliME BATH FOAM, 200ml\"},{\"@type\":\"BreadcrumbList\",\"@id\":\"https:\\\/\\\/naturalsoap.lv\\\/lv\\\/shop\\\/jolime-brand\\\/jolime-vannas-putas-200ml\\\/#breadcrumb\",\"itemListElement\":[{\"@type\":\"ListItem\",\"position\":1,\"name\":\"Home\",\"item\":\"https:\\\/\\\/naturalsoap.lv\\\/en\\\/\"},{\"@type\":\"ListItem\",\"position\":2,\"name\":\"Shop\",\"item\":\"https:\\\/\\\/naturalsoap.lv\\\/en\\\/shop\\\/\"},{\"@type\":\"ListItem\",\"position\":3,\"name\":\"JoliME VANNAS PUTAS, 200ml\"}]},{\"@type\":\"WebSite\",\"@id\":\"https:\\\/\\\/naturalsoap.lv\\\/en\\\/#website\",\"url\":\"https:\\\/\\\/naturalsoap.lv\\\/en\\\/\",\"name\":\"NATURAL SOAP\",\"description\":\"Handgefertigte Bade- und Duschkosmetik.\",\"publisher\":{\"@id\":\"https:\\\/\\\/naturalsoap.lv\\\/en\\\/#organization\"},\"potentialAction\":[{\"@type\":\"SearchAction\",\"target\":{\"@type\":\"EntryPoint\",\"urlTemplate\":\"https:\\\/\\\/naturalsoap.lv\\\/en\\\/?s={search_term_string}\"},\"query-input\":{\"@type\":\"PropertyValueSpecification\",\"valueRequired\":true,\"valueName\":\"search_term_string\"}}],\"inLanguage\":\"de\"},{\"@type\":\"Organization\",\"@id\":\"https:\\\/\\\/naturalsoap.lv\\\/en\\\/#organization\",\"name\":\"NATURAL SOAP\",\"url\":\"https:\\\/\\\/naturalsoap.lv\\\/en\\\/\",\"logo\":{\"@type\":\"ImageObject\",\"inLanguage\":\"de\",\"@id\":\"https:\\\/\\\/naturalsoap.lv\\\/en\\\/#\\\/schema\\\/logo\\\/image\\\/\",\"url\":\"https:\\\/\\\/naturalsoap.lv\\\/wp-content\\\/uploads\\\/2024\\\/05\\\/Logo.svg\",\"contentUrl\":\"https:\\\/\\\/naturalsoap.lv\\\/wp-content\\\/uploads\\\/2024\\\/05\\\/Logo.svg\",\"width\":125,\"height\":34,\"caption\":\"NATURAL SOAP\"},\"image\":{\"@id\":\"https:\\\/\\\/naturalsoap.lv\\\/en\\\/#\\\/schema\\\/logo\\\/image\\\/\"}}]}<\/script>\n<!-- \/ Yoast SEO Premium plugin. -->","yoast_head_json":{"title":"[:lv]JoliME VANNAS PUTAS, 200ml[:en]JoliME BATH FOAM, 200ml[:de]JoliME BADESCHAUM, 200ml[:ru]JoliME \u041f\u0415\u041d\u0410 \u0414\u041b\u042f \u0412\u0410\u041d\u041d\u042b, 200ml[:] - NATURAL SOAP","description":"JoliME BATH FOAM. Relaxing bath foam - mild bath foam for all skin types. Bath foam formula enriched with Atlantic Sea Salt.","robots":{"index":"index","follow":"follow","max-snippet":"max-snippet:-1","max-image-preview":"max-image-preview:large","max-video-preview":"max-video-preview:-1"},"canonical":"https:\/\/naturalsoap.lv\/lv\/shop\/jolime-brand\/jolime-vannas-putas-200ml\/","og_locale":"de_DE","og_type":"article","og_title":"[:lv]JoliME VANNAS PUTAS, 200ml[:en]JoliME BATH FOAM, 200ml[:de]JoliME BADESCHAUM, 200ml[:ru]JoliME \u041f\u0415\u041d\u0410 \u0414\u041b\u042f \u0412\u0410\u041d\u041d\u042b, 200ml[:]","og_description":"JoliME BATH FOAM. Relaxing bath foam - mild bath foam for all skin types. Bath foam formula enriched with Atlantic Sea Salt.","og_url":"https:\/\/naturalsoap.lv\/lv\/shop\/jolime-brand\/jolime-vannas-putas-200ml\/","og_site_name":"NATURAL SOAP","article_modified_time":"2025-04-15T09:07:01+00:00","og_image":[{"width":900,"height":902,"url":"https:\/\/naturalsoap.lv\/wp-content\/uploads\/2024\/05\/JoliME-BATH-FOAM-e1730121457693.jpg","type":"image\/jpeg"}],"twitter_card":"summary_large_image","twitter_misc":{"Gesch\u00e4tzte Lesezeit":"1\u00a0Minute"},"schema":{"@context":"https:\/\/schema.org","@graph":[{"@type":"WebPage","@id":"https:\/\/naturalsoap.lv\/lv\/shop\/jolime-brand\/jolime-vannas-putas-200ml\/","url":"https:\/\/naturalsoap.lv\/lv\/shop\/jolime-brand\/jolime-vannas-putas-200ml\/","name":"[:lv]JoliME VANNAS PUTAS, 200ml[:en]JoliME BATH FOAM, 200ml[:de]JoliME BADESCHAUM, 200ml[:ru]JoliME \u041f\u0415\u041d\u0410 \u0414\u041b\u042f \u0412\u0410\u041d\u041d\u042b, 200ml[:] - NATURAL SOAP","isPartOf":{"@id":"https:\/\/naturalsoap.lv\/en\/#website"},"primaryImageOfPage":{"@id":"https:\/\/naturalsoap.lv\/lv\/shop\/jolime-brand\/jolime-vannas-putas-200ml\/#primaryimage"},"image":{"@id":"https:\/\/naturalsoap.lv\/lv\/shop\/jolime-brand\/jolime-vannas-putas-200ml\/#primaryimage"},"thumbnailUrl":"https:\/\/naturalsoap.lv\/wp-content\/uploads\/2024\/05\/JoliME-BATH-FOAM-e1730121457693.jpg","datePublished":"2024-05-30T07:09:14+00:00","dateModified":"2025-04-15T09:07:01+00:00","description":"JoliME BATH FOAM. Relaxing bath foam - mild bath foam for all skin types. Bath foam formula enriched with Atlantic Sea Salt.","breadcrumb":{"@id":"https:\/\/naturalsoap.lv\/lv\/shop\/jolime-brand\/jolime-vannas-putas-200ml\/#breadcrumb"},"inLanguage":"de","potentialAction":[{"@type":"ReadAction","target":["https:\/\/naturalsoap.lv\/lv\/shop\/jolime-brand\/jolime-vannas-putas-200ml\/"]}]},{"@type":"ImageObject","inLanguage":"de","@id":"https:\/\/naturalsoap.lv\/lv\/shop\/jolime-brand\/jolime-vannas-putas-200ml\/#primaryimage","url":"https:\/\/naturalsoap.lv\/wp-content\/uploads\/2024\/05\/JoliME-BATH-FOAM-e1730121457693.jpg","contentUrl":"https:\/\/naturalsoap.lv\/wp-content\/uploads\/2024\/05\/JoliME-BATH-FOAM-e1730121457693.jpg","width":900,"height":902,"caption":"JoliME BATH FOAM, 200ml"},{"@type":"BreadcrumbList","@id":"https:\/\/naturalsoap.lv\/lv\/shop\/jolime-brand\/jolime-vannas-putas-200ml\/#breadcrumb","itemListElement":[{"@type":"ListItem","position":1,"name":"Home","item":"https:\/\/naturalsoap.lv\/en\/"},{"@type":"ListItem","position":2,"name":"Shop","item":"https:\/\/naturalsoap.lv\/en\/shop\/"},{"@type":"ListItem","position":3,"name":"JoliME VANNAS PUTAS, 200ml"}]},{"@type":"WebSite","@id":"https:\/\/naturalsoap.lv\/en\/#website","url":"https:\/\/naturalsoap.lv\/en\/","name":"NATURAL SOAP","description":"Handgefertigte Bade- und Duschkosmetik.","publisher":{"@id":"https:\/\/naturalsoap.lv\/en\/#organization"},"potentialAction":[{"@type":"SearchAction","target":{"@type":"EntryPoint","urlTemplate":"https:\/\/naturalsoap.lv\/en\/?s={search_term_string}"},"query-input":{"@type":"PropertyValueSpecification","valueRequired":true,"valueName":"search_term_string"}}],"inLanguage":"de"},{"@type":"Organization","@id":"https:\/\/naturalsoap.lv\/en\/#organization","name":"NATURAL SOAP","url":"https:\/\/naturalsoap.lv\/en\/","logo":{"@type":"ImageObject","inLanguage":"de","@id":"https:\/\/naturalsoap.lv\/en\/#\/schema\/logo\/image\/","url":"https:\/\/naturalsoap.lv\/wp-content\/uploads\/2024\/05\/Logo.svg","contentUrl":"https:\/\/naturalsoap.lv\/wp-content\/uploads\/2024\/05\/Logo.svg","width":125,"height":34,"caption":"NATURAL SOAP"},"image":{"@id":"https:\/\/naturalsoap.lv\/en\/#\/schema\/logo\/image\/"}}]}},"_links":{"self":[{"href":"https:\/\/naturalsoap.lv\/de\/wp-json\/wp\/v2\/product\/14783","targetHints":{"allow":["GET"]}}],"collection":[{"href":"https:\/\/naturalsoap.lv\/de\/wp-json\/wp\/v2\/product"}],"about":[{"href":"https:\/\/naturalsoap.lv\/de\/wp-json\/wp\/v2\/types\/product"}],"wp:featuredmedia":[{"embeddable":true,"href":"https:\/\/naturalsoap.lv\/de\/wp-json\/wp\/v2\/media\/14784"}],"wp:attachment":[{"href":"https:\/\/naturalsoap.lv\/de\/wp-json\/wp\/v2\/media?parent=14783"}],"wp:term":[{"taxonomy":"product_brand","embeddable":true,"href":"https:\/\/naturalsoap.lv\/de\/wp-json\/wp\/v2\/product_brand?post=14783"},{"taxonomy":"product_cat","embeddable":true,"href":"https:\/\/naturalsoap.lv\/de\/wp-json\/wp\/v2\/product_cat?post=14783"},{"taxonomy":"product_tag","embeddable":true,"href":"https:\/\/naturalsoap.lv\/de\/wp-json\/wp\/v2\/product_tag?post=14783"}],"curies":[{"name":"wp","href":"https:\/\/api.w.org\/{rel}","templated":true}]}}