{"id":14777,"date":"2024-05-30T07:09:14","date_gmt":"2024-05-30T07:09:14","guid":{"rendered":"https:\/\/321.optimum.lv\/product\/jolime-roku-un-kermena-losjons-200ml\/"},"modified":"2025-04-15T09:08:18","modified_gmt":"2025-04-15T09:08:18","slug":"jolime-roku-un-kermena-losjons-200ml","status":"publish","type":"product","link":"https:\/\/naturalsoap.lv\/de\/shop\/jolime-brand\/jolime-roku-un-kermena-losjons-200ml\/","title":{"rendered":"JoliME HAND- und K\u00d6RPERLOTION, 200ml"},"content":{"rendered":"<p>Our lightweight Hand &amp; Body lotion has been formulated using nature&#8217;s ingredients, grapeseed oil and Essential Oils from Bergamot, Ylang Ylang, Rosewood and French Lavender. Light velvety texture that leaves the skin feeling silk, gently moisturise and protect your hands and body. Easily absorbed, leaving no oily residue.<\/p>\n<p>NO thickening required, NO PEGs, NO Sulfates, NO Parabens, NO Phthalates, NO Petrochemicals, NO synthetic colours, NO perfume, Gluten FREE.<\/p>\n<p>NO Animal testing.<\/p>\n<p>VEGAN.<\/p>","protected":false},"excerpt":{"rendered":"<p>INCI: Aqua, Polyglyceryl-4 Laurate, Phenoxyethanol, Glyceryl Stearate, Vitis Vinifera Seed Oil, Acrylates\/Acrylamide Copolymer, Paraffinum Liquidum, Cetearyl Alcohol, Potassium Sorbate, Parfum, Lavandula angustifolia oil; Cananga odorata flower oil, Bergamot oil, Polysorbate 85, Benzyl Benzoate, Benzyl Salicilate,Geraniol, Limonene, Linalool(from essential oils)<\/p>\n<p>Manufacturer: SIA GARTDA, Alejas street 73, Daugavpils, LV-5401, Latvia, T. +371 65420849, <a href=\"mailto:info@gartda.lv\">info@gartda.lv<\/a><\/p>\n","protected":false},"featured_media":14778,"template":"","meta":[],"product_brand":[],"product_cat":[500],"product_tag":[],"class_list":{"0":"post-14777","1":"product","2":"type-product","3":"status-publish","4":"has-post-thumbnail","6":"product_cat-jolime-brand","7":"pa_box-bez-davanu-kastites","8":"pa_box-davanu-kastite","10":"first","11":"instock","12":"taxable","13":"shipping-taxable","14":"purchasable","15":"product-type-variable"},"yoast_head":"<!-- This site is optimized with the Yoast SEO Premium plugin v22.6 (Yoast SEO v27.3) - https:\/\/yoast.com\/product\/yoast-seo-premium-wordpress\/ -->\n<title>JoliME HAND- und K\u00d6RPERLOTION, 200ml - NATURAL SOAP<\/title>\n<meta name=\"description\" content=\"JoliME HAND and BODY LOTION. Hand and Body lotion has been made with grapeseed oil and Essential Oils from Bergamot, Ylang Ylang, Rosewood, French Lavender\" \/>\n<meta name=\"robots\" content=\"index, follow, max-snippet:-1, max-image-preview:large, max-video-preview:-1\" \/>\n<link rel=\"canonical\" href=\"https:\/\/naturalsoap.lv\/lv\/shop\/jolime-brand\/jolime-roku-un-kermena-losjons-200ml\/\" \/>\n<meta property=\"og:locale\" content=\"de_DE\" \/>\n<meta property=\"og:type\" content=\"article\" \/>\n<meta property=\"og:title\" content=\"[:lv]JoliME ROKU UN \u0136ERME\u0145A LOSJONS, 200ml[:en]JoliME HAND &amp; BODY LOTION, 200ml[:de]JoliME HAND- und K\u00d6RPERLOTION, 200ml[:ru]JoliME \u041b\u041e\u0421\u042c\u041e\u041d \u0414\u041b\u042f \u0420\u0423\u041a \u0418 \u0422\u0415\u041b\u0410, 200\u043c\u043b[:]\" \/>\n<meta property=\"og:description\" content=\"JoliME HAND and BODY LOTION. Hand and Body lotion has been made with grapeseed oil and Essential Oils from Bergamot, Ylang Ylang, Rosewood, French Lavender\" \/>\n<meta property=\"og:url\" content=\"https:\/\/naturalsoap.lv\/lv\/shop\/jolime-brand\/jolime-roku-un-kermena-losjons-200ml\/\" \/>\n<meta property=\"og:site_name\" content=\"NATURAL SOAP\" \/>\n<meta property=\"article:modified_time\" content=\"2025-04-15T09:08:18+00:00\" \/>\n<meta property=\"og:image\" content=\"https:\/\/naturalsoap.lv\/wp-content\/uploads\/2024\/05\/JoliME-HAND-BODY-LOTION-e1730121549310.jpg\" \/>\n\t<meta property=\"og:image:width\" content=\"900\" \/>\n\t<meta property=\"og:image:height\" content=\"902\" \/>\n\t<meta property=\"og:image:type\" content=\"image\/jpeg\" \/>\n<meta name=\"twitter:card\" content=\"summary_large_image\" \/>\n<meta name=\"twitter:label1\" content=\"Gesch\u00e4tzte Lesezeit\" \/>\n\t<meta name=\"twitter:data1\" content=\"1\u00a0Minute\" \/>\n<script type=\"application\/ld+json\" class=\"yoast-schema-graph\">{\"@context\":\"https:\\\/\\\/schema.org\",\"@graph\":[{\"@type\":\"WebPage\",\"@id\":\"https:\\\/\\\/naturalsoap.lv\\\/lv\\\/shop\\\/jolime-brand\\\/jolime-roku-un-kermena-losjons-200ml\\\/\",\"url\":\"https:\\\/\\\/naturalsoap.lv\\\/lv\\\/shop\\\/jolime-brand\\\/jolime-roku-un-kermena-losjons-200ml\\\/\",\"name\":\"[:lv]JoliME ROKU UN \u0136ERME\u0145A LOSJONS, 200ml[:en]JoliME HAND & BODY LOTION, 200ml[:de]JoliME HAND- und K\u00d6RPERLOTION, 200ml[:ru]JoliME \u041b\u041e\u0421\u042c\u041e\u041d \u0414\u041b\u042f \u0420\u0423\u041a \u0418 \u0422\u0415\u041b\u0410, 200\u043c\u043b[:] - NATURAL SOAP\",\"isPartOf\":{\"@id\":\"https:\\\/\\\/naturalsoap.lv\\\/en\\\/#website\"},\"primaryImageOfPage\":{\"@id\":\"https:\\\/\\\/naturalsoap.lv\\\/lv\\\/shop\\\/jolime-brand\\\/jolime-roku-un-kermena-losjons-200ml\\\/#primaryimage\"},\"image\":{\"@id\":\"https:\\\/\\\/naturalsoap.lv\\\/lv\\\/shop\\\/jolime-brand\\\/jolime-roku-un-kermena-losjons-200ml\\\/#primaryimage\"},\"thumbnailUrl\":\"https:\\\/\\\/naturalsoap.lv\\\/wp-content\\\/uploads\\\/2024\\\/05\\\/JoliME-HAND-BODY-LOTION-e1730121549310.jpg\",\"datePublished\":\"2024-05-30T07:09:14+00:00\",\"dateModified\":\"2025-04-15T09:08:18+00:00\",\"description\":\"JoliME HAND and BODY LOTION. Hand and Body lotion has been made with grapeseed oil and Essential Oils from Bergamot, Ylang Ylang, Rosewood, French Lavender\",\"breadcrumb\":{\"@id\":\"https:\\\/\\\/naturalsoap.lv\\\/lv\\\/shop\\\/jolime-brand\\\/jolime-roku-un-kermena-losjons-200ml\\\/#breadcrumb\"},\"inLanguage\":\"de\",\"potentialAction\":[{\"@type\":\"ReadAction\",\"target\":[\"https:\\\/\\\/naturalsoap.lv\\\/lv\\\/shop\\\/jolime-brand\\\/jolime-roku-un-kermena-losjons-200ml\\\/\"]}]},{\"@type\":\"ImageObject\",\"inLanguage\":\"de\",\"@id\":\"https:\\\/\\\/naturalsoap.lv\\\/lv\\\/shop\\\/jolime-brand\\\/jolime-roku-un-kermena-losjons-200ml\\\/#primaryimage\",\"url\":\"https:\\\/\\\/naturalsoap.lv\\\/wp-content\\\/uploads\\\/2024\\\/05\\\/JoliME-HAND-BODY-LOTION-e1730121549310.jpg\",\"contentUrl\":\"https:\\\/\\\/naturalsoap.lv\\\/wp-content\\\/uploads\\\/2024\\\/05\\\/JoliME-HAND-BODY-LOTION-e1730121549310.jpg\",\"width\":900,\"height\":902,\"caption\":\"JoliME HAND and BODY LOTION, 200ml\"},{\"@type\":\"BreadcrumbList\",\"@id\":\"https:\\\/\\\/naturalsoap.lv\\\/lv\\\/shop\\\/jolime-brand\\\/jolime-roku-un-kermena-losjons-200ml\\\/#breadcrumb\",\"itemListElement\":[{\"@type\":\"ListItem\",\"position\":1,\"name\":\"Home\",\"item\":\"https:\\\/\\\/naturalsoap.lv\\\/en\\\/\"},{\"@type\":\"ListItem\",\"position\":2,\"name\":\"Shop\",\"item\":\"https:\\\/\\\/naturalsoap.lv\\\/en\\\/shop\\\/\"},{\"@type\":\"ListItem\",\"position\":3,\"name\":\"JoliME ROKU UN \u0136ERME\u0145A LOSJONS, 200ml\"}]},{\"@type\":\"WebSite\",\"@id\":\"https:\\\/\\\/naturalsoap.lv\\\/en\\\/#website\",\"url\":\"https:\\\/\\\/naturalsoap.lv\\\/en\\\/\",\"name\":\"NATURAL SOAP\",\"description\":\"Handgefertigte Bade- und Duschkosmetik.\",\"publisher\":{\"@id\":\"https:\\\/\\\/naturalsoap.lv\\\/en\\\/#organization\"},\"potentialAction\":[{\"@type\":\"SearchAction\",\"target\":{\"@type\":\"EntryPoint\",\"urlTemplate\":\"https:\\\/\\\/naturalsoap.lv\\\/en\\\/?s={search_term_string}\"},\"query-input\":{\"@type\":\"PropertyValueSpecification\",\"valueRequired\":true,\"valueName\":\"search_term_string\"}}],\"inLanguage\":\"de\"},{\"@type\":\"Organization\",\"@id\":\"https:\\\/\\\/naturalsoap.lv\\\/en\\\/#organization\",\"name\":\"NATURAL SOAP\",\"url\":\"https:\\\/\\\/naturalsoap.lv\\\/en\\\/\",\"logo\":{\"@type\":\"ImageObject\",\"inLanguage\":\"de\",\"@id\":\"https:\\\/\\\/naturalsoap.lv\\\/en\\\/#\\\/schema\\\/logo\\\/image\\\/\",\"url\":\"https:\\\/\\\/naturalsoap.lv\\\/wp-content\\\/uploads\\\/2024\\\/05\\\/Logo.svg\",\"contentUrl\":\"https:\\\/\\\/naturalsoap.lv\\\/wp-content\\\/uploads\\\/2024\\\/05\\\/Logo.svg\",\"width\":125,\"height\":34,\"caption\":\"NATURAL SOAP\"},\"image\":{\"@id\":\"https:\\\/\\\/naturalsoap.lv\\\/en\\\/#\\\/schema\\\/logo\\\/image\\\/\"}}]}<\/script>\n<!-- \/ Yoast SEO Premium plugin. -->","yoast_head_json":{"title":"[:lv]JoliME ROKU UN \u0136ERME\u0145A LOSJONS, 200ml[:en]JoliME HAND & BODY LOTION, 200ml[:de]JoliME HAND- und K\u00d6RPERLOTION, 200ml[:ru]JoliME \u041b\u041e\u0421\u042c\u041e\u041d \u0414\u041b\u042f \u0420\u0423\u041a \u0418 \u0422\u0415\u041b\u0410, 200\u043c\u043b[:] - NATURAL SOAP","description":"JoliME HAND and BODY LOTION. Hand and Body lotion has been made with grapeseed oil and Essential Oils from Bergamot, Ylang Ylang, Rosewood, French Lavender","robots":{"index":"index","follow":"follow","max-snippet":"max-snippet:-1","max-image-preview":"max-image-preview:large","max-video-preview":"max-video-preview:-1"},"canonical":"https:\/\/naturalsoap.lv\/lv\/shop\/jolime-brand\/jolime-roku-un-kermena-losjons-200ml\/","og_locale":"de_DE","og_type":"article","og_title":"[:lv]JoliME ROKU UN \u0136ERME\u0145A LOSJONS, 200ml[:en]JoliME HAND & BODY LOTION, 200ml[:de]JoliME HAND- und K\u00d6RPERLOTION, 200ml[:ru]JoliME \u041b\u041e\u0421\u042c\u041e\u041d \u0414\u041b\u042f \u0420\u0423\u041a \u0418 \u0422\u0415\u041b\u0410, 200\u043c\u043b[:]","og_description":"JoliME HAND and BODY LOTION. Hand and Body lotion has been made with grapeseed oil and Essential Oils from Bergamot, Ylang Ylang, Rosewood, French Lavender","og_url":"https:\/\/naturalsoap.lv\/lv\/shop\/jolime-brand\/jolime-roku-un-kermena-losjons-200ml\/","og_site_name":"NATURAL SOAP","article_modified_time":"2025-04-15T09:08:18+00:00","og_image":[{"width":900,"height":902,"url":"https:\/\/naturalsoap.lv\/wp-content\/uploads\/2024\/05\/JoliME-HAND-BODY-LOTION-e1730121549310.jpg","type":"image\/jpeg"}],"twitter_card":"summary_large_image","twitter_misc":{"Gesch\u00e4tzte Lesezeit":"1\u00a0Minute"},"schema":{"@context":"https:\/\/schema.org","@graph":[{"@type":"WebPage","@id":"https:\/\/naturalsoap.lv\/lv\/shop\/jolime-brand\/jolime-roku-un-kermena-losjons-200ml\/","url":"https:\/\/naturalsoap.lv\/lv\/shop\/jolime-brand\/jolime-roku-un-kermena-losjons-200ml\/","name":"[:lv]JoliME ROKU UN \u0136ERME\u0145A LOSJONS, 200ml[:en]JoliME HAND & BODY LOTION, 200ml[:de]JoliME HAND- und K\u00d6RPERLOTION, 200ml[:ru]JoliME \u041b\u041e\u0421\u042c\u041e\u041d \u0414\u041b\u042f \u0420\u0423\u041a \u0418 \u0422\u0415\u041b\u0410, 200\u043c\u043b[:] - NATURAL SOAP","isPartOf":{"@id":"https:\/\/naturalsoap.lv\/en\/#website"},"primaryImageOfPage":{"@id":"https:\/\/naturalsoap.lv\/lv\/shop\/jolime-brand\/jolime-roku-un-kermena-losjons-200ml\/#primaryimage"},"image":{"@id":"https:\/\/naturalsoap.lv\/lv\/shop\/jolime-brand\/jolime-roku-un-kermena-losjons-200ml\/#primaryimage"},"thumbnailUrl":"https:\/\/naturalsoap.lv\/wp-content\/uploads\/2024\/05\/JoliME-HAND-BODY-LOTION-e1730121549310.jpg","datePublished":"2024-05-30T07:09:14+00:00","dateModified":"2025-04-15T09:08:18+00:00","description":"JoliME HAND and BODY LOTION. Hand and Body lotion has been made with grapeseed oil and Essential Oils from Bergamot, Ylang Ylang, Rosewood, French Lavender","breadcrumb":{"@id":"https:\/\/naturalsoap.lv\/lv\/shop\/jolime-brand\/jolime-roku-un-kermena-losjons-200ml\/#breadcrumb"},"inLanguage":"de","potentialAction":[{"@type":"ReadAction","target":["https:\/\/naturalsoap.lv\/lv\/shop\/jolime-brand\/jolime-roku-un-kermena-losjons-200ml\/"]}]},{"@type":"ImageObject","inLanguage":"de","@id":"https:\/\/naturalsoap.lv\/lv\/shop\/jolime-brand\/jolime-roku-un-kermena-losjons-200ml\/#primaryimage","url":"https:\/\/naturalsoap.lv\/wp-content\/uploads\/2024\/05\/JoliME-HAND-BODY-LOTION-e1730121549310.jpg","contentUrl":"https:\/\/naturalsoap.lv\/wp-content\/uploads\/2024\/05\/JoliME-HAND-BODY-LOTION-e1730121549310.jpg","width":900,"height":902,"caption":"JoliME HAND and BODY LOTION, 200ml"},{"@type":"BreadcrumbList","@id":"https:\/\/naturalsoap.lv\/lv\/shop\/jolime-brand\/jolime-roku-un-kermena-losjons-200ml\/#breadcrumb","itemListElement":[{"@type":"ListItem","position":1,"name":"Home","item":"https:\/\/naturalsoap.lv\/en\/"},{"@type":"ListItem","position":2,"name":"Shop","item":"https:\/\/naturalsoap.lv\/en\/shop\/"},{"@type":"ListItem","position":3,"name":"JoliME ROKU UN \u0136ERME\u0145A LOSJONS, 200ml"}]},{"@type":"WebSite","@id":"https:\/\/naturalsoap.lv\/en\/#website","url":"https:\/\/naturalsoap.lv\/en\/","name":"NATURAL SOAP","description":"Handgefertigte Bade- und Duschkosmetik.","publisher":{"@id":"https:\/\/naturalsoap.lv\/en\/#organization"},"potentialAction":[{"@type":"SearchAction","target":{"@type":"EntryPoint","urlTemplate":"https:\/\/naturalsoap.lv\/en\/?s={search_term_string}"},"query-input":{"@type":"PropertyValueSpecification","valueRequired":true,"valueName":"search_term_string"}}],"inLanguage":"de"},{"@type":"Organization","@id":"https:\/\/naturalsoap.lv\/en\/#organization","name":"NATURAL SOAP","url":"https:\/\/naturalsoap.lv\/en\/","logo":{"@type":"ImageObject","inLanguage":"de","@id":"https:\/\/naturalsoap.lv\/en\/#\/schema\/logo\/image\/","url":"https:\/\/naturalsoap.lv\/wp-content\/uploads\/2024\/05\/Logo.svg","contentUrl":"https:\/\/naturalsoap.lv\/wp-content\/uploads\/2024\/05\/Logo.svg","width":125,"height":34,"caption":"NATURAL SOAP"},"image":{"@id":"https:\/\/naturalsoap.lv\/en\/#\/schema\/logo\/image\/"}}]}},"_links":{"self":[{"href":"https:\/\/naturalsoap.lv\/de\/wp-json\/wp\/v2\/product\/14777","targetHints":{"allow":["GET"]}}],"collection":[{"href":"https:\/\/naturalsoap.lv\/de\/wp-json\/wp\/v2\/product"}],"about":[{"href":"https:\/\/naturalsoap.lv\/de\/wp-json\/wp\/v2\/types\/product"}],"wp:featuredmedia":[{"embeddable":true,"href":"https:\/\/naturalsoap.lv\/de\/wp-json\/wp\/v2\/media\/14778"}],"wp:attachment":[{"href":"https:\/\/naturalsoap.lv\/de\/wp-json\/wp\/v2\/media?parent=14777"}],"wp:term":[{"taxonomy":"product_brand","embeddable":true,"href":"https:\/\/naturalsoap.lv\/de\/wp-json\/wp\/v2\/product_brand?post=14777"},{"taxonomy":"product_cat","embeddable":true,"href":"https:\/\/naturalsoap.lv\/de\/wp-json\/wp\/v2\/product_cat?post=14777"},{"taxonomy":"product_tag","embeddable":true,"href":"https:\/\/naturalsoap.lv\/de\/wp-json\/wp\/v2\/product_tag?post=14777"}],"curies":[{"name":"wp","href":"https:\/\/api.w.org\/{rel}","templated":true}]}}