{"id":14758,"date":"2024-05-30T07:08:02","date_gmt":"2024-05-30T07:08:02","guid":{"rendered":"https:\/\/321.optimum.lv\/product\/vannas-juras-sals-grapefruit-200gr\/"},"modified":"2025-04-15T10:59:56","modified_gmt":"2025-04-15T10:59:56","slug":"vannas-juras-sals-grapefruit-200gr","status":"publish","type":"product","link":"https:\/\/naturalsoap.lv\/de\/shop\/bath-sea-salt\/vannas-juras-sals-grapefruit-200gr\/","title":{"rendered":"BADEMEERSALZ &#8218;GRAPEFRUIT&#8216;, 200gr"},"content":{"rendered":"<p>Das Atlantische Meersalz stammt aus dem Naturschutzgebiet Bahia de Cadiz. Es ist strahlend wei\u00df, reich an Mineralien, besitzt eine gleichm\u00e4\u00dfige K\u00f6rnung und ist nahezu frei von unl\u00f6slichen Stoffen.<\/p>\n<p>Mit dem Duft reifer Grapefruit.<\/p>\n<p>Das Baden in MEERSALZ-L\u00f6sung sorgt daf\u00fcr, dass die Haut verj\u00fcngt und mit Energie versorgt wird. Au\u00dferdem werden Unebenheiten und Entz\u00fcndungen auf der Hautoberfl\u00e4che beseitigt. Es entgiftet die Haut, indem es die Giftstoffe durch die Poren ausst\u00f6\u00dft und die Durchblutung verbessert. Die Haut wird gesund und weich, der Hautton wird verbessert, das Element Magnesium entfernt das \u00d6l aus der Haut und h\u00e4lt Ihre Haut jung, Kalzium reinigt die geschlossenen Poren und beugt Hautinfektionen vor.<\/p>","protected":false},"excerpt":{"rendered":"<p>INCI: Maris Sal, Parfum, CI 19140, CI 45410, Citral, Geraniol Fine, Linalool<\/p>\n<p>Manufacturer: SIA GARTDA, Alejas street 73, Daugavpils, LV-5401, Latvia, T. +371 65420849, <a href=\"mailto:info@gartda.lv\">info@gartda.lv<\/a><\/p>\n","protected":false},"featured_media":14759,"template":"","meta":[],"product_brand":[],"product_cat":[491],"product_tag":[],"class_list":{"0":"post-14758","1":"product","2":"type-product","3":"status-publish","4":"has-post-thumbnail","6":"product_cat-bath-sea-salt","7":"pa_weight-200g","8":"pa_weight-400g","10":"first","11":"instock","12":"taxable","13":"shipping-taxable","14":"purchasable","15":"product-type-variable"},"yoast_head":"<!-- This site is optimized with the Yoast SEO Premium plugin v22.6 (Yoast SEO v27.3) - https:\/\/yoast.com\/product\/yoast-seo-premium-wordpress\/ -->\n<title>BADEMEERSALZ &#039;GRAPEFRUIT&#039;, 200gr - NATURAL SOAP<\/title>\n<meta name=\"description\" content=\"With the scent of ripe grapefruit. The Atlantic sea salt comes from nature reserve Bahia de Cadiz. It will detoxify the skin.\" \/>\n<meta name=\"robots\" content=\"index, follow, max-snippet:-1, max-image-preview:large, max-video-preview:-1\" \/>\n<link rel=\"canonical\" href=\"https:\/\/naturalsoap.lv\/lv\/shop\/bath-sea-salt\/vannas-juras-sals-grapefruit-200gr\/\" \/>\n<meta property=\"og:locale\" content=\"de_DE\" \/>\n<meta property=\"og:type\" content=\"article\" \/>\n<meta property=\"og:title\" content=\"[:lv]VANNAS J\u016aRAS S\u0100LS &#039;GRAPEFRUIT&#039;, 200gr[:en]BATH SEA SALT &#039;GRAPEFRUIT&#039;, 200gr[:de]BADEMEERSALZ &#039;GRAPEFRUIT&#039;, 200gr[:ru]\u041c\u041e\u0420\u0421\u041a\u0410\u042f \u0410\u0422\u041b\u0410\u041d\u0422\u0418\u0427\u0415\u0421\u041a\u0410\u042f \u0421\u041e\u041b\u042c &#039;GRAPEFRUIT&#039;, 200\u0433\u0440[:]\" \/>\n<meta property=\"og:description\" content=\"With the scent of ripe grapefruit. The Atlantic sea salt comes from nature reserve Bahia de Cadiz. It will detoxify the skin.\" \/>\n<meta property=\"og:url\" content=\"https:\/\/naturalsoap.lv\/lv\/shop\/bath-sea-salt\/vannas-juras-sals-grapefruit-200gr\/\" \/>\n<meta property=\"og:site_name\" content=\"NATURAL SOAP\" \/>\n<meta property=\"article:modified_time\" content=\"2025-04-15T10:59:56+00:00\" \/>\n<meta property=\"og:image\" content=\"https:\/\/naturalsoap.lv\/wp-content\/uploads\/2024\/05\/499940a38bdeaa1f3b8e9d1d11acd8c9_1692088861.jpeg\" \/>\n\t<meta property=\"og:image:width\" content=\"750\" \/>\n\t<meta property=\"og:image:height\" content=\"492\" \/>\n\t<meta property=\"og:image:type\" content=\"image\/jpeg\" \/>\n<meta name=\"twitter:card\" content=\"summary_large_image\" \/>\n<meta name=\"twitter:label1\" content=\"Gesch\u00e4tzte Lesezeit\" \/>\n\t<meta name=\"twitter:data1\" content=\"1\u00a0Minute\" \/>\n<script type=\"application\/ld+json\" class=\"yoast-schema-graph\">{\"@context\":\"https:\\\/\\\/schema.org\",\"@graph\":[{\"@type\":\"WebPage\",\"@id\":\"https:\\\/\\\/naturalsoap.lv\\\/lv\\\/shop\\\/bath-sea-salt\\\/vannas-juras-sals-grapefruit-200gr\\\/\",\"url\":\"https:\\\/\\\/naturalsoap.lv\\\/lv\\\/shop\\\/bath-sea-salt\\\/vannas-juras-sals-grapefruit-200gr\\\/\",\"name\":\"[:lv]VANNAS J\u016aRAS S\u0100LS 'GRAPEFRUIT', 200gr[:en]BATH SEA SALT 'GRAPEFRUIT', 200gr[:de]BADEMEERSALZ 'GRAPEFRUIT', 200gr[:ru]\u041c\u041e\u0420\u0421\u041a\u0410\u042f \u0410\u0422\u041b\u0410\u041d\u0422\u0418\u0427\u0415\u0421\u041a\u0410\u042f \u0421\u041e\u041b\u042c 'GRAPEFRUIT', 200\u0433\u0440[:] - NATURAL SOAP\",\"isPartOf\":{\"@id\":\"https:\\\/\\\/naturalsoap.lv\\\/#website\"},\"primaryImageOfPage\":{\"@id\":\"https:\\\/\\\/naturalsoap.lv\\\/lv\\\/shop\\\/bath-sea-salt\\\/vannas-juras-sals-grapefruit-200gr\\\/#primaryimage\"},\"image\":{\"@id\":\"https:\\\/\\\/naturalsoap.lv\\\/lv\\\/shop\\\/bath-sea-salt\\\/vannas-juras-sals-grapefruit-200gr\\\/#primaryimage\"},\"thumbnailUrl\":\"https:\\\/\\\/naturalsoap.lv\\\/wp-content\\\/uploads\\\/2024\\\/05\\\/499940a38bdeaa1f3b8e9d1d11acd8c9_1692088861.jpeg\",\"datePublished\":\"2024-05-30T07:08:02+00:00\",\"dateModified\":\"2025-04-15T10:59:56+00:00\",\"description\":\"With the scent of ripe grapefruit. The Atlantic sea salt comes from nature reserve Bahia de Cadiz. It will detoxify the skin.\",\"breadcrumb\":{\"@id\":\"https:\\\/\\\/naturalsoap.lv\\\/lv\\\/shop\\\/bath-sea-salt\\\/vannas-juras-sals-grapefruit-200gr\\\/#breadcrumb\"},\"inLanguage\":\"de\",\"potentialAction\":[{\"@type\":\"ReadAction\",\"target\":[\"https:\\\/\\\/naturalsoap.lv\\\/lv\\\/shop\\\/bath-sea-salt\\\/vannas-juras-sals-grapefruit-200gr\\\/\"]}]},{\"@type\":\"ImageObject\",\"inLanguage\":\"de\",\"@id\":\"https:\\\/\\\/naturalsoap.lv\\\/lv\\\/shop\\\/bath-sea-salt\\\/vannas-juras-sals-grapefruit-200gr\\\/#primaryimage\",\"url\":\"https:\\\/\\\/naturalsoap.lv\\\/wp-content\\\/uploads\\\/2024\\\/05\\\/499940a38bdeaa1f3b8e9d1d11acd8c9_1692088861.jpeg\",\"contentUrl\":\"https:\\\/\\\/naturalsoap.lv\\\/wp-content\\\/uploads\\\/2024\\\/05\\\/499940a38bdeaa1f3b8e9d1d11acd8c9_1692088861.jpeg\",\"width\":750,\"height\":492,\"caption\":\"BATH SEA SALT 'GRAPEFRUIT'\"},{\"@type\":\"BreadcrumbList\",\"@id\":\"https:\\\/\\\/naturalsoap.lv\\\/lv\\\/shop\\\/bath-sea-salt\\\/vannas-juras-sals-grapefruit-200gr\\\/#breadcrumb\",\"itemListElement\":[{\"@type\":\"ListItem\",\"position\":1,\"name\":\"Home\",\"item\":\"https:\\\/\\\/naturalsoap.lv\\\/\"},{\"@type\":\"ListItem\",\"position\":2,\"name\":\"E-veikals\",\"item\":\"https:\\\/\\\/naturalsoap.lv\\\/lv\\\/shop\\\/\"},{\"@type\":\"ListItem\",\"position\":3,\"name\":\"VANNAS J\u016aRAS S\u0100LS &#8216;GRAPEFRUIT&#8217;, 200gr\"}]},{\"@type\":\"WebSite\",\"@id\":\"https:\\\/\\\/naturalsoap.lv\\\/#website\",\"url\":\"https:\\\/\\\/naturalsoap.lv\\\/\",\"name\":\"NATURAL SOAP\",\"description\":\"Handgefertigte Bade- und Duschkosmetik.\",\"publisher\":{\"@id\":\"https:\\\/\\\/naturalsoap.lv\\\/#organization\"},\"potentialAction\":[{\"@type\":\"SearchAction\",\"target\":{\"@type\":\"EntryPoint\",\"urlTemplate\":\"https:\\\/\\\/naturalsoap.lv\\\/?s={search_term_string}\"},\"query-input\":{\"@type\":\"PropertyValueSpecification\",\"valueRequired\":true,\"valueName\":\"search_term_string\"}}],\"inLanguage\":\"de\"},{\"@type\":\"Organization\",\"@id\":\"https:\\\/\\\/naturalsoap.lv\\\/#organization\",\"name\":\"NATURAL SOAP\",\"url\":\"https:\\\/\\\/naturalsoap.lv\\\/\",\"logo\":{\"@type\":\"ImageObject\",\"inLanguage\":\"de\",\"@id\":\"https:\\\/\\\/naturalsoap.lv\\\/#\\\/schema\\\/logo\\\/image\\\/\",\"url\":\"https:\\\/\\\/naturalsoap.lv\\\/wp-content\\\/uploads\\\/2024\\\/05\\\/Logo.svg\",\"contentUrl\":\"https:\\\/\\\/naturalsoap.lv\\\/wp-content\\\/uploads\\\/2024\\\/05\\\/Logo.svg\",\"width\":125,\"height\":34,\"caption\":\"NATURAL SOAP\"},\"image\":{\"@id\":\"https:\\\/\\\/naturalsoap.lv\\\/#\\\/schema\\\/logo\\\/image\\\/\"}}]}<\/script>\n<!-- \/ Yoast SEO Premium plugin. -->","yoast_head_json":{"title":"[:lv]VANNAS J\u016aRAS S\u0100LS 'GRAPEFRUIT', 200gr[:en]BATH SEA SALT 'GRAPEFRUIT', 200gr[:de]BADEMEERSALZ 'GRAPEFRUIT', 200gr[:ru]\u041c\u041e\u0420\u0421\u041a\u0410\u042f \u0410\u0422\u041b\u0410\u041d\u0422\u0418\u0427\u0415\u0421\u041a\u0410\u042f \u0421\u041e\u041b\u042c 'GRAPEFRUIT', 200\u0433\u0440[:] - NATURAL SOAP","description":"With the scent of ripe grapefruit. The Atlantic sea salt comes from nature reserve Bahia de Cadiz. It will detoxify the skin.","robots":{"index":"index","follow":"follow","max-snippet":"max-snippet:-1","max-image-preview":"max-image-preview:large","max-video-preview":"max-video-preview:-1"},"canonical":"https:\/\/naturalsoap.lv\/lv\/shop\/bath-sea-salt\/vannas-juras-sals-grapefruit-200gr\/","og_locale":"de_DE","og_type":"article","og_title":"[:lv]VANNAS J\u016aRAS S\u0100LS 'GRAPEFRUIT', 200gr[:en]BATH SEA SALT 'GRAPEFRUIT', 200gr[:de]BADEMEERSALZ 'GRAPEFRUIT', 200gr[:ru]\u041c\u041e\u0420\u0421\u041a\u0410\u042f \u0410\u0422\u041b\u0410\u041d\u0422\u0418\u0427\u0415\u0421\u041a\u0410\u042f \u0421\u041e\u041b\u042c 'GRAPEFRUIT', 200\u0433\u0440[:]","og_description":"With the scent of ripe grapefruit. The Atlantic sea salt comes from nature reserve Bahia de Cadiz. It will detoxify the skin.","og_url":"https:\/\/naturalsoap.lv\/lv\/shop\/bath-sea-salt\/vannas-juras-sals-grapefruit-200gr\/","og_site_name":"NATURAL SOAP","article_modified_time":"2025-04-15T10:59:56+00:00","og_image":[{"width":750,"height":492,"url":"https:\/\/naturalsoap.lv\/wp-content\/uploads\/2024\/05\/499940a38bdeaa1f3b8e9d1d11acd8c9_1692088861.jpeg","type":"image\/jpeg"}],"twitter_card":"summary_large_image","twitter_misc":{"Gesch\u00e4tzte Lesezeit":"1\u00a0Minute"},"schema":{"@context":"https:\/\/schema.org","@graph":[{"@type":"WebPage","@id":"https:\/\/naturalsoap.lv\/lv\/shop\/bath-sea-salt\/vannas-juras-sals-grapefruit-200gr\/","url":"https:\/\/naturalsoap.lv\/lv\/shop\/bath-sea-salt\/vannas-juras-sals-grapefruit-200gr\/","name":"[:lv]VANNAS J\u016aRAS S\u0100LS 'GRAPEFRUIT', 200gr[:en]BATH SEA SALT 'GRAPEFRUIT', 200gr[:de]BADEMEERSALZ 'GRAPEFRUIT', 200gr[:ru]\u041c\u041e\u0420\u0421\u041a\u0410\u042f \u0410\u0422\u041b\u0410\u041d\u0422\u0418\u0427\u0415\u0421\u041a\u0410\u042f \u0421\u041e\u041b\u042c 'GRAPEFRUIT', 200\u0433\u0440[:] - NATURAL SOAP","isPartOf":{"@id":"https:\/\/naturalsoap.lv\/#website"},"primaryImageOfPage":{"@id":"https:\/\/naturalsoap.lv\/lv\/shop\/bath-sea-salt\/vannas-juras-sals-grapefruit-200gr\/#primaryimage"},"image":{"@id":"https:\/\/naturalsoap.lv\/lv\/shop\/bath-sea-salt\/vannas-juras-sals-grapefruit-200gr\/#primaryimage"},"thumbnailUrl":"https:\/\/naturalsoap.lv\/wp-content\/uploads\/2024\/05\/499940a38bdeaa1f3b8e9d1d11acd8c9_1692088861.jpeg","datePublished":"2024-05-30T07:08:02+00:00","dateModified":"2025-04-15T10:59:56+00:00","description":"With the scent of ripe grapefruit. The Atlantic sea salt comes from nature reserve Bahia de Cadiz. It will detoxify the skin.","breadcrumb":{"@id":"https:\/\/naturalsoap.lv\/lv\/shop\/bath-sea-salt\/vannas-juras-sals-grapefruit-200gr\/#breadcrumb"},"inLanguage":"de","potentialAction":[{"@type":"ReadAction","target":["https:\/\/naturalsoap.lv\/lv\/shop\/bath-sea-salt\/vannas-juras-sals-grapefruit-200gr\/"]}]},{"@type":"ImageObject","inLanguage":"de","@id":"https:\/\/naturalsoap.lv\/lv\/shop\/bath-sea-salt\/vannas-juras-sals-grapefruit-200gr\/#primaryimage","url":"https:\/\/naturalsoap.lv\/wp-content\/uploads\/2024\/05\/499940a38bdeaa1f3b8e9d1d11acd8c9_1692088861.jpeg","contentUrl":"https:\/\/naturalsoap.lv\/wp-content\/uploads\/2024\/05\/499940a38bdeaa1f3b8e9d1d11acd8c9_1692088861.jpeg","width":750,"height":492,"caption":"BATH SEA SALT 'GRAPEFRUIT'"},{"@type":"BreadcrumbList","@id":"https:\/\/naturalsoap.lv\/lv\/shop\/bath-sea-salt\/vannas-juras-sals-grapefruit-200gr\/#breadcrumb","itemListElement":[{"@type":"ListItem","position":1,"name":"Home","item":"https:\/\/naturalsoap.lv\/"},{"@type":"ListItem","position":2,"name":"E-veikals","item":"https:\/\/naturalsoap.lv\/lv\/shop\/"},{"@type":"ListItem","position":3,"name":"VANNAS J\u016aRAS S\u0100LS &#8216;GRAPEFRUIT&#8217;, 200gr"}]},{"@type":"WebSite","@id":"https:\/\/naturalsoap.lv\/#website","url":"https:\/\/naturalsoap.lv\/","name":"NATURAL SOAP","description":"Handgefertigte Bade- und Duschkosmetik.","publisher":{"@id":"https:\/\/naturalsoap.lv\/#organization"},"potentialAction":[{"@type":"SearchAction","target":{"@type":"EntryPoint","urlTemplate":"https:\/\/naturalsoap.lv\/?s={search_term_string}"},"query-input":{"@type":"PropertyValueSpecification","valueRequired":true,"valueName":"search_term_string"}}],"inLanguage":"de"},{"@type":"Organization","@id":"https:\/\/naturalsoap.lv\/#organization","name":"NATURAL SOAP","url":"https:\/\/naturalsoap.lv\/","logo":{"@type":"ImageObject","inLanguage":"de","@id":"https:\/\/naturalsoap.lv\/#\/schema\/logo\/image\/","url":"https:\/\/naturalsoap.lv\/wp-content\/uploads\/2024\/05\/Logo.svg","contentUrl":"https:\/\/naturalsoap.lv\/wp-content\/uploads\/2024\/05\/Logo.svg","width":125,"height":34,"caption":"NATURAL SOAP"},"image":{"@id":"https:\/\/naturalsoap.lv\/#\/schema\/logo\/image\/"}}]}},"_links":{"self":[{"href":"https:\/\/naturalsoap.lv\/de\/wp-json\/wp\/v2\/product\/14758","targetHints":{"allow":["GET"]}}],"collection":[{"href":"https:\/\/naturalsoap.lv\/de\/wp-json\/wp\/v2\/product"}],"about":[{"href":"https:\/\/naturalsoap.lv\/de\/wp-json\/wp\/v2\/types\/product"}],"wp:featuredmedia":[{"embeddable":true,"href":"https:\/\/naturalsoap.lv\/de\/wp-json\/wp\/v2\/media\/14759"}],"wp:attachment":[{"href":"https:\/\/naturalsoap.lv\/de\/wp-json\/wp\/v2\/media?parent=14758"}],"wp:term":[{"taxonomy":"product_brand","embeddable":true,"href":"https:\/\/naturalsoap.lv\/de\/wp-json\/wp\/v2\/product_brand?post=14758"},{"taxonomy":"product_cat","embeddable":true,"href":"https:\/\/naturalsoap.lv\/de\/wp-json\/wp\/v2\/product_cat?post=14758"},{"taxonomy":"product_tag","embeddable":true,"href":"https:\/\/naturalsoap.lv\/de\/wp-json\/wp\/v2\/product_tag?post=14758"}],"curies":[{"name":"wp","href":"https:\/\/api.w.org\/{rel}","templated":true}]}}