{"id":14708,"date":"2024-05-30T07:05:22","date_gmt":"2024-05-30T07:05:22","guid":{"rendered":"https:\/\/321.optimum.lv\/product\/sampuns-cedarwood-taukainiem-matiem-200ml\/"},"modified":"2025-04-15T10:30:50","modified_gmt":"2025-04-15T10:30:50","slug":"sampuns-cedarwood-taukainiem-matiem-200ml","status":"publish","type":"product","link":"https:\/\/naturalsoap.lv\/de\/shop\/shampoo\/sampuns-cedarwood-taukainiem-matiem-200ml\/","title":{"rendered":"BIO SHAMPOO &#8218;CEDARWOOD&#8216;, f\u00fcr fettiges Haar, 200ml"},"content":{"rendered":"<p>Pflegendes Shampoo f\u00fcr fettiges Haar mit Aloe Vera und Vitamin B. Die Mischung \u00e4therischer \u00d6le aus Zedernholzatlas, Patschuli, S\u00fc\u00dforange, Franz\u00f6sischem Lavendel und Ylang Ylang (Aphrodisiakum) lindert Kopfhautirritationen. Basierend auf Bio-Zutaten (74,47 % Bio-Zutaten von der Soil Association zertifiziert) und frei von Parabenen, Sulfaten, SLS, SLES, Silikonen und Farbstoffen. Aloe Vera wirkt weich, k\u00fchlt, beruhigt und stimuliert und bindet Feuchtigkeit in Haar und Kopfhaut.<\/p>","protected":false},"excerpt":{"rendered":"<p>INCI: Aqua, Decyl Glucoside, Lauryl Betaine, Xanthan Gum, Phenoxyethanol, Parfum, Lavandula angustifolia oil, Cananga odorata flower oil, Bergamot oil, Aloe Barbadensis (Aloe Vera) Leaf Juice Powder, Citric Acid, Benzoic Acid, Dehydroacetic Acid, Limonene, Linalool (from essential oils)<\/p>\n<p>Manufacturer: SIA GARTDA, Alejas street 73, Daugavpils, LV-5401, Latvia, T. +371 65420849, <a href=\"mailto:info@gartda.lv\">info@gartda.lv<\/a><\/p>\n","protected":false},"featured_media":14709,"template":"","meta":[],"product_brand":[],"product_cat":[495],"product_tag":[],"class_list":{"0":"post-14708","1":"product","2":"type-product","3":"status-publish","4":"has-post-thumbnail","6":"product_cat-shampoo","7":"pa_box-bez-davanu-kastites","8":"pa_box-davanu-kastite","10":"first","11":"instock","12":"taxable","13":"shipping-taxable","14":"purchasable","15":"product-type-variable","16":"has-default-attributes"},"yoast_head":"<!-- This site is optimized with the Yoast SEO Premium plugin v22.6 (Yoast SEO v27.3) - https:\/\/yoast.com\/product\/yoast-seo-premium-wordpress\/ -->\n<title>BIO SHAMPOO &#039;CEDARWOOD&#039;, f\u00fcr fettiges Haar, 200ml - NATURAL SOAP<\/title>\n<meta name=\"description\" content=\"ORGANIC SHAMPOO &#039;CEDARWOOD&#039; for oily hair. Nourishing shampoo for oily hair with aloe vera. Pure essential oils - aphrodisiac compound.\" \/>\n<meta name=\"robots\" content=\"index, follow, max-snippet:-1, max-image-preview:large, max-video-preview:-1\" \/>\n<link rel=\"canonical\" href=\"https:\/\/naturalsoap.lv\/de\/shop\/shampoo\/sampuns-cedarwood-taukainiem-matiem-200ml\/\" \/>\n<meta property=\"og:locale\" content=\"de_DE\" \/>\n<meta property=\"og:type\" content=\"article\" \/>\n<meta property=\"og:title\" content=\"[:lv]ORGANIC \u0160AMP\u016aNS &#039;CEDARWOOD&#039;, taukainiem matiem, 200ml[:en]ORGANIC SHAMPOO &#039;CEDARWOOD&#039;, for oily hair, 200ml[:de]BIO SHAMPOO &#039;CEDARWOOD&#039;, f\u00fcr fettiges Haar, 200ml[:ru]\u041e\u0420\u0413\u0410\u041d\u0418\u0427\u0415\u0421\u041a\u0418\u0419 \u0428\u0410\u041c\u041f\u0423\u041d\u042c &#039;CEDARWOOD&#039;, \u0434\u043b\u044f \u0436\u0438\u0440\u043d\u044b\u0445 \u0432\u043e\u043b\u043e\u0441, 200\u043c\u043b[:]\" \/>\n<meta property=\"og:description\" content=\"ORGANIC SHAMPOO &#039;CEDARWOOD&#039; for oily hair. Nourishing shampoo for oily hair with aloe vera. Pure essential oils - aphrodisiac compound.\" \/>\n<meta property=\"og:url\" content=\"https:\/\/naturalsoap.lv\/de\/shop\/shampoo\/sampuns-cedarwood-taukainiem-matiem-200ml\/\" \/>\n<meta property=\"og:site_name\" content=\"NATURAL SOAP\" \/>\n<meta property=\"article:modified_time\" content=\"2025-04-15T10:30:50+00:00\" \/>\n<meta property=\"og:image\" content=\"https:\/\/naturalsoap.lv\/wp-content\/uploads\/2024\/05\/35c396135f872df2ebbc59f0e762f0bb_1692088971-e1730203517167.jpeg\" \/>\n\t<meta property=\"og:image:width\" content=\"715\" \/>\n\t<meta property=\"og:image:height\" content=\"900\" \/>\n\t<meta property=\"og:image:type\" content=\"image\/jpeg\" \/>\n<meta name=\"twitter:card\" content=\"summary_large_image\" \/>\n<meta name=\"twitter:label1\" content=\"Gesch\u00e4tzte Lesezeit\" \/>\n\t<meta name=\"twitter:data1\" content=\"1\u00a0Minute\" \/>\n<script type=\"application\/ld+json\" class=\"yoast-schema-graph\">{\"@context\":\"https:\\\/\\\/schema.org\",\"@graph\":[{\"@type\":\"WebPage\",\"@id\":\"https:\\\/\\\/naturalsoap.lv\\\/de\\\/shop\\\/shampoo\\\/sampuns-cedarwood-taukainiem-matiem-200ml\\\/\",\"url\":\"https:\\\/\\\/naturalsoap.lv\\\/de\\\/shop\\\/shampoo\\\/sampuns-cedarwood-taukainiem-matiem-200ml\\\/\",\"name\":\"[:lv]ORGANIC \u0160AMP\u016aNS 'CEDARWOOD', taukainiem matiem, 200ml[:en]ORGANIC SHAMPOO 'CEDARWOOD', for oily hair, 200ml[:de]BIO SHAMPOO 'CEDARWOOD', f\u00fcr fettiges Haar, 200ml[:ru]\u041e\u0420\u0413\u0410\u041d\u0418\u0427\u0415\u0421\u041a\u0418\u0419 \u0428\u0410\u041c\u041f\u0423\u041d\u042c 'CEDARWOOD', \u0434\u043b\u044f \u0436\u0438\u0440\u043d\u044b\u0445 \u0432\u043e\u043b\u043e\u0441, 200\u043c\u043b[:] - NATURAL SOAP\",\"isPartOf\":{\"@id\":\"https:\\\/\\\/naturalsoap.lv\\\/en\\\/#website\"},\"primaryImageOfPage\":{\"@id\":\"https:\\\/\\\/naturalsoap.lv\\\/de\\\/shop\\\/shampoo\\\/sampuns-cedarwood-taukainiem-matiem-200ml\\\/#primaryimage\"},\"image\":{\"@id\":\"https:\\\/\\\/naturalsoap.lv\\\/de\\\/shop\\\/shampoo\\\/sampuns-cedarwood-taukainiem-matiem-200ml\\\/#primaryimage\"},\"thumbnailUrl\":\"https:\\\/\\\/naturalsoap.lv\\\/wp-content\\\/uploads\\\/2024\\\/05\\\/35c396135f872df2ebbc59f0e762f0bb_1692088971-e1730203517167.jpeg\",\"datePublished\":\"2024-05-30T07:05:22+00:00\",\"dateModified\":\"2025-04-15T10:30:50+00:00\",\"description\":\"ORGANIC SHAMPOO 'CEDARWOOD' for oily hair. Nourishing shampoo for oily hair with aloe vera. Pure essential oils - aphrodisiac compound.\",\"breadcrumb\":{\"@id\":\"https:\\\/\\\/naturalsoap.lv\\\/de\\\/shop\\\/shampoo\\\/sampuns-cedarwood-taukainiem-matiem-200ml\\\/#breadcrumb\"},\"inLanguage\":\"de\",\"potentialAction\":[{\"@type\":\"ReadAction\",\"target\":[\"https:\\\/\\\/naturalsoap.lv\\\/de\\\/shop\\\/shampoo\\\/sampuns-cedarwood-taukainiem-matiem-200ml\\\/\"]}]},{\"@type\":\"ImageObject\",\"inLanguage\":\"de\",\"@id\":\"https:\\\/\\\/naturalsoap.lv\\\/de\\\/shop\\\/shampoo\\\/sampuns-cedarwood-taukainiem-matiem-200ml\\\/#primaryimage\",\"url\":\"https:\\\/\\\/naturalsoap.lv\\\/wp-content\\\/uploads\\\/2024\\\/05\\\/35c396135f872df2ebbc59f0e762f0bb_1692088971-e1730203517167.jpeg\",\"contentUrl\":\"https:\\\/\\\/naturalsoap.lv\\\/wp-content\\\/uploads\\\/2024\\\/05\\\/35c396135f872df2ebbc59f0e762f0bb_1692088971-e1730203517167.jpeg\",\"width\":715,\"height\":900,\"caption\":\"ORGANIC SHAMPOO 'CEDARWOOD', for oily hair, 200ml\"},{\"@type\":\"BreadcrumbList\",\"@id\":\"https:\\\/\\\/naturalsoap.lv\\\/de\\\/shop\\\/shampoo\\\/sampuns-cedarwood-taukainiem-matiem-200ml\\\/#breadcrumb\",\"itemListElement\":[{\"@type\":\"ListItem\",\"position\":1,\"name\":\"Home\",\"item\":\"https:\\\/\\\/naturalsoap.lv\\\/en\\\/\"},{\"@type\":\"ListItem\",\"position\":2,\"name\":\"Shop\",\"item\":\"https:\\\/\\\/naturalsoap.lv\\\/en\\\/shop\\\/\"},{\"@type\":\"ListItem\",\"position\":3,\"name\":\"BIO SHAMPOO &#8218;CEDARWOOD&#8216;, f\u00fcr fettiges Haar, 200ml\"}]},{\"@type\":\"WebSite\",\"@id\":\"https:\\\/\\\/naturalsoap.lv\\\/en\\\/#website\",\"url\":\"https:\\\/\\\/naturalsoap.lv\\\/en\\\/\",\"name\":\"NATURAL SOAP\",\"description\":\"Handgefertigte Bade- und Duschkosmetik.\",\"publisher\":{\"@id\":\"https:\\\/\\\/naturalsoap.lv\\\/en\\\/#organization\"},\"potentialAction\":[{\"@type\":\"SearchAction\",\"target\":{\"@type\":\"EntryPoint\",\"urlTemplate\":\"https:\\\/\\\/naturalsoap.lv\\\/en\\\/?s={search_term_string}\"},\"query-input\":{\"@type\":\"PropertyValueSpecification\",\"valueRequired\":true,\"valueName\":\"search_term_string\"}}],\"inLanguage\":\"de\"},{\"@type\":\"Organization\",\"@id\":\"https:\\\/\\\/naturalsoap.lv\\\/en\\\/#organization\",\"name\":\"NATURAL SOAP\",\"url\":\"https:\\\/\\\/naturalsoap.lv\\\/en\\\/\",\"logo\":{\"@type\":\"ImageObject\",\"inLanguage\":\"de\",\"@id\":\"https:\\\/\\\/naturalsoap.lv\\\/en\\\/#\\\/schema\\\/logo\\\/image\\\/\",\"url\":\"https:\\\/\\\/naturalsoap.lv\\\/wp-content\\\/uploads\\\/2024\\\/05\\\/Logo.svg\",\"contentUrl\":\"https:\\\/\\\/naturalsoap.lv\\\/wp-content\\\/uploads\\\/2024\\\/05\\\/Logo.svg\",\"width\":125,\"height\":34,\"caption\":\"NATURAL SOAP\"},\"image\":{\"@id\":\"https:\\\/\\\/naturalsoap.lv\\\/en\\\/#\\\/schema\\\/logo\\\/image\\\/\"}}]}<\/script>\n<!-- \/ Yoast SEO Premium plugin. -->","yoast_head_json":{"title":"[:lv]ORGANIC \u0160AMP\u016aNS 'CEDARWOOD', taukainiem matiem, 200ml[:en]ORGANIC SHAMPOO 'CEDARWOOD', for oily hair, 200ml[:de]BIO SHAMPOO 'CEDARWOOD', f\u00fcr fettiges Haar, 200ml[:ru]\u041e\u0420\u0413\u0410\u041d\u0418\u0427\u0415\u0421\u041a\u0418\u0419 \u0428\u0410\u041c\u041f\u0423\u041d\u042c 'CEDARWOOD', \u0434\u043b\u044f \u0436\u0438\u0440\u043d\u044b\u0445 \u0432\u043e\u043b\u043e\u0441, 200\u043c\u043b[:] - NATURAL SOAP","description":"ORGANIC SHAMPOO 'CEDARWOOD' for oily hair. Nourishing shampoo for oily hair with aloe vera. Pure essential oils - aphrodisiac compound.","robots":{"index":"index","follow":"follow","max-snippet":"max-snippet:-1","max-image-preview":"max-image-preview:large","max-video-preview":"max-video-preview:-1"},"canonical":"https:\/\/naturalsoap.lv\/de\/shop\/shampoo\/sampuns-cedarwood-taukainiem-matiem-200ml\/","og_locale":"de_DE","og_type":"article","og_title":"[:lv]ORGANIC \u0160AMP\u016aNS 'CEDARWOOD', taukainiem matiem, 200ml[:en]ORGANIC SHAMPOO 'CEDARWOOD', for oily hair, 200ml[:de]BIO SHAMPOO 'CEDARWOOD', f\u00fcr fettiges Haar, 200ml[:ru]\u041e\u0420\u0413\u0410\u041d\u0418\u0427\u0415\u0421\u041a\u0418\u0419 \u0428\u0410\u041c\u041f\u0423\u041d\u042c 'CEDARWOOD', \u0434\u043b\u044f \u0436\u0438\u0440\u043d\u044b\u0445 \u0432\u043e\u043b\u043e\u0441, 200\u043c\u043b[:]","og_description":"ORGANIC SHAMPOO 'CEDARWOOD' for oily hair. Nourishing shampoo for oily hair with aloe vera. Pure essential oils - aphrodisiac compound.","og_url":"https:\/\/naturalsoap.lv\/de\/shop\/shampoo\/sampuns-cedarwood-taukainiem-matiem-200ml\/","og_site_name":"NATURAL SOAP","article_modified_time":"2025-04-15T10:30:50+00:00","og_image":[{"width":715,"height":900,"url":"https:\/\/naturalsoap.lv\/wp-content\/uploads\/2024\/05\/35c396135f872df2ebbc59f0e762f0bb_1692088971-e1730203517167.jpeg","type":"image\/jpeg"}],"twitter_card":"summary_large_image","twitter_misc":{"Gesch\u00e4tzte Lesezeit":"1\u00a0Minute"},"schema":{"@context":"https:\/\/schema.org","@graph":[{"@type":"WebPage","@id":"https:\/\/naturalsoap.lv\/de\/shop\/shampoo\/sampuns-cedarwood-taukainiem-matiem-200ml\/","url":"https:\/\/naturalsoap.lv\/de\/shop\/shampoo\/sampuns-cedarwood-taukainiem-matiem-200ml\/","name":"[:lv]ORGANIC \u0160AMP\u016aNS 'CEDARWOOD', taukainiem matiem, 200ml[:en]ORGANIC SHAMPOO 'CEDARWOOD', for oily hair, 200ml[:de]BIO SHAMPOO 'CEDARWOOD', f\u00fcr fettiges Haar, 200ml[:ru]\u041e\u0420\u0413\u0410\u041d\u0418\u0427\u0415\u0421\u041a\u0418\u0419 \u0428\u0410\u041c\u041f\u0423\u041d\u042c 'CEDARWOOD', \u0434\u043b\u044f \u0436\u0438\u0440\u043d\u044b\u0445 \u0432\u043e\u043b\u043e\u0441, 200\u043c\u043b[:] - NATURAL SOAP","isPartOf":{"@id":"https:\/\/naturalsoap.lv\/en\/#website"},"primaryImageOfPage":{"@id":"https:\/\/naturalsoap.lv\/de\/shop\/shampoo\/sampuns-cedarwood-taukainiem-matiem-200ml\/#primaryimage"},"image":{"@id":"https:\/\/naturalsoap.lv\/de\/shop\/shampoo\/sampuns-cedarwood-taukainiem-matiem-200ml\/#primaryimage"},"thumbnailUrl":"https:\/\/naturalsoap.lv\/wp-content\/uploads\/2024\/05\/35c396135f872df2ebbc59f0e762f0bb_1692088971-e1730203517167.jpeg","datePublished":"2024-05-30T07:05:22+00:00","dateModified":"2025-04-15T10:30:50+00:00","description":"ORGANIC SHAMPOO 'CEDARWOOD' for oily hair. Nourishing shampoo for oily hair with aloe vera. Pure essential oils - aphrodisiac compound.","breadcrumb":{"@id":"https:\/\/naturalsoap.lv\/de\/shop\/shampoo\/sampuns-cedarwood-taukainiem-matiem-200ml\/#breadcrumb"},"inLanguage":"de","potentialAction":[{"@type":"ReadAction","target":["https:\/\/naturalsoap.lv\/de\/shop\/shampoo\/sampuns-cedarwood-taukainiem-matiem-200ml\/"]}]},{"@type":"ImageObject","inLanguage":"de","@id":"https:\/\/naturalsoap.lv\/de\/shop\/shampoo\/sampuns-cedarwood-taukainiem-matiem-200ml\/#primaryimage","url":"https:\/\/naturalsoap.lv\/wp-content\/uploads\/2024\/05\/35c396135f872df2ebbc59f0e762f0bb_1692088971-e1730203517167.jpeg","contentUrl":"https:\/\/naturalsoap.lv\/wp-content\/uploads\/2024\/05\/35c396135f872df2ebbc59f0e762f0bb_1692088971-e1730203517167.jpeg","width":715,"height":900,"caption":"ORGANIC SHAMPOO 'CEDARWOOD', for oily hair, 200ml"},{"@type":"BreadcrumbList","@id":"https:\/\/naturalsoap.lv\/de\/shop\/shampoo\/sampuns-cedarwood-taukainiem-matiem-200ml\/#breadcrumb","itemListElement":[{"@type":"ListItem","position":1,"name":"Home","item":"https:\/\/naturalsoap.lv\/en\/"},{"@type":"ListItem","position":2,"name":"Shop","item":"https:\/\/naturalsoap.lv\/en\/shop\/"},{"@type":"ListItem","position":3,"name":"BIO SHAMPOO &#8218;CEDARWOOD&#8216;, f\u00fcr fettiges Haar, 200ml"}]},{"@type":"WebSite","@id":"https:\/\/naturalsoap.lv\/en\/#website","url":"https:\/\/naturalsoap.lv\/en\/","name":"NATURAL SOAP","description":"Handgefertigte Bade- und Duschkosmetik.","publisher":{"@id":"https:\/\/naturalsoap.lv\/en\/#organization"},"potentialAction":[{"@type":"SearchAction","target":{"@type":"EntryPoint","urlTemplate":"https:\/\/naturalsoap.lv\/en\/?s={search_term_string}"},"query-input":{"@type":"PropertyValueSpecification","valueRequired":true,"valueName":"search_term_string"}}],"inLanguage":"de"},{"@type":"Organization","@id":"https:\/\/naturalsoap.lv\/en\/#organization","name":"NATURAL SOAP","url":"https:\/\/naturalsoap.lv\/en\/","logo":{"@type":"ImageObject","inLanguage":"de","@id":"https:\/\/naturalsoap.lv\/en\/#\/schema\/logo\/image\/","url":"https:\/\/naturalsoap.lv\/wp-content\/uploads\/2024\/05\/Logo.svg","contentUrl":"https:\/\/naturalsoap.lv\/wp-content\/uploads\/2024\/05\/Logo.svg","width":125,"height":34,"caption":"NATURAL SOAP"},"image":{"@id":"https:\/\/naturalsoap.lv\/en\/#\/schema\/logo\/image\/"}}]}},"_links":{"self":[{"href":"https:\/\/naturalsoap.lv\/de\/wp-json\/wp\/v2\/product\/14708","targetHints":{"allow":["GET"]}}],"collection":[{"href":"https:\/\/naturalsoap.lv\/de\/wp-json\/wp\/v2\/product"}],"about":[{"href":"https:\/\/naturalsoap.lv\/de\/wp-json\/wp\/v2\/types\/product"}],"wp:featuredmedia":[{"embeddable":true,"href":"https:\/\/naturalsoap.lv\/de\/wp-json\/wp\/v2\/media\/14709"}],"wp:attachment":[{"href":"https:\/\/naturalsoap.lv\/de\/wp-json\/wp\/v2\/media?parent=14708"}],"wp:term":[{"taxonomy":"product_brand","embeddable":true,"href":"https:\/\/naturalsoap.lv\/de\/wp-json\/wp\/v2\/product_brand?post=14708"},{"taxonomy":"product_cat","embeddable":true,"href":"https:\/\/naturalsoap.lv\/de\/wp-json\/wp\/v2\/product_cat?post=14708"},{"taxonomy":"product_tag","embeddable":true,"href":"https:\/\/naturalsoap.lv\/de\/wp-json\/wp\/v2\/product_tag?post=14708"}],"curies":[{"name":"wp","href":"https:\/\/api.w.org\/{rel}","templated":true}]}}