{"id":14702,"date":"2024-05-30T07:05:22","date_gmt":"2024-05-30T07:05:22","guid":{"rendered":"https:\/\/321.optimum.lv\/product\/dusas-zeleja-sport-200ml\/"},"modified":"2025-04-15T08:16:03","modified_gmt":"2025-04-15T08:16:03","slug":"dusas-zeleja-sport-200ml","status":"publish","type":"product","link":"https:\/\/naturalsoap.lv\/de\/shop\/shower-gel\/dusas-zeleja-sport-200ml\/","title":{"rendered":"DUSCHGEL &#8218;SPORT&#8216;, 200ml"},"content":{"rendered":"<p>Mit Atlantischem Meersalz angereicherte Duschgelformel.<\/p>\n<p>Mit anhaltendem M\u00e4nnerduft. Stellen Sie sich mit diesem Duft einen Mann vor, der selbstbewusst, vertrauensw\u00fcrdig, erfolgreich, romantisch, sexy, sinnlich, mutig ist und einen gro\u00dfartigen Sinn f\u00fcr Humor hat. Der perfekte Mann, der nur die feinsten und teuersten Duftnoten verwendet.<\/p>","protected":false},"excerpt":{"rendered":"<p>INCI: Aqua, Sodium laureth sulfate, Maris sal, Propylene glycol, Sodium chloride, Cocamine oxide, Cocamidopropyl betaine, Parfum, Citric Acid, Tetrasodium EDTA, Polyquaternium- 7, Magnesium nitrate, Magnesium chloride, Methylchloroisothiazolinone, Methylisothiazolinone, CI 42051, Hexyl Cinnamic Aldehyde Alpha, Linalool<\/p>\n<p>Manufacturer: SIA GARTDA, Alejas street 73, Daugavpils, LV-5401, Latvia, T. +371 65420849, <a href=\"mailto:info@gartda.lv\">info@gartda.lv<\/a><\/p>\n","protected":false},"featured_media":14703,"template":"","meta":[],"product_brand":[],"product_cat":[497],"product_tag":[],"class_list":{"0":"post-14702","1":"product","2":"type-product","3":"status-publish","4":"has-post-thumbnail","6":"product_cat-shower-gel","7":"pa_box-bez-davanu-kastites","8":"pa_box-davanu-kastite","10":"first","11":"instock","12":"taxable","13":"shipping-taxable","14":"purchasable","15":"product-type-variable"},"yoast_head":"<!-- This site is optimized with the Yoast SEO Premium plugin v22.6 (Yoast SEO v27.3) - https:\/\/yoast.com\/product\/yoast-seo-premium-wordpress\/ -->\n<title>DUSCHGEL &#039;SPORT&#039;, 200ml - NATURAL SOAP<\/title>\n<meta name=\"description\" content=\"SHOWER GEL &#039;SPORT&#039;. With lasting male fragrance. Shower gel formula enriched with Atlantic Sea Salt. expensive fragrance notes.\" \/>\n<meta name=\"robots\" content=\"index, follow, max-snippet:-1, max-image-preview:large, max-video-preview:-1\" \/>\n<link rel=\"canonical\" href=\"https:\/\/naturalsoap.lv\/lv\/shop\/shower-gel\/dusas-zeleja-sport-200ml\/\" \/>\n<meta property=\"og:locale\" content=\"de_DE\" \/>\n<meta property=\"og:type\" content=\"article\" \/>\n<meta property=\"og:title\" content=\"[:lv]DU\u0160AS \u017dELEJA &#039;SPORT&#039;, 200ml[:en]SHOWER GEL &#039;SPORT&#039;, 200ml[:de]DUSCHGEL &#039;SPORT&#039;, 200ml[:ru]\u0413\u0415\u041b\u042c \u0414\u041b\u042f \u0414\u0423\u0428\u0410 &#039;SPORT&#039;, 200\u043c\u043b[:]\" \/>\n<meta property=\"og:description\" content=\"SHOWER GEL &#039;SPORT&#039;. With lasting male fragrance. Shower gel formula enriched with Atlantic Sea Salt. expensive fragrance notes.\" \/>\n<meta property=\"og:url\" content=\"https:\/\/naturalsoap.lv\/lv\/shop\/shower-gel\/dusas-zeleja-sport-200ml\/\" \/>\n<meta property=\"og:site_name\" content=\"NATURAL SOAP\" \/>\n<meta property=\"article:modified_time\" content=\"2025-04-15T08:16:03+00:00\" \/>\n<meta property=\"og:image\" content=\"https:\/\/naturalsoap.lv\/wp-content\/uploads\/2024\/05\/6df03b2f9e5ae8dbcc4f5864e9f42b01_1692089062-e1730197667269.jpeg\" \/>\n\t<meta property=\"og:image:width\" content=\"900\" \/>\n\t<meta property=\"og:image:height\" content=\"1133\" \/>\n\t<meta property=\"og:image:type\" content=\"image\/jpeg\" \/>\n<meta name=\"twitter:card\" content=\"summary_large_image\" \/>\n<meta name=\"twitter:label1\" content=\"Gesch\u00e4tzte Lesezeit\" \/>\n\t<meta name=\"twitter:data1\" content=\"1\u00a0Minute\" \/>\n<script type=\"application\/ld+json\" class=\"yoast-schema-graph\">{\"@context\":\"https:\\\/\\\/schema.org\",\"@graph\":[{\"@type\":\"WebPage\",\"@id\":\"https:\\\/\\\/naturalsoap.lv\\\/lv\\\/shop\\\/shower-gel\\\/dusas-zeleja-sport-200ml\\\/\",\"url\":\"https:\\\/\\\/naturalsoap.lv\\\/lv\\\/shop\\\/shower-gel\\\/dusas-zeleja-sport-200ml\\\/\",\"name\":\"[:lv]DU\u0160AS \u017dELEJA 'SPORT', 200ml[:en]SHOWER GEL 'SPORT', 200ml[:de]DUSCHGEL 'SPORT', 200ml[:ru]\u0413\u0415\u041b\u042c \u0414\u041b\u042f \u0414\u0423\u0428\u0410 'SPORT', 200\u043c\u043b[:] - NATURAL SOAP\",\"isPartOf\":{\"@id\":\"https:\\\/\\\/naturalsoap.lv\\\/en\\\/#website\"},\"primaryImageOfPage\":{\"@id\":\"https:\\\/\\\/naturalsoap.lv\\\/lv\\\/shop\\\/shower-gel\\\/dusas-zeleja-sport-200ml\\\/#primaryimage\"},\"image\":{\"@id\":\"https:\\\/\\\/naturalsoap.lv\\\/lv\\\/shop\\\/shower-gel\\\/dusas-zeleja-sport-200ml\\\/#primaryimage\"},\"thumbnailUrl\":\"https:\\\/\\\/naturalsoap.lv\\\/wp-content\\\/uploads\\\/2024\\\/05\\\/6df03b2f9e5ae8dbcc4f5864e9f42b01_1692089062-e1730197667269.jpeg\",\"datePublished\":\"2024-05-30T07:05:22+00:00\",\"dateModified\":\"2025-04-15T08:16:03+00:00\",\"description\":\"SHOWER GEL 'SPORT'. With lasting male fragrance. Shower gel formula enriched with Atlantic Sea Salt. expensive fragrance notes.\",\"breadcrumb\":{\"@id\":\"https:\\\/\\\/naturalsoap.lv\\\/lv\\\/shop\\\/shower-gel\\\/dusas-zeleja-sport-200ml\\\/#breadcrumb\"},\"inLanguage\":\"de\",\"potentialAction\":[{\"@type\":\"ReadAction\",\"target\":[\"https:\\\/\\\/naturalsoap.lv\\\/lv\\\/shop\\\/shower-gel\\\/dusas-zeleja-sport-200ml\\\/\"]}]},{\"@type\":\"ImageObject\",\"inLanguage\":\"de\",\"@id\":\"https:\\\/\\\/naturalsoap.lv\\\/lv\\\/shop\\\/shower-gel\\\/dusas-zeleja-sport-200ml\\\/#primaryimage\",\"url\":\"https:\\\/\\\/naturalsoap.lv\\\/wp-content\\\/uploads\\\/2024\\\/05\\\/6df03b2f9e5ae8dbcc4f5864e9f42b01_1692089062-e1730197667269.jpeg\",\"contentUrl\":\"https:\\\/\\\/naturalsoap.lv\\\/wp-content\\\/uploads\\\/2024\\\/05\\\/6df03b2f9e5ae8dbcc4f5864e9f42b01_1692089062-e1730197667269.jpeg\",\"width\":900,\"height\":1133,\"caption\":\"SHOWER GEL 'SPORT', 200ml\"},{\"@type\":\"BreadcrumbList\",\"@id\":\"https:\\\/\\\/naturalsoap.lv\\\/lv\\\/shop\\\/shower-gel\\\/dusas-zeleja-sport-200ml\\\/#breadcrumb\",\"itemListElement\":[{\"@type\":\"ListItem\",\"position\":1,\"name\":\"Home\",\"item\":\"https:\\\/\\\/naturalsoap.lv\\\/en\\\/\"},{\"@type\":\"ListItem\",\"position\":2,\"name\":\"Shop\",\"item\":\"https:\\\/\\\/naturalsoap.lv\\\/en\\\/shop\\\/\"},{\"@type\":\"ListItem\",\"position\":3,\"name\":\"DU\u0160AS \u017dELEJA &#8216;SPORT&#8217;, 200ml\"}]},{\"@type\":\"WebSite\",\"@id\":\"https:\\\/\\\/naturalsoap.lv\\\/en\\\/#website\",\"url\":\"https:\\\/\\\/naturalsoap.lv\\\/en\\\/\",\"name\":\"NATURAL SOAP\",\"description\":\"Handgefertigte Bade- und Duschkosmetik.\",\"publisher\":{\"@id\":\"https:\\\/\\\/naturalsoap.lv\\\/en\\\/#organization\"},\"potentialAction\":[{\"@type\":\"SearchAction\",\"target\":{\"@type\":\"EntryPoint\",\"urlTemplate\":\"https:\\\/\\\/naturalsoap.lv\\\/en\\\/?s={search_term_string}\"},\"query-input\":{\"@type\":\"PropertyValueSpecification\",\"valueRequired\":true,\"valueName\":\"search_term_string\"}}],\"inLanguage\":\"de\"},{\"@type\":\"Organization\",\"@id\":\"https:\\\/\\\/naturalsoap.lv\\\/en\\\/#organization\",\"name\":\"NATURAL SOAP\",\"url\":\"https:\\\/\\\/naturalsoap.lv\\\/en\\\/\",\"logo\":{\"@type\":\"ImageObject\",\"inLanguage\":\"de\",\"@id\":\"https:\\\/\\\/naturalsoap.lv\\\/en\\\/#\\\/schema\\\/logo\\\/image\\\/\",\"url\":\"https:\\\/\\\/naturalsoap.lv\\\/wp-content\\\/uploads\\\/2024\\\/05\\\/Logo.svg\",\"contentUrl\":\"https:\\\/\\\/naturalsoap.lv\\\/wp-content\\\/uploads\\\/2024\\\/05\\\/Logo.svg\",\"width\":125,\"height\":34,\"caption\":\"NATURAL SOAP\"},\"image\":{\"@id\":\"https:\\\/\\\/naturalsoap.lv\\\/en\\\/#\\\/schema\\\/logo\\\/image\\\/\"}}]}<\/script>\n<!-- \/ Yoast SEO Premium plugin. -->","yoast_head_json":{"title":"[:lv]DU\u0160AS \u017dELEJA 'SPORT', 200ml[:en]SHOWER GEL 'SPORT', 200ml[:de]DUSCHGEL 'SPORT', 200ml[:ru]\u0413\u0415\u041b\u042c \u0414\u041b\u042f \u0414\u0423\u0428\u0410 'SPORT', 200\u043c\u043b[:] - NATURAL SOAP","description":"SHOWER GEL 'SPORT'. With lasting male fragrance. Shower gel formula enriched with Atlantic Sea Salt. expensive fragrance notes.","robots":{"index":"index","follow":"follow","max-snippet":"max-snippet:-1","max-image-preview":"max-image-preview:large","max-video-preview":"max-video-preview:-1"},"canonical":"https:\/\/naturalsoap.lv\/lv\/shop\/shower-gel\/dusas-zeleja-sport-200ml\/","og_locale":"de_DE","og_type":"article","og_title":"[:lv]DU\u0160AS \u017dELEJA 'SPORT', 200ml[:en]SHOWER GEL 'SPORT', 200ml[:de]DUSCHGEL 'SPORT', 200ml[:ru]\u0413\u0415\u041b\u042c \u0414\u041b\u042f \u0414\u0423\u0428\u0410 'SPORT', 200\u043c\u043b[:]","og_description":"SHOWER GEL 'SPORT'. With lasting male fragrance. Shower gel formula enriched with Atlantic Sea Salt. expensive fragrance notes.","og_url":"https:\/\/naturalsoap.lv\/lv\/shop\/shower-gel\/dusas-zeleja-sport-200ml\/","og_site_name":"NATURAL SOAP","article_modified_time":"2025-04-15T08:16:03+00:00","og_image":[{"width":900,"height":1133,"url":"https:\/\/naturalsoap.lv\/wp-content\/uploads\/2024\/05\/6df03b2f9e5ae8dbcc4f5864e9f42b01_1692089062-e1730197667269.jpeg","type":"image\/jpeg"}],"twitter_card":"summary_large_image","twitter_misc":{"Gesch\u00e4tzte Lesezeit":"1\u00a0Minute"},"schema":{"@context":"https:\/\/schema.org","@graph":[{"@type":"WebPage","@id":"https:\/\/naturalsoap.lv\/lv\/shop\/shower-gel\/dusas-zeleja-sport-200ml\/","url":"https:\/\/naturalsoap.lv\/lv\/shop\/shower-gel\/dusas-zeleja-sport-200ml\/","name":"[:lv]DU\u0160AS \u017dELEJA 'SPORT', 200ml[:en]SHOWER GEL 'SPORT', 200ml[:de]DUSCHGEL 'SPORT', 200ml[:ru]\u0413\u0415\u041b\u042c \u0414\u041b\u042f \u0414\u0423\u0428\u0410 'SPORT', 200\u043c\u043b[:] - NATURAL SOAP","isPartOf":{"@id":"https:\/\/naturalsoap.lv\/en\/#website"},"primaryImageOfPage":{"@id":"https:\/\/naturalsoap.lv\/lv\/shop\/shower-gel\/dusas-zeleja-sport-200ml\/#primaryimage"},"image":{"@id":"https:\/\/naturalsoap.lv\/lv\/shop\/shower-gel\/dusas-zeleja-sport-200ml\/#primaryimage"},"thumbnailUrl":"https:\/\/naturalsoap.lv\/wp-content\/uploads\/2024\/05\/6df03b2f9e5ae8dbcc4f5864e9f42b01_1692089062-e1730197667269.jpeg","datePublished":"2024-05-30T07:05:22+00:00","dateModified":"2025-04-15T08:16:03+00:00","description":"SHOWER GEL 'SPORT'. With lasting male fragrance. Shower gel formula enriched with Atlantic Sea Salt. expensive fragrance notes.","breadcrumb":{"@id":"https:\/\/naturalsoap.lv\/lv\/shop\/shower-gel\/dusas-zeleja-sport-200ml\/#breadcrumb"},"inLanguage":"de","potentialAction":[{"@type":"ReadAction","target":["https:\/\/naturalsoap.lv\/lv\/shop\/shower-gel\/dusas-zeleja-sport-200ml\/"]}]},{"@type":"ImageObject","inLanguage":"de","@id":"https:\/\/naturalsoap.lv\/lv\/shop\/shower-gel\/dusas-zeleja-sport-200ml\/#primaryimage","url":"https:\/\/naturalsoap.lv\/wp-content\/uploads\/2024\/05\/6df03b2f9e5ae8dbcc4f5864e9f42b01_1692089062-e1730197667269.jpeg","contentUrl":"https:\/\/naturalsoap.lv\/wp-content\/uploads\/2024\/05\/6df03b2f9e5ae8dbcc4f5864e9f42b01_1692089062-e1730197667269.jpeg","width":900,"height":1133,"caption":"SHOWER GEL 'SPORT', 200ml"},{"@type":"BreadcrumbList","@id":"https:\/\/naturalsoap.lv\/lv\/shop\/shower-gel\/dusas-zeleja-sport-200ml\/#breadcrumb","itemListElement":[{"@type":"ListItem","position":1,"name":"Home","item":"https:\/\/naturalsoap.lv\/en\/"},{"@type":"ListItem","position":2,"name":"Shop","item":"https:\/\/naturalsoap.lv\/en\/shop\/"},{"@type":"ListItem","position":3,"name":"DU\u0160AS \u017dELEJA &#8216;SPORT&#8217;, 200ml"}]},{"@type":"WebSite","@id":"https:\/\/naturalsoap.lv\/en\/#website","url":"https:\/\/naturalsoap.lv\/en\/","name":"NATURAL SOAP","description":"Handgefertigte Bade- und Duschkosmetik.","publisher":{"@id":"https:\/\/naturalsoap.lv\/en\/#organization"},"potentialAction":[{"@type":"SearchAction","target":{"@type":"EntryPoint","urlTemplate":"https:\/\/naturalsoap.lv\/en\/?s={search_term_string}"},"query-input":{"@type":"PropertyValueSpecification","valueRequired":true,"valueName":"search_term_string"}}],"inLanguage":"de"},{"@type":"Organization","@id":"https:\/\/naturalsoap.lv\/en\/#organization","name":"NATURAL SOAP","url":"https:\/\/naturalsoap.lv\/en\/","logo":{"@type":"ImageObject","inLanguage":"de","@id":"https:\/\/naturalsoap.lv\/en\/#\/schema\/logo\/image\/","url":"https:\/\/naturalsoap.lv\/wp-content\/uploads\/2024\/05\/Logo.svg","contentUrl":"https:\/\/naturalsoap.lv\/wp-content\/uploads\/2024\/05\/Logo.svg","width":125,"height":34,"caption":"NATURAL SOAP"},"image":{"@id":"https:\/\/naturalsoap.lv\/en\/#\/schema\/logo\/image\/"}}]}},"_links":{"self":[{"href":"https:\/\/naturalsoap.lv\/de\/wp-json\/wp\/v2\/product\/14702","targetHints":{"allow":["GET"]}}],"collection":[{"href":"https:\/\/naturalsoap.lv\/de\/wp-json\/wp\/v2\/product"}],"about":[{"href":"https:\/\/naturalsoap.lv\/de\/wp-json\/wp\/v2\/types\/product"}],"wp:featuredmedia":[{"embeddable":true,"href":"https:\/\/naturalsoap.lv\/de\/wp-json\/wp\/v2\/media\/14703"}],"wp:attachment":[{"href":"https:\/\/naturalsoap.lv\/de\/wp-json\/wp\/v2\/media?parent=14702"}],"wp:term":[{"taxonomy":"product_brand","embeddable":true,"href":"https:\/\/naturalsoap.lv\/de\/wp-json\/wp\/v2\/product_brand?post=14702"},{"taxonomy":"product_cat","embeddable":true,"href":"https:\/\/naturalsoap.lv\/de\/wp-json\/wp\/v2\/product_cat?post=14702"},{"taxonomy":"product_tag","embeddable":true,"href":"https:\/\/naturalsoap.lv\/de\/wp-json\/wp\/v2\/product_tag?post=14702"}],"curies":[{"name":"wp","href":"https:\/\/api.w.org\/{rel}","templated":true}]}}