{"id":14670,"date":"2024-05-30T07:03:58","date_gmt":"2024-05-30T07:03:58","guid":{"rendered":"https:\/\/321.optimum.lv\/product\/roku-un-kermena-losjons-patchouli-orange-sweet-lavender-200ml\/"},"modified":"2025-04-15T09:48:43","modified_gmt":"2025-04-15T09:48:43","slug":"roku-un-kermena-losjons-patchouli-orange-sweet-lavender-200ml","status":"publish","type":"product","link":"https:\/\/naturalsoap.lv\/de\/shop\/hand-body-lotion\/roku-un-kermena-losjons-patchouli-orange-sweet-lavender-200ml\/","title":{"rendered":"HAND- und K\u00d6RPERLOTION &#8218;Patchouli \u2013 Orange Sweet \u2013 Lavender&#8216;, 200ml"},"content":{"rendered":"<p>Unsere leichte Hand- und K\u00f6rperlotion wurde aus nat\u00fcrlichen Inhaltsstoffen, s\u00fc\u00dfem Mandel\u00f6l und \u00e4therischen \u00d6len aus Patschuli, s\u00fc\u00dfer Orange, franz\u00f6sischem Lavendel, Ylang Ylang und Zedernholzatlas (Aphrodisiakum) zusammengestellt. Leichte, samtige Textur, die der Haut ein seidiges Gef\u00fchl verleiht, sanft Feuchtigkeit spendet und Ihre H\u00e4nde und Ihren K\u00f6rper sch\u00fctzt. Zieht leicht ein und hinterl\u00e4sst keine \u00f6ligen R\u00fcckst\u00e4nde.<\/p>\n<p>KEINE Verdickung erforderlich, KEINE PEGs, KEINE Sulfate, KEINE Parabene, KEINE Phthalate, KEINE Petrochemikalien, KEINE synthetischen Farbstoffe, KEIN Parf\u00fcm, glutenfrei.<\/p>\n<p>KEINE Tierversuche.<\/p>\n<p>VEGAN.<\/p>","protected":false},"excerpt":{"rendered":"<p>INCI: Aqua, Polyglyceryl-4 Laurate, Phenoxyethanol, Glyceryl Stearate, Prunus Amygdalus Dulcis Oil, Acrylates\/Acrylamide Copolymer, Paraffinum Liquidum, Cetearyl Alcohol, Potassium Sorbate, Parfum, Citrus sinensis oil, Lavandula angustifolia oil, Pogostemon cablin Benth.oil, Juniperus virginiana oil, Cananga odorata flower oil, Polysorbate 85, Limonene, Linalool(from essential oils)<\/p>\n<p>Manufacturer: SIA GARTDA, Alejas street 73, Daugavpils, LV-5401, Latvia, T. +371 65420849, <a href=\"mailto:info@gartda.lv\">info@gartda.lv<\/a><\/p>\n","protected":false},"featured_media":14671,"template":"","meta":[],"product_brand":[],"product_cat":[493],"product_tag":[],"class_list":{"0":"post-14670","1":"product","2":"type-product","3":"status-publish","4":"has-post-thumbnail","6":"product_cat-hand-body-lotion","7":"pa_box-bez-davanu-kastites","8":"pa_box-davanu-kastite","10":"first","11":"instock","12":"taxable","13":"shipping-taxable","14":"purchasable","15":"product-type-variable"},"yoast_head":"<!-- This site is optimized with the Yoast SEO Premium plugin v22.6 (Yoast SEO v27.3) - https:\/\/yoast.com\/product\/yoast-seo-premium-wordpress\/ -->\n<title>HAND- und K\u00d6RPERLOTION &#039;Patchouli \u2013 Orange Sweet \u2013 Lavender&#039;, 200ml - NATURAL SOAP<\/title>\n<meta name=\"description\" content=\"Light velvety texture that leaves the skin feeling silk, gently moisturise and protect your hands and body. Easily absorbed, leaving no oily residue.\" \/>\n<meta name=\"robots\" content=\"index, follow, max-snippet:-1, max-image-preview:large, max-video-preview:-1\" \/>\n<link rel=\"canonical\" href=\"https:\/\/naturalsoap.lv\/ru\/shop\/hand-body-lotion\/roku-un-kermena-losjons-patchouli-orange-sweet-lavender-200ml\/\" \/>\n<meta property=\"og:locale\" content=\"de_DE\" \/>\n<meta property=\"og:type\" content=\"article\" \/>\n<meta property=\"og:title\" content=\"[:lv]ROKU UN \u0136ERME\u0145A LOSJONS &#039;Patchouli \u2013 Orange Sweet \u2013 Lavender&#039;, 200ml[:en]HAND &amp; BODY LOTION &#039;Patchouli \u2013 Orange Sweet \u2013 Lavender&#039;, 200ml[:de]HAND- und K\u00d6RPERLOTION &#039;Patchouli \u2013 Orange Sweet \u2013 Lavender&#039;, 200ml[:ru]\u041b\u041e\u0421\u042c\u041e\u041d \u0414\u041b\u042f \u0420\u0423\u041a \u0418 \u0422\u0415\u041b\u0410 &#039;Patchouli \u2013 Orange Sweet \u2013 Lavender&#039;, 200\u043c\u043b[:]\" \/>\n<meta property=\"og:description\" content=\"Light velvety texture that leaves the skin feeling silk, gently moisturise and protect your hands and body. Easily absorbed, leaving no oily residue.\" \/>\n<meta property=\"og:url\" content=\"https:\/\/naturalsoap.lv\/ru\/shop\/hand-body-lotion\/roku-un-kermena-losjons-patchouli-orange-sweet-lavender-200ml\/\" \/>\n<meta property=\"og:site_name\" content=\"NATURAL SOAP\" \/>\n<meta property=\"article:modified_time\" content=\"2025-04-15T09:48:43+00:00\" \/>\n<meta property=\"og:image\" content=\"https:\/\/naturalsoap.lv\/wp-content\/uploads\/2024\/05\/cadbe9023f21c86db8c01e3c300b8065_1692088939-e1730202554649.jpeg\" \/>\n\t<meta property=\"og:image:width\" content=\"634\" \/>\n\t<meta property=\"og:image:height\" content=\"900\" \/>\n\t<meta property=\"og:image:type\" content=\"image\/jpeg\" \/>\n<meta name=\"twitter:card\" content=\"summary_large_image\" \/>\n<meta name=\"twitter:label1\" content=\"Gesch\u00e4tzte Lesezeit\" \/>\n\t<meta name=\"twitter:data1\" content=\"1\u00a0Minute\" \/>\n<script type=\"application\/ld+json\" class=\"yoast-schema-graph\">{\"@context\":\"https:\\\/\\\/schema.org\",\"@graph\":[{\"@type\":\"WebPage\",\"@id\":\"https:\\\/\\\/naturalsoap.lv\\\/ru\\\/shop\\\/hand-body-lotion\\\/roku-un-kermena-losjons-patchouli-orange-sweet-lavender-200ml\\\/\",\"url\":\"https:\\\/\\\/naturalsoap.lv\\\/ru\\\/shop\\\/hand-body-lotion\\\/roku-un-kermena-losjons-patchouli-orange-sweet-lavender-200ml\\\/\",\"name\":\"[:lv]ROKU UN \u0136ERME\u0145A LOSJONS 'Patchouli \u2013 Orange Sweet \u2013 Lavender', 200ml[:en]HAND & BODY LOTION 'Patchouli \u2013 Orange Sweet \u2013 Lavender', 200ml[:de]HAND- und K\u00d6RPERLOTION 'Patchouli \u2013 Orange Sweet \u2013 Lavender', 200ml[:ru]\u041b\u041e\u0421\u042c\u041e\u041d \u0414\u041b\u042f \u0420\u0423\u041a \u0418 \u0422\u0415\u041b\u0410 'Patchouli \u2013 Orange Sweet \u2013 Lavender', 200\u043c\u043b[:] - NATURAL SOAP\",\"isPartOf\":{\"@id\":\"https:\\\/\\\/naturalsoap.lv\\\/en\\\/#website\"},\"primaryImageOfPage\":{\"@id\":\"https:\\\/\\\/naturalsoap.lv\\\/ru\\\/shop\\\/hand-body-lotion\\\/roku-un-kermena-losjons-patchouli-orange-sweet-lavender-200ml\\\/#primaryimage\"},\"image\":{\"@id\":\"https:\\\/\\\/naturalsoap.lv\\\/ru\\\/shop\\\/hand-body-lotion\\\/roku-un-kermena-losjons-patchouli-orange-sweet-lavender-200ml\\\/#primaryimage\"},\"thumbnailUrl\":\"https:\\\/\\\/naturalsoap.lv\\\/wp-content\\\/uploads\\\/2024\\\/05\\\/cadbe9023f21c86db8c01e3c300b8065_1692088939-e1730202554649.jpeg\",\"datePublished\":\"2024-05-30T07:03:58+00:00\",\"dateModified\":\"2025-04-15T09:48:43+00:00\",\"description\":\"Light velvety texture that leaves the skin feeling silk, gently moisturise and protect your hands and body. Easily absorbed, leaving no oily residue.\",\"breadcrumb\":{\"@id\":\"https:\\\/\\\/naturalsoap.lv\\\/ru\\\/shop\\\/hand-body-lotion\\\/roku-un-kermena-losjons-patchouli-orange-sweet-lavender-200ml\\\/#breadcrumb\"},\"inLanguage\":\"de\",\"potentialAction\":[{\"@type\":\"ReadAction\",\"target\":[\"https:\\\/\\\/naturalsoap.lv\\\/ru\\\/shop\\\/hand-body-lotion\\\/roku-un-kermena-losjons-patchouli-orange-sweet-lavender-200ml\\\/\"]}]},{\"@type\":\"ImageObject\",\"inLanguage\":\"de\",\"@id\":\"https:\\\/\\\/naturalsoap.lv\\\/ru\\\/shop\\\/hand-body-lotion\\\/roku-un-kermena-losjons-patchouli-orange-sweet-lavender-200ml\\\/#primaryimage\",\"url\":\"https:\\\/\\\/naturalsoap.lv\\\/wp-content\\\/uploads\\\/2024\\\/05\\\/cadbe9023f21c86db8c01e3c300b8065_1692088939-e1730202554649.jpeg\",\"contentUrl\":\"https:\\\/\\\/naturalsoap.lv\\\/wp-content\\\/uploads\\\/2024\\\/05\\\/cadbe9023f21c86db8c01e3c300b8065_1692088939-e1730202554649.jpeg\",\"width\":634,\"height\":900,\"caption\":\"HAND & BODY LOTION 'Patchouli \u2013 Orange Sweet \u2013 Lavender', 200ml\"},{\"@type\":\"BreadcrumbList\",\"@id\":\"https:\\\/\\\/naturalsoap.lv\\\/ru\\\/shop\\\/hand-body-lotion\\\/roku-un-kermena-losjons-patchouli-orange-sweet-lavender-200ml\\\/#breadcrumb\",\"itemListElement\":[{\"@type\":\"ListItem\",\"position\":1,\"name\":\"Home\",\"item\":\"https:\\\/\\\/naturalsoap.lv\\\/en\\\/\"},{\"@type\":\"ListItem\",\"position\":2,\"name\":\"Shop\",\"item\":\"https:\\\/\\\/naturalsoap.lv\\\/en\\\/shop\\\/\"},{\"@type\":\"ListItem\",\"position\":3,\"name\":\"\u041b\u041e\u0421\u042c\u041e\u041d \u0414\u041b\u042f \u0420\u0423\u041a \u0418 \u0422\u0415\u041b\u0410 &#8216;Patchouli \u2013 Orange Sweet \u2013 Lavender&#8217;, 200\u043c\u043b\"}]},{\"@type\":\"WebSite\",\"@id\":\"https:\\\/\\\/naturalsoap.lv\\\/en\\\/#website\",\"url\":\"https:\\\/\\\/naturalsoap.lv\\\/en\\\/\",\"name\":\"NATURAL SOAP\",\"description\":\"Handgefertigte Bade- und Duschkosmetik.\",\"publisher\":{\"@id\":\"https:\\\/\\\/naturalsoap.lv\\\/en\\\/#organization\"},\"potentialAction\":[{\"@type\":\"SearchAction\",\"target\":{\"@type\":\"EntryPoint\",\"urlTemplate\":\"https:\\\/\\\/naturalsoap.lv\\\/en\\\/?s={search_term_string}\"},\"query-input\":{\"@type\":\"PropertyValueSpecification\",\"valueRequired\":true,\"valueName\":\"search_term_string\"}}],\"inLanguage\":\"de\"},{\"@type\":\"Organization\",\"@id\":\"https:\\\/\\\/naturalsoap.lv\\\/en\\\/#organization\",\"name\":\"NATURAL SOAP\",\"url\":\"https:\\\/\\\/naturalsoap.lv\\\/en\\\/\",\"logo\":{\"@type\":\"ImageObject\",\"inLanguage\":\"de\",\"@id\":\"https:\\\/\\\/naturalsoap.lv\\\/en\\\/#\\\/schema\\\/logo\\\/image\\\/\",\"url\":\"https:\\\/\\\/naturalsoap.lv\\\/wp-content\\\/uploads\\\/2024\\\/05\\\/Logo.svg\",\"contentUrl\":\"https:\\\/\\\/naturalsoap.lv\\\/wp-content\\\/uploads\\\/2024\\\/05\\\/Logo.svg\",\"width\":125,\"height\":34,\"caption\":\"NATURAL SOAP\"},\"image\":{\"@id\":\"https:\\\/\\\/naturalsoap.lv\\\/en\\\/#\\\/schema\\\/logo\\\/image\\\/\"}}]}<\/script>\n<!-- \/ Yoast SEO Premium plugin. -->","yoast_head_json":{"title":"[:lv]ROKU UN \u0136ERME\u0145A LOSJONS 'Patchouli \u2013 Orange Sweet \u2013 Lavender', 200ml[:en]HAND & BODY LOTION 'Patchouli \u2013 Orange Sweet \u2013 Lavender', 200ml[:de]HAND- und K\u00d6RPERLOTION 'Patchouli \u2013 Orange Sweet \u2013 Lavender', 200ml[:ru]\u041b\u041e\u0421\u042c\u041e\u041d \u0414\u041b\u042f \u0420\u0423\u041a \u0418 \u0422\u0415\u041b\u0410 'Patchouli \u2013 Orange Sweet \u2013 Lavender', 200\u043c\u043b[:] - NATURAL SOAP","description":"Light velvety texture that leaves the skin feeling silk, gently moisturise and protect your hands and body. Easily absorbed, leaving no oily residue.","robots":{"index":"index","follow":"follow","max-snippet":"max-snippet:-1","max-image-preview":"max-image-preview:large","max-video-preview":"max-video-preview:-1"},"canonical":"https:\/\/naturalsoap.lv\/ru\/shop\/hand-body-lotion\/roku-un-kermena-losjons-patchouli-orange-sweet-lavender-200ml\/","og_locale":"de_DE","og_type":"article","og_title":"[:lv]ROKU UN \u0136ERME\u0145A LOSJONS 'Patchouli \u2013 Orange Sweet \u2013 Lavender', 200ml[:en]HAND & BODY LOTION 'Patchouli \u2013 Orange Sweet \u2013 Lavender', 200ml[:de]HAND- und K\u00d6RPERLOTION 'Patchouli \u2013 Orange Sweet \u2013 Lavender', 200ml[:ru]\u041b\u041e\u0421\u042c\u041e\u041d \u0414\u041b\u042f \u0420\u0423\u041a \u0418 \u0422\u0415\u041b\u0410 'Patchouli \u2013 Orange Sweet \u2013 Lavender', 200\u043c\u043b[:]","og_description":"Light velvety texture that leaves the skin feeling silk, gently moisturise and protect your hands and body. Easily absorbed, leaving no oily residue.","og_url":"https:\/\/naturalsoap.lv\/ru\/shop\/hand-body-lotion\/roku-un-kermena-losjons-patchouli-orange-sweet-lavender-200ml\/","og_site_name":"NATURAL SOAP","article_modified_time":"2025-04-15T09:48:43+00:00","og_image":[{"width":634,"height":900,"url":"https:\/\/naturalsoap.lv\/wp-content\/uploads\/2024\/05\/cadbe9023f21c86db8c01e3c300b8065_1692088939-e1730202554649.jpeg","type":"image\/jpeg"}],"twitter_card":"summary_large_image","twitter_misc":{"Gesch\u00e4tzte Lesezeit":"1\u00a0Minute"},"schema":{"@context":"https:\/\/schema.org","@graph":[{"@type":"WebPage","@id":"https:\/\/naturalsoap.lv\/ru\/shop\/hand-body-lotion\/roku-un-kermena-losjons-patchouli-orange-sweet-lavender-200ml\/","url":"https:\/\/naturalsoap.lv\/ru\/shop\/hand-body-lotion\/roku-un-kermena-losjons-patchouli-orange-sweet-lavender-200ml\/","name":"[:lv]ROKU UN \u0136ERME\u0145A LOSJONS 'Patchouli \u2013 Orange Sweet \u2013 Lavender', 200ml[:en]HAND & BODY LOTION 'Patchouli \u2013 Orange Sweet \u2013 Lavender', 200ml[:de]HAND- und K\u00d6RPERLOTION 'Patchouli \u2013 Orange Sweet \u2013 Lavender', 200ml[:ru]\u041b\u041e\u0421\u042c\u041e\u041d \u0414\u041b\u042f \u0420\u0423\u041a \u0418 \u0422\u0415\u041b\u0410 'Patchouli \u2013 Orange Sweet \u2013 Lavender', 200\u043c\u043b[:] - NATURAL SOAP","isPartOf":{"@id":"https:\/\/naturalsoap.lv\/en\/#website"},"primaryImageOfPage":{"@id":"https:\/\/naturalsoap.lv\/ru\/shop\/hand-body-lotion\/roku-un-kermena-losjons-patchouli-orange-sweet-lavender-200ml\/#primaryimage"},"image":{"@id":"https:\/\/naturalsoap.lv\/ru\/shop\/hand-body-lotion\/roku-un-kermena-losjons-patchouli-orange-sweet-lavender-200ml\/#primaryimage"},"thumbnailUrl":"https:\/\/naturalsoap.lv\/wp-content\/uploads\/2024\/05\/cadbe9023f21c86db8c01e3c300b8065_1692088939-e1730202554649.jpeg","datePublished":"2024-05-30T07:03:58+00:00","dateModified":"2025-04-15T09:48:43+00:00","description":"Light velvety texture that leaves the skin feeling silk, gently moisturise and protect your hands and body. Easily absorbed, leaving no oily residue.","breadcrumb":{"@id":"https:\/\/naturalsoap.lv\/ru\/shop\/hand-body-lotion\/roku-un-kermena-losjons-patchouli-orange-sweet-lavender-200ml\/#breadcrumb"},"inLanguage":"de","potentialAction":[{"@type":"ReadAction","target":["https:\/\/naturalsoap.lv\/ru\/shop\/hand-body-lotion\/roku-un-kermena-losjons-patchouli-orange-sweet-lavender-200ml\/"]}]},{"@type":"ImageObject","inLanguage":"de","@id":"https:\/\/naturalsoap.lv\/ru\/shop\/hand-body-lotion\/roku-un-kermena-losjons-patchouli-orange-sweet-lavender-200ml\/#primaryimage","url":"https:\/\/naturalsoap.lv\/wp-content\/uploads\/2024\/05\/cadbe9023f21c86db8c01e3c300b8065_1692088939-e1730202554649.jpeg","contentUrl":"https:\/\/naturalsoap.lv\/wp-content\/uploads\/2024\/05\/cadbe9023f21c86db8c01e3c300b8065_1692088939-e1730202554649.jpeg","width":634,"height":900,"caption":"HAND & BODY LOTION 'Patchouli \u2013 Orange Sweet \u2013 Lavender', 200ml"},{"@type":"BreadcrumbList","@id":"https:\/\/naturalsoap.lv\/ru\/shop\/hand-body-lotion\/roku-un-kermena-losjons-patchouli-orange-sweet-lavender-200ml\/#breadcrumb","itemListElement":[{"@type":"ListItem","position":1,"name":"Home","item":"https:\/\/naturalsoap.lv\/en\/"},{"@type":"ListItem","position":2,"name":"Shop","item":"https:\/\/naturalsoap.lv\/en\/shop\/"},{"@type":"ListItem","position":3,"name":"\u041b\u041e\u0421\u042c\u041e\u041d \u0414\u041b\u042f \u0420\u0423\u041a \u0418 \u0422\u0415\u041b\u0410 &#8216;Patchouli \u2013 Orange Sweet \u2013 Lavender&#8217;, 200\u043c\u043b"}]},{"@type":"WebSite","@id":"https:\/\/naturalsoap.lv\/en\/#website","url":"https:\/\/naturalsoap.lv\/en\/","name":"NATURAL SOAP","description":"Handgefertigte Bade- und Duschkosmetik.","publisher":{"@id":"https:\/\/naturalsoap.lv\/en\/#organization"},"potentialAction":[{"@type":"SearchAction","target":{"@type":"EntryPoint","urlTemplate":"https:\/\/naturalsoap.lv\/en\/?s={search_term_string}"},"query-input":{"@type":"PropertyValueSpecification","valueRequired":true,"valueName":"search_term_string"}}],"inLanguage":"de"},{"@type":"Organization","@id":"https:\/\/naturalsoap.lv\/en\/#organization","name":"NATURAL SOAP","url":"https:\/\/naturalsoap.lv\/en\/","logo":{"@type":"ImageObject","inLanguage":"de","@id":"https:\/\/naturalsoap.lv\/en\/#\/schema\/logo\/image\/","url":"https:\/\/naturalsoap.lv\/wp-content\/uploads\/2024\/05\/Logo.svg","contentUrl":"https:\/\/naturalsoap.lv\/wp-content\/uploads\/2024\/05\/Logo.svg","width":125,"height":34,"caption":"NATURAL SOAP"},"image":{"@id":"https:\/\/naturalsoap.lv\/en\/#\/schema\/logo\/image\/"}}]}},"_links":{"self":[{"href":"https:\/\/naturalsoap.lv\/de\/wp-json\/wp\/v2\/product\/14670","targetHints":{"allow":["GET"]}}],"collection":[{"href":"https:\/\/naturalsoap.lv\/de\/wp-json\/wp\/v2\/product"}],"about":[{"href":"https:\/\/naturalsoap.lv\/de\/wp-json\/wp\/v2\/types\/product"}],"wp:featuredmedia":[{"embeddable":true,"href":"https:\/\/naturalsoap.lv\/de\/wp-json\/wp\/v2\/media\/14671"}],"wp:attachment":[{"href":"https:\/\/naturalsoap.lv\/de\/wp-json\/wp\/v2\/media?parent=14670"}],"wp:term":[{"taxonomy":"product_brand","embeddable":true,"href":"https:\/\/naturalsoap.lv\/de\/wp-json\/wp\/v2\/product_brand?post=14670"},{"taxonomy":"product_cat","embeddable":true,"href":"https:\/\/naturalsoap.lv\/de\/wp-json\/wp\/v2\/product_cat?post=14670"},{"taxonomy":"product_tag","embeddable":true,"href":"https:\/\/naturalsoap.lv\/de\/wp-json\/wp\/v2\/product_tag?post=14670"}],"curies":[{"name":"wp","href":"https:\/\/api.w.org\/{rel}","templated":true}]}}