{"id":14644,"date":"2024-05-30T07:02:09","date_gmt":"2024-05-30T07:02:09","guid":{"rendered":"https:\/\/321.optimum.lv\/product\/vannas-burbulbumba-grapefruit-6cm\/"},"modified":"2025-04-15T11:15:37","modified_gmt":"2025-04-15T11:15:37","slug":"vannas-burbulbumba-grapefruit-6cm","status":"publish","type":"product","link":"https:\/\/naturalsoap.lv\/de\/shop\/bath-bubble-ball\/vannas-burbulbumba-grapefruit-6cm\/","title":{"rendered":"BADEBLASENKUGEL &#8218;GRAPEFRUIT&#8216;, \u1d13 6cm"},"content":{"rendered":"<p>Diese farbenfrohe, handgefertigte Badesprudelkugel ist mit atlantischen Meersalzkristallen und Oliven\u00f6l gef\u00fcllt.<\/p>\n<p>Mit dem Duft reifer Grapefruit.<\/p>\n<p>Oliven\u00f6l ist sehr reich an Vitaminen, Mineralstoffen und nat\u00fcrlichen Fetts\u00e4uren. Es beugt der Hautalterung vor, n\u00e4hrt, verj\u00fcngt und sch\u00fctzt die Haut. Oliven\u00f6l ist reich an Vitamin E und A und tr\u00e4gt dazu bei, die Jugend zu verl\u00e4ngern, spendet der Haut Feuchtigkeit und erh\u00e4lt ihre Elastizit\u00e4t und Weichheit.<\/p>","protected":false},"excerpt":{"rendered":"<p>INCI: Sodium Bicarbonate, Citric Acid, Maris Sal, Olea Europaea Fruit Oil, Parfum, CI 19140, CI 45410, Citral, Citronellol, Geraniol Fine, Linalool<\/p>\n<p>Manufacturer: SIA GARTDA, Alejas street 73, Daugavpils, LV-5401, Latvia, T. +371 65420849, <a href=\"mailto:info@gartda.lv\">info@gartda.lv<\/a><\/p>\n","protected":false},"featured_media":14645,"template":"","meta":[],"product_brand":[],"product_cat":[490],"product_tag":[],"class_list":{"0":"post-14644","1":"product","2":"type-product","3":"status-publish","4":"has-post-thumbnail","6":"product_cat-bath-bubble-ball","7":"pa_gift-box-no-gift-box","8":"pa_gift-box-gift-box","10":"first","11":"instock","12":"taxable","13":"shipping-taxable","14":"purchasable","15":"product-type-simple"},"yoast_head":"<!-- This site is optimized with the Yoast SEO Premium plugin v22.6 (Yoast SEO v27.3) - https:\/\/yoast.com\/product\/yoast-seo-premium-wordpress\/ -->\n<title>BADEBLASENKUGEL &#039;GRAPEFRUIT&#039;, \u1d13 6cm - NATURAL SOAP<\/title>\n<meta name=\"description\" content=\"This colourful hand-crafted bath bubble ball is filled with Atlantic sea salt crystals and olive oil. With the scent of ripe grapefruit.\" \/>\n<meta name=\"robots\" content=\"index, follow, max-snippet:-1, max-image-preview:large, max-video-preview:-1\" \/>\n<link rel=\"canonical\" href=\"https:\/\/naturalsoap.lv\/de\/shop\/bath-bubble-ball\/vannas-burbulbumba-grapefruit-6cm\/\" \/>\n<meta property=\"og:locale\" content=\"de_DE\" \/>\n<meta property=\"og:type\" content=\"article\" \/>\n<meta property=\"og:title\" content=\"[:lv]VANNAS BURBU\u013bBUMBA &#039;GRAPEFRUIT&#039;, \u1d13 6cm[:en]BATH BUBBLE BALL &#039;GRAPEFRUIT&#039;, \u1d13 6cm[:de]BADEBLASENKUGEL &#039;GRAPEFRUIT&#039;, \u1d13 6cm[:ru]\u0411\u0423\u0420\u041b\u042f\u0429\u0418\u0419 \u0428\u0410\u0420\u0418\u041a \u0414\u041b\u042f \u0412\u0410\u041d\u041d\u042b &#039;GRAPEFRUIT&#039;, \u1d13 6cm[:]\" \/>\n<meta property=\"og:description\" content=\"This colourful hand-crafted bath bubble ball is filled with Atlantic sea salt crystals and olive oil. With the scent of ripe grapefruit.\" \/>\n<meta property=\"og:url\" content=\"https:\/\/naturalsoap.lv\/de\/shop\/bath-bubble-ball\/vannas-burbulbumba-grapefruit-6cm\/\" \/>\n<meta property=\"og:site_name\" content=\"NATURAL SOAP\" \/>\n<meta property=\"article:modified_time\" content=\"2025-04-15T11:15:37+00:00\" \/>\n<meta property=\"og:image\" content=\"https:\/\/naturalsoap.lv\/wp-content\/uploads\/2024\/05\/581605d12c660a8e775acd4f92a4f914_1692088754.jpeg\" \/>\n\t<meta property=\"og:image:width\" content=\"750\" \/>\n\t<meta property=\"og:image:height\" content=\"500\" \/>\n\t<meta property=\"og:image:type\" content=\"image\/jpeg\" \/>\n<meta name=\"twitter:card\" content=\"summary_large_image\" \/>\n<meta name=\"twitter:label1\" content=\"Gesch\u00e4tzte Lesezeit\" \/>\n\t<meta name=\"twitter:data1\" content=\"1\u00a0Minute\" \/>\n<script type=\"application\/ld+json\" class=\"yoast-schema-graph\">{\"@context\":\"https:\\\/\\\/schema.org\",\"@graph\":[{\"@type\":\"WebPage\",\"@id\":\"https:\\\/\\\/naturalsoap.lv\\\/de\\\/shop\\\/bath-bubble-ball\\\/vannas-burbulbumba-grapefruit-6cm\\\/\",\"url\":\"https:\\\/\\\/naturalsoap.lv\\\/de\\\/shop\\\/bath-bubble-ball\\\/vannas-burbulbumba-grapefruit-6cm\\\/\",\"name\":\"[:lv]VANNAS BURBU\u013bBUMBA 'GRAPEFRUIT', \u1d13 6cm[:en]BATH BUBBLE BALL 'GRAPEFRUIT', \u1d13 6cm[:de]BADEBLASENKUGEL 'GRAPEFRUIT', \u1d13 6cm[:ru]\u0411\u0423\u0420\u041b\u042f\u0429\u0418\u0419 \u0428\u0410\u0420\u0418\u041a \u0414\u041b\u042f \u0412\u0410\u041d\u041d\u042b 'GRAPEFRUIT', \u1d13 6cm[:] - NATURAL SOAP\",\"isPartOf\":{\"@id\":\"https:\\\/\\\/naturalsoap.lv\\\/#website\"},\"primaryImageOfPage\":{\"@id\":\"https:\\\/\\\/naturalsoap.lv\\\/de\\\/shop\\\/bath-bubble-ball\\\/vannas-burbulbumba-grapefruit-6cm\\\/#primaryimage\"},\"image\":{\"@id\":\"https:\\\/\\\/naturalsoap.lv\\\/de\\\/shop\\\/bath-bubble-ball\\\/vannas-burbulbumba-grapefruit-6cm\\\/#primaryimage\"},\"thumbnailUrl\":\"https:\\\/\\\/naturalsoap.lv\\\/wp-content\\\/uploads\\\/2024\\\/05\\\/581605d12c660a8e775acd4f92a4f914_1692088754.jpeg\",\"datePublished\":\"2024-05-30T07:02:09+00:00\",\"dateModified\":\"2025-04-15T11:15:37+00:00\",\"description\":\"This colourful hand-crafted bath bubble ball is filled with Atlantic sea salt crystals and olive oil. With the scent of ripe grapefruit.\",\"breadcrumb\":{\"@id\":\"https:\\\/\\\/naturalsoap.lv\\\/de\\\/shop\\\/bath-bubble-ball\\\/vannas-burbulbumba-grapefruit-6cm\\\/#breadcrumb\"},\"inLanguage\":\"de\",\"potentialAction\":[{\"@type\":\"ReadAction\",\"target\":[\"https:\\\/\\\/naturalsoap.lv\\\/de\\\/shop\\\/bath-bubble-ball\\\/vannas-burbulbumba-grapefruit-6cm\\\/\"]}]},{\"@type\":\"ImageObject\",\"inLanguage\":\"de\",\"@id\":\"https:\\\/\\\/naturalsoap.lv\\\/de\\\/shop\\\/bath-bubble-ball\\\/vannas-burbulbumba-grapefruit-6cm\\\/#primaryimage\",\"url\":\"https:\\\/\\\/naturalsoap.lv\\\/wp-content\\\/uploads\\\/2024\\\/05\\\/581605d12c660a8e775acd4f92a4f914_1692088754.jpeg\",\"contentUrl\":\"https:\\\/\\\/naturalsoap.lv\\\/wp-content\\\/uploads\\\/2024\\\/05\\\/581605d12c660a8e775acd4f92a4f914_1692088754.jpeg\",\"width\":750,\"height\":500,\"caption\":\"BATH BUBBLE BALL 'GRAPEFRUIT', \u1d13 6cm\"},{\"@type\":\"BreadcrumbList\",\"@id\":\"https:\\\/\\\/naturalsoap.lv\\\/de\\\/shop\\\/bath-bubble-ball\\\/vannas-burbulbumba-grapefruit-6cm\\\/#breadcrumb\",\"itemListElement\":[{\"@type\":\"ListItem\",\"position\":1,\"name\":\"Home\",\"item\":\"https:\\\/\\\/naturalsoap.lv\\\/\"},{\"@type\":\"ListItem\",\"position\":2,\"name\":\"E-veikals\",\"item\":\"https:\\\/\\\/naturalsoap.lv\\\/lv\\\/shop\\\/\"},{\"@type\":\"ListItem\",\"position\":3,\"name\":\"BADEBLASENKUGEL &#8218;GRAPEFRUIT&#8216;, \u1d13 6cm\"}]},{\"@type\":\"WebSite\",\"@id\":\"https:\\\/\\\/naturalsoap.lv\\\/#website\",\"url\":\"https:\\\/\\\/naturalsoap.lv\\\/\",\"name\":\"NATURAL SOAP\",\"description\":\"Handgefertigte Bade- und Duschkosmetik.\",\"publisher\":{\"@id\":\"https:\\\/\\\/naturalsoap.lv\\\/#organization\"},\"potentialAction\":[{\"@type\":\"SearchAction\",\"target\":{\"@type\":\"EntryPoint\",\"urlTemplate\":\"https:\\\/\\\/naturalsoap.lv\\\/?s={search_term_string}\"},\"query-input\":{\"@type\":\"PropertyValueSpecification\",\"valueRequired\":true,\"valueName\":\"search_term_string\"}}],\"inLanguage\":\"de\"},{\"@type\":\"Organization\",\"@id\":\"https:\\\/\\\/naturalsoap.lv\\\/#organization\",\"name\":\"NATURAL SOAP\",\"url\":\"https:\\\/\\\/naturalsoap.lv\\\/\",\"logo\":{\"@type\":\"ImageObject\",\"inLanguage\":\"de\",\"@id\":\"https:\\\/\\\/naturalsoap.lv\\\/#\\\/schema\\\/logo\\\/image\\\/\",\"url\":\"https:\\\/\\\/naturalsoap.lv\\\/wp-content\\\/uploads\\\/2024\\\/05\\\/Logo.svg\",\"contentUrl\":\"https:\\\/\\\/naturalsoap.lv\\\/wp-content\\\/uploads\\\/2024\\\/05\\\/Logo.svg\",\"width\":125,\"height\":34,\"caption\":\"NATURAL SOAP\"},\"image\":{\"@id\":\"https:\\\/\\\/naturalsoap.lv\\\/#\\\/schema\\\/logo\\\/image\\\/\"}}]}<\/script>\n<!-- \/ Yoast SEO Premium plugin. -->","yoast_head_json":{"title":"[:lv]VANNAS BURBU\u013bBUMBA 'GRAPEFRUIT', \u1d13 6cm[:en]BATH BUBBLE BALL 'GRAPEFRUIT', \u1d13 6cm[:de]BADEBLASENKUGEL 'GRAPEFRUIT', \u1d13 6cm[:ru]\u0411\u0423\u0420\u041b\u042f\u0429\u0418\u0419 \u0428\u0410\u0420\u0418\u041a \u0414\u041b\u042f \u0412\u0410\u041d\u041d\u042b 'GRAPEFRUIT', \u1d13 6cm[:] - NATURAL SOAP","description":"This colourful hand-crafted bath bubble ball is filled with Atlantic sea salt crystals and olive oil. With the scent of ripe grapefruit.","robots":{"index":"index","follow":"follow","max-snippet":"max-snippet:-1","max-image-preview":"max-image-preview:large","max-video-preview":"max-video-preview:-1"},"canonical":"https:\/\/naturalsoap.lv\/de\/shop\/bath-bubble-ball\/vannas-burbulbumba-grapefruit-6cm\/","og_locale":"de_DE","og_type":"article","og_title":"[:lv]VANNAS BURBU\u013bBUMBA 'GRAPEFRUIT', \u1d13 6cm[:en]BATH BUBBLE BALL 'GRAPEFRUIT', \u1d13 6cm[:de]BADEBLASENKUGEL 'GRAPEFRUIT', \u1d13 6cm[:ru]\u0411\u0423\u0420\u041b\u042f\u0429\u0418\u0419 \u0428\u0410\u0420\u0418\u041a \u0414\u041b\u042f \u0412\u0410\u041d\u041d\u042b 'GRAPEFRUIT', \u1d13 6cm[:]","og_description":"This colourful hand-crafted bath bubble ball is filled with Atlantic sea salt crystals and olive oil. With the scent of ripe grapefruit.","og_url":"https:\/\/naturalsoap.lv\/de\/shop\/bath-bubble-ball\/vannas-burbulbumba-grapefruit-6cm\/","og_site_name":"NATURAL SOAP","article_modified_time":"2025-04-15T11:15:37+00:00","og_image":[{"width":750,"height":500,"url":"https:\/\/naturalsoap.lv\/wp-content\/uploads\/2024\/05\/581605d12c660a8e775acd4f92a4f914_1692088754.jpeg","type":"image\/jpeg"}],"twitter_card":"summary_large_image","twitter_misc":{"Gesch\u00e4tzte Lesezeit":"1\u00a0Minute"},"schema":{"@context":"https:\/\/schema.org","@graph":[{"@type":"WebPage","@id":"https:\/\/naturalsoap.lv\/de\/shop\/bath-bubble-ball\/vannas-burbulbumba-grapefruit-6cm\/","url":"https:\/\/naturalsoap.lv\/de\/shop\/bath-bubble-ball\/vannas-burbulbumba-grapefruit-6cm\/","name":"[:lv]VANNAS BURBU\u013bBUMBA 'GRAPEFRUIT', \u1d13 6cm[:en]BATH BUBBLE BALL 'GRAPEFRUIT', \u1d13 6cm[:de]BADEBLASENKUGEL 'GRAPEFRUIT', \u1d13 6cm[:ru]\u0411\u0423\u0420\u041b\u042f\u0429\u0418\u0419 \u0428\u0410\u0420\u0418\u041a \u0414\u041b\u042f \u0412\u0410\u041d\u041d\u042b 'GRAPEFRUIT', \u1d13 6cm[:] - NATURAL SOAP","isPartOf":{"@id":"https:\/\/naturalsoap.lv\/#website"},"primaryImageOfPage":{"@id":"https:\/\/naturalsoap.lv\/de\/shop\/bath-bubble-ball\/vannas-burbulbumba-grapefruit-6cm\/#primaryimage"},"image":{"@id":"https:\/\/naturalsoap.lv\/de\/shop\/bath-bubble-ball\/vannas-burbulbumba-grapefruit-6cm\/#primaryimage"},"thumbnailUrl":"https:\/\/naturalsoap.lv\/wp-content\/uploads\/2024\/05\/581605d12c660a8e775acd4f92a4f914_1692088754.jpeg","datePublished":"2024-05-30T07:02:09+00:00","dateModified":"2025-04-15T11:15:37+00:00","description":"This colourful hand-crafted bath bubble ball is filled with Atlantic sea salt crystals and olive oil. With the scent of ripe grapefruit.","breadcrumb":{"@id":"https:\/\/naturalsoap.lv\/de\/shop\/bath-bubble-ball\/vannas-burbulbumba-grapefruit-6cm\/#breadcrumb"},"inLanguage":"de","potentialAction":[{"@type":"ReadAction","target":["https:\/\/naturalsoap.lv\/de\/shop\/bath-bubble-ball\/vannas-burbulbumba-grapefruit-6cm\/"]}]},{"@type":"ImageObject","inLanguage":"de","@id":"https:\/\/naturalsoap.lv\/de\/shop\/bath-bubble-ball\/vannas-burbulbumba-grapefruit-6cm\/#primaryimage","url":"https:\/\/naturalsoap.lv\/wp-content\/uploads\/2024\/05\/581605d12c660a8e775acd4f92a4f914_1692088754.jpeg","contentUrl":"https:\/\/naturalsoap.lv\/wp-content\/uploads\/2024\/05\/581605d12c660a8e775acd4f92a4f914_1692088754.jpeg","width":750,"height":500,"caption":"BATH BUBBLE BALL 'GRAPEFRUIT', \u1d13 6cm"},{"@type":"BreadcrumbList","@id":"https:\/\/naturalsoap.lv\/de\/shop\/bath-bubble-ball\/vannas-burbulbumba-grapefruit-6cm\/#breadcrumb","itemListElement":[{"@type":"ListItem","position":1,"name":"Home","item":"https:\/\/naturalsoap.lv\/"},{"@type":"ListItem","position":2,"name":"E-veikals","item":"https:\/\/naturalsoap.lv\/lv\/shop\/"},{"@type":"ListItem","position":3,"name":"BADEBLASENKUGEL &#8218;GRAPEFRUIT&#8216;, \u1d13 6cm"}]},{"@type":"WebSite","@id":"https:\/\/naturalsoap.lv\/#website","url":"https:\/\/naturalsoap.lv\/","name":"NATURAL SOAP","description":"Handgefertigte Bade- und Duschkosmetik.","publisher":{"@id":"https:\/\/naturalsoap.lv\/#organization"},"potentialAction":[{"@type":"SearchAction","target":{"@type":"EntryPoint","urlTemplate":"https:\/\/naturalsoap.lv\/?s={search_term_string}"},"query-input":{"@type":"PropertyValueSpecification","valueRequired":true,"valueName":"search_term_string"}}],"inLanguage":"de"},{"@type":"Organization","@id":"https:\/\/naturalsoap.lv\/#organization","name":"NATURAL SOAP","url":"https:\/\/naturalsoap.lv\/","logo":{"@type":"ImageObject","inLanguage":"de","@id":"https:\/\/naturalsoap.lv\/#\/schema\/logo\/image\/","url":"https:\/\/naturalsoap.lv\/wp-content\/uploads\/2024\/05\/Logo.svg","contentUrl":"https:\/\/naturalsoap.lv\/wp-content\/uploads\/2024\/05\/Logo.svg","width":125,"height":34,"caption":"NATURAL SOAP"},"image":{"@id":"https:\/\/naturalsoap.lv\/#\/schema\/logo\/image\/"}}]}},"_links":{"self":[{"href":"https:\/\/naturalsoap.lv\/de\/wp-json\/wp\/v2\/product\/14644","targetHints":{"allow":["GET"]}}],"collection":[{"href":"https:\/\/naturalsoap.lv\/de\/wp-json\/wp\/v2\/product"}],"about":[{"href":"https:\/\/naturalsoap.lv\/de\/wp-json\/wp\/v2\/types\/product"}],"wp:featuredmedia":[{"embeddable":true,"href":"https:\/\/naturalsoap.lv\/de\/wp-json\/wp\/v2\/media\/14645"}],"wp:attachment":[{"href":"https:\/\/naturalsoap.lv\/de\/wp-json\/wp\/v2\/media?parent=14644"}],"wp:term":[{"taxonomy":"product_brand","embeddable":true,"href":"https:\/\/naturalsoap.lv\/de\/wp-json\/wp\/v2\/product_brand?post=14644"},{"taxonomy":"product_cat","embeddable":true,"href":"https:\/\/naturalsoap.lv\/de\/wp-json\/wp\/v2\/product_cat?post=14644"},{"taxonomy":"product_tag","embeddable":true,"href":"https:\/\/naturalsoap.lv\/de\/wp-json\/wp\/v2\/product_tag?post=14644"}],"curies":[{"name":"wp","href":"https:\/\/api.w.org\/{rel}","templated":true}]}}