{"id":14625,"date":"2024-05-30T07:00:48","date_gmt":"2024-05-30T07:00:48","guid":{"rendered":"https:\/\/321.optimum.lv\/product\/jolime-atlantic-sea-salt-scrub-200ml\/"},"modified":"2025-04-15T09:13:49","modified_gmt":"2025-04-15T09:13:49","slug":"jolime-atlantic-sea-salt-scrub-200ml","status":"publish","type":"product","link":"https:\/\/naturalsoap.lv\/de\/shop\/jolime-brand\/jolime-atlantic-sea-salt-scrub-200ml\/","title":{"rendered":"JoliME ATLANTISCHES MEERSALZ-PEELING, 200ml"},"content":{"rendered":"<p>Cremiges Atlantik-Meersalz-Peeling, angereichert mit Meeresmineralien, peelt sanft trockene Haut und stimuliert die Zellerneuerung. Eine erfrischende Mischung aus Traubenkern\u00f6l spendet Feuchtigkeit und sorgt f\u00fcr ein gesundes, verj\u00fcngtes Strahlen. Meersalz hilft, die Poren zu \u00f6ffnen, die Durchblutung zu verbessern, das Zellwachstum anzuregen und Giftstoffe aus der Haut zu entfernen.<\/p>\n<p>Frei von Sulfaten und Parabenen.<\/p>","protected":false},"excerpt":{"rendered":"<p>INCI: Maris Sal, Glycerin,Vitis Vinifera Seed Oil, Aqua, Sodium Cocoyl Isethionate, Sorbitol, Disodium Lauryl Sulfosuccinate, Parfum, Sodium Chloride, Phenoxyethanol, Tetrasodium EDTA, Eugenol, Geraniol, Linalool, Citronellol, Hexyl cinnamal, alpha-Isomethyl ionone<\/p>\n<p>Manufacturer: SIA GARTDA, Alejas street 73, Daugavpils, LV-5401, Latvia, T. +371 65420849, <a href=\"mailto:info@gartda.lv\">info@gartda.lv<\/a><\/p>\n","protected":false},"featured_media":14626,"template":"","meta":[],"product_brand":[],"product_cat":[500],"product_tag":[],"class_list":{"0":"post-14625","1":"product","2":"type-product","3":"status-publish","4":"has-post-thumbnail","6":"product_cat-jolime-brand","7":"pa_gift-box-no-gift-box","8":"pa_gift-box-gift-box","10":"first","11":"instock","12":"taxable","13":"shipping-taxable","14":"purchasable","15":"product-type-simple"},"yoast_head":"<!-- This site is optimized with the Yoast SEO Premium plugin v22.6 (Yoast SEO v27.3) - https:\/\/yoast.com\/product\/yoast-seo-premium-wordpress\/ -->\n<title>JoliME ATLANTISCHES MEERSALZ-PEELING, 200ml - NATURAL SOAP<\/title>\n<meta name=\"description\" content=\"JoliME ATLANTIC SEA SALT SCRUB. Creamy Atlantic Sea salt scrub, enriched with sea minerals, gently exfoliates dry skin stimulating cell renewal.\" \/>\n<meta name=\"robots\" content=\"index, follow, max-snippet:-1, max-image-preview:large, max-video-preview:-1\" \/>\n<link rel=\"canonical\" href=\"https:\/\/naturalsoap.lv\/ru\/shop\/jolime-brand\/jolime-atlantic-sea-salt-scrub-200ml\/\" \/>\n<meta property=\"og:locale\" content=\"de_DE\" \/>\n<meta property=\"og:type\" content=\"article\" \/>\n<meta property=\"og:title\" content=\"[:lv]JoliME ATLANTIJAS J\u016aRAS S\u0100LS SKRUBIS, 200ml[:en]JoliME ATLANTIC SEA SALT SCRUB, 200ml[:de]JoliME ATLANTISCHES MEERSALZ-PEELING, 200ml[:ru]JoliME \u0421\u041a\u0420\u0410\u0411 \u0414\u041b\u042f \u0422\u0415\u041b\u0410 \u0421 \u0410\u0422\u041b\u0410\u041d\u0422\u0418\u0427\u0415\u0421\u041a\u041e\u0419 \u0421\u041e\u041b\u042c\u042e, 200\u043c\u043b[:]\" \/>\n<meta property=\"og:description\" content=\"JoliME ATLANTIC SEA SALT SCRUB. Creamy Atlantic Sea salt scrub, enriched with sea minerals, gently exfoliates dry skin stimulating cell renewal.\" \/>\n<meta property=\"og:url\" content=\"https:\/\/naturalsoap.lv\/ru\/shop\/jolime-brand\/jolime-atlantic-sea-salt-scrub-200ml\/\" \/>\n<meta property=\"og:site_name\" content=\"NATURAL SOAP\" \/>\n<meta property=\"article:modified_time\" content=\"2025-04-15T09:13:49+00:00\" \/>\n<meta property=\"og:image\" content=\"https:\/\/naturalsoap.lv\/wp-content\/uploads\/2024\/05\/Scrub-e1730121978436.jpg\" \/>\n\t<meta property=\"og:image:width\" content=\"900\" \/>\n\t<meta property=\"og:image:height\" content=\"630\" \/>\n\t<meta property=\"og:image:type\" content=\"image\/jpeg\" \/>\n<meta name=\"twitter:card\" content=\"summary_large_image\" \/>\n<meta name=\"twitter:label1\" content=\"Gesch\u00e4tzte Lesezeit\" \/>\n\t<meta name=\"twitter:data1\" content=\"1\u00a0Minute\" \/>\n<script type=\"application\/ld+json\" class=\"yoast-schema-graph\">{\"@context\":\"https:\\\/\\\/schema.org\",\"@graph\":[{\"@type\":\"WebPage\",\"@id\":\"https:\\\/\\\/naturalsoap.lv\\\/ru\\\/shop\\\/jolime-brand\\\/jolime-atlantic-sea-salt-scrub-200ml\\\/\",\"url\":\"https:\\\/\\\/naturalsoap.lv\\\/ru\\\/shop\\\/jolime-brand\\\/jolime-atlantic-sea-salt-scrub-200ml\\\/\",\"name\":\"[:lv]JoliME ATLANTIJAS J\u016aRAS S\u0100LS SKRUBIS, 200ml[:en]JoliME ATLANTIC SEA SALT SCRUB, 200ml[:de]JoliME ATLANTISCHES MEERSALZ-PEELING, 200ml[:ru]JoliME \u0421\u041a\u0420\u0410\u0411 \u0414\u041b\u042f \u0422\u0415\u041b\u0410 \u0421 \u0410\u0422\u041b\u0410\u041d\u0422\u0418\u0427\u0415\u0421\u041a\u041e\u0419 \u0421\u041e\u041b\u042c\u042e, 200\u043c\u043b[:] - NATURAL SOAP\",\"isPartOf\":{\"@id\":\"https:\\\/\\\/naturalsoap.lv\\\/en\\\/#website\"},\"primaryImageOfPage\":{\"@id\":\"https:\\\/\\\/naturalsoap.lv\\\/ru\\\/shop\\\/jolime-brand\\\/jolime-atlantic-sea-salt-scrub-200ml\\\/#primaryimage\"},\"image\":{\"@id\":\"https:\\\/\\\/naturalsoap.lv\\\/ru\\\/shop\\\/jolime-brand\\\/jolime-atlantic-sea-salt-scrub-200ml\\\/#primaryimage\"},\"thumbnailUrl\":\"https:\\\/\\\/naturalsoap.lv\\\/wp-content\\\/uploads\\\/2024\\\/05\\\/Scrub-e1730121978436.jpg\",\"datePublished\":\"2024-05-30T07:00:48+00:00\",\"dateModified\":\"2025-04-15T09:13:49+00:00\",\"description\":\"JoliME ATLANTIC SEA SALT SCRUB. Creamy Atlantic Sea salt scrub, enriched with sea minerals, gently exfoliates dry skin stimulating cell renewal.\",\"breadcrumb\":{\"@id\":\"https:\\\/\\\/naturalsoap.lv\\\/ru\\\/shop\\\/jolime-brand\\\/jolime-atlantic-sea-salt-scrub-200ml\\\/#breadcrumb\"},\"inLanguage\":\"de\",\"potentialAction\":[{\"@type\":\"ReadAction\",\"target\":[\"https:\\\/\\\/naturalsoap.lv\\\/ru\\\/shop\\\/jolime-brand\\\/jolime-atlantic-sea-salt-scrub-200ml\\\/\"]}]},{\"@type\":\"ImageObject\",\"inLanguage\":\"de\",\"@id\":\"https:\\\/\\\/naturalsoap.lv\\\/ru\\\/shop\\\/jolime-brand\\\/jolime-atlantic-sea-salt-scrub-200ml\\\/#primaryimage\",\"url\":\"https:\\\/\\\/naturalsoap.lv\\\/wp-content\\\/uploads\\\/2024\\\/05\\\/Scrub-e1730121978436.jpg\",\"contentUrl\":\"https:\\\/\\\/naturalsoap.lv\\\/wp-content\\\/uploads\\\/2024\\\/05\\\/Scrub-e1730121978436.jpg\",\"width\":900,\"height\":630,\"caption\":\"JoliME ATLANTIC SEA SALT SCRUB, 200ml\"},{\"@type\":\"BreadcrumbList\",\"@id\":\"https:\\\/\\\/naturalsoap.lv\\\/ru\\\/shop\\\/jolime-brand\\\/jolime-atlantic-sea-salt-scrub-200ml\\\/#breadcrumb\",\"itemListElement\":[{\"@type\":\"ListItem\",\"position\":1,\"name\":\"Home\",\"item\":\"https:\\\/\\\/naturalsoap.lv\\\/en\\\/\"},{\"@type\":\"ListItem\",\"position\":2,\"name\":\"Shop\",\"item\":\"https:\\\/\\\/naturalsoap.lv\\\/en\\\/shop\\\/\"},{\"@type\":\"ListItem\",\"position\":3,\"name\":\"JoliME \u0421\u041a\u0420\u0410\u0411 \u0414\u041b\u042f \u0422\u0415\u041b\u0410 \u0421 \u0410\u0422\u041b\u0410\u041d\u0422\u0418\u0427\u0415\u0421\u041a\u041e\u0419 \u0421\u041e\u041b\u042c\u042e, 200\u043c\u043b\"}]},{\"@type\":\"WebSite\",\"@id\":\"https:\\\/\\\/naturalsoap.lv\\\/en\\\/#website\",\"url\":\"https:\\\/\\\/naturalsoap.lv\\\/en\\\/\",\"name\":\"NATURAL SOAP\",\"description\":\"Handgefertigte Bade- und Duschkosmetik.\",\"publisher\":{\"@id\":\"https:\\\/\\\/naturalsoap.lv\\\/en\\\/#organization\"},\"potentialAction\":[{\"@type\":\"SearchAction\",\"target\":{\"@type\":\"EntryPoint\",\"urlTemplate\":\"https:\\\/\\\/naturalsoap.lv\\\/en\\\/?s={search_term_string}\"},\"query-input\":{\"@type\":\"PropertyValueSpecification\",\"valueRequired\":true,\"valueName\":\"search_term_string\"}}],\"inLanguage\":\"de\"},{\"@type\":\"Organization\",\"@id\":\"https:\\\/\\\/naturalsoap.lv\\\/en\\\/#organization\",\"name\":\"NATURAL SOAP\",\"url\":\"https:\\\/\\\/naturalsoap.lv\\\/en\\\/\",\"logo\":{\"@type\":\"ImageObject\",\"inLanguage\":\"de\",\"@id\":\"https:\\\/\\\/naturalsoap.lv\\\/en\\\/#\\\/schema\\\/logo\\\/image\\\/\",\"url\":\"https:\\\/\\\/naturalsoap.lv\\\/wp-content\\\/uploads\\\/2024\\\/05\\\/Logo.svg\",\"contentUrl\":\"https:\\\/\\\/naturalsoap.lv\\\/wp-content\\\/uploads\\\/2024\\\/05\\\/Logo.svg\",\"width\":125,\"height\":34,\"caption\":\"NATURAL SOAP\"},\"image\":{\"@id\":\"https:\\\/\\\/naturalsoap.lv\\\/en\\\/#\\\/schema\\\/logo\\\/image\\\/\"}}]}<\/script>\n<!-- \/ Yoast SEO Premium plugin. -->","yoast_head_json":{"title":"[:lv]JoliME ATLANTIJAS J\u016aRAS S\u0100LS SKRUBIS, 200ml[:en]JoliME ATLANTIC SEA SALT SCRUB, 200ml[:de]JoliME ATLANTISCHES MEERSALZ-PEELING, 200ml[:ru]JoliME \u0421\u041a\u0420\u0410\u0411 \u0414\u041b\u042f \u0422\u0415\u041b\u0410 \u0421 \u0410\u0422\u041b\u0410\u041d\u0422\u0418\u0427\u0415\u0421\u041a\u041e\u0419 \u0421\u041e\u041b\u042c\u042e, 200\u043c\u043b[:] - NATURAL SOAP","description":"JoliME ATLANTIC SEA SALT SCRUB. Creamy Atlantic Sea salt scrub, enriched with sea minerals, gently exfoliates dry skin stimulating cell renewal.","robots":{"index":"index","follow":"follow","max-snippet":"max-snippet:-1","max-image-preview":"max-image-preview:large","max-video-preview":"max-video-preview:-1"},"canonical":"https:\/\/naturalsoap.lv\/ru\/shop\/jolime-brand\/jolime-atlantic-sea-salt-scrub-200ml\/","og_locale":"de_DE","og_type":"article","og_title":"[:lv]JoliME ATLANTIJAS J\u016aRAS S\u0100LS SKRUBIS, 200ml[:en]JoliME ATLANTIC SEA SALT SCRUB, 200ml[:de]JoliME ATLANTISCHES MEERSALZ-PEELING, 200ml[:ru]JoliME \u0421\u041a\u0420\u0410\u0411 \u0414\u041b\u042f \u0422\u0415\u041b\u0410 \u0421 \u0410\u0422\u041b\u0410\u041d\u0422\u0418\u0427\u0415\u0421\u041a\u041e\u0419 \u0421\u041e\u041b\u042c\u042e, 200\u043c\u043b[:]","og_description":"JoliME ATLANTIC SEA SALT SCRUB. Creamy Atlantic Sea salt scrub, enriched with sea minerals, gently exfoliates dry skin stimulating cell renewal.","og_url":"https:\/\/naturalsoap.lv\/ru\/shop\/jolime-brand\/jolime-atlantic-sea-salt-scrub-200ml\/","og_site_name":"NATURAL SOAP","article_modified_time":"2025-04-15T09:13:49+00:00","og_image":[{"width":900,"height":630,"url":"https:\/\/naturalsoap.lv\/wp-content\/uploads\/2024\/05\/Scrub-e1730121978436.jpg","type":"image\/jpeg"}],"twitter_card":"summary_large_image","twitter_misc":{"Gesch\u00e4tzte Lesezeit":"1\u00a0Minute"},"schema":{"@context":"https:\/\/schema.org","@graph":[{"@type":"WebPage","@id":"https:\/\/naturalsoap.lv\/ru\/shop\/jolime-brand\/jolime-atlantic-sea-salt-scrub-200ml\/","url":"https:\/\/naturalsoap.lv\/ru\/shop\/jolime-brand\/jolime-atlantic-sea-salt-scrub-200ml\/","name":"[:lv]JoliME ATLANTIJAS J\u016aRAS S\u0100LS SKRUBIS, 200ml[:en]JoliME ATLANTIC SEA SALT SCRUB, 200ml[:de]JoliME ATLANTISCHES MEERSALZ-PEELING, 200ml[:ru]JoliME \u0421\u041a\u0420\u0410\u0411 \u0414\u041b\u042f \u0422\u0415\u041b\u0410 \u0421 \u0410\u0422\u041b\u0410\u041d\u0422\u0418\u0427\u0415\u0421\u041a\u041e\u0419 \u0421\u041e\u041b\u042c\u042e, 200\u043c\u043b[:] - NATURAL SOAP","isPartOf":{"@id":"https:\/\/naturalsoap.lv\/en\/#website"},"primaryImageOfPage":{"@id":"https:\/\/naturalsoap.lv\/ru\/shop\/jolime-brand\/jolime-atlantic-sea-salt-scrub-200ml\/#primaryimage"},"image":{"@id":"https:\/\/naturalsoap.lv\/ru\/shop\/jolime-brand\/jolime-atlantic-sea-salt-scrub-200ml\/#primaryimage"},"thumbnailUrl":"https:\/\/naturalsoap.lv\/wp-content\/uploads\/2024\/05\/Scrub-e1730121978436.jpg","datePublished":"2024-05-30T07:00:48+00:00","dateModified":"2025-04-15T09:13:49+00:00","description":"JoliME ATLANTIC SEA SALT SCRUB. Creamy Atlantic Sea salt scrub, enriched with sea minerals, gently exfoliates dry skin stimulating cell renewal.","breadcrumb":{"@id":"https:\/\/naturalsoap.lv\/ru\/shop\/jolime-brand\/jolime-atlantic-sea-salt-scrub-200ml\/#breadcrumb"},"inLanguage":"de","potentialAction":[{"@type":"ReadAction","target":["https:\/\/naturalsoap.lv\/ru\/shop\/jolime-brand\/jolime-atlantic-sea-salt-scrub-200ml\/"]}]},{"@type":"ImageObject","inLanguage":"de","@id":"https:\/\/naturalsoap.lv\/ru\/shop\/jolime-brand\/jolime-atlantic-sea-salt-scrub-200ml\/#primaryimage","url":"https:\/\/naturalsoap.lv\/wp-content\/uploads\/2024\/05\/Scrub-e1730121978436.jpg","contentUrl":"https:\/\/naturalsoap.lv\/wp-content\/uploads\/2024\/05\/Scrub-e1730121978436.jpg","width":900,"height":630,"caption":"JoliME ATLANTIC SEA SALT SCRUB, 200ml"},{"@type":"BreadcrumbList","@id":"https:\/\/naturalsoap.lv\/ru\/shop\/jolime-brand\/jolime-atlantic-sea-salt-scrub-200ml\/#breadcrumb","itemListElement":[{"@type":"ListItem","position":1,"name":"Home","item":"https:\/\/naturalsoap.lv\/en\/"},{"@type":"ListItem","position":2,"name":"Shop","item":"https:\/\/naturalsoap.lv\/en\/shop\/"},{"@type":"ListItem","position":3,"name":"JoliME \u0421\u041a\u0420\u0410\u0411 \u0414\u041b\u042f \u0422\u0415\u041b\u0410 \u0421 \u0410\u0422\u041b\u0410\u041d\u0422\u0418\u0427\u0415\u0421\u041a\u041e\u0419 \u0421\u041e\u041b\u042c\u042e, 200\u043c\u043b"}]},{"@type":"WebSite","@id":"https:\/\/naturalsoap.lv\/en\/#website","url":"https:\/\/naturalsoap.lv\/en\/","name":"NATURAL SOAP","description":"Handgefertigte Bade- und Duschkosmetik.","publisher":{"@id":"https:\/\/naturalsoap.lv\/en\/#organization"},"potentialAction":[{"@type":"SearchAction","target":{"@type":"EntryPoint","urlTemplate":"https:\/\/naturalsoap.lv\/en\/?s={search_term_string}"},"query-input":{"@type":"PropertyValueSpecification","valueRequired":true,"valueName":"search_term_string"}}],"inLanguage":"de"},{"@type":"Organization","@id":"https:\/\/naturalsoap.lv\/en\/#organization","name":"NATURAL SOAP","url":"https:\/\/naturalsoap.lv\/en\/","logo":{"@type":"ImageObject","inLanguage":"de","@id":"https:\/\/naturalsoap.lv\/en\/#\/schema\/logo\/image\/","url":"https:\/\/naturalsoap.lv\/wp-content\/uploads\/2024\/05\/Logo.svg","contentUrl":"https:\/\/naturalsoap.lv\/wp-content\/uploads\/2024\/05\/Logo.svg","width":125,"height":34,"caption":"NATURAL SOAP"},"image":{"@id":"https:\/\/naturalsoap.lv\/en\/#\/schema\/logo\/image\/"}}]}},"_links":{"self":[{"href":"https:\/\/naturalsoap.lv\/de\/wp-json\/wp\/v2\/product\/14625","targetHints":{"allow":["GET"]}}],"collection":[{"href":"https:\/\/naturalsoap.lv\/de\/wp-json\/wp\/v2\/product"}],"about":[{"href":"https:\/\/naturalsoap.lv\/de\/wp-json\/wp\/v2\/types\/product"}],"wp:featuredmedia":[{"embeddable":true,"href":"https:\/\/naturalsoap.lv\/de\/wp-json\/wp\/v2\/media\/14626"}],"wp:attachment":[{"href":"https:\/\/naturalsoap.lv\/de\/wp-json\/wp\/v2\/media?parent=14625"}],"wp:term":[{"taxonomy":"product_brand","embeddable":true,"href":"https:\/\/naturalsoap.lv\/de\/wp-json\/wp\/v2\/product_brand?post=14625"},{"taxonomy":"product_cat","embeddable":true,"href":"https:\/\/naturalsoap.lv\/de\/wp-json\/wp\/v2\/product_cat?post=14625"},{"taxonomy":"product_tag","embeddable":true,"href":"https:\/\/naturalsoap.lv\/de\/wp-json\/wp\/v2\/product_tag?post=14625"}],"curies":[{"name":"wp","href":"https:\/\/api.w.org\/{rel}","templated":true}]}}