{"id":14605,"date":"2024-05-30T06:59:56","date_gmt":"2024-05-30T06:59:56","guid":{"rendered":"https:\/\/321.optimum.lv\/product\/hair-conditioner-200ml-2\/"},"modified":"2025-04-15T09:46:32","modified_gmt":"2025-04-15T09:46:32","slug":"hair-conditioner-200ml-2","status":"publish","type":"product","link":"https:\/\/naturalsoap.lv\/de\/shop\/hair-conditioner-hair-mask\/hair-conditioner-200ml-2\/","title":{"rendered":"HAARSP\u00dcLUNG, 200 ml"},"content":{"rendered":"<p>Dieser Premium-Conditioner wird aus einer einzigartigen Mischung erstklassiger Inhaltsstoffe hergestellt. Es ist f\u00fcr alle Haartypen geeignet und mit tief n\u00e4hrenden Weichmachern angereichert. Einer davon ist Panthenol. Panthenol ist ein Derivat von Vitamin B5 (Pantothens\u00e4ure) und gilt als Provitamin, das das Haar dicker und gl\u00e4nzender machen kann.<\/p>\n<p>Es schafft ein \u00e4u\u00dferst feuchtigkeitsspendendes Milieu und scheint das Haar \u00fcber lange Zeit wunderbar mit Feuchtigkeit zu versorgen.<\/p>\n<p>Leichte samtige Textur.<\/p>","protected":false},"excerpt":{"rendered":"<p>INCI: Aqua, Cetearyl Alcohol, Glycerin, Parfum, Phenoxyethanol, Distearoylethyl Dimonium Chloride, Behentrimonium Chloride, Panthenol, Isopropyl Alcohol, Hydrolysed Sweet Almond Seedcake, Hexyl Cinnamic Aldehyde Alpha, Linalool<\/p>\n<p>Manufacturer: SIA GARTDA, Alejas street 73, Daugavpils, LV-5401, Latvia, T. +371 65420849, <a href=\"mailto:info@gartda.lv\">info@gartda.lv<\/a><\/p>\n","protected":false},"featured_media":14606,"template":"","meta":[],"product_brand":[],"product_cat":[496],"product_tag":[],"class_list":{"0":"post-14605","1":"product","2":"type-product","3":"status-publish","4":"has-post-thumbnail","6":"product_cat-hair-conditioner-hair-mask","7":"pa_box-bez-davanu-kastites","8":"pa_box-davanu-kastite","10":"first","11":"instock","12":"taxable","13":"shipping-taxable","14":"purchasable","15":"product-type-variable","16":"has-default-attributes"},"yoast_head":"<!-- This site is optimized with the Yoast SEO Premium plugin v22.6 (Yoast SEO v27.3) - https:\/\/yoast.com\/product\/yoast-seo-premium-wordpress\/ -->\n<title>HAARSP\u00dcLUNG, 200 ml - NATURAL SOAP<\/title>\n<meta name=\"description\" content=\"HAIR CONDITIONER. This Premium Conditioner is made of premium ingredients. It is suitable for all hair types and enriched with deeply nourishing emollients.\" \/>\n<meta name=\"robots\" content=\"index, follow, max-snippet:-1, max-image-preview:large, max-video-preview:-1\" \/>\n<link rel=\"canonical\" href=\"https:\/\/naturalsoap.lv\/de\/shop\/hair-conditioner-hair-mask\/hair-conditioner-200ml-2\/\" \/>\n<meta property=\"og:locale\" content=\"de_DE\" \/>\n<meta property=\"og:type\" content=\"article\" \/>\n<meta property=\"og:title\" content=\"[:lv]MATU KONDICIONERIS, 200ml[:en]HAIR CONDITIONER, 200ml[:de]HAARSP\u00dcLUNG, 200 ml[:ru]\u041a\u041e\u041d\u0414\u0418\u0426\u0418\u041e\u041d\u0415\u0420 \u0414\u041b\u042f \u0412\u041e\u041b\u041e\u0421, 200\u043c\u043b[:]\" \/>\n<meta property=\"og:description\" content=\"HAIR CONDITIONER. This Premium Conditioner is made of premium ingredients. It is suitable for all hair types and enriched with deeply nourishing emollients.\" \/>\n<meta property=\"og:url\" content=\"https:\/\/naturalsoap.lv\/de\/shop\/hair-conditioner-hair-mask\/hair-conditioner-200ml-2\/\" \/>\n<meta property=\"og:site_name\" content=\"NATURAL SOAP\" \/>\n<meta property=\"article:modified_time\" content=\"2025-04-15T09:46:32+00:00\" \/>\n<meta property=\"og:image\" content=\"https:\/\/naturalsoap.lv\/wp-content\/uploads\/2024\/05\/a152cf8b95d35dbe0d206d09fe302b35_1692089004-e1730201435405.jpeg\" \/>\n\t<meta property=\"og:image:width\" content=\"900\" \/>\n\t<meta property=\"og:image:height\" content=\"1133\" \/>\n\t<meta property=\"og:image:type\" content=\"image\/jpeg\" \/>\n<meta name=\"twitter:card\" content=\"summary_large_image\" \/>\n<meta name=\"twitter:label1\" content=\"Gesch\u00e4tzte Lesezeit\" \/>\n\t<meta name=\"twitter:data1\" content=\"1\u00a0Minute\" \/>\n<script type=\"application\/ld+json\" class=\"yoast-schema-graph\">{\"@context\":\"https:\\\/\\\/schema.org\",\"@graph\":[{\"@type\":\"WebPage\",\"@id\":\"https:\\\/\\\/naturalsoap.lv\\\/de\\\/shop\\\/hair-conditioner-hair-mask\\\/hair-conditioner-200ml-2\\\/\",\"url\":\"https:\\\/\\\/naturalsoap.lv\\\/de\\\/shop\\\/hair-conditioner-hair-mask\\\/hair-conditioner-200ml-2\\\/\",\"name\":\"[:lv]MATU KONDICIONERIS, 200ml[:en]HAIR CONDITIONER, 200ml[:de]HAARSP\u00dcLUNG, 200 ml[:ru]\u041a\u041e\u041d\u0414\u0418\u0426\u0418\u041e\u041d\u0415\u0420 \u0414\u041b\u042f \u0412\u041e\u041b\u041e\u0421, 200\u043c\u043b[:] - NATURAL SOAP\",\"isPartOf\":{\"@id\":\"https:\\\/\\\/naturalsoap.lv\\\/en\\\/#website\"},\"primaryImageOfPage\":{\"@id\":\"https:\\\/\\\/naturalsoap.lv\\\/de\\\/shop\\\/hair-conditioner-hair-mask\\\/hair-conditioner-200ml-2\\\/#primaryimage\"},\"image\":{\"@id\":\"https:\\\/\\\/naturalsoap.lv\\\/de\\\/shop\\\/hair-conditioner-hair-mask\\\/hair-conditioner-200ml-2\\\/#primaryimage\"},\"thumbnailUrl\":\"https:\\\/\\\/naturalsoap.lv\\\/wp-content\\\/uploads\\\/2024\\\/05\\\/a152cf8b95d35dbe0d206d09fe302b35_1692089004-e1730201435405.jpeg\",\"datePublished\":\"2024-05-30T06:59:56+00:00\",\"dateModified\":\"2025-04-15T09:46:32+00:00\",\"description\":\"HAIR CONDITIONER. This Premium Conditioner is made of premium ingredients. It is suitable for all hair types and enriched with deeply nourishing emollients.\",\"breadcrumb\":{\"@id\":\"https:\\\/\\\/naturalsoap.lv\\\/de\\\/shop\\\/hair-conditioner-hair-mask\\\/hair-conditioner-200ml-2\\\/#breadcrumb\"},\"inLanguage\":\"de\",\"potentialAction\":[{\"@type\":\"ReadAction\",\"target\":[\"https:\\\/\\\/naturalsoap.lv\\\/de\\\/shop\\\/hair-conditioner-hair-mask\\\/hair-conditioner-200ml-2\\\/\"]}]},{\"@type\":\"ImageObject\",\"inLanguage\":\"de\",\"@id\":\"https:\\\/\\\/naturalsoap.lv\\\/de\\\/shop\\\/hair-conditioner-hair-mask\\\/hair-conditioner-200ml-2\\\/#primaryimage\",\"url\":\"https:\\\/\\\/naturalsoap.lv\\\/wp-content\\\/uploads\\\/2024\\\/05\\\/a152cf8b95d35dbe0d206d09fe302b35_1692089004-e1730201435405.jpeg\",\"contentUrl\":\"https:\\\/\\\/naturalsoap.lv\\\/wp-content\\\/uploads\\\/2024\\\/05\\\/a152cf8b95d35dbe0d206d09fe302b35_1692089004-e1730201435405.jpeg\",\"width\":900,\"height\":1133,\"caption\":\"HAIR CONDITIONER, 200ml\"},{\"@type\":\"BreadcrumbList\",\"@id\":\"https:\\\/\\\/naturalsoap.lv\\\/de\\\/shop\\\/hair-conditioner-hair-mask\\\/hair-conditioner-200ml-2\\\/#breadcrumb\",\"itemListElement\":[{\"@type\":\"ListItem\",\"position\":1,\"name\":\"Home\",\"item\":\"https:\\\/\\\/naturalsoap.lv\\\/en\\\/\"},{\"@type\":\"ListItem\",\"position\":2,\"name\":\"Shop\",\"item\":\"https:\\\/\\\/naturalsoap.lv\\\/en\\\/shop\\\/\"},{\"@type\":\"ListItem\",\"position\":3,\"name\":\"HAARSP\u00dcLUNG, 200 ml\"}]},{\"@type\":\"WebSite\",\"@id\":\"https:\\\/\\\/naturalsoap.lv\\\/en\\\/#website\",\"url\":\"https:\\\/\\\/naturalsoap.lv\\\/en\\\/\",\"name\":\"NATURAL SOAP\",\"description\":\"Handgefertigte Bade- und Duschkosmetik.\",\"publisher\":{\"@id\":\"https:\\\/\\\/naturalsoap.lv\\\/en\\\/#organization\"},\"potentialAction\":[{\"@type\":\"SearchAction\",\"target\":{\"@type\":\"EntryPoint\",\"urlTemplate\":\"https:\\\/\\\/naturalsoap.lv\\\/en\\\/?s={search_term_string}\"},\"query-input\":{\"@type\":\"PropertyValueSpecification\",\"valueRequired\":true,\"valueName\":\"search_term_string\"}}],\"inLanguage\":\"de\"},{\"@type\":\"Organization\",\"@id\":\"https:\\\/\\\/naturalsoap.lv\\\/en\\\/#organization\",\"name\":\"NATURAL SOAP\",\"url\":\"https:\\\/\\\/naturalsoap.lv\\\/en\\\/\",\"logo\":{\"@type\":\"ImageObject\",\"inLanguage\":\"de\",\"@id\":\"https:\\\/\\\/naturalsoap.lv\\\/en\\\/#\\\/schema\\\/logo\\\/image\\\/\",\"url\":\"https:\\\/\\\/naturalsoap.lv\\\/wp-content\\\/uploads\\\/2024\\\/05\\\/Logo.svg\",\"contentUrl\":\"https:\\\/\\\/naturalsoap.lv\\\/wp-content\\\/uploads\\\/2024\\\/05\\\/Logo.svg\",\"width\":125,\"height\":34,\"caption\":\"NATURAL SOAP\"},\"image\":{\"@id\":\"https:\\\/\\\/naturalsoap.lv\\\/en\\\/#\\\/schema\\\/logo\\\/image\\\/\"}}]}<\/script>\n<!-- \/ Yoast SEO Premium plugin. -->","yoast_head_json":{"title":"[:lv]MATU KONDICIONERIS, 200ml[:en]HAIR CONDITIONER, 200ml[:de]HAARSP\u00dcLUNG, 200 ml[:ru]\u041a\u041e\u041d\u0414\u0418\u0426\u0418\u041e\u041d\u0415\u0420 \u0414\u041b\u042f \u0412\u041e\u041b\u041e\u0421, 200\u043c\u043b[:] - NATURAL SOAP","description":"HAIR CONDITIONER. This Premium Conditioner is made of premium ingredients. It is suitable for all hair types and enriched with deeply nourishing emollients.","robots":{"index":"index","follow":"follow","max-snippet":"max-snippet:-1","max-image-preview":"max-image-preview:large","max-video-preview":"max-video-preview:-1"},"canonical":"https:\/\/naturalsoap.lv\/de\/shop\/hair-conditioner-hair-mask\/hair-conditioner-200ml-2\/","og_locale":"de_DE","og_type":"article","og_title":"[:lv]MATU KONDICIONERIS, 200ml[:en]HAIR CONDITIONER, 200ml[:de]HAARSP\u00dcLUNG, 200 ml[:ru]\u041a\u041e\u041d\u0414\u0418\u0426\u0418\u041e\u041d\u0415\u0420 \u0414\u041b\u042f \u0412\u041e\u041b\u041e\u0421, 200\u043c\u043b[:]","og_description":"HAIR CONDITIONER. This Premium Conditioner is made of premium ingredients. It is suitable for all hair types and enriched with deeply nourishing emollients.","og_url":"https:\/\/naturalsoap.lv\/de\/shop\/hair-conditioner-hair-mask\/hair-conditioner-200ml-2\/","og_site_name":"NATURAL SOAP","article_modified_time":"2025-04-15T09:46:32+00:00","og_image":[{"width":900,"height":1133,"url":"https:\/\/naturalsoap.lv\/wp-content\/uploads\/2024\/05\/a152cf8b95d35dbe0d206d09fe302b35_1692089004-e1730201435405.jpeg","type":"image\/jpeg"}],"twitter_card":"summary_large_image","twitter_misc":{"Gesch\u00e4tzte Lesezeit":"1\u00a0Minute"},"schema":{"@context":"https:\/\/schema.org","@graph":[{"@type":"WebPage","@id":"https:\/\/naturalsoap.lv\/de\/shop\/hair-conditioner-hair-mask\/hair-conditioner-200ml-2\/","url":"https:\/\/naturalsoap.lv\/de\/shop\/hair-conditioner-hair-mask\/hair-conditioner-200ml-2\/","name":"[:lv]MATU KONDICIONERIS, 200ml[:en]HAIR CONDITIONER, 200ml[:de]HAARSP\u00dcLUNG, 200 ml[:ru]\u041a\u041e\u041d\u0414\u0418\u0426\u0418\u041e\u041d\u0415\u0420 \u0414\u041b\u042f \u0412\u041e\u041b\u041e\u0421, 200\u043c\u043b[:] - NATURAL SOAP","isPartOf":{"@id":"https:\/\/naturalsoap.lv\/en\/#website"},"primaryImageOfPage":{"@id":"https:\/\/naturalsoap.lv\/de\/shop\/hair-conditioner-hair-mask\/hair-conditioner-200ml-2\/#primaryimage"},"image":{"@id":"https:\/\/naturalsoap.lv\/de\/shop\/hair-conditioner-hair-mask\/hair-conditioner-200ml-2\/#primaryimage"},"thumbnailUrl":"https:\/\/naturalsoap.lv\/wp-content\/uploads\/2024\/05\/a152cf8b95d35dbe0d206d09fe302b35_1692089004-e1730201435405.jpeg","datePublished":"2024-05-30T06:59:56+00:00","dateModified":"2025-04-15T09:46:32+00:00","description":"HAIR CONDITIONER. This Premium Conditioner is made of premium ingredients. It is suitable for all hair types and enriched with deeply nourishing emollients.","breadcrumb":{"@id":"https:\/\/naturalsoap.lv\/de\/shop\/hair-conditioner-hair-mask\/hair-conditioner-200ml-2\/#breadcrumb"},"inLanguage":"de","potentialAction":[{"@type":"ReadAction","target":["https:\/\/naturalsoap.lv\/de\/shop\/hair-conditioner-hair-mask\/hair-conditioner-200ml-2\/"]}]},{"@type":"ImageObject","inLanguage":"de","@id":"https:\/\/naturalsoap.lv\/de\/shop\/hair-conditioner-hair-mask\/hair-conditioner-200ml-2\/#primaryimage","url":"https:\/\/naturalsoap.lv\/wp-content\/uploads\/2024\/05\/a152cf8b95d35dbe0d206d09fe302b35_1692089004-e1730201435405.jpeg","contentUrl":"https:\/\/naturalsoap.lv\/wp-content\/uploads\/2024\/05\/a152cf8b95d35dbe0d206d09fe302b35_1692089004-e1730201435405.jpeg","width":900,"height":1133,"caption":"HAIR CONDITIONER, 200ml"},{"@type":"BreadcrumbList","@id":"https:\/\/naturalsoap.lv\/de\/shop\/hair-conditioner-hair-mask\/hair-conditioner-200ml-2\/#breadcrumb","itemListElement":[{"@type":"ListItem","position":1,"name":"Home","item":"https:\/\/naturalsoap.lv\/en\/"},{"@type":"ListItem","position":2,"name":"Shop","item":"https:\/\/naturalsoap.lv\/en\/shop\/"},{"@type":"ListItem","position":3,"name":"HAARSP\u00dcLUNG, 200 ml"}]},{"@type":"WebSite","@id":"https:\/\/naturalsoap.lv\/en\/#website","url":"https:\/\/naturalsoap.lv\/en\/","name":"NATURAL SOAP","description":"Handgefertigte Bade- und Duschkosmetik.","publisher":{"@id":"https:\/\/naturalsoap.lv\/en\/#organization"},"potentialAction":[{"@type":"SearchAction","target":{"@type":"EntryPoint","urlTemplate":"https:\/\/naturalsoap.lv\/en\/?s={search_term_string}"},"query-input":{"@type":"PropertyValueSpecification","valueRequired":true,"valueName":"search_term_string"}}],"inLanguage":"de"},{"@type":"Organization","@id":"https:\/\/naturalsoap.lv\/en\/#organization","name":"NATURAL SOAP","url":"https:\/\/naturalsoap.lv\/en\/","logo":{"@type":"ImageObject","inLanguage":"de","@id":"https:\/\/naturalsoap.lv\/en\/#\/schema\/logo\/image\/","url":"https:\/\/naturalsoap.lv\/wp-content\/uploads\/2024\/05\/Logo.svg","contentUrl":"https:\/\/naturalsoap.lv\/wp-content\/uploads\/2024\/05\/Logo.svg","width":125,"height":34,"caption":"NATURAL SOAP"},"image":{"@id":"https:\/\/naturalsoap.lv\/en\/#\/schema\/logo\/image\/"}}]}},"_links":{"self":[{"href":"https:\/\/naturalsoap.lv\/de\/wp-json\/wp\/v2\/product\/14605","targetHints":{"allow":["GET"]}}],"collection":[{"href":"https:\/\/naturalsoap.lv\/de\/wp-json\/wp\/v2\/product"}],"about":[{"href":"https:\/\/naturalsoap.lv\/de\/wp-json\/wp\/v2\/types\/product"}],"wp:featuredmedia":[{"embeddable":true,"href":"https:\/\/naturalsoap.lv\/de\/wp-json\/wp\/v2\/media\/14606"}],"wp:attachment":[{"href":"https:\/\/naturalsoap.lv\/de\/wp-json\/wp\/v2\/media?parent=14605"}],"wp:term":[{"taxonomy":"product_brand","embeddable":true,"href":"https:\/\/naturalsoap.lv\/de\/wp-json\/wp\/v2\/product_brand?post=14605"},{"taxonomy":"product_cat","embeddable":true,"href":"https:\/\/naturalsoap.lv\/de\/wp-json\/wp\/v2\/product_cat?post=14605"},{"taxonomy":"product_tag","embeddable":true,"href":"https:\/\/naturalsoap.lv\/de\/wp-json\/wp\/v2\/product_tag?post=14605"}],"curies":[{"name":"wp","href":"https:\/\/api.w.org\/{rel}","templated":true}]}}