{"id":14595,"date":"2024-05-30T06:59:15","date_gmt":"2024-05-30T06:59:15","guid":{"rendered":"https:\/\/321.optimum.lv\/product\/body-butter-mountain-fresh-70gr-2\/"},"modified":"2025-04-15T09:45:15","modified_gmt":"2025-04-15T09:45:15","slug":"body-butter-mountain-fresh-70gr-2","status":"publish","type":"product","link":"https:\/\/naturalsoap.lv\/de\/shop\/body-butter\/body-butter-mountain-fresh-70gr-2\/","title":{"rendered":"K\u00d6RPERBUTTER &#8218;MOUNTAIN FRESH&#8216;, 70gr"},"content":{"rendered":"<p>Erleben Sie eine lang anhaltende Hautfeuchtigkeit und maximale Feuchtigkeitsauff\u00fcllung.<\/p>\n<p>Unsere K\u00f6rperbutter ist eine luxuri\u00f6se, konzentrierte K\u00f6rpercreme, die beim Auftragen schnell einzieht, ohne fettige R\u00fcckst\u00e4nde zu hinterlassen. Antioxidativ \u2013 reichhaltige Sheabutter und Kakaobutter verschmelzen und spenden N\u00e4hrstoffe, w\u00e4hrend Kokos- und Sonnenblumen\u00f6l die Haut sofort weich machen und pflegen. Carnaubawachs \u2013 wirksamer Weichmacher, der die Haut weich und geschmeidig macht und ihr ein gl\u00e4nzendes Finish verleiht.<\/p>\n<p>Frei von Parabenen. Unsere K\u00f6rperbutter zieht schnell ein und hinterl\u00e4sst ein samtweiches Hautgef\u00fchl.<\/p>\n<p>Mit erfrischendem Ozonaroma.<\/p>","protected":false},"excerpt":{"rendered":"<p>INCI: Aqua, Helianthus Annuus Sunflower Seed Oil, Butyrospermum Parkii (Shea) Butter, Glyceryl Mono Stearate, Theobroma Cacao (Cocoa) Seed Butter , Cetearyl Alcohol, Copernicia (Carnauba) Cerifera wax, Coco Glucoside, Parfum, Phenoxyethanol, Benzoic Acid, Xanthan Gum, Dehydroacetic Acid, Citronellol, Coumarine, Linalool<\/p>\n<p>Manufacturer: SIA GARTDA, Alejas street 73, Daugavpils, LV-5401, Latvia, T. +371 65420849, <a href=\"mailto:info@gartda.lv\">info@gartda.lv<\/a><\/p>\n","protected":false},"featured_media":14596,"template":"","meta":[],"product_brand":[],"product_cat":[492],"product_tag":[],"class_list":{"0":"post-14595","1":"product","2":"type-product","3":"status-publish","4":"has-post-thumbnail","6":"product_cat-body-butter","7":"pa_gift-box-no-gift-box","8":"pa_gift-box-gift-box","10":"first","11":"instock","12":"taxable","13":"shipping-taxable","14":"purchasable","15":"product-type-simple"},"yoast_head":"<!-- This site is optimized with the Yoast SEO Premium plugin v22.6 (Yoast SEO v27.3) - https:\/\/yoast.com\/product\/yoast-seo-premium-wordpress\/ -->\n<title>K\u00d6RPERBUTTER &#039;MOUNTAIN FRESH&#039;, 70gr - NATURAL SOAP<\/title>\n<meta name=\"description\" content=\"BODY BUTTER &#039;MOUNTAIN FRESH&#039;. Paraben Free. Our Body Butter is absorbed quickly and leaves behind skin that feels velvety smooth.\" \/>\n<meta name=\"robots\" content=\"index, follow, max-snippet:-1, max-image-preview:large, max-video-preview:-1\" \/>\n<link rel=\"canonical\" href=\"https:\/\/naturalsoap.lv\/de\/shop\/body-butter\/body-butter-mountain-fresh-70gr-2\/\" \/>\n<meta property=\"og:locale\" content=\"de_DE\" \/>\n<meta property=\"og:type\" content=\"article\" \/>\n<meta property=\"og:title\" content=\"[:lv]\u0136ERME\u0145A SVIESTS &#039;MOUNTAIN FRESH&#039;, 70gr[:en]BODY BUTTER &#039;MOUNTAIN FRESH&#039;, 70gr[:de]K\u00d6RPERBUTTER &#039;MOUNTAIN FRESH&#039;, 70gr[:ru]\u041c\u0410\u0421\u041b\u041e \u0414\u041b\u042f \u0422\u0415\u041b\u0410 &#039;MOUNTAIN FRESH&#039;, 70\u0433\u0440[:]\" \/>\n<meta property=\"og:description\" content=\"BODY BUTTER &#039;MOUNTAIN FRESH&#039;. Paraben Free. Our Body Butter is absorbed quickly and leaves behind skin that feels velvety smooth.\" \/>\n<meta property=\"og:url\" content=\"https:\/\/naturalsoap.lv\/de\/shop\/body-butter\/body-butter-mountain-fresh-70gr-2\/\" \/>\n<meta property=\"og:site_name\" content=\"NATURAL SOAP\" \/>\n<meta property=\"article:modified_time\" content=\"2025-04-15T09:45:15+00:00\" \/>\n<meta property=\"og:image\" content=\"https:\/\/naturalsoap.lv\/wp-content\/uploads\/2024\/05\/dc3c5a51e400efc62e19a268db39ef4c_1692088933-e1730201353121.jpeg\" \/>\n\t<meta property=\"og:image:width\" content=\"900\" \/>\n\t<meta property=\"og:image:height\" content=\"588\" \/>\n\t<meta property=\"og:image:type\" content=\"image\/jpeg\" \/>\n<meta name=\"twitter:card\" content=\"summary_large_image\" \/>\n<meta name=\"twitter:label1\" content=\"Gesch\u00e4tzte Lesezeit\" \/>\n\t<meta name=\"twitter:data1\" content=\"1\u00a0Minute\" \/>\n<script type=\"application\/ld+json\" class=\"yoast-schema-graph\">{\"@context\":\"https:\\\/\\\/schema.org\",\"@graph\":[{\"@type\":\"WebPage\",\"@id\":\"https:\\\/\\\/naturalsoap.lv\\\/de\\\/shop\\\/body-butter\\\/body-butter-mountain-fresh-70gr-2\\\/\",\"url\":\"https:\\\/\\\/naturalsoap.lv\\\/de\\\/shop\\\/body-butter\\\/body-butter-mountain-fresh-70gr-2\\\/\",\"name\":\"[:lv]\u0136ERME\u0145A SVIESTS 'MOUNTAIN FRESH', 70gr[:en]BODY BUTTER 'MOUNTAIN FRESH', 70gr[:de]K\u00d6RPERBUTTER 'MOUNTAIN FRESH', 70gr[:ru]\u041c\u0410\u0421\u041b\u041e \u0414\u041b\u042f \u0422\u0415\u041b\u0410 'MOUNTAIN FRESH', 70\u0433\u0440[:] - NATURAL SOAP\",\"isPartOf\":{\"@id\":\"https:\\\/\\\/naturalsoap.lv\\\/en\\\/#website\"},\"primaryImageOfPage\":{\"@id\":\"https:\\\/\\\/naturalsoap.lv\\\/de\\\/shop\\\/body-butter\\\/body-butter-mountain-fresh-70gr-2\\\/#primaryimage\"},\"image\":{\"@id\":\"https:\\\/\\\/naturalsoap.lv\\\/de\\\/shop\\\/body-butter\\\/body-butter-mountain-fresh-70gr-2\\\/#primaryimage\"},\"thumbnailUrl\":\"https:\\\/\\\/naturalsoap.lv\\\/wp-content\\\/uploads\\\/2024\\\/05\\\/dc3c5a51e400efc62e19a268db39ef4c_1692088933-e1730201353121.jpeg\",\"datePublished\":\"2024-05-30T06:59:15+00:00\",\"dateModified\":\"2025-04-15T09:45:15+00:00\",\"description\":\"BODY BUTTER 'MOUNTAIN FRESH'. Paraben Free. Our Body Butter is absorbed quickly and leaves behind skin that feels velvety smooth.\",\"breadcrumb\":{\"@id\":\"https:\\\/\\\/naturalsoap.lv\\\/de\\\/shop\\\/body-butter\\\/body-butter-mountain-fresh-70gr-2\\\/#breadcrumb\"},\"inLanguage\":\"de\",\"potentialAction\":[{\"@type\":\"ReadAction\",\"target\":[\"https:\\\/\\\/naturalsoap.lv\\\/de\\\/shop\\\/body-butter\\\/body-butter-mountain-fresh-70gr-2\\\/\"]}]},{\"@type\":\"ImageObject\",\"inLanguage\":\"de\",\"@id\":\"https:\\\/\\\/naturalsoap.lv\\\/de\\\/shop\\\/body-butter\\\/body-butter-mountain-fresh-70gr-2\\\/#primaryimage\",\"url\":\"https:\\\/\\\/naturalsoap.lv\\\/wp-content\\\/uploads\\\/2024\\\/05\\\/dc3c5a51e400efc62e19a268db39ef4c_1692088933-e1730201353121.jpeg\",\"contentUrl\":\"https:\\\/\\\/naturalsoap.lv\\\/wp-content\\\/uploads\\\/2024\\\/05\\\/dc3c5a51e400efc62e19a268db39ef4c_1692088933-e1730201353121.jpeg\",\"width\":900,\"height\":588,\"caption\":\"BODY BUTTER 'MOUNTAIN FRESH', 70gr\"},{\"@type\":\"BreadcrumbList\",\"@id\":\"https:\\\/\\\/naturalsoap.lv\\\/de\\\/shop\\\/body-butter\\\/body-butter-mountain-fresh-70gr-2\\\/#breadcrumb\",\"itemListElement\":[{\"@type\":\"ListItem\",\"position\":1,\"name\":\"Home\",\"item\":\"https:\\\/\\\/naturalsoap.lv\\\/en\\\/\"},{\"@type\":\"ListItem\",\"position\":2,\"name\":\"Shop\",\"item\":\"https:\\\/\\\/naturalsoap.lv\\\/en\\\/shop\\\/\"},{\"@type\":\"ListItem\",\"position\":3,\"name\":\"K\u00d6RPERBUTTER &#8218;MOUNTAIN FRESH&#8216;, 70gr\"}]},{\"@type\":\"WebSite\",\"@id\":\"https:\\\/\\\/naturalsoap.lv\\\/en\\\/#website\",\"url\":\"https:\\\/\\\/naturalsoap.lv\\\/en\\\/\",\"name\":\"NATURAL SOAP\",\"description\":\"Handgefertigte Bade- und Duschkosmetik.\",\"publisher\":{\"@id\":\"https:\\\/\\\/naturalsoap.lv\\\/en\\\/#organization\"},\"potentialAction\":[{\"@type\":\"SearchAction\",\"target\":{\"@type\":\"EntryPoint\",\"urlTemplate\":\"https:\\\/\\\/naturalsoap.lv\\\/en\\\/?s={search_term_string}\"},\"query-input\":{\"@type\":\"PropertyValueSpecification\",\"valueRequired\":true,\"valueName\":\"search_term_string\"}}],\"inLanguage\":\"de\"},{\"@type\":\"Organization\",\"@id\":\"https:\\\/\\\/naturalsoap.lv\\\/en\\\/#organization\",\"name\":\"NATURAL SOAP\",\"url\":\"https:\\\/\\\/naturalsoap.lv\\\/en\\\/\",\"logo\":{\"@type\":\"ImageObject\",\"inLanguage\":\"de\",\"@id\":\"https:\\\/\\\/naturalsoap.lv\\\/en\\\/#\\\/schema\\\/logo\\\/image\\\/\",\"url\":\"https:\\\/\\\/naturalsoap.lv\\\/wp-content\\\/uploads\\\/2024\\\/05\\\/Logo.svg\",\"contentUrl\":\"https:\\\/\\\/naturalsoap.lv\\\/wp-content\\\/uploads\\\/2024\\\/05\\\/Logo.svg\",\"width\":125,\"height\":34,\"caption\":\"NATURAL SOAP\"},\"image\":{\"@id\":\"https:\\\/\\\/naturalsoap.lv\\\/en\\\/#\\\/schema\\\/logo\\\/image\\\/\"}}]}<\/script>\n<!-- \/ Yoast SEO Premium plugin. -->","yoast_head_json":{"title":"[:lv]\u0136ERME\u0145A SVIESTS 'MOUNTAIN FRESH', 70gr[:en]BODY BUTTER 'MOUNTAIN FRESH', 70gr[:de]K\u00d6RPERBUTTER 'MOUNTAIN FRESH', 70gr[:ru]\u041c\u0410\u0421\u041b\u041e \u0414\u041b\u042f \u0422\u0415\u041b\u0410 'MOUNTAIN FRESH', 70\u0433\u0440[:] - NATURAL SOAP","description":"BODY BUTTER 'MOUNTAIN FRESH'. Paraben Free. Our Body Butter is absorbed quickly and leaves behind skin that feels velvety smooth.","robots":{"index":"index","follow":"follow","max-snippet":"max-snippet:-1","max-image-preview":"max-image-preview:large","max-video-preview":"max-video-preview:-1"},"canonical":"https:\/\/naturalsoap.lv\/de\/shop\/body-butter\/body-butter-mountain-fresh-70gr-2\/","og_locale":"de_DE","og_type":"article","og_title":"[:lv]\u0136ERME\u0145A SVIESTS 'MOUNTAIN FRESH', 70gr[:en]BODY BUTTER 'MOUNTAIN FRESH', 70gr[:de]K\u00d6RPERBUTTER 'MOUNTAIN FRESH', 70gr[:ru]\u041c\u0410\u0421\u041b\u041e \u0414\u041b\u042f \u0422\u0415\u041b\u0410 'MOUNTAIN FRESH', 70\u0433\u0440[:]","og_description":"BODY BUTTER 'MOUNTAIN FRESH'. Paraben Free. Our Body Butter is absorbed quickly and leaves behind skin that feels velvety smooth.","og_url":"https:\/\/naturalsoap.lv\/de\/shop\/body-butter\/body-butter-mountain-fresh-70gr-2\/","og_site_name":"NATURAL SOAP","article_modified_time":"2025-04-15T09:45:15+00:00","og_image":[{"width":900,"height":588,"url":"https:\/\/naturalsoap.lv\/wp-content\/uploads\/2024\/05\/dc3c5a51e400efc62e19a268db39ef4c_1692088933-e1730201353121.jpeg","type":"image\/jpeg"}],"twitter_card":"summary_large_image","twitter_misc":{"Gesch\u00e4tzte Lesezeit":"1\u00a0Minute"},"schema":{"@context":"https:\/\/schema.org","@graph":[{"@type":"WebPage","@id":"https:\/\/naturalsoap.lv\/de\/shop\/body-butter\/body-butter-mountain-fresh-70gr-2\/","url":"https:\/\/naturalsoap.lv\/de\/shop\/body-butter\/body-butter-mountain-fresh-70gr-2\/","name":"[:lv]\u0136ERME\u0145A SVIESTS 'MOUNTAIN FRESH', 70gr[:en]BODY BUTTER 'MOUNTAIN FRESH', 70gr[:de]K\u00d6RPERBUTTER 'MOUNTAIN FRESH', 70gr[:ru]\u041c\u0410\u0421\u041b\u041e \u0414\u041b\u042f \u0422\u0415\u041b\u0410 'MOUNTAIN FRESH', 70\u0433\u0440[:] - NATURAL SOAP","isPartOf":{"@id":"https:\/\/naturalsoap.lv\/en\/#website"},"primaryImageOfPage":{"@id":"https:\/\/naturalsoap.lv\/de\/shop\/body-butter\/body-butter-mountain-fresh-70gr-2\/#primaryimage"},"image":{"@id":"https:\/\/naturalsoap.lv\/de\/shop\/body-butter\/body-butter-mountain-fresh-70gr-2\/#primaryimage"},"thumbnailUrl":"https:\/\/naturalsoap.lv\/wp-content\/uploads\/2024\/05\/dc3c5a51e400efc62e19a268db39ef4c_1692088933-e1730201353121.jpeg","datePublished":"2024-05-30T06:59:15+00:00","dateModified":"2025-04-15T09:45:15+00:00","description":"BODY BUTTER 'MOUNTAIN FRESH'. Paraben Free. Our Body Butter is absorbed quickly and leaves behind skin that feels velvety smooth.","breadcrumb":{"@id":"https:\/\/naturalsoap.lv\/de\/shop\/body-butter\/body-butter-mountain-fresh-70gr-2\/#breadcrumb"},"inLanguage":"de","potentialAction":[{"@type":"ReadAction","target":["https:\/\/naturalsoap.lv\/de\/shop\/body-butter\/body-butter-mountain-fresh-70gr-2\/"]}]},{"@type":"ImageObject","inLanguage":"de","@id":"https:\/\/naturalsoap.lv\/de\/shop\/body-butter\/body-butter-mountain-fresh-70gr-2\/#primaryimage","url":"https:\/\/naturalsoap.lv\/wp-content\/uploads\/2024\/05\/dc3c5a51e400efc62e19a268db39ef4c_1692088933-e1730201353121.jpeg","contentUrl":"https:\/\/naturalsoap.lv\/wp-content\/uploads\/2024\/05\/dc3c5a51e400efc62e19a268db39ef4c_1692088933-e1730201353121.jpeg","width":900,"height":588,"caption":"BODY BUTTER 'MOUNTAIN FRESH', 70gr"},{"@type":"BreadcrumbList","@id":"https:\/\/naturalsoap.lv\/de\/shop\/body-butter\/body-butter-mountain-fresh-70gr-2\/#breadcrumb","itemListElement":[{"@type":"ListItem","position":1,"name":"Home","item":"https:\/\/naturalsoap.lv\/en\/"},{"@type":"ListItem","position":2,"name":"Shop","item":"https:\/\/naturalsoap.lv\/en\/shop\/"},{"@type":"ListItem","position":3,"name":"K\u00d6RPERBUTTER &#8218;MOUNTAIN FRESH&#8216;, 70gr"}]},{"@type":"WebSite","@id":"https:\/\/naturalsoap.lv\/en\/#website","url":"https:\/\/naturalsoap.lv\/en\/","name":"NATURAL SOAP","description":"Handgefertigte Bade- und Duschkosmetik.","publisher":{"@id":"https:\/\/naturalsoap.lv\/en\/#organization"},"potentialAction":[{"@type":"SearchAction","target":{"@type":"EntryPoint","urlTemplate":"https:\/\/naturalsoap.lv\/en\/?s={search_term_string}"},"query-input":{"@type":"PropertyValueSpecification","valueRequired":true,"valueName":"search_term_string"}}],"inLanguage":"de"},{"@type":"Organization","@id":"https:\/\/naturalsoap.lv\/en\/#organization","name":"NATURAL SOAP","url":"https:\/\/naturalsoap.lv\/en\/","logo":{"@type":"ImageObject","inLanguage":"de","@id":"https:\/\/naturalsoap.lv\/en\/#\/schema\/logo\/image\/","url":"https:\/\/naturalsoap.lv\/wp-content\/uploads\/2024\/05\/Logo.svg","contentUrl":"https:\/\/naturalsoap.lv\/wp-content\/uploads\/2024\/05\/Logo.svg","width":125,"height":34,"caption":"NATURAL SOAP"},"image":{"@id":"https:\/\/naturalsoap.lv\/en\/#\/schema\/logo\/image\/"}}]}},"_links":{"self":[{"href":"https:\/\/naturalsoap.lv\/de\/wp-json\/wp\/v2\/product\/14595","targetHints":{"allow":["GET"]}}],"collection":[{"href":"https:\/\/naturalsoap.lv\/de\/wp-json\/wp\/v2\/product"}],"about":[{"href":"https:\/\/naturalsoap.lv\/de\/wp-json\/wp\/v2\/types\/product"}],"wp:featuredmedia":[{"embeddable":true,"href":"https:\/\/naturalsoap.lv\/de\/wp-json\/wp\/v2\/media\/14596"}],"wp:attachment":[{"href":"https:\/\/naturalsoap.lv\/de\/wp-json\/wp\/v2\/media?parent=14595"}],"wp:term":[{"taxonomy":"product_brand","embeddable":true,"href":"https:\/\/naturalsoap.lv\/de\/wp-json\/wp\/v2\/product_brand?post=14595"},{"taxonomy":"product_cat","embeddable":true,"href":"https:\/\/naturalsoap.lv\/de\/wp-json\/wp\/v2\/product_cat?post=14595"},{"taxonomy":"product_tag","embeddable":true,"href":"https:\/\/naturalsoap.lv\/de\/wp-json\/wp\/v2\/product_tag?post=14595"}],"curies":[{"name":"wp","href":"https:\/\/api.w.org\/{rel}","templated":true}]}}