{"id":14558,"date":"2024-05-30T06:57:56","date_gmt":"2024-05-30T06:57:56","guid":{"rendered":"https:\/\/321.optimum.lv\/product\/soap-boss-2\/"},"modified":"2025-04-15T11:45:07","modified_gmt":"2025-04-15T11:45:07","slug":"soap-boss-2","status":"publish","type":"product","link":"https:\/\/naturalsoap.lv\/de\/shop\/soap\/soap-boss-2\/","title":{"rendered":"SEIFE \u2018BOSS\u2019, 100gr"},"content":{"rendered":"<p>Met zoete amandelolie.<\/p>\n<p>Mit anhaltendem M\u00e4nnerduft. Stellen Sie sich mit diesem Duft einen Mann vor, der selbstbewusst, vertrauensw\u00fcrdig, erfolgreich, romantisch, sexy, sinnlich, mutig ist und einen gro\u00dfartigen Sinn f\u00fcr Humor hat. Der perfekte Mann, der nur die feinsten und teuersten Duftnoten verwendet.<\/p>","protected":false},"excerpt":{"rendered":"<p>INCI: Aqua, Propylene Glycol, Stearic Acid, Sorbitol, Sodium Laureth Sulfate, Sucrose, Lauric Acid, Glycerin, Sodium Hydroxide, Parfum, Prunus Amygdalus Dulcis Oil, Sodium Chloride, Sodium Thiosulphate, Etidronic Acid, CI 45410, 77742, CI 74160, CI 12490, CI 77891, Benzyl benzoate, Citronellol, Coumarin, Geraniol, D-Limonene, Linalool<\/p>\n<p>Manufacturer: SIA GARTDA, Alejas street 73, Daugavpils, LV-5401, Latvia, T. +371 65420849, <a href=\"mailto:info@gartda.lv\">info@gartda.lv<\/a><\/p>\n","protected":false},"featured_media":14559,"template":"","meta":[],"product_brand":[],"product_cat":[488],"product_tag":[],"class_list":{"0":"post-14558","1":"product","2":"type-product","3":"status-publish","4":"has-post-thumbnail","6":"product_cat-soap","7":"pa_box-bez-davanu-kastites","8":"pa_box-davanu-kastite","10":"first","11":"instock","12":"taxable","13":"shipping-taxable","14":"purchasable","15":"product-type-variable"},"yoast_head":"<!-- This site is optimized with the Yoast SEO Premium plugin v22.6 (Yoast SEO v27.3) - https:\/\/yoast.com\/product\/yoast-seo-premium-wordpress\/ -->\n<title>SEIFE \u2018BOSS\u2019, 100gr - NATURAL SOAP<\/title>\n<meta name=\"description\" content=\"SOAP \u2018BOSS\u2019. With olive oil. With lasting male fragrance. The Perfect Man, who use only the finest, expensive fragrance notes.\" \/>\n<meta name=\"robots\" content=\"index, follow, max-snippet:-1, max-image-preview:large, max-video-preview:-1\" \/>\n<link rel=\"canonical\" href=\"https:\/\/naturalsoap.lv\/de\/shop\/soap\/soap-boss-2\/\" \/>\n<meta property=\"og:locale\" content=\"de_DE\" \/>\n<meta property=\"og:type\" content=\"article\" \/>\n<meta property=\"og:title\" content=\"[:lv]ZIEPES \u2018BOSS\u2019, 100gr[:en]SOAP \u2018BOSS\u2019, 100gr[:de]SEIFE \u2018BOSS\u2019, 100gr[:ru]\u041c\u042b\u041b\u041e \u2018BOSS\u2019, 100gr[:]\" \/>\n<meta property=\"og:description\" content=\"SOAP \u2018BOSS\u2019. With olive oil. With lasting male fragrance. The Perfect Man, who use only the finest, expensive fragrance notes.\" \/>\n<meta property=\"og:url\" content=\"https:\/\/naturalsoap.lv\/de\/shop\/soap\/soap-boss-2\/\" \/>\n<meta property=\"og:site_name\" content=\"NATURAL SOAP\" \/>\n<meta property=\"article:modified_time\" content=\"2025-04-15T11:45:07+00:00\" \/>\n<meta property=\"og:image\" content=\"https:\/\/naturalsoap.lv\/wp-content\/uploads\/2024\/05\/3b6086ee7142cd41e70da677de3d01ad_1692088671.jpeg\" \/>\n\t<meta property=\"og:image:width\" content=\"750\" \/>\n\t<meta property=\"og:image:height\" content=\"500\" \/>\n\t<meta property=\"og:image:type\" content=\"image\/jpeg\" \/>\n<meta name=\"twitter:card\" content=\"summary_large_image\" \/>\n<meta name=\"twitter:label1\" content=\"Gesch\u00e4tzte Lesezeit\" \/>\n\t<meta name=\"twitter:data1\" content=\"1\u00a0Minute\" \/>\n<script type=\"application\/ld+json\" class=\"yoast-schema-graph\">{\"@context\":\"https:\\\/\\\/schema.org\",\"@graph\":[{\"@type\":\"WebPage\",\"@id\":\"https:\\\/\\\/naturalsoap.lv\\\/de\\\/shop\\\/soap\\\/soap-boss-2\\\/\",\"url\":\"https:\\\/\\\/naturalsoap.lv\\\/de\\\/shop\\\/soap\\\/soap-boss-2\\\/\",\"name\":\"[:lv]ZIEPES \u2018BOSS\u2019, 100gr[:en]SOAP \u2018BOSS\u2019, 100gr[:de]SEIFE \u2018BOSS\u2019, 100gr[:ru]\u041c\u042b\u041b\u041e \u2018BOSS\u2019, 100gr[:] - NATURAL SOAP\",\"isPartOf\":{\"@id\":\"https:\\\/\\\/naturalsoap.lv\\\/en\\\/#website\"},\"primaryImageOfPage\":{\"@id\":\"https:\\\/\\\/naturalsoap.lv\\\/de\\\/shop\\\/soap\\\/soap-boss-2\\\/#primaryimage\"},\"image\":{\"@id\":\"https:\\\/\\\/naturalsoap.lv\\\/de\\\/shop\\\/soap\\\/soap-boss-2\\\/#primaryimage\"},\"thumbnailUrl\":\"https:\\\/\\\/naturalsoap.lv\\\/wp-content\\\/uploads\\\/2024\\\/05\\\/3b6086ee7142cd41e70da677de3d01ad_1692088671.jpeg\",\"datePublished\":\"2024-05-30T06:57:56+00:00\",\"dateModified\":\"2025-04-15T11:45:07+00:00\",\"description\":\"SOAP \u2018BOSS\u2019. With olive oil. With lasting male fragrance. The Perfect Man, who use only the finest, expensive fragrance notes.\",\"breadcrumb\":{\"@id\":\"https:\\\/\\\/naturalsoap.lv\\\/de\\\/shop\\\/soap\\\/soap-boss-2\\\/#breadcrumb\"},\"inLanguage\":\"de\",\"potentialAction\":[{\"@type\":\"ReadAction\",\"target\":[\"https:\\\/\\\/naturalsoap.lv\\\/de\\\/shop\\\/soap\\\/soap-boss-2\\\/\"]}]},{\"@type\":\"ImageObject\",\"inLanguage\":\"de\",\"@id\":\"https:\\\/\\\/naturalsoap.lv\\\/de\\\/shop\\\/soap\\\/soap-boss-2\\\/#primaryimage\",\"url\":\"https:\\\/\\\/naturalsoap.lv\\\/wp-content\\\/uploads\\\/2024\\\/05\\\/3b6086ee7142cd41e70da677de3d01ad_1692088671.jpeg\",\"contentUrl\":\"https:\\\/\\\/naturalsoap.lv\\\/wp-content\\\/uploads\\\/2024\\\/05\\\/3b6086ee7142cd41e70da677de3d01ad_1692088671.jpeg\",\"width\":750,\"height\":500,\"caption\":\"SOAP 'BOSS', 100gr\"},{\"@type\":\"BreadcrumbList\",\"@id\":\"https:\\\/\\\/naturalsoap.lv\\\/de\\\/shop\\\/soap\\\/soap-boss-2\\\/#breadcrumb\",\"itemListElement\":[{\"@type\":\"ListItem\",\"position\":1,\"name\":\"Home\",\"item\":\"https:\\\/\\\/naturalsoap.lv\\\/en\\\/\"},{\"@type\":\"ListItem\",\"position\":2,\"name\":\"Shop\",\"item\":\"https:\\\/\\\/naturalsoap.lv\\\/en\\\/shop\\\/\"},{\"@type\":\"ListItem\",\"position\":3,\"name\":\"SEIFE \u2018BOSS\u2019, 100gr\"}]},{\"@type\":\"WebSite\",\"@id\":\"https:\\\/\\\/naturalsoap.lv\\\/en\\\/#website\",\"url\":\"https:\\\/\\\/naturalsoap.lv\\\/en\\\/\",\"name\":\"NATURAL SOAP\",\"description\":\"Handgefertigte Bade- und Duschkosmetik.\",\"publisher\":{\"@id\":\"https:\\\/\\\/naturalsoap.lv\\\/en\\\/#organization\"},\"potentialAction\":[{\"@type\":\"SearchAction\",\"target\":{\"@type\":\"EntryPoint\",\"urlTemplate\":\"https:\\\/\\\/naturalsoap.lv\\\/en\\\/?s={search_term_string}\"},\"query-input\":{\"@type\":\"PropertyValueSpecification\",\"valueRequired\":true,\"valueName\":\"search_term_string\"}}],\"inLanguage\":\"de\"},{\"@type\":\"Organization\",\"@id\":\"https:\\\/\\\/naturalsoap.lv\\\/en\\\/#organization\",\"name\":\"NATURAL SOAP\",\"url\":\"https:\\\/\\\/naturalsoap.lv\\\/en\\\/\",\"logo\":{\"@type\":\"ImageObject\",\"inLanguage\":\"de\",\"@id\":\"https:\\\/\\\/naturalsoap.lv\\\/en\\\/#\\\/schema\\\/logo\\\/image\\\/\",\"url\":\"https:\\\/\\\/naturalsoap.lv\\\/wp-content\\\/uploads\\\/2024\\\/05\\\/Logo.svg\",\"contentUrl\":\"https:\\\/\\\/naturalsoap.lv\\\/wp-content\\\/uploads\\\/2024\\\/05\\\/Logo.svg\",\"width\":125,\"height\":34,\"caption\":\"NATURAL SOAP\"},\"image\":{\"@id\":\"https:\\\/\\\/naturalsoap.lv\\\/en\\\/#\\\/schema\\\/logo\\\/image\\\/\"}}]}<\/script>\n<!-- \/ Yoast SEO Premium plugin. -->","yoast_head_json":{"title":"[:lv]ZIEPES \u2018BOSS\u2019, 100gr[:en]SOAP \u2018BOSS\u2019, 100gr[:de]SEIFE \u2018BOSS\u2019, 100gr[:ru]\u041c\u042b\u041b\u041e \u2018BOSS\u2019, 100gr[:] - NATURAL SOAP","description":"SOAP \u2018BOSS\u2019. With olive oil. With lasting male fragrance. The Perfect Man, who use only the finest, expensive fragrance notes.","robots":{"index":"index","follow":"follow","max-snippet":"max-snippet:-1","max-image-preview":"max-image-preview:large","max-video-preview":"max-video-preview:-1"},"canonical":"https:\/\/naturalsoap.lv\/de\/shop\/soap\/soap-boss-2\/","og_locale":"de_DE","og_type":"article","og_title":"[:lv]ZIEPES \u2018BOSS\u2019, 100gr[:en]SOAP \u2018BOSS\u2019, 100gr[:de]SEIFE \u2018BOSS\u2019, 100gr[:ru]\u041c\u042b\u041b\u041e \u2018BOSS\u2019, 100gr[:]","og_description":"SOAP \u2018BOSS\u2019. With olive oil. With lasting male fragrance. The Perfect Man, who use only the finest, expensive fragrance notes.","og_url":"https:\/\/naturalsoap.lv\/de\/shop\/soap\/soap-boss-2\/","og_site_name":"NATURAL SOAP","article_modified_time":"2025-04-15T11:45:07+00:00","og_image":[{"width":750,"height":500,"url":"https:\/\/naturalsoap.lv\/wp-content\/uploads\/2024\/05\/3b6086ee7142cd41e70da677de3d01ad_1692088671.jpeg","type":"image\/jpeg"}],"twitter_card":"summary_large_image","twitter_misc":{"Gesch\u00e4tzte Lesezeit":"1\u00a0Minute"},"schema":{"@context":"https:\/\/schema.org","@graph":[{"@type":"WebPage","@id":"https:\/\/naturalsoap.lv\/de\/shop\/soap\/soap-boss-2\/","url":"https:\/\/naturalsoap.lv\/de\/shop\/soap\/soap-boss-2\/","name":"[:lv]ZIEPES \u2018BOSS\u2019, 100gr[:en]SOAP \u2018BOSS\u2019, 100gr[:de]SEIFE \u2018BOSS\u2019, 100gr[:ru]\u041c\u042b\u041b\u041e \u2018BOSS\u2019, 100gr[:] - NATURAL SOAP","isPartOf":{"@id":"https:\/\/naturalsoap.lv\/en\/#website"},"primaryImageOfPage":{"@id":"https:\/\/naturalsoap.lv\/de\/shop\/soap\/soap-boss-2\/#primaryimage"},"image":{"@id":"https:\/\/naturalsoap.lv\/de\/shop\/soap\/soap-boss-2\/#primaryimage"},"thumbnailUrl":"https:\/\/naturalsoap.lv\/wp-content\/uploads\/2024\/05\/3b6086ee7142cd41e70da677de3d01ad_1692088671.jpeg","datePublished":"2024-05-30T06:57:56+00:00","dateModified":"2025-04-15T11:45:07+00:00","description":"SOAP \u2018BOSS\u2019. With olive oil. With lasting male fragrance. The Perfect Man, who use only the finest, expensive fragrance notes.","breadcrumb":{"@id":"https:\/\/naturalsoap.lv\/de\/shop\/soap\/soap-boss-2\/#breadcrumb"},"inLanguage":"de","potentialAction":[{"@type":"ReadAction","target":["https:\/\/naturalsoap.lv\/de\/shop\/soap\/soap-boss-2\/"]}]},{"@type":"ImageObject","inLanguage":"de","@id":"https:\/\/naturalsoap.lv\/de\/shop\/soap\/soap-boss-2\/#primaryimage","url":"https:\/\/naturalsoap.lv\/wp-content\/uploads\/2024\/05\/3b6086ee7142cd41e70da677de3d01ad_1692088671.jpeg","contentUrl":"https:\/\/naturalsoap.lv\/wp-content\/uploads\/2024\/05\/3b6086ee7142cd41e70da677de3d01ad_1692088671.jpeg","width":750,"height":500,"caption":"SOAP 'BOSS', 100gr"},{"@type":"BreadcrumbList","@id":"https:\/\/naturalsoap.lv\/de\/shop\/soap\/soap-boss-2\/#breadcrumb","itemListElement":[{"@type":"ListItem","position":1,"name":"Home","item":"https:\/\/naturalsoap.lv\/en\/"},{"@type":"ListItem","position":2,"name":"Shop","item":"https:\/\/naturalsoap.lv\/en\/shop\/"},{"@type":"ListItem","position":3,"name":"SEIFE \u2018BOSS\u2019, 100gr"}]},{"@type":"WebSite","@id":"https:\/\/naturalsoap.lv\/en\/#website","url":"https:\/\/naturalsoap.lv\/en\/","name":"NATURAL SOAP","description":"Handgefertigte Bade- und Duschkosmetik.","publisher":{"@id":"https:\/\/naturalsoap.lv\/en\/#organization"},"potentialAction":[{"@type":"SearchAction","target":{"@type":"EntryPoint","urlTemplate":"https:\/\/naturalsoap.lv\/en\/?s={search_term_string}"},"query-input":{"@type":"PropertyValueSpecification","valueRequired":true,"valueName":"search_term_string"}}],"inLanguage":"de"},{"@type":"Organization","@id":"https:\/\/naturalsoap.lv\/en\/#organization","name":"NATURAL SOAP","url":"https:\/\/naturalsoap.lv\/en\/","logo":{"@type":"ImageObject","inLanguage":"de","@id":"https:\/\/naturalsoap.lv\/en\/#\/schema\/logo\/image\/","url":"https:\/\/naturalsoap.lv\/wp-content\/uploads\/2024\/05\/Logo.svg","contentUrl":"https:\/\/naturalsoap.lv\/wp-content\/uploads\/2024\/05\/Logo.svg","width":125,"height":34,"caption":"NATURAL SOAP"},"image":{"@id":"https:\/\/naturalsoap.lv\/en\/#\/schema\/logo\/image\/"}}]}},"_links":{"self":[{"href":"https:\/\/naturalsoap.lv\/de\/wp-json\/wp\/v2\/product\/14558","targetHints":{"allow":["GET"]}}],"collection":[{"href":"https:\/\/naturalsoap.lv\/de\/wp-json\/wp\/v2\/product"}],"about":[{"href":"https:\/\/naturalsoap.lv\/de\/wp-json\/wp\/v2\/types\/product"}],"wp:featuredmedia":[{"embeddable":true,"href":"https:\/\/naturalsoap.lv\/de\/wp-json\/wp\/v2\/media\/14559"}],"wp:attachment":[{"href":"https:\/\/naturalsoap.lv\/de\/wp-json\/wp\/v2\/media?parent=14558"}],"wp:term":[{"taxonomy":"product_brand","embeddable":true,"href":"https:\/\/naturalsoap.lv\/de\/wp-json\/wp\/v2\/product_brand?post=14558"},{"taxonomy":"product_cat","embeddable":true,"href":"https:\/\/naturalsoap.lv\/de\/wp-json\/wp\/v2\/product_cat?post=14558"},{"taxonomy":"product_tag","embeddable":true,"href":"https:\/\/naturalsoap.lv\/de\/wp-json\/wp\/v2\/product_tag?post=14558"}],"curies":[{"name":"wp","href":"https:\/\/api.w.org\/{rel}","templated":true}]}}