{"id":14507,"date":"2024-05-30T06:55:27","date_gmt":"2024-05-30T06:55:27","guid":{"rendered":"https:\/\/321.optimum.lv\/product\/lemongrass-loofah-soap-2\/"},"modified":"2025-04-15T11:56:08","modified_gmt":"2025-04-15T11:56:08","slug":"lemongrass-loofah-soap-2","status":"publish","type":"product","link":"https:\/\/naturalsoap.lv\/de\/shop\/soap\/lemongrass-loofah-soap-2\/","title":{"rendered":"SEIFE &#8218;LEMONGRASS LOOFAH&#8216;, 100 gr"},"content":{"rendered":"<p>Met zoete amandelolie. Mit Zitrusaroma.<\/p>\n<p>Die Verwendung eines Luffas ist eines der besten Dinge, die Sie f\u00fcr Ihre Haut tun k\u00f6nnen. Es ist eine gro\u00dfartige M\u00f6glichkeit, den gesamten K\u00f6rper zu peelen, und Sie k\u00f6nnen es schnell und t\u00e4glich unter der Dusche durchf\u00fchren.<\/p>","protected":false},"excerpt":{"rendered":"<p>INCI: Aqua, Propylene Glycol, Stearic Acid, Sorbitol, Sodium Laureth Sulfate, Sucrose, Lauric Acid, Glycerin, Sodium Hydroxide, Parfum, Luffa Cylindrica Fruit, Prunus Amygdalus Dulcis Oil, Sodium Chloride, Sodium Thiosulphate, Etidronic Acid, CI 19140, CI 42090, CI 77891, Benzyl benzoate, Benzyl salicylate, Citronellol, Geraniol, Hexyl cinnamaldehyde<\/p>\n<p>Manufacturer: SIA GARTDA, Alejas street 73, Daugavpils, LV-5401, Latvia, T. +371 65420849, <a href=\"mailto:info@gartda.lv\">info@gartda.lv<\/a><\/p>\n","protected":false},"featured_media":14508,"template":"","meta":[],"product_brand":[],"product_cat":[488],"product_tag":[],"class_list":{"0":"post-14507","1":"product","2":"type-product","3":"status-publish","4":"has-post-thumbnail","6":"product_cat-soap","7":"pa_box-bez-davanu-kastites","8":"pa_box-davanu-kastite","10":"first","11":"instock","12":"taxable","13":"shipping-taxable","14":"purchasable","15":"product-type-variable"},"yoast_head":"<!-- This site is optimized with the Yoast SEO Premium plugin v22.6 (Yoast SEO v27.3) - https:\/\/yoast.com\/product\/yoast-seo-premium-wordpress\/ -->\n<title>LEMONGRASS LOOFAH SOAP - NATURAL SOAP<\/title>\n<meta name=\"description\" content=\"With olive oil. With citrus aroma. With loofah. It&#039;s a great way to exfoliate your entire body, and you can do it quickly and daily in the shower.\" \/>\n<meta name=\"robots\" content=\"index, follow, max-snippet:-1, max-image-preview:large, max-video-preview:-1\" \/>\n<link rel=\"canonical\" href=\"https:\/\/naturalsoap.lv\/lv\/shop\/soap\/lemongrass-loofah-soap-2\/\" \/>\n<meta property=\"og:locale\" content=\"de_DE\" \/>\n<meta property=\"og:type\" content=\"article\" \/>\n<meta property=\"og:title\" content=\"[:lv]ZIEPES &#039;LEMONGRASS LOOFAH&#039;, 100gr[:en]LEMONGRASS LOOFAH SOAP, 100gr[:de]SEIFE &#039;LEMONGRASS LOOFAH&#039;, 100 gr[:ru]\u041c\u042b\u041b\u041e &#039;LEMONGRASS LOOFAH&#039;, 100gr[:]\" \/>\n<meta property=\"og:description\" content=\"With olive oil. With citrus aroma. With loofah. It&#039;s a great way to exfoliate your entire body, and you can do it quickly and daily in the shower.\" \/>\n<meta property=\"og:url\" content=\"https:\/\/naturalsoap.lv\/lv\/shop\/soap\/lemongrass-loofah-soap-2\/\" \/>\n<meta property=\"og:site_name\" content=\"NATURAL SOAP\" \/>\n<meta property=\"article:modified_time\" content=\"2025-04-15T11:56:08+00:00\" \/>\n<meta property=\"og:image\" content=\"https:\/\/naturalsoap.lv\/wp-content\/uploads\/2024\/05\/e1825126f887a2c052d710deeb36fe47_1692088593.jpeg\" \/>\n\t<meta property=\"og:image:width\" content=\"750\" \/>\n\t<meta property=\"og:image:height\" content=\"500\" \/>\n\t<meta property=\"og:image:type\" content=\"image\/jpeg\" \/>\n<meta name=\"twitter:card\" content=\"summary_large_image\" \/>\n<meta name=\"twitter:label1\" content=\"Gesch\u00e4tzte Lesezeit\" \/>\n\t<meta name=\"twitter:data1\" content=\"1\u00a0Minute\" \/>\n<script type=\"application\/ld+json\" class=\"yoast-schema-graph\">{\"@context\":\"https:\\\/\\\/schema.org\",\"@graph\":[{\"@type\":\"WebPage\",\"@id\":\"https:\\\/\\\/naturalsoap.lv\\\/lv\\\/shop\\\/soap\\\/lemongrass-loofah-soap-2\\\/\",\"url\":\"https:\\\/\\\/naturalsoap.lv\\\/lv\\\/shop\\\/soap\\\/lemongrass-loofah-soap-2\\\/\",\"name\":\"LEMONGRASS LOOFAH SOAP - NATURAL SOAP\",\"isPartOf\":{\"@id\":\"https:\\\/\\\/naturalsoap.lv\\\/en\\\/#website\"},\"primaryImageOfPage\":{\"@id\":\"https:\\\/\\\/naturalsoap.lv\\\/lv\\\/shop\\\/soap\\\/lemongrass-loofah-soap-2\\\/#primaryimage\"},\"image\":{\"@id\":\"https:\\\/\\\/naturalsoap.lv\\\/lv\\\/shop\\\/soap\\\/lemongrass-loofah-soap-2\\\/#primaryimage\"},\"thumbnailUrl\":\"https:\\\/\\\/naturalsoap.lv\\\/wp-content\\\/uploads\\\/2024\\\/05\\\/e1825126f887a2c052d710deeb36fe47_1692088593.jpeg\",\"datePublished\":\"2024-05-30T06:55:27+00:00\",\"dateModified\":\"2025-04-15T11:56:08+00:00\",\"description\":\"With olive oil. With citrus aroma. With loofah. It's a great way to exfoliate your entire body, and you can do it quickly and daily in the shower.\",\"breadcrumb\":{\"@id\":\"https:\\\/\\\/naturalsoap.lv\\\/lv\\\/shop\\\/soap\\\/lemongrass-loofah-soap-2\\\/#breadcrumb\"},\"inLanguage\":\"de\",\"potentialAction\":[{\"@type\":\"ReadAction\",\"target\":[\"https:\\\/\\\/naturalsoap.lv\\\/lv\\\/shop\\\/soap\\\/lemongrass-loofah-soap-2\\\/\"]}]},{\"@type\":\"ImageObject\",\"inLanguage\":\"de\",\"@id\":\"https:\\\/\\\/naturalsoap.lv\\\/lv\\\/shop\\\/soap\\\/lemongrass-loofah-soap-2\\\/#primaryimage\",\"url\":\"https:\\\/\\\/naturalsoap.lv\\\/wp-content\\\/uploads\\\/2024\\\/05\\\/e1825126f887a2c052d710deeb36fe47_1692088593.jpeg\",\"contentUrl\":\"https:\\\/\\\/naturalsoap.lv\\\/wp-content\\\/uploads\\\/2024\\\/05\\\/e1825126f887a2c052d710deeb36fe47_1692088593.jpeg\",\"width\":750,\"height\":500,\"caption\":\"Lemongrass loofah soap, 100gr.\"},{\"@type\":\"BreadcrumbList\",\"@id\":\"https:\\\/\\\/naturalsoap.lv\\\/lv\\\/shop\\\/soap\\\/lemongrass-loofah-soap-2\\\/#breadcrumb\",\"itemListElement\":[{\"@type\":\"ListItem\",\"position\":1,\"name\":\"Home\",\"item\":\"https:\\\/\\\/naturalsoap.lv\\\/en\\\/\"},{\"@type\":\"ListItem\",\"position\":2,\"name\":\"Shop\",\"item\":\"https:\\\/\\\/naturalsoap.lv\\\/en\\\/shop\\\/\"},{\"@type\":\"ListItem\",\"position\":3,\"name\":\"ZIEPES &#8216;LEMONGRASS LOOFAH&#8217;, 100gr\"}]},{\"@type\":\"WebSite\",\"@id\":\"https:\\\/\\\/naturalsoap.lv\\\/en\\\/#website\",\"url\":\"https:\\\/\\\/naturalsoap.lv\\\/en\\\/\",\"name\":\"NATURAL SOAP\",\"description\":\"Handgefertigte Bade- und Duschkosmetik.\",\"publisher\":{\"@id\":\"https:\\\/\\\/naturalsoap.lv\\\/en\\\/#organization\"},\"potentialAction\":[{\"@type\":\"SearchAction\",\"target\":{\"@type\":\"EntryPoint\",\"urlTemplate\":\"https:\\\/\\\/naturalsoap.lv\\\/en\\\/?s={search_term_string}\"},\"query-input\":{\"@type\":\"PropertyValueSpecification\",\"valueRequired\":true,\"valueName\":\"search_term_string\"}}],\"inLanguage\":\"de\"},{\"@type\":\"Organization\",\"@id\":\"https:\\\/\\\/naturalsoap.lv\\\/en\\\/#organization\",\"name\":\"NATURAL SOAP\",\"url\":\"https:\\\/\\\/naturalsoap.lv\\\/en\\\/\",\"logo\":{\"@type\":\"ImageObject\",\"inLanguage\":\"de\",\"@id\":\"https:\\\/\\\/naturalsoap.lv\\\/en\\\/#\\\/schema\\\/logo\\\/image\\\/\",\"url\":\"https:\\\/\\\/naturalsoap.lv\\\/wp-content\\\/uploads\\\/2024\\\/05\\\/Logo.svg\",\"contentUrl\":\"https:\\\/\\\/naturalsoap.lv\\\/wp-content\\\/uploads\\\/2024\\\/05\\\/Logo.svg\",\"width\":125,\"height\":34,\"caption\":\"NATURAL SOAP\"},\"image\":{\"@id\":\"https:\\\/\\\/naturalsoap.lv\\\/en\\\/#\\\/schema\\\/logo\\\/image\\\/\"}}]}<\/script>\n<!-- \/ Yoast SEO Premium plugin. -->","yoast_head_json":{"title":"LEMONGRASS LOOFAH SOAP - NATURAL SOAP","description":"With olive oil. With citrus aroma. With loofah. It's a great way to exfoliate your entire body, and you can do it quickly and daily in the shower.","robots":{"index":"index","follow":"follow","max-snippet":"max-snippet:-1","max-image-preview":"max-image-preview:large","max-video-preview":"max-video-preview:-1"},"canonical":"https:\/\/naturalsoap.lv\/lv\/shop\/soap\/lemongrass-loofah-soap-2\/","og_locale":"de_DE","og_type":"article","og_title":"[:lv]ZIEPES 'LEMONGRASS LOOFAH', 100gr[:en]LEMONGRASS LOOFAH SOAP, 100gr[:de]SEIFE 'LEMONGRASS LOOFAH', 100 gr[:ru]\u041c\u042b\u041b\u041e 'LEMONGRASS LOOFAH', 100gr[:]","og_description":"With olive oil. With citrus aroma. With loofah. It's a great way to exfoliate your entire body, and you can do it quickly and daily in the shower.","og_url":"https:\/\/naturalsoap.lv\/lv\/shop\/soap\/lemongrass-loofah-soap-2\/","og_site_name":"NATURAL SOAP","article_modified_time":"2025-04-15T11:56:08+00:00","og_image":[{"width":750,"height":500,"url":"https:\/\/naturalsoap.lv\/wp-content\/uploads\/2024\/05\/e1825126f887a2c052d710deeb36fe47_1692088593.jpeg","type":"image\/jpeg"}],"twitter_card":"summary_large_image","twitter_misc":{"Gesch\u00e4tzte Lesezeit":"1\u00a0Minute"},"schema":{"@context":"https:\/\/schema.org","@graph":[{"@type":"WebPage","@id":"https:\/\/naturalsoap.lv\/lv\/shop\/soap\/lemongrass-loofah-soap-2\/","url":"https:\/\/naturalsoap.lv\/lv\/shop\/soap\/lemongrass-loofah-soap-2\/","name":"LEMONGRASS LOOFAH SOAP - NATURAL SOAP","isPartOf":{"@id":"https:\/\/naturalsoap.lv\/en\/#website"},"primaryImageOfPage":{"@id":"https:\/\/naturalsoap.lv\/lv\/shop\/soap\/lemongrass-loofah-soap-2\/#primaryimage"},"image":{"@id":"https:\/\/naturalsoap.lv\/lv\/shop\/soap\/lemongrass-loofah-soap-2\/#primaryimage"},"thumbnailUrl":"https:\/\/naturalsoap.lv\/wp-content\/uploads\/2024\/05\/e1825126f887a2c052d710deeb36fe47_1692088593.jpeg","datePublished":"2024-05-30T06:55:27+00:00","dateModified":"2025-04-15T11:56:08+00:00","description":"With olive oil. With citrus aroma. With loofah. It's a great way to exfoliate your entire body, and you can do it quickly and daily in the shower.","breadcrumb":{"@id":"https:\/\/naturalsoap.lv\/lv\/shop\/soap\/lemongrass-loofah-soap-2\/#breadcrumb"},"inLanguage":"de","potentialAction":[{"@type":"ReadAction","target":["https:\/\/naturalsoap.lv\/lv\/shop\/soap\/lemongrass-loofah-soap-2\/"]}]},{"@type":"ImageObject","inLanguage":"de","@id":"https:\/\/naturalsoap.lv\/lv\/shop\/soap\/lemongrass-loofah-soap-2\/#primaryimage","url":"https:\/\/naturalsoap.lv\/wp-content\/uploads\/2024\/05\/e1825126f887a2c052d710deeb36fe47_1692088593.jpeg","contentUrl":"https:\/\/naturalsoap.lv\/wp-content\/uploads\/2024\/05\/e1825126f887a2c052d710deeb36fe47_1692088593.jpeg","width":750,"height":500,"caption":"Lemongrass loofah soap, 100gr."},{"@type":"BreadcrumbList","@id":"https:\/\/naturalsoap.lv\/lv\/shop\/soap\/lemongrass-loofah-soap-2\/#breadcrumb","itemListElement":[{"@type":"ListItem","position":1,"name":"Home","item":"https:\/\/naturalsoap.lv\/en\/"},{"@type":"ListItem","position":2,"name":"Shop","item":"https:\/\/naturalsoap.lv\/en\/shop\/"},{"@type":"ListItem","position":3,"name":"ZIEPES &#8216;LEMONGRASS LOOFAH&#8217;, 100gr"}]},{"@type":"WebSite","@id":"https:\/\/naturalsoap.lv\/en\/#website","url":"https:\/\/naturalsoap.lv\/en\/","name":"NATURAL SOAP","description":"Handgefertigte Bade- und Duschkosmetik.","publisher":{"@id":"https:\/\/naturalsoap.lv\/en\/#organization"},"potentialAction":[{"@type":"SearchAction","target":{"@type":"EntryPoint","urlTemplate":"https:\/\/naturalsoap.lv\/en\/?s={search_term_string}"},"query-input":{"@type":"PropertyValueSpecification","valueRequired":true,"valueName":"search_term_string"}}],"inLanguage":"de"},{"@type":"Organization","@id":"https:\/\/naturalsoap.lv\/en\/#organization","name":"NATURAL SOAP","url":"https:\/\/naturalsoap.lv\/en\/","logo":{"@type":"ImageObject","inLanguage":"de","@id":"https:\/\/naturalsoap.lv\/en\/#\/schema\/logo\/image\/","url":"https:\/\/naturalsoap.lv\/wp-content\/uploads\/2024\/05\/Logo.svg","contentUrl":"https:\/\/naturalsoap.lv\/wp-content\/uploads\/2024\/05\/Logo.svg","width":125,"height":34,"caption":"NATURAL SOAP"},"image":{"@id":"https:\/\/naturalsoap.lv\/en\/#\/schema\/logo\/image\/"}}]}},"_links":{"self":[{"href":"https:\/\/naturalsoap.lv\/de\/wp-json\/wp\/v2\/product\/14507","targetHints":{"allow":["GET"]}}],"collection":[{"href":"https:\/\/naturalsoap.lv\/de\/wp-json\/wp\/v2\/product"}],"about":[{"href":"https:\/\/naturalsoap.lv\/de\/wp-json\/wp\/v2\/types\/product"}],"wp:featuredmedia":[{"embeddable":true,"href":"https:\/\/naturalsoap.lv\/de\/wp-json\/wp\/v2\/media\/14508"}],"wp:attachment":[{"href":"https:\/\/naturalsoap.lv\/de\/wp-json\/wp\/v2\/media?parent=14507"}],"wp:term":[{"taxonomy":"product_brand","embeddable":true,"href":"https:\/\/naturalsoap.lv\/de\/wp-json\/wp\/v2\/product_brand?post=14507"},{"taxonomy":"product_cat","embeddable":true,"href":"https:\/\/naturalsoap.lv\/de\/wp-json\/wp\/v2\/product_cat?post=14507"},{"taxonomy":"product_tag","embeddable":true,"href":"https:\/\/naturalsoap.lv\/de\/wp-json\/wp\/v2\/product_tag?post=14507"}],"curies":[{"name":"wp","href":"https:\/\/api.w.org\/{rel}","templated":true}]}}