{"id":14489,"date":"2024-05-30T06:54:46","date_gmt":"2024-05-30T06:54:46","guid":{"rendered":"https:\/\/321.optimum.lv\/product\/grapefruit-loofah-soap-2\/"},"modified":"2025-04-15T12:01:46","modified_gmt":"2025-04-15T12:01:46","slug":"grapefruit-loofah-soap-2","status":"publish","type":"product","link":"https:\/\/naturalsoap.lv\/de\/shop\/soap\/grapefruit-loofah-soap-2\/","title":{"rendered":"SEIFE &#8218;GRAPEFRUIT LOOFAH&#8216;, 100gr"},"content":{"rendered":"<p>Met zoete amandelolie. Mit dem Duft reifer Grapefruit.<\/p>\n<p>Die Verwendung eines Luffas ist eines der besten Dinge, die Sie f\u00fcr Ihre Haut tun k\u00f6nnen. Es ist eine gro\u00dfartige M\u00f6glichkeit, den gesamten K\u00f6rper zu peelen, und Sie k\u00f6nnen es schnell und t\u00e4glich unter der Dusche durchf\u00fchren.<\/p>","protected":false},"excerpt":{"rendered":"<p>INCI: Aqua, Propylene Glycol, Stearic Acid, Sorbitol, Sodium Laureth Sulfate, Sucrose, Lauric Acid, Glycerin, Sodium Hydroxide, Parfum, Luffa Cylindrica Fruit, Prunus Amygdalus Dulcis Oil, Sodium Chloride, Sodium Thiosulphate, Etidronic Acid, CI 19140, CI 45410, CI 77891, Citral, Citronellol, Geraniol, Linalool<\/p>\n<p>Manufacturer: SIA GARTDA, Alejas street 73, Daugavpils, LV-5401, Latvia, T. +371 65420849, <a href=\"mailto:info@gartda.lv\">info@gartda.lv<\/a><\/p>\n","protected":false},"featured_media":14490,"template":"","meta":[],"product_brand":[],"product_cat":[488],"product_tag":[],"class_list":{"0":"post-14489","1":"product","2":"type-product","3":"status-publish","4":"has-post-thumbnail","6":"product_cat-soap","7":"pa_box-bez-davanu-kastites","8":"pa_box-davanu-kastite","10":"first","11":"instock","12":"taxable","13":"shipping-taxable","14":"purchasable","15":"product-type-variable"},"yoast_head":"<!-- This site is optimized with the Yoast SEO Premium plugin v22.6 (Yoast SEO v27.3) - https:\/\/yoast.com\/product\/yoast-seo-premium-wordpress\/ -->\n<title>SEIFE &#039;GRAPEFRUIT LOOFAH&#039;, 100gr - NATURAL SOAP<\/title>\n<meta name=\"description\" content=\"GRAPEFRUIT LOOFAH SOAP. With olive oil. With the scent of ripe grapefruit. With loofah. It&#039;s a great way to exfoliate your entire body.\" \/>\n<meta name=\"robots\" content=\"index, follow, max-snippet:-1, max-image-preview:large, max-video-preview:-1\" \/>\n<link rel=\"canonical\" href=\"https:\/\/naturalsoap.lv\/lv\/shop\/soap\/grapefruit-loofah-soap-2\/\" \/>\n<meta property=\"og:locale\" content=\"de_DE\" \/>\n<meta property=\"og:type\" content=\"article\" \/>\n<meta property=\"og:title\" content=\"[:lv]ZIEPES &#039;GRAPEFRUIT LOOFAH&#039;, 100gr[:en]GRAPEFRUIT LOOFAH SOAP, 100gr[:de]SEIFE &#039;GRAPEFRUIT LOOFAH&#039;, 100gr[:ru]\u041c\u042b\u041b\u041e &#039;GRAPEFRUIT LOOFAH&#039;, 100gr[:]\" \/>\n<meta property=\"og:description\" content=\"GRAPEFRUIT LOOFAH SOAP. With olive oil. With the scent of ripe grapefruit. With loofah. It&#039;s a great way to exfoliate your entire body.\" \/>\n<meta property=\"og:url\" content=\"https:\/\/naturalsoap.lv\/lv\/shop\/soap\/grapefruit-loofah-soap-2\/\" \/>\n<meta property=\"og:site_name\" content=\"NATURAL SOAP\" \/>\n<meta property=\"article:modified_time\" content=\"2025-04-15T12:01:46+00:00\" \/>\n<meta property=\"og:image\" content=\"https:\/\/naturalsoap.lv\/wp-content\/uploads\/2024\/05\/51cf383fbacfea10416ceb2a0c79b53d_1692088565.jpeg\" \/>\n\t<meta property=\"og:image:width\" content=\"750\" \/>\n\t<meta property=\"og:image:height\" content=\"500\" \/>\n\t<meta property=\"og:image:type\" content=\"image\/jpeg\" \/>\n<meta name=\"twitter:card\" content=\"summary_large_image\" \/>\n<meta name=\"twitter:label1\" content=\"Gesch\u00e4tzte Lesezeit\" \/>\n\t<meta name=\"twitter:data1\" content=\"1\u00a0Minute\" \/>\n<script type=\"application\/ld+json\" class=\"yoast-schema-graph\">{\"@context\":\"https:\\\/\\\/schema.org\",\"@graph\":[{\"@type\":\"WebPage\",\"@id\":\"https:\\\/\\\/naturalsoap.lv\\\/lv\\\/shop\\\/soap\\\/grapefruit-loofah-soap-2\\\/\",\"url\":\"https:\\\/\\\/naturalsoap.lv\\\/lv\\\/shop\\\/soap\\\/grapefruit-loofah-soap-2\\\/\",\"name\":\"[:lv]ZIEPES 'GRAPEFRUIT LOOFAH', 100gr[:en]GRAPEFRUIT LOOFAH SOAP, 100gr[:de]SEIFE 'GRAPEFRUIT LOOFAH', 100gr[:ru]\u041c\u042b\u041b\u041e 'GRAPEFRUIT LOOFAH', 100gr[:] - NATURAL SOAP\",\"isPartOf\":{\"@id\":\"https:\\\/\\\/naturalsoap.lv\\\/#website\"},\"primaryImageOfPage\":{\"@id\":\"https:\\\/\\\/naturalsoap.lv\\\/lv\\\/shop\\\/soap\\\/grapefruit-loofah-soap-2\\\/#primaryimage\"},\"image\":{\"@id\":\"https:\\\/\\\/naturalsoap.lv\\\/lv\\\/shop\\\/soap\\\/grapefruit-loofah-soap-2\\\/#primaryimage\"},\"thumbnailUrl\":\"https:\\\/\\\/naturalsoap.lv\\\/wp-content\\\/uploads\\\/2024\\\/05\\\/51cf383fbacfea10416ceb2a0c79b53d_1692088565.jpeg\",\"datePublished\":\"2024-05-30T06:54:46+00:00\",\"dateModified\":\"2025-04-15T12:01:46+00:00\",\"description\":\"GRAPEFRUIT LOOFAH SOAP. With olive oil. With the scent of ripe grapefruit. With loofah. It's a great way to exfoliate your entire body.\",\"breadcrumb\":{\"@id\":\"https:\\\/\\\/naturalsoap.lv\\\/lv\\\/shop\\\/soap\\\/grapefruit-loofah-soap-2\\\/#breadcrumb\"},\"inLanguage\":\"de\",\"potentialAction\":[{\"@type\":\"ReadAction\",\"target\":[\"https:\\\/\\\/naturalsoap.lv\\\/lv\\\/shop\\\/soap\\\/grapefruit-loofah-soap-2\\\/\"]}]},{\"@type\":\"ImageObject\",\"inLanguage\":\"de\",\"@id\":\"https:\\\/\\\/naturalsoap.lv\\\/lv\\\/shop\\\/soap\\\/grapefruit-loofah-soap-2\\\/#primaryimage\",\"url\":\"https:\\\/\\\/naturalsoap.lv\\\/wp-content\\\/uploads\\\/2024\\\/05\\\/51cf383fbacfea10416ceb2a0c79b53d_1692088565.jpeg\",\"contentUrl\":\"https:\\\/\\\/naturalsoap.lv\\\/wp-content\\\/uploads\\\/2024\\\/05\\\/51cf383fbacfea10416ceb2a0c79b53d_1692088565.jpeg\",\"width\":750,\"height\":500,\"caption\":\"GRAPEFRUIT LOOFAH SOAP, 100gr\"},{\"@type\":\"BreadcrumbList\",\"@id\":\"https:\\\/\\\/naturalsoap.lv\\\/lv\\\/shop\\\/soap\\\/grapefruit-loofah-soap-2\\\/#breadcrumb\",\"itemListElement\":[{\"@type\":\"ListItem\",\"position\":1,\"name\":\"Home\",\"item\":\"https:\\\/\\\/naturalsoap.lv\\\/\"},{\"@type\":\"ListItem\",\"position\":2,\"name\":\"E-veikals\",\"item\":\"https:\\\/\\\/naturalsoap.lv\\\/lv\\\/shop\\\/\"},{\"@type\":\"ListItem\",\"position\":3,\"name\":\"ZIEPES &#8216;GRAPEFRUIT LOOFAH&#8217;, 100gr\"}]},{\"@type\":\"WebSite\",\"@id\":\"https:\\\/\\\/naturalsoap.lv\\\/#website\",\"url\":\"https:\\\/\\\/naturalsoap.lv\\\/\",\"name\":\"NATURAL SOAP\",\"description\":\"Handgefertigte Bade- und Duschkosmetik.\",\"publisher\":{\"@id\":\"https:\\\/\\\/naturalsoap.lv\\\/#organization\"},\"potentialAction\":[{\"@type\":\"SearchAction\",\"target\":{\"@type\":\"EntryPoint\",\"urlTemplate\":\"https:\\\/\\\/naturalsoap.lv\\\/?s={search_term_string}\"},\"query-input\":{\"@type\":\"PropertyValueSpecification\",\"valueRequired\":true,\"valueName\":\"search_term_string\"}}],\"inLanguage\":\"de\"},{\"@type\":\"Organization\",\"@id\":\"https:\\\/\\\/naturalsoap.lv\\\/#organization\",\"name\":\"NATURAL SOAP\",\"url\":\"https:\\\/\\\/naturalsoap.lv\\\/\",\"logo\":{\"@type\":\"ImageObject\",\"inLanguage\":\"de\",\"@id\":\"https:\\\/\\\/naturalsoap.lv\\\/#\\\/schema\\\/logo\\\/image\\\/\",\"url\":\"https:\\\/\\\/naturalsoap.lv\\\/wp-content\\\/uploads\\\/2024\\\/05\\\/Logo.svg\",\"contentUrl\":\"https:\\\/\\\/naturalsoap.lv\\\/wp-content\\\/uploads\\\/2024\\\/05\\\/Logo.svg\",\"width\":125,\"height\":34,\"caption\":\"NATURAL SOAP\"},\"image\":{\"@id\":\"https:\\\/\\\/naturalsoap.lv\\\/#\\\/schema\\\/logo\\\/image\\\/\"}}]}<\/script>\n<!-- \/ Yoast SEO Premium plugin. -->","yoast_head_json":{"title":"[:lv]ZIEPES 'GRAPEFRUIT LOOFAH', 100gr[:en]GRAPEFRUIT LOOFAH SOAP, 100gr[:de]SEIFE 'GRAPEFRUIT LOOFAH', 100gr[:ru]\u041c\u042b\u041b\u041e 'GRAPEFRUIT LOOFAH', 100gr[:] - NATURAL SOAP","description":"GRAPEFRUIT LOOFAH SOAP. With olive oil. With the scent of ripe grapefruit. With loofah. It's a great way to exfoliate your entire body.","robots":{"index":"index","follow":"follow","max-snippet":"max-snippet:-1","max-image-preview":"max-image-preview:large","max-video-preview":"max-video-preview:-1"},"canonical":"https:\/\/naturalsoap.lv\/lv\/shop\/soap\/grapefruit-loofah-soap-2\/","og_locale":"de_DE","og_type":"article","og_title":"[:lv]ZIEPES 'GRAPEFRUIT LOOFAH', 100gr[:en]GRAPEFRUIT LOOFAH SOAP, 100gr[:de]SEIFE 'GRAPEFRUIT LOOFAH', 100gr[:ru]\u041c\u042b\u041b\u041e 'GRAPEFRUIT LOOFAH', 100gr[:]","og_description":"GRAPEFRUIT LOOFAH SOAP. With olive oil. With the scent of ripe grapefruit. With loofah. It's a great way to exfoliate your entire body.","og_url":"https:\/\/naturalsoap.lv\/lv\/shop\/soap\/grapefruit-loofah-soap-2\/","og_site_name":"NATURAL SOAP","article_modified_time":"2025-04-15T12:01:46+00:00","og_image":[{"width":750,"height":500,"url":"https:\/\/naturalsoap.lv\/wp-content\/uploads\/2024\/05\/51cf383fbacfea10416ceb2a0c79b53d_1692088565.jpeg","type":"image\/jpeg"}],"twitter_card":"summary_large_image","twitter_misc":{"Gesch\u00e4tzte Lesezeit":"1\u00a0Minute"},"schema":{"@context":"https:\/\/schema.org","@graph":[{"@type":"WebPage","@id":"https:\/\/naturalsoap.lv\/lv\/shop\/soap\/grapefruit-loofah-soap-2\/","url":"https:\/\/naturalsoap.lv\/lv\/shop\/soap\/grapefruit-loofah-soap-2\/","name":"[:lv]ZIEPES 'GRAPEFRUIT LOOFAH', 100gr[:en]GRAPEFRUIT LOOFAH SOAP, 100gr[:de]SEIFE 'GRAPEFRUIT LOOFAH', 100gr[:ru]\u041c\u042b\u041b\u041e 'GRAPEFRUIT LOOFAH', 100gr[:] - NATURAL SOAP","isPartOf":{"@id":"https:\/\/naturalsoap.lv\/#website"},"primaryImageOfPage":{"@id":"https:\/\/naturalsoap.lv\/lv\/shop\/soap\/grapefruit-loofah-soap-2\/#primaryimage"},"image":{"@id":"https:\/\/naturalsoap.lv\/lv\/shop\/soap\/grapefruit-loofah-soap-2\/#primaryimage"},"thumbnailUrl":"https:\/\/naturalsoap.lv\/wp-content\/uploads\/2024\/05\/51cf383fbacfea10416ceb2a0c79b53d_1692088565.jpeg","datePublished":"2024-05-30T06:54:46+00:00","dateModified":"2025-04-15T12:01:46+00:00","description":"GRAPEFRUIT LOOFAH SOAP. With olive oil. With the scent of ripe grapefruit. With loofah. It's a great way to exfoliate your entire body.","breadcrumb":{"@id":"https:\/\/naturalsoap.lv\/lv\/shop\/soap\/grapefruit-loofah-soap-2\/#breadcrumb"},"inLanguage":"de","potentialAction":[{"@type":"ReadAction","target":["https:\/\/naturalsoap.lv\/lv\/shop\/soap\/grapefruit-loofah-soap-2\/"]}]},{"@type":"ImageObject","inLanguage":"de","@id":"https:\/\/naturalsoap.lv\/lv\/shop\/soap\/grapefruit-loofah-soap-2\/#primaryimage","url":"https:\/\/naturalsoap.lv\/wp-content\/uploads\/2024\/05\/51cf383fbacfea10416ceb2a0c79b53d_1692088565.jpeg","contentUrl":"https:\/\/naturalsoap.lv\/wp-content\/uploads\/2024\/05\/51cf383fbacfea10416ceb2a0c79b53d_1692088565.jpeg","width":750,"height":500,"caption":"GRAPEFRUIT LOOFAH SOAP, 100gr"},{"@type":"BreadcrumbList","@id":"https:\/\/naturalsoap.lv\/lv\/shop\/soap\/grapefruit-loofah-soap-2\/#breadcrumb","itemListElement":[{"@type":"ListItem","position":1,"name":"Home","item":"https:\/\/naturalsoap.lv\/"},{"@type":"ListItem","position":2,"name":"E-veikals","item":"https:\/\/naturalsoap.lv\/lv\/shop\/"},{"@type":"ListItem","position":3,"name":"ZIEPES &#8216;GRAPEFRUIT LOOFAH&#8217;, 100gr"}]},{"@type":"WebSite","@id":"https:\/\/naturalsoap.lv\/#website","url":"https:\/\/naturalsoap.lv\/","name":"NATURAL SOAP","description":"Handgefertigte Bade- und Duschkosmetik.","publisher":{"@id":"https:\/\/naturalsoap.lv\/#organization"},"potentialAction":[{"@type":"SearchAction","target":{"@type":"EntryPoint","urlTemplate":"https:\/\/naturalsoap.lv\/?s={search_term_string}"},"query-input":{"@type":"PropertyValueSpecification","valueRequired":true,"valueName":"search_term_string"}}],"inLanguage":"de"},{"@type":"Organization","@id":"https:\/\/naturalsoap.lv\/#organization","name":"NATURAL SOAP","url":"https:\/\/naturalsoap.lv\/","logo":{"@type":"ImageObject","inLanguage":"de","@id":"https:\/\/naturalsoap.lv\/#\/schema\/logo\/image\/","url":"https:\/\/naturalsoap.lv\/wp-content\/uploads\/2024\/05\/Logo.svg","contentUrl":"https:\/\/naturalsoap.lv\/wp-content\/uploads\/2024\/05\/Logo.svg","width":125,"height":34,"caption":"NATURAL SOAP"},"image":{"@id":"https:\/\/naturalsoap.lv\/#\/schema\/logo\/image\/"}}]}},"_links":{"self":[{"href":"https:\/\/naturalsoap.lv\/de\/wp-json\/wp\/v2\/product\/14489","targetHints":{"allow":["GET"]}}],"collection":[{"href":"https:\/\/naturalsoap.lv\/de\/wp-json\/wp\/v2\/product"}],"about":[{"href":"https:\/\/naturalsoap.lv\/de\/wp-json\/wp\/v2\/types\/product"}],"wp:featuredmedia":[{"embeddable":true,"href":"https:\/\/naturalsoap.lv\/de\/wp-json\/wp\/v2\/media\/14490"}],"wp:attachment":[{"href":"https:\/\/naturalsoap.lv\/de\/wp-json\/wp\/v2\/media?parent=14489"}],"wp:term":[{"taxonomy":"product_brand","embeddable":true,"href":"https:\/\/naturalsoap.lv\/de\/wp-json\/wp\/v2\/product_brand?post=14489"},{"taxonomy":"product_cat","embeddable":true,"href":"https:\/\/naturalsoap.lv\/de\/wp-json\/wp\/v2\/product_cat?post=14489"},{"taxonomy":"product_tag","embeddable":true,"href":"https:\/\/naturalsoap.lv\/de\/wp-json\/wp\/v2\/product_tag?post=14489"}],"curies":[{"name":"wp","href":"https:\/\/api.w.org\/{rel}","templated":true}]}}