{"id":14420,"date":"2024-05-30T06:53:15","date_gmt":"2024-05-30T06:53:15","guid":{"rendered":"https:\/\/321.optimum.lv\/product\/blue-clay-soap-2\/"},"modified":"2025-04-15T12:15:09","modified_gmt":"2025-04-15T12:15:09","slug":"blue-clay-soap-2","status":"publish","type":"product","link":"https:\/\/naturalsoap.lv\/de\/shop\/soap\/blue-clay-soap-2\/","title":{"rendered":"SEIFE &#8218;BLUE CLAY&#8216;, 100gr"},"content":{"rendered":"<p>Vegan. Gemaakt van natuurlijke ingredi\u00ebnten. Mit blauer Tonerde.<\/p>\n<p>Blauer Ton ist eine verf\u00fcgbare nat\u00fcrliche Ressource, die abgebaut oder aus der Erde gepfl\u00fcckt wird und uns wunderbare Vorteile bringt, wenn sie der Seife zugesetzt wird. Es ist reich an Mineralien, absorbiert \u00d6l aus der Haut und belebt und reinigt die Haut. Blauer Ton ist auch ein nat\u00fcrlicher Farbstoff.<\/p>\n<p>Ein wundersch\u00f6ner wei\u00dfer Blumenstrau\u00df aus Jasmin, Rosenbl\u00fcten und Maigl\u00f6ckchen.<\/p>","protected":false},"excerpt":{"rendered":"<p>INCI: Aqua, Sodium Palmate, Glycerin, Propylene Glycol, Sorbitol, Sodium palm kernelate, Sodium coco-sulfate, Cocamidopropyl betaine, Parfum, Stearic Acid, Clay, Sodium silicate, CI 74160, CI 77891, CI 74260, Acetyl Cedrene, Amyl Cinnamal, Benzyl Salicylate, Cinnamal, Citronellol, Hexamethylindanopyran, Linalool, Linalyl Acetate, Tetramethyl acetyloctahydronaphthalenes, Trimethylcyclopentenyl Methylisopentenol<\/p>\n<p>Manufacturer: SIA GARTDA, Alejas street 73, Daugavpils, LV-5401, Latvia, T. +371 65420849, <a href=\"mailto:info@gartda.lv\">info@gartda.lv<\/a><\/p>\n","protected":false},"featured_media":14461,"template":"","meta":[],"product_brand":[],"product_cat":[488],"product_tag":[],"class_list":{"0":"post-14420","1":"product","2":"type-product","3":"status-publish","4":"has-post-thumbnail","6":"product_cat-soap","7":"pa_box-bez-davanu-kastites","8":"pa_box-davanu-kastite","10":"first","11":"instock","12":"taxable","13":"shipping-taxable","14":"purchasable","15":"product-type-variable"},"yoast_head":"<!-- This site is optimized with the Yoast SEO Premium plugin v22.6 (Yoast SEO v27.3) - https:\/\/yoast.com\/product\/yoast-seo-premium-wordpress\/ -->\n<title>SEIFE &#039;BLUE CLAY&#039;, 100gr - NATURAL SOAP<\/title>\n<meta name=\"description\" content=\"BLUE CLAY SOAP. With cocoa butter and blue clay. A wonderful white flower bouquet of jasmine, rose petals and muguet. Handmade soap.\" \/>\n<meta name=\"robots\" content=\"index, follow, max-snippet:-1, max-image-preview:large, max-video-preview:-1\" \/>\n<link rel=\"canonical\" href=\"https:\/\/naturalsoap.lv\/de\/shop\/soap\/blue-clay-soap-2\/\" \/>\n<meta property=\"og:locale\" content=\"de_DE\" \/>\n<meta property=\"og:type\" content=\"article\" \/>\n<meta property=\"og:title\" content=\"[:lv]ZIEPES &#039;BLUE CLAY&#039;, 100gr[:en]BLUE CLAY SOAP, 100gr[:de]SEIFE &#039;BLUE CLAY&#039;, 100gr[:ru]\u041c\u042b\u041b\u041e &#039;BLUE CLAY&#039;, 100gr[:]\" \/>\n<meta property=\"og:description\" content=\"BLUE CLAY SOAP. With cocoa butter and blue clay. A wonderful white flower bouquet of jasmine, rose petals and muguet. Handmade soap.\" \/>\n<meta property=\"og:url\" content=\"https:\/\/naturalsoap.lv\/de\/shop\/soap\/blue-clay-soap-2\/\" \/>\n<meta property=\"og:site_name\" content=\"NATURAL SOAP\" \/>\n<meta property=\"article:modified_time\" content=\"2025-04-15T12:15:09+00:00\" \/>\n<meta property=\"og:image\" content=\"https:\/\/naturalsoap.lv\/wp-content\/uploads\/2024\/05\/b2683dc390a7dfc65722fec560bbbd4e_1692088512-2.jpeg\" \/>\n\t<meta property=\"og:image:width\" content=\"750\" \/>\n\t<meta property=\"og:image:height\" content=\"500\" \/>\n\t<meta property=\"og:image:type\" content=\"image\/jpeg\" \/>\n<meta name=\"twitter:card\" content=\"summary_large_image\" \/>\n<meta name=\"twitter:label1\" content=\"Gesch\u00e4tzte Lesezeit\" \/>\n\t<meta name=\"twitter:data1\" content=\"1\u00a0Minute\" \/>\n<script type=\"application\/ld+json\" class=\"yoast-schema-graph\">{\"@context\":\"https:\\\/\\\/schema.org\",\"@graph\":[{\"@type\":\"WebPage\",\"@id\":\"https:\\\/\\\/naturalsoap.lv\\\/de\\\/shop\\\/soap\\\/blue-clay-soap-2\\\/\",\"url\":\"https:\\\/\\\/naturalsoap.lv\\\/de\\\/shop\\\/soap\\\/blue-clay-soap-2\\\/\",\"name\":\"[:lv]ZIEPES 'BLUE CLAY', 100gr[:en]BLUE CLAY SOAP, 100gr[:de]SEIFE 'BLUE CLAY', 100gr[:ru]\u041c\u042b\u041b\u041e 'BLUE CLAY', 100gr[:] - NATURAL SOAP\",\"isPartOf\":{\"@id\":\"https:\\\/\\\/naturalsoap.lv\\\/en\\\/#website\"},\"primaryImageOfPage\":{\"@id\":\"https:\\\/\\\/naturalsoap.lv\\\/de\\\/shop\\\/soap\\\/blue-clay-soap-2\\\/#primaryimage\"},\"image\":{\"@id\":\"https:\\\/\\\/naturalsoap.lv\\\/de\\\/shop\\\/soap\\\/blue-clay-soap-2\\\/#primaryimage\"},\"thumbnailUrl\":\"https:\\\/\\\/naturalsoap.lv\\\/wp-content\\\/uploads\\\/2024\\\/05\\\/b2683dc390a7dfc65722fec560bbbd4e_1692088512-2.jpeg\",\"datePublished\":\"2024-05-30T06:53:15+00:00\",\"dateModified\":\"2025-04-15T12:15:09+00:00\",\"description\":\"BLUE CLAY SOAP. With cocoa butter and blue clay. A wonderful white flower bouquet of jasmine, rose petals and muguet. Handmade soap.\",\"breadcrumb\":{\"@id\":\"https:\\\/\\\/naturalsoap.lv\\\/de\\\/shop\\\/soap\\\/blue-clay-soap-2\\\/#breadcrumb\"},\"inLanguage\":\"de\",\"potentialAction\":[{\"@type\":\"ReadAction\",\"target\":[\"https:\\\/\\\/naturalsoap.lv\\\/de\\\/shop\\\/soap\\\/blue-clay-soap-2\\\/\"]}]},{\"@type\":\"ImageObject\",\"inLanguage\":\"de\",\"@id\":\"https:\\\/\\\/naturalsoap.lv\\\/de\\\/shop\\\/soap\\\/blue-clay-soap-2\\\/#primaryimage\",\"url\":\"https:\\\/\\\/naturalsoap.lv\\\/wp-content\\\/uploads\\\/2024\\\/05\\\/b2683dc390a7dfc65722fec560bbbd4e_1692088512-2.jpeg\",\"contentUrl\":\"https:\\\/\\\/naturalsoap.lv\\\/wp-content\\\/uploads\\\/2024\\\/05\\\/b2683dc390a7dfc65722fec560bbbd4e_1692088512-2.jpeg\",\"width\":750,\"height\":500,\"caption\":\"BLUE CLAY SOAP, 100gr\"},{\"@type\":\"BreadcrumbList\",\"@id\":\"https:\\\/\\\/naturalsoap.lv\\\/de\\\/shop\\\/soap\\\/blue-clay-soap-2\\\/#breadcrumb\",\"itemListElement\":[{\"@type\":\"ListItem\",\"position\":1,\"name\":\"Home\",\"item\":\"https:\\\/\\\/naturalsoap.lv\\\/en\\\/\"},{\"@type\":\"ListItem\",\"position\":2,\"name\":\"Shop\",\"item\":\"https:\\\/\\\/naturalsoap.lv\\\/en\\\/shop\\\/\"},{\"@type\":\"ListItem\",\"position\":3,\"name\":\"SEIFE &#8218;BLUE CLAY&#8216;, 100gr\"}]},{\"@type\":\"WebSite\",\"@id\":\"https:\\\/\\\/naturalsoap.lv\\\/en\\\/#website\",\"url\":\"https:\\\/\\\/naturalsoap.lv\\\/en\\\/\",\"name\":\"NATURAL SOAP\",\"description\":\"Handgefertigte Bade- und Duschkosmetik.\",\"publisher\":{\"@id\":\"https:\\\/\\\/naturalsoap.lv\\\/en\\\/#organization\"},\"potentialAction\":[{\"@type\":\"SearchAction\",\"target\":{\"@type\":\"EntryPoint\",\"urlTemplate\":\"https:\\\/\\\/naturalsoap.lv\\\/en\\\/?s={search_term_string}\"},\"query-input\":{\"@type\":\"PropertyValueSpecification\",\"valueRequired\":true,\"valueName\":\"search_term_string\"}}],\"inLanguage\":\"de\"},{\"@type\":\"Organization\",\"@id\":\"https:\\\/\\\/naturalsoap.lv\\\/en\\\/#organization\",\"name\":\"NATURAL SOAP\",\"url\":\"https:\\\/\\\/naturalsoap.lv\\\/en\\\/\",\"logo\":{\"@type\":\"ImageObject\",\"inLanguage\":\"de\",\"@id\":\"https:\\\/\\\/naturalsoap.lv\\\/en\\\/#\\\/schema\\\/logo\\\/image\\\/\",\"url\":\"https:\\\/\\\/naturalsoap.lv\\\/wp-content\\\/uploads\\\/2024\\\/05\\\/Logo.svg\",\"contentUrl\":\"https:\\\/\\\/naturalsoap.lv\\\/wp-content\\\/uploads\\\/2024\\\/05\\\/Logo.svg\",\"width\":125,\"height\":34,\"caption\":\"NATURAL SOAP\"},\"image\":{\"@id\":\"https:\\\/\\\/naturalsoap.lv\\\/en\\\/#\\\/schema\\\/logo\\\/image\\\/\"}}]}<\/script>\n<!-- \/ Yoast SEO Premium plugin. -->","yoast_head_json":{"title":"[:lv]ZIEPES 'BLUE CLAY', 100gr[:en]BLUE CLAY SOAP, 100gr[:de]SEIFE 'BLUE CLAY', 100gr[:ru]\u041c\u042b\u041b\u041e 'BLUE CLAY', 100gr[:] - NATURAL SOAP","description":"BLUE CLAY SOAP. With cocoa butter and blue clay. A wonderful white flower bouquet of jasmine, rose petals and muguet. Handmade soap.","robots":{"index":"index","follow":"follow","max-snippet":"max-snippet:-1","max-image-preview":"max-image-preview:large","max-video-preview":"max-video-preview:-1"},"canonical":"https:\/\/naturalsoap.lv\/de\/shop\/soap\/blue-clay-soap-2\/","og_locale":"de_DE","og_type":"article","og_title":"[:lv]ZIEPES 'BLUE CLAY', 100gr[:en]BLUE CLAY SOAP, 100gr[:de]SEIFE 'BLUE CLAY', 100gr[:ru]\u041c\u042b\u041b\u041e 'BLUE CLAY', 100gr[:]","og_description":"BLUE CLAY SOAP. With cocoa butter and blue clay. A wonderful white flower bouquet of jasmine, rose petals and muguet. Handmade soap.","og_url":"https:\/\/naturalsoap.lv\/de\/shop\/soap\/blue-clay-soap-2\/","og_site_name":"NATURAL SOAP","article_modified_time":"2025-04-15T12:15:09+00:00","og_image":[{"width":750,"height":500,"url":"https:\/\/naturalsoap.lv\/wp-content\/uploads\/2024\/05\/b2683dc390a7dfc65722fec560bbbd4e_1692088512-2.jpeg","type":"image\/jpeg"}],"twitter_card":"summary_large_image","twitter_misc":{"Gesch\u00e4tzte Lesezeit":"1\u00a0Minute"},"schema":{"@context":"https:\/\/schema.org","@graph":[{"@type":"WebPage","@id":"https:\/\/naturalsoap.lv\/de\/shop\/soap\/blue-clay-soap-2\/","url":"https:\/\/naturalsoap.lv\/de\/shop\/soap\/blue-clay-soap-2\/","name":"[:lv]ZIEPES 'BLUE CLAY', 100gr[:en]BLUE CLAY SOAP, 100gr[:de]SEIFE 'BLUE CLAY', 100gr[:ru]\u041c\u042b\u041b\u041e 'BLUE CLAY', 100gr[:] - NATURAL SOAP","isPartOf":{"@id":"https:\/\/naturalsoap.lv\/en\/#website"},"primaryImageOfPage":{"@id":"https:\/\/naturalsoap.lv\/de\/shop\/soap\/blue-clay-soap-2\/#primaryimage"},"image":{"@id":"https:\/\/naturalsoap.lv\/de\/shop\/soap\/blue-clay-soap-2\/#primaryimage"},"thumbnailUrl":"https:\/\/naturalsoap.lv\/wp-content\/uploads\/2024\/05\/b2683dc390a7dfc65722fec560bbbd4e_1692088512-2.jpeg","datePublished":"2024-05-30T06:53:15+00:00","dateModified":"2025-04-15T12:15:09+00:00","description":"BLUE CLAY SOAP. With cocoa butter and blue clay. A wonderful white flower bouquet of jasmine, rose petals and muguet. Handmade soap.","breadcrumb":{"@id":"https:\/\/naturalsoap.lv\/de\/shop\/soap\/blue-clay-soap-2\/#breadcrumb"},"inLanguage":"de","potentialAction":[{"@type":"ReadAction","target":["https:\/\/naturalsoap.lv\/de\/shop\/soap\/blue-clay-soap-2\/"]}]},{"@type":"ImageObject","inLanguage":"de","@id":"https:\/\/naturalsoap.lv\/de\/shop\/soap\/blue-clay-soap-2\/#primaryimage","url":"https:\/\/naturalsoap.lv\/wp-content\/uploads\/2024\/05\/b2683dc390a7dfc65722fec560bbbd4e_1692088512-2.jpeg","contentUrl":"https:\/\/naturalsoap.lv\/wp-content\/uploads\/2024\/05\/b2683dc390a7dfc65722fec560bbbd4e_1692088512-2.jpeg","width":750,"height":500,"caption":"BLUE CLAY SOAP, 100gr"},{"@type":"BreadcrumbList","@id":"https:\/\/naturalsoap.lv\/de\/shop\/soap\/blue-clay-soap-2\/#breadcrumb","itemListElement":[{"@type":"ListItem","position":1,"name":"Home","item":"https:\/\/naturalsoap.lv\/en\/"},{"@type":"ListItem","position":2,"name":"Shop","item":"https:\/\/naturalsoap.lv\/en\/shop\/"},{"@type":"ListItem","position":3,"name":"SEIFE &#8218;BLUE CLAY&#8216;, 100gr"}]},{"@type":"WebSite","@id":"https:\/\/naturalsoap.lv\/en\/#website","url":"https:\/\/naturalsoap.lv\/en\/","name":"NATURAL SOAP","description":"Handgefertigte Bade- und Duschkosmetik.","publisher":{"@id":"https:\/\/naturalsoap.lv\/en\/#organization"},"potentialAction":[{"@type":"SearchAction","target":{"@type":"EntryPoint","urlTemplate":"https:\/\/naturalsoap.lv\/en\/?s={search_term_string}"},"query-input":{"@type":"PropertyValueSpecification","valueRequired":true,"valueName":"search_term_string"}}],"inLanguage":"de"},{"@type":"Organization","@id":"https:\/\/naturalsoap.lv\/en\/#organization","name":"NATURAL SOAP","url":"https:\/\/naturalsoap.lv\/en\/","logo":{"@type":"ImageObject","inLanguage":"de","@id":"https:\/\/naturalsoap.lv\/en\/#\/schema\/logo\/image\/","url":"https:\/\/naturalsoap.lv\/wp-content\/uploads\/2024\/05\/Logo.svg","contentUrl":"https:\/\/naturalsoap.lv\/wp-content\/uploads\/2024\/05\/Logo.svg","width":125,"height":34,"caption":"NATURAL SOAP"},"image":{"@id":"https:\/\/naturalsoap.lv\/en\/#\/schema\/logo\/image\/"}}]}},"_links":{"self":[{"href":"https:\/\/naturalsoap.lv\/de\/wp-json\/wp\/v2\/product\/14420","targetHints":{"allow":["GET"]}}],"collection":[{"href":"https:\/\/naturalsoap.lv\/de\/wp-json\/wp\/v2\/product"}],"about":[{"href":"https:\/\/naturalsoap.lv\/de\/wp-json\/wp\/v2\/types\/product"}],"wp:featuredmedia":[{"embeddable":true,"href":"https:\/\/naturalsoap.lv\/de\/wp-json\/wp\/v2\/media\/14461"}],"wp:attachment":[{"href":"https:\/\/naturalsoap.lv\/de\/wp-json\/wp\/v2\/media?parent=14420"}],"wp:term":[{"taxonomy":"product_brand","embeddable":true,"href":"https:\/\/naturalsoap.lv\/de\/wp-json\/wp\/v2\/product_brand?post=14420"},{"taxonomy":"product_cat","embeddable":true,"href":"https:\/\/naturalsoap.lv\/de\/wp-json\/wp\/v2\/product_cat?post=14420"},{"taxonomy":"product_tag","embeddable":true,"href":"https:\/\/naturalsoap.lv\/de\/wp-json\/wp\/v2\/product_tag?post=14420"}],"curies":[{"name":"wp","href":"https:\/\/api.w.org\/{rel}","templated":true}]}}