{"id":628,"date":"2022-01-19T09:40:52","date_gmt":"2022-01-19T09:40:52","guid":{"rendered":"https:\/\/startersites.io\/stagingthree\/?page_id=628"},"modified":"2024-07-24T10:37:43","modified_gmt":"2024-07-24T10:37:43","slug":"about-us","status":"publish","type":"page","link":"https:\/\/naturalsoap.lv\/de\/about-us\/","title":{"rendered":"\u00dcber uns"},"content":{"rendered":"<div class=\"wp-block-stackable-columns stk-block-columns stk-block stk-c2ac7ed\" data-block-id=\"c2ac7ed\"><div class=\"stk-row stk-inner-blocks stk-block-content stk-content-align stk-c2ac7ed-column\">\n<div class=\"wp-block-stackable-column stk-block-column stk-column stk-block stk-7ab8fc8\" data-v=\"4\" data-block-id=\"7ab8fc8\"><div class=\"stk-column-wrapper stk-block-column__content stk-container stk-7ab8fc8-container stk--no-background stk--no-padding\"><div class=\"stk-block-content stk-inner-blocks stk-7ab8fc8-inner-blocks\">\n<figure class=\"wp-block-image alignfull size-full is-style-default\"><img fetchpriority=\"high\" decoding=\"async\" width=\"1260\" height=\"560\" src=\"https:\/\/naturalsoap.lv\/wp-content\/uploads\/2024\/06\/Scrubs.jpg\" alt=\"\" class=\"wp-image-15701\" srcset=\"https:\/\/naturalsoap.lv\/wp-content\/uploads\/2024\/06\/Scrubs.jpg 1260w, https:\/\/naturalsoap.lv\/wp-content\/uploads\/2024\/06\/Scrubs-300x133.jpg 300w, https:\/\/naturalsoap.lv\/wp-content\/uploads\/2024\/06\/Scrubs-600x267.jpg 600w, https:\/\/naturalsoap.lv\/wp-content\/uploads\/2024\/06\/Scrubs-400x178.jpg 400w, https:\/\/naturalsoap.lv\/wp-content\/uploads\/2024\/06\/Scrubs-1024x455.jpg 1024w, https:\/\/naturalsoap.lv\/wp-content\/uploads\/2024\/06\/Scrubs-768x341.jpg 768w\" sizes=\"(max-width: 1260px) 100vw, 1260px\" \/><\/figure>\n<\/div><\/div><\/div>\n<\/div><\/div>\n\n\n\n<div class=\"wp-block-stackable-spacer stk-block-spacer stk--no-padding stk-block stk-dbsf7yp\" data-block-id=\"dbsf7yp\"><style>.stk-dbsf7yp{height:50px !important}@media screen and (max-width:689px){.stk-dbsf7yp{height:20px !important}}<\/style><\/div>\n\n\n\n<div class=\"wp-block-stackable-heading stk-block-heading stk-block-heading--v2 stk-block stk-jkz6vos\" id=\"sie-befinden-sich-auf-der-webseite-des-herstellers\" data-block-id=\"jkz6vos\"><style>@media screen and (max-width:689px){.stk-jkz6vos .stk-block-heading__text{font-size:25px !important}}<\/style><h2 class=\"stk-block-heading__text has-text-align-center has-text-align-center-mobile\">Sie befinden sich auf der Webseite des Herstellers<\/h2><\/div>\n\n\n\n<div class=\"wp-block-columns is-layout-flex wp-container-core-columns-is-layout-28f84493 wp-block-columns-is-layout-flex\">\n<div class=\"wp-block-column is-layout-flow wp-block-column-is-layout-flow\">\n<div class=\"wp-block-stackable-text stk-block-text stk-block stk-tooygxs\" data-block-id=\"tooygxs\"><p class=\"stk-block-text__text has-text-align-center has-text-align-center-mobile\">WILLKOMMEN BEI NATURALSOAP.LV<br>Unsere Produkte enthalten nur hochwertige Inhaltsstoffe, darunter die besten \u00e4therischen \u00d6le, Kr\u00e4uter und nativen Pflanzen\u00f6le, um ausgewogene und n\u00e4hrende Formulierungen zu schaffen, die Ihre Haut n\u00e4hren und n\u00e4hren.<\/p><\/div>\n<\/div>\n<\/div>\n\n\n\n<div class=\"wp-block-stackable-spacer stk-block-spacer stk--no-padding stk-block stk-zo9ev8o\" data-block-id=\"zo9ev8o\"><style>.stk-zo9ev8o{height:100px !important}@media screen and (max-width:999px){.stk-zo9ev8o{height:80px !important}}@media screen and (max-width:689px){.stk-zo9ev8o{height:50px !important}}<\/style><\/div>","protected":false},"excerpt":{"rendered":"<p>Sie befinden sich auf der Webseite des Herstellers WILLKOMMEN BEI NATURALSOAP.LVUnsere Produkte enthalten nur hochwertige Inhaltsstoffe, darunter die besten \u00e4therischen \u00d6le, Kr\u00e4uter und nativen Pflanzen\u00f6le, um ausgewogene und n\u00e4hrende Formulierungen zu schaffen, die Ihre Haut n\u00e4hren und n\u00e4hren.<\/p>\n","protected":false},"author":1,"featured_media":0,"parent":0,"menu_order":0,"comment_status":"closed","ping_status":"closed","template":"","meta":{"footnotes":""},"class_list":["post-628","page","type-page","status-publish","hentry"],"blocksy_meta":{"styles_descriptor":{"styles":{"desktop":"","tablet":"","mobile":""},"google_fonts":[],"version":6},"has_hero_section":"disabled"},"yoast_head":"<!-- This site is optimized with the Yoast SEO Premium plugin v22.6 (Yoast SEO v27.3) - https:\/\/yoast.com\/product\/yoast-seo-premium-wordpress\/ -->\n<title>\u00dcber uns - NATURAL SOAP<\/title>\n<meta name=\"robots\" content=\"index, follow, max-snippet:-1, max-image-preview:large, max-video-preview:-1\" \/>\n<link rel=\"canonical\" href=\"https:\/\/naturalsoap.lv\/lv\/about-us\/\" \/>\n<meta property=\"og:locale\" content=\"de_DE\" \/>\n<meta property=\"og:type\" content=\"article\" \/>\n<meta property=\"og:title\" content=\"[:lv]Par mums[:en]About Us[:de]\u00dcber uns[:ru]\u041e \u043d\u0430\u0441[:]\" \/>\n<meta property=\"og:description\" content=\"Sie befinden sich auf der Webseite des Herstellers WILLKOMMEN BEI NATURALSOAP.LVUnsere Produkte enthalten nur hochwertige Inhaltsstoffe, darunter die besten \u00e4therischen \u00d6le, Kr\u00e4uter und nativen Pflanzen\u00f6le, um ausgewogene und n\u00e4hrende Formulierungen zu schaffen, die Ihre Haut n\u00e4hren und n\u00e4hren.\" \/>\n<meta property=\"og:url\" content=\"https:\/\/naturalsoap.lv\/lv\/about-us\/\" \/>\n<meta property=\"og:site_name\" content=\"NATURAL SOAP\" \/>\n<meta property=\"article:modified_time\" content=\"2024-07-24T10:37:43+00:00\" \/>\n<meta property=\"og:image\" content=\"https:\/\/naturalsoap.lv\/wp-content\/uploads\/2024\/06\/Scrubs.jpg\" \/>\n<meta name=\"twitter:card\" content=\"summary_large_image\" \/>\n<meta name=\"twitter:label1\" content=\"Gesch\u00e4tzte Lesezeit\" \/>\n\t<meta name=\"twitter:data1\" content=\"1\u00a0Minute\" \/>\n<script type=\"application\/ld+json\" class=\"yoast-schema-graph\">{\"@context\":\"https:\\\/\\\/schema.org\",\"@graph\":[{\"@type\":\"WebPage\",\"@id\":\"https:\\\/\\\/naturalsoap.lv\\\/lv\\\/about-us\\\/\",\"url\":\"https:\\\/\\\/naturalsoap.lv\\\/lv\\\/about-us\\\/\",\"name\":\"[:lv]Par mums[:en]About Us[:de]\u00dcber uns[:ru]\u041e \u043d\u0430\u0441[:] - NATURAL SOAP\",\"isPartOf\":{\"@id\":\"https:\\\/\\\/naturalsoap.lv\\\/en\\\/#website\"},\"primaryImageOfPage\":{\"@id\":\"https:\\\/\\\/naturalsoap.lv\\\/lv\\\/about-us\\\/#primaryimage\"},\"image\":{\"@id\":\"https:\\\/\\\/naturalsoap.lv\\\/lv\\\/about-us\\\/#primaryimage\"},\"thumbnailUrl\":\"https:\\\/\\\/naturalsoap.lv\\\/wp-content\\\/uploads\\\/2024\\\/06\\\/Scrubs.jpg\",\"datePublished\":\"2022-01-19T09:40:52+00:00\",\"dateModified\":\"2024-07-24T10:37:43+00:00\",\"breadcrumb\":{\"@id\":\"https:\\\/\\\/naturalsoap.lv\\\/lv\\\/about-us\\\/#breadcrumb\"},\"inLanguage\":\"de\",\"potentialAction\":[{\"@type\":\"ReadAction\",\"target\":[\"https:\\\/\\\/naturalsoap.lv\\\/lv\\\/about-us\\\/\"]}]},{\"@type\":\"ImageObject\",\"inLanguage\":\"de\",\"@id\":\"https:\\\/\\\/naturalsoap.lv\\\/lv\\\/about-us\\\/#primaryimage\",\"url\":\"https:\\\/\\\/naturalsoap.lv\\\/wp-content\\\/uploads\\\/2024\\\/06\\\/Scrubs.jpg\",\"contentUrl\":\"https:\\\/\\\/naturalsoap.lv\\\/wp-content\\\/uploads\\\/2024\\\/06\\\/Scrubs.jpg\"},{\"@type\":\"BreadcrumbList\",\"@id\":\"https:\\\/\\\/naturalsoap.lv\\\/lv\\\/about-us\\\/#breadcrumb\",\"itemListElement\":[{\"@type\":\"ListItem\",\"position\":1,\"name\":\"Home\",\"item\":\"https:\\\/\\\/naturalsoap.lv\\\/en\\\/\"},{\"@type\":\"ListItem\",\"position\":2,\"name\":\"Par mums\"}]},{\"@type\":\"WebSite\",\"@id\":\"https:\\\/\\\/naturalsoap.lv\\\/en\\\/#website\",\"url\":\"https:\\\/\\\/naturalsoap.lv\\\/en\\\/\",\"name\":\"NATURAL SOAP\",\"description\":\"Handgefertigte Bade- und Duschkosmetik.\",\"publisher\":{\"@id\":\"https:\\\/\\\/naturalsoap.lv\\\/en\\\/#organization\"},\"potentialAction\":[{\"@type\":\"SearchAction\",\"target\":{\"@type\":\"EntryPoint\",\"urlTemplate\":\"https:\\\/\\\/naturalsoap.lv\\\/en\\\/?s={search_term_string}\"},\"query-input\":{\"@type\":\"PropertyValueSpecification\",\"valueRequired\":true,\"valueName\":\"search_term_string\"}}],\"inLanguage\":\"de\"},{\"@type\":\"Organization\",\"@id\":\"https:\\\/\\\/naturalsoap.lv\\\/en\\\/#organization\",\"name\":\"NATURAL SOAP\",\"url\":\"https:\\\/\\\/naturalsoap.lv\\\/en\\\/\",\"logo\":{\"@type\":\"ImageObject\",\"inLanguage\":\"de\",\"@id\":\"https:\\\/\\\/naturalsoap.lv\\\/en\\\/#\\\/schema\\\/logo\\\/image\\\/\",\"url\":\"https:\\\/\\\/naturalsoap.lv\\\/wp-content\\\/uploads\\\/2024\\\/05\\\/Logo.svg\",\"contentUrl\":\"https:\\\/\\\/naturalsoap.lv\\\/wp-content\\\/uploads\\\/2024\\\/05\\\/Logo.svg\",\"width\":125,\"height\":34,\"caption\":\"NATURAL SOAP\"},\"image\":{\"@id\":\"https:\\\/\\\/naturalsoap.lv\\\/en\\\/#\\\/schema\\\/logo\\\/image\\\/\"}}]}<\/script>\n<!-- \/ Yoast SEO Premium plugin. -->","yoast_head_json":{"title":"[:lv]Par mums[:en]About Us[:de]\u00dcber uns[:ru]\u041e \u043d\u0430\u0441[:] - NATURAL SOAP","robots":{"index":"index","follow":"follow","max-snippet":"max-snippet:-1","max-image-preview":"max-image-preview:large","max-video-preview":"max-video-preview:-1"},"canonical":"https:\/\/naturalsoap.lv\/lv\/about-us\/","og_locale":"de_DE","og_type":"article","og_title":"[:lv]Par mums[:en]About Us[:de]\u00dcber uns[:ru]\u041e \u043d\u0430\u0441[:]","og_description":"Sie befinden sich auf der Webseite des Herstellers WILLKOMMEN BEI NATURALSOAP.LVUnsere Produkte enthalten nur hochwertige Inhaltsstoffe, darunter die besten \u00e4therischen \u00d6le, Kr\u00e4uter und nativen Pflanzen\u00f6le, um ausgewogene und n\u00e4hrende Formulierungen zu schaffen, die Ihre Haut n\u00e4hren und n\u00e4hren.","og_url":"https:\/\/naturalsoap.lv\/lv\/about-us\/","og_site_name":"NATURAL SOAP","article_modified_time":"2024-07-24T10:37:43+00:00","og_image":[{"url":"https:\/\/naturalsoap.lv\/wp-content\/uploads\/2024\/06\/Scrubs.jpg","type":"","width":"","height":""}],"twitter_card":"summary_large_image","twitter_misc":{"Gesch\u00e4tzte Lesezeit":"1\u00a0Minute"},"schema":{"@context":"https:\/\/schema.org","@graph":[{"@type":"WebPage","@id":"https:\/\/naturalsoap.lv\/lv\/about-us\/","url":"https:\/\/naturalsoap.lv\/lv\/about-us\/","name":"[:lv]Par mums[:en]About Us[:de]\u00dcber uns[:ru]\u041e \u043d\u0430\u0441[:] - NATURAL SOAP","isPartOf":{"@id":"https:\/\/naturalsoap.lv\/en\/#website"},"primaryImageOfPage":{"@id":"https:\/\/naturalsoap.lv\/lv\/about-us\/#primaryimage"},"image":{"@id":"https:\/\/naturalsoap.lv\/lv\/about-us\/#primaryimage"},"thumbnailUrl":"https:\/\/naturalsoap.lv\/wp-content\/uploads\/2024\/06\/Scrubs.jpg","datePublished":"2022-01-19T09:40:52+00:00","dateModified":"2024-07-24T10:37:43+00:00","breadcrumb":{"@id":"https:\/\/naturalsoap.lv\/lv\/about-us\/#breadcrumb"},"inLanguage":"de","potentialAction":[{"@type":"ReadAction","target":["https:\/\/naturalsoap.lv\/lv\/about-us\/"]}]},{"@type":"ImageObject","inLanguage":"de","@id":"https:\/\/naturalsoap.lv\/lv\/about-us\/#primaryimage","url":"https:\/\/naturalsoap.lv\/wp-content\/uploads\/2024\/06\/Scrubs.jpg","contentUrl":"https:\/\/naturalsoap.lv\/wp-content\/uploads\/2024\/06\/Scrubs.jpg"},{"@type":"BreadcrumbList","@id":"https:\/\/naturalsoap.lv\/lv\/about-us\/#breadcrumb","itemListElement":[{"@type":"ListItem","position":1,"name":"Home","item":"https:\/\/naturalsoap.lv\/en\/"},{"@type":"ListItem","position":2,"name":"Par mums"}]},{"@type":"WebSite","@id":"https:\/\/naturalsoap.lv\/en\/#website","url":"https:\/\/naturalsoap.lv\/en\/","name":"NATURAL SOAP","description":"Handgefertigte Bade- und Duschkosmetik.","publisher":{"@id":"https:\/\/naturalsoap.lv\/en\/#organization"},"potentialAction":[{"@type":"SearchAction","target":{"@type":"EntryPoint","urlTemplate":"https:\/\/naturalsoap.lv\/en\/?s={search_term_string}"},"query-input":{"@type":"PropertyValueSpecification","valueRequired":true,"valueName":"search_term_string"}}],"inLanguage":"de"},{"@type":"Organization","@id":"https:\/\/naturalsoap.lv\/en\/#organization","name":"NATURAL SOAP","url":"https:\/\/naturalsoap.lv\/en\/","logo":{"@type":"ImageObject","inLanguage":"de","@id":"https:\/\/naturalsoap.lv\/en\/#\/schema\/logo\/image\/","url":"https:\/\/naturalsoap.lv\/wp-content\/uploads\/2024\/05\/Logo.svg","contentUrl":"https:\/\/naturalsoap.lv\/wp-content\/uploads\/2024\/05\/Logo.svg","width":125,"height":34,"caption":"NATURAL SOAP"},"image":{"@id":"https:\/\/naturalsoap.lv\/en\/#\/schema\/logo\/image\/"}}]}},"_links":{"self":[{"href":"https:\/\/naturalsoap.lv\/de\/wp-json\/wp\/v2\/pages\/628","targetHints":{"allow":["GET"]}}],"collection":[{"href":"https:\/\/naturalsoap.lv\/de\/wp-json\/wp\/v2\/pages"}],"about":[{"href":"https:\/\/naturalsoap.lv\/de\/wp-json\/wp\/v2\/types\/page"}],"author":[{"embeddable":true,"href":"https:\/\/naturalsoap.lv\/de\/wp-json\/wp\/v2\/users\/1"}],"replies":[{"embeddable":true,"href":"https:\/\/naturalsoap.lv\/de\/wp-json\/wp\/v2\/comments?post=628"}],"version-history":[{"count":18,"href":"https:\/\/naturalsoap.lv\/de\/wp-json\/wp\/v2\/pages\/628\/revisions"}],"predecessor-version":[{"id":16104,"href":"https:\/\/naturalsoap.lv\/de\/wp-json\/wp\/v2\/pages\/628\/revisions\/16104"}],"wp:attachment":[{"href":"https:\/\/naturalsoap.lv\/de\/wp-json\/wp\/v2\/media?parent=628"}],"curies":[{"name":"wp","href":"https:\/\/api.w.org\/{rel}","templated":true}]}}