{"id":15644,"date":"2024-06-03T10:54:53","date_gmt":"2024-06-03T10:54:53","guid":{"rendered":"https:\/\/321.optimum.lv\/?page_id=15644"},"modified":"2024-06-03T10:55:17","modified_gmt":"2024-06-03T10:55:17","slug":"delivery","status":"publish","type":"page","link":"https:\/\/naturalsoap.lv\/de\/delivery\/","title":{"rendered":"Lieferung"},"content":{"rendered":"<p><strong>Versandkosten und Richtlinien<\/strong><\/p>\n<ol>\n<li>Internationale Bestellungen. Das weltweite Porto wird live nach Gewicht an der Kasse berechnet.<\/li>\n<li>Internationales Paket mit Sendungsverfolgung \u2013 EU 3\u20137 Tage \u2013 Au\u00dferhalb der EU 4\u201310 Tage.<\/li>\n<li>Sie k\u00f6nnen die Bestellung in einem Firmengesch\u00e4ft NATURE in Daugavpils, LETTLAND, in Alejas iela 73, Daugavpils, LV-5401, Latvija, abholen. t.+371 65420843<\/li>\n<li>Sie k\u00f6nnen die Lieferung selbst organisieren.<\/li>\n<li>Wenn Sie Fragen zu den Versandkosten haben, wenden Sie sich bitte an info@gartda.lv<\/li>\n<\/ol>\n<p><\/p>","protected":false},"excerpt":{"rendered":"<p>Versandkosten und Richtlinien Internationale Bestellungen. Das weltweite Porto wird live nach Gewicht an der Kasse berechnet. Internationales Paket mit Sendungsverfolgung \u2013 EU 3\u20137 Tage \u2013 Au\u00dferhalb der EU 4\u201310 Tage. Sie k\u00f6nnen die Bestellung in einem Firmengesch\u00e4ft NATURE in Daugavpils, LETTLAND, in Alejas iela 73, Daugavpils, LV-5401, Latvija, abholen. t.+371 65420843 Sie k\u00f6nnen die Lieferung [&hellip;]<\/p>\n","protected":false},"author":1,"featured_media":0,"parent":0,"menu_order":0,"comment_status":"closed","ping_status":"closed","template":"","meta":{"footnotes":""},"class_list":["post-15644","page","type-page","status-publish","hentry"],"blocksy_meta":[],"yoast_head":"<!-- This site is optimized with the Yoast SEO Premium plugin v22.6 (Yoast SEO v27.3) - https:\/\/yoast.com\/product\/yoast-seo-premium-wordpress\/ -->\n<title>Lieferung - NATURAL SOAP<\/title>\n<meta name=\"robots\" content=\"index, follow, max-snippet:-1, max-image-preview:large, max-video-preview:-1\" \/>\n<link rel=\"canonical\" href=\"https:\/\/naturalsoap.lv\/de\/delivery\/\" \/>\n<meta property=\"og:locale\" content=\"de_DE\" \/>\n<meta property=\"og:type\" content=\"article\" \/>\n<meta property=\"og:title\" content=\"[:lv]Pieg\u0101des noteikumi[:en]Delivery[:de]Lieferung[:ru]\u0414\u043e\u0441\u0442\u0430\u0432\u043a\u0430[:]\" \/>\n<meta property=\"og:description\" content=\"Versandkosten und Richtlinien Internationale Bestellungen. Das weltweite Porto wird live nach Gewicht an der Kasse berechnet. Internationales Paket mit Sendungsverfolgung \u2013 EU 3\u20137 Tage \u2013 Au\u00dferhalb der EU 4\u201310 Tage. Sie k\u00f6nnen die Bestellung in einem Firmengesch\u00e4ft NATURE in Daugavpils, LETTLAND, in Alejas iela 73, Daugavpils, LV-5401, Latvija, abholen. t.+371 65420843 Sie k\u00f6nnen die Lieferung [&hellip;]\" \/>\n<meta property=\"og:url\" content=\"https:\/\/naturalsoap.lv\/de\/delivery\/\" \/>\n<meta property=\"og:site_name\" content=\"NATURAL SOAP\" \/>\n<meta property=\"article:modified_time\" content=\"2024-06-03T10:55:17+00:00\" \/>\n<meta name=\"twitter:card\" content=\"summary_large_image\" \/>\n<meta name=\"twitter:label1\" content=\"Gesch\u00e4tzte Lesezeit\" \/>\n\t<meta name=\"twitter:data1\" content=\"1\u00a0Minute\" \/>\n<script type=\"application\/ld+json\" class=\"yoast-schema-graph\">{\"@context\":\"https:\\\/\\\/schema.org\",\"@graph\":[{\"@type\":\"WebPage\",\"@id\":\"https:\\\/\\\/naturalsoap.lv\\\/de\\\/delivery\\\/\",\"url\":\"https:\\\/\\\/naturalsoap.lv\\\/de\\\/delivery\\\/\",\"name\":\"[:lv]Pieg\u0101des noteikumi[:en]Delivery[:de]Lieferung[:ru]\u0414\u043e\u0441\u0442\u0430\u0432\u043a\u0430[:] - NATURAL SOAP\",\"isPartOf\":{\"@id\":\"https:\\\/\\\/naturalsoap.lv\\\/en\\\/#website\"},\"datePublished\":\"2024-06-03T10:54:53+00:00\",\"dateModified\":\"2024-06-03T10:55:17+00:00\",\"breadcrumb\":{\"@id\":\"https:\\\/\\\/naturalsoap.lv\\\/de\\\/delivery\\\/#breadcrumb\"},\"inLanguage\":\"de\",\"potentialAction\":[{\"@type\":\"ReadAction\",\"target\":[\"https:\\\/\\\/naturalsoap.lv\\\/de\\\/delivery\\\/\"]}]},{\"@type\":\"BreadcrumbList\",\"@id\":\"https:\\\/\\\/naturalsoap.lv\\\/de\\\/delivery\\\/#breadcrumb\",\"itemListElement\":[{\"@type\":\"ListItem\",\"position\":1,\"name\":\"Home\",\"item\":\"https:\\\/\\\/naturalsoap.lv\\\/en\\\/\"},{\"@type\":\"ListItem\",\"position\":2,\"name\":\"Lieferung\"}]},{\"@type\":\"WebSite\",\"@id\":\"https:\\\/\\\/naturalsoap.lv\\\/en\\\/#website\",\"url\":\"https:\\\/\\\/naturalsoap.lv\\\/en\\\/\",\"name\":\"NATURAL SOAP\",\"description\":\"Handgefertigte Bade- und Duschkosmetik.\",\"publisher\":{\"@id\":\"https:\\\/\\\/naturalsoap.lv\\\/en\\\/#organization\"},\"potentialAction\":[{\"@type\":\"SearchAction\",\"target\":{\"@type\":\"EntryPoint\",\"urlTemplate\":\"https:\\\/\\\/naturalsoap.lv\\\/en\\\/?s={search_term_string}\"},\"query-input\":{\"@type\":\"PropertyValueSpecification\",\"valueRequired\":true,\"valueName\":\"search_term_string\"}}],\"inLanguage\":\"de\"},{\"@type\":\"Organization\",\"@id\":\"https:\\\/\\\/naturalsoap.lv\\\/en\\\/#organization\",\"name\":\"NATURAL SOAP\",\"url\":\"https:\\\/\\\/naturalsoap.lv\\\/en\\\/\",\"logo\":{\"@type\":\"ImageObject\",\"inLanguage\":\"de\",\"@id\":\"https:\\\/\\\/naturalsoap.lv\\\/en\\\/#\\\/schema\\\/logo\\\/image\\\/\",\"url\":\"https:\\\/\\\/naturalsoap.lv\\\/wp-content\\\/uploads\\\/2024\\\/05\\\/Logo.svg\",\"contentUrl\":\"https:\\\/\\\/naturalsoap.lv\\\/wp-content\\\/uploads\\\/2024\\\/05\\\/Logo.svg\",\"width\":125,\"height\":34,\"caption\":\"NATURAL SOAP\"},\"image\":{\"@id\":\"https:\\\/\\\/naturalsoap.lv\\\/en\\\/#\\\/schema\\\/logo\\\/image\\\/\"}}]}<\/script>\n<!-- \/ Yoast SEO Premium plugin. -->","yoast_head_json":{"title":"[:lv]Pieg\u0101des noteikumi[:en]Delivery[:de]Lieferung[:ru]\u0414\u043e\u0441\u0442\u0430\u0432\u043a\u0430[:] - NATURAL SOAP","robots":{"index":"index","follow":"follow","max-snippet":"max-snippet:-1","max-image-preview":"max-image-preview:large","max-video-preview":"max-video-preview:-1"},"canonical":"https:\/\/naturalsoap.lv\/de\/delivery\/","og_locale":"de_DE","og_type":"article","og_title":"[:lv]Pieg\u0101des noteikumi[:en]Delivery[:de]Lieferung[:ru]\u0414\u043e\u0441\u0442\u0430\u0432\u043a\u0430[:]","og_description":"Versandkosten und Richtlinien Internationale Bestellungen. Das weltweite Porto wird live nach Gewicht an der Kasse berechnet. Internationales Paket mit Sendungsverfolgung \u2013 EU 3\u20137 Tage \u2013 Au\u00dferhalb der EU 4\u201310 Tage. Sie k\u00f6nnen die Bestellung in einem Firmengesch\u00e4ft NATURE in Daugavpils, LETTLAND, in Alejas iela 73, Daugavpils, LV-5401, Latvija, abholen. t.+371 65420843 Sie k\u00f6nnen die Lieferung [&hellip;]","og_url":"https:\/\/naturalsoap.lv\/de\/delivery\/","og_site_name":"NATURAL SOAP","article_modified_time":"2024-06-03T10:55:17+00:00","twitter_card":"summary_large_image","twitter_misc":{"Gesch\u00e4tzte Lesezeit":"1\u00a0Minute"},"schema":{"@context":"https:\/\/schema.org","@graph":[{"@type":"WebPage","@id":"https:\/\/naturalsoap.lv\/de\/delivery\/","url":"https:\/\/naturalsoap.lv\/de\/delivery\/","name":"[:lv]Pieg\u0101des noteikumi[:en]Delivery[:de]Lieferung[:ru]\u0414\u043e\u0441\u0442\u0430\u0432\u043a\u0430[:] - NATURAL SOAP","isPartOf":{"@id":"https:\/\/naturalsoap.lv\/en\/#website"},"datePublished":"2024-06-03T10:54:53+00:00","dateModified":"2024-06-03T10:55:17+00:00","breadcrumb":{"@id":"https:\/\/naturalsoap.lv\/de\/delivery\/#breadcrumb"},"inLanguage":"de","potentialAction":[{"@type":"ReadAction","target":["https:\/\/naturalsoap.lv\/de\/delivery\/"]}]},{"@type":"BreadcrumbList","@id":"https:\/\/naturalsoap.lv\/de\/delivery\/#breadcrumb","itemListElement":[{"@type":"ListItem","position":1,"name":"Home","item":"https:\/\/naturalsoap.lv\/en\/"},{"@type":"ListItem","position":2,"name":"Lieferung"}]},{"@type":"WebSite","@id":"https:\/\/naturalsoap.lv\/en\/#website","url":"https:\/\/naturalsoap.lv\/en\/","name":"NATURAL SOAP","description":"Handgefertigte Bade- und Duschkosmetik.","publisher":{"@id":"https:\/\/naturalsoap.lv\/en\/#organization"},"potentialAction":[{"@type":"SearchAction","target":{"@type":"EntryPoint","urlTemplate":"https:\/\/naturalsoap.lv\/en\/?s={search_term_string}"},"query-input":{"@type":"PropertyValueSpecification","valueRequired":true,"valueName":"search_term_string"}}],"inLanguage":"de"},{"@type":"Organization","@id":"https:\/\/naturalsoap.lv\/en\/#organization","name":"NATURAL SOAP","url":"https:\/\/naturalsoap.lv\/en\/","logo":{"@type":"ImageObject","inLanguage":"de","@id":"https:\/\/naturalsoap.lv\/en\/#\/schema\/logo\/image\/","url":"https:\/\/naturalsoap.lv\/wp-content\/uploads\/2024\/05\/Logo.svg","contentUrl":"https:\/\/naturalsoap.lv\/wp-content\/uploads\/2024\/05\/Logo.svg","width":125,"height":34,"caption":"NATURAL SOAP"},"image":{"@id":"https:\/\/naturalsoap.lv\/en\/#\/schema\/logo\/image\/"}}]}},"_links":{"self":[{"href":"https:\/\/naturalsoap.lv\/de\/wp-json\/wp\/v2\/pages\/15644","targetHints":{"allow":["GET"]}}],"collection":[{"href":"https:\/\/naturalsoap.lv\/de\/wp-json\/wp\/v2\/pages"}],"about":[{"href":"https:\/\/naturalsoap.lv\/de\/wp-json\/wp\/v2\/types\/page"}],"author":[{"embeddable":true,"href":"https:\/\/naturalsoap.lv\/de\/wp-json\/wp\/v2\/users\/1"}],"replies":[{"embeddable":true,"href":"https:\/\/naturalsoap.lv\/de\/wp-json\/wp\/v2\/comments?post=15644"}],"version-history":[{"count":1,"href":"https:\/\/naturalsoap.lv\/de\/wp-json\/wp\/v2\/pages\/15644\/revisions"}],"predecessor-version":[{"id":15646,"href":"https:\/\/naturalsoap.lv\/de\/wp-json\/wp\/v2\/pages\/15644\/revisions\/15646"}],"wp:attachment":[{"href":"https:\/\/naturalsoap.lv\/de\/wp-json\/wp\/v2\/media?parent=15644"}],"curies":[{"name":"wp","href":"https:\/\/api.w.org\/{rel}","templated":true}]}}